{"id":1692,"date":"2024-12-10T23:43:59","date_gmt":"2024-12-10T23:43:59","guid":{"rendered":"https:\/\/beuhparadis.com\/?post_type=product&#038;p=1692"},"modified":"2025-01-28T10:39:51","modified_gmt":"2025-01-28T10:39:51","slug":"the-ten-co-wagyu","status":"publish","type":"product","link":"https:\/\/beuhparadis.com\/sk\/product\/the-ten-co-wagyu\/","title":{"rendered":"The Ten.Co | Wagyu"},"content":{"rendered":"<h1 class=\"wp-block-heading\">K\u00fapi\u0165 Tenco Wagyu<\/h1>\n<h4 class=\"wp-block-heading\">Inform\u00e1cie o kmeni Tenco Wagyu<\/h4>\n<p>K\u00fapi\u0165 Tenco Wagyu je vyv\u00e1\u017een\u00fd hybridn\u00fd kme\u0148 zn\u00e1my svojou dokonalou rovnov\u00e1hou 50% sativa a 50% indica. Starostlivo pestovan\u00fd kme\u0148 tenco wagyu je odvoden\u00fd z genetick\u00e9ho kr\u00ed\u017eenia zatia\u013e nezn\u00e1mych rodi\u010dovsk\u00fdch kme\u0148ov, \u010do evokuje bohat\u00fa chu\u0165 a silu sl\u00e1vnych hybridov Gelato 41.<\/p>\n<ul class=\"wp-block-list\">\n<li><strong>Genetika<\/strong>Kr\u00ed\u017eenie nezn\u00e1mych rodi\u010dovsk\u00fdch odr\u00f4d, typick\u00e9 pre kme\u0148 wagyu tenco.<\/li>\n<li><strong>Pomer sativa\/indica<\/strong>50\/50, vyv\u00e1\u017een\u00e1 charakteristika kme\u0148a wagyu tenco.<\/li>\n<li><strong>THC<\/strong>19%, v\u010faka \u010domu je tenco wagyu ide\u00e1lnou vo\u013ebou pre sk\u00fasen\u00fdch u\u017e\u00edvate\u013eov, ktor\u00ed h\u013eadaj\u00fa siln\u00e9 \u00fa\u010dinky.<\/li>\n<li><strong>V\u00fdroba<\/strong>Wagyu: Wagyu sa pestuje v optim\u00e1lnych podmienkach, ktor\u00e9 zaru\u010duj\u00fa najlep\u0161iu kvalitu a silu.<\/li>\n<\/ul>\n<h2 class=\"wp-block-heading\">THC a CBD<\/h2>\n<ul class=\"wp-block-list\">\n<li><strong>THC<\/strong>19% v tenco wagyu, \u010do zaru\u010duje siln\u00fd a uspokojiv\u00fd z\u00e1\u017eitok.<\/li>\n<li><strong>CBD<\/strong>N\u00edzka, zd\u00f4raz\u0148uj\u00faca psychoakt\u00edvne \u00fa\u010dinky kme\u0148a wagyu tenco.<\/li>\n<\/ul>\n<h2 class=\"wp-block-heading\">Kde si m\u00f4\u017eem k\u00fapi\u0165 Tenco Wagyu online?<\/h2>\n<p>Tenco wagyu je k dispoz\u00edcii online na str\u00e1nkach ako napr.<a href=\"https:\/\/beuhparadis.com\/sk\/product\/bubble-hash\/\" data-type=\"link\" data-id=\"https:\/\/acheterducannabis.fr\/\">Beuhparadis<\/a>Tento vysokokvalitn\u00fd kme\u0148 m\u00f4\u017eete z\u00edska\u0165 za v\u00fdhodn\u00fa cenu.<\/p>\n<h2 class=\"wp-block-heading\">\u00da\u010dinky, v\u00f4\u0148a a chu\u0165 kme\u0148a Wagyu Tenco<\/h2>\n<h3 class=\"wp-block-heading\">\u00da\u010dinok<\/h3>\n<ul class=\"wp-block-list\">\n<li>Tenco wagyu poskytuje pocity mrav\u010denia, ospalosti a uvo\u013enenia, \u010do nazna\u010duje siln\u00fd sedat\u00edvny potenci\u00e1l.<\/li>\n<\/ul>\n<h3 class=\"wp-block-heading\">Ar\u00f3ma<\/h3>\n<ul class=\"wp-block-list\">\n<li>Kme\u0148 wagyu tenco m\u00e1 v\u00f4\u0148u marh\u00fa\u013e a ga\u0161tanov s v\u00fdrazn\u00fdm n\u00e1dychom k\u00e1vy.<\/li>\n<\/ul>\n<h3 class=\"wp-block-heading\">Chu\u0165<\/h3>\n<ul class=\"wp-block-list\">\n<li>Bohat\u00e1 chu\u0165 kme\u0148a wagyu tenco s t\u00f3nmi marh\u00fa\u013e, ga\u0161tanov a k\u00e1vy.<\/li>\n<\/ul>\n<h2 class=\"wp-block-heading\">Zdravotn\u00e9 \u00fa\u010dinky Wagyu Tenco<\/h2>\n<ul class=\"wp-block-list\">\n<li><strong>Zdravotn\u00e9 \u00fa\u010dinky<\/strong>:\n<ul class=\"wp-block-list\">\n<li>Kme\u0148 Wagyu tenco je zn\u00e1my svoj\u00edm potenci\u00e1lom pri lie\u010dbe \u00fazkosti, depresie a bipol\u00e1rnej poruchy.<\/li>\n<\/ul>\n<\/li>\n<li><strong>M\u00f4\u017ee zmierni\u0165<\/strong>:\n<ul class=\"wp-block-list\">\n<li>\u00dazkos\u0165, depresia a bipol\u00e1rna porucha, ktor\u00e9 \u010dasto spom\u00ednaj\u00fa u\u017e\u00edvatelia tenco wagyu.<\/li>\n<\/ul>\n<\/li>\n<\/ul>\n<h2 class=\"wp-block-heading\">Pre\u010do si k\u00fapi\u0165 Wagyu Tenco od Acheterducannabis?<\/h2>\n<p>N\u00e1kup tenco wagyu na Acheterducannabis zaru\u010duje spotrebite\u013eom autentick\u00fd kme\u0148 s kontrolovanou kvalitou za konkurencieschopn\u00fa cenu.<\/p>\n<h2 class=\"wp-block-heading\">Vl\u00e1dne pr\u00e1vne predpisy pre predaj kme\u0148a Wagyu Tenco v Eur\u00f3pe<\/h2>\n<p>Predaj kme\u0148a wagyu tenco v Eur\u00f3pe je pr\u00edsne regulovan\u00fd. Spolo\u010dnos\u0165 Acheterducannabis sa zav\u00e4zuje dodr\u017eiava\u0165 v\u0161etky z\u00e1kony, aby zabezpe\u010dila bezpe\u010dn\u00fd a leg\u00e1lny predaj kme\u0148a wagyu tenco.<\/p>\n<p>Tenco Wagyu je kme\u0148, ktor\u00fd s\u013eubuje v\u00fdnimo\u010dn\u00fd z\u00e1\u017eitok z pitia s obsahom THC 19%, \u010do zaru\u010duje silu a spokojnos\u0165. Kme\u0148 Tenco Wagyu s hlbokou chu\u0165ou a relaxa\u010dn\u00fdmi \u00fa\u010dinkami je ide\u00e1lny na upokojuj\u00face ukon\u010denie d\u0148a alebo na relaxa\u010dn\u00fd v\u00edkend. K dispoz\u00edcii v spolo\u010dnosti Acheterducannabis, tenco <a href=\"https:\/\/www.leafly.com\/strains\/wagyu\" data-type=\"link\" data-id=\"https:\/\/www.leafly.com\/strains\/wagyu\">wagyu<\/a> sa r\u00fdchlo stala popul\u00e1rnou odrodou medzi znalcami a t\u00fdmi, ktor\u00ed chc\u00fa experimentova\u0165 s jedine\u010dn\u00fdmi, siln\u00fdmi odrodami.<\/p>","protected":false},"excerpt":{"rendered":"<p><strong>Zdravotn\u00e9 \u00fa\u010dinky<\/strong>:<\/p>\n<p>Kme\u0148 Wagyu tenco je zn\u00e1my svoj\u00edm potenci\u00e1lom pri lie\u010dbe \u00fazkosti, depresie a bipol\u00e1rnej poruchy.<\/p>","protected":false},"featured_media":1719,"comment_status":"closed","ping_status":"closed","template":"","meta":{"site-sidebar-layout":"default","site-content-layout":"","ast-site-content-layout":"default","site-content-style":"default","site-sidebar-style":"default","ast-global-header-display":"","ast-banner-title-visibility":"","ast-main-header-display":"","ast-hfb-above-header-display":"","ast-hfb-below-header-display":"","ast-hfb-mobile-header-display":"","site-post-title":"","ast-breadcrumbs-content":"","ast-featured-img":"","footer-sml-layout":"","theme-transparent-header-meta":"default","adv-header-id-meta":"","stick-header-meta":"","header-above-stick-meta":"","header-main-stick-meta":"","header-below-stick-meta":"","astra-migrate-meta-layouts":"set","ast-page-background-enabled":"default","ast-page-background-meta":{"desktop":{"background-color":"","background-image":"","background-repeat":"repeat","background-position":"center center","background-size":"auto","background-attachment":"scroll","background-type":"","background-media":"","overlay-type":"","overlay-color":"","overlay-opacity":"","overlay-gradient":""},"tablet":{"background-color":"","background-image":"","background-repeat":"repeat","background-position":"center center","background-size":"auto","background-attachment":"scroll","background-type":"","background-media":"","overlay-type":"","overlay-color":"","overlay-opacity":"","overlay-gradient":""},"mobile":{"background-color":"","background-image":"","background-repeat":"repeat","background-position":"center center","background-size":"auto","background-attachment":"scroll","background-type":"","background-media":"","overlay-type":"","overlay-color":"","overlay-opacity":"","overlay-gradient":""}},"ast-content-background-meta":{"desktop":{"background-color":"var(--ast-global-color-5)","background-image":"","background-repeat":"repeat","background-position":"center center","background-size":"auto","background-attachment":"scroll","background-type":"","background-media":"","overlay-type":"","overlay-color":"","overlay-opacity":"","overlay-gradient":""},"tablet":{"background-color":"var(--ast-global-color-5)","background-image":"","background-repeat":"repeat","background-position":"center center","background-size":"auto","background-attachment":"scroll","background-type":"","background-media":"","overlay-type":"","overlay-color":"","overlay-opacity":"","overlay-gradient":""},"mobile":{"background-color":"var(--ast-global-color-5)","background-image":"","background-repeat":"repeat","background-position":"center center","background-size":"auto","background-attachment":"scroll","background-type":"","background-media":"","overlay-type":"","overlay-color":"","overlay-opacity":"","overlay-gradient":""}},"_joinchat":[]},"product_brand":[],"product_cat":[41,42],"product_tag":[],"class_list":{"0":"post-1692","1":"product","2":"type-product","3":"status-publish","4":"has-post-thumbnail","6":"product_cat-cali-weed","7":"product_cat-the-ten-co-weed","8":"desktop-align-left","9":"tablet-align-left","10":"mobile-align-left","12":"first","13":"instock","14":"shipping-taxable","15":"purchasable","16":"product-type-variable"},"yoast_head":"<!-- This site is optimized with the Yoast SEO Premium plugin v24.1 (Yoast SEO v26.8) - https:\/\/yoast.com\/product\/yoast-seo-premium-wordpress\/ -->\n<title>Acheter Tenco Wagyu en Ligne | Vari\u00e9t\u00e9 de Cannabis Premium<\/title>\n<meta name=\"description\" content=\"D\u00e9couvrez le Tenco Wagyu, une vari\u00e9t\u00e9 de cannabis premium aux ar\u00f4mes uniques et aux effets puissants. Achetez en ligne avec livraison discr\u00e8te et rapide.\" \/>\n<meta name=\"robots\" content=\"index, follow, max-snippet:-1, max-image-preview:large, max-video-preview:-1\" \/>\n<link rel=\"canonical\" href=\"https:\/\/beuhparadis.com\/sk\/product\/the-ten-co-wagyu\/\" \/>\n<meta property=\"og:locale\" content=\"sk_SK\" \/>\n<meta property=\"og:type\" content=\"article\" \/>\n<meta property=\"og:title\" content=\"The Ten.Co | Wagyu\" \/>\n<meta property=\"og:description\" content=\"D\u00e9couvrez le Tenco Wagyu, une vari\u00e9t\u00e9 de cannabis premium aux ar\u00f4mes uniques et aux effets puissants. Achetez en ligne avec livraison discr\u00e8te et rapide.\" \/>\n<meta property=\"og:url\" content=\"https:\/\/beuhparadis.com\/sk\/product\/the-ten-co-wagyu\/\" \/>\n<meta property=\"og:site_name\" content=\"Beuh Paradis\" \/>\n<meta property=\"article:modified_time\" content=\"2025-01-28T10:39:51+00:00\" \/>\n<meta property=\"og:image\" content=\"https:\/\/beuhparadis.com\/wp-content\/uploads\/2024\/12\/The-Ten.Co-Wagyu-2.webp\" \/>\n\t<meta property=\"og:image:width\" content=\"1600\" \/>\n\t<meta property=\"og:image:height\" content=\"1600\" \/>\n\t<meta property=\"og:image:type\" content=\"image\/webp\" \/>\n<meta name=\"twitter:card\" content=\"summary_large_image\" \/>\n<meta name=\"twitter:label1\" content=\"Predpokladan\u00fd \u010das \u010d\u00edtania\" \/>\n\t<meta name=\"twitter:data1\" content=\"3 minutes\" \/>\n<script type=\"application\/ld+json\" class=\"yoast-schema-graph\">{\"@context\":\"https:\/\/schema.org\",\"@graph\":[{\"@type\":\"WebPage\",\"@id\":\"https:\/\/beuhparadis.com\/product\/the-ten-co-wagyu\/\",\"url\":\"https:\/\/beuhparadis.com\/product\/the-ten-co-wagyu\/\",\"name\":\"Acheter Tenco Wagyu en Ligne | Vari\u00e9t\u00e9 de Cannabis Premium\",\"isPartOf\":{\"@id\":\"https:\/\/beuhparadis.com\/#website\"},\"primaryImageOfPage\":{\"@id\":\"https:\/\/beuhparadis.com\/product\/the-ten-co-wagyu\/#primaryimage\"},\"image\":{\"@id\":\"https:\/\/beuhparadis.com\/product\/the-ten-co-wagyu\/#primaryimage\"},\"thumbnailUrl\":\"https:\/\/beuhparadis.com\/wp-content\/uploads\/2024\/12\/The-Ten.Co-Wagyu-2.webp\",\"datePublished\":\"2024-12-10T23:43:59+00:00\",\"dateModified\":\"2025-01-28T10:39:51+00:00\",\"description\":\"D\u00e9couvrez le Tenco Wagyu, une vari\u00e9t\u00e9 de cannabis premium aux ar\u00f4mes uniques et aux effets puissants. Achetez en ligne avec livraison discr\u00e8te et rapide.\",\"breadcrumb\":{\"@id\":\"https:\/\/beuhparadis.com\/product\/the-ten-co-wagyu\/#breadcrumb\"},\"inLanguage\":\"sk-SK\",\"potentialAction\":[{\"@type\":\"ReadAction\",\"target\":[\"https:\/\/beuhparadis.com\/product\/the-ten-co-wagyu\/\"]}]},{\"@type\":\"ImageObject\",\"inLanguage\":\"sk-SK\",\"@id\":\"https:\/\/beuhparadis.com\/product\/the-ten-co-wagyu\/#primaryimage\",\"url\":\"https:\/\/beuhparadis.com\/wp-content\/uploads\/2024\/12\/The-Ten.Co-Wagyu-2.webp\",\"contentUrl\":\"https:\/\/beuhparadis.com\/wp-content\/uploads\/2024\/12\/The-Ten.Co-Wagyu-2.webp\",\"width\":1600,\"height\":1600},{\"@type\":\"BreadcrumbList\",\"@id\":\"https:\/\/beuhparadis.com\/product\/the-ten-co-wagyu\/#breadcrumb\",\"itemListElement\":[{\"@type\":\"ListItem\",\"position\":1,\"name\":\"Home\",\"item\":\"https:\/\/beuhparadis.com\/\"},{\"@type\":\"ListItem\",\"position\":2,\"name\":\"Shop\",\"item\":\"https:\/\/beuhparadis.com\/shop\/\"},{\"@type\":\"ListItem\",\"position\":3,\"name\":\"The Ten.Co | Wagyu\"}]},{\"@type\":\"WebSite\",\"@id\":\"https:\/\/beuhparadis.com\/#website\",\"url\":\"https:\/\/beuhparadis.com\/\",\"name\":\"Beuh Paradis\",\"description\":\"\",\"potentialAction\":[{\"@type\":\"SearchAction\",\"target\":{\"@type\":\"EntryPoint\",\"urlTemplate\":\"https:\/\/beuhparadis.com\/?s={search_term_string}\"},\"query-input\":{\"@type\":\"PropertyValueSpecification\",\"valueRequired\":true,\"valueName\":\"search_term_string\"}}],\"inLanguage\":\"sk-SK\"}]}<\/script>\n<!-- \/ Yoast SEO Premium plugin. -->","yoast_head_json":{"title":"K\u00fapi\u0165 Tenco Wagyu online | Pr\u00e9miov\u00e1 odroda konope","description":"Objavte Tenco Wagyu, pr\u00e9miov\u00fa odrodu konope s jedine\u010dnou v\u00f4\u0148ou a siln\u00fdmi \u00fa\u010dinkami. Nakupujte online s r\u00fdchlym a diskr\u00e9tnym doru\u010den\u00edm.","robots":{"index":"index","follow":"follow","max-snippet":"max-snippet:-1","max-image-preview":"max-image-preview:large","max-video-preview":"max-video-preview:-1"},"canonical":"https:\/\/beuhparadis.com\/sk\/product\/the-ten-co-wagyu\/","og_locale":"sk_SK","og_type":"article","og_title":"The Ten.Co | Wagyu","og_description":"D\u00e9couvrez le Tenco Wagyu, une vari\u00e9t\u00e9 de cannabis premium aux ar\u00f4mes uniques et aux effets puissants. Achetez en ligne avec livraison discr\u00e8te et rapide.","og_url":"https:\/\/beuhparadis.com\/sk\/product\/the-ten-co-wagyu\/","og_site_name":"Beuh Paradis","article_modified_time":"2025-01-28T10:39:51+00:00","og_image":[{"width":1600,"height":1600,"url":"https:\/\/beuhparadis.com\/wp-content\/uploads\/2024\/12\/The-Ten.Co-Wagyu-2.webp","type":"image\/webp"}],"twitter_card":"summary_large_image","twitter_misc":{"Predpokladan\u00fd \u010das \u010d\u00edtania":"3 minutes"},"schema":{"@context":"https:\/\/schema.org","@graph":[{"@type":"WebPage","@id":"https:\/\/beuhparadis.com\/product\/the-ten-co-wagyu\/","url":"https:\/\/beuhparadis.com\/product\/the-ten-co-wagyu\/","name":"K\u00fapi\u0165 Tenco Wagyu online | Pr\u00e9miov\u00e1 odroda konope","isPartOf":{"@id":"https:\/\/beuhparadis.com\/#website"},"primaryImageOfPage":{"@id":"https:\/\/beuhparadis.com\/product\/the-ten-co-wagyu\/#primaryimage"},"image":{"@id":"https:\/\/beuhparadis.com\/product\/the-ten-co-wagyu\/#primaryimage"},"thumbnailUrl":"https:\/\/beuhparadis.com\/wp-content\/uploads\/2024\/12\/The-Ten.Co-Wagyu-2.webp","datePublished":"2024-12-10T23:43:59+00:00","dateModified":"2025-01-28T10:39:51+00:00","description":"Objavte Tenco Wagyu, pr\u00e9miov\u00fa odrodu konope s jedine\u010dnou v\u00f4\u0148ou a siln\u00fdmi \u00fa\u010dinkami. Nakupujte online s r\u00fdchlym a diskr\u00e9tnym doru\u010den\u00edm.","breadcrumb":{"@id":"https:\/\/beuhparadis.com\/product\/the-ten-co-wagyu\/#breadcrumb"},"inLanguage":"sk-SK","potentialAction":[{"@type":"ReadAction","target":["https:\/\/beuhparadis.com\/product\/the-ten-co-wagyu\/"]}]},{"@type":"ImageObject","inLanguage":"sk-SK","@id":"https:\/\/beuhparadis.com\/product\/the-ten-co-wagyu\/#primaryimage","url":"https:\/\/beuhparadis.com\/wp-content\/uploads\/2024\/12\/The-Ten.Co-Wagyu-2.webp","contentUrl":"https:\/\/beuhparadis.com\/wp-content\/uploads\/2024\/12\/The-Ten.Co-Wagyu-2.webp","width":1600,"height":1600},{"@type":"BreadcrumbList","@id":"https:\/\/beuhparadis.com\/product\/the-ten-co-wagyu\/#breadcrumb","itemListElement":[{"@type":"ListItem","position":1,"name":"Home","item":"https:\/\/beuhparadis.com\/"},{"@type":"ListItem","position":2,"name":"Shop","item":"https:\/\/beuhparadis.com\/shop\/"},{"@type":"ListItem","position":3,"name":"The Ten.Co | Wagyu"}]},{"@type":"WebSite","@id":"https:\/\/beuhparadis.com\/#website","url":"https:\/\/beuhparadis.com\/","name":"Beuh Paradis","description":"","potentialAction":[{"@type":"SearchAction","target":{"@type":"EntryPoint","urlTemplate":"https:\/\/beuhparadis.com\/?s={search_term_string}"},"query-input":{"@type":"PropertyValueSpecification","valueRequired":true,"valueName":"search_term_string"}}],"inLanguage":"sk-SK"}]}},"_links":{"self":[{"href":"https:\/\/beuhparadis.com\/sk\/wp-json\/wp\/v2\/product\/1692","targetHints":{"allow":["GET"]}}],"collection":[{"href":"https:\/\/beuhparadis.com\/sk\/wp-json\/wp\/v2\/product"}],"about":[{"href":"https:\/\/beuhparadis.com\/sk\/wp-json\/wp\/v2\/types\/product"}],"replies":[{"embeddable":true,"href":"https:\/\/beuhparadis.com\/sk\/wp-json\/wp\/v2\/comments?post=1692"}],"wp:featuredmedia":[{"embeddable":true,"href":"https:\/\/beuhparadis.com\/sk\/wp-json\/wp\/v2\/media\/1719"}],"wp:attachment":[{"href":"https:\/\/beuhparadis.com\/sk\/wp-json\/wp\/v2\/media?parent=1692"}],"wp:term":[{"taxonomy":"product_brand","embeddable":true,"href":"https:\/\/beuhparadis.com\/sk\/wp-json\/wp\/v2\/product_brand?post=1692"},{"taxonomy":"product_cat","embeddable":true,"href":"https:\/\/beuhparadis.com\/sk\/wp-json\/wp\/v2\/product_cat?post=1692"},{"taxonomy":"product_tag","embeddable":true,"href":"https:\/\/beuhparadis.com\/sk\/wp-json\/wp\/v2\/product_tag?post=1692"}],"curies":[{"name":"wp","href":"https:\/\/api.w.org\/{rel}","templated":true}]}}