{"id":1687,"date":"2024-12-10T23:43:59","date_gmt":"2024-12-10T23:43:59","guid":{"rendered":"https:\/\/beuhparadis.com\/?post_type=product&#038;p=1687"},"modified":"2025-01-28T10:42:14","modified_gmt":"2025-01-28T10:42:14","slug":"the-ten-co-wazabi","status":"publish","type":"product","link":"https:\/\/beuhparadis.com\/sk\/product\/the-ten-co-wazabi\/","title":{"rendered":"Ten.Co | Wazabi"},"content":{"rendered":"<h1 class=\"wp-block-heading\">K\u00fapi\u0165 Tenco Wazabi<\/h1>\n<p>K\u00fapte si Tenco Wazabi, pr\u00e9miov\u00fd kme\u0148 od spolo\u010dnosti The Ten Co, ktor\u00fd je v\u00fdsledkom \u0161ikovnej genetickej kombin\u00e1cie Zkittlez a Kush Mints #10. Tento kme\u0148, zn\u00e1my aj ako kme\u0148 Wazabi Tenco, sa vyzna\u010duje hust\u00fdmi, intenz\u00edvne zelen\u00fdmi p\u00fa\u010dikmi. Kme\u0148 Wazabi Tenco sa pestuje s osobitn\u00fdm d\u00f4razom na kvalitu a autentickos\u0165, \u010do zaru\u010duje v\u00fdnimo\u010dn\u00fd v\u00fdsledn\u00fd produkt.<\/p>\n<h4 class=\"wp-block-heading\">Inform\u00e1cie o odrode Tenco Wazabi<\/h4>\n<ul class=\"wp-block-list\">\n<li><strong>Genetika<\/strong>Kr\u00ed\u017eenie Zkittlez a Kush Mints #10, \u010d\u00edm vznikol jedine\u010dn\u00fd kme\u0148 Wazabi Tenco.<\/li>\n<li><strong>Vzh\u013ead<\/strong>Stredne ve\u013ek\u00e9, ve\u013emi hust\u00e9 p\u00fa\u010diky tmavozelenej farby, charakteristick\u00e9 pre Wazabi Tenco.<\/li>\n<li><strong>Ar\u00f3ma<\/strong>Komplexn\u00fd buket morsk\u00fdch rias a bylinkov\u00e9ho masla, typick\u00fd pre kme\u0148 Wazabi Tenco.<\/li>\n<li><strong>V\u00fdroba<\/strong>Wazabi Tenco je v\u00fdsledkom starostlivej kult\u00fary, ktor\u00e1 odr\u00e1\u017ea z\u00e1v\u00e4zok spolo\u010dnosti The Ten Co ku kvalite.<\/li>\n<\/ul>\n<h2 class=\"wp-block-heading\">THC a CBD v kmeni Wazabi Tenco<\/h2>\n<ul class=\"wp-block-list\">\n<li><strong>THC<\/strong>Kme\u0148 Wazabi Tenco m\u00e1 vysok\u00fd obsah THC, \u010do zaru\u010duje siln\u00e9 a dlhotrvaj\u00face \u00fa\u010dinky.<\/li>\n<li><strong>CBD<\/strong>N\u00edzka, zd\u00f4raz\u0148uj\u00faca psychoakt\u00edvne vlastnosti Wazabi Tenco.<\/li>\n<\/ul>\n<h2 class=\"wp-block-heading\">Kde si m\u00f4\u017eem k\u00fapi\u0165 Tenco Wazabi online?<\/h2>\n<p>Tenco Wazabi si m\u00f4\u017eete k\u00fapi\u0165 na d\u00f4veryhodn\u00fdch online platform\u00e1ch vr\u00e1tane <a href=\"https:\/\/beuhparadis.com\/sk\/product\/afghan-hash\/\" data-type=\"link\" data-id=\"https:\/\/acheterducannabis.fr\/\">Beuhparadis<\/a>kde je zaru\u010den\u00e1 kvalita kme\u0148a Wazabi Tenco.<\/p>\n<h2 class=\"wp-block-heading\">\u00da\u010dinky, v\u00f4\u0148a a chu\u0165 lieku Tenco Wazabi<\/h2>\n<h3 class=\"wp-block-heading\">\u00da\u010dinok<\/h3>\n<ul class=\"wp-block-list\">\n<li>Kme\u0148 Wazabi Tenco pon\u00faka v\u00fdrazn\u00e9 \u00fa\u010dinky, ide\u00e1lne na hlbok\u00fa relax\u00e1ciu a intenz\u00edvny mozgov\u00fd z\u00e1\u017eitok.<\/li>\n<\/ul>\n<h3 class=\"wp-block-heading\">Ar\u00f3ma<\/h3>\n<ul class=\"wp-block-list\">\n<li>Wazabi Tenco m\u00e1 zemit\u00fa, korenist\u00fa v\u00f4\u0148u s n\u00e1dychom mora a maslov\u00fdm z\u00e1kladom, ktor\u00fd je pre tento kme\u0148 charakteristick\u00fd.<\/li>\n<\/ul>\n<h3 class=\"wp-block-heading\">Chu\u0165<\/h3>\n<ul class=\"wp-block-list\">\n<li>Chu\u0165ov\u00fd profil Wazabi Tenco je v\u00fdrazn\u00fd, s t\u00f3nmi borievky a s\u00f3dovej vody, \u010do pon\u00faka nezabudnute\u013en\u00fd chu\u0165ov\u00fd z\u00e1\u017eitok.<\/li>\n<\/ul>\n<h2 class=\"wp-block-heading\">Zdravotn\u00e9 \u00fa\u010dinky kme\u0148a Wazabi Tenco<\/h2>\n<ul class=\"wp-block-list\">\n<li><strong>Zdravotn\u00e9 \u00fa\u010dinky<\/strong>:\n<ul class=\"wp-block-list\">\n<li>Siln\u00e9 sedat\u00edvne \u00fa\u010dinky, typick\u00e9 pre kme\u0148 Wazabi Tenco.<\/li>\n<li>Uvo\u013enenie svalov a \u00fa\u013eava od bolesti.<\/li>\n<\/ul>\n<\/li>\n<li><strong>M\u00f4\u017ee zmierni\u0165<\/strong>:\n<ul class=\"wp-block-list\">\n<li>Pr\u00edznaky stresu a \u00fazkosti v\u010faka Wazabi Tenco.<\/li>\n<li>Chronick\u00e1 boles\u0165 a z\u00e1pal, vlastnos\u0165 kme\u0148a Wazabi Tenco.<\/li>\n<\/ul>\n<\/li>\n<\/ul>\n<h2 class=\"wp-block-heading\">Pre\u010do k\u00fapi\u0165 Tenco Wazabi od Acheterducannabis?<\/h2>\n<p>N\u00e1kup Tenco Wazabi od Acheterducannabis znamen\u00e1, \u017ee dostanete origin\u00e1lny kme\u0148 Tenco Wazabi so z\u00e1rukou bezpe\u010dn\u00e9ho n\u00e1kupu a produktu najvy\u0161\u0161ej kvality.<\/p>\n<h2 class=\"wp-block-heading\">Vl\u00e1dne pr\u00e1vne predpisy t\u00fdkaj\u00face sa predaja spolo\u010dnosti Tenco Wazabi v Eur\u00f3pe<\/h2>\n<p>Predaj kme\u0148a Wazabi Tenco sa v Eur\u00f3pe riadi pr\u00edsnymi predpismi. Spolo\u010dnos\u0165 Acheterducannabis dodr\u017eiava v\u0161etky z\u00e1kony, ktor\u00fdmi sa riadi predaj kme\u0148a Tenco Wazabi, \u010d\u00edm zabezpe\u010duje \u00fapln\u00fd s\u00falad so z\u00e1konn\u00fdmi po\u017eiadavkami.<\/p>\n<p>Wazabi Tenco od spolo\u010dnosti The Ten Co nie je len odroda so siln\u00fdmi \u00fa\u010dinkami a o\u010daruj\u00facou v\u00f4\u0148ou, ale predstavuje aj \u0161pi\u010dkov\u00fa hybridiz\u00e1ciu s exkluz\u00edvnou genetickou l\u00edniou, v\u010faka ktorej je <a href=\"https:\/\/zerofux.org\/wazabi-by-zushi-and-the-ten-co\/\" data-type=\"link\" data-id=\"https:\/\/zerofux.org\/wazabi-by-zushi-and-the-ten-co\/\">Wazabi Tenco<\/a> kme\u0148 je najlep\u0161ou vo\u013ebou pre milovn\u00edkov kvalitn\u00e9ho konope.<\/p>","protected":false},"excerpt":{"rendered":"<p><strong>Zdravotn\u00e9 \u00fa\u010dinky<\/strong>:<\/p>\n<ul class=\"wp-block-list\">\n<li>Siln\u00e9 sedat\u00edvne \u00fa\u010dinky, typick\u00e9 pre kme\u0148 Wazabi Tenco.<\/li>\n<li>Uvo\u013enenie svalov a \u00fa\u013eava od bolesti.<\/li>\n<\/ul>","protected":false},"featured_media":1702,"comment_status":"closed","ping_status":"closed","template":"","meta":{"site-sidebar-layout":"default","site-content-layout":"","ast-site-content-layout":"default","site-content-style":"default","site-sidebar-style":"default","ast-global-header-display":"","ast-banner-title-visibility":"","ast-main-header-display":"","ast-hfb-above-header-display":"","ast-hfb-below-header-display":"","ast-hfb-mobile-header-display":"","site-post-title":"","ast-breadcrumbs-content":"","ast-featured-img":"","footer-sml-layout":"","theme-transparent-header-meta":"default","adv-header-id-meta":"","stick-header-meta":"","header-above-stick-meta":"","header-main-stick-meta":"","header-below-stick-meta":"","astra-migrate-meta-layouts":"set","ast-page-background-enabled":"default","ast-page-background-meta":{"desktop":{"background-color":"","background-image":"","background-repeat":"repeat","background-position":"center center","background-size":"auto","background-attachment":"scroll","background-type":"","background-media":"","overlay-type":"","overlay-color":"","overlay-opacity":"","overlay-gradient":""},"tablet":{"background-color":"","background-image":"","background-repeat":"repeat","background-position":"center center","background-size":"auto","background-attachment":"scroll","background-type":"","background-media":"","overlay-type":"","overlay-color":"","overlay-opacity":"","overlay-gradient":""},"mobile":{"background-color":"","background-image":"","background-repeat":"repeat","background-position":"center center","background-size":"auto","background-attachment":"scroll","background-type":"","background-media":"","overlay-type":"","overlay-color":"","overlay-opacity":"","overlay-gradient":""}},"ast-content-background-meta":{"desktop":{"background-color":"var(--ast-global-color-5)","background-image":"","background-repeat":"repeat","background-position":"center center","background-size":"auto","background-attachment":"scroll","background-type":"","background-media":"","overlay-type":"","overlay-color":"","overlay-opacity":"","overlay-gradient":""},"tablet":{"background-color":"var(--ast-global-color-5)","background-image":"","background-repeat":"repeat","background-position":"center center","background-size":"auto","background-attachment":"scroll","background-type":"","background-media":"","overlay-type":"","overlay-color":"","overlay-opacity":"","overlay-gradient":""},"mobile":{"background-color":"var(--ast-global-color-5)","background-image":"","background-repeat":"repeat","background-position":"center center","background-size":"auto","background-attachment":"scroll","background-type":"","background-media":"","overlay-type":"","overlay-color":"","overlay-opacity":"","overlay-gradient":""}},"_joinchat":[]},"product_brand":[],"product_cat":[41,42],"product_tag":[],"class_list":{"0":"post-1687","1":"product","2":"type-product","3":"status-publish","4":"has-post-thumbnail","6":"product_cat-cali-weed","7":"product_cat-the-ten-co-weed","8":"desktop-align-left","9":"tablet-align-left","10":"mobile-align-left","12":"first","13":"instock","14":"shipping-taxable","15":"purchasable","16":"product-type-variable"},"yoast_head":"<!-- This site is optimized with the Yoast SEO Premium plugin v24.1 (Yoast SEO v26.8) - https:\/\/yoast.com\/product\/yoast-seo-premium-wordpress\/ -->\n<title>Acheter Tenco Wazabi en Ligne | Vari\u00e9t\u00e9 de Cannabis Exclusif<\/title>\n<meta name=\"description\" content=\"Acheter Tenco Wazabi, une vari\u00e9t\u00e9 de cannabis exclusif aux ar\u00f4mes raffin\u00e9s et aux effets \u00e9quilibr\u00e9s. Achetez en ligne avec livraison discr\u00e8te et rapide.\" \/>\n<meta name=\"robots\" content=\"index, follow, max-snippet:-1, max-image-preview:large, max-video-preview:-1\" \/>\n<link rel=\"canonical\" href=\"https:\/\/beuhparadis.com\/sk\/product\/the-ten-co-wazabi\/\" \/>\n<meta property=\"og:locale\" content=\"sk_SK\" \/>\n<meta property=\"og:type\" content=\"article\" \/>\n<meta property=\"og:title\" content=\"The Ten.Co | Wazabi\" \/>\n<meta property=\"og:description\" content=\"Acheter Tenco Wazabi, une vari\u00e9t\u00e9 de cannabis exclusif aux ar\u00f4mes raffin\u00e9s et aux effets \u00e9quilibr\u00e9s. Achetez en ligne avec livraison discr\u00e8te et rapide.\" \/>\n<meta property=\"og:url\" content=\"https:\/\/beuhparadis.com\/sk\/product\/the-ten-co-wazabi\/\" \/>\n<meta property=\"og:site_name\" content=\"Beuh Paradis\" \/>\n<meta property=\"article:modified_time\" content=\"2025-01-28T10:42:14+00:00\" \/>\n<meta property=\"og:image\" content=\"https:\/\/beuhparadis.com\/wp-content\/uploads\/2024\/12\/The-Ten.Co-Wazabi-2.webp\" \/>\n\t<meta property=\"og:image:width\" content=\"1895\" \/>\n\t<meta property=\"og:image:height\" content=\"2048\" \/>\n\t<meta property=\"og:image:type\" content=\"image\/webp\" \/>\n<meta name=\"twitter:card\" content=\"summary_large_image\" \/>\n<meta name=\"twitter:label1\" content=\"Predpokladan\u00fd \u010das \u010d\u00edtania\" \/>\n\t<meta name=\"twitter:data1\" content=\"3 minutes\" \/>\n<script type=\"application\/ld+json\" class=\"yoast-schema-graph\">{\"@context\":\"https:\/\/schema.org\",\"@graph\":[{\"@type\":\"WebPage\",\"@id\":\"https:\/\/beuhparadis.com\/product\/the-ten-co-wazabi\/\",\"url\":\"https:\/\/beuhparadis.com\/product\/the-ten-co-wazabi\/\",\"name\":\"Acheter Tenco Wazabi en Ligne | Vari\u00e9t\u00e9 de Cannabis Exclusif\",\"isPartOf\":{\"@id\":\"https:\/\/beuhparadis.com\/#website\"},\"primaryImageOfPage\":{\"@id\":\"https:\/\/beuhparadis.com\/product\/the-ten-co-wazabi\/#primaryimage\"},\"image\":{\"@id\":\"https:\/\/beuhparadis.com\/product\/the-ten-co-wazabi\/#primaryimage\"},\"thumbnailUrl\":\"https:\/\/beuhparadis.com\/wp-content\/uploads\/2024\/12\/The-Ten.Co-Wazabi-2.webp\",\"datePublished\":\"2024-12-10T23:43:59+00:00\",\"dateModified\":\"2025-01-28T10:42:14+00:00\",\"description\":\"Acheter Tenco Wazabi, une vari\u00e9t\u00e9 de cannabis exclusif aux ar\u00f4mes raffin\u00e9s et aux effets \u00e9quilibr\u00e9s. Achetez en ligne avec livraison discr\u00e8te et rapide.\",\"breadcrumb\":{\"@id\":\"https:\/\/beuhparadis.com\/product\/the-ten-co-wazabi\/#breadcrumb\"},\"inLanguage\":\"sk-SK\",\"potentialAction\":[{\"@type\":\"ReadAction\",\"target\":[\"https:\/\/beuhparadis.com\/product\/the-ten-co-wazabi\/\"]}]},{\"@type\":\"ImageObject\",\"inLanguage\":\"sk-SK\",\"@id\":\"https:\/\/beuhparadis.com\/product\/the-ten-co-wazabi\/#primaryimage\",\"url\":\"https:\/\/beuhparadis.com\/wp-content\/uploads\/2024\/12\/The-Ten.Co-Wazabi-2.webp\",\"contentUrl\":\"https:\/\/beuhparadis.com\/wp-content\/uploads\/2024\/12\/The-Ten.Co-Wazabi-2.webp\",\"width\":1895,\"height\":2048},{\"@type\":\"BreadcrumbList\",\"@id\":\"https:\/\/beuhparadis.com\/product\/the-ten-co-wazabi\/#breadcrumb\",\"itemListElement\":[{\"@type\":\"ListItem\",\"position\":1,\"name\":\"Home\",\"item\":\"https:\/\/beuhparadis.com\/\"},{\"@type\":\"ListItem\",\"position\":2,\"name\":\"Shop\",\"item\":\"https:\/\/beuhparadis.com\/shop\/\"},{\"@type\":\"ListItem\",\"position\":3,\"name\":\"The Ten.Co | Wazabi\"}]},{\"@type\":\"WebSite\",\"@id\":\"https:\/\/beuhparadis.com\/#website\",\"url\":\"https:\/\/beuhparadis.com\/\",\"name\":\"Beuh Paradis\",\"description\":\"\",\"potentialAction\":[{\"@type\":\"SearchAction\",\"target\":{\"@type\":\"EntryPoint\",\"urlTemplate\":\"https:\/\/beuhparadis.com\/?s={search_term_string}\"},\"query-input\":{\"@type\":\"PropertyValueSpecification\",\"valueRequired\":true,\"valueName\":\"search_term_string\"}}],\"inLanguage\":\"sk-SK\"}]}<\/script>\n<!-- \/ Yoast SEO Premium plugin. -->","yoast_head_json":{"title":"K\u00fapi\u0165 Tenco Wazabi online | Exkluz\u00edvna odroda konope","description":"K\u00fapte si Tenco Wazabi, exkluz\u00edvnu odrodu konope s rafinovanou ar\u00f3mou a vyv\u00e1\u017een\u00fdmi \u00fa\u010dinkami. Nakupujte online s r\u00fdchlym a diskr\u00e9tnym doru\u010den\u00edm.","robots":{"index":"index","follow":"follow","max-snippet":"max-snippet:-1","max-image-preview":"max-image-preview:large","max-video-preview":"max-video-preview:-1"},"canonical":"https:\/\/beuhparadis.com\/sk\/product\/the-ten-co-wazabi\/","og_locale":"sk_SK","og_type":"article","og_title":"The Ten.Co | Wazabi","og_description":"Acheter Tenco Wazabi, une vari\u00e9t\u00e9 de cannabis exclusif aux ar\u00f4mes raffin\u00e9s et aux effets \u00e9quilibr\u00e9s. Achetez en ligne avec livraison discr\u00e8te et rapide.","og_url":"https:\/\/beuhparadis.com\/sk\/product\/the-ten-co-wazabi\/","og_site_name":"Beuh Paradis","article_modified_time":"2025-01-28T10:42:14+00:00","og_image":[{"width":1895,"height":2048,"url":"https:\/\/beuhparadis.com\/wp-content\/uploads\/2024\/12\/The-Ten.Co-Wazabi-2.webp","type":"image\/webp"}],"twitter_card":"summary_large_image","twitter_misc":{"Predpokladan\u00fd \u010das \u010d\u00edtania":"3 minutes"},"schema":{"@context":"https:\/\/schema.org","@graph":[{"@type":"WebPage","@id":"https:\/\/beuhparadis.com\/product\/the-ten-co-wazabi\/","url":"https:\/\/beuhparadis.com\/product\/the-ten-co-wazabi\/","name":"K\u00fapi\u0165 Tenco Wazabi online | Exkluz\u00edvna odroda konope","isPartOf":{"@id":"https:\/\/beuhparadis.com\/#website"},"primaryImageOfPage":{"@id":"https:\/\/beuhparadis.com\/product\/the-ten-co-wazabi\/#primaryimage"},"image":{"@id":"https:\/\/beuhparadis.com\/product\/the-ten-co-wazabi\/#primaryimage"},"thumbnailUrl":"https:\/\/beuhparadis.com\/wp-content\/uploads\/2024\/12\/The-Ten.Co-Wazabi-2.webp","datePublished":"2024-12-10T23:43:59+00:00","dateModified":"2025-01-28T10:42:14+00:00","description":"K\u00fapte si Tenco Wazabi, exkluz\u00edvnu odrodu konope s rafinovanou ar\u00f3mou a vyv\u00e1\u017een\u00fdmi \u00fa\u010dinkami. Nakupujte online s r\u00fdchlym a diskr\u00e9tnym doru\u010den\u00edm.","breadcrumb":{"@id":"https:\/\/beuhparadis.com\/product\/the-ten-co-wazabi\/#breadcrumb"},"inLanguage":"sk-SK","potentialAction":[{"@type":"ReadAction","target":["https:\/\/beuhparadis.com\/product\/the-ten-co-wazabi\/"]}]},{"@type":"ImageObject","inLanguage":"sk-SK","@id":"https:\/\/beuhparadis.com\/product\/the-ten-co-wazabi\/#primaryimage","url":"https:\/\/beuhparadis.com\/wp-content\/uploads\/2024\/12\/The-Ten.Co-Wazabi-2.webp","contentUrl":"https:\/\/beuhparadis.com\/wp-content\/uploads\/2024\/12\/The-Ten.Co-Wazabi-2.webp","width":1895,"height":2048},{"@type":"BreadcrumbList","@id":"https:\/\/beuhparadis.com\/product\/the-ten-co-wazabi\/#breadcrumb","itemListElement":[{"@type":"ListItem","position":1,"name":"Home","item":"https:\/\/beuhparadis.com\/"},{"@type":"ListItem","position":2,"name":"Shop","item":"https:\/\/beuhparadis.com\/shop\/"},{"@type":"ListItem","position":3,"name":"The Ten.Co | Wazabi"}]},{"@type":"WebSite","@id":"https:\/\/beuhparadis.com\/#website","url":"https:\/\/beuhparadis.com\/","name":"Beuh Paradis","description":"","potentialAction":[{"@type":"SearchAction","target":{"@type":"EntryPoint","urlTemplate":"https:\/\/beuhparadis.com\/?s={search_term_string}"},"query-input":{"@type":"PropertyValueSpecification","valueRequired":true,"valueName":"search_term_string"}}],"inLanguage":"sk-SK"}]}},"_links":{"self":[{"href":"https:\/\/beuhparadis.com\/sk\/wp-json\/wp\/v2\/product\/1687","targetHints":{"allow":["GET"]}}],"collection":[{"href":"https:\/\/beuhparadis.com\/sk\/wp-json\/wp\/v2\/product"}],"about":[{"href":"https:\/\/beuhparadis.com\/sk\/wp-json\/wp\/v2\/types\/product"}],"replies":[{"embeddable":true,"href":"https:\/\/beuhparadis.com\/sk\/wp-json\/wp\/v2\/comments?post=1687"}],"wp:featuredmedia":[{"embeddable":true,"href":"https:\/\/beuhparadis.com\/sk\/wp-json\/wp\/v2\/media\/1702"}],"wp:attachment":[{"href":"https:\/\/beuhparadis.com\/sk\/wp-json\/wp\/v2\/media?parent=1687"}],"wp:term":[{"taxonomy":"product_brand","embeddable":true,"href":"https:\/\/beuhparadis.com\/sk\/wp-json\/wp\/v2\/product_brand?post=1687"},{"taxonomy":"product_cat","embeddable":true,"href":"https:\/\/beuhparadis.com\/sk\/wp-json\/wp\/v2\/product_cat?post=1687"},{"taxonomy":"product_tag","embeddable":true,"href":"https:\/\/beuhparadis.com\/sk\/wp-json\/wp\/v2\/product_tag?post=1687"}],"curies":[{"name":"wp","href":"https:\/\/api.w.org\/{rel}","templated":true}]}}