{"id":1538,"date":"2024-12-10T23:41:35","date_gmt":"2024-12-10T23:41:35","guid":{"rendered":"https:\/\/beuhparadis.com\/?post_type=product&#038;p=1538"},"modified":"2025-01-28T11:05:21","modified_gmt":"2025-01-28T11:05:21","slug":"bonbons-gelifies-au-thc-hors-du-bureau","status":"publish","type":"product","link":"https:\/\/beuhparadis.com\/sk\/product\/bonbons-gelifies-au-thc-hors-du-bureau\/","title":{"rendered":"THC \u017eel\u00e9 cukr\u00edky pred kancel\u00e1riou"},"content":{"rendered":"<h1><strong>THC \u017eel\u00e9 fazu\u013eky -<\/strong><strong>Opojn\u00e1 sladkos\u0165<\/strong><\/h1>\n<h3><strong>Objavte Bonbons G\u00e9lifi\u00e9s na Beuh Paradis<\/strong><\/h3>\n<p>Str\u00e1nka <strong>THC \u017eel\u00e9 cukr\u00edky<\/strong>k dispoz\u00edcii na adrese <strong><a href=\"https:\/\/beuhparadis.com\/sk\" target=\"_new\" rel=\"noopener\">Beuh Paradis<\/a><\/strong>Tieto cukr\u00edky sp\u00e1jaj\u00fa sladk\u00fd p\u00f4\u017eitok zo sladkost\u00ed so siln\u00fdmi \u00fa\u010dinkami THC. Tieto cukr\u00edky s\u00fa ide\u00e1lne pre milovn\u00edkov konope, ktor\u00ed uprednost\u0148uj\u00fa diskr\u00e9tnu a chutn\u00fa alternat\u00edvu, a pon\u00fakaj\u00fa uvo\u013e\u0148uj\u00faci a euforick\u00fd z\u00e1\u017eitok. Vyr\u00e1baj\u00fa sa z kvalitn\u00fdch ingredienci\u00ed a dod\u00e1vaj\u00fa sa v r\u00f4znych ovocn\u00fdch pr\u00edchutiach, ktor\u00e9 vyhovuj\u00fa v\u0161etk\u00fdm chutiam.<\/p>\n<h4><strong>\u00a0Pre\u010do si vybra\u0165 \u017eel\u00e9 fazu\u013eky?<\/strong><\/h4>\n<ul>\n<li><strong>Diskr\u00e9tnos\u0165 a jednoduchos\u0165:<\/strong> \u017del\u00e9 cukr\u00edky sa \u013eahko pren\u00e1\u0161aj\u00fa a konzumuj\u00fa, s\u00fa ide\u00e1lne na pou\u017eitie na cest\u00e1ch alebo ako diskr\u00e9tna desiata.<\/li>\n<li><strong>Progres\u00edvne \u00fa\u010dinky :<\/strong> Na rozdiel od vapovania alebo faj\u010denia sa \u00fa\u010dinky THC cukr\u00edkov prejavuj\u00fa postupne, \u010do poskytuje dlhodob\u00fd a kontrolovan\u00fd z\u00e1\u017eitok.<\/li>\n<li><strong>\u0160irok\u00fd v\u00fdber pr\u00edchut\u00ed :<\/strong> Sladk\u00e9 t\u00f3ny jah\u00f4d, citr\u00f3na, manga alebo \u010du\u010doriedok pre skuto\u010dn\u00fd p\u00f4\u017eitok z ka\u017ed\u00e9ho s\u00fasta.<\/li>\n<li><strong>Presn\u00e9 d\u00e1vkovanie :<\/strong> Ka\u017ed\u00fd cukr\u00edk obsahuje ur\u010dit\u00e9 mno\u017estvo THC, \u010do v\u00e1m umo\u017en\u00ed \u010do najviac kontrolova\u0165 spotrebu.<\/li>\n<\/ul>\n<h4><strong>\u00a0V\u00fdhody \u017eel\u00e9 fazuliek<\/strong><\/h4>\n<ul>\n<li><strong>Celkov\u00e1 relax\u00e1cia :<\/strong> Ide\u00e1lne na relax\u00e1ciu po dlhom dni alebo na uvo\u013enenie stresu.<\/li>\n<li><strong>Alternat\u00edva k faj\u010deniu :<\/strong> Chutn\u00fd sp\u00f4sob konzum\u00e1cie THC bez toho, aby ste vystavili p\u013e\u00faca dymu.<\/li>\n<li><strong>Trval\u00e9 \u00fa\u010dinky :<\/strong> Sladkosti sa vstreb\u00e1vaj\u00fa pomal\u0161ie, \u010d\u00edm sa predl\u017euje ich \u00fa\u010dinok.<\/li>\n<li><strong>Vhodn\u00e9 pre za\u010diato\u010dn\u00edkov:<\/strong> V\u010faka r\u00f4znym d\u00e1vkam m\u00f4\u017eu nov\u00e1\u010dikovia za\u010da\u0165 pomaly a z\u00e1rove\u0148 sk\u00fama\u0165 \u00fa\u010dinky THC.<\/li>\n<\/ul>\n<h4><strong>\u00a0Objednajte si \u017eel\u00e9 fazu\u013eky na Beuh Paradis<\/strong><\/h4>\n<p>Nav\u0161t\u00edvte str\u00e1nku <strong><a href=\"https:\/\/beuhparadis.com\/sk\" target=\"_new\" rel=\"noopener\">Beuh Paradis<\/a><\/strong>objavte \u0161irok\u00fa \u0161k\u00e1lu <strong>THC \u017eel\u00e9 cukr\u00edky<\/strong> kombinuje p\u00f4\u017eitk\u00e1rstvo a siln\u00e9 \u00fa\u010dinky. Vyu\u017eite na\u0161e r\u00fdchle, diskr\u00e9tne a bezpe\u010dn\u00e9 doru\u010denie kdeko\u013evek vo Franc\u00fazsku. Vyberte si modern\u00fd, praktick\u00fd a lahodn\u00fd konopn\u00fd z\u00e1\u017eitok.<\/p>","protected":false},"excerpt":{"rendered":"<p>Bonbons G\u00e9lifi\u00e9s au THC-Une Douceur Enivrante D\u00e9couvrez les Bonbons G\u00e9lifi\u00e9s\u00a0 sur Beuh Paradis Les bonbons g\u00e9lifi\u00e9s au THC, disponibles sur Beuh Paradis, combinent le plaisir sucr\u00e9 des friandises avec les effets puissants du THC. Parfaits pour les amateurs de cannabis qui pr\u00e9f\u00e8rent une alternative discr\u00e8te et savoureuse, ces bonbons offrent une exp\u00e9rience relaxante et euphorisante. [&hellip;]<\/p>\n","protected":false},"featured_media":1569,"comment_status":"closed","ping_status":"closed","template":"","meta":{"site-sidebar-layout":"default","site-content-layout":"","ast-site-content-layout":"default","site-content-style":"default","site-sidebar-style":"default","ast-global-header-display":"","ast-banner-title-visibility":"","ast-main-header-display":"","ast-hfb-above-header-display":"","ast-hfb-below-header-display":"","ast-hfb-mobile-header-display":"","site-post-title":"","ast-breadcrumbs-content":"","ast-featured-img":"","footer-sml-layout":"","theme-transparent-header-meta":"default","adv-header-id-meta":"","stick-header-meta":"","header-above-stick-meta":"","header-main-stick-meta":"","header-below-stick-meta":"","astra-migrate-meta-layouts":"set","ast-page-background-enabled":"default","ast-page-background-meta":{"desktop":{"background-color":"","background-image":"","background-repeat":"repeat","background-position":"center center","background-size":"auto","background-attachment":"scroll","background-type":"","background-media":"","overlay-type":"","overlay-color":"","overlay-opacity":"","overlay-gradient":""},"tablet":{"background-color":"","background-image":"","background-repeat":"repeat","background-position":"center center","background-size":"auto","background-attachment":"scroll","background-type":"","background-media":"","overlay-type":"","overlay-color":"","overlay-opacity":"","overlay-gradient":""},"mobile":{"background-color":"","background-image":"","background-repeat":"repeat","background-position":"center center","background-size":"auto","background-attachment":"scroll","background-type":"","background-media":"","overlay-type":"","overlay-color":"","overlay-opacity":"","overlay-gradient":""}},"ast-content-background-meta":{"desktop":{"background-color":"var(--ast-global-color-5)","background-image":"","background-repeat":"repeat","background-position":"center center","background-size":"auto","background-attachment":"scroll","background-type":"","background-media":"","overlay-type":"","overlay-color":"","overlay-opacity":"","overlay-gradient":""},"tablet":{"background-color":"var(--ast-global-color-5)","background-image":"","background-repeat":"repeat","background-position":"center center","background-size":"auto","background-attachment":"scroll","background-type":"","background-media":"","overlay-type":"","overlay-color":"","overlay-opacity":"","overlay-gradient":""},"mobile":{"background-color":"var(--ast-global-color-5)","background-image":"","background-repeat":"repeat","background-position":"center center","background-size":"auto","background-attachment":"scroll","background-type":"","background-media":"","overlay-type":"","overlay-color":"","overlay-opacity":"","overlay-gradient":""}},"_joinchat":[]},"product_brand":[],"product_cat":[38],"product_tag":[],"class_list":{"0":"post-1538","1":"product","2":"type-product","3":"status-publish","4":"has-post-thumbnail","6":"product_cat-bonbons-thc","7":"desktop-align-left","8":"tablet-align-left","9":"mobile-align-left","11":"first","12":"instock","13":"shipping-taxable","14":"purchasable","15":"product-type-variable"},"yoast_head":"<!-- This site is optimized with the Yoast SEO Premium plugin v24.1 (Yoast SEO v26.8) - https:\/\/yoast.com\/product\/yoast-seo-premium-wordpress\/ -->\n<title>Bonbons G\u00e9lifi\u00e9s au THC \u2013 Friandises Relaxantes et Puissantes<\/title>\n<meta name=\"description\" content=\"Achetez des bonbons g\u00e9lifi\u00e9s au THC sur Beuh Paradis. Profitez d\u2019une alternative sucr\u00e9e et discr\u00e8te pour consommer du THC. Livraison rapide et discr\u00e8te\" \/>\n<meta name=\"robots\" content=\"index, follow, max-snippet:-1, max-image-preview:large, max-video-preview:-1\" \/>\n<link rel=\"canonical\" href=\"https:\/\/beuhparadis.com\/sk\/product\/bonbons-gelifies-au-thc-hors-du-bureau\/\" \/>\n<meta property=\"og:locale\" content=\"sk_SK\" \/>\n<meta property=\"og:type\" content=\"article\" \/>\n<meta property=\"og:title\" content=\"Bonbons g\u00e9lifi\u00e9s au THC hors du bureau\" \/>\n<meta property=\"og:description\" content=\"Achetez des bonbons g\u00e9lifi\u00e9s au THC sur Beuh Paradis. Profitez d\u2019une alternative sucr\u00e9e et discr\u00e8te pour consommer du THC. Livraison rapide et discr\u00e8te\" \/>\n<meta property=\"og:url\" content=\"https:\/\/beuhparadis.com\/sk\/product\/bonbons-gelifies-au-thc-hors-du-bureau\/\" \/>\n<meta property=\"og:site_name\" content=\"Beuh Paradis\" \/>\n<meta property=\"article:modified_time\" content=\"2025-01-28T11:05:21+00:00\" \/>\n<meta property=\"og:image\" content=\"https:\/\/beuhparadis.com\/wp-content\/uploads\/2024\/12\/Bonbons-gelifies-au-THC-hors-du-bureau.webp\" \/>\n\t<meta property=\"og:image:width\" content=\"1600\" \/>\n\t<meta property=\"og:image:height\" content=\"1600\" \/>\n\t<meta property=\"og:image:type\" content=\"image\/webp\" \/>\n<meta name=\"twitter:card\" content=\"summary_large_image\" \/>\n<meta name=\"twitter:label1\" content=\"Predpokladan\u00fd \u010das \u010d\u00edtania\" \/>\n\t<meta name=\"twitter:data1\" content=\"2 minutes\" \/>\n<script type=\"application\/ld+json\" class=\"yoast-schema-graph\">{\"@context\":\"https:\/\/schema.org\",\"@graph\":[{\"@type\":\"WebPage\",\"@id\":\"https:\/\/beuhparadis.com\/product\/bonbons-gelifies-au-thc-hors-du-bureau\/\",\"url\":\"https:\/\/beuhparadis.com\/product\/bonbons-gelifies-au-thc-hors-du-bureau\/\",\"name\":\"Bonbons G\u00e9lifi\u00e9s au THC \u2013 Friandises Relaxantes et Puissantes\",\"isPartOf\":{\"@id\":\"https:\/\/beuhparadis.com\/#website\"},\"primaryImageOfPage\":{\"@id\":\"https:\/\/beuhparadis.com\/product\/bonbons-gelifies-au-thc-hors-du-bureau\/#primaryimage\"},\"image\":{\"@id\":\"https:\/\/beuhparadis.com\/product\/bonbons-gelifies-au-thc-hors-du-bureau\/#primaryimage\"},\"thumbnailUrl\":\"https:\/\/beuhparadis.com\/wp-content\/uploads\/2024\/12\/Bonbons-gelifies-au-THC-hors-du-bureau.webp\",\"datePublished\":\"2024-12-10T23:41:35+00:00\",\"dateModified\":\"2025-01-28T11:05:21+00:00\",\"description\":\"Achetez des bonbons g\u00e9lifi\u00e9s au THC sur Beuh Paradis. Profitez d\u2019une alternative sucr\u00e9e et discr\u00e8te pour consommer du THC. Livraison rapide et discr\u00e8te\",\"breadcrumb\":{\"@id\":\"https:\/\/beuhparadis.com\/product\/bonbons-gelifies-au-thc-hors-du-bureau\/#breadcrumb\"},\"inLanguage\":\"sk-SK\",\"potentialAction\":[{\"@type\":\"ReadAction\",\"target\":[\"https:\/\/beuhparadis.com\/product\/bonbons-gelifies-au-thc-hors-du-bureau\/\"]}]},{\"@type\":\"ImageObject\",\"inLanguage\":\"sk-SK\",\"@id\":\"https:\/\/beuhparadis.com\/product\/bonbons-gelifies-au-thc-hors-du-bureau\/#primaryimage\",\"url\":\"https:\/\/beuhparadis.com\/wp-content\/uploads\/2024\/12\/Bonbons-gelifies-au-THC-hors-du-bureau.webp\",\"contentUrl\":\"https:\/\/beuhparadis.com\/wp-content\/uploads\/2024\/12\/Bonbons-gelifies-au-THC-hors-du-bureau.webp\",\"width\":1600,\"height\":1600},{\"@type\":\"BreadcrumbList\",\"@id\":\"https:\/\/beuhparadis.com\/product\/bonbons-gelifies-au-thc-hors-du-bureau\/#breadcrumb\",\"itemListElement\":[{\"@type\":\"ListItem\",\"position\":1,\"name\":\"Home\",\"item\":\"https:\/\/beuhparadis.com\/\"},{\"@type\":\"ListItem\",\"position\":2,\"name\":\"Shop\",\"item\":\"https:\/\/beuhparadis.com\/shop\/\"},{\"@type\":\"ListItem\",\"position\":3,\"name\":\"Bonbons g\u00e9lifi\u00e9s au THC hors du bureau\"}]},{\"@type\":\"WebSite\",\"@id\":\"https:\/\/beuhparadis.com\/#website\",\"url\":\"https:\/\/beuhparadis.com\/\",\"name\":\"Beuh Paradis\",\"description\":\"\",\"potentialAction\":[{\"@type\":\"SearchAction\",\"target\":{\"@type\":\"EntryPoint\",\"urlTemplate\":\"https:\/\/beuhparadis.com\/?s={search_term_string}\"},\"query-input\":{\"@type\":\"PropertyValueSpecification\",\"valueRequired\":true,\"valueName\":\"search_term_string\"}}],\"inLanguage\":\"sk-SK\"}]}<\/script>\n<!-- \/ Yoast SEO Premium plugin. -->","yoast_head_json":{"title":"G\u00e9lov\u00e9 cukr\u00edky s THC - relaxa\u010dn\u00e9 a siln\u00e9 poch\u00fa\u0165ky","description":"K\u00fapte si \u017eel\u00e9 cukr\u00edky THC na Beuh Paradis. Vychutnajte si sladk\u00fa a diskr\u00e9tnu alternat\u00edvu konzum\u00e1cie THC. R\u00fdchle a diskr\u00e9tne doru\u010denie","robots":{"index":"index","follow":"follow","max-snippet":"max-snippet:-1","max-image-preview":"max-image-preview:large","max-video-preview":"max-video-preview:-1"},"canonical":"https:\/\/beuhparadis.com\/sk\/product\/bonbons-gelifies-au-thc-hors-du-bureau\/","og_locale":"sk_SK","og_type":"article","og_title":"Bonbons g\u00e9lifi\u00e9s au THC hors du bureau","og_description":"Achetez des bonbons g\u00e9lifi\u00e9s au THC sur Beuh Paradis. Profitez d\u2019une alternative sucr\u00e9e et discr\u00e8te pour consommer du THC. Livraison rapide et discr\u00e8te","og_url":"https:\/\/beuhparadis.com\/sk\/product\/bonbons-gelifies-au-thc-hors-du-bureau\/","og_site_name":"Beuh Paradis","article_modified_time":"2025-01-28T11:05:21+00:00","og_image":[{"width":1600,"height":1600,"url":"https:\/\/beuhparadis.com\/wp-content\/uploads\/2024\/12\/Bonbons-gelifies-au-THC-hors-du-bureau.webp","type":"image\/webp"}],"twitter_card":"summary_large_image","twitter_misc":{"Predpokladan\u00fd \u010das \u010d\u00edtania":"2 minutes"},"schema":{"@context":"https:\/\/schema.org","@graph":[{"@type":"WebPage","@id":"https:\/\/beuhparadis.com\/product\/bonbons-gelifies-au-thc-hors-du-bureau\/","url":"https:\/\/beuhparadis.com\/product\/bonbons-gelifies-au-thc-hors-du-bureau\/","name":"G\u00e9lov\u00e9 cukr\u00edky s THC - relaxa\u010dn\u00e9 a siln\u00e9 poch\u00fa\u0165ky","isPartOf":{"@id":"https:\/\/beuhparadis.com\/#website"},"primaryImageOfPage":{"@id":"https:\/\/beuhparadis.com\/product\/bonbons-gelifies-au-thc-hors-du-bureau\/#primaryimage"},"image":{"@id":"https:\/\/beuhparadis.com\/product\/bonbons-gelifies-au-thc-hors-du-bureau\/#primaryimage"},"thumbnailUrl":"https:\/\/beuhparadis.com\/wp-content\/uploads\/2024\/12\/Bonbons-gelifies-au-THC-hors-du-bureau.webp","datePublished":"2024-12-10T23:41:35+00:00","dateModified":"2025-01-28T11:05:21+00:00","description":"K\u00fapte si \u017eel\u00e9 cukr\u00edky THC na Beuh Paradis. Vychutnajte si sladk\u00fa a diskr\u00e9tnu alternat\u00edvu konzum\u00e1cie THC. R\u00fdchle a diskr\u00e9tne doru\u010denie","breadcrumb":{"@id":"https:\/\/beuhparadis.com\/product\/bonbons-gelifies-au-thc-hors-du-bureau\/#breadcrumb"},"inLanguage":"sk-SK","potentialAction":[{"@type":"ReadAction","target":["https:\/\/beuhparadis.com\/product\/bonbons-gelifies-au-thc-hors-du-bureau\/"]}]},{"@type":"ImageObject","inLanguage":"sk-SK","@id":"https:\/\/beuhparadis.com\/product\/bonbons-gelifies-au-thc-hors-du-bureau\/#primaryimage","url":"https:\/\/beuhparadis.com\/wp-content\/uploads\/2024\/12\/Bonbons-gelifies-au-THC-hors-du-bureau.webp","contentUrl":"https:\/\/beuhparadis.com\/wp-content\/uploads\/2024\/12\/Bonbons-gelifies-au-THC-hors-du-bureau.webp","width":1600,"height":1600},{"@type":"BreadcrumbList","@id":"https:\/\/beuhparadis.com\/product\/bonbons-gelifies-au-thc-hors-du-bureau\/#breadcrumb","itemListElement":[{"@type":"ListItem","position":1,"name":"Home","item":"https:\/\/beuhparadis.com\/"},{"@type":"ListItem","position":2,"name":"Shop","item":"https:\/\/beuhparadis.com\/shop\/"},{"@type":"ListItem","position":3,"name":"Bonbons g\u00e9lifi\u00e9s au THC hors du bureau"}]},{"@type":"WebSite","@id":"https:\/\/beuhparadis.com\/#website","url":"https:\/\/beuhparadis.com\/","name":"Beuh Paradis","description":"","potentialAction":[{"@type":"SearchAction","target":{"@type":"EntryPoint","urlTemplate":"https:\/\/beuhparadis.com\/?s={search_term_string}"},"query-input":{"@type":"PropertyValueSpecification","valueRequired":true,"valueName":"search_term_string"}}],"inLanguage":"sk-SK"}]}},"_links":{"self":[{"href":"https:\/\/beuhparadis.com\/sk\/wp-json\/wp\/v2\/product\/1538","targetHints":{"allow":["GET"]}}],"collection":[{"href":"https:\/\/beuhparadis.com\/sk\/wp-json\/wp\/v2\/product"}],"about":[{"href":"https:\/\/beuhparadis.com\/sk\/wp-json\/wp\/v2\/types\/product"}],"replies":[{"embeddable":true,"href":"https:\/\/beuhparadis.com\/sk\/wp-json\/wp\/v2\/comments?post=1538"}],"wp:featuredmedia":[{"embeddable":true,"href":"https:\/\/beuhparadis.com\/sk\/wp-json\/wp\/v2\/media\/1569"}],"wp:attachment":[{"href":"https:\/\/beuhparadis.com\/sk\/wp-json\/wp\/v2\/media?parent=1538"}],"wp:term":[{"taxonomy":"product_brand","embeddable":true,"href":"https:\/\/beuhparadis.com\/sk\/wp-json\/wp\/v2\/product_brand?post=1538"},{"taxonomy":"product_cat","embeddable":true,"href":"https:\/\/beuhparadis.com\/sk\/wp-json\/wp\/v2\/product_cat?post=1538"},{"taxonomy":"product_tag","embeddable":true,"href":"https:\/\/beuhparadis.com\/sk\/wp-json\/wp\/v2\/product_tag?post=1538"}],"curies":[{"name":"wp","href":"https:\/\/api.w.org\/{rel}","templated":true}]}}