{"id":1527,"date":"2024-12-10T23:41:09","date_gmt":"2024-12-10T23:41:09","guid":{"rendered":"https:\/\/beuhparadis.com\/?post_type=product&#038;p=1527"},"modified":"2025-01-28T11:13:50","modified_gmt":"2025-01-28T11:13:50","slug":"bonbons-gelifies-cbdthc-daily-delight","status":"publish","type":"product","link":"https:\/\/beuhparadis.com\/sk\/product\/bonbons-gelifies-cbdthc-daily-delight\/","title":{"rendered":"Daily Delight CBD+THC \u017eel\u00e9 cukr\u00edky"},"content":{"rendered":"<h1 class=\"wp-block-heading\">K\u00fapi\u0165 \u017eel\u00e9 fazu\u013eky Daily Delight<\/h1>\n<p>Daily Delight Jellies s\u00fa dokonal\u00fdm spojen\u00edm okam\u017eit\u00e9ho pote\u0161enia a najvy\u0161\u0161\u00edch \u0161tandardov kvality. V\u010faka optim\u00e1lnej d\u00e1vke THC na okam\u017eit\u00e9 uspokojenie s\u013eubuj\u00fa tieto \u017euva\u010dky premeni\u0165 ka\u017ed\u00fd okamih na v\u00fdnimo\u010dn\u00fd z\u00e1\u017eitok. Certifikovan\u00e9 testami tret\u00edch str\u00e1n zaru\u010duj\u00fa \u00fapln\u00fd s\u00falad so z\u00e1konn\u00fdmi po\u017eiadavkami a bezkonkuren\u010dn\u00fa \u010distotu.<\/p>\n<p><strong>K\u013e\u00fa\u010dov\u00e9 inform\u00e1cie<\/strong><\/p>\n<ul class=\"wp-block-list\">\n<li><strong>Certifik\u00e1cia<\/strong>: Testovan\u00e9 tret\u00edmi stranami, aby sa zaru\u010dila presnos\u0165 a s\u00falad so z\u00e1konom<\/li>\n<li><strong>THC<\/strong>Hladiny pod z\u00e1konn\u00fdm limitom 0,3% (hmotnostne)<\/li>\n<li><strong>Upozornenie Prop 65<\/strong>Obsahuje THC, ktor\u00fd je v Kalifornii uznan\u00fd ako reproduk\u010dn\u00fd tox\u00edn<\/li>\n<li><strong>Pou\u017e\u00edvanie<\/strong>M\u00f4\u017ee vyvola\u0165 ospalos\u0165, po konzum\u00e1cii sa vyhnite riadeniu vozidiel alebo pou\u017e\u00edvaniu \u0165a\u017ek\u00fdch strojov.<\/li>\n<\/ul>\n<h2 class=\"wp-block-heading\">THC a CBD<\/h2>\n<ul class=\"wp-block-list\">\n<li><strong>THC<\/strong>5 mg na \u017euva\u010dku pre okam\u017eit\u00e9 pote\u0161enie<\/li>\n<li><strong>CBD<\/strong>Zanedbate\u013en\u00e9 koncentr\u00e1cie, zamerajte sa na \u00fa\u010dinky THC<\/li>\n<\/ul>\n<h2 class=\"wp-block-heading\">Ako ich pou\u017e\u00edva\u0165<\/h2>\n<p>\u017duva\u010dka pon\u00faka maxim\u00e1lnu silu THC pre okam\u017eit\u00e9 uspokojenie, ktor\u00e9 umo\u017e\u0148uje plne a vedome si vychutna\u0165 dan\u00fd okamih.<\/p>\n<h2 class=\"wp-block-heading\">Kde si m\u00f4\u017eem k\u00fapi\u0165 \u017eel\u00e9 fazu\u013eky Daily Delight online?<\/h2>\n<p>K dispoz\u00edcii od Acheterducannabis, v\u00e1\u0161ho d\u00f4veryhodn\u00e9ho zdroja leg\u00e1lnych, vysokokvalitn\u00fdch konopn\u00fdch produktov.<\/p>\n<h2 class=\"wp-block-heading\">\u00da\u010dinky, v\u00f4\u0148a a chu\u0165<\/h2>\n<h3 class=\"wp-block-heading\">\u00da\u010dinok<\/h3>\n<ul class=\"wp-block-list\">\n<li>Okam\u017eit\u00e9 pote\u0161enie a zv\u00fd\u0161en\u00e1 pr\u00edtomnos\u0165 a rados\u0165 z prostredia<\/li>\n<\/ul>\n<h3 class=\"wp-block-heading\">Ar\u00f3ma<\/h3>\n<ul class=\"wp-block-list\">\n<li>Jemn\u00e9 t\u00f3ny, ktor\u00e9 dop\u013a\u0148aj\u00fa z\u00e1\u017eitok bez toho, aby mu dominovali<\/li>\n<\/ul>\n<h3 class=\"wp-block-heading\">Chu\u0165<\/h3>\n<ul class=\"wp-block-list\">\n<li>Lahodn\u00e1 chu\u0165, v\u010faka ktorej je ka\u017ed\u00fd k\u00fasok \u017euva\u010dky neodolate\u013en\u00fd<\/li>\n<\/ul>\n<h2 class=\"wp-block-heading\">Zdravotn\u00e9 \u00fa\u010dinky<\/h2>\n<h3 class=\"wp-block-heading\">Zdravotn\u00e9 \u00fa\u010dinky<\/h3>\n<ul class=\"wp-block-list\">\n<li>Relax\u00e1cia a pohoda<\/li>\n<li>Zlep\u0161enie n\u00e1lady<\/li>\n<\/ul>\n<h3 class=\"wp-block-heading\">M\u00f4\u017ee zmierni\u0165<\/h3>\n<ul class=\"wp-block-list\">\n<li>Stres<\/li>\n<li>\u00dazkos\u0165<\/li>\n<li>Poruchy n\u00e1lady<\/li>\n<\/ul>\n<h2 class=\"wp-block-heading\">Pre\u010do si k\u00fapi\u0165 \u017eel\u00e9 fazu\u013eky od Acheterducannabis?<\/h2>\n<p><a href=\"https:\/\/beuhparadis.com\/sk\/product\/charas-hash\/\" data-type=\"link\" data-id=\"https:\/\/acheterducannabis.fr\/\">Beuhparadis.com<\/a> sa zaviazala pon\u00faka\u0165 v\u00fdrobky z konope najvy\u0161\u0161ej kvality a pr\u00edsne testova\u0165, aby sa zabezpe\u010dila spokojnos\u0165 a bezpe\u010dnos\u0165. V\u010faka diskr\u00e9tnemu a r\u00fdchlemu dodaniu je Acheterducannabis ide\u00e1lnou vo\u013ebou pre va\u0161e potreby \u017eel\u00e9 cukr\u00edkov Daily Delight.<\/p>\n<h2 class=\"wp-block-heading\">Vl\u00e1dne pr\u00e1vne predpisy o predaji \u017eel\u00e9 fazuliek v Eur\u00f3pe<\/h2>\n<p>V s\u00falade s eur\u00f3pskymi z\u00e1konmi Bonbons G\u00e9lifi\u00e9s sp\u013a\u0148a povolen\u00e9 limity THC, \u010do zaru\u010duje leg\u00e1lnu a zodpovedn\u00fa konzum\u00e1ciu. Odpor\u00fa\u010dame v\u00e1m, aby ste si pred n\u00e1kupom overili predpisy platn\u00e9 vo va\u0161om regi\u00f3ne.<\/p>\n<p>\u017del\u00e9 fazu\u013eky Daily Delight s\u00fa ide\u00e1lnym rie\u0161en\u00edm pre t\u00fdch, ktor\u00ed h\u013eadaj\u00fa okam\u017eit\u00e9 pote\u0161enie bez kompromisov v kvalite alebo leg\u00e1lnosti. Objednajte si teraz od Acheterducannabis pre neporovnate\u013en\u00fd z\u00e1\u017eitok z pohody.<\/p>","protected":false},"excerpt":{"rendered":"<p><strong>Zdravotn\u00e9 \u00fa\u010dinky:<br \/>\n<\/strong><\/p>\n<ul class=\"wp-block-list\">\n<li>Relax\u00e1cia a pohoda<\/li>\n<li>Zlep\u0161enie n\u00e1lady<\/li>\n<\/ul>\n<p><strong>\u00a0<\/strong><\/p>","protected":false},"featured_media":1555,"comment_status":"closed","ping_status":"closed","template":"","meta":{"site-sidebar-layout":"default","site-content-layout":"","ast-site-content-layout":"default","site-content-style":"default","site-sidebar-style":"default","ast-global-header-display":"","ast-banner-title-visibility":"","ast-main-header-display":"","ast-hfb-above-header-display":"","ast-hfb-below-header-display":"","ast-hfb-mobile-header-display":"","site-post-title":"","ast-breadcrumbs-content":"","ast-featured-img":"","footer-sml-layout":"","theme-transparent-header-meta":"default","adv-header-id-meta":"","stick-header-meta":"","header-above-stick-meta":"","header-main-stick-meta":"","header-below-stick-meta":"","astra-migrate-meta-layouts":"set","ast-page-background-enabled":"default","ast-page-background-meta":{"desktop":{"background-color":"","background-image":"","background-repeat":"repeat","background-position":"center center","background-size":"auto","background-attachment":"scroll","background-type":"","background-media":"","overlay-type":"","overlay-color":"","overlay-opacity":"","overlay-gradient":""},"tablet":{"background-color":"","background-image":"","background-repeat":"repeat","background-position":"center center","background-size":"auto","background-attachment":"scroll","background-type":"","background-media":"","overlay-type":"","overlay-color":"","overlay-opacity":"","overlay-gradient":""},"mobile":{"background-color":"","background-image":"","background-repeat":"repeat","background-position":"center center","background-size":"auto","background-attachment":"scroll","background-type":"","background-media":"","overlay-type":"","overlay-color":"","overlay-opacity":"","overlay-gradient":""}},"ast-content-background-meta":{"desktop":{"background-color":"var(--ast-global-color-5)","background-image":"","background-repeat":"repeat","background-position":"center center","background-size":"auto","background-attachment":"scroll","background-type":"","background-media":"","overlay-type":"","overlay-color":"","overlay-opacity":"","overlay-gradient":""},"tablet":{"background-color":"var(--ast-global-color-5)","background-image":"","background-repeat":"repeat","background-position":"center center","background-size":"auto","background-attachment":"scroll","background-type":"","background-media":"","overlay-type":"","overlay-color":"","overlay-opacity":"","overlay-gradient":""},"mobile":{"background-color":"var(--ast-global-color-5)","background-image":"","background-repeat":"repeat","background-position":"center center","background-size":"auto","background-attachment":"scroll","background-type":"","background-media":"","overlay-type":"","overlay-color":"","overlay-opacity":"","overlay-gradient":""}},"_joinchat":[]},"product_brand":[],"product_cat":[38],"product_tag":[],"class_list":{"0":"post-1527","1":"product","2":"type-product","3":"status-publish","4":"has-post-thumbnail","6":"product_cat-bonbons-thc","7":"desktop-align-left","8":"tablet-align-left","9":"mobile-align-left","11":"first","12":"instock","13":"shipping-taxable","14":"purchasable","15":"product-type-variable"},"yoast_head":"<!-- This site is optimized with the Yoast SEO Premium plugin v24.1 (Yoast SEO v26.8) - https:\/\/yoast.com\/product\/yoast-seo-premium-wordpress\/ -->\n<title>Acheter Bonbons G\u00e9lifi\u00e9s Daily Delight | Douceurs Relaxantes<\/title>\n<meta name=\"description\" content=\"D\u00e9couvrez les bonbons g\u00e9lifi\u00e9s Daily Delight, des douceurs relaxantes et savoureuses. Achetez en ligne avec livraison discr\u00e8te et rapide.\" \/>\n<meta name=\"robots\" content=\"index, follow, max-snippet:-1, max-image-preview:large, max-video-preview:-1\" \/>\n<link rel=\"canonical\" href=\"https:\/\/beuhparadis.com\/sk\/product\/bonbons-gelifies-cbdthc-daily-delight\/\" \/>\n<meta property=\"og:locale\" content=\"sk_SK\" \/>\n<meta property=\"og:type\" content=\"article\" \/>\n<meta property=\"og:title\" content=\"Bonbons g\u00e9lifi\u00e9s CBD+THC Daily Delight\" \/>\n<meta property=\"og:description\" content=\"D\u00e9couvrez les bonbons g\u00e9lifi\u00e9s Daily Delight, des douceurs relaxantes et savoureuses. Achetez en ligne avec livraison discr\u00e8te et rapide.\" \/>\n<meta property=\"og:url\" content=\"https:\/\/beuhparadis.com\/sk\/product\/bonbons-gelifies-cbdthc-daily-delight\/\" \/>\n<meta property=\"og:site_name\" content=\"Beuh Paradis\" \/>\n<meta property=\"article:modified_time\" content=\"2025-01-28T11:13:50+00:00\" \/>\n<meta property=\"og:image\" content=\"https:\/\/beuhparadis.com\/wp-content\/uploads\/2024\/12\/Bonbons-gelifies-CBDTHC-Daily-Delight.webp\" \/>\n\t<meta property=\"og:image:width\" content=\"900\" \/>\n\t<meta property=\"og:image:height\" content=\"900\" \/>\n\t<meta property=\"og:image:type\" content=\"image\/webp\" \/>\n<meta name=\"twitter:card\" content=\"summary_large_image\" \/>\n<meta name=\"twitter:label1\" content=\"Predpokladan\u00fd \u010das \u010d\u00edtania\" \/>\n\t<meta name=\"twitter:data1\" content=\"2 minutes\" \/>\n<script type=\"application\/ld+json\" class=\"yoast-schema-graph\">{\"@context\":\"https:\/\/schema.org\",\"@graph\":[{\"@type\":\"WebPage\",\"@id\":\"https:\/\/beuhparadis.com\/product\/bonbons-gelifies-cbdthc-daily-delight\/\",\"url\":\"https:\/\/beuhparadis.com\/product\/bonbons-gelifies-cbdthc-daily-delight\/\",\"name\":\"Acheter Bonbons G\u00e9lifi\u00e9s Daily Delight | Douceurs Relaxantes\",\"isPartOf\":{\"@id\":\"https:\/\/beuhparadis.com\/#website\"},\"primaryImageOfPage\":{\"@id\":\"https:\/\/beuhparadis.com\/product\/bonbons-gelifies-cbdthc-daily-delight\/#primaryimage\"},\"image\":{\"@id\":\"https:\/\/beuhparadis.com\/product\/bonbons-gelifies-cbdthc-daily-delight\/#primaryimage\"},\"thumbnailUrl\":\"https:\/\/beuhparadis.com\/wp-content\/uploads\/2024\/12\/Bonbons-gelifies-CBDTHC-Daily-Delight.webp\",\"datePublished\":\"2024-12-10T23:41:09+00:00\",\"dateModified\":\"2025-01-28T11:13:50+00:00\",\"description\":\"D\u00e9couvrez les bonbons g\u00e9lifi\u00e9s Daily Delight, des douceurs relaxantes et savoureuses. Achetez en ligne avec livraison discr\u00e8te et rapide.\",\"breadcrumb\":{\"@id\":\"https:\/\/beuhparadis.com\/product\/bonbons-gelifies-cbdthc-daily-delight\/#breadcrumb\"},\"inLanguage\":\"sk-SK\",\"potentialAction\":[{\"@type\":\"ReadAction\",\"target\":[\"https:\/\/beuhparadis.com\/product\/bonbons-gelifies-cbdthc-daily-delight\/\"]}]},{\"@type\":\"ImageObject\",\"inLanguage\":\"sk-SK\",\"@id\":\"https:\/\/beuhparadis.com\/product\/bonbons-gelifies-cbdthc-daily-delight\/#primaryimage\",\"url\":\"https:\/\/beuhparadis.com\/wp-content\/uploads\/2024\/12\/Bonbons-gelifies-CBDTHC-Daily-Delight.webp\",\"contentUrl\":\"https:\/\/beuhparadis.com\/wp-content\/uploads\/2024\/12\/Bonbons-gelifies-CBDTHC-Daily-Delight.webp\",\"width\":900,\"height\":900},{\"@type\":\"BreadcrumbList\",\"@id\":\"https:\/\/beuhparadis.com\/product\/bonbons-gelifies-cbdthc-daily-delight\/#breadcrumb\",\"itemListElement\":[{\"@type\":\"ListItem\",\"position\":1,\"name\":\"Home\",\"item\":\"https:\/\/beuhparadis.com\/\"},{\"@type\":\"ListItem\",\"position\":2,\"name\":\"Shop\",\"item\":\"https:\/\/beuhparadis.com\/shop\/\"},{\"@type\":\"ListItem\",\"position\":3,\"name\":\"Bonbons g\u00e9lifi\u00e9s CBD+THC Daily Delight\"}]},{\"@type\":\"WebSite\",\"@id\":\"https:\/\/beuhparadis.com\/#website\",\"url\":\"https:\/\/beuhparadis.com\/\",\"name\":\"Beuh Paradis\",\"description\":\"\",\"potentialAction\":[{\"@type\":\"SearchAction\",\"target\":{\"@type\":\"EntryPoint\",\"urlTemplate\":\"https:\/\/beuhparadis.com\/?s={search_term_string}\"},\"query-input\":{\"@type\":\"PropertyValueSpecification\",\"valueRequired\":true,\"valueName\":\"search_term_string\"}}],\"inLanguage\":\"sk-SK\"}]}<\/script>\n<!-- \/ Yoast SEO Premium plugin. -->","yoast_head_json":{"title":"K\u00fapi\u0165 Bonbons G\u00e9lifi\u00e9s Daily Delight | Douceurs Relaxantes","description":"Objavte \u017eel\u00e9 cukr\u00edky Daily Delight, relaxa\u010dn\u00e9 a chutn\u00e9 poch\u00fa\u0165ky. Nakupujte online s r\u00fdchlym a diskr\u00e9tnym doru\u010den\u00edm.","robots":{"index":"index","follow":"follow","max-snippet":"max-snippet:-1","max-image-preview":"max-image-preview:large","max-video-preview":"max-video-preview:-1"},"canonical":"https:\/\/beuhparadis.com\/sk\/product\/bonbons-gelifies-cbdthc-daily-delight\/","og_locale":"sk_SK","og_type":"article","og_title":"Bonbons g\u00e9lifi\u00e9s CBD+THC Daily Delight","og_description":"D\u00e9couvrez les bonbons g\u00e9lifi\u00e9s Daily Delight, des douceurs relaxantes et savoureuses. Achetez en ligne avec livraison discr\u00e8te et rapide.","og_url":"https:\/\/beuhparadis.com\/sk\/product\/bonbons-gelifies-cbdthc-daily-delight\/","og_site_name":"Beuh Paradis","article_modified_time":"2025-01-28T11:13:50+00:00","og_image":[{"width":900,"height":900,"url":"https:\/\/beuhparadis.com\/wp-content\/uploads\/2024\/12\/Bonbons-gelifies-CBDTHC-Daily-Delight.webp","type":"image\/webp"}],"twitter_card":"summary_large_image","twitter_misc":{"Predpokladan\u00fd \u010das \u010d\u00edtania":"2 minutes"},"schema":{"@context":"https:\/\/schema.org","@graph":[{"@type":"WebPage","@id":"https:\/\/beuhparadis.com\/product\/bonbons-gelifies-cbdthc-daily-delight\/","url":"https:\/\/beuhparadis.com\/product\/bonbons-gelifies-cbdthc-daily-delight\/","name":"K\u00fapi\u0165 Bonbons G\u00e9lifi\u00e9s Daily Delight | Douceurs Relaxantes","isPartOf":{"@id":"https:\/\/beuhparadis.com\/#website"},"primaryImageOfPage":{"@id":"https:\/\/beuhparadis.com\/product\/bonbons-gelifies-cbdthc-daily-delight\/#primaryimage"},"image":{"@id":"https:\/\/beuhparadis.com\/product\/bonbons-gelifies-cbdthc-daily-delight\/#primaryimage"},"thumbnailUrl":"https:\/\/beuhparadis.com\/wp-content\/uploads\/2024\/12\/Bonbons-gelifies-CBDTHC-Daily-Delight.webp","datePublished":"2024-12-10T23:41:09+00:00","dateModified":"2025-01-28T11:13:50+00:00","description":"Objavte \u017eel\u00e9 cukr\u00edky Daily Delight, relaxa\u010dn\u00e9 a chutn\u00e9 poch\u00fa\u0165ky. Nakupujte online s r\u00fdchlym a diskr\u00e9tnym doru\u010den\u00edm.","breadcrumb":{"@id":"https:\/\/beuhparadis.com\/product\/bonbons-gelifies-cbdthc-daily-delight\/#breadcrumb"},"inLanguage":"sk-SK","potentialAction":[{"@type":"ReadAction","target":["https:\/\/beuhparadis.com\/product\/bonbons-gelifies-cbdthc-daily-delight\/"]}]},{"@type":"ImageObject","inLanguage":"sk-SK","@id":"https:\/\/beuhparadis.com\/product\/bonbons-gelifies-cbdthc-daily-delight\/#primaryimage","url":"https:\/\/beuhparadis.com\/wp-content\/uploads\/2024\/12\/Bonbons-gelifies-CBDTHC-Daily-Delight.webp","contentUrl":"https:\/\/beuhparadis.com\/wp-content\/uploads\/2024\/12\/Bonbons-gelifies-CBDTHC-Daily-Delight.webp","width":900,"height":900},{"@type":"BreadcrumbList","@id":"https:\/\/beuhparadis.com\/product\/bonbons-gelifies-cbdthc-daily-delight\/#breadcrumb","itemListElement":[{"@type":"ListItem","position":1,"name":"Home","item":"https:\/\/beuhparadis.com\/"},{"@type":"ListItem","position":2,"name":"Shop","item":"https:\/\/beuhparadis.com\/shop\/"},{"@type":"ListItem","position":3,"name":"Bonbons g\u00e9lifi\u00e9s CBD+THC Daily Delight"}]},{"@type":"WebSite","@id":"https:\/\/beuhparadis.com\/#website","url":"https:\/\/beuhparadis.com\/","name":"Beuh Paradis","description":"","potentialAction":[{"@type":"SearchAction","target":{"@type":"EntryPoint","urlTemplate":"https:\/\/beuhparadis.com\/?s={search_term_string}"},"query-input":{"@type":"PropertyValueSpecification","valueRequired":true,"valueName":"search_term_string"}}],"inLanguage":"sk-SK"}]}},"_links":{"self":[{"href":"https:\/\/beuhparadis.com\/sk\/wp-json\/wp\/v2\/product\/1527","targetHints":{"allow":["GET"]}}],"collection":[{"href":"https:\/\/beuhparadis.com\/sk\/wp-json\/wp\/v2\/product"}],"about":[{"href":"https:\/\/beuhparadis.com\/sk\/wp-json\/wp\/v2\/types\/product"}],"replies":[{"embeddable":true,"href":"https:\/\/beuhparadis.com\/sk\/wp-json\/wp\/v2\/comments?post=1527"}],"wp:featuredmedia":[{"embeddable":true,"href":"https:\/\/beuhparadis.com\/sk\/wp-json\/wp\/v2\/media\/1555"}],"wp:attachment":[{"href":"https:\/\/beuhparadis.com\/sk\/wp-json\/wp\/v2\/media?parent=1527"}],"wp:term":[{"taxonomy":"product_brand","embeddable":true,"href":"https:\/\/beuhparadis.com\/sk\/wp-json\/wp\/v2\/product_brand?post=1527"},{"taxonomy":"product_cat","embeddable":true,"href":"https:\/\/beuhparadis.com\/sk\/wp-json\/wp\/v2\/product_cat?post=1527"},{"taxonomy":"product_tag","embeddable":true,"href":"https:\/\/beuhparadis.com\/sk\/wp-json\/wp\/v2\/product_tag?post=1527"}],"curies":[{"name":"wp","href":"https:\/\/api.w.org\/{rel}","templated":true}]}}