{"id":1522,"date":"2024-12-10T23:41:09","date_gmt":"2024-12-10T23:41:09","guid":{"rendered":"https:\/\/beuhparadis.com\/?post_type=product&#038;p=1522"},"modified":"2025-01-28T11:08:57","modified_gmt":"2025-01-28T11:08:57","slug":"cherry-bomb","status":"publish","type":"product","link":"https:\/\/beuhparadis.com\/sk\/product\/cherry-bomb\/","title":{"rendered":"Cherry Bomb"},"content":{"rendered":"<h1 class=\"wp-block-heading\">K\u00fapi\u0165 Cherry Bomb Bonbons THC<\/h1>\n<p>K\u00fapte si Cherry Bomb Bonbons THC, chutn\u00fd a inovat\u00edvny sp\u00f4sob, ako si vychutna\u0165 v\u00fdhody konope. V\u010faka presnej koncentr\u00e1cii THC a neodolate\u013enej \u010dere\u0161\u0148ovej pr\u00edchuti s\u00fa tieto cukr\u00edky ide\u00e1lne pre t\u00fdch, ktor\u00ed h\u013eadaj\u00fa p\u00f4\u017eitok a z\u00e1rove\u0148 euforick\u00fd z\u00e1\u017eitok.<\/p>\n<h2 class=\"wp-block-heading\">K\u013e\u00fa\u010dov\u00e9 inform\u00e1cie<\/h2>\n<ul class=\"wp-block-list\">\n<li><strong>Typ<\/strong>Sativa<\/li>\n<li><strong>THC<\/strong>80 mg na \u017euva\u010dku<\/li>\n<li><strong>D\u00e1vkovanie<\/strong>\u013dahko sa rozdel\u00ed do 8 d\u00e1vok po 10 mg<\/li>\n<li><strong>V\u00fdroba<\/strong>Vyroben\u00e9 z extraktu konopy siatej<\/li>\n<li><strong>Upozornenie<\/strong>Obsahuje vysokokvalitn\u00e9 konope. Uchov\u00e1vajte mimo dosahu det\u00ed a dom\u00e1cich zvierat.<\/li>\n<\/ul>\n<h2 class=\"wp-block-heading\">THC a CBD<\/h2>\n<ul class=\"wp-block-list\">\n<li><strong>THC<\/strong>80 mg na \u017euva\u010dku<\/li>\n<li><strong>CBD<\/strong>Zanedbate\u013en\u00e9 stopy so zameran\u00edm na \u00fa\u010dinok THC<\/li>\n<\/ul>\n<h2 class=\"wp-block-heading\">Ako ho pou\u017e\u00edva\u0165<\/h2>\n<p>Za\u010dnite so \u0161tvrtinovou a\u017e polovi\u010dnou d\u00e1vkou (10 mg) a po\u010dkajte 60 min\u00fat, k\u00fdm poc\u00edtite pln\u00fd \u00fa\u010dinok, a a\u017e potom zv\u00e1\u017ete \u010fal\u0161iu d\u00e1vku. U\u017e\u00edvanie s jedlom m\u00f4\u017ee z\u00e1\u017eitok umocni\u0165.<\/p>\n<h2 class=\"wp-block-heading\">Kde k\u00fapi\u0165 Cherry Bomb Bonbons THC online?<\/h2>\n<p>K dispoz\u00edcii v\u00fdlu\u010dne v <a href=\"https:\/\/beuhparadis.com\/sk\/product\/charas-hash\/\">Beuhparadis<\/a>V\u00e1\u0161 d\u00f4veryhodn\u00fd zdroj kvalitn\u00fdch konopn\u00fdch produktov.<\/p>\n<h2 class=\"wp-block-heading\">\u00da\u010dinky, v\u00f4\u0148a a chu\u0165<\/h2>\n<h3 class=\"wp-block-heading\">\u00da\u010dinok<\/h3>\n<ul class=\"wp-block-list\">\n<li>Stimuluj\u00face a euforick\u00e9, typick\u00e9 pre kme\u0148 Sativa<\/li>\n<\/ul>\n<h3 class=\"wp-block-heading\">Ar\u00f3ma<\/h3>\n<ul class=\"wp-block-list\">\n<li>Omamn\u00e1 v\u00f4\u0148a \u010dere\u0161n\u00ed, ktor\u00e1 v\u00e1s vyz\u00fdva, aby ste si ju vychutnali<\/li>\n<\/ul>\n<h3 class=\"wp-block-heading\">Chu\u0165<\/h3>\n<ul class=\"wp-block-list\">\n<li>Dokonal\u00e1 rovnov\u00e1ha sladk\u00e9ho a trpk\u00e9ho, pripom\u00ednaj\u00faca \u010derstv\u00e9 \u010dere\u0161ne.<\/li>\n<\/ul>\n<h2 class=\"wp-block-heading\">Zdravotn\u00e9 \u00fa\u010dinky<\/h2>\n<h3 class=\"wp-block-heading\">Zdravotn\u00e9 \u00fa\u010dinky<\/h3>\n<ul class=\"wp-block-list\">\n<li>M\u00f4\u017ee pom\u00f4c\u0165 zlep\u0161i\u0165 n\u00e1ladu a zv\u00fd\u0161i\u0165 hladinu energie<\/li>\n<\/ul>\n<h3 class=\"wp-block-heading\">M\u00f4\u017ee zmierni\u0165<\/h3>\n<ul class=\"wp-block-list\">\n<li>Stres a \u00fazkos\u0165<\/li>\n<li>\u00danava<\/li>\n<li>Nedostatok chuti do jedla<\/li>\n<\/ul>\n<h2 class=\"wp-block-heading\">Pre\u010do si k\u00fapi\u0165 Cherry Bomb Bonbons THC od Acheterducannabis?<\/h2>\n<p>Acheterducannabis sa vyzna\u010duje svoj\u00edm z\u00e1v\u00e4zkom ku kvalite a spokojnosti z\u00e1kazn\u00edkov a pon\u00faka spo\u013eahliv\u00e9, testovan\u00e9 produkty pre bezpe\u010dn\u00fd a pr\u00edjemn\u00fd z\u00e1\u017eitok.<\/p>\n<h2 class=\"wp-block-heading\">Vl\u00e1dne pr\u00e1vne predpisy o predaji \u017eel\u00e9 cukroviniek v Eur\u00f3pe<\/h2>\n<p>Cukr\u00edky Cherry Bomb THC s\u00fa v s\u00falade s platn\u00fdmi eur\u00f3pskymi predpismi a s\u00fa dostupn\u00e9 v oblastiach, kde je pou\u017e\u00edvanie konope na lie\u010debn\u00e9 \u00fa\u010dely leg\u00e1lne. Pred n\u00e1kupom sa odpor\u00fa\u010da overi\u0165 si miestne z\u00e1kony.<\/p>\n<p>Tieto Cherry Bomb Bonbons THC predstavuj\u00fa dokonal\u00e9 spojenie p\u00f4\u017eitku a sily a pon\u00fakaj\u00fa jedine\u010dn\u00fd z\u00e1\u017eitok pre milovn\u00edkov konope. Acheterducannabis je va\u0161ou vo\u013ebou \u010d\u00edslo jeden pre bezpe\u010dn\u00e9 a vysokokvalitn\u00e9 konopn\u00e9 produkty.<\/p>","protected":false},"excerpt":{"rendered":"<p><strong>Zdravotn\u00e9 \u00fa\u010dinky:<\/strong><\/p>\n<p>M\u00f4\u017ee pom\u00f4c\u0165 zlep\u0161i\u0165 n\u00e1ladu a zv\u00fd\u0161i\u0165 hladinu energie<\/p>","protected":false},"featured_media":1554,"comment_status":"closed","ping_status":"closed","template":"","meta":{"site-sidebar-layout":"default","site-content-layout":"","ast-site-content-layout":"default","site-content-style":"default","site-sidebar-style":"default","ast-global-header-display":"","ast-banner-title-visibility":"","ast-main-header-display":"","ast-hfb-above-header-display":"","ast-hfb-below-header-display":"","ast-hfb-mobile-header-display":"","site-post-title":"","ast-breadcrumbs-content":"","ast-featured-img":"","footer-sml-layout":"","theme-transparent-header-meta":"default","adv-header-id-meta":"","stick-header-meta":"","header-above-stick-meta":"","header-main-stick-meta":"","header-below-stick-meta":"","astra-migrate-meta-layouts":"set","ast-page-background-enabled":"default","ast-page-background-meta":{"desktop":{"background-color":"","background-image":"","background-repeat":"repeat","background-position":"center center","background-size":"auto","background-attachment":"scroll","background-type":"","background-media":"","overlay-type":"","overlay-color":"","overlay-opacity":"","overlay-gradient":""},"tablet":{"background-color":"","background-image":"","background-repeat":"repeat","background-position":"center center","background-size":"auto","background-attachment":"scroll","background-type":"","background-media":"","overlay-type":"","overlay-color":"","overlay-opacity":"","overlay-gradient":""},"mobile":{"background-color":"","background-image":"","background-repeat":"repeat","background-position":"center center","background-size":"auto","background-attachment":"scroll","background-type":"","background-media":"","overlay-type":"","overlay-color":"","overlay-opacity":"","overlay-gradient":""}},"ast-content-background-meta":{"desktop":{"background-color":"var(--ast-global-color-5)","background-image":"","background-repeat":"repeat","background-position":"center center","background-size":"auto","background-attachment":"scroll","background-type":"","background-media":"","overlay-type":"","overlay-color":"","overlay-opacity":"","overlay-gradient":""},"tablet":{"background-color":"var(--ast-global-color-5)","background-image":"","background-repeat":"repeat","background-position":"center center","background-size":"auto","background-attachment":"scroll","background-type":"","background-media":"","overlay-type":"","overlay-color":"","overlay-opacity":"","overlay-gradient":""},"mobile":{"background-color":"var(--ast-global-color-5)","background-image":"","background-repeat":"repeat","background-position":"center center","background-size":"auto","background-attachment":"scroll","background-type":"","background-media":"","overlay-type":"","overlay-color":"","overlay-opacity":"","overlay-gradient":""}},"_joinchat":[]},"product_brand":[],"product_cat":[38],"product_tag":[],"class_list":{"0":"post-1522","1":"product","2":"type-product","3":"status-publish","4":"has-post-thumbnail","6":"product_cat-bonbons-thc","7":"desktop-align-left","8":"tablet-align-left","9":"mobile-align-left","11":"first","12":"instock","13":"shipping-taxable","14":"purchasable","15":"product-type-variable"},"yoast_head":"<!-- This site is optimized with the Yoast SEO Premium plugin v24.1 (Yoast SEO v26.8) - https:\/\/yoast.com\/product\/yoast-seo-premium-wordpress\/ -->\n<title>Acheter Cherry Bomb Bonbons \u2013 Saveurs Explosives<\/title>\n<meta name=\"description\" content=\"Acheter des Cherry Bomb Bonbons sur Beuh Paradis. Une explosion de saveurs de cerise et des effets relaxants garantis. Livraison rapide et discr\u00e8te\" \/>\n<meta name=\"robots\" content=\"index, follow, max-snippet:-1, max-image-preview:large, max-video-preview:-1\" \/>\n<link rel=\"canonical\" href=\"https:\/\/beuhparadis.com\/sk\/product\/cherry-bomb\/\" \/>\n<meta property=\"og:locale\" content=\"sk_SK\" \/>\n<meta property=\"og:type\" content=\"article\" \/>\n<meta property=\"og:title\" content=\"Cherry Bomb\" \/>\n<meta property=\"og:description\" content=\"Acheter des Cherry Bomb Bonbons sur Beuh Paradis. Une explosion de saveurs de cerise et des effets relaxants garantis. Livraison rapide et discr\u00e8te\" \/>\n<meta property=\"og:url\" content=\"https:\/\/beuhparadis.com\/sk\/product\/cherry-bomb\/\" \/>\n<meta property=\"og:site_name\" content=\"Beuh Paradis\" \/>\n<meta property=\"article:modified_time\" content=\"2025-01-28T11:08:57+00:00\" \/>\n<meta property=\"og:image\" content=\"https:\/\/beuhparadis.com\/wp-content\/uploads\/2024\/12\/Cherry-Kush.webp\" \/>\n\t<meta property=\"og:image:width\" content=\"1000\" \/>\n\t<meta property=\"og:image:height\" content=\"1000\" \/>\n\t<meta property=\"og:image:type\" content=\"image\/webp\" \/>\n<meta name=\"twitter:card\" content=\"summary_large_image\" \/>\n<meta name=\"twitter:label1\" content=\"Predpokladan\u00fd \u010das \u010d\u00edtania\" \/>\n\t<meta name=\"twitter:data1\" content=\"2 minutes\" \/>\n<script type=\"application\/ld+json\" class=\"yoast-schema-graph\">{\"@context\":\"https:\/\/schema.org\",\"@graph\":[{\"@type\":\"WebPage\",\"@id\":\"https:\/\/beuhparadis.com\/product\/cherry-bomb\/\",\"url\":\"https:\/\/beuhparadis.com\/product\/cherry-bomb\/\",\"name\":\"Acheter Cherry Bomb Bonbons \u2013 Saveurs Explosives\",\"isPartOf\":{\"@id\":\"https:\/\/beuhparadis.com\/#website\"},\"primaryImageOfPage\":{\"@id\":\"https:\/\/beuhparadis.com\/product\/cherry-bomb\/#primaryimage\"},\"image\":{\"@id\":\"https:\/\/beuhparadis.com\/product\/cherry-bomb\/#primaryimage\"},\"thumbnailUrl\":\"https:\/\/beuhparadis.com\/wp-content\/uploads\/2024\/12\/Cherry-Kush.webp\",\"datePublished\":\"2024-12-10T23:41:09+00:00\",\"dateModified\":\"2025-01-28T11:08:57+00:00\",\"description\":\"Acheter des Cherry Bomb Bonbons sur Beuh Paradis. Une explosion de saveurs de cerise et des effets relaxants garantis. Livraison rapide et discr\u00e8te\",\"breadcrumb\":{\"@id\":\"https:\/\/beuhparadis.com\/product\/cherry-bomb\/#breadcrumb\"},\"inLanguage\":\"sk-SK\",\"potentialAction\":[{\"@type\":\"ReadAction\",\"target\":[\"https:\/\/beuhparadis.com\/product\/cherry-bomb\/\"]}]},{\"@type\":\"ImageObject\",\"inLanguage\":\"sk-SK\",\"@id\":\"https:\/\/beuhparadis.com\/product\/cherry-bomb\/#primaryimage\",\"url\":\"https:\/\/beuhparadis.com\/wp-content\/uploads\/2024\/12\/Cherry-Kush.webp\",\"contentUrl\":\"https:\/\/beuhparadis.com\/wp-content\/uploads\/2024\/12\/Cherry-Kush.webp\",\"width\":1000,\"height\":1000},{\"@type\":\"BreadcrumbList\",\"@id\":\"https:\/\/beuhparadis.com\/product\/cherry-bomb\/#breadcrumb\",\"itemListElement\":[{\"@type\":\"ListItem\",\"position\":1,\"name\":\"Home\",\"item\":\"https:\/\/beuhparadis.com\/\"},{\"@type\":\"ListItem\",\"position\":2,\"name\":\"Shop\",\"item\":\"https:\/\/beuhparadis.com\/shop\/\"},{\"@type\":\"ListItem\",\"position\":3,\"name\":\"Cherry Bomb\"}]},{\"@type\":\"WebSite\",\"@id\":\"https:\/\/beuhparadis.com\/#website\",\"url\":\"https:\/\/beuhparadis.com\/\",\"name\":\"Beuh Paradis\",\"description\":\"\",\"potentialAction\":[{\"@type\":\"SearchAction\",\"target\":{\"@type\":\"EntryPoint\",\"urlTemplate\":\"https:\/\/beuhparadis.com\/?s={search_term_string}\"},\"query-input\":{\"@type\":\"PropertyValueSpecification\",\"valueRequired\":true,\"valueName\":\"search_term_string\"}}],\"inLanguage\":\"sk-SK\"}]}<\/script>\n<!-- \/ Yoast SEO Premium plugin. -->","yoast_head_json":{"title":"K\u00fapi\u0165 Cherry Bomb Bonbons - Saveurs Explosives","description":"K\u00fapi\u0165 Cherry Bomb Bonbons na Beuh Paradis. V\u00fdbuch \u010dere\u0161\u0148ovej chuti a zaru\u010den\u00e9 relaxa\u010dn\u00e9 \u00fa\u010dinky. R\u00fdchle a diskr\u00e9tne dodanie","robots":{"index":"index","follow":"follow","max-snippet":"max-snippet:-1","max-image-preview":"max-image-preview:large","max-video-preview":"max-video-preview:-1"},"canonical":"https:\/\/beuhparadis.com\/sk\/product\/cherry-bomb\/","og_locale":"sk_SK","og_type":"article","og_title":"Cherry Bomb","og_description":"Acheter des Cherry Bomb Bonbons sur Beuh Paradis. Une explosion de saveurs de cerise et des effets relaxants garantis. Livraison rapide et discr\u00e8te","og_url":"https:\/\/beuhparadis.com\/sk\/product\/cherry-bomb\/","og_site_name":"Beuh Paradis","article_modified_time":"2025-01-28T11:08:57+00:00","og_image":[{"width":1000,"height":1000,"url":"https:\/\/beuhparadis.com\/wp-content\/uploads\/2024\/12\/Cherry-Kush.webp","type":"image\/webp"}],"twitter_card":"summary_large_image","twitter_misc":{"Predpokladan\u00fd \u010das \u010d\u00edtania":"2 minutes"},"schema":{"@context":"https:\/\/schema.org","@graph":[{"@type":"WebPage","@id":"https:\/\/beuhparadis.com\/product\/cherry-bomb\/","url":"https:\/\/beuhparadis.com\/product\/cherry-bomb\/","name":"K\u00fapi\u0165 Cherry Bomb Bonbons - Saveurs Explosives","isPartOf":{"@id":"https:\/\/beuhparadis.com\/#website"},"primaryImageOfPage":{"@id":"https:\/\/beuhparadis.com\/product\/cherry-bomb\/#primaryimage"},"image":{"@id":"https:\/\/beuhparadis.com\/product\/cherry-bomb\/#primaryimage"},"thumbnailUrl":"https:\/\/beuhparadis.com\/wp-content\/uploads\/2024\/12\/Cherry-Kush.webp","datePublished":"2024-12-10T23:41:09+00:00","dateModified":"2025-01-28T11:08:57+00:00","description":"K\u00fapi\u0165 Cherry Bomb Bonbons na Beuh Paradis. V\u00fdbuch \u010dere\u0161\u0148ovej chuti a zaru\u010den\u00e9 relaxa\u010dn\u00e9 \u00fa\u010dinky. R\u00fdchle a diskr\u00e9tne dodanie","breadcrumb":{"@id":"https:\/\/beuhparadis.com\/product\/cherry-bomb\/#breadcrumb"},"inLanguage":"sk-SK","potentialAction":[{"@type":"ReadAction","target":["https:\/\/beuhparadis.com\/product\/cherry-bomb\/"]}]},{"@type":"ImageObject","inLanguage":"sk-SK","@id":"https:\/\/beuhparadis.com\/product\/cherry-bomb\/#primaryimage","url":"https:\/\/beuhparadis.com\/wp-content\/uploads\/2024\/12\/Cherry-Kush.webp","contentUrl":"https:\/\/beuhparadis.com\/wp-content\/uploads\/2024\/12\/Cherry-Kush.webp","width":1000,"height":1000},{"@type":"BreadcrumbList","@id":"https:\/\/beuhparadis.com\/product\/cherry-bomb\/#breadcrumb","itemListElement":[{"@type":"ListItem","position":1,"name":"Home","item":"https:\/\/beuhparadis.com\/"},{"@type":"ListItem","position":2,"name":"Shop","item":"https:\/\/beuhparadis.com\/shop\/"},{"@type":"ListItem","position":3,"name":"Cherry Bomb"}]},{"@type":"WebSite","@id":"https:\/\/beuhparadis.com\/#website","url":"https:\/\/beuhparadis.com\/","name":"Beuh Paradis","description":"","potentialAction":[{"@type":"SearchAction","target":{"@type":"EntryPoint","urlTemplate":"https:\/\/beuhparadis.com\/?s={search_term_string}"},"query-input":{"@type":"PropertyValueSpecification","valueRequired":true,"valueName":"search_term_string"}}],"inLanguage":"sk-SK"}]}},"_links":{"self":[{"href":"https:\/\/beuhparadis.com\/sk\/wp-json\/wp\/v2\/product\/1522","targetHints":{"allow":["GET"]}}],"collection":[{"href":"https:\/\/beuhparadis.com\/sk\/wp-json\/wp\/v2\/product"}],"about":[{"href":"https:\/\/beuhparadis.com\/sk\/wp-json\/wp\/v2\/types\/product"}],"replies":[{"embeddable":true,"href":"https:\/\/beuhparadis.com\/sk\/wp-json\/wp\/v2\/comments?post=1522"}],"wp:featuredmedia":[{"embeddable":true,"href":"https:\/\/beuhparadis.com\/sk\/wp-json\/wp\/v2\/media\/1554"}],"wp:attachment":[{"href":"https:\/\/beuhparadis.com\/sk\/wp-json\/wp\/v2\/media?parent=1522"}],"wp:term":[{"taxonomy":"product_brand","embeddable":true,"href":"https:\/\/beuhparadis.com\/sk\/wp-json\/wp\/v2\/product_brand?post=1522"},{"taxonomy":"product_cat","embeddable":true,"href":"https:\/\/beuhparadis.com\/sk\/wp-json\/wp\/v2\/product_cat?post=1522"},{"taxonomy":"product_tag","embeddable":true,"href":"https:\/\/beuhparadis.com\/sk\/wp-json\/wp\/v2\/product_tag?post=1522"}],"curies":[{"name":"wp","href":"https:\/\/api.w.org\/{rel}","templated":true}]}}