{"id":1517,"date":"2024-12-10T23:41:09","date_gmt":"2024-12-10T23:41:09","guid":{"rendered":"https:\/\/beuhparadis.com\/?post_type=product&#038;p=1517"},"modified":"2025-01-28T11:16:48","modified_gmt":"2025-01-28T11:16:48","slug":"bonbons-gelifies-delta-9-thc","status":"publish","type":"product","link":"https:\/\/beuhparadis.com\/sk\/product\/bonbons-gelifies-delta-9-thc\/","title":{"rendered":"Delta-9 THC \u017eel\u00e9 cukr\u00edky"},"content":{"rendered":"<h1 class=\"wp-block-heading\">Delta 9 THC \u017eel\u00e9 cukr\u00edky<\/h1>\n<p>\u017del\u00e9 fazu\u013eky Delta 9 THC od spolo\u010dnosti Elevate pon\u00fakaj\u00fa nezabudnute\u013en\u00fd z\u00e1\u017eitok pre du\u0161u, myse\u013e aj telo. Ka\u017ed\u00fd cukr\u00edk, starostlivo vyroben\u00fd zo siln\u00e9ho konopn\u00e9ho extraktu Delta 9 THC, s\u013eubuje expl\u00f3ziu euforickej kreativity. Tieto gumov\u00e9 cukr\u00edky, ide\u00e1lne pre t\u00fdch, ktor\u00ed h\u013eadaj\u00fa odmeran\u00fd a chutn\u00fd pr\u00edstup k THC, sa vyr\u00e1baj\u00fa bez \u017eivo\u010d\u00ed\u0161nej \u017eelat\u00edny, \u010do zaru\u010duje veg\u00e1nsku variantu.<\/p>\n<h2 class=\"wp-block-heading\">K\u013e\u00fa\u010dov\u00e9 inform\u00e1cie<\/h2>\n<ul class=\"wp-block-list\">\n<li><strong>P\u00f4vod<\/strong>Konopn\u00fd extrakt<\/li>\n<li><strong>Nap\u00e1janie<\/strong>10 mg THC Delta 9 na sladkos\u0165<\/li>\n<li><strong>V\u00fdroba<\/strong>Neobsahuje \u017eivo\u010d\u00ed\u0161nu \u017eelat\u00ednu, medzi zlo\u017eky patr\u00ed kukuri\u010dn\u00fd sirup, pr\u00edrodn\u00fd cukor a kokosov\u00fd olej.<\/li>\n<li><strong>Balenie<\/strong>: Farmaceutick\u00e9 sklenen\u00e9 n\u00e1doby na zachovanie \u010derstvosti a pevnosti<\/li>\n<\/ul>\n<h2 class=\"wp-block-heading\">THC a CBD<\/h2>\n<ul class=\"wp-block-list\">\n<li><strong>THC (Delta 9)<\/strong>10 mg na sladkos\u0165<\/li>\n<li><strong>CBD<\/strong>\u017del\u00e9 fazu\u013eky obsahuj\u00fa najm\u00e4 THC a zanedbate\u013en\u00e9 mno\u017estvo CBD.<\/li>\n<\/ul>\n<h2 class=\"wp-block-heading\">Ako ich pou\u017e\u00edva\u0165<\/h2>\n<p>Ak ste nov\u00e1\u010dikom v oblasti THC Delta 9, za\u010dnite s polovicou cukr\u00edka, aby ste zistili svoju toleranciu. D\u00e1vku m\u00f4\u017eete postupne zvy\u0161ova\u0165.<\/p>\n<h2 class=\"wp-block-heading\">Kde si m\u00f4\u017eem k\u00fapi\u0165 \u017eel\u00e9 cukr\u00edky Delta 9 THC online?<\/h2>\n<p>Tieto poch\u00fa\u0165ky s\u00fa k dispoz\u00edcii v <a href=\"http:\/\/beuhparadis.com\/sk\/\" data-type=\"link\" data-id=\"https:\/\/acheterducannabis.fr\/\">beuhparadis<\/a>internetov\u00fd obchod, ktor\u00fd zaru\u010duje najvy\u0161\u0161iu kvalitu v\u00fdrobkov.<\/p>\n<h2 class=\"wp-block-heading\">\u00da\u010dinky, v\u00f4\u0148a a chu\u0165<\/h2>\n<h3 class=\"wp-block-heading\">\u00da\u010dinok<\/h3>\n<ul class=\"wp-block-list\">\n<li>Du\u0161evn\u00e9 oslobodenie<\/li>\n<li>Euforick\u00e1 tvoriv\u00e1 expl\u00f3zia<\/li>\n<\/ul>\n<h3 class=\"wp-block-heading\">Ar\u00f3ma<\/h3>\n<ul class=\"wp-block-list\">\n<li>Ovocn\u00fd, zachyt\u00e1vaj\u00faci prirodzen\u00fa podstatu pou\u017eit\u00fdch ingredienci\u00ed<\/li>\n<\/ul>\n<h3 class=\"wp-block-heading\">Chu\u0165<\/h3>\n<ul class=\"wp-block-list\">\n<li>Lahodn\u00e1 zmes ovocn\u00fdch chut\u00ed s prevl\u00e1daj\u00facim sladk\u00fdm a pikantn\u00fdm n\u00e1dychom<\/li>\n<\/ul>\n<h2 class=\"wp-block-heading\">Zdravotn\u00e9 \u00fa\u010dinky<\/h2>\n<h3 class=\"wp-block-heading\">Zdravotn\u00e9 \u00fa\u010dinky<\/h3>\n<p>Terapeutick\u00fd potenci\u00e1l pre nevo\u013enos\u0165 vyvolan\u00fa chemoterapiou, z\u00e1chvatov\u00e9 ochorenia, chronick\u00fa boles\u0165, spasticitu spojen\u00fa so skler\u00f3zou multiplex (SM) a poruchy sp\u00e1nku spojen\u00e9 s in\u00fdmi chronick\u00fdmi ochoreniami<\/p>\n<h3 class=\"wp-block-heading\">M\u00f4\u017ee zmierni\u0165<\/h3>\n<ul class=\"wp-block-list\">\n<li>Nevo\u013enos\u0165 a vracanie<\/li>\n<li>Konvulz\u00edvne poruchy<\/li>\n<li>Chronick\u00e1 boles\u0165<\/li>\n<li>Spasticita s\u00favisiaca s SM<\/li>\n<li>Poruchy sp\u00e1nku<\/li>\n<\/ul>\n<h2 class=\"wp-block-heading\">Pre\u010do si k\u00fapi\u0165 \u017eel\u00e9 cukr\u00edky Delta 9 THC od Acheterducannabis?<\/h2>\n<p>Acheterducannabis sa zav\u00e4zuje poskytova\u0165 produkty najvy\u0161\u0161ej kvality, balen\u00e9 tak, aby bola zaru\u010den\u00e1 ich \u010derstvos\u0165 a \u00fa\u010dinnos\u0165. V\u010faka v\u00fdnimo\u010dn\u00fdm slu\u017eb\u00e1m z\u00e1kazn\u00edkom je Acheterducannabis va\u0161ou preferovanou destin\u00e1ciou pre \u017eel\u00e9 fazu\u013eky Delta 9 THC.<\/p>\n<h2 class=\"wp-block-heading\">Vl\u00e1dne pr\u00e1vne predpisy o predaji \u017euva\u010diek v Eur\u00f3pe<\/h2>\n<p>THC Delta 9, extrahovan\u00fd z konope, je za ur\u010dit\u00fdch podmienok leg\u00e1lne dostupn\u00fd vo viacer\u00fdch eur\u00f3pskych jurisdikci\u00e1ch. Pred n\u00e1kupom je nevyhnutn\u00e9 zisti\u0165 si miestne z\u00e1kony, aby sa zabezpe\u010dilo ich dodr\u017eiavanie.<\/p>","protected":false},"excerpt":{"rendered":"<p><strong>Zdravotn\u00e9 \u00fa\u010dinky:<br \/>\n<\/strong>Terapeutick\u00fd potenci\u00e1l pre nevo\u013enos\u0165 vyvolan\u00fa chemoterapiou, z\u00e1chvatov\u00e9 ochorenia, chronick\u00fa boles\u0165, spasticitu spojen\u00fa so skler\u00f3zou multiplex (SM) a poruchy sp\u00e1nku spojen\u00e9 s in\u00fdmi chronick\u00fdmi ochoreniami<strong><br \/>\n<\/strong><\/p>","protected":false},"featured_media":1553,"comment_status":"closed","ping_status":"closed","template":"","meta":{"site-sidebar-layout":"default","site-content-layout":"","ast-site-content-layout":"default","site-content-style":"default","site-sidebar-style":"default","ast-global-header-display":"","ast-banner-title-visibility":"","ast-main-header-display":"","ast-hfb-above-header-display":"","ast-hfb-below-header-display":"","ast-hfb-mobile-header-display":"","site-post-title":"","ast-breadcrumbs-content":"","ast-featured-img":"","footer-sml-layout":"","theme-transparent-header-meta":"default","adv-header-id-meta":"","stick-header-meta":"","header-above-stick-meta":"","header-main-stick-meta":"","header-below-stick-meta":"","astra-migrate-meta-layouts":"set","ast-page-background-enabled":"default","ast-page-background-meta":{"desktop":{"background-color":"","background-image":"","background-repeat":"repeat","background-position":"center center","background-size":"auto","background-attachment":"scroll","background-type":"","background-media":"","overlay-type":"","overlay-color":"","overlay-opacity":"","overlay-gradient":""},"tablet":{"background-color":"","background-image":"","background-repeat":"repeat","background-position":"center center","background-size":"auto","background-attachment":"scroll","background-type":"","background-media":"","overlay-type":"","overlay-color":"","overlay-opacity":"","overlay-gradient":""},"mobile":{"background-color":"","background-image":"","background-repeat":"repeat","background-position":"center center","background-size":"auto","background-attachment":"scroll","background-type":"","background-media":"","overlay-type":"","overlay-color":"","overlay-opacity":"","overlay-gradient":""}},"ast-content-background-meta":{"desktop":{"background-color":"var(--ast-global-color-5)","background-image":"","background-repeat":"repeat","background-position":"center center","background-size":"auto","background-attachment":"scroll","background-type":"","background-media":"","overlay-type":"","overlay-color":"","overlay-opacity":"","overlay-gradient":""},"tablet":{"background-color":"var(--ast-global-color-5)","background-image":"","background-repeat":"repeat","background-position":"center center","background-size":"auto","background-attachment":"scroll","background-type":"","background-media":"","overlay-type":"","overlay-color":"","overlay-opacity":"","overlay-gradient":""},"mobile":{"background-color":"var(--ast-global-color-5)","background-image":"","background-repeat":"repeat","background-position":"center center","background-size":"auto","background-attachment":"scroll","background-type":"","background-media":"","overlay-type":"","overlay-color":"","overlay-opacity":"","overlay-gradient":""}},"_joinchat":[]},"product_brand":[],"product_cat":[38],"product_tag":[],"class_list":{"0":"post-1517","1":"product","2":"type-product","3":"status-publish","4":"has-post-thumbnail","6":"product_cat-bonbons-thc","7":"desktop-align-left","8":"tablet-align-left","9":"mobile-align-left","11":"first","12":"instock","13":"shipping-taxable","14":"purchasable","15":"product-type-variable"},"yoast_head":"<!-- This site is optimized with the Yoast SEO Premium plugin v24.1 (Yoast SEO v26.8) - https:\/\/yoast.com\/product\/yoast-seo-premium-wordpress\/ -->\n<title>Acheter Bonbons G\u00e9lifi\u00e9s Delta-9| Douceurs au Cannabis<\/title>\n<meta name=\"description\" content=\"D\u00e9couvrez les bonbons g\u00e9lifi\u00e9s Delta-9, des douceurs au cannabis offrant des effets puissants et relaxants.Avec livraison discr\u00e8te et rapide.\" \/>\n<meta name=\"robots\" content=\"index, follow, max-snippet:-1, max-image-preview:large, max-video-preview:-1\" \/>\n<link rel=\"canonical\" href=\"https:\/\/beuhparadis.com\/sk\/product\/bonbons-gelifies-delta-9-thc\/\" \/>\n<meta property=\"og:locale\" content=\"sk_SK\" \/>\n<meta property=\"og:type\" content=\"article\" \/>\n<meta property=\"og:title\" content=\"Bonbons g\u00e9lifi\u00e9s Delta-9 THC\" \/>\n<meta property=\"og:description\" content=\"D\u00e9couvrez les bonbons g\u00e9lifi\u00e9s Delta-9, des douceurs au cannabis offrant des effets puissants et relaxants.Avec livraison discr\u00e8te et rapide.\" \/>\n<meta property=\"og:url\" content=\"https:\/\/beuhparadis.com\/sk\/product\/bonbons-gelifies-delta-9-thc\/\" \/>\n<meta property=\"og:site_name\" content=\"Beuh Paradis\" \/>\n<meta property=\"article:modified_time\" content=\"2025-01-28T11:16:48+00:00\" \/>\n<meta property=\"og:image\" content=\"https:\/\/beuhparadis.com\/wp-content\/uploads\/2024\/12\/Bonbons-gelifies-Delta-9-THC.png\" \/>\n\t<meta property=\"og:image:width\" content=\"1200\" \/>\n\t<meta property=\"og:image:height\" content=\"1200\" \/>\n\t<meta property=\"og:image:type\" content=\"image\/png\" \/>\n<meta name=\"twitter:card\" content=\"summary_large_image\" \/>\n<meta name=\"twitter:label1\" content=\"Predpokladan\u00fd \u010das \u010d\u00edtania\" \/>\n\t<meta name=\"twitter:data1\" content=\"2 minutes\" \/>\n<script type=\"application\/ld+json\" class=\"yoast-schema-graph\">{\"@context\":\"https:\/\/schema.org\",\"@graph\":[{\"@type\":\"WebPage\",\"@id\":\"https:\/\/beuhparadis.com\/product\/bonbons-gelifies-delta-9-thc\/\",\"url\":\"https:\/\/beuhparadis.com\/product\/bonbons-gelifies-delta-9-thc\/\",\"name\":\"Acheter Bonbons G\u00e9lifi\u00e9s Delta-9| Douceurs au Cannabis\",\"isPartOf\":{\"@id\":\"https:\/\/beuhparadis.com\/#website\"},\"primaryImageOfPage\":{\"@id\":\"https:\/\/beuhparadis.com\/product\/bonbons-gelifies-delta-9-thc\/#primaryimage\"},\"image\":{\"@id\":\"https:\/\/beuhparadis.com\/product\/bonbons-gelifies-delta-9-thc\/#primaryimage\"},\"thumbnailUrl\":\"https:\/\/beuhparadis.com\/wp-content\/uploads\/2024\/12\/Bonbons-gelifies-Delta-9-THC.png\",\"datePublished\":\"2024-12-10T23:41:09+00:00\",\"dateModified\":\"2025-01-28T11:16:48+00:00\",\"description\":\"D\u00e9couvrez les bonbons g\u00e9lifi\u00e9s Delta-9, des douceurs au cannabis offrant des effets puissants et relaxants.Avec livraison discr\u00e8te et rapide.\",\"breadcrumb\":{\"@id\":\"https:\/\/beuhparadis.com\/product\/bonbons-gelifies-delta-9-thc\/#breadcrumb\"},\"inLanguage\":\"sk-SK\",\"potentialAction\":[{\"@type\":\"ReadAction\",\"target\":[\"https:\/\/beuhparadis.com\/product\/bonbons-gelifies-delta-9-thc\/\"]}]},{\"@type\":\"ImageObject\",\"inLanguage\":\"sk-SK\",\"@id\":\"https:\/\/beuhparadis.com\/product\/bonbons-gelifies-delta-9-thc\/#primaryimage\",\"url\":\"https:\/\/beuhparadis.com\/wp-content\/uploads\/2024\/12\/Bonbons-gelifies-Delta-9-THC.png\",\"contentUrl\":\"https:\/\/beuhparadis.com\/wp-content\/uploads\/2024\/12\/Bonbons-gelifies-Delta-9-THC.png\",\"width\":1200,\"height\":1200},{\"@type\":\"BreadcrumbList\",\"@id\":\"https:\/\/beuhparadis.com\/product\/bonbons-gelifies-delta-9-thc\/#breadcrumb\",\"itemListElement\":[{\"@type\":\"ListItem\",\"position\":1,\"name\":\"Home\",\"item\":\"https:\/\/beuhparadis.com\/\"},{\"@type\":\"ListItem\",\"position\":2,\"name\":\"Shop\",\"item\":\"https:\/\/beuhparadis.com\/shop\/\"},{\"@type\":\"ListItem\",\"position\":3,\"name\":\"Bonbons g\u00e9lifi\u00e9s Delta-9 THC\"}]},{\"@type\":\"WebSite\",\"@id\":\"https:\/\/beuhparadis.com\/#website\",\"url\":\"https:\/\/beuhparadis.com\/\",\"name\":\"Beuh Paradis\",\"description\":\"\",\"potentialAction\":[{\"@type\":\"SearchAction\",\"target\":{\"@type\":\"EntryPoint\",\"urlTemplate\":\"https:\/\/beuhparadis.com\/?s={search_term_string}\"},\"query-input\":{\"@type\":\"PropertyValueSpecification\",\"valueRequired\":true,\"valueName\":\"search_term_string\"}}],\"inLanguage\":\"sk-SK\"}]}<\/script>\n<!-- \/ Yoast SEO Premium plugin. -->","yoast_head_json":{"title":"K\u00fapi\u0165 Bonbons G\u00e9lifi\u00e9s Delta-9| Douceurs au Cannabis","description":"Objavte \u017eel\u00e9 Delta-9, konopn\u00e9 cukr\u00edky so siln\u00fdmi relaxa\u010dn\u00fdmi \u00fa\u010dinkami, ktor\u00e9 sa dod\u00e1vaj\u00fa r\u00fdchlo a diskr\u00e9tne.","robots":{"index":"index","follow":"follow","max-snippet":"max-snippet:-1","max-image-preview":"max-image-preview:large","max-video-preview":"max-video-preview:-1"},"canonical":"https:\/\/beuhparadis.com\/sk\/product\/bonbons-gelifies-delta-9-thc\/","og_locale":"sk_SK","og_type":"article","og_title":"Bonbons g\u00e9lifi\u00e9s Delta-9 THC","og_description":"D\u00e9couvrez les bonbons g\u00e9lifi\u00e9s Delta-9, des douceurs au cannabis offrant des effets puissants et relaxants.Avec livraison discr\u00e8te et rapide.","og_url":"https:\/\/beuhparadis.com\/sk\/product\/bonbons-gelifies-delta-9-thc\/","og_site_name":"Beuh Paradis","article_modified_time":"2025-01-28T11:16:48+00:00","og_image":[{"width":1200,"height":1200,"url":"https:\/\/beuhparadis.com\/wp-content\/uploads\/2024\/12\/Bonbons-gelifies-Delta-9-THC.png","type":"image\/png"}],"twitter_card":"summary_large_image","twitter_misc":{"Predpokladan\u00fd \u010das \u010d\u00edtania":"2 minutes"},"schema":{"@context":"https:\/\/schema.org","@graph":[{"@type":"WebPage","@id":"https:\/\/beuhparadis.com\/product\/bonbons-gelifies-delta-9-thc\/","url":"https:\/\/beuhparadis.com\/product\/bonbons-gelifies-delta-9-thc\/","name":"K\u00fapi\u0165 Bonbons G\u00e9lifi\u00e9s Delta-9| Douceurs au Cannabis","isPartOf":{"@id":"https:\/\/beuhparadis.com\/#website"},"primaryImageOfPage":{"@id":"https:\/\/beuhparadis.com\/product\/bonbons-gelifies-delta-9-thc\/#primaryimage"},"image":{"@id":"https:\/\/beuhparadis.com\/product\/bonbons-gelifies-delta-9-thc\/#primaryimage"},"thumbnailUrl":"https:\/\/beuhparadis.com\/wp-content\/uploads\/2024\/12\/Bonbons-gelifies-Delta-9-THC.png","datePublished":"2024-12-10T23:41:09+00:00","dateModified":"2025-01-28T11:16:48+00:00","description":"Objavte \u017eel\u00e9 Delta-9, konopn\u00e9 cukr\u00edky so siln\u00fdmi relaxa\u010dn\u00fdmi \u00fa\u010dinkami, ktor\u00e9 sa dod\u00e1vaj\u00fa r\u00fdchlo a diskr\u00e9tne.","breadcrumb":{"@id":"https:\/\/beuhparadis.com\/product\/bonbons-gelifies-delta-9-thc\/#breadcrumb"},"inLanguage":"sk-SK","potentialAction":[{"@type":"ReadAction","target":["https:\/\/beuhparadis.com\/product\/bonbons-gelifies-delta-9-thc\/"]}]},{"@type":"ImageObject","inLanguage":"sk-SK","@id":"https:\/\/beuhparadis.com\/product\/bonbons-gelifies-delta-9-thc\/#primaryimage","url":"https:\/\/beuhparadis.com\/wp-content\/uploads\/2024\/12\/Bonbons-gelifies-Delta-9-THC.png","contentUrl":"https:\/\/beuhparadis.com\/wp-content\/uploads\/2024\/12\/Bonbons-gelifies-Delta-9-THC.png","width":1200,"height":1200},{"@type":"BreadcrumbList","@id":"https:\/\/beuhparadis.com\/product\/bonbons-gelifies-delta-9-thc\/#breadcrumb","itemListElement":[{"@type":"ListItem","position":1,"name":"Home","item":"https:\/\/beuhparadis.com\/"},{"@type":"ListItem","position":2,"name":"Shop","item":"https:\/\/beuhparadis.com\/shop\/"},{"@type":"ListItem","position":3,"name":"Bonbons g\u00e9lifi\u00e9s Delta-9 THC"}]},{"@type":"WebSite","@id":"https:\/\/beuhparadis.com\/#website","url":"https:\/\/beuhparadis.com\/","name":"Beuh Paradis","description":"","potentialAction":[{"@type":"SearchAction","target":{"@type":"EntryPoint","urlTemplate":"https:\/\/beuhparadis.com\/?s={search_term_string}"},"query-input":{"@type":"PropertyValueSpecification","valueRequired":true,"valueName":"search_term_string"}}],"inLanguage":"sk-SK"}]}},"_links":{"self":[{"href":"https:\/\/beuhparadis.com\/sk\/wp-json\/wp\/v2\/product\/1517","targetHints":{"allow":["GET"]}}],"collection":[{"href":"https:\/\/beuhparadis.com\/sk\/wp-json\/wp\/v2\/product"}],"about":[{"href":"https:\/\/beuhparadis.com\/sk\/wp-json\/wp\/v2\/types\/product"}],"replies":[{"embeddable":true,"href":"https:\/\/beuhparadis.com\/sk\/wp-json\/wp\/v2\/comments?post=1517"}],"wp:featuredmedia":[{"embeddable":true,"href":"https:\/\/beuhparadis.com\/sk\/wp-json\/wp\/v2\/media\/1553"}],"wp:attachment":[{"href":"https:\/\/beuhparadis.com\/sk\/wp-json\/wp\/v2\/media?parent=1517"}],"wp:term":[{"taxonomy":"product_brand","embeddable":true,"href":"https:\/\/beuhparadis.com\/sk\/wp-json\/wp\/v2\/product_brand?post=1517"},{"taxonomy":"product_cat","embeddable":true,"href":"https:\/\/beuhparadis.com\/sk\/wp-json\/wp\/v2\/product_cat?post=1517"},{"taxonomy":"product_tag","embeddable":true,"href":"https:\/\/beuhparadis.com\/sk\/wp-json\/wp\/v2\/product_tag?post=1517"}],"curies":[{"name":"wp","href":"https:\/\/api.w.org\/{rel}","templated":true}]}}