{"id":1492,"date":"2024-12-10T23:41:02","date_gmt":"2024-12-10T23:41:02","guid":{"rendered":"https:\/\/beuhparadis.com\/?post_type=product&#038;p=1492"},"modified":"2025-01-28T11:37:36","modified_gmt":"2025-01-28T11:37:36","slug":"huile-de-cannabis-blackberry-kush-thc","status":"publish","type":"product","link":"https:\/\/beuhparadis.com\/sk\/product\/huile-de-cannabis-blackberry-kush-thc\/","title":{"rendered":"Konopn\u00fd olej Blackberry Kush THC"},"content":{"rendered":"<h3><strong>Konopn\u00fd olej Blackberry Kush THC - intenz\u00edvna relax\u00e1cia a vynikaj\u00faca chu\u0165<\/strong><\/h3>\n<h4><strong>\u00a0Objavte konopn\u00fd olej Blackberry Kush THC na Beuh Paradis<\/strong><\/h4>\n<p>L'<strong>Konopn\u00fd olej Blackberry Kush THC<\/strong>k dispoz\u00edcii na <strong><a href=\"https:\/\/beuhparadis.com\/sk\" target=\"_new\" rel=\"noopener\">Beuh Paradis<\/a><\/strong>je v\u00fdnimo\u010dn\u00fd koncentr\u00e1t zn\u00e1my svojimi siln\u00fdmi relaxa\u010dn\u00fdmi \u00fa\u010dinkami a sladkou chu\u0165ou. Tento olej, odvoden\u00fd zo sl\u00e1vnej odrody Blackberry Kush, pon\u00faka jedine\u010dn\u00fa kombin\u00e1ciu terapeutick\u00fdch \u00fa\u010dinkov a chu\u0165ov\u00e9ho p\u00f4\u017eitku. Tento olej THC je ide\u00e1lny pre t\u00fdch, ktor\u00ed h\u013eadaj\u00fa hlbok\u00fa relax\u00e1ciu, a zaru\u010duje pr\u00edjemn\u00fd, upokojuj\u00faci z\u00e1\u017eitok.<\/p>\n<h4><strong>\u00a0Pre\u010do si vybra\u0165 olej Blackberry Kush THC?<\/strong><\/h4>\n<ul>\n<li><strong>Ovocn\u00e1 chu\u0165 a bohat\u00fd obsah THC :<\/strong> Olej Blackberry Kush sa vyzna\u010duje sladk\u00fdmi t\u00f3nmi ostru\u017e\u00edn a vysok\u00fdm obsahom THC, ktor\u00fd pon\u00faka \u00fapln\u00fa relax\u00e1ciu.<\/li>\n<li><strong>Siln\u00e9 \u00fa\u010dinky:<\/strong> Ide\u00e1lne pre pou\u017e\u00edvate\u013eov, ktor\u00ed chc\u00fa zmierni\u0165 stres, boles\u0165 alebo poruchy sp\u00e1nku.<\/li>\n<li><strong>Pr\u00e9miov\u00e1 kvalita:<\/strong> Vyr\u00e1ba sa z ekologicky pestovan\u00fdch kvetov bez pestic\u00eddov a \u0161kodliv\u00fdch rozp\u00fa\u0161\u0165adiel.<\/li>\n<li><strong>Jednoduchos\u0165 pou\u017e\u00edvania:<\/strong> Vychutnajte si ho priamo pod jazykom alebo ho pridajte do svojich ob\u013e\u00faben\u00fdch receptov.<\/li>\n<\/ul>\n<h4><strong>\u00a0V\u00fdhody oleja Cannabis Kush<\/strong><\/h4>\n<ul>\n<li><strong>Hlbok\u00e1 relax\u00e1cia :<\/strong> Zmier\u0148uje fyzick\u00e9 a psychick\u00e9 nap\u00e4tie po stresuj\u00facom dni.<\/li>\n<li><strong>Pomoc pri sp\u00e1nku :<\/strong> Podporuje lep\u0161\u00ed a pokojnej\u0161\u00ed sp\u00e1nok.<\/li>\n<li><strong>\u00da\u013eava od bolesti :<\/strong> Obzvl\u00e1\u0161\u0165 \u00fa\u010dinn\u00fd na upokojenie chronickej bolesti alebo z\u00e1palu.<\/li>\n<li><strong>Pr\u00edjemn\u00e1 chu\u0165:<\/strong> Ovocn\u00fd n\u00e1dych ostru\u017e\u00edn pre v\u00fdnimo\u010dn\u00fd chu\u0165ov\u00fd z\u00e1\u017eitok.<\/li>\n<\/ul>\n<h4><strong>\u00a0Objedna\u0165 konopn\u00fd olej Blackberry Kush THC na Beuh Paradis<\/strong><\/h4>\n<p>Nav\u0161t\u00edvte str\u00e1nku <strong><a href=\"https:\/\/beuhparadis.com\/sk\" target=\"_new\" rel=\"noopener\">Beuh Paradis<\/a><\/strong>n\u00e1js\u0165<strong>Olej Blackberry Kush THC<\/strong> ide\u00e1lne pre va\u0161e potreby. Vyu\u017eite na\u0161u r\u00fdchlu, diskr\u00e9tnu a spo\u013eahliv\u00fa slu\u017ebu, aby ste dostali tento prvotriedny v\u00fdrobok priamo k va\u0161im dver\u00e1m. Objavte v\u00fdhody oleja bohat\u00e9ho na THC v kombin\u00e1cii s neodolate\u013en\u00fdmi pr\u00edchu\u0165ami a zlep\u0161ite svoju ka\u017edodenn\u00fa pohodu.<\/p>","protected":false},"excerpt":{"rendered":"<p>Huile de Cannabis Blackberry Kush THC \u2013 Relaxation Intense et Saveurs Exquises \u00a0D\u00e9couvrez l\u2019Huile de Cannabis Blackberry Kush THC sur Beuh Paradis L\u2019huile de cannabis Blackberry Kush THC, disponible sur Beuh Paradis, est un concentr\u00e9 exceptionnel connu pour ses effets relaxants puissants et ses saveurs sucr\u00e9es. Issue de la c\u00e9l\u00e8bre vari\u00e9t\u00e9 Blackberry Kush, cette huile [&hellip;]<\/p>\n","protected":false},"featured_media":1497,"comment_status":"closed","ping_status":"closed","template":"","meta":{"site-sidebar-layout":"default","site-content-layout":"","ast-site-content-layout":"default","site-content-style":"default","site-sidebar-style":"default","ast-global-header-display":"","ast-banner-title-visibility":"","ast-main-header-display":"","ast-hfb-above-header-display":"","ast-hfb-below-header-display":"","ast-hfb-mobile-header-display":"","site-post-title":"","ast-breadcrumbs-content":"","ast-featured-img":"","footer-sml-layout":"","theme-transparent-header-meta":"default","adv-header-id-meta":"","stick-header-meta":"","header-above-stick-meta":"","header-main-stick-meta":"","header-below-stick-meta":"","astra-migrate-meta-layouts":"set","ast-page-background-enabled":"default","ast-page-background-meta":{"desktop":{"background-color":"","background-image":"","background-repeat":"repeat","background-position":"center center","background-size":"auto","background-attachment":"scroll","background-type":"","background-media":"","overlay-type":"","overlay-color":"","overlay-opacity":"","overlay-gradient":""},"tablet":{"background-color":"","background-image":"","background-repeat":"repeat","background-position":"center center","background-size":"auto","background-attachment":"scroll","background-type":"","background-media":"","overlay-type":"","overlay-color":"","overlay-opacity":"","overlay-gradient":""},"mobile":{"background-color":"","background-image":"","background-repeat":"repeat","background-position":"center center","background-size":"auto","background-attachment":"scroll","background-type":"","background-media":"","overlay-type":"","overlay-color":"","overlay-opacity":"","overlay-gradient":""}},"ast-content-background-meta":{"desktop":{"background-color":"var(--ast-global-color-5)","background-image":"","background-repeat":"repeat","background-position":"center center","background-size":"auto","background-attachment":"scroll","background-type":"","background-media":"","overlay-type":"","overlay-color":"","overlay-opacity":"","overlay-gradient":""},"tablet":{"background-color":"var(--ast-global-color-5)","background-image":"","background-repeat":"repeat","background-position":"center center","background-size":"auto","background-attachment":"scroll","background-type":"","background-media":"","overlay-type":"","overlay-color":"","overlay-opacity":"","overlay-gradient":""},"mobile":{"background-color":"var(--ast-global-color-5)","background-image":"","background-repeat":"repeat","background-position":"center center","background-size":"auto","background-attachment":"scroll","background-type":"","background-media":"","overlay-type":"","overlay-color":"","overlay-opacity":"","overlay-gradient":""}},"_joinchat":[]},"product_brand":[],"product_cat":[36],"product_tag":[],"class_list":{"0":"post-1492","1":"product","2":"type-product","3":"status-publish","4":"has-post-thumbnail","6":"product_cat-huile-thc","7":"desktop-align-left","8":"tablet-align-left","9":"mobile-align-left","11":"first","12":"instock","13":"shipping-taxable","14":"purchasable","15":"product-type-variable"},"yoast_head":"<!-- This site is optimized with the Yoast SEO Premium plugin v24.1 (Yoast SEO v26.8) - https:\/\/yoast.com\/product\/yoast-seo-premium-wordpress\/ -->\n<title>Huile de Cannabis Blackberry Kush THC \u2013 Beuh Paradis<\/title>\n<meta name=\"description\" content=\"Huile de cannabis Blackberry Kush THC sur Beuh Paradis. Une huile puissante et fruit\u00e9e, id\u00e9ale pour soulager le stress, les douleurs et am\u00e9liorer le somme\" \/>\n<meta name=\"robots\" content=\"index, follow, max-snippet:-1, max-image-preview:large, max-video-preview:-1\" \/>\n<link rel=\"canonical\" href=\"https:\/\/beuhparadis.com\/sk\/product\/huile-de-cannabis-blackberry-kush-thc\/\" \/>\n<meta property=\"og:locale\" content=\"sk_SK\" \/>\n<meta property=\"og:type\" content=\"article\" \/>\n<meta property=\"og:title\" content=\"Huile de cannabis Blackberry Kush THC\" \/>\n<meta property=\"og:description\" content=\"Huile de cannabis Blackberry Kush THC sur Beuh Paradis. Une huile puissante et fruit\u00e9e, id\u00e9ale pour soulager le stress, les douleurs et am\u00e9liorer le somme\" \/>\n<meta property=\"og:url\" content=\"https:\/\/beuhparadis.com\/sk\/product\/huile-de-cannabis-blackberry-kush-thc\/\" \/>\n<meta property=\"og:site_name\" content=\"Beuh Paradis\" \/>\n<meta property=\"article:modified_time\" content=\"2025-01-28T11:37:36+00:00\" \/>\n<meta property=\"og:image\" content=\"https:\/\/beuhparadis.com\/wp-content\/uploads\/2024\/12\/Buy-Blackberry-Kush-THC-Oil.webp\" \/>\n\t<meta property=\"og:image:width\" content=\"478\" \/>\n\t<meta property=\"og:image:height\" content=\"375\" \/>\n\t<meta property=\"og:image:type\" content=\"image\/webp\" \/>\n<meta name=\"twitter:card\" content=\"summary_large_image\" \/>\n<meta name=\"twitter:label1\" content=\"Predpokladan\u00fd \u010das \u010d\u00edtania\" \/>\n\t<meta name=\"twitter:data1\" content=\"2 minutes\" \/>\n<script type=\"application\/ld+json\" class=\"yoast-schema-graph\">{\"@context\":\"https:\/\/schema.org\",\"@graph\":[{\"@type\":\"WebPage\",\"@id\":\"https:\/\/beuhparadis.com\/product\/huile-de-cannabis-blackberry-kush-thc\/\",\"url\":\"https:\/\/beuhparadis.com\/product\/huile-de-cannabis-blackberry-kush-thc\/\",\"name\":\"Huile de Cannabis Blackberry Kush THC \u2013 Beuh Paradis\",\"isPartOf\":{\"@id\":\"https:\/\/beuhparadis.com\/#website\"},\"primaryImageOfPage\":{\"@id\":\"https:\/\/beuhparadis.com\/product\/huile-de-cannabis-blackberry-kush-thc\/#primaryimage\"},\"image\":{\"@id\":\"https:\/\/beuhparadis.com\/product\/huile-de-cannabis-blackberry-kush-thc\/#primaryimage\"},\"thumbnailUrl\":\"https:\/\/beuhparadis.com\/wp-content\/uploads\/2024\/12\/Buy-Blackberry-Kush-THC-Oil.webp\",\"datePublished\":\"2024-12-10T23:41:02+00:00\",\"dateModified\":\"2025-01-28T11:37:36+00:00\",\"description\":\"Huile de cannabis Blackberry Kush THC sur Beuh Paradis. Une huile puissante et fruit\u00e9e, id\u00e9ale pour soulager le stress, les douleurs et am\u00e9liorer le somme\",\"breadcrumb\":{\"@id\":\"https:\/\/beuhparadis.com\/product\/huile-de-cannabis-blackberry-kush-thc\/#breadcrumb\"},\"inLanguage\":\"sk-SK\",\"potentialAction\":[{\"@type\":\"ReadAction\",\"target\":[\"https:\/\/beuhparadis.com\/product\/huile-de-cannabis-blackberry-kush-thc\/\"]}]},{\"@type\":\"ImageObject\",\"inLanguage\":\"sk-SK\",\"@id\":\"https:\/\/beuhparadis.com\/product\/huile-de-cannabis-blackberry-kush-thc\/#primaryimage\",\"url\":\"https:\/\/beuhparadis.com\/wp-content\/uploads\/2024\/12\/Buy-Blackberry-Kush-THC-Oil.webp\",\"contentUrl\":\"https:\/\/beuhparadis.com\/wp-content\/uploads\/2024\/12\/Buy-Blackberry-Kush-THC-Oil.webp\",\"width\":478,\"height\":375,\"caption\":\"Huile de Cannabis Blackberry\"},{\"@type\":\"BreadcrumbList\",\"@id\":\"https:\/\/beuhparadis.com\/product\/huile-de-cannabis-blackberry-kush-thc\/#breadcrumb\",\"itemListElement\":[{\"@type\":\"ListItem\",\"position\":1,\"name\":\"Home\",\"item\":\"https:\/\/beuhparadis.com\/\"},{\"@type\":\"ListItem\",\"position\":2,\"name\":\"Shop\",\"item\":\"https:\/\/beuhparadis.com\/shop\/\"},{\"@type\":\"ListItem\",\"position\":3,\"name\":\"Huile de cannabis Blackberry Kush THC\"}]},{\"@type\":\"WebSite\",\"@id\":\"https:\/\/beuhparadis.com\/#website\",\"url\":\"https:\/\/beuhparadis.com\/\",\"name\":\"Beuh Paradis\",\"description\":\"\",\"potentialAction\":[{\"@type\":\"SearchAction\",\"target\":{\"@type\":\"EntryPoint\",\"urlTemplate\":\"https:\/\/beuhparadis.com\/?s={search_term_string}\"},\"query-input\":{\"@type\":\"PropertyValueSpecification\",\"valueRequired\":true,\"valueName\":\"search_term_string\"}}],\"inLanguage\":\"sk-SK\"}]}<\/script>\n<!-- \/ Yoast SEO Premium plugin. -->","yoast_head_json":{"title":"Konopn\u00fd olej Blackberry Kush THC - Beuh Paradis","description":"Konopn\u00fd olej Blackberry Kush THC na Beuh Paradis. Siln\u00fd ovocn\u00fd olej, ide\u00e1lny na zmiernenie stresu a bolesti a zlep\u0161enie sp\u00e1nku.","robots":{"index":"index","follow":"follow","max-snippet":"max-snippet:-1","max-image-preview":"max-image-preview:large","max-video-preview":"max-video-preview:-1"},"canonical":"https:\/\/beuhparadis.com\/sk\/product\/huile-de-cannabis-blackberry-kush-thc\/","og_locale":"sk_SK","og_type":"article","og_title":"Huile de cannabis Blackberry Kush THC","og_description":"Huile de cannabis Blackberry Kush THC sur Beuh Paradis. Une huile puissante et fruit\u00e9e, id\u00e9ale pour soulager le stress, les douleurs et am\u00e9liorer le somme","og_url":"https:\/\/beuhparadis.com\/sk\/product\/huile-de-cannabis-blackberry-kush-thc\/","og_site_name":"Beuh Paradis","article_modified_time":"2025-01-28T11:37:36+00:00","og_image":[{"width":478,"height":375,"url":"https:\/\/beuhparadis.com\/wp-content\/uploads\/2024\/12\/Buy-Blackberry-Kush-THC-Oil.webp","type":"image\/webp"}],"twitter_card":"summary_large_image","twitter_misc":{"Predpokladan\u00fd \u010das \u010d\u00edtania":"2 minutes"},"schema":{"@context":"https:\/\/schema.org","@graph":[{"@type":"WebPage","@id":"https:\/\/beuhparadis.com\/product\/huile-de-cannabis-blackberry-kush-thc\/","url":"https:\/\/beuhparadis.com\/product\/huile-de-cannabis-blackberry-kush-thc\/","name":"Konopn\u00fd olej Blackberry Kush THC - Beuh Paradis","isPartOf":{"@id":"https:\/\/beuhparadis.com\/#website"},"primaryImageOfPage":{"@id":"https:\/\/beuhparadis.com\/product\/huile-de-cannabis-blackberry-kush-thc\/#primaryimage"},"image":{"@id":"https:\/\/beuhparadis.com\/product\/huile-de-cannabis-blackberry-kush-thc\/#primaryimage"},"thumbnailUrl":"https:\/\/beuhparadis.com\/wp-content\/uploads\/2024\/12\/Buy-Blackberry-Kush-THC-Oil.webp","datePublished":"2024-12-10T23:41:02+00:00","dateModified":"2025-01-28T11:37:36+00:00","description":"Konopn\u00fd olej Blackberry Kush THC na Beuh Paradis. Siln\u00fd ovocn\u00fd olej, ide\u00e1lny na zmiernenie stresu a bolesti a zlep\u0161enie sp\u00e1nku.","breadcrumb":{"@id":"https:\/\/beuhparadis.com\/product\/huile-de-cannabis-blackberry-kush-thc\/#breadcrumb"},"inLanguage":"sk-SK","potentialAction":[{"@type":"ReadAction","target":["https:\/\/beuhparadis.com\/product\/huile-de-cannabis-blackberry-kush-thc\/"]}]},{"@type":"ImageObject","inLanguage":"sk-SK","@id":"https:\/\/beuhparadis.com\/product\/huile-de-cannabis-blackberry-kush-thc\/#primaryimage","url":"https:\/\/beuhparadis.com\/wp-content\/uploads\/2024\/12\/Buy-Blackberry-Kush-THC-Oil.webp","contentUrl":"https:\/\/beuhparadis.com\/wp-content\/uploads\/2024\/12\/Buy-Blackberry-Kush-THC-Oil.webp","width":478,"height":375,"caption":"Huile de Cannabis Blackberry"},{"@type":"BreadcrumbList","@id":"https:\/\/beuhparadis.com\/product\/huile-de-cannabis-blackberry-kush-thc\/#breadcrumb","itemListElement":[{"@type":"ListItem","position":1,"name":"Home","item":"https:\/\/beuhparadis.com\/"},{"@type":"ListItem","position":2,"name":"Shop","item":"https:\/\/beuhparadis.com\/shop\/"},{"@type":"ListItem","position":3,"name":"Huile de cannabis Blackberry Kush THC"}]},{"@type":"WebSite","@id":"https:\/\/beuhparadis.com\/#website","url":"https:\/\/beuhparadis.com\/","name":"Beuh Paradis","description":"","potentialAction":[{"@type":"SearchAction","target":{"@type":"EntryPoint","urlTemplate":"https:\/\/beuhparadis.com\/?s={search_term_string}"},"query-input":{"@type":"PropertyValueSpecification","valueRequired":true,"valueName":"search_term_string"}}],"inLanguage":"sk-SK"}]}},"_links":{"self":[{"href":"https:\/\/beuhparadis.com\/sk\/wp-json\/wp\/v2\/product\/1492","targetHints":{"allow":["GET"]}}],"collection":[{"href":"https:\/\/beuhparadis.com\/sk\/wp-json\/wp\/v2\/product"}],"about":[{"href":"https:\/\/beuhparadis.com\/sk\/wp-json\/wp\/v2\/types\/product"}],"replies":[{"embeddable":true,"href":"https:\/\/beuhparadis.com\/sk\/wp-json\/wp\/v2\/comments?post=1492"}],"wp:featuredmedia":[{"embeddable":true,"href":"https:\/\/beuhparadis.com\/sk\/wp-json\/wp\/v2\/media\/1497"}],"wp:attachment":[{"href":"https:\/\/beuhparadis.com\/sk\/wp-json\/wp\/v2\/media?parent=1492"}],"wp:term":[{"taxonomy":"product_brand","embeddable":true,"href":"https:\/\/beuhparadis.com\/sk\/wp-json\/wp\/v2\/product_brand?post=1492"},{"taxonomy":"product_cat","embeddable":true,"href":"https:\/\/beuhparadis.com\/sk\/wp-json\/wp\/v2\/product_cat?post=1492"},{"taxonomy":"product_tag","embeddable":true,"href":"https:\/\/beuhparadis.com\/sk\/wp-json\/wp\/v2\/product_tag?post=1492"}],"curies":[{"name":"wp","href":"https:\/\/api.w.org\/{rel}","templated":true}]}}