{"id":1457,"date":"2024-12-10T23:40:48","date_gmt":"2024-12-10T23:40:48","guid":{"rendered":"https:\/\/beuhparadis.com\/?post_type=product&#038;p=1457"},"modified":"2024-12-10T23:41:08","modified_gmt":"2024-12-10T23:41:08","slug":"huile-de-cannabis-cherry","status":"publish","type":"product","link":"https:\/\/beuhparadis.com\/sk\/product\/huile-de-cannabis-cherry\/","title":{"rendered":"\u010cere\u0161\u0148ov\u00fd konopn\u00fd olej"},"content":{"rendered":"<h1 class=\"wp-block-heading\">K\u00fapi\u0165 konopn\u00fd olej Cherry<\/h1>\n<p>Presk\u00famajte Cherry Cannabis Oil, pr\u00e9miov\u00fd olej s obsahom THC z\u00edskan\u00fd z renomovan\u00fdch kme\u0148ov, ako s\u00fa Master Kush, OG Kush a Pink Bubba. Tento olej pon\u00faka jedine\u010dn\u00fd chu\u0165ov\u00fd z\u00e1\u017eitok s hlbokou \u010dere\u0161\u0148ovou pr\u00edchu\u0165ou a zaru\u010duje relaxa\u010dn\u00e9 aj euforick\u00e9 \u00fa\u010dinky. Ide\u00e1lny pre t\u00fdch, ktor\u00ed h\u013eadaj\u00fa tvoriv\u00fa stimul\u00e1ciu aj \u00fa\u013eavu zo zdravotn\u00fdch d\u00f4vodov.<\/p>\n<h2 class=\"wp-block-heading\">Zlo\u017eenie oleja THC<\/h2>\n<ul class=\"wp-block-list\">\n<li><strong>Zlo\u017eenie:<\/strong> Extrakty z Master Kush, OG Kush a Pink Bubba.<\/li>\n<li><strong>D\u00e1vkovanie:<\/strong> Siln\u00e1, s obsahom THC 70%.<\/li>\n<\/ul>\n<h2 class=\"wp-block-heading\">THC a CBD (vr\u00e1tane percentu\u00e1lneho podielu)<\/h2>\n<ul class=\"wp-block-list\">\n<li>Vysok\u00e1 koncentr\u00e1cia THC (70%) pre siln\u00e9 a dlhotrvaj\u00face \u00fa\u010dinky.<\/li>\n<li>Obsah CBD je \u0161pecifick\u00fd pre pou\u017eit\u00e9 kmene a je ur\u010den\u00fd na doplnenie \u00fa\u010dinkov THC.<\/li>\n<\/ul>\n<h2 class=\"wp-block-heading\">Kde si m\u00f4\u017eem k\u00fapi\u0165 konopn\u00fd olej Cherry online?<\/h2>\n<p>\u010cere\u0161\u0148ov\u00fd konopn\u00fd olej je k dispoz\u00edcii od <a href=\"https:\/\/acheterducannabis.fr\/\" data-type=\"link\" data-id=\"https:\/\/acheterducannabis.fr\/\">Buyducannabis<\/a>kde s\u00fa kvalita a spokojnos\u0165 z\u00e1kazn\u00edkov na\u0161imi hlavn\u00fdmi prioritami.<\/p>\n<h2 class=\"wp-block-heading\">\u00da\u010dinky, v\u00f4\u0148a a chu\u0165<\/h2>\n<h3 class=\"wp-block-heading\">\u00da\u010dinok<\/h3>\n<ul class=\"wp-block-list\">\n<li>Uvo\u013enenie, euf\u00f3ria, hlad, ospalos\u0165, \u0161\u0165astie, koncentr\u00e1cia a kreativita.<\/li>\n<\/ul>\n<h3 class=\"wp-block-heading\">Ar\u00f3ma<\/h3>\n<ul class=\"wp-block-list\">\n<li>Lahodn\u00e1, hlbok\u00e1 \u010dere\u0161\u0148ov\u00e1 v\u00f4\u0148a, ktor\u00e1 obohacuje z\u00e1\u017eitok z pitia.<\/li>\n<\/ul>\n<h3 class=\"wp-block-heading\">Chu\u0165<\/h3>\n<ul class=\"wp-block-list\">\n<li>Vynikaj\u00faca, hlbok\u00e1 \u010dere\u0161\u0148ov\u00e1 chu\u0165 pon\u00faka jedine\u010dn\u00fd chu\u0165ov\u00fd z\u00e1\u017eitok.<\/li>\n<\/ul>\n<h2 class=\"wp-block-heading\">Zdravotn\u00e9 \u00fa\u010dinky<\/h2>\n<ul class=\"wp-block-list\">\n<li>Ide\u00e1lne na zmiernenie bolesti, z\u00e1palu, nevo\u013enosti, depresie, svalov\u00fdch k\u0155\u010dov, stresu a \u00fazkosti.<\/li>\n<\/ul>\n<h3 class=\"wp-block-heading\">M\u00f4\u017ee zmierni\u0165<\/h3>\n<ul class=\"wp-block-list\">\n<li>Boles\u0165, z\u00e1pal, nevo\u013enos\u0165, depresia, svalov\u00e9 k\u0155\u010de, stres, \u00fazkos\u0165.<\/li>\n<\/ul>\n<h2 class=\"wp-block-heading\">V\u00fdber spr\u00e1vneho oleja THC<\/h2>\n<ul class=\"wp-block-list\">\n<li>Vyberte si konopn\u00fd olej Cherry pre jeho v\u0161estrann\u00e9 \u00fa\u010dinky a v\u00fdrazn\u00fd aromatick\u00fd profil.<\/li>\n<\/ul>\n<h2 class=\"wp-block-heading\">Pou\u017eitie konopn\u00e9ho oleja Cherry THC<\/h2>\n<p>Ide\u00e1lny na vapovanie, prid\u00e1vanie do jedla alebo ako lok\u00e1lny doplnok na priamu aplik\u00e1ciu na poko\u017eku.<\/p>\n<h2 class=\"wp-block-heading\">Ako by sa mal THC olej skladova\u0165?<\/h2>\n<p>Ak chcete zachova\u0165 \u00fa\u010dinnos\u0165 a \u010derstvos\u0165 oleja, skladujte ho na chladnom a tmavom mieste.<\/p>\n<h2 class=\"wp-block-heading\">Pre\u010do si k\u00fapi\u0165 konopn\u00fd olej Cherry od Acheterducannabis?<\/h2>\n<p>Acheterducannabis pon\u00faka autentick\u00e9 produkty so spo\u013eahliv\u00fdm dodan\u00edm, ktor\u00e9 zaru\u010duj\u00fa optim\u00e1lny u\u017e\u00edvate\u013esk\u00fd z\u00e1\u017eitok.<\/p>\n<h2 class=\"wp-block-heading\">Vl\u00e1dny z\u00e1kon o predaji THC oleja v Eur\u00f3pe<\/h2>\n<p>Predaj a spotreba oleja s THC vr\u00e1tane konopn\u00e9ho oleja Cherry podliehaj\u00fa v Eur\u00f3pe osobitn\u00fdm predpisom. Pred n\u00e1kupom sa informujte o miestnych z\u00e1konoch.<\/p>\n<p>\u010cere\u0161\u0148ov\u00fd konopn\u00fd olej je ide\u00e1lnou vo\u013ebou pre znalcov konope, ktor\u00ed h\u013eadaj\u00fa z\u00e1\u017eitok, ktor\u00fd je z\u00e1rove\u0148 chutn\u00fd aj lie\u010div\u00fd. V\u010faka vysok\u00e9mu obsahu THC a hlbokej \u010dere\u0161\u0148ovej chuti je tento olej pr\u00eds\u013eubom uvo\u013enenia a kreativity. K dispoz\u00edcii exkluz\u00edvne od <strong>Buyducannabis<\/strong>Je to ide\u00e1lna vo\u013eba na ponorenie sa do pohody a \u00faniku.<\/p>","protected":false},"excerpt":{"rendered":"<p><strong>THC:<\/strong> 70%<\/p>\n<p><strong>Zdravotn\u00e9 \u00fa\u010dinky:<\/strong><br \/> Ide\u00e1lne na zmiernenie bolesti, z\u00e1palu, nevo\u013enosti, depresie, svalov\u00fdch k\u0155\u010dov, stresu a \u00fazkosti.<\/p>","protected":false},"featured_media":1462,"comment_status":"closed","ping_status":"closed","template":"","meta":{"site-sidebar-layout":"default","site-content-layout":"","ast-site-content-layout":"","site-content-style":"default","site-sidebar-style":"default","ast-global-header-display":"","ast-banner-title-visibility":"","ast-main-header-display":"","ast-hfb-above-header-display":"","ast-hfb-below-header-display":"","ast-hfb-mobile-header-display":"","site-post-title":"","ast-breadcrumbs-content":"","ast-featured-img":"","footer-sml-layout":"","theme-transparent-header-meta":"","adv-header-id-meta":"","stick-header-meta":"","header-above-stick-meta":"","header-main-stick-meta":"","header-below-stick-meta":"","astra-migrate-meta-layouts":"default","ast-page-background-enabled":"default","ast-page-background-meta":{"desktop":{"background-color":"","background-image":"","background-repeat":"repeat","background-position":"center center","background-size":"auto","background-attachment":"scroll","background-type":"","background-media":"","overlay-type":"","overlay-color":"","overlay-opacity":"","overlay-gradient":""},"tablet":{"background-color":"","background-image":"","background-repeat":"repeat","background-position":"center center","background-size":"auto","background-attachment":"scroll","background-type":"","background-media":"","overlay-type":"","overlay-color":"","overlay-opacity":"","overlay-gradient":""},"mobile":{"background-color":"","background-image":"","background-repeat":"repeat","background-position":"center center","background-size":"auto","background-attachment":"scroll","background-type":"","background-media":"","overlay-type":"","overlay-color":"","overlay-opacity":"","overlay-gradient":""}},"ast-content-background-meta":{"desktop":{"background-color":"var(--ast-global-color-5)","background-image":"","background-repeat":"repeat","background-position":"center center","background-size":"auto","background-attachment":"scroll","background-type":"","background-media":"","overlay-type":"","overlay-color":"","overlay-opacity":"","overlay-gradient":""},"tablet":{"background-color":"var(--ast-global-color-5)","background-image":"","background-repeat":"repeat","background-position":"center center","background-size":"auto","background-attachment":"scroll","background-type":"","background-media":"","overlay-type":"","overlay-color":"","overlay-opacity":"","overlay-gradient":""},"mobile":{"background-color":"var(--ast-global-color-5)","background-image":"","background-repeat":"repeat","background-position":"center center","background-size":"auto","background-attachment":"scroll","background-type":"","background-media":"","overlay-type":"","overlay-color":"","overlay-opacity":"","overlay-gradient":""}},"_joinchat":[]},"product_brand":[],"product_cat":[36],"product_tag":[],"class_list":{"0":"post-1457","1":"product","2":"type-product","3":"status-publish","4":"has-post-thumbnail","6":"product_cat-huile-thc","7":"desktop-align-left","8":"tablet-align-left","9":"mobile-align-left","11":"first","12":"instock","13":"shipping-taxable","14":"purchasable","15":"product-type-variable"},"yoast_head":"<!-- This site is optimized with the Yoast SEO Premium plugin v24.1 (Yoast SEO v26.8) - https:\/\/yoast.com\/product\/yoast-seo-premium-wordpress\/ -->\n<title>Huile de cannabis Cherry - Beuh Paradis<\/title>\n<meta name=\"robots\" content=\"index, follow, max-snippet:-1, max-image-preview:large, max-video-preview:-1\" \/>\n<link rel=\"canonical\" href=\"https:\/\/beuhparadis.com\/sk\/product\/huile-de-cannabis-cherry\/\" \/>\n<meta property=\"og:locale\" content=\"sk_SK\" \/>\n<meta property=\"og:type\" content=\"article\" \/>\n<meta property=\"og:title\" content=\"Huile de cannabis Cherry\" \/>\n<meta property=\"og:description\" content=\"THC: 70% Effets M\u00e9dicaux: Id\u00e9ale pour le soulagement de la douleur, de l&rsquo;inflammation, de la naus\u00e9e, de la d\u00e9pression, des spasmes musculaires, du stress et de l&rsquo;anxi\u00e9t\u00e9.\" \/>\n<meta property=\"og:url\" content=\"https:\/\/beuhparadis.com\/sk\/product\/huile-de-cannabis-cherry\/\" \/>\n<meta property=\"og:site_name\" content=\"Beuh Paradis\" \/>\n<meta property=\"article:modified_time\" content=\"2024-12-10T23:41:08+00:00\" \/>\n<meta name=\"twitter:card\" content=\"summary_large_image\" \/>\n<meta name=\"twitter:label1\" content=\"Predpokladan\u00fd \u010das \u010d\u00edtania\" \/>\n\t<meta name=\"twitter:data1\" content=\"2 minutes\" \/>\n<script type=\"application\/ld+json\" class=\"yoast-schema-graph\">{\"@context\":\"https:\/\/schema.org\",\"@graph\":[{\"@type\":\"WebPage\",\"@id\":\"https:\/\/beuhparadis.com\/product\/huile-de-cannabis-cherry\/\",\"url\":\"https:\/\/beuhparadis.com\/product\/huile-de-cannabis-cherry\/\",\"name\":\"Huile de cannabis Cherry - Beuh Paradis\",\"isPartOf\":{\"@id\":\"https:\/\/beuhparadis.com\/#website\"},\"primaryImageOfPage\":{\"@id\":\"https:\/\/beuhparadis.com\/product\/huile-de-cannabis-cherry\/#primaryimage\"},\"image\":{\"@id\":\"https:\/\/beuhparadis.com\/product\/huile-de-cannabis-cherry\/#primaryimage\"},\"thumbnailUrl\":\"https:\/\/beuhparadis.com\/wp-content\/uploads\/2024\/12\/Cherry-Cannabis-Oil.webp\",\"datePublished\":\"2024-12-10T23:40:48+00:00\",\"dateModified\":\"2024-12-10T23:41:08+00:00\",\"breadcrumb\":{\"@id\":\"https:\/\/beuhparadis.com\/product\/huile-de-cannabis-cherry\/#breadcrumb\"},\"inLanguage\":\"sk-SK\",\"potentialAction\":[{\"@type\":\"ReadAction\",\"target\":[\"https:\/\/beuhparadis.com\/product\/huile-de-cannabis-cherry\/\"]}]},{\"@type\":\"ImageObject\",\"inLanguage\":\"sk-SK\",\"@id\":\"https:\/\/beuhparadis.com\/product\/huile-de-cannabis-cherry\/#primaryimage\",\"url\":\"https:\/\/beuhparadis.com\/wp-content\/uploads\/2024\/12\/Cherry-Cannabis-Oil.webp\",\"contentUrl\":\"https:\/\/beuhparadis.com\/wp-content\/uploads\/2024\/12\/Cherry-Cannabis-Oil.webp\",\"width\":225,\"height\":225},{\"@type\":\"BreadcrumbList\",\"@id\":\"https:\/\/beuhparadis.com\/product\/huile-de-cannabis-cherry\/#breadcrumb\",\"itemListElement\":[{\"@type\":\"ListItem\",\"position\":1,\"name\":\"Home\",\"item\":\"https:\/\/beuhparadis.com\/\"},{\"@type\":\"ListItem\",\"position\":2,\"name\":\"Shop\",\"item\":\"https:\/\/beuhparadis.com\/shop\/\"},{\"@type\":\"ListItem\",\"position\":3,\"name\":\"Huile de cannabis Cherry\"}]},{\"@type\":\"WebSite\",\"@id\":\"https:\/\/beuhparadis.com\/#website\",\"url\":\"https:\/\/beuhparadis.com\/\",\"name\":\"Beuh Paradis\",\"description\":\"\",\"potentialAction\":[{\"@type\":\"SearchAction\",\"target\":{\"@type\":\"EntryPoint\",\"urlTemplate\":\"https:\/\/beuhparadis.com\/?s={search_term_string}\"},\"query-input\":{\"@type\":\"PropertyValueSpecification\",\"valueRequired\":true,\"valueName\":\"search_term_string\"}}],\"inLanguage\":\"sk-SK\"}]}<\/script>\n<!-- \/ Yoast SEO Premium plugin. -->","yoast_head_json":{"title":"\u010cere\u0161\u0148ov\u00fd konopn\u00fd olej - Beuh Paradis","robots":{"index":"index","follow":"follow","max-snippet":"max-snippet:-1","max-image-preview":"max-image-preview:large","max-video-preview":"max-video-preview:-1"},"canonical":"https:\/\/beuhparadis.com\/sk\/product\/huile-de-cannabis-cherry\/","og_locale":"sk_SK","og_type":"article","og_title":"Huile de cannabis Cherry","og_description":"THC: 70% Effets M\u00e9dicaux: Id\u00e9ale pour le soulagement de la douleur, de l&rsquo;inflammation, de la naus\u00e9e, de la d\u00e9pression, des spasmes musculaires, du stress et de l&rsquo;anxi\u00e9t\u00e9.","og_url":"https:\/\/beuhparadis.com\/sk\/product\/huile-de-cannabis-cherry\/","og_site_name":"Beuh Paradis","article_modified_time":"2024-12-10T23:41:08+00:00","twitter_card":"summary_large_image","twitter_misc":{"Predpokladan\u00fd \u010das \u010d\u00edtania":"2 minutes"},"schema":{"@context":"https:\/\/schema.org","@graph":[{"@type":"WebPage","@id":"https:\/\/beuhparadis.com\/product\/huile-de-cannabis-cherry\/","url":"https:\/\/beuhparadis.com\/product\/huile-de-cannabis-cherry\/","name":"\u010cere\u0161\u0148ov\u00fd konopn\u00fd olej - Beuh Paradis","isPartOf":{"@id":"https:\/\/beuhparadis.com\/#website"},"primaryImageOfPage":{"@id":"https:\/\/beuhparadis.com\/product\/huile-de-cannabis-cherry\/#primaryimage"},"image":{"@id":"https:\/\/beuhparadis.com\/product\/huile-de-cannabis-cherry\/#primaryimage"},"thumbnailUrl":"https:\/\/beuhparadis.com\/wp-content\/uploads\/2024\/12\/Cherry-Cannabis-Oil.webp","datePublished":"2024-12-10T23:40:48+00:00","dateModified":"2024-12-10T23:41:08+00:00","breadcrumb":{"@id":"https:\/\/beuhparadis.com\/product\/huile-de-cannabis-cherry\/#breadcrumb"},"inLanguage":"sk-SK","potentialAction":[{"@type":"ReadAction","target":["https:\/\/beuhparadis.com\/product\/huile-de-cannabis-cherry\/"]}]},{"@type":"ImageObject","inLanguage":"sk-SK","@id":"https:\/\/beuhparadis.com\/product\/huile-de-cannabis-cherry\/#primaryimage","url":"https:\/\/beuhparadis.com\/wp-content\/uploads\/2024\/12\/Cherry-Cannabis-Oil.webp","contentUrl":"https:\/\/beuhparadis.com\/wp-content\/uploads\/2024\/12\/Cherry-Cannabis-Oil.webp","width":225,"height":225},{"@type":"BreadcrumbList","@id":"https:\/\/beuhparadis.com\/product\/huile-de-cannabis-cherry\/#breadcrumb","itemListElement":[{"@type":"ListItem","position":1,"name":"Home","item":"https:\/\/beuhparadis.com\/"},{"@type":"ListItem","position":2,"name":"Shop","item":"https:\/\/beuhparadis.com\/shop\/"},{"@type":"ListItem","position":3,"name":"Huile de cannabis Cherry"}]},{"@type":"WebSite","@id":"https:\/\/beuhparadis.com\/#website","url":"https:\/\/beuhparadis.com\/","name":"Beuh Paradis","description":"","potentialAction":[{"@type":"SearchAction","target":{"@type":"EntryPoint","urlTemplate":"https:\/\/beuhparadis.com\/?s={search_term_string}"},"query-input":{"@type":"PropertyValueSpecification","valueRequired":true,"valueName":"search_term_string"}}],"inLanguage":"sk-SK"}]}},"_links":{"self":[{"href":"https:\/\/beuhparadis.com\/sk\/wp-json\/wp\/v2\/product\/1457","targetHints":{"allow":["GET"]}}],"collection":[{"href":"https:\/\/beuhparadis.com\/sk\/wp-json\/wp\/v2\/product"}],"about":[{"href":"https:\/\/beuhparadis.com\/sk\/wp-json\/wp\/v2\/types\/product"}],"replies":[{"embeddable":true,"href":"https:\/\/beuhparadis.com\/sk\/wp-json\/wp\/v2\/comments?post=1457"}],"wp:featuredmedia":[{"embeddable":true,"href":"https:\/\/beuhparadis.com\/sk\/wp-json\/wp\/v2\/media\/1462"}],"wp:attachment":[{"href":"https:\/\/beuhparadis.com\/sk\/wp-json\/wp\/v2\/media?parent=1457"}],"wp:term":[{"taxonomy":"product_brand","embeddable":true,"href":"https:\/\/beuhparadis.com\/sk\/wp-json\/wp\/v2\/product_brand?post=1457"},{"taxonomy":"product_cat","embeddable":true,"href":"https:\/\/beuhparadis.com\/sk\/wp-json\/wp\/v2\/product_cat?post=1457"},{"taxonomy":"product_tag","embeddable":true,"href":"https:\/\/beuhparadis.com\/sk\/wp-json\/wp\/v2\/product_tag?post=1457"}],"curies":[{"name":"wp","href":"https:\/\/api.w.org\/{rel}","templated":true}]}}