{"id":1439,"date":"2024-12-10T23:40:47","date_gmt":"2024-12-10T23:40:47","guid":{"rendered":"https:\/\/beuhparadis.com\/?post_type=product&#038;p=1439"},"modified":"2024-12-10T23:41:00","modified_gmt":"2024-12-10T23:41:00","slug":"huile-de-noix-de-coco-gaia-thc-200-mg","status":"publish","type":"product","link":"https:\/\/beuhparadis.com\/sk\/product\/huile-de-noix-de-coco-gaia-thc-200-mg\/","title":{"rendered":"Gaia Coconut Oil THC 200 mg"},"content":{"rendered":"<h1 class=\"wp-block-heading\">Kokosov\u00fd olej Gaia<\/h1>\n<p>Objavte Gaia Coconut Oil, konopn\u00fd olej obohaten\u00fd o THC vyroben\u00fd z panensk\u00e9ho kokosov\u00e9ho oleja lisovan\u00e9ho za studena a destil\u00e1tu THC. Tento kokosov\u00fd olej, ktor\u00fd vyu\u017e\u00edva organick\u00e9 zlo\u017eky najvy\u0161\u0161ej kvality, je dokonal\u00fdm doplnkom na ka\u017edodenn\u00e9 pou\u017e\u00edvanie a pon\u00faka mno\u017estvo zdravotn\u00fdch v\u00fdhod.<\/p>\n<h2 class=\"wp-block-heading\">Zlo\u017eenie oleja THC<\/h2>\n<ul class=\"wp-block-list\">\n<li><strong>Zlo\u017eenie:<\/strong> Za studena lisovan\u00fd panensk\u00fd kokosov\u00fd olej a destil\u00e1t THC.<\/li>\n<li><strong>D\u00e1vkovanie:<\/strong> 200 mg THC na jednoduch\u00e9 za\u010dlenenie do v\u00e1\u0161ho wellness re\u017eimu.<\/li>\n<\/ul>\n<h2 class=\"wp-block-heading\">THC a CBD (vr\u00e1tane percentu\u00e1lneho podielu)<\/h2>\n<ul class=\"wp-block-list\">\n<li>Tento olej obsahuje najm\u00e4 THC s presnou d\u00e1vkou <strong>200 mg<\/strong> pre ka\u017ed\u00fd kontajner. Podiel CBD je minim\u00e1lny alebo \u017eiadny, \u010do zv\u00fdraz\u0148uje \u00fa\u010dinky THC.<\/li>\n<\/ul>\n<h2 class=\"wp-block-heading\">Kde si m\u00f4\u017eem k\u00fapi\u0165 Gaia Coconut Oil online?<\/h2>\n<p>Kokosov\u00fd olej Gaia je k dispoz\u00edcii online na <strong>Buyducannabis<\/strong>kde si m\u00f4\u017eete vychutna\u0165 zaru\u010den\u00fa kvalitu a spo\u013eahliv\u00e9 dodanie.<\/p>\n<h2 class=\"wp-block-heading\">\u00da\u010dinky, v\u00f4\u0148a a chu\u0165<\/h2>\n<h3 class=\"wp-block-heading\">\u00da\u010dinok<\/h3>\n<ul class=\"wp-block-list\">\n<li>Poskytuje pocit pohody a uvo\u013enenia, ide\u00e1lny na ka\u017edodenn\u00e9 pou\u017eitie.<\/li>\n<\/ul>\n<h3 class=\"wp-block-heading\">V\u00f4\u0148a a chu\u0165<\/h3>\n<ul class=\"wp-block-list\">\n<li>Vychutnajte si prirodzene sladk\u00e9 tropick\u00e9 t\u00f3ny kokosov\u00e9ho oleja bez pridania umel\u00fdch ar\u00f3m.<\/li>\n<\/ul>\n<h2 class=\"wp-block-heading\">Zdravotn\u00e9 \u00fa\u010dinky<\/h2>\n<ul class=\"wp-block-list\">\n<li>Kokosov\u00fd olej je zn\u00e1my svojimi zdravotn\u00fdmi \u00fa\u010dinkami, najm\u00e4 pokia\u013e ide o relax\u00e1ciu a zlep\u0161enie celkovej pohody.<\/li>\n<\/ul>\n<h3 class=\"wp-block-heading\">M\u00f4\u017ee zmierni\u0165<\/h3>\n<ul class=\"wp-block-list\">\n<li>Stres, \u00fazkos\u0165, mierna boles\u0165, zlep\u0161enie sp\u00e1nku.<\/li>\n<\/ul>\n<h2 class=\"wp-block-heading\">V\u00fdber spr\u00e1vneho oleja THC<\/h2>\n<p>Ak h\u013ead\u00e1te pr\u00edrodn\u00e9, organick\u00e9 rie\u0161enie na za\u010dlenenie THC do svojej starostlivosti o ple\u0165, vyberte si kokosov\u00fd olej Gaia.<\/p>\n<h2 class=\"wp-block-heading\">Pou\u017eitie kokosov\u00e9ho oleja Gaia THC<\/h2>\n<p>V\u010faka kokosov\u00e9mu oleju je ide\u00e1lny na kulin\u00e1rske pou\u017eitie, ako doplnok stravy alebo na aplik\u00e1ciu na poko\u017eku.<\/p>\n<h2 class=\"wp-block-heading\">Ako by sa mal THC olej skladova\u0165?<\/h2>\n<p>Olej uchov\u00e1vajte na chladnom a tmavom mieste, aby sa zachovala jeho \u010derstvos\u0165 a \u00fa\u010dinnos\u0165.<\/p>\n<h2 class=\"wp-block-heading\">Pre\u010do si k\u00fapi\u0165 Gaia Coconut Oil od Acheterducannabis?<\/h2>\n<p><a href=\"https:\/\/acheterducannabis.fr\/\" data-type=\"link\" data-id=\"https:\/\/acheterducannabis.fr\/\">Buyducannabis<\/a> sa zav\u00e4zuje poskytova\u0165 v\u00fdrobky najvy\u0161\u0161ej kvality s r\u00fdchlym a bezpe\u010dn\u00fdm dodan\u00edm pre optim\u00e1lnu spokojnos\u0165 z\u00e1kazn\u00edkov.<\/p>\n<h2 class=\"wp-block-heading\">Vl\u00e1dny z\u00e1kon o predaji THC oleja v Eur\u00f3pe<\/h2>\n<p>Predaj a spotreba oleja s THC vr\u00e1tane kokosov\u00e9ho oleja Gaia je v Eur\u00f3pe regulovan\u00e1. Pred n\u00e1kupom sa odpor\u00fa\u010da overi\u0165 si miestne z\u00e1kony.<\/p>\n<p>Gaia Coconut Oil je ide\u00e1lnym rie\u0161en\u00edm pre t\u00fdch, ktor\u00ed si chc\u00fa u\u017e\u00edva\u0165 v\u00fdhody THC a z\u00e1rove\u0148 vyu\u017e\u00edva\u0165 pr\u00edrodn\u00e9 v\u00fdhody kokosov\u00e9ho oleja. Tento olej, ktor\u00fd je dostupn\u00fd v\u00fdhradne v spolo\u010dnosti Acheterducannabis, u\u013eah\u010duje zdrav\u00e9 a prirodzen\u00e9 za\u010dlenenie konope do ka\u017edodenn\u00e9ho \u017eivota.<\/p>","protected":false},"excerpt":{"rendered":"<p><strong>THC:<\/strong> 60%<br \/> <strong>Zdravotn\u00e9 \u00fa\u010dinky:<\/strong><br \/> Kokosov\u00fd olej je zn\u00e1my svojimi zdravotn\u00fdmi \u00fa\u010dinkami, najm\u00e4 pokia\u013e ide o relax\u00e1ciu a zlep\u0161enie celkovej pohody.<\/p>","protected":false},"featured_media":1459,"comment_status":"closed","ping_status":"closed","template":"","meta":{"site-sidebar-layout":"default","site-content-layout":"","ast-site-content-layout":"","site-content-style":"default","site-sidebar-style":"default","ast-global-header-display":"","ast-banner-title-visibility":"","ast-main-header-display":"","ast-hfb-above-header-display":"","ast-hfb-below-header-display":"","ast-hfb-mobile-header-display":"","site-post-title":"","ast-breadcrumbs-content":"","ast-featured-img":"","footer-sml-layout":"","theme-transparent-header-meta":"","adv-header-id-meta":"","stick-header-meta":"","header-above-stick-meta":"","header-main-stick-meta":"","header-below-stick-meta":"","astra-migrate-meta-layouts":"default","ast-page-background-enabled":"default","ast-page-background-meta":{"desktop":{"background-color":"","background-image":"","background-repeat":"repeat","background-position":"center center","background-size":"auto","background-attachment":"scroll","background-type":"","background-media":"","overlay-type":"","overlay-color":"","overlay-opacity":"","overlay-gradient":""},"tablet":{"background-color":"","background-image":"","background-repeat":"repeat","background-position":"center center","background-size":"auto","background-attachment":"scroll","background-type":"","background-media":"","overlay-type":"","overlay-color":"","overlay-opacity":"","overlay-gradient":""},"mobile":{"background-color":"","background-image":"","background-repeat":"repeat","background-position":"center center","background-size":"auto","background-attachment":"scroll","background-type":"","background-media":"","overlay-type":"","overlay-color":"","overlay-opacity":"","overlay-gradient":""}},"ast-content-background-meta":{"desktop":{"background-color":"var(--ast-global-color-5)","background-image":"","background-repeat":"repeat","background-position":"center center","background-size":"auto","background-attachment":"scroll","background-type":"","background-media":"","overlay-type":"","overlay-color":"","overlay-opacity":"","overlay-gradient":""},"tablet":{"background-color":"var(--ast-global-color-5)","background-image":"","background-repeat":"repeat","background-position":"center center","background-size":"auto","background-attachment":"scroll","background-type":"","background-media":"","overlay-type":"","overlay-color":"","overlay-opacity":"","overlay-gradient":""},"mobile":{"background-color":"var(--ast-global-color-5)","background-image":"","background-repeat":"repeat","background-position":"center center","background-size":"auto","background-attachment":"scroll","background-type":"","background-media":"","overlay-type":"","overlay-color":"","overlay-opacity":"","overlay-gradient":""}},"_joinchat":[]},"product_brand":[],"product_cat":[36],"product_tag":[],"class_list":{"0":"post-1439","1":"product","2":"type-product","3":"status-publish","4":"has-post-thumbnail","6":"product_cat-huile-thc","7":"desktop-align-left","8":"tablet-align-left","9":"mobile-align-left","11":"first","12":"instock","13":"shipping-taxable","14":"purchasable","15":"product-type-variable"},"yoast_head":"<!-- This site is optimized with the Yoast SEO Premium plugin v24.1 (Yoast SEO v26.8) - https:\/\/yoast.com\/product\/yoast-seo-premium-wordpress\/ -->\n<title>Huile de noix de coco Gaia THC 200 mg - Beuh Paradis<\/title>\n<meta name=\"robots\" content=\"index, follow, max-snippet:-1, max-image-preview:large, max-video-preview:-1\" \/>\n<link rel=\"canonical\" href=\"https:\/\/beuhparadis.com\/sk\/product\/huile-de-noix-de-coco-gaia-thc-200-mg\/\" \/>\n<meta property=\"og:locale\" content=\"sk_SK\" \/>\n<meta property=\"og:type\" content=\"article\" \/>\n<meta property=\"og:title\" content=\"Huile de noix de coco Gaia THC 200 mg\" \/>\n<meta property=\"og:description\" content=\"THC: 60% Effets M\u00e9dicaux: Cette huile de noix de coco est r\u00e9put\u00e9e pour ses bienfaits sur la sant\u00e9, notamment en termes de relaxation et d&rsquo;am\u00e9lioration du bien-\u00eatre g\u00e9n\u00e9ral.\" \/>\n<meta property=\"og:url\" content=\"https:\/\/beuhparadis.com\/sk\/product\/huile-de-noix-de-coco-gaia-thc-200-mg\/\" \/>\n<meta property=\"og:site_name\" content=\"Beuh Paradis\" \/>\n<meta property=\"article:modified_time\" content=\"2024-12-10T23:41:00+00:00\" \/>\n<meta name=\"twitter:card\" content=\"summary_large_image\" \/>\n<meta name=\"twitter:label1\" content=\"Predpokladan\u00fd \u010das \u010d\u00edtania\" \/>\n\t<meta name=\"twitter:data1\" content=\"3 minutes\" \/>\n<script type=\"application\/ld+json\" class=\"yoast-schema-graph\">{\"@context\":\"https:\/\/schema.org\",\"@graph\":[{\"@type\":\"WebPage\",\"@id\":\"https:\/\/beuhparadis.com\/product\/huile-de-noix-de-coco-gaia-thc-200-mg\/\",\"url\":\"https:\/\/beuhparadis.com\/product\/huile-de-noix-de-coco-gaia-thc-200-mg\/\",\"name\":\"Huile de noix de coco Gaia THC 200 mg - Beuh Paradis\",\"isPartOf\":{\"@id\":\"https:\/\/beuhparadis.com\/#website\"},\"primaryImageOfPage\":{\"@id\":\"https:\/\/beuhparadis.com\/product\/huile-de-noix-de-coco-gaia-thc-200-mg\/#primaryimage\"},\"image\":{\"@id\":\"https:\/\/beuhparadis.com\/product\/huile-de-noix-de-coco-gaia-thc-200-mg\/#primaryimage\"},\"thumbnailUrl\":\"https:\/\/beuhparadis.com\/wp-content\/uploads\/2024\/12\/Gaia-THC-Coconut-Oil-200mg.webp\",\"datePublished\":\"2024-12-10T23:40:47+00:00\",\"dateModified\":\"2024-12-10T23:41:00+00:00\",\"breadcrumb\":{\"@id\":\"https:\/\/beuhparadis.com\/product\/huile-de-noix-de-coco-gaia-thc-200-mg\/#breadcrumb\"},\"inLanguage\":\"sk-SK\",\"potentialAction\":[{\"@type\":\"ReadAction\",\"target\":[\"https:\/\/beuhparadis.com\/product\/huile-de-noix-de-coco-gaia-thc-200-mg\/\"]}]},{\"@type\":\"ImageObject\",\"inLanguage\":\"sk-SK\",\"@id\":\"https:\/\/beuhparadis.com\/product\/huile-de-noix-de-coco-gaia-thc-200-mg\/#primaryimage\",\"url\":\"https:\/\/beuhparadis.com\/wp-content\/uploads\/2024\/12\/Gaia-THC-Coconut-Oil-200mg.webp\",\"contentUrl\":\"https:\/\/beuhparadis.com\/wp-content\/uploads\/2024\/12\/Gaia-THC-Coconut-Oil-200mg.webp\",\"width\":1000,\"height\":1000},{\"@type\":\"BreadcrumbList\",\"@id\":\"https:\/\/beuhparadis.com\/product\/huile-de-noix-de-coco-gaia-thc-200-mg\/#breadcrumb\",\"itemListElement\":[{\"@type\":\"ListItem\",\"position\":1,\"name\":\"Home\",\"item\":\"https:\/\/beuhparadis.com\/\"},{\"@type\":\"ListItem\",\"position\":2,\"name\":\"Shop\",\"item\":\"https:\/\/beuhparadis.com\/shop\/\"},{\"@type\":\"ListItem\",\"position\":3,\"name\":\"Huile de noix de coco Gaia THC 200 mg\"}]},{\"@type\":\"WebSite\",\"@id\":\"https:\/\/beuhparadis.com\/#website\",\"url\":\"https:\/\/beuhparadis.com\/\",\"name\":\"Beuh Paradis\",\"description\":\"\",\"potentialAction\":[{\"@type\":\"SearchAction\",\"target\":{\"@type\":\"EntryPoint\",\"urlTemplate\":\"https:\/\/beuhparadis.com\/?s={search_term_string}\"},\"query-input\":{\"@type\":\"PropertyValueSpecification\",\"valueRequired\":true,\"valueName\":\"search_term_string\"}}],\"inLanguage\":\"sk-SK\"}]}<\/script>\n<!-- \/ Yoast SEO Premium plugin. -->","yoast_head_json":{"title":"Gaia Coconut Oil THC 200 mg - Beuh Paradis","robots":{"index":"index","follow":"follow","max-snippet":"max-snippet:-1","max-image-preview":"max-image-preview:large","max-video-preview":"max-video-preview:-1"},"canonical":"https:\/\/beuhparadis.com\/sk\/product\/huile-de-noix-de-coco-gaia-thc-200-mg\/","og_locale":"sk_SK","og_type":"article","og_title":"Huile de noix de coco Gaia THC 200 mg","og_description":"THC: 60% Effets M\u00e9dicaux: Cette huile de noix de coco est r\u00e9put\u00e9e pour ses bienfaits sur la sant\u00e9, notamment en termes de relaxation et d&rsquo;am\u00e9lioration du bien-\u00eatre g\u00e9n\u00e9ral.","og_url":"https:\/\/beuhparadis.com\/sk\/product\/huile-de-noix-de-coco-gaia-thc-200-mg\/","og_site_name":"Beuh Paradis","article_modified_time":"2024-12-10T23:41:00+00:00","twitter_card":"summary_large_image","twitter_misc":{"Predpokladan\u00fd \u010das \u010d\u00edtania":"3 minutes"},"schema":{"@context":"https:\/\/schema.org","@graph":[{"@type":"WebPage","@id":"https:\/\/beuhparadis.com\/product\/huile-de-noix-de-coco-gaia-thc-200-mg\/","url":"https:\/\/beuhparadis.com\/product\/huile-de-noix-de-coco-gaia-thc-200-mg\/","name":"Gaia Coconut Oil THC 200 mg - Beuh Paradis","isPartOf":{"@id":"https:\/\/beuhparadis.com\/#website"},"primaryImageOfPage":{"@id":"https:\/\/beuhparadis.com\/product\/huile-de-noix-de-coco-gaia-thc-200-mg\/#primaryimage"},"image":{"@id":"https:\/\/beuhparadis.com\/product\/huile-de-noix-de-coco-gaia-thc-200-mg\/#primaryimage"},"thumbnailUrl":"https:\/\/beuhparadis.com\/wp-content\/uploads\/2024\/12\/Gaia-THC-Coconut-Oil-200mg.webp","datePublished":"2024-12-10T23:40:47+00:00","dateModified":"2024-12-10T23:41:00+00:00","breadcrumb":{"@id":"https:\/\/beuhparadis.com\/product\/huile-de-noix-de-coco-gaia-thc-200-mg\/#breadcrumb"},"inLanguage":"sk-SK","potentialAction":[{"@type":"ReadAction","target":["https:\/\/beuhparadis.com\/product\/huile-de-noix-de-coco-gaia-thc-200-mg\/"]}]},{"@type":"ImageObject","inLanguage":"sk-SK","@id":"https:\/\/beuhparadis.com\/product\/huile-de-noix-de-coco-gaia-thc-200-mg\/#primaryimage","url":"https:\/\/beuhparadis.com\/wp-content\/uploads\/2024\/12\/Gaia-THC-Coconut-Oil-200mg.webp","contentUrl":"https:\/\/beuhparadis.com\/wp-content\/uploads\/2024\/12\/Gaia-THC-Coconut-Oil-200mg.webp","width":1000,"height":1000},{"@type":"BreadcrumbList","@id":"https:\/\/beuhparadis.com\/product\/huile-de-noix-de-coco-gaia-thc-200-mg\/#breadcrumb","itemListElement":[{"@type":"ListItem","position":1,"name":"Home","item":"https:\/\/beuhparadis.com\/"},{"@type":"ListItem","position":2,"name":"Shop","item":"https:\/\/beuhparadis.com\/shop\/"},{"@type":"ListItem","position":3,"name":"Huile de noix de coco Gaia THC 200 mg"}]},{"@type":"WebSite","@id":"https:\/\/beuhparadis.com\/#website","url":"https:\/\/beuhparadis.com\/","name":"Beuh Paradis","description":"","potentialAction":[{"@type":"SearchAction","target":{"@type":"EntryPoint","urlTemplate":"https:\/\/beuhparadis.com\/?s={search_term_string}"},"query-input":{"@type":"PropertyValueSpecification","valueRequired":true,"valueName":"search_term_string"}}],"inLanguage":"sk-SK"}]}},"_links":{"self":[{"href":"https:\/\/beuhparadis.com\/sk\/wp-json\/wp\/v2\/product\/1439","targetHints":{"allow":["GET"]}}],"collection":[{"href":"https:\/\/beuhparadis.com\/sk\/wp-json\/wp\/v2\/product"}],"about":[{"href":"https:\/\/beuhparadis.com\/sk\/wp-json\/wp\/v2\/types\/product"}],"replies":[{"embeddable":true,"href":"https:\/\/beuhparadis.com\/sk\/wp-json\/wp\/v2\/comments?post=1439"}],"wp:featuredmedia":[{"embeddable":true,"href":"https:\/\/beuhparadis.com\/sk\/wp-json\/wp\/v2\/media\/1459"}],"wp:attachment":[{"href":"https:\/\/beuhparadis.com\/sk\/wp-json\/wp\/v2\/media?parent=1439"}],"wp:term":[{"taxonomy":"product_brand","embeddable":true,"href":"https:\/\/beuhparadis.com\/sk\/wp-json\/wp\/v2\/product_brand?post=1439"},{"taxonomy":"product_cat","embeddable":true,"href":"https:\/\/beuhparadis.com\/sk\/wp-json\/wp\/v2\/product_cat?post=1439"},{"taxonomy":"product_tag","embeddable":true,"href":"https:\/\/beuhparadis.com\/sk\/wp-json\/wp\/v2\/product_tag?post=1439"}],"curies":[{"name":"wp","href":"https:\/\/api.w.org\/{rel}","templated":true}]}}