{"id":1416,"date":"2024-12-10T23:40:32","date_gmt":"2024-12-10T23:40:32","guid":{"rendered":"https:\/\/beuhparadis.com\/?post_type=product&#038;p=1416"},"modified":"2024-12-10T23:40:45","modified_gmt":"2024-12-10T23:40:45","slug":"huile-de-cannabis-tangie-og-thc","status":"publish","type":"product","link":"https:\/\/beuhparadis.com\/sk\/product\/huile-de-cannabis-tangie-og-thc\/","title":{"rendered":"Konopn\u00fd olej Tangie OG THC"},"content":{"rendered":"<h1 class=\"wp-block-heading\">K\u00fapi\u0165 konopn\u00fd olej Tangie OG<\/h1>\n<p>Objavte konopn\u00fd olej Tangie OG, dokonale vyv\u00e1\u017een\u00fd hybrid vytvoren\u00fd skr\u00ed\u017een\u00edm lahodn\u00e9ho kme\u0148a Tangie s klasick\u00fdm OG Kush. Tento olej preber\u00e1 chute svojich dvoch sl\u00e1vnych rodi\u010dov a prin\u00e1\u0161a neodolate\u013en\u00fd chu\u0165ov\u00fd z\u00e1\u017eitok, po ktorom budete chcie\u0165 viac.<\/p>\n<h2 class=\"wp-block-heading\">Zlo\u017eenie oleja THC<\/h2>\n<ul class=\"wp-block-list\">\n<li><strong>Zlo\u017eenie:<\/strong> \u010cist\u00e9 extrakcie konope Tangie OG.<\/li>\n<li><strong>D\u00e1vkovanie:<\/strong> Vysoko koncentrovan\u00fd obsah THC s 62,06% a 2,66% CBD.<\/li>\n<\/ul>\n<h2 class=\"wp-block-heading\">THC a CBD (vr\u00e1tane percentu\u00e1lneho podielu)<\/h2>\n<ul class=\"wp-block-list\">\n<li><strong>THC:<\/strong> 62.06%<\/li>\n<li><strong>CBD:<\/strong> 2.66%<\/li>\n<\/ul>\n<h2 class=\"wp-block-heading\">Kde si m\u00f4\u017eem k\u00fapi\u0165 konopn\u00fd olej Tangie OG online?<\/h2>\n<ul class=\"wp-block-list\">\n<li>Konopn\u00fd olej Tangie OG je k dispoz\u00edcii online od spolo\u010dnosti Acheterducannabis, ktor\u00e1 zaru\u010duje najvy\u0161\u0161iu kvalitu a spo\u013eahliv\u00e9 dodanie.<\/li>\n<\/ul>\n<h2 class=\"wp-block-heading\">\u00da\u010dinky, v\u00f4\u0148a a chu\u0165<\/h2>\n<h3 class=\"wp-block-heading\">\u00da\u010dinok<\/h3>\n<ul class=\"wp-block-list\">\n<li>Tvoriv\u00e1 energia, \u010dist\u00e1 euf\u00f3ria, pocit mrav\u010denia v celom tele.<\/li>\n<\/ul>\n<h3 class=\"wp-block-heading\">Ar\u00f3ma<\/h3>\n<ul class=\"wp-block-list\">\n<li>Sladk\u00e1 a drevit\u00e1 so zemit\u00fdm citrusov\u00fdm podt\u00f3nom, ktor\u00fd sa pri horen\u00ed men\u00ed na pikantn\u00fd.<\/li>\n<\/ul>\n<h3 class=\"wp-block-heading\">Chu\u0165<\/h3>\n<ul class=\"wp-block-list\">\n<li>Trpk\u00e9 citrusov\u00e9 plody s pr\u00edchu\u0165ou tr\u00e1vy a citr\u00f3nu.<\/li>\n<\/ul>\n<h2 class=\"wp-block-heading\">Zdravotn\u00e9 \u00fa\u010dinky<\/h2>\n<ul class=\"wp-block-list\">\n<li>Ide\u00e1lne na lie\u010dbu stavov, ako je chronick\u00e1 boles\u0165, \u00fanava, nespavos\u0165, depresia, stres alebo chronick\u00e1 \u00fazkos\u0165.<\/li>\n<\/ul>\n<h3 class=\"wp-block-heading\">M\u00f4\u017ee zmierni\u0165<\/h3>\n<ul class=\"wp-block-list\">\n<li>Stres, depresia, \u00fanava, boles\u0165, strata chuti do jedla.<\/li>\n<\/ul>\n<h2 class=\"wp-block-heading\">V\u00fdber spr\u00e1vneho oleja THC<\/h2>\n<p>Konopn\u00fd olej Tangie OG je ide\u00e1lny pre t\u00fdch, ktor\u00ed h\u013eadaj\u00fa dokonal\u00fa rovnov\u00e1hu medzi energiou a relax\u00e1ciou a pon\u00faka povzbudzuj\u00face aj upokojuj\u00face \u00fa\u010dinky.<\/p>\n<h2 class=\"wp-block-heading\">Pou\u017eitie konopn\u00e9ho oleja Tangie OG THC<\/h2>\n<p>Vhodn\u00e9 na rozpra\u0161ovanie, prid\u00e1vanie do jedla alebo priamo pod jazyk na r\u00fdchle vstrebanie.<\/p>\n<h2 class=\"wp-block-heading\">Ako by sa mal olej THC skladova\u0165?<\/h2>\n<p>Olej uchov\u00e1vajte na chladnom a tmavom mieste, aby si zachoval svoju silu a \u010derstvos\u0165.<\/p>\n<h2 class=\"wp-block-heading\">Pre\u010do si k\u00fapi\u0165 konopn\u00fd olej Tangie OG od Acheterducannabis?<\/h2>\n<p><a href=\"https:\/\/acheterducannabis.fr\/\" data-type=\"link\" data-id=\"https:\/\/acheterducannabis.fr\/\">Buyducannabis<\/a> pon\u00faka produkty najvy\u0161\u0161ej kvality so spo\u013eahliv\u00fdm a diskr\u00e9tnym dodan\u00edm, ktor\u00e9 zaru\u010duje \u00fapln\u00fa spokojnos\u0165.<\/p>\n<h2 class=\"wp-block-heading\">Vl\u00e1dny z\u00e1kon o predaji THC oleja v Eur\u00f3pe<\/h2>\n<p>Predaj a spotreba oleja s THC vr\u00e1tane konopn\u00e9ho oleja Tangie OG podliehaj\u00fa v Eur\u00f3pe osobitn\u00fdm predpisom. Pred n\u00e1kupom sa odpor\u00fa\u010da informova\u0165 sa o miestnych z\u00e1konoch.<\/p>\n<p>Konopn\u00fd olej Tangie OG je v\u00fdnimo\u010dnou vo\u013ebou pre t\u00fdch, ktor\u00ed chc\u00fa pov\u00fd\u0161i\u0165 svoj z\u00e1\u017eitok z konope, preto\u017ee pon\u00faka dokonal\u00fa kombin\u00e1ciu chuti, v\u00f4ne a lie\u010debnej \u00fa\u010dinnosti. Vychutnajte si v\u00fdhody a p\u00f4\u017eitky, ktor\u00e9 pon\u00faka tento pr\u00e9miov\u00fd olej, dostupn\u00fd exkluz\u00edvne v Acheterducannabis.<\/p>","protected":false},"excerpt":{"rendered":"<p><strong>THC:<\/strong> 62.06%<br \/> <strong>CBD:<\/strong> 2.66%<\/p>\n<p><strong>Zdravotn\u00e9 \u00fa\u010dinky:<\/strong><br \/> Ide\u00e1lne na lie\u010dbu stavov, ako je chronick\u00e1 boles\u0165, \u00fanava, nespavos\u0165, depresia, stres alebo chronick\u00e1 \u00fazkos\u0165.<\/p>","protected":false},"featured_media":1426,"comment_status":"closed","ping_status":"closed","template":"","meta":{"site-sidebar-layout":"default","site-content-layout":"","ast-site-content-layout":"","site-content-style":"default","site-sidebar-style":"default","ast-global-header-display":"","ast-banner-title-visibility":"","ast-main-header-display":"","ast-hfb-above-header-display":"","ast-hfb-below-header-display":"","ast-hfb-mobile-header-display":"","site-post-title":"","ast-breadcrumbs-content":"","ast-featured-img":"","footer-sml-layout":"","theme-transparent-header-meta":"","adv-header-id-meta":"","stick-header-meta":"","header-above-stick-meta":"","header-main-stick-meta":"","header-below-stick-meta":"","astra-migrate-meta-layouts":"default","ast-page-background-enabled":"default","ast-page-background-meta":{"desktop":{"background-color":"","background-image":"","background-repeat":"repeat","background-position":"center center","background-size":"auto","background-attachment":"scroll","background-type":"","background-media":"","overlay-type":"","overlay-color":"","overlay-opacity":"","overlay-gradient":""},"tablet":{"background-color":"","background-image":"","background-repeat":"repeat","background-position":"center center","background-size":"auto","background-attachment":"scroll","background-type":"","background-media":"","overlay-type":"","overlay-color":"","overlay-opacity":"","overlay-gradient":""},"mobile":{"background-color":"","background-image":"","background-repeat":"repeat","background-position":"center center","background-size":"auto","background-attachment":"scroll","background-type":"","background-media":"","overlay-type":"","overlay-color":"","overlay-opacity":"","overlay-gradient":""}},"ast-content-background-meta":{"desktop":{"background-color":"var(--ast-global-color-5)","background-image":"","background-repeat":"repeat","background-position":"center center","background-size":"auto","background-attachment":"scroll","background-type":"","background-media":"","overlay-type":"","overlay-color":"","overlay-opacity":"","overlay-gradient":""},"tablet":{"background-color":"var(--ast-global-color-5)","background-image":"","background-repeat":"repeat","background-position":"center center","background-size":"auto","background-attachment":"scroll","background-type":"","background-media":"","overlay-type":"","overlay-color":"","overlay-opacity":"","overlay-gradient":""},"mobile":{"background-color":"var(--ast-global-color-5)","background-image":"","background-repeat":"repeat","background-position":"center center","background-size":"auto","background-attachment":"scroll","background-type":"","background-media":"","overlay-type":"","overlay-color":"","overlay-opacity":"","overlay-gradient":""}},"_joinchat":[]},"product_brand":[],"product_cat":[36],"product_tag":[],"class_list":{"0":"post-1416","1":"product","2":"type-product","3":"status-publish","4":"has-post-thumbnail","6":"product_cat-huile-thc","7":"desktop-align-left","8":"tablet-align-left","9":"mobile-align-left","11":"first","12":"instock","13":"shipping-taxable","14":"purchasable","15":"product-type-variable"},"yoast_head":"<!-- This site is optimized with the Yoast SEO Premium plugin v24.1 (Yoast SEO v26.8) - https:\/\/yoast.com\/product\/yoast-seo-premium-wordpress\/ -->\n<title>Huile de cannabis Tangie OG THC - Beuh Paradis<\/title>\n<meta name=\"robots\" content=\"index, follow, max-snippet:-1, max-image-preview:large, max-video-preview:-1\" \/>\n<link rel=\"canonical\" href=\"https:\/\/beuhparadis.com\/sk\/product\/huile-de-cannabis-tangie-og-thc\/\" \/>\n<meta property=\"og:locale\" content=\"sk_SK\" \/>\n<meta property=\"og:type\" content=\"article\" \/>\n<meta property=\"og:title\" content=\"Huile de cannabis Tangie OG THC\" \/>\n<meta property=\"og:description\" content=\"THC: 62.06% CBD: 2.66% Effets M\u00e9dicaux: Parfait pour traiter des conditions telles que douleurs chroniques, fatigue, insomnie, d\u00e9pression, stress ou anxi\u00e9t\u00e9 chronique.\" \/>\n<meta property=\"og:url\" content=\"https:\/\/beuhparadis.com\/sk\/product\/huile-de-cannabis-tangie-og-thc\/\" \/>\n<meta property=\"og:site_name\" content=\"Beuh Paradis\" \/>\n<meta property=\"article:modified_time\" content=\"2024-12-10T23:40:45+00:00\" \/>\n<meta name=\"twitter:card\" content=\"summary_large_image\" \/>\n<meta name=\"twitter:label1\" content=\"Predpokladan\u00fd \u010das \u010d\u00edtania\" \/>\n\t<meta name=\"twitter:data1\" content=\"2 minutes\" \/>\n<script type=\"application\/ld+json\" class=\"yoast-schema-graph\">{\"@context\":\"https:\/\/schema.org\",\"@graph\":[{\"@type\":\"WebPage\",\"@id\":\"https:\/\/beuhparadis.com\/product\/huile-de-cannabis-tangie-og-thc\/\",\"url\":\"https:\/\/beuhparadis.com\/product\/huile-de-cannabis-tangie-og-thc\/\",\"name\":\"Huile de cannabis Tangie OG THC - Beuh Paradis\",\"isPartOf\":{\"@id\":\"https:\/\/beuhparadis.com\/#website\"},\"primaryImageOfPage\":{\"@id\":\"https:\/\/beuhparadis.com\/product\/huile-de-cannabis-tangie-og-thc\/#primaryimage\"},\"image\":{\"@id\":\"https:\/\/beuhparadis.com\/product\/huile-de-cannabis-tangie-og-thc\/#primaryimage\"},\"thumbnailUrl\":\"https:\/\/beuhparadis.com\/wp-content\/uploads\/2024\/12\/Tangie-OG-THC-Marijuana-Oil.webp\",\"datePublished\":\"2024-12-10T23:40:32+00:00\",\"dateModified\":\"2024-12-10T23:40:45+00:00\",\"breadcrumb\":{\"@id\":\"https:\/\/beuhparadis.com\/product\/huile-de-cannabis-tangie-og-thc\/#breadcrumb\"},\"inLanguage\":\"sk-SK\",\"potentialAction\":[{\"@type\":\"ReadAction\",\"target\":[\"https:\/\/beuhparadis.com\/product\/huile-de-cannabis-tangie-og-thc\/\"]}]},{\"@type\":\"ImageObject\",\"inLanguage\":\"sk-SK\",\"@id\":\"https:\/\/beuhparadis.com\/product\/huile-de-cannabis-tangie-og-thc\/#primaryimage\",\"url\":\"https:\/\/beuhparadis.com\/wp-content\/uploads\/2024\/12\/Tangie-OG-THC-Marijuana-Oil.webp\",\"contentUrl\":\"https:\/\/beuhparadis.com\/wp-content\/uploads\/2024\/12\/Tangie-OG-THC-Marijuana-Oil.webp\",\"width\":450,\"height\":450},{\"@type\":\"BreadcrumbList\",\"@id\":\"https:\/\/beuhparadis.com\/product\/huile-de-cannabis-tangie-og-thc\/#breadcrumb\",\"itemListElement\":[{\"@type\":\"ListItem\",\"position\":1,\"name\":\"Home\",\"item\":\"https:\/\/beuhparadis.com\/\"},{\"@type\":\"ListItem\",\"position\":2,\"name\":\"Shop\",\"item\":\"https:\/\/beuhparadis.com\/shop\/\"},{\"@type\":\"ListItem\",\"position\":3,\"name\":\"Huile de cannabis Tangie OG THC\"}]},{\"@type\":\"WebSite\",\"@id\":\"https:\/\/beuhparadis.com\/#website\",\"url\":\"https:\/\/beuhparadis.com\/\",\"name\":\"Beuh Paradis\",\"description\":\"\",\"potentialAction\":[{\"@type\":\"SearchAction\",\"target\":{\"@type\":\"EntryPoint\",\"urlTemplate\":\"https:\/\/beuhparadis.com\/?s={search_term_string}\"},\"query-input\":{\"@type\":\"PropertyValueSpecification\",\"valueRequired\":true,\"valueName\":\"search_term_string\"}}],\"inLanguage\":\"sk-SK\"}]}<\/script>\n<!-- \/ Yoast SEO Premium plugin. -->","yoast_head_json":{"title":"Konopn\u00fd olej Tangie OG THC - Beuh Paradis","robots":{"index":"index","follow":"follow","max-snippet":"max-snippet:-1","max-image-preview":"max-image-preview:large","max-video-preview":"max-video-preview:-1"},"canonical":"https:\/\/beuhparadis.com\/sk\/product\/huile-de-cannabis-tangie-og-thc\/","og_locale":"sk_SK","og_type":"article","og_title":"Huile de cannabis Tangie OG THC","og_description":"THC: 62.06% CBD: 2.66% Effets M\u00e9dicaux: Parfait pour traiter des conditions telles que douleurs chroniques, fatigue, insomnie, d\u00e9pression, stress ou anxi\u00e9t\u00e9 chronique.","og_url":"https:\/\/beuhparadis.com\/sk\/product\/huile-de-cannabis-tangie-og-thc\/","og_site_name":"Beuh Paradis","article_modified_time":"2024-12-10T23:40:45+00:00","twitter_card":"summary_large_image","twitter_misc":{"Predpokladan\u00fd \u010das \u010d\u00edtania":"2 minutes"},"schema":{"@context":"https:\/\/schema.org","@graph":[{"@type":"WebPage","@id":"https:\/\/beuhparadis.com\/product\/huile-de-cannabis-tangie-og-thc\/","url":"https:\/\/beuhparadis.com\/product\/huile-de-cannabis-tangie-og-thc\/","name":"Konopn\u00fd olej Tangie OG THC - Beuh Paradis","isPartOf":{"@id":"https:\/\/beuhparadis.com\/#website"},"primaryImageOfPage":{"@id":"https:\/\/beuhparadis.com\/product\/huile-de-cannabis-tangie-og-thc\/#primaryimage"},"image":{"@id":"https:\/\/beuhparadis.com\/product\/huile-de-cannabis-tangie-og-thc\/#primaryimage"},"thumbnailUrl":"https:\/\/beuhparadis.com\/wp-content\/uploads\/2024\/12\/Tangie-OG-THC-Marijuana-Oil.webp","datePublished":"2024-12-10T23:40:32+00:00","dateModified":"2024-12-10T23:40:45+00:00","breadcrumb":{"@id":"https:\/\/beuhparadis.com\/product\/huile-de-cannabis-tangie-og-thc\/#breadcrumb"},"inLanguage":"sk-SK","potentialAction":[{"@type":"ReadAction","target":["https:\/\/beuhparadis.com\/product\/huile-de-cannabis-tangie-og-thc\/"]}]},{"@type":"ImageObject","inLanguage":"sk-SK","@id":"https:\/\/beuhparadis.com\/product\/huile-de-cannabis-tangie-og-thc\/#primaryimage","url":"https:\/\/beuhparadis.com\/wp-content\/uploads\/2024\/12\/Tangie-OG-THC-Marijuana-Oil.webp","contentUrl":"https:\/\/beuhparadis.com\/wp-content\/uploads\/2024\/12\/Tangie-OG-THC-Marijuana-Oil.webp","width":450,"height":450},{"@type":"BreadcrumbList","@id":"https:\/\/beuhparadis.com\/product\/huile-de-cannabis-tangie-og-thc\/#breadcrumb","itemListElement":[{"@type":"ListItem","position":1,"name":"Home","item":"https:\/\/beuhparadis.com\/"},{"@type":"ListItem","position":2,"name":"Shop","item":"https:\/\/beuhparadis.com\/shop\/"},{"@type":"ListItem","position":3,"name":"Huile de cannabis Tangie OG THC"}]},{"@type":"WebSite","@id":"https:\/\/beuhparadis.com\/#website","url":"https:\/\/beuhparadis.com\/","name":"Beuh Paradis","description":"","potentialAction":[{"@type":"SearchAction","target":{"@type":"EntryPoint","urlTemplate":"https:\/\/beuhparadis.com\/?s={search_term_string}"},"query-input":{"@type":"PropertyValueSpecification","valueRequired":true,"valueName":"search_term_string"}}],"inLanguage":"sk-SK"}]}},"_links":{"self":[{"href":"https:\/\/beuhparadis.com\/sk\/wp-json\/wp\/v2\/product\/1416","targetHints":{"allow":["GET"]}}],"collection":[{"href":"https:\/\/beuhparadis.com\/sk\/wp-json\/wp\/v2\/product"}],"about":[{"href":"https:\/\/beuhparadis.com\/sk\/wp-json\/wp\/v2\/types\/product"}],"replies":[{"embeddable":true,"href":"https:\/\/beuhparadis.com\/sk\/wp-json\/wp\/v2\/comments?post=1416"}],"wp:featuredmedia":[{"embeddable":true,"href":"https:\/\/beuhparadis.com\/sk\/wp-json\/wp\/v2\/media\/1426"}],"wp:attachment":[{"href":"https:\/\/beuhparadis.com\/sk\/wp-json\/wp\/v2\/media?parent=1416"}],"wp:term":[{"taxonomy":"product_brand","embeddable":true,"href":"https:\/\/beuhparadis.com\/sk\/wp-json\/wp\/v2\/product_brand?post=1416"},{"taxonomy":"product_cat","embeddable":true,"href":"https:\/\/beuhparadis.com\/sk\/wp-json\/wp\/v2\/product_cat?post=1416"},{"taxonomy":"product_tag","embeddable":true,"href":"https:\/\/beuhparadis.com\/sk\/wp-json\/wp\/v2\/product_tag?post=1416"}],"curies":[{"name":"wp","href":"https:\/\/api.w.org\/{rel}","templated":true}]}}