{"id":1410,"date":"2024-12-10T23:40:32","date_gmt":"2024-12-10T23:40:32","guid":{"rendered":"https:\/\/beuhparadis.com\/?post_type=product&#038;p=1410"},"modified":"2024-12-10T23:40:45","modified_gmt":"2024-12-10T23:40:45","slug":"huile-de-miel-lemon-haze-de-dabbers-delight","status":"publish","type":"product","link":"https:\/\/beuhparadis.com\/sk\/product\/huile-de-miel-lemon-haze-de-dabbers-delight\/","title":{"rendered":"Medov\u00fd olej Lemon Haze od Dabber's Delight"},"content":{"rendered":"<h1 class=\"wp-block-heading\">K\u00fapi\u0165 Dabber's Delight Lemon Haze Honey Oil<\/h1>\n<p>Dabber's Delight Lemon Haze Honey Oil, hybridn\u00fd konopn\u00fd extrakt s prevahou sativa, poch\u00e1dza z d\u00f4kladnej zmesi kme\u0148ov Lemon Skunk a Super Silver Haze. V\u010faka pomeru sativa\/indica 80:20 tento olej s\u013eubuje euforick\u00fd a \u0161\u0165astn\u00fd z\u00e1\u017eitok bez toho, aby bol pr\u00edli\u0161 intenz\u00edvny. Je ide\u00e1lny na dabing a vaping a je balen\u00fd v sklenenej strieka\u010dke odolnej vo\u010di vysok\u00fdm teplot\u00e1m.<\/p>\n<h2 class=\"wp-block-heading\">Zlo\u017eenie oleja THC<\/h2>\n<ul class=\"wp-block-list\">\n<li><strong>Kme\u0148<\/strong>Lemon Skunk a Super Silver Haze<\/li>\n<li><strong>Pomer sativa\/indica<\/strong>: 80:20<\/li>\n<li><strong>Pou\u017e\u00edvanie<\/strong>Ide\u00e1lne na dabing a vaping<\/li>\n<\/ul>\n<h2 class=\"wp-block-heading\">THC a CBD<\/h2>\n<ul class=\"wp-block-list\">\n<li>Vysok\u00e1 koncentr\u00e1cia THC pre cerebr\u00e1lne a stimula\u010dn\u00e9 \u00fa\u010dinky, presn\u00e9 percento CBD nie je \u0161pecifikovan\u00e9.<\/li>\n<\/ul>\n<h2 class=\"wp-block-heading\">Kde si m\u00f4\u017eem k\u00fapi\u0165 Lemon Haze Honey Oil online?<\/h2>\n<p>Tento v\u00fdnimo\u010dn\u00fd konopn\u00fd olej je k dispoz\u00edcii online na \u0161pecializovan\u00fdch platform\u00e1ch, ako je Acheterducannabis, ktor\u00e9 pon\u00fakaj\u00fa zaru\u010den\u00fa kvalitu pre pou\u017e\u00edvate\u013eov v Eur\u00f3pe.<\/p>\n<h2 class=\"wp-block-heading\">\u00da\u010dinky, v\u00f4\u0148a a chu\u0165<\/h2>\n<h3 class=\"wp-block-heading\">\u00da\u010dinok<\/h3>\n<ul class=\"wp-block-list\">\n<li>Mozgov\u00e9, stimula\u010dn\u00e9 \u00fa\u010dinky, ide\u00e1lne pre kreativitu, energiu, euf\u00f3riu a intenz\u00edvne \u0161\u0165astie.<\/li>\n<\/ul>\n<h3 class=\"wp-block-heading\">V\u00f4\u0148a a chu\u0165<\/h3>\n<ul class=\"wp-block-list\">\n<li>Aromatick\u00fd a chu\u0165ov\u00fd profil citr\u00f3nu a citrusov, charakteristick\u00fd pre kme\u0148 Lemon Haze, ktor\u00fd pon\u00faka osvie\u017euj\u00faci z\u00e1\u017eitok.<\/li>\n<\/ul>\n<h2 class=\"wp-block-heading\">Zdravotn\u00e9 \u00fa\u010dinky<\/h2>\n<h3 class=\"wp-block-heading\">Zdravotn\u00e9 \u00fa\u010dinky<\/h3>\n<ul class=\"wp-block-list\">\n<li>\u00da\u010dinn\u00fd proti depresii, \u00fanave, \u00fazkosti, nevo\u013enosti a chronickej bolesti.<\/li>\n<\/ul>\n<h3 class=\"wp-block-heading\">M\u00f4\u017ee zmierni\u0165<\/h3>\n<ul class=\"wp-block-list\">\n<li>\u0160irok\u00e1 \u0161k\u00e1la sympt\u00f3mov a stavov v\u010faka svojim stimula\u010dn\u00fdm a euforizuj\u00facim vlastnostiam.<\/li>\n<\/ul>\n<h2 class=\"wp-block-heading\">V\u00fdber spr\u00e1vneho oleja THC<\/h2>\n<p>Lemon Haze Honey Oil je vynikaj\u00facou vo\u013ebou pre t\u00fdch, ktor\u00ed h\u013eadaj\u00fa dominantn\u00fa sativu s pr\u00edjemn\u00fdm chu\u0165ov\u00fdm profilom a v\u00fdrazn\u00fdmi lie\u010div\u00fdmi \u00fa\u010dinkami.<\/p>\n<h2 class=\"wp-block-heading\">Pou\u017eitie medov\u00e9ho oleja Lemon Haze<\/h2>\n<p>Tento olej sa odpor\u00fa\u010da pou\u017e\u00edva\u0165 najm\u00e4 po\u010das d\u0148a, preto\u017ee podporuje kreativitu, energiu a celkov\u00fa pohodu.<\/p>\n<h2 class=\"wp-block-heading\">Ako by sa mal THC olej skladova\u0165?<\/h2>\n<p>Aby sa olej optim\u00e1lne uchoval, skladujte ho na chladnom a tmavom mieste a pred pou\u017eit\u00edm mierne zohrejte injek\u010dn\u00fa strieka\u010dku, aby ste u\u013eah\u010dili d\u00e1vkovanie.<\/p>\n<h2 class=\"wp-block-heading\">Pre\u010do si k\u00fapi\u0165 Lemon Haze Honey Oil od Acheterducannabis?<\/h2>\n<p>Acheterducannabis pon\u00faka tento olej najvy\u0161\u0161ej kvality, ktor\u00fd zaru\u010duje optim\u00e1lny u\u017e\u00edvate\u013esk\u00fd z\u00e1\u017eitok pre t\u00fdch, ktor\u00ed si chc\u00fa vychutna\u0165 jedine\u010dn\u00e9 v\u00fdhody kme\u0148a Lemon Haze.<\/p>\n<h2 class=\"wp-block-heading\">Vl\u00e1dne pr\u00e1vne predpisy o predaji oleja THC v Eur\u00f3pe<\/h2>\n<p>Predaj<a href=\"https:\/\/acheterducannabis.fr\/huile-thc\/\" data-type=\"link\" data-id=\"https:\/\/acheterducannabis.fr\/huile-thc\/\">Olej THC<\/a>vr\u00e1tane Lemon Haze Honey Oil, je v Eur\u00f3pe regulovan\u00fd. Pred n\u00e1kupom je nevyhnutn\u00e9 skontrolova\u0165 miestne pr\u00e1vne predpisy, aby ste z\u00edskali \u00faplne leg\u00e1lny z\u00e1\u017eitok.<\/p>\n<p>Dabber's Delight Lemon Haze Honey Oil pon\u00faka bohat\u00fd a povzbudzuj\u00faci z\u00e1\u017eitok zo sativa, ktor\u00fd sa vyzna\u010duje osvie\u017euj\u00facim citr\u00f3nov\u00fdm aromatick\u00fdm profilom. Tento olej, ktor\u00fd je k dispoz\u00edcii v spolo\u010dnosti Acheterducannabis, s\u013eubuje nielen \u00fa\u013eavu od pr\u00edznakov r\u00f4znych zdravotn\u00fdch \u0165a\u017ekost\u00ed, ale aj zv\u00fd\u0161enie kreativity a energie, \u010do je ide\u00e1lne na ka\u017edodenn\u00e9 pou\u017e\u00edvanie.<\/p>","protected":false},"excerpt":{"rendered":"<p><strong>THC:<\/strong> 19%<\/p>\n<p><strong>Zdravotn\u00e9 \u00fa\u010dinky:<\/strong><br \/> \u00da\u010dinn\u00fd proti depresii, \u00fanave, \u00fazkosti, nevo\u013enosti a chronickej bolesti.<\/p>","protected":false},"featured_media":1425,"comment_status":"closed","ping_status":"closed","template":"","meta":{"site-sidebar-layout":"default","site-content-layout":"","ast-site-content-layout":"","site-content-style":"default","site-sidebar-style":"default","ast-global-header-display":"","ast-banner-title-visibility":"","ast-main-header-display":"","ast-hfb-above-header-display":"","ast-hfb-below-header-display":"","ast-hfb-mobile-header-display":"","site-post-title":"","ast-breadcrumbs-content":"","ast-featured-img":"","footer-sml-layout":"","theme-transparent-header-meta":"","adv-header-id-meta":"","stick-header-meta":"","header-above-stick-meta":"","header-main-stick-meta":"","header-below-stick-meta":"","astra-migrate-meta-layouts":"default","ast-page-background-enabled":"default","ast-page-background-meta":{"desktop":{"background-color":"","background-image":"","background-repeat":"repeat","background-position":"center center","background-size":"auto","background-attachment":"scroll","background-type":"","background-media":"","overlay-type":"","overlay-color":"","overlay-opacity":"","overlay-gradient":""},"tablet":{"background-color":"","background-image":"","background-repeat":"repeat","background-position":"center center","background-size":"auto","background-attachment":"scroll","background-type":"","background-media":"","overlay-type":"","overlay-color":"","overlay-opacity":"","overlay-gradient":""},"mobile":{"background-color":"","background-image":"","background-repeat":"repeat","background-position":"center center","background-size":"auto","background-attachment":"scroll","background-type":"","background-media":"","overlay-type":"","overlay-color":"","overlay-opacity":"","overlay-gradient":""}},"ast-content-background-meta":{"desktop":{"background-color":"var(--ast-global-color-5)","background-image":"","background-repeat":"repeat","background-position":"center center","background-size":"auto","background-attachment":"scroll","background-type":"","background-media":"","overlay-type":"","overlay-color":"","overlay-opacity":"","overlay-gradient":""},"tablet":{"background-color":"var(--ast-global-color-5)","background-image":"","background-repeat":"repeat","background-position":"center center","background-size":"auto","background-attachment":"scroll","background-type":"","background-media":"","overlay-type":"","overlay-color":"","overlay-opacity":"","overlay-gradient":""},"mobile":{"background-color":"var(--ast-global-color-5)","background-image":"","background-repeat":"repeat","background-position":"center center","background-size":"auto","background-attachment":"scroll","background-type":"","background-media":"","overlay-type":"","overlay-color":"","overlay-opacity":"","overlay-gradient":""}},"_joinchat":[]},"product_brand":[],"product_cat":[36],"product_tag":[],"class_list":{"0":"post-1410","1":"product","2":"type-product","3":"status-publish","4":"has-post-thumbnail","6":"product_cat-huile-thc","7":"desktop-align-left","8":"tablet-align-left","9":"mobile-align-left","11":"first","12":"instock","13":"shipping-taxable","14":"purchasable","15":"product-type-variable"},"yoast_head":"<!-- This site is optimized with the Yoast SEO Premium plugin v24.1 (Yoast SEO v26.8) - https:\/\/yoast.com\/product\/yoast-seo-premium-wordpress\/ -->\n<title>Huile de miel Lemon Haze de Dabber\u2019s Delight - Beuh Paradis<\/title>\n<meta name=\"robots\" content=\"index, follow, max-snippet:-1, max-image-preview:large, max-video-preview:-1\" \/>\n<link rel=\"canonical\" href=\"https:\/\/beuhparadis.com\/sk\/product\/huile-de-miel-lemon-haze-de-dabbers-delight\/\" \/>\n<meta property=\"og:locale\" content=\"sk_SK\" \/>\n<meta property=\"og:type\" content=\"article\" \/>\n<meta property=\"og:title\" content=\"Huile de miel Lemon Haze de Dabber\u2019s Delight\" \/>\n<meta property=\"og:description\" content=\"THC: 19% Effets M\u00e9dicaux: Efficace contre la d\u00e9pression, la fatigue, l&rsquo;anxi\u00e9t\u00e9, les naus\u00e9es et les douleurs chroniques.\" \/>\n<meta property=\"og:url\" content=\"https:\/\/beuhparadis.com\/sk\/product\/huile-de-miel-lemon-haze-de-dabbers-delight\/\" \/>\n<meta property=\"og:site_name\" content=\"Beuh Paradis\" \/>\n<meta property=\"article:modified_time\" content=\"2024-12-10T23:40:45+00:00\" \/>\n<meta name=\"twitter:card\" content=\"summary_large_image\" \/>\n<meta name=\"twitter:label1\" content=\"Predpokladan\u00fd \u010das \u010d\u00edtania\" \/>\n\t<meta name=\"twitter:data1\" content=\"3 minutes\" \/>\n<script type=\"application\/ld+json\" class=\"yoast-schema-graph\">{\"@context\":\"https:\/\/schema.org\",\"@graph\":[{\"@type\":\"WebPage\",\"@id\":\"https:\/\/beuhparadis.com\/product\/huile-de-miel-lemon-haze-de-dabbers-delight\/\",\"url\":\"https:\/\/beuhparadis.com\/product\/huile-de-miel-lemon-haze-de-dabbers-delight\/\",\"name\":\"Huile de miel Lemon Haze de Dabber\u2019s Delight - Beuh Paradis\",\"isPartOf\":{\"@id\":\"https:\/\/beuhparadis.com\/#website\"},\"primaryImageOfPage\":{\"@id\":\"https:\/\/beuhparadis.com\/product\/huile-de-miel-lemon-haze-de-dabbers-delight\/#primaryimage\"},\"image\":{\"@id\":\"https:\/\/beuhparadis.com\/product\/huile-de-miel-lemon-haze-de-dabbers-delight\/#primaryimage\"},\"thumbnailUrl\":\"https:\/\/beuhparadis.com\/wp-content\/uploads\/2024\/12\/Dabbers-Delight-Lemon-Haze-Honey-Oil.webp\",\"datePublished\":\"2024-12-10T23:40:32+00:00\",\"dateModified\":\"2024-12-10T23:40:45+00:00\",\"breadcrumb\":{\"@id\":\"https:\/\/beuhparadis.com\/product\/huile-de-miel-lemon-haze-de-dabbers-delight\/#breadcrumb\"},\"inLanguage\":\"sk-SK\",\"potentialAction\":[{\"@type\":\"ReadAction\",\"target\":[\"https:\/\/beuhparadis.com\/product\/huile-de-miel-lemon-haze-de-dabbers-delight\/\"]}]},{\"@type\":\"ImageObject\",\"inLanguage\":\"sk-SK\",\"@id\":\"https:\/\/beuhparadis.com\/product\/huile-de-miel-lemon-haze-de-dabbers-delight\/#primaryimage\",\"url\":\"https:\/\/beuhparadis.com\/wp-content\/uploads\/2024\/12\/Dabbers-Delight-Lemon-Haze-Honey-Oil.webp\",\"contentUrl\":\"https:\/\/beuhparadis.com\/wp-content\/uploads\/2024\/12\/Dabbers-Delight-Lemon-Haze-Honey-Oil.webp\",\"width\":1000,\"height\":1000},{\"@type\":\"BreadcrumbList\",\"@id\":\"https:\/\/beuhparadis.com\/product\/huile-de-miel-lemon-haze-de-dabbers-delight\/#breadcrumb\",\"itemListElement\":[{\"@type\":\"ListItem\",\"position\":1,\"name\":\"Home\",\"item\":\"https:\/\/beuhparadis.com\/\"},{\"@type\":\"ListItem\",\"position\":2,\"name\":\"Shop\",\"item\":\"https:\/\/beuhparadis.com\/shop\/\"},{\"@type\":\"ListItem\",\"position\":3,\"name\":\"Huile de miel Lemon Haze de Dabber\u2019s Delight\"}]},{\"@type\":\"WebSite\",\"@id\":\"https:\/\/beuhparadis.com\/#website\",\"url\":\"https:\/\/beuhparadis.com\/\",\"name\":\"Beuh Paradis\",\"description\":\"\",\"potentialAction\":[{\"@type\":\"SearchAction\",\"target\":{\"@type\":\"EntryPoint\",\"urlTemplate\":\"https:\/\/beuhparadis.com\/?s={search_term_string}\"},\"query-input\":{\"@type\":\"PropertyValueSpecification\",\"valueRequired\":true,\"valueName\":\"search_term_string\"}}],\"inLanguage\":\"sk-SK\"}]}<\/script>\n<!-- \/ Yoast SEO Premium plugin. -->","yoast_head_json":{"title":"Medov\u00fd olej Lemon Haze od Dabber's Delight - Beuh Paradis","robots":{"index":"index","follow":"follow","max-snippet":"max-snippet:-1","max-image-preview":"max-image-preview:large","max-video-preview":"max-video-preview:-1"},"canonical":"https:\/\/beuhparadis.com\/sk\/product\/huile-de-miel-lemon-haze-de-dabbers-delight\/","og_locale":"sk_SK","og_type":"article","og_title":"Huile de miel Lemon Haze de Dabber\u2019s Delight","og_description":"THC: 19% Effets M\u00e9dicaux: Efficace contre la d\u00e9pression, la fatigue, l&rsquo;anxi\u00e9t\u00e9, les naus\u00e9es et les douleurs chroniques.","og_url":"https:\/\/beuhparadis.com\/sk\/product\/huile-de-miel-lemon-haze-de-dabbers-delight\/","og_site_name":"Beuh Paradis","article_modified_time":"2024-12-10T23:40:45+00:00","twitter_card":"summary_large_image","twitter_misc":{"Predpokladan\u00fd \u010das \u010d\u00edtania":"3 minutes"},"schema":{"@context":"https:\/\/schema.org","@graph":[{"@type":"WebPage","@id":"https:\/\/beuhparadis.com\/product\/huile-de-miel-lemon-haze-de-dabbers-delight\/","url":"https:\/\/beuhparadis.com\/product\/huile-de-miel-lemon-haze-de-dabbers-delight\/","name":"Medov\u00fd olej Lemon Haze od Dabber's Delight - Beuh Paradis","isPartOf":{"@id":"https:\/\/beuhparadis.com\/#website"},"primaryImageOfPage":{"@id":"https:\/\/beuhparadis.com\/product\/huile-de-miel-lemon-haze-de-dabbers-delight\/#primaryimage"},"image":{"@id":"https:\/\/beuhparadis.com\/product\/huile-de-miel-lemon-haze-de-dabbers-delight\/#primaryimage"},"thumbnailUrl":"https:\/\/beuhparadis.com\/wp-content\/uploads\/2024\/12\/Dabbers-Delight-Lemon-Haze-Honey-Oil.webp","datePublished":"2024-12-10T23:40:32+00:00","dateModified":"2024-12-10T23:40:45+00:00","breadcrumb":{"@id":"https:\/\/beuhparadis.com\/product\/huile-de-miel-lemon-haze-de-dabbers-delight\/#breadcrumb"},"inLanguage":"sk-SK","potentialAction":[{"@type":"ReadAction","target":["https:\/\/beuhparadis.com\/product\/huile-de-miel-lemon-haze-de-dabbers-delight\/"]}]},{"@type":"ImageObject","inLanguage":"sk-SK","@id":"https:\/\/beuhparadis.com\/product\/huile-de-miel-lemon-haze-de-dabbers-delight\/#primaryimage","url":"https:\/\/beuhparadis.com\/wp-content\/uploads\/2024\/12\/Dabbers-Delight-Lemon-Haze-Honey-Oil.webp","contentUrl":"https:\/\/beuhparadis.com\/wp-content\/uploads\/2024\/12\/Dabbers-Delight-Lemon-Haze-Honey-Oil.webp","width":1000,"height":1000},{"@type":"BreadcrumbList","@id":"https:\/\/beuhparadis.com\/product\/huile-de-miel-lemon-haze-de-dabbers-delight\/#breadcrumb","itemListElement":[{"@type":"ListItem","position":1,"name":"Home","item":"https:\/\/beuhparadis.com\/"},{"@type":"ListItem","position":2,"name":"Shop","item":"https:\/\/beuhparadis.com\/shop\/"},{"@type":"ListItem","position":3,"name":"Huile de miel Lemon Haze de Dabber\u2019s Delight"}]},{"@type":"WebSite","@id":"https:\/\/beuhparadis.com\/#website","url":"https:\/\/beuhparadis.com\/","name":"Beuh Paradis","description":"","potentialAction":[{"@type":"SearchAction","target":{"@type":"EntryPoint","urlTemplate":"https:\/\/beuhparadis.com\/?s={search_term_string}"},"query-input":{"@type":"PropertyValueSpecification","valueRequired":true,"valueName":"search_term_string"}}],"inLanguage":"sk-SK"}]}},"_links":{"self":[{"href":"https:\/\/beuhparadis.com\/sk\/wp-json\/wp\/v2\/product\/1410","targetHints":{"allow":["GET"]}}],"collection":[{"href":"https:\/\/beuhparadis.com\/sk\/wp-json\/wp\/v2\/product"}],"about":[{"href":"https:\/\/beuhparadis.com\/sk\/wp-json\/wp\/v2\/types\/product"}],"replies":[{"embeddable":true,"href":"https:\/\/beuhparadis.com\/sk\/wp-json\/wp\/v2\/comments?post=1410"}],"wp:featuredmedia":[{"embeddable":true,"href":"https:\/\/beuhparadis.com\/sk\/wp-json\/wp\/v2\/media\/1425"}],"wp:attachment":[{"href":"https:\/\/beuhparadis.com\/sk\/wp-json\/wp\/v2\/media?parent=1410"}],"wp:term":[{"taxonomy":"product_brand","embeddable":true,"href":"https:\/\/beuhparadis.com\/sk\/wp-json\/wp\/v2\/product_brand?post=1410"},{"taxonomy":"product_cat","embeddable":true,"href":"https:\/\/beuhparadis.com\/sk\/wp-json\/wp\/v2\/product_cat?post=1410"},{"taxonomy":"product_tag","embeddable":true,"href":"https:\/\/beuhparadis.com\/sk\/wp-json\/wp\/v2\/product_tag?post=1410"}],"curies":[{"name":"wp","href":"https:\/\/api.w.org\/{rel}","templated":true}]}}