{"id":1368,"date":"2024-12-10T23:40:08","date_gmt":"2024-12-10T23:40:08","guid":{"rendered":"https:\/\/beuhparadis.com\/?post_type=product&#038;p=1368"},"modified":"2024-12-10T23:40:29","modified_gmt":"2024-12-10T23:40:29","slug":"huile-de-cannabis-rick-simpson","status":"publish","type":"product","link":"https:\/\/beuhparadis.com\/sk\/product\/huile-de-cannabis-rick-simpson\/","title":{"rendered":"Konopn\u00fd olej Rick Simpson"},"content":{"rendered":"<h1 class=\"wp-block-heading\">K\u00fapi\u0165 Rick Simpson Oil (RSO)<\/h1>\n<p>Rick Simpson Oil je koncentrovan\u00fd konopn\u00fd extrakt zn\u00e1my svojimi mnoh\u00fdmi lie\u010div\u00fdmi vlastnos\u0165ami. Tento olej, zn\u00e1my aj pod skratkou RSO (Rick Simpson Oil), je zn\u00e1my pre svoj vysok\u00fd obsah THC a CBD a \u010dasto sa uv\u00e1dza pre svoje priazniv\u00e9 \u00fa\u010dinky pri lie\u010dbe r\u00f4znych zdravotn\u00fdch \u0165a\u017ekost\u00ed. Tu je kompletn\u00fd sprievodca olejom Rick Simpson Oil, od jeho zlo\u017eenia a pou\u017eitia a\u017e po tipy na n\u00e1kup a skladovanie.<\/p>\n<h2 class=\"wp-block-heading\">Zlo\u017eenie oleja THC<\/h2>\n<ul class=\"wp-block-list\">\n<li><strong>Zlo\u017eenie<\/strong>Franc\u00fazsky olej Rick Simpson sa z\u00edskava z konopn\u00fdch p\u00fa\u010dikov a esenci\u00e1lnych olejov a je zn\u00e1my svojou vysokou kvalitou.<\/li>\n<li><strong>Spolo\u010dn\u00fd n\u00e1zov<\/strong>Rick Simpson RSO, zn\u00e1my ako \"Pheonix Tears\" alebo \"hash oil\", vynik\u00e1 svojou silou.<\/li>\n<li><strong>D\u00e1vkovanie<\/strong>Presne kontrolovan\u00e9 na zabezpe\u010denie lek\u00e1rskej konzistencie s olejom Rick Simpson.<\/li>\n<\/ul>\n<h2 class=\"wp-block-heading\">THC a CBD<\/h2>\n<p>Olej Rick Simpson obsahuje vysok\u00fa koncentr\u00e1ciu 80 % THC a percento 15% CBD, \u010do prispieva k jeho terapeutick\u00e9mu potenci\u00e1lu.<\/p>\n<h2 class=\"wp-block-heading\">Kde si m\u00f4\u017eem k\u00fapi\u0165 Rick Simpson Oil online?<\/h2>\n<p>Olej Rick Simpson, ktor\u00fd je dostupn\u00fd v Eur\u00f3pe, si m\u00f4\u017eete k\u00fapi\u0165 online na \u0161pecializovan\u00fdch platform\u00e1ch, ako je Acheterducannabis, \u010do zaru\u010duje v\u00fdrobok najvy\u0161\u0161ej kvality.<\/p>\n<h2 class=\"wp-block-heading\">\u00da\u010dinky, v\u00f4\u0148a a chu\u0165<\/h2>\n<h3 class=\"wp-block-heading\">\u00da\u010dinok<\/h3>\n<ul class=\"wp-block-list\">\n<li>Olej Rick Simpson pon\u00faka prirodzen\u00fa a bezpe\u010dn\u00fa lie\u010dbu takmer v\u0161etk\u00fdch zdravotn\u00fdch \u0165a\u017ekost\u00ed bez negat\u00edvnych ved\u013eaj\u0161\u00edch \u00fa\u010dinkov.<\/li>\n<\/ul>\n<h3 class=\"wp-block-heading\">V\u00f4\u0148a a chu\u0165<\/h3>\n<ul class=\"wp-block-list\">\n<li>Franc\u00fazsky olej Rick Simpson je lie\u010div\u00fd koncentr\u00e1t vytvoren\u00fd z konope, ktor\u00fd nem\u00e1 \u017eiadnu \u0161pecifick\u00fa v\u00f4\u0148u ani chu\u0165.<\/li>\n<\/ul>\n<h2 class=\"wp-block-heading\">Zdravotn\u00e9 \u00fa\u010dinky<\/h2>\n<h3 class=\"wp-block-heading\">Zdravotn\u00e9 \u00fa\u010dinky<\/h3>\n<ul class=\"wp-block-list\">\n<li>Olej Rick Simpson RSO je potenci\u00e1lnym liekom na lie\u010dbu rakoviny, cukrovky, chronickej bolesti, HIV\/AIDS a mnoh\u00fdch \u010fal\u0161\u00edch ochoren\u00ed.<\/li>\n<\/ul>\n<h3 class=\"wp-block-heading\">M\u00f4\u017ee zmierni\u0165<\/h3>\n<ul class=\"wp-block-list\">\n<li>\u0160irok\u00e1 \u0161k\u00e1la ochoren\u00ed vr\u00e1tane neurologick\u00fdch por\u00fach, kardiovaskul\u00e1rnych ochoren\u00ed a hormon\u00e1lnej nerovnov\u00e1hy s olejom Rick Simpson.<\/li>\n<\/ul>\n<h2 class=\"wp-block-heading\">V\u00fdber spr\u00e1vneho oleja THC<\/h2>\n<ul class=\"wp-block-list\">\n<li>Je ve\u013emi d\u00f4le\u017eit\u00e9 vybra\u0165 si kvalitn\u00fd THC olej, ako je napr\u00edklad olej Rick Simpson, ktor\u00fd bol nez\u00e1visle testovan\u00fd, aby sa zaru\u010dila jeho \u00fa\u010dinnos\u0165 a \u010distota.<\/li>\n<\/ul>\n<h2 class=\"wp-block-heading\">Pou\u017eitie oleja Rick Simpson<\/h2>\n<p>Olej Ricka Simpsona sa pou\u017e\u00edva ako alternat\u00edvna lie\u010dba mnoh\u00fdch zdravotn\u00fdch \u0165a\u017ekost\u00ed a pon\u00faka mo\u017enos\u0165 uzdravenia bez ved\u013eaj\u0161\u00edch \u00fa\u010dinkov be\u017enej lie\u010dby.<\/p>\n<h2 class=\"wp-block-heading\">Ako skladova\u0165 THC olej?<\/h2>\n<p>Na optim\u00e1lne skladovanie by sa mal olej Rick Simpson uchov\u00e1va\u0165 na chladnom a tmavom mieste, ide\u00e1lne vo vzduchotesnej n\u00e1dobe, aby sa zachovala jeho \u00fa\u010dinnos\u0165.<\/p>\n<h2 class=\"wp-block-heading\">Pre\u010do k\u00fapi\u0165 olej Rick Simpson v Acheterducannabis?<\/h2>\n<p><a href=\"https:\/\/acheterducannabis.fr\/\" data-type=\"link\" data-id=\"https:\/\/acheterducannabis.fr\/\">Buyducannabis<\/a> vynik\u00e1 svoj\u00edm z\u00e1v\u00e4zkom poskytova\u0165 olej Rick Simpson najvy\u0161\u0161ej kvality za prijate\u013en\u00fa cenu a v\u00fdnimo\u010dn\u00fd z\u00e1kazn\u00edcky servis pre t\u00fdch, ktor\u00ed si chc\u00fa k\u00fapi\u0165 olej Rick Simpson.<\/p>\n<h2 class=\"wp-block-heading\">Vl\u00e1dne pr\u00e1vne predpisy o predaji oleja THC v Eur\u00f3pe<\/h2>\n<p>Predpisy upravuj\u00face predaj<a href=\"https:\/\/acheterducannabis.fr\/huile-thc\/\" data-type=\"link\" data-id=\"https:\/\/acheterducannabis.fr\/huile-thc\/\">Olej THC<\/a>Olej Ricka Simpsona sa v Eur\u00f3pe l\u00ed\u0161i. Pred n\u00e1kupom oleja Rick Simpson je nevyhnutn\u00e9 zisti\u0165 si miestne z\u00e1kony, aby ste si zabezpe\u010dili bezpe\u010dn\u00fd a vyhovuj\u00faci z\u00e1\u017eitok.<\/p>\n<p>Olej z <a href=\"https:\/\/www.kalapa-clinic.com\/fr\/rick-simpson-oil-contre-cancer\/#:~:text=Rick%20Simpson%20Oil%20(RSO)%20est,une%20concentration%20%C3%A9lev%C3%A9e%20de%20THC.\" data-type=\"link\" data-id=\"https:\/\/www.kalapa-clinic.com\/fr\/rick-simpson-oil-contre-cancer\/#:~:text=Rick%20Simpson%20Oil%20(RSO)%20est,une%20concentration%20%C3%A9lev%C3%A9e%20de%20THC.\">Rick Simpson<\/a> predstavuje v\u00fdznamn\u00fd pokrok vo svete alternat\u00edvnej medic\u00edny a pon\u00faka obrovsk\u00fd terapeutick\u00fd potenci\u00e1l pri r\u00f4znych zdravotn\u00fdch \u0165a\u017ekostiach. Tento olej, ktor\u00fd je k dispoz\u00edcii v spolo\u010dnosti Acheterducannabis, s\u013eubuje pr\u00edrodn\u00e9 a \u00fa\u010dinn\u00e9 rie\u0161enie pre t\u00fdch, ktor\u00ed h\u013eadaj\u00fa alternat\u00edvnu lie\u010dbu svojich ochoren\u00ed.<\/p>\n<p><img decoding=\"async\" class=\"wp-image-10267\" style=\"width: 1000px\" src=\"https:\/\/acheterducannabis.fr\/wp-content\/uploads\/2024\/03\/RSO-Dosage-chart.webp\" alt=\"\"><\/p>","protected":false},"excerpt":{"rendered":"<p><strong>THC:<\/strong> 80%<br \/> <strong>CBD:<\/strong> 15%<\/p>\n<p><strong>Zdravotn\u00e9 \u00fa\u010dinky: <\/strong>Olej Rick Simpson RSO je potenci\u00e1lnym liekom na lie\u010dbu rakoviny, cukrovky, chronickej bolesti, HIV\/AIDS a mnoh\u00fdch \u010fal\u0161\u00edch ochoren\u00ed.<\/p>","protected":false},"featured_media":1398,"comment_status":"closed","ping_status":"closed","template":"","meta":{"site-sidebar-layout":"default","site-content-layout":"","ast-site-content-layout":"","site-content-style":"default","site-sidebar-style":"default","ast-global-header-display":"","ast-banner-title-visibility":"","ast-main-header-display":"","ast-hfb-above-header-display":"","ast-hfb-below-header-display":"","ast-hfb-mobile-header-display":"","site-post-title":"","ast-breadcrumbs-content":"","ast-featured-img":"","footer-sml-layout":"","theme-transparent-header-meta":"","adv-header-id-meta":"","stick-header-meta":"","header-above-stick-meta":"","header-main-stick-meta":"","header-below-stick-meta":"","astra-migrate-meta-layouts":"default","ast-page-background-enabled":"default","ast-page-background-meta":{"desktop":{"background-color":"","background-image":"","background-repeat":"repeat","background-position":"center center","background-size":"auto","background-attachment":"scroll","background-type":"","background-media":"","overlay-type":"","overlay-color":"","overlay-opacity":"","overlay-gradient":""},"tablet":{"background-color":"","background-image":"","background-repeat":"repeat","background-position":"center center","background-size":"auto","background-attachment":"scroll","background-type":"","background-media":"","overlay-type":"","overlay-color":"","overlay-opacity":"","overlay-gradient":""},"mobile":{"background-color":"","background-image":"","background-repeat":"repeat","background-position":"center center","background-size":"auto","background-attachment":"scroll","background-type":"","background-media":"","overlay-type":"","overlay-color":"","overlay-opacity":"","overlay-gradient":""}},"ast-content-background-meta":{"desktop":{"background-color":"var(--ast-global-color-5)","background-image":"","background-repeat":"repeat","background-position":"center center","background-size":"auto","background-attachment":"scroll","background-type":"","background-media":"","overlay-type":"","overlay-color":"","overlay-opacity":"","overlay-gradient":""},"tablet":{"background-color":"var(--ast-global-color-5)","background-image":"","background-repeat":"repeat","background-position":"center center","background-size":"auto","background-attachment":"scroll","background-type":"","background-media":"","overlay-type":"","overlay-color":"","overlay-opacity":"","overlay-gradient":""},"mobile":{"background-color":"var(--ast-global-color-5)","background-image":"","background-repeat":"repeat","background-position":"center center","background-size":"auto","background-attachment":"scroll","background-type":"","background-media":"","overlay-type":"","overlay-color":"","overlay-opacity":"","overlay-gradient":""}},"_joinchat":[]},"product_brand":[],"product_cat":[36],"product_tag":[],"class_list":{"0":"post-1368","1":"product","2":"type-product","3":"status-publish","4":"has-post-thumbnail","6":"product_cat-huile-thc","7":"desktop-align-left","8":"tablet-align-left","9":"mobile-align-left","11":"first","12":"instock","13":"shipping-taxable","14":"purchasable","15":"product-type-variable"},"yoast_head":"<!-- This site is optimized with the Yoast SEO Premium plugin v24.1 (Yoast SEO v26.8) - https:\/\/yoast.com\/product\/yoast-seo-premium-wordpress\/ -->\n<title>Huile de cannabis Rick Simpson - Beuh Paradis<\/title>\n<meta name=\"robots\" content=\"index, follow, max-snippet:-1, max-image-preview:large, max-video-preview:-1\" \/>\n<link rel=\"canonical\" href=\"https:\/\/beuhparadis.com\/sk\/product\/huile-de-cannabis-rick-simpson\/\" \/>\n<meta property=\"og:locale\" content=\"sk_SK\" \/>\n<meta property=\"og:type\" content=\"article\" \/>\n<meta property=\"og:title\" content=\"Huile de cannabis Rick Simpson\" \/>\n<meta property=\"og:description\" content=\"THC: 80% CBD: 15% Effets M\u00e9dicaux: L&rsquo;huile Rick Simpson RSO est un traitement potentiel pour le cancer, le diab\u00e8te, la douleur chronique, le VIH\/SIDA, et bien d&rsquo;autres conditions.\" \/>\n<meta property=\"og:url\" content=\"https:\/\/beuhparadis.com\/sk\/product\/huile-de-cannabis-rick-simpson\/\" \/>\n<meta property=\"og:site_name\" content=\"Beuh Paradis\" \/>\n<meta property=\"article:modified_time\" content=\"2024-12-10T23:40:29+00:00\" \/>\n<meta property=\"og:image\" content=\"https:\/\/acheterducannabis.fr\/wp-content\/uploads\/2024\/03\/RSO-Dosage-chart.webp\" \/>\n<meta name=\"twitter:card\" content=\"summary_large_image\" \/>\n<meta name=\"twitter:label1\" content=\"Predpokladan\u00fd \u010das \u010d\u00edtania\" \/>\n\t<meta name=\"twitter:data1\" content=\"3 minutes\" \/>\n<script type=\"application\/ld+json\" class=\"yoast-schema-graph\">{\"@context\":\"https:\/\/schema.org\",\"@graph\":[{\"@type\":\"WebPage\",\"@id\":\"https:\/\/beuhparadis.com\/product\/huile-de-cannabis-rick-simpson\/\",\"url\":\"https:\/\/beuhparadis.com\/product\/huile-de-cannabis-rick-simpson\/\",\"name\":\"Huile de cannabis Rick Simpson - Beuh Paradis\",\"isPartOf\":{\"@id\":\"https:\/\/beuhparadis.com\/#website\"},\"primaryImageOfPage\":{\"@id\":\"https:\/\/beuhparadis.com\/product\/huile-de-cannabis-rick-simpson\/#primaryimage\"},\"image\":{\"@id\":\"https:\/\/beuhparadis.com\/product\/huile-de-cannabis-rick-simpson\/#primaryimage\"},\"thumbnailUrl\":\"https:\/\/beuhparadis.com\/wp-content\/uploads\/2024\/12\/Rick-Simpson-Cannabis-Oil.webp\",\"datePublished\":\"2024-12-10T23:40:08+00:00\",\"dateModified\":\"2024-12-10T23:40:29+00:00\",\"breadcrumb\":{\"@id\":\"https:\/\/beuhparadis.com\/product\/huile-de-cannabis-rick-simpson\/#breadcrumb\"},\"inLanguage\":\"sk-SK\",\"potentialAction\":[{\"@type\":\"ReadAction\",\"target\":[\"https:\/\/beuhparadis.com\/product\/huile-de-cannabis-rick-simpson\/\"]}]},{\"@type\":\"ImageObject\",\"inLanguage\":\"sk-SK\",\"@id\":\"https:\/\/beuhparadis.com\/product\/huile-de-cannabis-rick-simpson\/#primaryimage\",\"url\":\"https:\/\/beuhparadis.com\/wp-content\/uploads\/2024\/12\/Rick-Simpson-Cannabis-Oil.webp\",\"contentUrl\":\"https:\/\/beuhparadis.com\/wp-content\/uploads\/2024\/12\/Rick-Simpson-Cannabis-Oil.webp\",\"width\":1000,\"height\":1000},{\"@type\":\"BreadcrumbList\",\"@id\":\"https:\/\/beuhparadis.com\/product\/huile-de-cannabis-rick-simpson\/#breadcrumb\",\"itemListElement\":[{\"@type\":\"ListItem\",\"position\":1,\"name\":\"Home\",\"item\":\"https:\/\/beuhparadis.com\/\"},{\"@type\":\"ListItem\",\"position\":2,\"name\":\"Shop\",\"item\":\"https:\/\/beuhparadis.com\/shop\/\"},{\"@type\":\"ListItem\",\"position\":3,\"name\":\"Huile de cannabis Rick Simpson\"}]},{\"@type\":\"WebSite\",\"@id\":\"https:\/\/beuhparadis.com\/#website\",\"url\":\"https:\/\/beuhparadis.com\/\",\"name\":\"Beuh Paradis\",\"description\":\"\",\"potentialAction\":[{\"@type\":\"SearchAction\",\"target\":{\"@type\":\"EntryPoint\",\"urlTemplate\":\"https:\/\/beuhparadis.com\/?s={search_term_string}\"},\"query-input\":{\"@type\":\"PropertyValueSpecification\",\"valueRequired\":true,\"valueName\":\"search_term_string\"}}],\"inLanguage\":\"sk-SK\"}]}<\/script>\n<!-- \/ Yoast SEO Premium plugin. -->","yoast_head_json":{"title":"Konopn\u00fd olej Rick Simpson - Beuh Paradis","robots":{"index":"index","follow":"follow","max-snippet":"max-snippet:-1","max-image-preview":"max-image-preview:large","max-video-preview":"max-video-preview:-1"},"canonical":"https:\/\/beuhparadis.com\/sk\/product\/huile-de-cannabis-rick-simpson\/","og_locale":"sk_SK","og_type":"article","og_title":"Huile de cannabis Rick Simpson","og_description":"THC: 80% CBD: 15% Effets M\u00e9dicaux: L&rsquo;huile Rick Simpson RSO est un traitement potentiel pour le cancer, le diab\u00e8te, la douleur chronique, le VIH\/SIDA, et bien d&rsquo;autres conditions.","og_url":"https:\/\/beuhparadis.com\/sk\/product\/huile-de-cannabis-rick-simpson\/","og_site_name":"Beuh Paradis","article_modified_time":"2024-12-10T23:40:29+00:00","og_image":[{"url":"https:\/\/acheterducannabis.fr\/wp-content\/uploads\/2024\/03\/RSO-Dosage-chart.webp","type":"","width":"","height":""}],"twitter_card":"summary_large_image","twitter_misc":{"Predpokladan\u00fd \u010das \u010d\u00edtania":"3 minutes"},"schema":{"@context":"https:\/\/schema.org","@graph":[{"@type":"WebPage","@id":"https:\/\/beuhparadis.com\/product\/huile-de-cannabis-rick-simpson\/","url":"https:\/\/beuhparadis.com\/product\/huile-de-cannabis-rick-simpson\/","name":"Konopn\u00fd olej Rick Simpson - Beuh Paradis","isPartOf":{"@id":"https:\/\/beuhparadis.com\/#website"},"primaryImageOfPage":{"@id":"https:\/\/beuhparadis.com\/product\/huile-de-cannabis-rick-simpson\/#primaryimage"},"image":{"@id":"https:\/\/beuhparadis.com\/product\/huile-de-cannabis-rick-simpson\/#primaryimage"},"thumbnailUrl":"https:\/\/beuhparadis.com\/wp-content\/uploads\/2024\/12\/Rick-Simpson-Cannabis-Oil.webp","datePublished":"2024-12-10T23:40:08+00:00","dateModified":"2024-12-10T23:40:29+00:00","breadcrumb":{"@id":"https:\/\/beuhparadis.com\/product\/huile-de-cannabis-rick-simpson\/#breadcrumb"},"inLanguage":"sk-SK","potentialAction":[{"@type":"ReadAction","target":["https:\/\/beuhparadis.com\/product\/huile-de-cannabis-rick-simpson\/"]}]},{"@type":"ImageObject","inLanguage":"sk-SK","@id":"https:\/\/beuhparadis.com\/product\/huile-de-cannabis-rick-simpson\/#primaryimage","url":"https:\/\/beuhparadis.com\/wp-content\/uploads\/2024\/12\/Rick-Simpson-Cannabis-Oil.webp","contentUrl":"https:\/\/beuhparadis.com\/wp-content\/uploads\/2024\/12\/Rick-Simpson-Cannabis-Oil.webp","width":1000,"height":1000},{"@type":"BreadcrumbList","@id":"https:\/\/beuhparadis.com\/product\/huile-de-cannabis-rick-simpson\/#breadcrumb","itemListElement":[{"@type":"ListItem","position":1,"name":"Home","item":"https:\/\/beuhparadis.com\/"},{"@type":"ListItem","position":2,"name":"Shop","item":"https:\/\/beuhparadis.com\/shop\/"},{"@type":"ListItem","position":3,"name":"Huile de cannabis Rick Simpson"}]},{"@type":"WebSite","@id":"https:\/\/beuhparadis.com\/#website","url":"https:\/\/beuhparadis.com\/","name":"Beuh Paradis","description":"","potentialAction":[{"@type":"SearchAction","target":{"@type":"EntryPoint","urlTemplate":"https:\/\/beuhparadis.com\/?s={search_term_string}"},"query-input":{"@type":"PropertyValueSpecification","valueRequired":true,"valueName":"search_term_string"}}],"inLanguage":"sk-SK"}]}},"_links":{"self":[{"href":"https:\/\/beuhparadis.com\/sk\/wp-json\/wp\/v2\/product\/1368","targetHints":{"allow":["GET"]}}],"collection":[{"href":"https:\/\/beuhparadis.com\/sk\/wp-json\/wp\/v2\/product"}],"about":[{"href":"https:\/\/beuhparadis.com\/sk\/wp-json\/wp\/v2\/types\/product"}],"replies":[{"embeddable":true,"href":"https:\/\/beuhparadis.com\/sk\/wp-json\/wp\/v2\/comments?post=1368"}],"wp:featuredmedia":[{"embeddable":true,"href":"https:\/\/beuhparadis.com\/sk\/wp-json\/wp\/v2\/media\/1398"}],"wp:attachment":[{"href":"https:\/\/beuhparadis.com\/sk\/wp-json\/wp\/v2\/media?parent=1368"}],"wp:term":[{"taxonomy":"product_brand","embeddable":true,"href":"https:\/\/beuhparadis.com\/sk\/wp-json\/wp\/v2\/product_brand?post=1368"},{"taxonomy":"product_cat","embeddable":true,"href":"https:\/\/beuhparadis.com\/sk\/wp-json\/wp\/v2\/product_cat?post=1368"},{"taxonomy":"product_tag","embeddable":true,"href":"https:\/\/beuhparadis.com\/sk\/wp-json\/wp\/v2\/product_tag?post=1368"}],"curies":[{"name":"wp","href":"https:\/\/api.w.org\/{rel}","templated":true}]}}