{"id":1271,"date":"2024-12-10T23:39:23","date_gmt":"2024-12-10T23:39:23","guid":{"rendered":"https:\/\/beuhparadis.com\/?post_type=product&#038;p=1271"},"modified":"2025-01-28T11:44:17","modified_gmt":"2025-01-28T11:44:17","slug":"diamants-de-gateau-a-la-papaye","status":"publish","type":"product","link":"https:\/\/beuhparadis.com\/sk\/product\/diamants-de-gateau-a-la-papaye\/","title":{"rendered":"Diamanty na torte z pap\u00e1je"},"content":{"rendered":"<h3><strong>Diamanty z pap\u00e1je - jedine\u010dn\u00e1 chu\u0165 a wellness z\u00e1\u017eitok<\/strong><\/h3>\n<h4><strong>Objavte Diamants de G\u00e2teau na Beuh Paradis<\/strong><\/h4>\n<p>Str\u00e1nka <strong>diamanty na torte z pap\u00e1je<\/strong>k dispoz\u00edcii na adrese <strong><a href=\"https:\/\/beuhparadis.com\/sk\" target=\"_new\" rel=\"noopener\">Beuh Paradis<\/a><\/strong>s\u00fa konopn\u00e9 koncentr\u00e1ty v\u00fdnimo\u010dnej \u010distoty, ktor\u00e9 pon\u00fakaj\u00fa tropick\u00fa chu\u0165 a siln\u00e9 \u00fa\u010dinky. Tieto diamanty, vyroben\u00e9 z kme\u0148ov vybran\u00fdch pre ich jedine\u010dn\u00e9 terp\u00e9nov\u00e9 profily, kombinuj\u00fa pozoruhodn\u00fa intenzitu so sladkou ovocnou chu\u0165ou, ktor\u00e1 pote\u0161\u00ed milovn\u00edkov konope.<\/p>\n<h4><strong>\u00a0Pre\u010do si vybra\u0165 Papaya Diamonds?<\/strong><\/h4>\n<ul>\n<li><strong>Jemn\u00e9 tropick\u00e9 chute :<\/strong> Tento koncentr\u00e1t so sladkou v\u00f4\u0148ou pap\u00e1je a jemn\u00fdmi t\u00f3nmi kol\u00e1\u010da pon\u00faka bezkonkuren\u010dn\u00fd zmyslov\u00fd z\u00e1\u017eitok.<\/li>\n<li><strong>Siln\u00e9 \u00fa\u010dinky:<\/strong> V\u010faka vysok\u00e9mu obsahu THC prin\u00e1\u0161aj\u00fa tieto diamanty hlbok\u00fa relax\u00e1ciu a dlhotrvaj\u00facu euf\u00f3riu.<\/li>\n<li><strong>\u010cistota a kvalita :<\/strong> Vyr\u00e1ba sa pomocou pokro\u010dil\u00fdch extrak\u010dn\u00fdch procesov, ktor\u00e9 zaru\u010duj\u00fa optim\u00e1lnu koncentr\u00e1ciu kanabinoidov a prirodzen\u00fa chu\u0165.<\/li>\n<li><strong>V\u0161estrannos\u0165 :<\/strong> Ide\u00e1lne na postrek alebo pridanie do ob\u013e\u00faben\u00fdch pr\u00edpravkov.<\/li>\n<\/ul>\n<h4><strong>\u00a0V\u00fdhody tortov\u00fdch diamantov\u00a0<\/strong><\/h4>\n<ul>\n<li><strong>Intenz\u00edvna relax\u00e1cia :<\/strong> Zni\u017euje stres a upokojuje svalov\u00e9 nap\u00e4tie.<\/li>\n<li><strong>Zlep\u0161enie n\u00e1lady :<\/strong> Ide\u00e1lne na podporu pocitu \u0161\u0165astia a uvo\u013enenia.<\/li>\n<li><strong>\u00da\u013eava od bolesti :<\/strong> \u00da\u010dinn\u00fd na upokojenie chronickej bolesti a z\u00e1palu.<\/li>\n<li><strong>Tropick\u00e9 sk\u00fasenosti :<\/strong> Exotick\u00e1 chu\u0165, ktor\u00e1 premen\u00ed ka\u017ed\u00e9 posedenie na chv\u00ed\u013eu gurm\u00e1nskeho pote\u0161enia.<\/li>\n<\/ul>\n<h4><strong>Objednajte si Papaya Cake Diamonds na Beuh Paradis<\/strong><\/h4>\n<p>Nav\u0161t\u00edvte str\u00e1nku <strong><a href=\"https:\/\/beuhparadis.com\/sk\" target=\"_new\" rel=\"noopener\">Beuh Paradis<\/a><\/strong>objavte <strong>diamanty na torte <\/strong>pr\u00e9miov\u00fd koncentr\u00e1t navrhnut\u00fd tak, aby poskytoval jemn\u00fa chu\u0165 a siln\u00e9 \u00fa\u010dinky. Vyu\u017eite na\u0161u r\u00fdchlu a diskr\u00e9tnu slu\u017ebu doru\u010denia a vychutnajte si tento v\u00fdnimo\u010dn\u00fd z\u00e1\u017eitok v pohodl\u00ed domova. Preme\u0148te svoju konopn\u00fa rutinu s t\u00fdmito jedine\u010dne ochuten\u00fdmi a siln\u00fdmi diamantmi. <a href=\"https:\/\/chemsxpress.com\/\">pozoruhodn\u00e9 v\u00fdhody.<\/a><\/p>","protected":false},"excerpt":{"rendered":"<p>Diamants de G\u00e2teau \u00e0 la Papaye \u2013 Une Exp\u00e9rience Unique de Saveurs et de Bien-\u00eatre D\u00e9couvrez les Diamants de G\u00e2teau sur Beuh Paradis Les diamants de g\u00e2teau \u00e0 la papaye, disponibles sur Beuh Paradis, sont des concentr\u00e9s de cannabis d\u2019une puret\u00e9 exceptionnelle, offrant des saveurs tropicales et des effets puissants. Fabriqu\u00e9s \u00e0 partir de vari\u00e9t\u00e9s [&hellip;]<\/p>\n","protected":false},"featured_media":1285,"comment_status":"closed","ping_status":"closed","template":"","meta":{"site-sidebar-layout":"default","site-content-layout":"","ast-site-content-layout":"default","site-content-style":"default","site-sidebar-style":"default","ast-global-header-display":"","ast-banner-title-visibility":"","ast-main-header-display":"","ast-hfb-above-header-display":"","ast-hfb-below-header-display":"","ast-hfb-mobile-header-display":"","site-post-title":"","ast-breadcrumbs-content":"","ast-featured-img":"","footer-sml-layout":"","theme-transparent-header-meta":"default","adv-header-id-meta":"","stick-header-meta":"","header-above-stick-meta":"","header-main-stick-meta":"","header-below-stick-meta":"","astra-migrate-meta-layouts":"set","ast-page-background-enabled":"default","ast-page-background-meta":{"desktop":{"background-color":"","background-image":"","background-repeat":"repeat","background-position":"center center","background-size":"auto","background-attachment":"scroll","background-type":"","background-media":"","overlay-type":"","overlay-color":"","overlay-opacity":"","overlay-gradient":""},"tablet":{"background-color":"","background-image":"","background-repeat":"repeat","background-position":"center center","background-size":"auto","background-attachment":"scroll","background-type":"","background-media":"","overlay-type":"","overlay-color":"","overlay-opacity":"","overlay-gradient":""},"mobile":{"background-color":"","background-image":"","background-repeat":"repeat","background-position":"center center","background-size":"auto","background-attachment":"scroll","background-type":"","background-media":"","overlay-type":"","overlay-color":"","overlay-opacity":"","overlay-gradient":""}},"ast-content-background-meta":{"desktop":{"background-color":"var(--ast-global-color-5)","background-image":"","background-repeat":"repeat","background-position":"center center","background-size":"auto","background-attachment":"scroll","background-type":"","background-media":"","overlay-type":"","overlay-color":"","overlay-opacity":"","overlay-gradient":""},"tablet":{"background-color":"var(--ast-global-color-5)","background-image":"","background-repeat":"repeat","background-position":"center center","background-size":"auto","background-attachment":"scroll","background-type":"","background-media":"","overlay-type":"","overlay-color":"","overlay-opacity":"","overlay-gradient":""},"mobile":{"background-color":"var(--ast-global-color-5)","background-image":"","background-repeat":"repeat","background-position":"center center","background-size":"auto","background-attachment":"scroll","background-type":"","background-media":"","overlay-type":"","overlay-color":"","overlay-opacity":"","overlay-gradient":""}},"_joinchat":[]},"product_brand":[],"product_cat":[34],"product_tag":[],"class_list":{"0":"post-1271","1":"product","2":"type-product","3":"status-publish","4":"has-post-thumbnail","6":"product_cat-diamant-de-thc","7":"desktop-align-left","8":"tablet-align-left","9":"mobile-align-left","11":"first","12":"instock","13":"shipping-taxable","14":"purchasable","15":"product-type-variable"},"yoast_head":"<!-- This site is optimized with the Yoast SEO Premium plugin v24.1 (Yoast SEO v26.8) - https:\/\/yoast.com\/product\/yoast-seo-premium-wordpress\/ -->\n<title>Diamants de G\u00e2teau \u00e0 la Papaye \u2013 Beuh Paradis<\/title>\n<meta name=\"description\" content=\"Achetez des diamants de g\u00e2teau \u00e0 la papaye sur Beuh Paradis. Un concentr\u00e9 de cannabis tropical au go\u00fbt sucr\u00e9 et aux effets intenses\" \/>\n<meta name=\"robots\" content=\"index, follow, max-snippet:-1, max-image-preview:large, max-video-preview:-1\" \/>\n<link rel=\"canonical\" href=\"https:\/\/beuhparadis.com\/sk\/product\/diamants-de-gateau-a-la-papaye\/\" \/>\n<meta property=\"og:locale\" content=\"sk_SK\" \/>\n<meta property=\"og:type\" content=\"article\" \/>\n<meta property=\"og:title\" content=\"Diamants de g\u00e2teau \u00e0 la papaye\" \/>\n<meta property=\"og:description\" content=\"Achetez des diamants de g\u00e2teau \u00e0 la papaye sur Beuh Paradis. Un concentr\u00e9 de cannabis tropical au go\u00fbt sucr\u00e9 et aux effets intenses\" \/>\n<meta property=\"og:url\" content=\"https:\/\/beuhparadis.com\/sk\/product\/diamants-de-gateau-a-la-papaye\/\" \/>\n<meta property=\"og:site_name\" content=\"Beuh Paradis\" \/>\n<meta property=\"article:modified_time\" content=\"2025-01-28T11:44:17+00:00\" \/>\n<meta property=\"og:image\" content=\"https:\/\/beuhparadis.com\/wp-content\/uploads\/2024\/12\/Papaya-Cake-Diamonds.webp\" \/>\n\t<meta property=\"og:image:width\" content=\"326\" \/>\n\t<meta property=\"og:image:height\" content=\"344\" \/>\n\t<meta property=\"og:image:type\" content=\"image\/webp\" \/>\n<meta name=\"twitter:card\" content=\"summary_large_image\" \/>\n<meta name=\"twitter:label1\" content=\"Predpokladan\u00fd \u010das \u010d\u00edtania\" \/>\n\t<meta name=\"twitter:data1\" content=\"2 minutes\" \/>\n<script type=\"application\/ld+json\" class=\"yoast-schema-graph\">{\"@context\":\"https:\/\/schema.org\",\"@graph\":[{\"@type\":\"WebPage\",\"@id\":\"https:\/\/beuhparadis.com\/product\/diamants-de-gateau-a-la-papaye\/\",\"url\":\"https:\/\/beuhparadis.com\/product\/diamants-de-gateau-a-la-papaye\/\",\"name\":\"Diamants de G\u00e2teau \u00e0 la Papaye \u2013 Beuh Paradis\",\"isPartOf\":{\"@id\":\"https:\/\/beuhparadis.com\/#website\"},\"primaryImageOfPage\":{\"@id\":\"https:\/\/beuhparadis.com\/product\/diamants-de-gateau-a-la-papaye\/#primaryimage\"},\"image\":{\"@id\":\"https:\/\/beuhparadis.com\/product\/diamants-de-gateau-a-la-papaye\/#primaryimage\"},\"thumbnailUrl\":\"https:\/\/beuhparadis.com\/wp-content\/uploads\/2024\/12\/Papaya-Cake-Diamonds.webp\",\"datePublished\":\"2024-12-10T23:39:23+00:00\",\"dateModified\":\"2025-01-28T11:44:17+00:00\",\"description\":\"Achetez des diamants de g\u00e2teau \u00e0 la papaye sur Beuh Paradis. Un concentr\u00e9 de cannabis tropical au go\u00fbt sucr\u00e9 et aux effets intenses\",\"breadcrumb\":{\"@id\":\"https:\/\/beuhparadis.com\/product\/diamants-de-gateau-a-la-papaye\/#breadcrumb\"},\"inLanguage\":\"sk-SK\",\"potentialAction\":[{\"@type\":\"ReadAction\",\"target\":[\"https:\/\/beuhparadis.com\/product\/diamants-de-gateau-a-la-papaye\/\"]}]},{\"@type\":\"ImageObject\",\"inLanguage\":\"sk-SK\",\"@id\":\"https:\/\/beuhparadis.com\/product\/diamants-de-gateau-a-la-papaye\/#primaryimage\",\"url\":\"https:\/\/beuhparadis.com\/wp-content\/uploads\/2024\/12\/Papaya-Cake-Diamonds.webp\",\"contentUrl\":\"https:\/\/beuhparadis.com\/wp-content\/uploads\/2024\/12\/Papaya-Cake-Diamonds.webp\",\"width\":326,\"height\":344},{\"@type\":\"BreadcrumbList\",\"@id\":\"https:\/\/beuhparadis.com\/product\/diamants-de-gateau-a-la-papaye\/#breadcrumb\",\"itemListElement\":[{\"@type\":\"ListItem\",\"position\":1,\"name\":\"Home\",\"item\":\"https:\/\/beuhparadis.com\/\"},{\"@type\":\"ListItem\",\"position\":2,\"name\":\"Shop\",\"item\":\"https:\/\/beuhparadis.com\/shop\/\"},{\"@type\":\"ListItem\",\"position\":3,\"name\":\"Diamants de g\u00e2teau \u00e0 la papaye\"}]},{\"@type\":\"WebSite\",\"@id\":\"https:\/\/beuhparadis.com\/#website\",\"url\":\"https:\/\/beuhparadis.com\/\",\"name\":\"Beuh Paradis\",\"description\":\"\",\"potentialAction\":[{\"@type\":\"SearchAction\",\"target\":{\"@type\":\"EntryPoint\",\"urlTemplate\":\"https:\/\/beuhparadis.com\/?s={search_term_string}\"},\"query-input\":{\"@type\":\"PropertyValueSpecification\",\"valueRequired\":true,\"valueName\":\"search_term_string\"}}],\"inLanguage\":\"sk-SK\"}]}<\/script>\n<!-- \/ Yoast SEO Premium plugin. -->","yoast_head_json":{"title":"Diamanty z pap\u00e1je - Beuh Paradis","description":"K\u00fapte si diamanty na tortu pap\u00e1ja na Beuh Paradis. Tropick\u00fd konopn\u00fd koncentr\u00e1t so sladkou chu\u0165ou a intenz\u00edvnymi \u00fa\u010dinkami","robots":{"index":"index","follow":"follow","max-snippet":"max-snippet:-1","max-image-preview":"max-image-preview:large","max-video-preview":"max-video-preview:-1"},"canonical":"https:\/\/beuhparadis.com\/sk\/product\/diamants-de-gateau-a-la-papaye\/","og_locale":"sk_SK","og_type":"article","og_title":"Diamants de g\u00e2teau \u00e0 la papaye","og_description":"Achetez des diamants de g\u00e2teau \u00e0 la papaye sur Beuh Paradis. Un concentr\u00e9 de cannabis tropical au go\u00fbt sucr\u00e9 et aux effets intenses","og_url":"https:\/\/beuhparadis.com\/sk\/product\/diamants-de-gateau-a-la-papaye\/","og_site_name":"Beuh Paradis","article_modified_time":"2025-01-28T11:44:17+00:00","og_image":[{"width":326,"height":344,"url":"https:\/\/beuhparadis.com\/wp-content\/uploads\/2024\/12\/Papaya-Cake-Diamonds.webp","type":"image\/webp"}],"twitter_card":"summary_large_image","twitter_misc":{"Predpokladan\u00fd \u010das \u010d\u00edtania":"2 minutes"},"schema":{"@context":"https:\/\/schema.org","@graph":[{"@type":"WebPage","@id":"https:\/\/beuhparadis.com\/product\/diamants-de-gateau-a-la-papaye\/","url":"https:\/\/beuhparadis.com\/product\/diamants-de-gateau-a-la-papaye\/","name":"Diamanty z pap\u00e1je - Beuh Paradis","isPartOf":{"@id":"https:\/\/beuhparadis.com\/#website"},"primaryImageOfPage":{"@id":"https:\/\/beuhparadis.com\/product\/diamants-de-gateau-a-la-papaye\/#primaryimage"},"image":{"@id":"https:\/\/beuhparadis.com\/product\/diamants-de-gateau-a-la-papaye\/#primaryimage"},"thumbnailUrl":"https:\/\/beuhparadis.com\/wp-content\/uploads\/2024\/12\/Papaya-Cake-Diamonds.webp","datePublished":"2024-12-10T23:39:23+00:00","dateModified":"2025-01-28T11:44:17+00:00","description":"K\u00fapte si diamanty na tortu pap\u00e1ja na Beuh Paradis. Tropick\u00fd konopn\u00fd koncentr\u00e1t so sladkou chu\u0165ou a intenz\u00edvnymi \u00fa\u010dinkami","breadcrumb":{"@id":"https:\/\/beuhparadis.com\/product\/diamants-de-gateau-a-la-papaye\/#breadcrumb"},"inLanguage":"sk-SK","potentialAction":[{"@type":"ReadAction","target":["https:\/\/beuhparadis.com\/product\/diamants-de-gateau-a-la-papaye\/"]}]},{"@type":"ImageObject","inLanguage":"sk-SK","@id":"https:\/\/beuhparadis.com\/product\/diamants-de-gateau-a-la-papaye\/#primaryimage","url":"https:\/\/beuhparadis.com\/wp-content\/uploads\/2024\/12\/Papaya-Cake-Diamonds.webp","contentUrl":"https:\/\/beuhparadis.com\/wp-content\/uploads\/2024\/12\/Papaya-Cake-Diamonds.webp","width":326,"height":344},{"@type":"BreadcrumbList","@id":"https:\/\/beuhparadis.com\/product\/diamants-de-gateau-a-la-papaye\/#breadcrumb","itemListElement":[{"@type":"ListItem","position":1,"name":"Home","item":"https:\/\/beuhparadis.com\/"},{"@type":"ListItem","position":2,"name":"Shop","item":"https:\/\/beuhparadis.com\/shop\/"},{"@type":"ListItem","position":3,"name":"Diamants de g\u00e2teau \u00e0 la papaye"}]},{"@type":"WebSite","@id":"https:\/\/beuhparadis.com\/#website","url":"https:\/\/beuhparadis.com\/","name":"Beuh Paradis","description":"","potentialAction":[{"@type":"SearchAction","target":{"@type":"EntryPoint","urlTemplate":"https:\/\/beuhparadis.com\/?s={search_term_string}"},"query-input":{"@type":"PropertyValueSpecification","valueRequired":true,"valueName":"search_term_string"}}],"inLanguage":"sk-SK"}]}},"_links":{"self":[{"href":"https:\/\/beuhparadis.com\/sk\/wp-json\/wp\/v2\/product\/1271","targetHints":{"allow":["GET"]}}],"collection":[{"href":"https:\/\/beuhparadis.com\/sk\/wp-json\/wp\/v2\/product"}],"about":[{"href":"https:\/\/beuhparadis.com\/sk\/wp-json\/wp\/v2\/types\/product"}],"replies":[{"embeddable":true,"href":"https:\/\/beuhparadis.com\/sk\/wp-json\/wp\/v2\/comments?post=1271"}],"wp:featuredmedia":[{"embeddable":true,"href":"https:\/\/beuhparadis.com\/sk\/wp-json\/wp\/v2\/media\/1285"}],"wp:attachment":[{"href":"https:\/\/beuhparadis.com\/sk\/wp-json\/wp\/v2\/media?parent=1271"}],"wp:term":[{"taxonomy":"product_brand","embeddable":true,"href":"https:\/\/beuhparadis.com\/sk\/wp-json\/wp\/v2\/product_brand?post=1271"},{"taxonomy":"product_cat","embeddable":true,"href":"https:\/\/beuhparadis.com\/sk\/wp-json\/wp\/v2\/product_cat?post=1271"},{"taxonomy":"product_tag","embeddable":true,"href":"https:\/\/beuhparadis.com\/sk\/wp-json\/wp\/v2\/product_tag?post=1271"}],"curies":[{"name":"wp","href":"https:\/\/api.w.org\/{rel}","templated":true}]}}