{"id":1256,"date":"2024-12-10T23:39:22","date_gmt":"2024-12-10T23:39:22","guid":{"rendered":"https:\/\/beuhparadis.com\/?post_type=product&#038;p=1256"},"modified":"2025-01-27T04:46:25","modified_gmt":"2025-01-27T04:46:25","slug":"gelato-41-diamants-cannabis","status":"publish","type":"product","link":"https:\/\/beuhparadis.com\/sk\/product\/gelato-41-diamants-cannabis\/","title":{"rendered":"Gelato 41 Diamanty Cannabis"},"content":{"rendered":"<h3><strong>Gelato 41 THC Diamants - pr\u00e9miov\u00fd z\u00e1\u017eitok<\/strong><\/h3>\n<h4><strong>H1: Objavte Gelato 41 THC Diamants na Beuh Paradis<\/strong><\/h4>\n<p><strong>Gelato 41 THC Diamonds<\/strong>k dispoz\u00edcii na <strong>Beuh Paradis<\/strong>je pr\u00e9miov\u00fd konopn\u00fd koncentr\u00e1t ur\u010den\u00fd pre znalcov, ktor\u00ed h\u013eadaj\u00fa siln\u00fd a rafinovan\u00fd z\u00e1\u017eitok. V\u010faka svojej sladkej ar\u00f3me a vysokej \u010distote je tento koncentr\u00e1t od sl\u00e1vneho <strong>Gelato 41<\/strong> pon\u00faka vyv\u00e1\u017een\u00e9 \u00fa\u010dinky, kombinuje relax\u00e1ciu a ment\u00e1lnu stimul\u00e1ciu s lahodnou chu\u0165ou na jazyku.<\/p>\n<h4><strong>Charakteristika Gelato 41 THC Diamonds<\/strong><\/h4>\n<ul>\n<li><strong>Vynikaj\u00face chute :<\/strong> Gelato 41 THC Diamants v\u00e1s om\u00e1mi sladk\u00fdmi t\u00f3nmi pripom\u00ednaj\u00facimi dezert, ktor\u00e9 s\u00fa doplnen\u00e9 ovocn\u00fdmi, kr\u00e9mov\u00fdmi t\u00f3nmi.<\/li>\n<li><strong>Bezkonkuren\u010dn\u00fd v\u00fdkon :<\/strong> V\u010faka vysok\u00e9mu obsahu THC zaru\u010duje tento produkt r\u00fdchlo p\u00f4sobiace a dlhotrvaj\u00face \u00fa\u010dinky.<\/li>\n<li><strong>\u0160pi\u010dkov\u00e9 ods\u00e1vanie :<\/strong> Vyroben\u00e9 bez rozp\u00fa\u0161\u0165adiel pre v\u00fdnimo\u010dn\u00fa \u010distotu a kvalitu.<\/li>\n<li><strong>V\u0161estrann\u00e9 efekty:<\/strong> Ide\u00e1lne na relax\u00e1ciu po dlhom dni alebo na povzbudenie kreativity a energie.<\/li>\n<\/ul>\n<hr \/>\n<h4><strong>Pre\u010do si k\u00fapi\u0165 Gelato 41 THC Diamants na Beuh Paradis?<\/strong><\/h4>\n<p>Na str\u00e1nke <strong>Beuh Paradis<\/strong>Sna\u017e\u00edme sa pon\u00faka\u0165 pr\u00e9miov\u00e9 konopn\u00e9 koncentr\u00e1ty, ktor\u00e9 sp\u013a\u0148aj\u00fa najvy\u0161\u0161ie \u0161tandardy kvality a \u010distoty. <strong>Gelato 41 THC Diamonds<\/strong> je laborat\u00f3rne testovan\u00fd, aby sa zaru\u010dila bezpe\u010dnos\u0165 a spo\u013eahlivos\u0165.<\/p>\n<ul>\n<li><strong>Produkty, ktor\u00fdm m\u00f4\u017eete d\u00f4verova\u0165 :<\/strong> Na\u0161e v\u00fdrobky s\u00fa starostlivo vyberan\u00e9 tak, aby sp\u013a\u0148ali o\u010dak\u00e1vania n\u00e1ro\u010dn\u00fdch znalcov.<\/li>\n<li><strong>R\u00fdchle a diskr\u00e9tne doru\u010denie:<\/strong> Objedn\u00e1vajte jednoducho a dost\u00e1vajte produkty r\u00fdchlo, nech ste kdeko\u013evek.<\/li>\n<li><strong>Z\u00e1ruka spokojnosti:<\/strong> U\u017eite si pozorn\u00fd z\u00e1kazn\u00edcky servis a dokonal\u00fa kvalitu.<\/li>\n<\/ul>\n<h4><strong>\u00a0Objedna\u0165 Gelato 41 THC Diamants na Beuh Paradis<\/strong><\/h4>\n<p>Pripraven\u00ed na nezabudnute\u013en\u00fd z\u00e1\u017eitok s <strong>Gelato 41 THC Diamonds<\/strong> ? Prejs\u0165 na <strong><a href=\"https:\/\/beuhparadis.com\/sk\" target=\"_new\" rel=\"noopener\">Beuh Paradis<\/a><\/strong> objavi\u0165 tento v\u00fdnimo\u010dn\u00fd koncentr\u00e1t. U\u017eite si r\u00fdchle, diskr\u00e9tne dodanie a dokonal\u00fd servis. Preme\u0148te svoj z\u00e1\u017eitok z konope s pr\u00e9miov\u00fdm produktom ur\u010den\u00fdm na uspokojenie.<\/p>","protected":false},"excerpt":{"rendered":"<p>Gelato 41 THC Diamants \u2013 Une Exp\u00e9rience Haut de Gamme H1: D\u00e9couvrez Gelato 41 THC Diamants sur Beuh Paradis Gelato 41 THC Diamants, disponible sur Beuh Paradis, est un concentr\u00e9 de cannabis premium con\u00e7u pour les amateurs recherchant une exp\u00e9rience puissante et raffin\u00e9e. Avec son ar\u00f4me sucr\u00e9 et son haut niveau de puret\u00e9, ce concentr\u00e9 [&hellip;]<\/p>\n","protected":false},"featured_media":1282,"comment_status":"closed","ping_status":"closed","template":"","meta":{"site-sidebar-layout":"default","site-content-layout":"","ast-site-content-layout":"default","site-content-style":"default","site-sidebar-style":"default","ast-global-header-display":"","ast-banner-title-visibility":"","ast-main-header-display":"","ast-hfb-above-header-display":"","ast-hfb-below-header-display":"","ast-hfb-mobile-header-display":"","site-post-title":"","ast-breadcrumbs-content":"","ast-featured-img":"","footer-sml-layout":"","theme-transparent-header-meta":"default","adv-header-id-meta":"","stick-header-meta":"","header-above-stick-meta":"","header-main-stick-meta":"","header-below-stick-meta":"","astra-migrate-meta-layouts":"set","ast-page-background-enabled":"default","ast-page-background-meta":{"desktop":{"background-color":"","background-image":"","background-repeat":"repeat","background-position":"center center","background-size":"auto","background-attachment":"scroll","background-type":"","background-media":"","overlay-type":"","overlay-color":"","overlay-opacity":"","overlay-gradient":""},"tablet":{"background-color":"","background-image":"","background-repeat":"repeat","background-position":"center center","background-size":"auto","background-attachment":"scroll","background-type":"","background-media":"","overlay-type":"","overlay-color":"","overlay-opacity":"","overlay-gradient":""},"mobile":{"background-color":"","background-image":"","background-repeat":"repeat","background-position":"center center","background-size":"auto","background-attachment":"scroll","background-type":"","background-media":"","overlay-type":"","overlay-color":"","overlay-opacity":"","overlay-gradient":""}},"ast-content-background-meta":{"desktop":{"background-color":"var(--ast-global-color-5)","background-image":"","background-repeat":"repeat","background-position":"center center","background-size":"auto","background-attachment":"scroll","background-type":"","background-media":"","overlay-type":"","overlay-color":"","overlay-opacity":"","overlay-gradient":""},"tablet":{"background-color":"var(--ast-global-color-5)","background-image":"","background-repeat":"repeat","background-position":"center center","background-size":"auto","background-attachment":"scroll","background-type":"","background-media":"","overlay-type":"","overlay-color":"","overlay-opacity":"","overlay-gradient":""},"mobile":{"background-color":"var(--ast-global-color-5)","background-image":"","background-repeat":"repeat","background-position":"center center","background-size":"auto","background-attachment":"scroll","background-type":"","background-media":"","overlay-type":"","overlay-color":"","overlay-opacity":"","overlay-gradient":""}},"_joinchat":[]},"product_brand":[],"product_cat":[34],"product_tag":[],"class_list":{"0":"post-1256","1":"product","2":"type-product","3":"status-publish","4":"has-post-thumbnail","6":"product_cat-diamant-de-thc","7":"desktop-align-left","8":"tablet-align-left","9":"mobile-align-left","11":"first","12":"instock","13":"shipping-taxable","14":"purchasable","15":"product-type-variable"},"yoast_head":"<!-- This site is optimized with the Yoast SEO Premium plugin v24.1 (Yoast SEO v26.8) - https:\/\/yoast.com\/product\/yoast-seo-premium-wordpress\/ -->\n<title>Gelato 41 THC Diamants -Cannabis Premium | Beuh Paradis<\/title>\n<meta name=\"description\" content=\"D\u00e9couvrez Gelato 41 THC Diamants sur Beuh Paradis, un concentr\u00e9 de cannabis de qualit\u00e9 sup\u00e9rieure avec des saveurs sucr\u00e9es et une forte teneur en THC\" \/>\n<meta name=\"robots\" content=\"index, follow, max-snippet:-1, max-image-preview:large, max-video-preview:-1\" \/>\n<link rel=\"canonical\" href=\"https:\/\/beuhparadis.com\/sk\/product\/gelato-41-diamants-cannabis\/\" \/>\n<meta property=\"og:locale\" content=\"sk_SK\" \/>\n<meta property=\"og:type\" content=\"article\" \/>\n<meta property=\"og:title\" content=\"Gelato 41 Diamants Cannabis\" \/>\n<meta property=\"og:description\" content=\"D\u00e9couvrez Gelato 41 THC Diamants sur Beuh Paradis, un concentr\u00e9 de cannabis de qualit\u00e9 sup\u00e9rieure avec des saveurs sucr\u00e9es et une forte teneur en THC\" \/>\n<meta property=\"og:url\" content=\"https:\/\/beuhparadis.com\/sk\/product\/gelato-41-diamants-cannabis\/\" \/>\n<meta property=\"og:site_name\" content=\"Beuh Paradis\" \/>\n<meta property=\"article:modified_time\" content=\"2025-01-27T04:46:25+00:00\" \/>\n<meta property=\"og:image\" content=\"https:\/\/beuhparadis.com\/wp-content\/uploads\/2024\/12\/Gelato-41-Cannabis-Diamonds.webp\" \/>\n\t<meta property=\"og:image:width\" content=\"336\" \/>\n\t<meta property=\"og:image:height\" content=\"312\" \/>\n\t<meta property=\"og:image:type\" content=\"image\/webp\" \/>\n<meta name=\"twitter:card\" content=\"summary_large_image\" \/>\n<meta name=\"twitter:label1\" content=\"Predpokladan\u00fd \u010das \u010d\u00edtania\" \/>\n\t<meta name=\"twitter:data1\" content=\"2 minutes\" \/>\n<script type=\"application\/ld+json\" class=\"yoast-schema-graph\">{\"@context\":\"https:\/\/schema.org\",\"@graph\":[{\"@type\":\"WebPage\",\"@id\":\"https:\/\/beuhparadis.com\/product\/gelato-41-diamants-cannabis\/\",\"url\":\"https:\/\/beuhparadis.com\/product\/gelato-41-diamants-cannabis\/\",\"name\":\"Gelato 41 THC Diamants -Cannabis Premium | Beuh Paradis\",\"isPartOf\":{\"@id\":\"https:\/\/beuhparadis.com\/#website\"},\"primaryImageOfPage\":{\"@id\":\"https:\/\/beuhparadis.com\/product\/gelato-41-diamants-cannabis\/#primaryimage\"},\"image\":{\"@id\":\"https:\/\/beuhparadis.com\/product\/gelato-41-diamants-cannabis\/#primaryimage\"},\"thumbnailUrl\":\"https:\/\/beuhparadis.com\/wp-content\/uploads\/2024\/12\/Gelato-41-Cannabis-Diamonds.webp\",\"datePublished\":\"2024-12-10T23:39:22+00:00\",\"dateModified\":\"2025-01-27T04:46:25+00:00\",\"description\":\"D\u00e9couvrez Gelato 41 THC Diamants sur Beuh Paradis, un concentr\u00e9 de cannabis de qualit\u00e9 sup\u00e9rieure avec des saveurs sucr\u00e9es et une forte teneur en THC\",\"breadcrumb\":{\"@id\":\"https:\/\/beuhparadis.com\/product\/gelato-41-diamants-cannabis\/#breadcrumb\"},\"inLanguage\":\"sk-SK\",\"potentialAction\":[{\"@type\":\"ReadAction\",\"target\":[\"https:\/\/beuhparadis.com\/product\/gelato-41-diamants-cannabis\/\"]}]},{\"@type\":\"ImageObject\",\"inLanguage\":\"sk-SK\",\"@id\":\"https:\/\/beuhparadis.com\/product\/gelato-41-diamants-cannabis\/#primaryimage\",\"url\":\"https:\/\/beuhparadis.com\/wp-content\/uploads\/2024\/12\/Gelato-41-Cannabis-Diamonds.webp\",\"contentUrl\":\"https:\/\/beuhparadis.com\/wp-content\/uploads\/2024\/12\/Gelato-41-Cannabis-Diamonds.webp\",\"width\":336,\"height\":312},{\"@type\":\"BreadcrumbList\",\"@id\":\"https:\/\/beuhparadis.com\/product\/gelato-41-diamants-cannabis\/#breadcrumb\",\"itemListElement\":[{\"@type\":\"ListItem\",\"position\":1,\"name\":\"Home\",\"item\":\"https:\/\/beuhparadis.com\/\"},{\"@type\":\"ListItem\",\"position\":2,\"name\":\"Shop\",\"item\":\"https:\/\/beuhparadis.com\/shop\/\"},{\"@type\":\"ListItem\",\"position\":3,\"name\":\"Gelato 41 Diamants Cannabis\"}]},{\"@type\":\"WebSite\",\"@id\":\"https:\/\/beuhparadis.com\/#website\",\"url\":\"https:\/\/beuhparadis.com\/\",\"name\":\"Beuh Paradis\",\"description\":\"\",\"potentialAction\":[{\"@type\":\"SearchAction\",\"target\":{\"@type\":\"EntryPoint\",\"urlTemplate\":\"https:\/\/beuhparadis.com\/?s={search_term_string}\"},\"query-input\":{\"@type\":\"PropertyValueSpecification\",\"valueRequired\":true,\"valueName\":\"search_term_string\"}}],\"inLanguage\":\"sk-SK\"}]}<\/script>\n<!-- \/ Yoast SEO Premium plugin. -->","yoast_head_json":{"title":"Gelato 41 THC Diamonds -Cannabis Premium | Beuh Paradis","description":"Objavte Gelato 41 THC Diamants na Beuh Paradis, vysokokvalitn\u00fd konopn\u00fd koncentr\u00e1t so sladkou pr\u00edchu\u0165ou a vysok\u00fdm obsahom THC.","robots":{"index":"index","follow":"follow","max-snippet":"max-snippet:-1","max-image-preview":"max-image-preview:large","max-video-preview":"max-video-preview:-1"},"canonical":"https:\/\/beuhparadis.com\/sk\/product\/gelato-41-diamants-cannabis\/","og_locale":"sk_SK","og_type":"article","og_title":"Gelato 41 Diamants Cannabis","og_description":"D\u00e9couvrez Gelato 41 THC Diamants sur Beuh Paradis, un concentr\u00e9 de cannabis de qualit\u00e9 sup\u00e9rieure avec des saveurs sucr\u00e9es et une forte teneur en THC","og_url":"https:\/\/beuhparadis.com\/sk\/product\/gelato-41-diamants-cannabis\/","og_site_name":"Beuh Paradis","article_modified_time":"2025-01-27T04:46:25+00:00","og_image":[{"width":336,"height":312,"url":"https:\/\/beuhparadis.com\/wp-content\/uploads\/2024\/12\/Gelato-41-Cannabis-Diamonds.webp","type":"image\/webp"}],"twitter_card":"summary_large_image","twitter_misc":{"Predpokladan\u00fd \u010das \u010d\u00edtania":"2 minutes"},"schema":{"@context":"https:\/\/schema.org","@graph":[{"@type":"WebPage","@id":"https:\/\/beuhparadis.com\/product\/gelato-41-diamants-cannabis\/","url":"https:\/\/beuhparadis.com\/product\/gelato-41-diamants-cannabis\/","name":"Gelato 41 THC Diamonds -Cannabis Premium | Beuh Paradis","isPartOf":{"@id":"https:\/\/beuhparadis.com\/#website"},"primaryImageOfPage":{"@id":"https:\/\/beuhparadis.com\/product\/gelato-41-diamants-cannabis\/#primaryimage"},"image":{"@id":"https:\/\/beuhparadis.com\/product\/gelato-41-diamants-cannabis\/#primaryimage"},"thumbnailUrl":"https:\/\/beuhparadis.com\/wp-content\/uploads\/2024\/12\/Gelato-41-Cannabis-Diamonds.webp","datePublished":"2024-12-10T23:39:22+00:00","dateModified":"2025-01-27T04:46:25+00:00","description":"Objavte Gelato 41 THC Diamants na Beuh Paradis, vysokokvalitn\u00fd konopn\u00fd koncentr\u00e1t so sladkou pr\u00edchu\u0165ou a vysok\u00fdm obsahom THC.","breadcrumb":{"@id":"https:\/\/beuhparadis.com\/product\/gelato-41-diamants-cannabis\/#breadcrumb"},"inLanguage":"sk-SK","potentialAction":[{"@type":"ReadAction","target":["https:\/\/beuhparadis.com\/product\/gelato-41-diamants-cannabis\/"]}]},{"@type":"ImageObject","inLanguage":"sk-SK","@id":"https:\/\/beuhparadis.com\/product\/gelato-41-diamants-cannabis\/#primaryimage","url":"https:\/\/beuhparadis.com\/wp-content\/uploads\/2024\/12\/Gelato-41-Cannabis-Diamonds.webp","contentUrl":"https:\/\/beuhparadis.com\/wp-content\/uploads\/2024\/12\/Gelato-41-Cannabis-Diamonds.webp","width":336,"height":312},{"@type":"BreadcrumbList","@id":"https:\/\/beuhparadis.com\/product\/gelato-41-diamants-cannabis\/#breadcrumb","itemListElement":[{"@type":"ListItem","position":1,"name":"Home","item":"https:\/\/beuhparadis.com\/"},{"@type":"ListItem","position":2,"name":"Shop","item":"https:\/\/beuhparadis.com\/shop\/"},{"@type":"ListItem","position":3,"name":"Gelato 41 Diamants Cannabis"}]},{"@type":"WebSite","@id":"https:\/\/beuhparadis.com\/#website","url":"https:\/\/beuhparadis.com\/","name":"Beuh Paradis","description":"","potentialAction":[{"@type":"SearchAction","target":{"@type":"EntryPoint","urlTemplate":"https:\/\/beuhparadis.com\/?s={search_term_string}"},"query-input":{"@type":"PropertyValueSpecification","valueRequired":true,"valueName":"search_term_string"}}],"inLanguage":"sk-SK"}]}},"_links":{"self":[{"href":"https:\/\/beuhparadis.com\/sk\/wp-json\/wp\/v2\/product\/1256","targetHints":{"allow":["GET"]}}],"collection":[{"href":"https:\/\/beuhparadis.com\/sk\/wp-json\/wp\/v2\/product"}],"about":[{"href":"https:\/\/beuhparadis.com\/sk\/wp-json\/wp\/v2\/types\/product"}],"replies":[{"embeddable":true,"href":"https:\/\/beuhparadis.com\/sk\/wp-json\/wp\/v2\/comments?post=1256"}],"wp:featuredmedia":[{"embeddable":true,"href":"https:\/\/beuhparadis.com\/sk\/wp-json\/wp\/v2\/media\/1282"}],"wp:attachment":[{"href":"https:\/\/beuhparadis.com\/sk\/wp-json\/wp\/v2\/media?parent=1256"}],"wp:term":[{"taxonomy":"product_brand","embeddable":true,"href":"https:\/\/beuhparadis.com\/sk\/wp-json\/wp\/v2\/product_brand?post=1256"},{"taxonomy":"product_cat","embeddable":true,"href":"https:\/\/beuhparadis.com\/sk\/wp-json\/wp\/v2\/product_cat?post=1256"},{"taxonomy":"product_tag","embeddable":true,"href":"https:\/\/beuhparadis.com\/sk\/wp-json\/wp\/v2\/product_tag?post=1256"}],"curies":[{"name":"wp","href":"https:\/\/api.w.org\/{rel}","templated":true}]}}