{"id":1251,"date":"2024-12-10T23:39:22","date_gmt":"2024-12-10T23:39:22","guid":{"rendered":"https:\/\/beuhparadis.com\/?post_type=product&#038;p=1251"},"modified":"2025-01-27T04:53:39","modified_gmt":"2025-01-27T04:53:39","slug":"miel-bananes-thc-live-rosin-diamonds","status":"publish","type":"product","link":"https:\/\/beuhparadis.com\/sk\/product\/miel-bananes-thc-live-rosin-diamonds\/","title":{"rendered":"Medov\u00e9 ban\u00e1ny THC \u017eiv\u00e9 kalafunov\u00e9 diamanty - Cannabis Premium"},"content":{"rendered":"<h3><strong>Honey Bananas THC Live Rosin Diamonds - pr\u00e9miov\u00fd konopn\u00fd koncentr\u00e1t<\/strong><\/h3>\n<h4><strong>\u00a0Objavte Miel Bananes THC Live Rosin Diamonds na Beuh Paradis<\/strong><\/h4>\n<p><strong>Medov\u00e9 ban\u00e1ny THC \u017eiv\u00e9 kalafunov\u00e9 diamanty - Cannabis Premium<\/strong>k dispoz\u00edcii na <strong>Beuh Paradis<\/strong>je pr\u00e9miov\u00fd konopn\u00fd koncentr\u00e1t zn\u00e1my svojou sladkou ovocnou chu\u0165ou a v\u00fdnimo\u010dnou \u010distotou. Tento koncentr\u00e1t je vyroben\u00fd z \u010derstv\u00fdch kvetov konope najvy\u0161\u0161ej kvality a pon\u00faka nezabudnute\u013en\u00fd z\u00e1\u017eitok, ktor\u00fd v sebe sp\u00e1ja silu a chu\u0165. Jeho extrakcia bez pou\u017eitia rozp\u00fa\u0161\u0165adiel zachov\u00e1va pr\u00edrodn\u00e9 terp\u00e9ny, \u010do zaru\u010duje \u010dist\u00fa a pr\u00edjemn\u00fa konzum\u00e1ciu.<\/p>\n<h4><strong>\u00a0Charakteristika diamantov<\/strong><\/h4>\n<ul>\n<li><strong>Jedine\u010dn\u00e1 chu\u0165 :<\/strong> Vychutnajte si lahodn\u00fa v\u00f4\u0148u sladk\u00e9ho ban\u00e1nu s jemn\u00fdm n\u00e1dychom medu, ktor\u00e1 v\u00e1m prinesie neopakovate\u013en\u00fd chu\u0165ov\u00fd z\u00e1\u017eitok.<\/li>\n<li><strong>V\u00fdnimo\u010dn\u00fd v\u00fdkon :<\/strong> S vysok\u00fdm <strong>THC<\/strong>Tento koncentr\u00e1t poskytuje siln\u00e9, r\u00fdchlo p\u00f4sobiace \u00fa\u010dinky, ide\u00e1lne pre sk\u00fasen\u00fdch u\u017e\u00edvate\u013eov.<\/li>\n<li><strong>\u010cist\u00e1 extrakcia :<\/strong> Tento koncentr\u00e1t sa vyr\u00e1ba bez rozp\u00fa\u0161\u0165adiel, \u010d\u00edm sa zachov\u00e1va \u010distota konope a jeho prirodzen\u00e9 vlastnosti.<\/li>\n<li><strong>Uvo\u013e\u0148uj\u00face a euforick\u00e9 \u00fa\u010dinky:<\/strong> Je ide\u00e1lny na relax\u00e1ciu po n\u00e1ro\u010dnom dni a z\u00e1rove\u0148 stimuluje kreativitu a dobr\u00fa n\u00e1ladu.<\/li>\n<\/ul>\n<h4><strong>\u00a0Pre\u010do si vybra\u0165 Beuh Paradis?<\/strong><\/h4>\n<p>Na str\u00e1nke <strong>Beuh Paradis<\/strong>Sme odhodlan\u00ed poskytova\u0165 v\u00e1m konopn\u00e9 koncentr\u00e1ty najvy\u0161\u0161ej kvality. Ka\u017ed\u00e1 d\u00e1vka <strong>opelen\u00e9 diamanty<\/strong> sa starostlivo vyber\u00e1 a testuje, aby sa zabezpe\u010dila optim\u00e1lna \u010distota a v\u00fdnimo\u010dn\u00fd z\u00e1\u017eitok z pitia.<\/p>\n<ul>\n<li><strong>Kvalitn\u00e9 v\u00fdrobky :<\/strong> Na\u0161e koncentr\u00e1ty s\u00fa starostlivo vyr\u00e1ban\u00e9 a pon\u00fakaj\u00fa spo\u013eahliv\u00e9 \u00fa\u010dinky a \u0161pi\u010dkov\u00fd z\u00e1\u017eitok.<\/li>\n<li><strong>R\u00fdchle a diskr\u00e9tne doru\u010denie:<\/strong> Objedn\u00e1vajte online na adrese <strong>Beuh Paradis<\/strong> a dost\u00e1va\u0165 svoje produkty r\u00fdchlo a diskr\u00e9tne.<\/li>\n<li><strong>Laborat\u00f3rne testovan\u00e9 :<\/strong> Bezpe\u010dnos\u0165 a kvalitu na\u0161ich v\u00fdrobkov zaru\u010dujeme pr\u00edsnym laborat\u00f3rnym testovan\u00edm.<\/li>\n<\/ul>\n<hr \/>\n<h4><strong>Objednajte si burinu na Beuh Paradis<\/strong><\/h4>\n<p>Ste pripraven\u00ed objavi\u0165 v\u00fdnimo\u010dnos\u0165 <strong>Med Ban\u00e1ny Burina<\/strong>? Prejs\u0165 na <strong><a href=\"https:\/\/beuhparadis.com\/sk\" target=\"_new\" rel=\"noopener\">Beuh Paradis<\/a><\/strong> objedna\u0165 tento pr\u00e9miov\u00fd koncentr\u00e1t. U\u017eite si r\u00fdchle, diskr\u00e9tne dodanie a dokonal\u00fd z\u00e1kazn\u00edcky servis.<\/p>","protected":false},"excerpt":{"rendered":"<p>Miel Bananes THC Live Rosin Diamonds \u2013 Concentr\u00e9 Premium de Cannabis \u00a0D\u00e9couvrez Miel Bananes THC Live Rosin Diamonds sur Beuh Paradis Miel Bananes THC Live Rosin Diamonds, disponible sur Beuh Paradis, est un concentr\u00e9 de cannabis haut de gamme, r\u00e9put\u00e9 pour son go\u00fbt sucr\u00e9 et fruit\u00e9 ainsi que sa puret\u00e9 exceptionnelle. Fabriqu\u00e9 \u00e0 partir de [&hellip;]<\/p>\n","protected":false},"featured_media":1281,"comment_status":"closed","ping_status":"closed","template":"","meta":{"site-sidebar-layout":"default","site-content-layout":"","ast-site-content-layout":"default","site-content-style":"default","site-sidebar-style":"default","ast-global-header-display":"","ast-banner-title-visibility":"","ast-main-header-display":"","ast-hfb-above-header-display":"","ast-hfb-below-header-display":"","ast-hfb-mobile-header-display":"","site-post-title":"","ast-breadcrumbs-content":"","ast-featured-img":"","footer-sml-layout":"","theme-transparent-header-meta":"default","adv-header-id-meta":"","stick-header-meta":"","header-above-stick-meta":"","header-main-stick-meta":"","header-below-stick-meta":"","astra-migrate-meta-layouts":"set","ast-page-background-enabled":"default","ast-page-background-meta":{"desktop":{"background-color":"","background-image":"","background-repeat":"repeat","background-position":"center center","background-size":"auto","background-attachment":"scroll","background-type":"","background-media":"","overlay-type":"","overlay-color":"","overlay-opacity":"","overlay-gradient":""},"tablet":{"background-color":"","background-image":"","background-repeat":"repeat","background-position":"center center","background-size":"auto","background-attachment":"scroll","background-type":"","background-media":"","overlay-type":"","overlay-color":"","overlay-opacity":"","overlay-gradient":""},"mobile":{"background-color":"","background-image":"","background-repeat":"repeat","background-position":"center center","background-size":"auto","background-attachment":"scroll","background-type":"","background-media":"","overlay-type":"","overlay-color":"","overlay-opacity":"","overlay-gradient":""}},"ast-content-background-meta":{"desktop":{"background-color":"var(--ast-global-color-5)","background-image":"","background-repeat":"repeat","background-position":"center center","background-size":"auto","background-attachment":"scroll","background-type":"","background-media":"","overlay-type":"","overlay-color":"","overlay-opacity":"","overlay-gradient":""},"tablet":{"background-color":"var(--ast-global-color-5)","background-image":"","background-repeat":"repeat","background-position":"center center","background-size":"auto","background-attachment":"scroll","background-type":"","background-media":"","overlay-type":"","overlay-color":"","overlay-opacity":"","overlay-gradient":""},"mobile":{"background-color":"var(--ast-global-color-5)","background-image":"","background-repeat":"repeat","background-position":"center center","background-size":"auto","background-attachment":"scroll","background-type":"","background-media":"","overlay-type":"","overlay-color":"","overlay-opacity":"","overlay-gradient":""}},"_joinchat":[]},"product_brand":[],"product_cat":[34],"product_tag":[],"class_list":{"0":"post-1251","1":"product","2":"type-product","3":"status-publish","4":"has-post-thumbnail","6":"product_cat-diamant-de-thc","7":"desktop-align-left","8":"tablet-align-left","9":"mobile-align-left","11":"first","12":"instock","13":"shipping-taxable","14":"purchasable","15":"product-type-variable"},"yoast_head":"<!-- This site is optimized with the Yoast SEO Premium plugin v24.1 (Yoast SEO v26.8) - https:\/\/yoast.com\/product\/yoast-seo-premium-wordpress\/ -->\n<title>Miel Bananes THC Live Rosin Diamonds \u2013 Cannabis Premium<\/title>\n<meta name=\"description\" content=\"D\u00e9couvrez Miel Bananes THC Live Rosin Diamonds sur Beuh Paradis, un concentr\u00e9 de cannabis de qualit\u00e9 sup\u00e9rieure avec des saveurs sucr\u00e9es et fruit\u00e9es.\" \/>\n<meta name=\"robots\" content=\"index, follow, max-snippet:-1, max-image-preview:large, max-video-preview:-1\" \/>\n<link rel=\"canonical\" href=\"https:\/\/beuhparadis.com\/sk\/product\/miel-bananes-thc-live-rosin-diamonds\/\" \/>\n<meta property=\"og:locale\" content=\"sk_SK\" \/>\n<meta property=\"og:type\" content=\"article\" \/>\n<meta property=\"og:title\" content=\"Miel Bananes THC Live Rosin Diamonds\" \/>\n<meta property=\"og:description\" content=\"D\u00e9couvrez Miel Bananes THC Live Rosin Diamonds sur Beuh Paradis, un concentr\u00e9 de cannabis de qualit\u00e9 sup\u00e9rieure avec des saveurs sucr\u00e9es et fruit\u00e9es.\" \/>\n<meta property=\"og:url\" content=\"https:\/\/beuhparadis.com\/sk\/product\/miel-bananes-thc-live-rosin-diamonds\/\" \/>\n<meta property=\"og:site_name\" content=\"Beuh Paradis\" \/>\n<meta property=\"article:modified_time\" content=\"2025-01-27T04:53:39+00:00\" \/>\n<meta property=\"og:image\" content=\"https:\/\/beuhparadis.com\/wp-content\/uploads\/2024\/12\/Honey-Bananas-THC-Live-Rosin-Diamonds.webp\" \/>\n\t<meta property=\"og:image:width\" content=\"399\" \/>\n\t<meta property=\"og:image:height\" content=\"362\" \/>\n\t<meta property=\"og:image:type\" content=\"image\/webp\" \/>\n<meta name=\"twitter:card\" content=\"summary_large_image\" \/>\n<meta name=\"twitter:label1\" content=\"Predpokladan\u00fd \u010das \u010d\u00edtania\" \/>\n\t<meta name=\"twitter:data1\" content=\"2 minutes\" \/>\n<script type=\"application\/ld+json\" class=\"yoast-schema-graph\">{\"@context\":\"https:\/\/schema.org\",\"@graph\":[{\"@type\":\"WebPage\",\"@id\":\"https:\/\/beuhparadis.com\/product\/miel-bananes-thc-live-rosin-diamonds\/\",\"url\":\"https:\/\/beuhparadis.com\/product\/miel-bananes-thc-live-rosin-diamonds\/\",\"name\":\"Miel Bananes THC Live Rosin Diamonds \u2013 Cannabis Premium\",\"isPartOf\":{\"@id\":\"https:\/\/beuhparadis.com\/#website\"},\"primaryImageOfPage\":{\"@id\":\"https:\/\/beuhparadis.com\/product\/miel-bananes-thc-live-rosin-diamonds\/#primaryimage\"},\"image\":{\"@id\":\"https:\/\/beuhparadis.com\/product\/miel-bananes-thc-live-rosin-diamonds\/#primaryimage\"},\"thumbnailUrl\":\"https:\/\/beuhparadis.com\/wp-content\/uploads\/2024\/12\/Honey-Bananas-THC-Live-Rosin-Diamonds.webp\",\"datePublished\":\"2024-12-10T23:39:22+00:00\",\"dateModified\":\"2025-01-27T04:53:39+00:00\",\"description\":\"D\u00e9couvrez Miel Bananes THC Live Rosin Diamonds sur Beuh Paradis, un concentr\u00e9 de cannabis de qualit\u00e9 sup\u00e9rieure avec des saveurs sucr\u00e9es et fruit\u00e9es.\",\"breadcrumb\":{\"@id\":\"https:\/\/beuhparadis.com\/product\/miel-bananes-thc-live-rosin-diamonds\/#breadcrumb\"},\"inLanguage\":\"sk-SK\",\"potentialAction\":[{\"@type\":\"ReadAction\",\"target\":[\"https:\/\/beuhparadis.com\/product\/miel-bananes-thc-live-rosin-diamonds\/\"]}]},{\"@type\":\"ImageObject\",\"inLanguage\":\"sk-SK\",\"@id\":\"https:\/\/beuhparadis.com\/product\/miel-bananes-thc-live-rosin-diamonds\/#primaryimage\",\"url\":\"https:\/\/beuhparadis.com\/wp-content\/uploads\/2024\/12\/Honey-Bananas-THC-Live-Rosin-Diamonds.webp\",\"contentUrl\":\"https:\/\/beuhparadis.com\/wp-content\/uploads\/2024\/12\/Honey-Bananas-THC-Live-Rosin-Diamonds.webp\",\"width\":399,\"height\":362},{\"@type\":\"BreadcrumbList\",\"@id\":\"https:\/\/beuhparadis.com\/product\/miel-bananes-thc-live-rosin-diamonds\/#breadcrumb\",\"itemListElement\":[{\"@type\":\"ListItem\",\"position\":1,\"name\":\"Home\",\"item\":\"https:\/\/beuhparadis.com\/\"},{\"@type\":\"ListItem\",\"position\":2,\"name\":\"Shop\",\"item\":\"https:\/\/beuhparadis.com\/shop\/\"},{\"@type\":\"ListItem\",\"position\":3,\"name\":\"Miel Bananes THC Live Rosin Diamonds\"}]},{\"@type\":\"WebSite\",\"@id\":\"https:\/\/beuhparadis.com\/#website\",\"url\":\"https:\/\/beuhparadis.com\/\",\"name\":\"Beuh Paradis\",\"description\":\"\",\"potentialAction\":[{\"@type\":\"SearchAction\",\"target\":{\"@type\":\"EntryPoint\",\"urlTemplate\":\"https:\/\/beuhparadis.com\/?s={search_term_string}\"},\"query-input\":{\"@type\":\"PropertyValueSpecification\",\"valueRequired\":true,\"valueName\":\"search_term_string\"}}],\"inLanguage\":\"sk-SK\"}]}<\/script>\n<!-- \/ Yoast SEO Premium plugin. -->","yoast_head_json":{"title":"Medov\u00e9 ban\u00e1ny THC \u017eiv\u00e9 kalafunov\u00e9 diamanty - Cannabis Premium","description":"Objavte Miel Bananes THC Live Rosin Diamonds na Beuh Paradis, vysokokvalitn\u00fd konopn\u00fd koncentr\u00e1t so sladkou ovocnou pr\u00edchu\u0165ou.","robots":{"index":"index","follow":"follow","max-snippet":"max-snippet:-1","max-image-preview":"max-image-preview:large","max-video-preview":"max-video-preview:-1"},"canonical":"https:\/\/beuhparadis.com\/sk\/product\/miel-bananes-thc-live-rosin-diamonds\/","og_locale":"sk_SK","og_type":"article","og_title":"Miel Bananes THC Live Rosin Diamonds","og_description":"D\u00e9couvrez Miel Bananes THC Live Rosin Diamonds sur Beuh Paradis, un concentr\u00e9 de cannabis de qualit\u00e9 sup\u00e9rieure avec des saveurs sucr\u00e9es et fruit\u00e9es.","og_url":"https:\/\/beuhparadis.com\/sk\/product\/miel-bananes-thc-live-rosin-diamonds\/","og_site_name":"Beuh Paradis","article_modified_time":"2025-01-27T04:53:39+00:00","og_image":[{"width":399,"height":362,"url":"https:\/\/beuhparadis.com\/wp-content\/uploads\/2024\/12\/Honey-Bananas-THC-Live-Rosin-Diamonds.webp","type":"image\/webp"}],"twitter_card":"summary_large_image","twitter_misc":{"Predpokladan\u00fd \u010das \u010d\u00edtania":"2 minutes"},"schema":{"@context":"https:\/\/schema.org","@graph":[{"@type":"WebPage","@id":"https:\/\/beuhparadis.com\/product\/miel-bananes-thc-live-rosin-diamonds\/","url":"https:\/\/beuhparadis.com\/product\/miel-bananes-thc-live-rosin-diamonds\/","name":"Medov\u00e9 ban\u00e1ny THC \u017eiv\u00e9 kalafunov\u00e9 diamanty - Cannabis Premium","isPartOf":{"@id":"https:\/\/beuhparadis.com\/#website"},"primaryImageOfPage":{"@id":"https:\/\/beuhparadis.com\/product\/miel-bananes-thc-live-rosin-diamonds\/#primaryimage"},"image":{"@id":"https:\/\/beuhparadis.com\/product\/miel-bananes-thc-live-rosin-diamonds\/#primaryimage"},"thumbnailUrl":"https:\/\/beuhparadis.com\/wp-content\/uploads\/2024\/12\/Honey-Bananas-THC-Live-Rosin-Diamonds.webp","datePublished":"2024-12-10T23:39:22+00:00","dateModified":"2025-01-27T04:53:39+00:00","description":"Objavte Miel Bananes THC Live Rosin Diamonds na Beuh Paradis, vysokokvalitn\u00fd konopn\u00fd koncentr\u00e1t so sladkou ovocnou pr\u00edchu\u0165ou.","breadcrumb":{"@id":"https:\/\/beuhparadis.com\/product\/miel-bananes-thc-live-rosin-diamonds\/#breadcrumb"},"inLanguage":"sk-SK","potentialAction":[{"@type":"ReadAction","target":["https:\/\/beuhparadis.com\/product\/miel-bananes-thc-live-rosin-diamonds\/"]}]},{"@type":"ImageObject","inLanguage":"sk-SK","@id":"https:\/\/beuhparadis.com\/product\/miel-bananes-thc-live-rosin-diamonds\/#primaryimage","url":"https:\/\/beuhparadis.com\/wp-content\/uploads\/2024\/12\/Honey-Bananas-THC-Live-Rosin-Diamonds.webp","contentUrl":"https:\/\/beuhparadis.com\/wp-content\/uploads\/2024\/12\/Honey-Bananas-THC-Live-Rosin-Diamonds.webp","width":399,"height":362},{"@type":"BreadcrumbList","@id":"https:\/\/beuhparadis.com\/product\/miel-bananes-thc-live-rosin-diamonds\/#breadcrumb","itemListElement":[{"@type":"ListItem","position":1,"name":"Home","item":"https:\/\/beuhparadis.com\/"},{"@type":"ListItem","position":2,"name":"Shop","item":"https:\/\/beuhparadis.com\/shop\/"},{"@type":"ListItem","position":3,"name":"Miel Bananes THC Live Rosin Diamonds"}]},{"@type":"WebSite","@id":"https:\/\/beuhparadis.com\/#website","url":"https:\/\/beuhparadis.com\/","name":"Beuh Paradis","description":"","potentialAction":[{"@type":"SearchAction","target":{"@type":"EntryPoint","urlTemplate":"https:\/\/beuhparadis.com\/?s={search_term_string}"},"query-input":{"@type":"PropertyValueSpecification","valueRequired":true,"valueName":"search_term_string"}}],"inLanguage":"sk-SK"}]}},"_links":{"self":[{"href":"https:\/\/beuhparadis.com\/sk\/wp-json\/wp\/v2\/product\/1251","targetHints":{"allow":["GET"]}}],"collection":[{"href":"https:\/\/beuhparadis.com\/sk\/wp-json\/wp\/v2\/product"}],"about":[{"href":"https:\/\/beuhparadis.com\/sk\/wp-json\/wp\/v2\/types\/product"}],"replies":[{"embeddable":true,"href":"https:\/\/beuhparadis.com\/sk\/wp-json\/wp\/v2\/comments?post=1251"}],"wp:featuredmedia":[{"embeddable":true,"href":"https:\/\/beuhparadis.com\/sk\/wp-json\/wp\/v2\/media\/1281"}],"wp:attachment":[{"href":"https:\/\/beuhparadis.com\/sk\/wp-json\/wp\/v2\/media?parent=1251"}],"wp:term":[{"taxonomy":"product_brand","embeddable":true,"href":"https:\/\/beuhparadis.com\/sk\/wp-json\/wp\/v2\/product_brand?post=1251"},{"taxonomy":"product_cat","embeddable":true,"href":"https:\/\/beuhparadis.com\/sk\/wp-json\/wp\/v2\/product_cat?post=1251"},{"taxonomy":"product_tag","embeddable":true,"href":"https:\/\/beuhparadis.com\/sk\/wp-json\/wp\/v2\/product_tag?post=1251"}],"curies":[{"name":"wp","href":"https:\/\/api.w.org\/{rel}","templated":true}]}}