{"id":1240,"date":"2024-12-10T23:39:01","date_gmt":"2024-12-10T23:39:01","guid":{"rendered":"https:\/\/beuhparadis.com\/?post_type=product&#038;p=1240"},"modified":"2025-01-27T04:38:53","modified_gmt":"2025-01-27T04:38:53","slug":"sour-diesel-lime-live-rosin-thca-diamants","status":"publish","type":"product","link":"https:\/\/beuhparadis.com\/sk\/product\/sour-diesel-lime-live-rosin-thca-diamants\/","title":{"rendered":"Sour Diesel Lime Live Rosin THCA Diamonds"},"content":{"rendered":"<h4><strong>\u00a0Objavte Sour Diesel Lime Live Rosin THCA Diamonds<\/strong><\/h4>\n<p><strong>Sour Diesel Lime Live Rosin THCA Diamonds<\/strong> je vysokokvalitn\u00fd konopn\u00fd koncentr\u00e1t ur\u010den\u00fd pre nad\u0161encov, ktor\u00ed h\u013eadaj\u00fa jedine\u010dn\u00fd a siln\u00fd z\u00e1\u017eitok. Tento produkt so \u017eivou limetkovou ar\u00f3mou a zemit\u00fdmi t\u00f3nmi nafty vynik\u00e1 v\u00fdnimo\u010dnou \u010distotou a vysok\u00fdm obsahom <strong>THCA<\/strong>ide\u00e1lne pre intenz\u00edvne a dlhotrvaj\u00face \u00fa\u010dinky.<\/p>\n<h4><strong>\u00a0Pre\u010do si vybra\u0165 Sour D?<\/strong><\/h4>\n<p>Na\u0161a str\u00e1nka <strong>Sour D <\/strong>\u00a0a vyr\u00e1ba sa pomocou extrak\u010dn\u00fdch procesov bez obsahu rozp\u00fa\u0161\u0165adiel, \u010do zaru\u010duje maxim\u00e1lnu \u010distotu a zachovanie pr\u00edrodn\u00fdch terp\u00e9nov a kanabinoidov. Tento koncentr\u00e1t poch\u00e1dza z pr\u00e9miov\u00fdch kme\u0148ov a pon\u00faka dokonal\u00fa rovnov\u00e1hu medzi energizuj\u00facimi vlastnos\u0165ami Sour Diesel a osvie\u017euj\u00facim n\u00e1dychom limetky.<\/p>\n<ul>\n<li><strong>Neporovnate\u013en\u00e1 \u010distota<\/strong> 100 % extrakcia bez rozp\u00fa\u0161\u0165adla pre pr\u00edrodn\u00fd produkt.<\/li>\n<li><strong>Siln\u00e9 \u00fa\u010dinky<\/strong> Koncentr\u00e1t bohat\u00fd na THCA pre r\u00fdchle a \u00fa\u010dinn\u00e9 \u00fa\u010dinky.<\/li>\n<li><strong>V\u00fdnimo\u010dn\u00e1 chu\u0165<\/strong> Svie\u017ea zemit\u00e1 chu\u0165 pre jedine\u010dn\u00fd zmyslov\u00fd z\u00e1\u017eitok.<\/li>\n<\/ul>\n<p>Tento koncentr\u00e1t je v\u010faka svojim energizuj\u00facim a motiva\u010dn\u00fdm vlastnostiam ide\u00e1lny na denn\u00e9 pou\u017eitie alebo na povzbudenie va\u0161ej kreativity.<\/p>\n<h4><strong>\u00a0K\u00fapte si Sour D s d\u00f4verou<\/strong><\/h4>\n<p>Na str\u00e1nke <a href=\"https:\/\/beuhparadis.com\/sk\/contact\/\"><strong>beuhparadis<\/strong><\/a>Sme odhodlan\u00ed poskytova\u0165 v\u00e1m pr\u00e9miov\u00e9 konopn\u00e9 produkty s r\u00fdchlou a diskr\u00e9tnou dopravou kdeko\u013evek vo Franc\u00fazsku. Na\u0161e str\u00e1nky <strong>Diamanty Sour D<\/strong> s\u00fa testovan\u00e9 na kvalitu, \u010distotu a v\u00fdkon, aby v\u00e1m poskytli nekompromisn\u00fd z\u00e1\u017eitok.<\/p>\n<p>Vychutnajte si tento v\u00fdnimo\u010dn\u00fd z\u00e1\u017eitok s koncentr\u00e1tom ur\u010den\u00fdm pre <a href=\"https:\/\/chemsxpress.com\/\">amat\u00e9rske<\/a>n\u00e1ro\u010dn\u00e9. <strong>Objednajte si Sour D teraz <\/strong>a spoznajte rozdiel medzi pr\u00e9miov\u00fdmi produktmi.<\/p>","protected":false},"excerpt":{"rendered":"<p>\u00a0D\u00e9couvrez Sour Diesel Lime Live Rosin THCA Diamants Sour Diesel Lime Live Rosin THCA Diamants est un concentr\u00e9 de cannabis de haute qualit\u00e9, con\u00e7u pour les amateurs recherchant une exp\u00e9rience unique et puissante. Avec son ar\u00f4me vif de citron vert et ses notes terreuses de diesel, ce produit se distingue par sa puret\u00e9 exceptionnelle et [&hellip;]<\/p>\n","protected":false},"featured_media":1250,"comment_status":"closed","ping_status":"closed","template":"","meta":{"site-sidebar-layout":"default","site-content-layout":"","ast-site-content-layout":"default","site-content-style":"default","site-sidebar-style":"default","ast-global-header-display":"","ast-banner-title-visibility":"","ast-main-header-display":"","ast-hfb-above-header-display":"","ast-hfb-below-header-display":"","ast-hfb-mobile-header-display":"","site-post-title":"","ast-breadcrumbs-content":"","ast-featured-img":"","footer-sml-layout":"","theme-transparent-header-meta":"default","adv-header-id-meta":"","stick-header-meta":"","header-above-stick-meta":"","header-main-stick-meta":"","header-below-stick-meta":"","astra-migrate-meta-layouts":"set","ast-page-background-enabled":"default","ast-page-background-meta":{"desktop":{"background-color":"","background-image":"","background-repeat":"repeat","background-position":"center center","background-size":"auto","background-attachment":"scroll","background-type":"","background-media":"","overlay-type":"","overlay-color":"","overlay-opacity":"","overlay-gradient":""},"tablet":{"background-color":"","background-image":"","background-repeat":"repeat","background-position":"center center","background-size":"auto","background-attachment":"scroll","background-type":"","background-media":"","overlay-type":"","overlay-color":"","overlay-opacity":"","overlay-gradient":""},"mobile":{"background-color":"","background-image":"","background-repeat":"repeat","background-position":"center center","background-size":"auto","background-attachment":"scroll","background-type":"","background-media":"","overlay-type":"","overlay-color":"","overlay-opacity":"","overlay-gradient":""}},"ast-content-background-meta":{"desktop":{"background-color":"var(--ast-global-color-5)","background-image":"","background-repeat":"repeat","background-position":"center center","background-size":"auto","background-attachment":"scroll","background-type":"","background-media":"","overlay-type":"","overlay-color":"","overlay-opacity":"","overlay-gradient":""},"tablet":{"background-color":"var(--ast-global-color-5)","background-image":"","background-repeat":"repeat","background-position":"center center","background-size":"auto","background-attachment":"scroll","background-type":"","background-media":"","overlay-type":"","overlay-color":"","overlay-opacity":"","overlay-gradient":""},"mobile":{"background-color":"var(--ast-global-color-5)","background-image":"","background-repeat":"repeat","background-position":"center center","background-size":"auto","background-attachment":"scroll","background-type":"","background-media":"","overlay-type":"","overlay-color":"","overlay-opacity":"","overlay-gradient":""}},"_joinchat":[]},"product_brand":[],"product_cat":[34],"product_tag":[],"class_list":{"0":"post-1240","1":"product","2":"type-product","3":"status-publish","4":"has-post-thumbnail","6":"product_cat-diamant-de-thc","7":"desktop-align-left","8":"tablet-align-left","9":"mobile-align-left","11":"first","12":"instock","13":"shipping-taxable","14":"purchasable","15":"product-type-variable"},"yoast_head":"<!-- This site is optimized with the Yoast SEO Premium plugin v24.1 (Yoast SEO v26.8) - https:\/\/yoast.com\/product\/yoast-seo-premium-wordpress\/ -->\n<title>Sour Diesel Lime Live Rosin THCA Diamants \u2013 Cannabis Premium<\/title>\n<meta name=\"description\" content=\"D\u00e9couvrez Sour Diesel Lime Live Rosin THCA Diamants, un concentr\u00e9 de cannabis puissant avec des saveurs de citron vert et de diesel. Purite exceptionnel.\" \/>\n<meta name=\"robots\" content=\"index, follow, max-snippet:-1, max-image-preview:large, max-video-preview:-1\" \/>\n<link rel=\"canonical\" href=\"https:\/\/beuhparadis.com\/sk\/product\/sour-diesel-lime-live-rosin-thca-diamants\/\" \/>\n<meta property=\"og:locale\" content=\"sk_SK\" \/>\n<meta property=\"og:type\" content=\"article\" \/>\n<meta property=\"og:title\" content=\"Sour Diesel Lime Live Rosin THCA Diamants\" \/>\n<meta property=\"og:description\" content=\"D\u00e9couvrez Sour Diesel Lime Live Rosin THCA Diamants, un concentr\u00e9 de cannabis puissant avec des saveurs de citron vert et de diesel. Purite exceptionnel.\" \/>\n<meta property=\"og:url\" content=\"https:\/\/beuhparadis.com\/sk\/product\/sour-diesel-lime-live-rosin-thca-diamants\/\" \/>\n<meta property=\"og:site_name\" content=\"Beuh Paradis\" \/>\n<meta property=\"article:modified_time\" content=\"2025-01-27T04:38:53+00:00\" \/>\n<meta property=\"og:image\" content=\"https:\/\/beuhparadis.com\/wp-content\/uploads\/2024\/12\/Sour-Diesel-Lime-Live-Rosin-THCA-Diamonds.webp\" \/>\n\t<meta property=\"og:image:width\" content=\"386\" \/>\n\t<meta property=\"og:image:height\" content=\"380\" \/>\n\t<meta property=\"og:image:type\" content=\"image\/webp\" \/>\n<meta name=\"twitter:card\" content=\"summary_large_image\" \/>\n<meta name=\"twitter:label1\" content=\"Predpokladan\u00fd \u010das \u010d\u00edtania\" \/>\n\t<meta name=\"twitter:data1\" content=\"2 minutes\" \/>\n<script type=\"application\/ld+json\" class=\"yoast-schema-graph\">{\"@context\":\"https:\/\/schema.org\",\"@graph\":[{\"@type\":\"WebPage\",\"@id\":\"https:\/\/beuhparadis.com\/product\/sour-diesel-lime-live-rosin-thca-diamants\/\",\"url\":\"https:\/\/beuhparadis.com\/product\/sour-diesel-lime-live-rosin-thca-diamants\/\",\"name\":\"Sour Diesel Lime Live Rosin THCA Diamants \u2013 Cannabis Premium\",\"isPartOf\":{\"@id\":\"https:\/\/beuhparadis.com\/#website\"},\"primaryImageOfPage\":{\"@id\":\"https:\/\/beuhparadis.com\/product\/sour-diesel-lime-live-rosin-thca-diamants\/#primaryimage\"},\"image\":{\"@id\":\"https:\/\/beuhparadis.com\/product\/sour-diesel-lime-live-rosin-thca-diamants\/#primaryimage\"},\"thumbnailUrl\":\"https:\/\/beuhparadis.com\/wp-content\/uploads\/2024\/12\/Sour-Diesel-Lime-Live-Rosin-THCA-Diamonds.webp\",\"datePublished\":\"2024-12-10T23:39:01+00:00\",\"dateModified\":\"2025-01-27T04:38:53+00:00\",\"description\":\"D\u00e9couvrez Sour Diesel Lime Live Rosin THCA Diamants, un concentr\u00e9 de cannabis puissant avec des saveurs de citron vert et de diesel. Purite exceptionnel.\",\"breadcrumb\":{\"@id\":\"https:\/\/beuhparadis.com\/product\/sour-diesel-lime-live-rosin-thca-diamants\/#breadcrumb\"},\"inLanguage\":\"sk-SK\",\"potentialAction\":[{\"@type\":\"ReadAction\",\"target\":[\"https:\/\/beuhparadis.com\/product\/sour-diesel-lime-live-rosin-thca-diamants\/\"]}]},{\"@type\":\"ImageObject\",\"inLanguage\":\"sk-SK\",\"@id\":\"https:\/\/beuhparadis.com\/product\/sour-diesel-lime-live-rosin-thca-diamants\/#primaryimage\",\"url\":\"https:\/\/beuhparadis.com\/wp-content\/uploads\/2024\/12\/Sour-Diesel-Lime-Live-Rosin-THCA-Diamonds.webp\",\"contentUrl\":\"https:\/\/beuhparadis.com\/wp-content\/uploads\/2024\/12\/Sour-Diesel-Lime-Live-Rosin-THCA-Diamonds.webp\",\"width\":386,\"height\":380,\"caption\":\"Sour Diesel Lime Live Rosin THCA Diamants\"},{\"@type\":\"BreadcrumbList\",\"@id\":\"https:\/\/beuhparadis.com\/product\/sour-diesel-lime-live-rosin-thca-diamants\/#breadcrumb\",\"itemListElement\":[{\"@type\":\"ListItem\",\"position\":1,\"name\":\"Home\",\"item\":\"https:\/\/beuhparadis.com\/\"},{\"@type\":\"ListItem\",\"position\":2,\"name\":\"Shop\",\"item\":\"https:\/\/beuhparadis.com\/shop\/\"},{\"@type\":\"ListItem\",\"position\":3,\"name\":\"Sour Diesel Lime Live Rosin THCA Diamants\"}]},{\"@type\":\"WebSite\",\"@id\":\"https:\/\/beuhparadis.com\/#website\",\"url\":\"https:\/\/beuhparadis.com\/\",\"name\":\"Beuh Paradis\",\"description\":\"\",\"potentialAction\":[{\"@type\":\"SearchAction\",\"target\":{\"@type\":\"EntryPoint\",\"urlTemplate\":\"https:\/\/beuhparadis.com\/?s={search_term_string}\"},\"query-input\":{\"@type\":\"PropertyValueSpecification\",\"valueRequired\":true,\"valueName\":\"search_term_string\"}}],\"inLanguage\":\"sk-SK\"}]}<\/script>\n<!-- \/ Yoast SEO Premium plugin. -->","yoast_head_json":{"title":"Sour Diesel Lime Live Rosin THCA Diamonds - Cannabis Premium","description":"Objavte Sour Diesel Lime Live Rosin THCA Diamonds, siln\u00fd konopn\u00fd koncentr\u00e1t s pr\u00edchu\u0165ou limetky a nafty. V\u00fdnimo\u010dn\u00e1 \u010distota.","robots":{"index":"index","follow":"follow","max-snippet":"max-snippet:-1","max-image-preview":"max-image-preview:large","max-video-preview":"max-video-preview:-1"},"canonical":"https:\/\/beuhparadis.com\/sk\/product\/sour-diesel-lime-live-rosin-thca-diamants\/","og_locale":"sk_SK","og_type":"article","og_title":"Sour Diesel Lime Live Rosin THCA Diamants","og_description":"D\u00e9couvrez Sour Diesel Lime Live Rosin THCA Diamants, un concentr\u00e9 de cannabis puissant avec des saveurs de citron vert et de diesel. Purite exceptionnel.","og_url":"https:\/\/beuhparadis.com\/sk\/product\/sour-diesel-lime-live-rosin-thca-diamants\/","og_site_name":"Beuh Paradis","article_modified_time":"2025-01-27T04:38:53+00:00","og_image":[{"width":386,"height":380,"url":"https:\/\/beuhparadis.com\/wp-content\/uploads\/2024\/12\/Sour-Diesel-Lime-Live-Rosin-THCA-Diamonds.webp","type":"image\/webp"}],"twitter_card":"summary_large_image","twitter_misc":{"Predpokladan\u00fd \u010das \u010d\u00edtania":"2 minutes"},"schema":{"@context":"https:\/\/schema.org","@graph":[{"@type":"WebPage","@id":"https:\/\/beuhparadis.com\/product\/sour-diesel-lime-live-rosin-thca-diamants\/","url":"https:\/\/beuhparadis.com\/product\/sour-diesel-lime-live-rosin-thca-diamants\/","name":"Sour Diesel Lime Live Rosin THCA Diamonds - Cannabis Premium","isPartOf":{"@id":"https:\/\/beuhparadis.com\/#website"},"primaryImageOfPage":{"@id":"https:\/\/beuhparadis.com\/product\/sour-diesel-lime-live-rosin-thca-diamants\/#primaryimage"},"image":{"@id":"https:\/\/beuhparadis.com\/product\/sour-diesel-lime-live-rosin-thca-diamants\/#primaryimage"},"thumbnailUrl":"https:\/\/beuhparadis.com\/wp-content\/uploads\/2024\/12\/Sour-Diesel-Lime-Live-Rosin-THCA-Diamonds.webp","datePublished":"2024-12-10T23:39:01+00:00","dateModified":"2025-01-27T04:38:53+00:00","description":"Objavte Sour Diesel Lime Live Rosin THCA Diamonds, siln\u00fd konopn\u00fd koncentr\u00e1t s pr\u00edchu\u0165ou limetky a nafty. V\u00fdnimo\u010dn\u00e1 \u010distota.","breadcrumb":{"@id":"https:\/\/beuhparadis.com\/product\/sour-diesel-lime-live-rosin-thca-diamants\/#breadcrumb"},"inLanguage":"sk-SK","potentialAction":[{"@type":"ReadAction","target":["https:\/\/beuhparadis.com\/product\/sour-diesel-lime-live-rosin-thca-diamants\/"]}]},{"@type":"ImageObject","inLanguage":"sk-SK","@id":"https:\/\/beuhparadis.com\/product\/sour-diesel-lime-live-rosin-thca-diamants\/#primaryimage","url":"https:\/\/beuhparadis.com\/wp-content\/uploads\/2024\/12\/Sour-Diesel-Lime-Live-Rosin-THCA-Diamonds.webp","contentUrl":"https:\/\/beuhparadis.com\/wp-content\/uploads\/2024\/12\/Sour-Diesel-Lime-Live-Rosin-THCA-Diamonds.webp","width":386,"height":380,"caption":"Sour Diesel Lime Live Rosin THCA Diamants"},{"@type":"BreadcrumbList","@id":"https:\/\/beuhparadis.com\/product\/sour-diesel-lime-live-rosin-thca-diamants\/#breadcrumb","itemListElement":[{"@type":"ListItem","position":1,"name":"Home","item":"https:\/\/beuhparadis.com\/"},{"@type":"ListItem","position":2,"name":"Shop","item":"https:\/\/beuhparadis.com\/shop\/"},{"@type":"ListItem","position":3,"name":"Sour Diesel Lime Live Rosin THCA Diamants"}]},{"@type":"WebSite","@id":"https:\/\/beuhparadis.com\/#website","url":"https:\/\/beuhparadis.com\/","name":"Beuh Paradis","description":"","potentialAction":[{"@type":"SearchAction","target":{"@type":"EntryPoint","urlTemplate":"https:\/\/beuhparadis.com\/?s={search_term_string}"},"query-input":{"@type":"PropertyValueSpecification","valueRequired":true,"valueName":"search_term_string"}}],"inLanguage":"sk-SK"}]}},"_links":{"self":[{"href":"https:\/\/beuhparadis.com\/sk\/wp-json\/wp\/v2\/product\/1240","targetHints":{"allow":["GET"]}}],"collection":[{"href":"https:\/\/beuhparadis.com\/sk\/wp-json\/wp\/v2\/product"}],"about":[{"href":"https:\/\/beuhparadis.com\/sk\/wp-json\/wp\/v2\/types\/product"}],"replies":[{"embeddable":true,"href":"https:\/\/beuhparadis.com\/sk\/wp-json\/wp\/v2\/comments?post=1240"}],"wp:featuredmedia":[{"embeddable":true,"href":"https:\/\/beuhparadis.com\/sk\/wp-json\/wp\/v2\/media\/1250"}],"wp:attachment":[{"href":"https:\/\/beuhparadis.com\/sk\/wp-json\/wp\/v2\/media?parent=1240"}],"wp:term":[{"taxonomy":"product_brand","embeddable":true,"href":"https:\/\/beuhparadis.com\/sk\/wp-json\/wp\/v2\/product_brand?post=1240"},{"taxonomy":"product_cat","embeddable":true,"href":"https:\/\/beuhparadis.com\/sk\/wp-json\/wp\/v2\/product_cat?post=1240"},{"taxonomy":"product_tag","embeddable":true,"href":"https:\/\/beuhparadis.com\/sk\/wp-json\/wp\/v2\/product_tag?post=1240"}],"curies":[{"name":"wp","href":"https:\/\/api.w.org\/{rel}","templated":true}]}}