{"id":1235,"date":"2024-12-10T23:39:00","date_gmt":"2024-12-10T23:39:00","guid":{"rendered":"https:\/\/beuhparadis.com\/?post_type=product&#038;p=1235"},"modified":"2025-01-27T04:27:10","modified_gmt":"2025-01-27T04:27:10","slug":"pasteque-zkittlez-thc-diamant","status":"publish","type":"product","link":"https:\/\/beuhparadis.com\/sk\/product\/pasteque-zkittlez-thc-diamant\/","title":{"rendered":"Watermelon Zkittlez THC Diamond"},"content":{"rendered":"<h1>Watermelon Zkittlez THC Diamond<\/h1>\n<p>Le\u00a0<strong>Watermelon Zkittlez THC Diamond<\/strong>\u00a0je \u0161pi\u010dkov\u00fd kme\u0148 konope, ktor\u00fd kombinuje exotick\u00e9 pr\u00edchute mel\u00f3nu a cukr\u00edkov Zkittlez s v\u00fdnimo\u010dnou silou THC. Tento produkt, ktor\u00fd je ide\u00e1lny pre fan\u00fa\u0161ikov jedine\u010dn\u00fdch chut\u00ed a siln\u00fdch \u00fa\u010dinkov, sa stal vo svete konope nevyhnutnos\u0165ou. Zistite, pre\u010do je Watermelon Zkittlez THC Diamond tak\u00fd vyh\u013ead\u00e1van\u00fd, a objednajte si ho online e\u0161te dnes, aby ste z\u00edskali nezabudnute\u013en\u00fd z\u00e1\u017eitok.<\/p>\n<h2>\u010co je Watermelon Zkittlez THC Diamond?<\/h2>\n<p>Le\u00a0<strong>tr\u00e1va THC diamant<\/strong>\u00a0je hybridn\u00e1 odroda, ktor\u00e1 kombinuje najlep\u0161ie vlastnosti odr\u00f4d Watermelon a Zkittlez. V\u010faka svojej sladkej ovocnej chuti pripom\u00ednaj\u00facej mel\u00f3n a sladkosti pon\u00faka tento kme\u0148 jedine\u010dn\u00fd zmyslov\u00fd z\u00e1\u017eitok. V\u010faka vysok\u00e9mu obsahu THC je ide\u00e1lnou vo\u013ebou pre t\u00fdch, ktor\u00ed h\u013eadaj\u00fa siln\u00e9, relaxa\u010dn\u00e9 \u00fa\u010dinky.<\/p>\n<h3>\nV\u00fdhody Beuh Diamant?<\/h3>\n<ul>\n<li><strong>Jedine\u010dn\u00e9 chute :<\/strong>\u00a0V\u00fdbuch sladk\u00fdch ovocn\u00fdch chut\u00ed.<\/li>\n<li><strong>Vysok\u00fd v\u00fdkon :<\/strong>\u00a0Optim\u00e1lne hladiny THC pre intenz\u00edvne \u00fa\u010dinky.<\/li>\n<li><strong>Pr\u00e9miov\u00e1 kvalita:<\/strong>\u00a0Starostlivo pestovan\u00e9 a testovan\u00e9, aby sa zaru\u010dila vynikaj\u00faca kvalita.<\/li>\n<li><strong>V\u0161estrannos\u0165 :<\/strong>\u00a0Ide\u00e1lne na relax\u00e1ciu, tvorivos\u0165 a spolo\u010densk\u00e9 stretnutia.<\/li>\n<\/ul>\n<p>Pre\u010do si vybra\u0165 na\u0161u tr\u00e1vu?<\/p>\n<p>V spolo\u010dnosti beuhparadis sme sa zaviazali pon\u00faknu\u0165 v\u00e1m produkty z konope najvy\u0161\u0161ej kvality. Na\u0161e str\u00e1nky <a href=\"https:\/\/beuhparadis.com\/sk\"><strong>Watermelon Zkittlez THC Diamond<\/strong><\/a>\u00a0je :<\/p>\n<ul>\n<li><strong>100 % Pr\u00edrodn\u00fd :<\/strong>\u00a0Pestovan\u00e9 bez pestic\u00eddov a chemik\u00e1li\u00ed.<\/li>\n<li><strong>Laborat\u00f3rne testovan\u00e9 :<\/strong>\u00a0Zaru\u010dene bez kontaminantov a s presn\u00fdm obsahom THC.<\/li>\n<li><strong>R\u00fdchle a diskr\u00e9tne doru\u010denie:<\/strong>\u00a0Objedn\u00e1vku dostanete v \u00faplnej diskr\u00e9tnosti.<\/li>\n<\/ul>\n<p>Ako si m\u00f4\u017eem k\u00fapi\u0165 tr\u00e1vu online?<\/p>\n<p>K\u00fapi\u0165 <strong>Tr\u00e1va THC Diamond<\/strong>\u00a0nikdy nebolo jednoduch\u0161ie. Sta\u010d\u00ed postupova\u0165 pod\u013ea t\u00fdchto krokov:<\/p>\n<ol start=\"1\">\n<li><strong>Prezrite si n\u00e1\u0161 katal\u00f3g :<\/strong>\u00a0Objavte n\u00e1\u0161 v\u00fdber pr\u00e9miov\u00fdch produktov.<\/li>\n<li><strong>Prida\u0165 do ko\u0161\u00edka :<\/strong>\u00a0Vyberte po\u017eadovan\u00e9 mno\u017estvo.<\/li>\n<li><strong>Potvr\u010fte svoju objedn\u00e1vku:<\/strong>\u00a0Bezpe\u010dn\u00e1 platba a flexibiln\u00e9 mo\u017enosti doru\u010denia.<\/li>\n<li><strong>Prij\u00edmajte a u\u017e\u00edvajte si:<\/strong>\u00a0R\u00fdchle a diskr\u00e9tne doru\u010denie a\u017e k va\u0161im dver\u00e1m.<\/li>\n<\/ol>\n<p>Ste pripraven\u00ed na jedine\u010dn\u00fd z\u00e1\u017eitok? Objednajte si tr\u00e1vu teraz a vychutnajte si prvotriednu kvalitu, ktor\u00fa si zasl\u00fa\u017eite.<\/p>\n<hr \/>\n<p>\u010casto kladen\u00e9 ot\u00e1zky<\/p>\n<p><strong>Ot\u00e1zka 1: Ak\u00fd je obsah THC v tr\u00e1ve?<\/strong><br \/>\nOdpove\u010f: Mno\u017estvo THC sa l\u00ed\u0161i v z\u00e1vislosti od toho, ak\u00e9 siln\u00e9 a dlhotrvaj\u00face \u00fa\u010dinky poskytuje.<\/p>\n<p><strong>Ot\u00e1zka 2: Je doru\u010denie diskr\u00e9tne?<\/strong><br \/>\nOdpove\u010f: \u00c1no, v\u0161etky na\u0161e objedn\u00e1vky s\u00fa diskr\u00e9tne zabalen\u00e9, aby sme chr\u00e1nili va\u0161e d\u00f4vern\u00e9 inform\u00e1cie.<\/p>\n<p><strong>Ot\u00e1zka 3: M\u00f4\u017eem nakupova\u0165 vo ve\u013ekom?<\/strong><br \/>\nOdpove\u010f: \u00c1no, pre st\u00e1lych z\u00e1kazn\u00edkov pon\u00fakame mo\u017enos\u0165 hromadn\u00e9ho n\u00e1kupu. Kontaktujte n\u00e1s pre viac inform\u00e1ci\u00ed.<\/p>\n<hr \/>\n<p>&nbsp;<\/p>\n<div class=\"cbcaa82c\">\n<div class=\"aaff8b8f\">\n<div class=\"cefa5c26\">\n<div class=\"dd442025 b699646e\">\n<div class=\"ec4f5d61\">\n<div class=\"ds-button ds-button--primary ds-button--filled ds-button--rect ds-button--m d9f56c96\" tabindex=\"0\" role=\"button\"><\/div>\n<div class=\"bf38813a\">\n<div class=\"f02f0e25\">\n<div class=\"ds-icon\"><\/div>\n<\/div>\n<div class=\"f6d670\" role=\"button\" aria-disabled=\"false\">\n<div class=\"f286936b\"><\/div>\n<\/div>\n<\/div>\n<\/div>\n<\/div>\n<\/div>\n<\/div>\n<\/div>","protected":false},"excerpt":{"rendered":"<p>Past\u00e8que Zkittlez THC Diamant Le\u00a0Past\u00e8que Zkittlez THC Diamant\u00a0est une vari\u00e9t\u00e9 de cannabis haut de gamme qui combine des ar\u00f4mes exotiques de past\u00e8que et de bonbons Zkittlez avec une puissance THC exceptionnelle. Id\u00e9al pour les amateurs de saveurs uniques et d&#8217;effets puissants, ce produit est devenu un incontournable dans le monde du cannabis. D\u00e9couvrez pourquoi le [&hellip;]<\/p>\n","protected":false},"featured_media":1249,"comment_status":"closed","ping_status":"closed","template":"","meta":{"site-sidebar-layout":"default","site-content-layout":"","ast-site-content-layout":"default","site-content-style":"default","site-sidebar-style":"default","ast-global-header-display":"","ast-banner-title-visibility":"","ast-main-header-display":"","ast-hfb-above-header-display":"","ast-hfb-below-header-display":"","ast-hfb-mobile-header-display":"","site-post-title":"","ast-breadcrumbs-content":"","ast-featured-img":"","footer-sml-layout":"","theme-transparent-header-meta":"default","adv-header-id-meta":"","stick-header-meta":"","header-above-stick-meta":"","header-main-stick-meta":"","header-below-stick-meta":"","astra-migrate-meta-layouts":"set","ast-page-background-enabled":"default","ast-page-background-meta":{"desktop":{"background-color":"","background-image":"","background-repeat":"repeat","background-position":"center center","background-size":"auto","background-attachment":"scroll","background-type":"","background-media":"","overlay-type":"","overlay-color":"","overlay-opacity":"","overlay-gradient":""},"tablet":{"background-color":"","background-image":"","background-repeat":"repeat","background-position":"center center","background-size":"auto","background-attachment":"scroll","background-type":"","background-media":"","overlay-type":"","overlay-color":"","overlay-opacity":"","overlay-gradient":""},"mobile":{"background-color":"","background-image":"","background-repeat":"repeat","background-position":"center center","background-size":"auto","background-attachment":"scroll","background-type":"","background-media":"","overlay-type":"","overlay-color":"","overlay-opacity":"","overlay-gradient":""}},"ast-content-background-meta":{"desktop":{"background-color":"var(--ast-global-color-5)","background-image":"","background-repeat":"repeat","background-position":"center center","background-size":"auto","background-attachment":"scroll","background-type":"","background-media":"","overlay-type":"","overlay-color":"","overlay-opacity":"","overlay-gradient":""},"tablet":{"background-color":"var(--ast-global-color-5)","background-image":"","background-repeat":"repeat","background-position":"center center","background-size":"auto","background-attachment":"scroll","background-type":"","background-media":"","overlay-type":"","overlay-color":"","overlay-opacity":"","overlay-gradient":""},"mobile":{"background-color":"var(--ast-global-color-5)","background-image":"","background-repeat":"repeat","background-position":"center center","background-size":"auto","background-attachment":"scroll","background-type":"","background-media":"","overlay-type":"","overlay-color":"","overlay-opacity":"","overlay-gradient":""}},"_joinchat":[]},"product_brand":[],"product_cat":[34],"product_tag":[],"class_list":{"0":"post-1235","1":"product","2":"type-product","3":"status-publish","4":"has-post-thumbnail","6":"product_cat-diamant-de-thc","7":"desktop-align-left","8":"tablet-align-left","9":"mobile-align-left","11":"first","12":"instock","13":"shipping-taxable","14":"purchasable","15":"product-type-variable"},"yoast_head":"<!-- This site is optimized with the Yoast SEO Premium plugin v24.1 (Yoast SEO v26.8) - https:\/\/yoast.com\/product\/yoast-seo-premium-wordpress\/ -->\n<title>Acheter Past\u00e8que Zkittlez THC Diamant \u2013 Cannabis Premium<\/title>\n<meta name=\"description\" content=\"D\u00e9couvrez Past\u00e8que Zkittlez THC Diamant, une vari\u00e9t\u00e9 exceptionnelle avec des saveurs fruit\u00e9es et un effet puissant. Livraison rapide et discr\u00e8te en France.\" \/>\n<meta name=\"robots\" content=\"index, follow, max-snippet:-1, max-image-preview:large, max-video-preview:-1\" \/>\n<link rel=\"canonical\" href=\"https:\/\/beuhparadis.com\/sk\/product\/pasteque-zkittlez-thc-diamant\/\" \/>\n<meta property=\"og:locale\" content=\"sk_SK\" \/>\n<meta property=\"og:type\" content=\"article\" \/>\n<meta property=\"og:title\" content=\"Past\u00e8que Zkittlez THC Diamant\" \/>\n<meta property=\"og:description\" content=\"D\u00e9couvrez Past\u00e8que Zkittlez THC Diamant, une vari\u00e9t\u00e9 exceptionnelle avec des saveurs fruit\u00e9es et un effet puissant. Livraison rapide et discr\u00e8te en France.\" \/>\n<meta property=\"og:url\" content=\"https:\/\/beuhparadis.com\/sk\/product\/pasteque-zkittlez-thc-diamant\/\" \/>\n<meta property=\"og:site_name\" content=\"Beuh Paradis\" \/>\n<meta property=\"article:modified_time\" content=\"2025-01-27T04:27:10+00:00\" \/>\n<meta property=\"og:image\" content=\"https:\/\/beuhparadis.com\/wp-content\/uploads\/2024\/12\/Watermelon-Zkittlez-THC-Diamond.webp\" \/>\n\t<meta property=\"og:image:width\" content=\"361\" \/>\n\t<meta property=\"og:image:height\" content=\"336\" \/>\n\t<meta property=\"og:image:type\" content=\"image\/webp\" \/>\n<meta name=\"twitter:card\" content=\"summary_large_image\" \/>\n<meta name=\"twitter:label1\" content=\"Predpokladan\u00fd \u010das \u010d\u00edtania\" \/>\n\t<meta name=\"twitter:data1\" content=\"2 minutes\" \/>\n<script type=\"application\/ld+json\" class=\"yoast-schema-graph\">{\"@context\":\"https:\/\/schema.org\",\"@graph\":[{\"@type\":\"WebPage\",\"@id\":\"https:\/\/beuhparadis.com\/product\/pasteque-zkittlez-thc-diamant\/\",\"url\":\"https:\/\/beuhparadis.com\/product\/pasteque-zkittlez-thc-diamant\/\",\"name\":\"Acheter Past\u00e8que Zkittlez THC Diamant \u2013 Cannabis Premium\",\"isPartOf\":{\"@id\":\"https:\/\/beuhparadis.com\/#website\"},\"primaryImageOfPage\":{\"@id\":\"https:\/\/beuhparadis.com\/product\/pasteque-zkittlez-thc-diamant\/#primaryimage\"},\"image\":{\"@id\":\"https:\/\/beuhparadis.com\/product\/pasteque-zkittlez-thc-diamant\/#primaryimage\"},\"thumbnailUrl\":\"https:\/\/beuhparadis.com\/wp-content\/uploads\/2024\/12\/Watermelon-Zkittlez-THC-Diamond.webp\",\"datePublished\":\"2024-12-10T23:39:00+00:00\",\"dateModified\":\"2025-01-27T04:27:10+00:00\",\"description\":\"D\u00e9couvrez Past\u00e8que Zkittlez THC Diamant, une vari\u00e9t\u00e9 exceptionnelle avec des saveurs fruit\u00e9es et un effet puissant. Livraison rapide et discr\u00e8te en France.\",\"breadcrumb\":{\"@id\":\"https:\/\/beuhparadis.com\/product\/pasteque-zkittlez-thc-diamant\/#breadcrumb\"},\"inLanguage\":\"sk-SK\",\"potentialAction\":[{\"@type\":\"ReadAction\",\"target\":[\"https:\/\/beuhparadis.com\/product\/pasteque-zkittlez-thc-diamant\/\"]}]},{\"@type\":\"ImageObject\",\"inLanguage\":\"sk-SK\",\"@id\":\"https:\/\/beuhparadis.com\/product\/pasteque-zkittlez-thc-diamant\/#primaryimage\",\"url\":\"https:\/\/beuhparadis.com\/wp-content\/uploads\/2024\/12\/Watermelon-Zkittlez-THC-Diamond.webp\",\"contentUrl\":\"https:\/\/beuhparadis.com\/wp-content\/uploads\/2024\/12\/Watermelon-Zkittlez-THC-Diamond.webp\",\"width\":361,\"height\":336},{\"@type\":\"BreadcrumbList\",\"@id\":\"https:\/\/beuhparadis.com\/product\/pasteque-zkittlez-thc-diamant\/#breadcrumb\",\"itemListElement\":[{\"@type\":\"ListItem\",\"position\":1,\"name\":\"Home\",\"item\":\"https:\/\/beuhparadis.com\/\"},{\"@type\":\"ListItem\",\"position\":2,\"name\":\"Shop\",\"item\":\"https:\/\/beuhparadis.com\/shop\/\"},{\"@type\":\"ListItem\",\"position\":3,\"name\":\"Past\u00e8que Zkittlez THC Diamant\"}]},{\"@type\":\"WebSite\",\"@id\":\"https:\/\/beuhparadis.com\/#website\",\"url\":\"https:\/\/beuhparadis.com\/\",\"name\":\"Beuh Paradis\",\"description\":\"\",\"potentialAction\":[{\"@type\":\"SearchAction\",\"target\":{\"@type\":\"EntryPoint\",\"urlTemplate\":\"https:\/\/beuhparadis.com\/?s={search_term_string}\"},\"query-input\":{\"@type\":\"PropertyValueSpecification\",\"valueRequired\":true,\"valueName\":\"search_term_string\"}}],\"inLanguage\":\"sk-SK\"}]}<\/script>\n<!-- \/ Yoast SEO Premium plugin. -->","yoast_head_json":{"title":"K\u00fapi\u0165 Watermelon Zkittlez THC Diamond - Cannabis Premium","description":"Objavte Watermelon Zkittlez THC Diamond, v\u00fdnimo\u010dn\u00fa odrodu s ovocnou pr\u00edchu\u0165ou a siln\u00fdm \u00fa\u010dinkom. R\u00fdchle a diskr\u00e9tne dodanie vo Franc\u00fazsku.","robots":{"index":"index","follow":"follow","max-snippet":"max-snippet:-1","max-image-preview":"max-image-preview:large","max-video-preview":"max-video-preview:-1"},"canonical":"https:\/\/beuhparadis.com\/sk\/product\/pasteque-zkittlez-thc-diamant\/","og_locale":"sk_SK","og_type":"article","og_title":"Past\u00e8que Zkittlez THC Diamant","og_description":"D\u00e9couvrez Past\u00e8que Zkittlez THC Diamant, une vari\u00e9t\u00e9 exceptionnelle avec des saveurs fruit\u00e9es et un effet puissant. Livraison rapide et discr\u00e8te en France.","og_url":"https:\/\/beuhparadis.com\/sk\/product\/pasteque-zkittlez-thc-diamant\/","og_site_name":"Beuh Paradis","article_modified_time":"2025-01-27T04:27:10+00:00","og_image":[{"width":361,"height":336,"url":"https:\/\/beuhparadis.com\/wp-content\/uploads\/2024\/12\/Watermelon-Zkittlez-THC-Diamond.webp","type":"image\/webp"}],"twitter_card":"summary_large_image","twitter_misc":{"Predpokladan\u00fd \u010das \u010d\u00edtania":"2 minutes"},"schema":{"@context":"https:\/\/schema.org","@graph":[{"@type":"WebPage","@id":"https:\/\/beuhparadis.com\/product\/pasteque-zkittlez-thc-diamant\/","url":"https:\/\/beuhparadis.com\/product\/pasteque-zkittlez-thc-diamant\/","name":"K\u00fapi\u0165 Watermelon Zkittlez THC Diamond - Cannabis Premium","isPartOf":{"@id":"https:\/\/beuhparadis.com\/#website"},"primaryImageOfPage":{"@id":"https:\/\/beuhparadis.com\/product\/pasteque-zkittlez-thc-diamant\/#primaryimage"},"image":{"@id":"https:\/\/beuhparadis.com\/product\/pasteque-zkittlez-thc-diamant\/#primaryimage"},"thumbnailUrl":"https:\/\/beuhparadis.com\/wp-content\/uploads\/2024\/12\/Watermelon-Zkittlez-THC-Diamond.webp","datePublished":"2024-12-10T23:39:00+00:00","dateModified":"2025-01-27T04:27:10+00:00","description":"Objavte Watermelon Zkittlez THC Diamond, v\u00fdnimo\u010dn\u00fa odrodu s ovocnou pr\u00edchu\u0165ou a siln\u00fdm \u00fa\u010dinkom. R\u00fdchle a diskr\u00e9tne dodanie vo Franc\u00fazsku.","breadcrumb":{"@id":"https:\/\/beuhparadis.com\/product\/pasteque-zkittlez-thc-diamant\/#breadcrumb"},"inLanguage":"sk-SK","potentialAction":[{"@type":"ReadAction","target":["https:\/\/beuhparadis.com\/product\/pasteque-zkittlez-thc-diamant\/"]}]},{"@type":"ImageObject","inLanguage":"sk-SK","@id":"https:\/\/beuhparadis.com\/product\/pasteque-zkittlez-thc-diamant\/#primaryimage","url":"https:\/\/beuhparadis.com\/wp-content\/uploads\/2024\/12\/Watermelon-Zkittlez-THC-Diamond.webp","contentUrl":"https:\/\/beuhparadis.com\/wp-content\/uploads\/2024\/12\/Watermelon-Zkittlez-THC-Diamond.webp","width":361,"height":336},{"@type":"BreadcrumbList","@id":"https:\/\/beuhparadis.com\/product\/pasteque-zkittlez-thc-diamant\/#breadcrumb","itemListElement":[{"@type":"ListItem","position":1,"name":"Home","item":"https:\/\/beuhparadis.com\/"},{"@type":"ListItem","position":2,"name":"Shop","item":"https:\/\/beuhparadis.com\/shop\/"},{"@type":"ListItem","position":3,"name":"Past\u00e8que Zkittlez THC Diamant"}]},{"@type":"WebSite","@id":"https:\/\/beuhparadis.com\/#website","url":"https:\/\/beuhparadis.com\/","name":"Beuh Paradis","description":"","potentialAction":[{"@type":"SearchAction","target":{"@type":"EntryPoint","urlTemplate":"https:\/\/beuhparadis.com\/?s={search_term_string}"},"query-input":{"@type":"PropertyValueSpecification","valueRequired":true,"valueName":"search_term_string"}}],"inLanguage":"sk-SK"}]}},"_links":{"self":[{"href":"https:\/\/beuhparadis.com\/sk\/wp-json\/wp\/v2\/product\/1235","targetHints":{"allow":["GET"]}}],"collection":[{"href":"https:\/\/beuhparadis.com\/sk\/wp-json\/wp\/v2\/product"}],"about":[{"href":"https:\/\/beuhparadis.com\/sk\/wp-json\/wp\/v2\/types\/product"}],"replies":[{"embeddable":true,"href":"https:\/\/beuhparadis.com\/sk\/wp-json\/wp\/v2\/comments?post=1235"}],"wp:featuredmedia":[{"embeddable":true,"href":"https:\/\/beuhparadis.com\/sk\/wp-json\/wp\/v2\/media\/1249"}],"wp:attachment":[{"href":"https:\/\/beuhparadis.com\/sk\/wp-json\/wp\/v2\/media?parent=1235"}],"wp:term":[{"taxonomy":"product_brand","embeddable":true,"href":"https:\/\/beuhparadis.com\/sk\/wp-json\/wp\/v2\/product_brand?post=1235"},{"taxonomy":"product_cat","embeddable":true,"href":"https:\/\/beuhparadis.com\/sk\/wp-json\/wp\/v2\/product_cat?post=1235"},{"taxonomy":"product_tag","embeddable":true,"href":"https:\/\/beuhparadis.com\/sk\/wp-json\/wp\/v2\/product_tag?post=1235"}],"curies":[{"name":"wp","href":"https:\/\/api.w.org\/{rel}","templated":true}]}}