{"id":1225,"date":"2024-12-10T23:39:00","date_gmt":"2024-12-10T23:39:00","guid":{"rendered":"https:\/\/beuhparadis.com\/?post_type=product&#038;p=1225"},"modified":"2025-01-27T04:06:51","modified_gmt":"2025-01-27T04:06:51","slug":"apple-fritter","status":"publish","type":"product","link":"https:\/\/beuhparadis.com\/sk\/product\/apple-fritter\/","title":{"rendered":"Jablkov\u00fd lusk\u00e1\u010dik"},"content":{"rendered":"<h1 class=\"wp-block-heading\">Jablkov\u00e1 tr\u00e1va: siln\u00fd a relaxa\u010dn\u00fd hybrid<\/h1>\n<h3 class=\"wp-block-heading\">Inform\u00e1cie o La Souche<\/h3>\n<ul class=\"wp-block-list\">\n<li>Apple Fritter je hybridn\u00fd kme\u0148 konope zn\u00e1my svoj\u00edm siln\u00fdm, relaxa\u010dn\u00fdm \u00fa\u010dinkom.<\/li>\n<li>T\u00e1to odroda, ktor\u00fa vyr\u00e1ba spolo\u010dnos\u0165 Lumpy's Flowers, je kr\u00ed\u017eencom odr\u00f4d Sour Apple a Animal Cookies.<\/li>\n<li>Pou\u017e\u00edvatelia uv\u00e1dzaj\u00fa, \u017ee sa po konzum\u00e1cii c\u00edtia uvo\u013enene, \u0161\u0165astne a povzbudene.<\/li>\n<li>Obsah THC je 24%, zatia\u013e \u010do CBD zost\u00e1va na ni\u017e\u0161\u00edch \u00farovniach, \u010do pon\u00faka dokonal\u00fa rovnov\u00e1hu pre pln\u00fd \u00fa\u010dinok.<\/li>\n<\/ul>\n<h2 class=\"wp-block-heading\">Kde si m\u00f4\u017eem k\u00fapi\u0165 Apple Fritter Weed online?<\/h2>\n<p>K dispoz\u00edcii od <a href=\"https:\/\/beuhparadis.com\/sk\/product\/huile-de-cannabis-tangie-og-thc\/\">beuhparadis<\/a>\u00a0v\u00e1\u0161 d\u00f4veryhodn\u00fd online obchod s pr\u00e9miov\u00fdmi kme\u0148mi, ktor\u00e9 v\u00e1m doru\u010dia priamo domov v s\u00falade s eur\u00f3pskou legislat\u00edvou.<\/p>\n<h2 class=\"wp-block-heading\">\u00da\u010dinky, v\u00f4\u0148a a chu\u0165<\/h2>\n<h3 class=\"wp-block-heading\">\u00da\u010dinok<\/h3>\n<ul class=\"wp-block-list\">\n<li>Relax\u00e1cia<\/li>\n<li>Pocit mrav\u010denia<\/li>\n<li>Euf\u00f3ria<\/li>\n<\/ul>\n<h3 class=\"wp-block-heading\">Ar\u00f3ma<\/h3>\n<ul class=\"wp-block-list\">\n<li>Zemit\u00e1 a sladk\u00e1, s \u013eahk\u00fdm n\u00e1dychom jablkov\u00e9ho pe\u010diva a syra<\/li>\n<\/ul>\n<h3 class=\"wp-block-heading\">Chu\u0165<\/h3>\n<ul class=\"wp-block-list\">\n<li>Apple<\/li>\n<li>Maslo<\/li>\n<li>Syr<\/li>\n<\/ul>\n<h2 class=\"wp-block-heading\">Zdravotn\u00e9 \u00fa\u010dinky<\/h2>\n<p>Apple Fritter je vybran\u00fd tak, aby pomohol zmierni\u0165 :<\/p>\n<ul class=\"wp-block-list\">\n<li>\u00dazkos\u0165<\/li>\n<li>Stres<\/li>\n<li>Depresia<\/li>\n<\/ul>\n<h2 class=\"wp-block-heading\">Pre\u010do si k\u00fapi\u0165 Apple Fritter Weed od Acheterducannabis?<\/h2>\n<p>Acheterducannabis je va\u0161ou ide\u00e1lnou destin\u00e1ciou pre vysoko kvalitn\u00e9 konopn\u00e9 kmene, ako je napr\u00edklad Apple Fritter. Zav\u00e4zujeme sa poskytova\u0165 testovan\u00e9 a vyhovuj\u00face produkty, aby sme zabezpe\u010dili va\u0161u \u00fapln\u00fa spokojnos\u0165.<\/p>\n<h2 class=\"wp-block-heading\">Eur\u00f3pske pr\u00e1vne predpisy o predaji tohto kme\u0148a<\/h2>\n<p>V s\u00falade s eur\u00f3pskymi z\u00e1konmi sa Apple Fritter pred\u00e1va s istotou leg\u00e1lnej a bezpe\u010dnej distrib\u00facie, \u010do zaru\u010duje bezprobl\u00e9mov\u00fd pr\u00edstup k pr\u00e9miov\u00fdm odrod\u00e1m pre na\u0161ich z\u00e1kazn\u00edkov v celej Eur\u00f3pe.<\/p>\n<p>Tr\u00e1va Apple Fritter predstavuje vrchol hybridn\u00e9ho konope a pon\u00faka dokonal\u00fa rovnov\u00e1hu medzi relax\u00e1ciou a euf\u00f3riou. V\u010faka svojmu jedine\u010dn\u00e9mu chu\u0165ov\u00e9mu profilu a priazniv\u00fdm lie\u010debn\u00fdm \u00fa\u010dinkom je tento kme\u0148 ide\u00e1lny pre t\u00fdch, ktor\u00ed h\u013eadaj\u00fa \u00fa\u013eavu od \u00fazkosti, stresu a depresie. Objavte <a href=\"https:\/\/www.allbud.com\/marijuana-strains\/hybrid\/apple-fritter\" data-type=\"link\" data-id=\"https:\/\/www.allbud.com\/marijuana-strains\/hybrid\/apple-fritter\">Jablkov\u00fd lusk\u00e1\u010dik<\/a> a \u010fal\u0161ie v\u00fdnimo\u010dn\u00e9 kmene na Acheterducannabis pre pr\u00e9miov\u00fd z\u00e1\u017eitok z konope.<\/p>","protected":false},"excerpt":{"rendered":"<p><strong>THC:<\/strong> 24% <strong>Zdravotn\u00e9 \u00fa\u010dinky <\/strong>Apple Fritter je vybran\u00fd tak, aby pomohol zmierni\u0165 :<\/p>\n<ul class=\"wp-block-list\">\n<li>\u00dazkos\u0165<\/li>\n<li>Stres<\/li>\n<li>Depresia<\/li>\n<\/ul>\n<p>&nbsp;<\/p>","protected":false},"featured_media":1247,"comment_status":"closed","ping_status":"closed","template":"","meta":{"site-sidebar-layout":"default","site-content-layout":"","ast-site-content-layout":"default","site-content-style":"default","site-sidebar-style":"default","ast-global-header-display":"","ast-banner-title-visibility":"","ast-main-header-display":"","ast-hfb-above-header-display":"","ast-hfb-below-header-display":"","ast-hfb-mobile-header-display":"","site-post-title":"","ast-breadcrumbs-content":"","ast-featured-img":"","footer-sml-layout":"","theme-transparent-header-meta":"default","adv-header-id-meta":"","stick-header-meta":"","header-above-stick-meta":"","header-main-stick-meta":"","header-below-stick-meta":"","astra-migrate-meta-layouts":"set","ast-page-background-enabled":"default","ast-page-background-meta":{"desktop":{"background-color":"","background-image":"","background-repeat":"repeat","background-position":"center center","background-size":"auto","background-attachment":"scroll","background-type":"","background-media":"","overlay-type":"","overlay-color":"","overlay-opacity":"","overlay-gradient":""},"tablet":{"background-color":"","background-image":"","background-repeat":"repeat","background-position":"center center","background-size":"auto","background-attachment":"scroll","background-type":"","background-media":"","overlay-type":"","overlay-color":"","overlay-opacity":"","overlay-gradient":""},"mobile":{"background-color":"","background-image":"","background-repeat":"repeat","background-position":"center center","background-size":"auto","background-attachment":"scroll","background-type":"","background-media":"","overlay-type":"","overlay-color":"","overlay-opacity":"","overlay-gradient":""}},"ast-content-background-meta":{"desktop":{"background-color":"var(--ast-global-color-5)","background-image":"","background-repeat":"repeat","background-position":"center center","background-size":"auto","background-attachment":"scroll","background-type":"","background-media":"","overlay-type":"","overlay-color":"","overlay-opacity":"","overlay-gradient":""},"tablet":{"background-color":"var(--ast-global-color-5)","background-image":"","background-repeat":"repeat","background-position":"center center","background-size":"auto","background-attachment":"scroll","background-type":"","background-media":"","overlay-type":"","overlay-color":"","overlay-opacity":"","overlay-gradient":""},"mobile":{"background-color":"var(--ast-global-color-5)","background-image":"","background-repeat":"repeat","background-position":"center center","background-size":"auto","background-attachment":"scroll","background-type":"","background-media":"","overlay-type":"","overlay-color":"","overlay-opacity":"","overlay-gradient":""}},"_joinchat":[]},"product_brand":[],"product_cat":[32,33],"product_tag":[],"class_list":{"0":"post-1225","1":"product","2":"type-product","3":"status-publish","4":"has-post-thumbnail","6":"product_cat-fleur-de-chanvre","7":"product_cat-thc-beuh","8":"desktop-align-left","9":"tablet-align-left","10":"mobile-align-left","12":"first","13":"instock","14":"shipping-taxable","15":"purchasable","16":"product-type-variable"},"yoast_head":"<!-- This site is optimized with the Yoast SEO Premium plugin v24.1 (Yoast SEO v26.8) - https:\/\/yoast.com\/product\/yoast-seo-premium-wordpress\/ -->\n<title>Acheter Apple Fritter Weed en Ligne | Qualit\u00e9 Premium<\/title>\n<meta name=\"description\" content=\"D\u00e9couvrez l&#039;Apple Fritter Weed, une vari\u00e9t\u00e9 puissante et savoureuse. Livraison rapide et discr\u00e8te. Profitez des meilleurs prix et d&#039;un service fiable.\" \/>\n<meta name=\"robots\" content=\"index, follow, max-snippet:-1, max-image-preview:large, max-video-preview:-1\" \/>\n<link rel=\"canonical\" href=\"https:\/\/beuhparadis.com\/sk\/product\/apple-fritter\/\" \/>\n<meta property=\"og:locale\" content=\"sk_SK\" \/>\n<meta property=\"og:type\" content=\"article\" \/>\n<meta property=\"og:title\" content=\"Apple Fritter\" \/>\n<meta property=\"og:description\" content=\"D\u00e9couvrez l&#039;Apple Fritter Weed, une vari\u00e9t\u00e9 puissante et savoureuse. Livraison rapide et discr\u00e8te. Profitez des meilleurs prix et d&#039;un service fiable.\" \/>\n<meta property=\"og:url\" content=\"https:\/\/beuhparadis.com\/sk\/product\/apple-fritter\/\" \/>\n<meta property=\"og:site_name\" content=\"Beuh Paradis\" \/>\n<meta property=\"article:modified_time\" content=\"2025-01-27T04:06:51+00:00\" \/>\n<meta property=\"og:image\" content=\"https:\/\/beuhparadis.com\/wp-content\/uploads\/2024\/12\/Apple-Fritter.webp\" \/>\n\t<meta property=\"og:image:width\" content=\"1800\" \/>\n\t<meta property=\"og:image:height\" content=\"1000\" \/>\n\t<meta property=\"og:image:type\" content=\"image\/webp\" \/>\n<meta name=\"twitter:card\" content=\"summary_large_image\" \/>\n<meta name=\"twitter:label1\" content=\"Predpokladan\u00fd \u010das \u010d\u00edtania\" \/>\n\t<meta name=\"twitter:data1\" content=\"2 minutes\" \/>\n<script type=\"application\/ld+json\" class=\"yoast-schema-graph\">{\"@context\":\"https:\/\/schema.org\",\"@graph\":[{\"@type\":\"WebPage\",\"@id\":\"https:\/\/beuhparadis.com\/product\/apple-fritter\/\",\"url\":\"https:\/\/beuhparadis.com\/product\/apple-fritter\/\",\"name\":\"Acheter Apple Fritter Weed en Ligne | Qualit\u00e9 Premium\",\"isPartOf\":{\"@id\":\"https:\/\/beuhparadis.com\/#website\"},\"primaryImageOfPage\":{\"@id\":\"https:\/\/beuhparadis.com\/product\/apple-fritter\/#primaryimage\"},\"image\":{\"@id\":\"https:\/\/beuhparadis.com\/product\/apple-fritter\/#primaryimage\"},\"thumbnailUrl\":\"https:\/\/beuhparadis.com\/wp-content\/uploads\/2024\/12\/Apple-Fritter.webp\",\"datePublished\":\"2024-12-10T23:39:00+00:00\",\"dateModified\":\"2025-01-27T04:06:51+00:00\",\"description\":\"D\u00e9couvrez l'Apple Fritter Weed, une vari\u00e9t\u00e9 puissante et savoureuse. Livraison rapide et discr\u00e8te. Profitez des meilleurs prix et d'un service fiable.\",\"breadcrumb\":{\"@id\":\"https:\/\/beuhparadis.com\/product\/apple-fritter\/#breadcrumb\"},\"inLanguage\":\"sk-SK\",\"potentialAction\":[{\"@type\":\"ReadAction\",\"target\":[\"https:\/\/beuhparadis.com\/product\/apple-fritter\/\"]}]},{\"@type\":\"ImageObject\",\"inLanguage\":\"sk-SK\",\"@id\":\"https:\/\/beuhparadis.com\/product\/apple-fritter\/#primaryimage\",\"url\":\"https:\/\/beuhparadis.com\/wp-content\/uploads\/2024\/12\/Apple-Fritter.webp\",\"contentUrl\":\"https:\/\/beuhparadis.com\/wp-content\/uploads\/2024\/12\/Apple-Fritter.webp\",\"width\":1800,\"height\":1000},{\"@type\":\"BreadcrumbList\",\"@id\":\"https:\/\/beuhparadis.com\/product\/apple-fritter\/#breadcrumb\",\"itemListElement\":[{\"@type\":\"ListItem\",\"position\":1,\"name\":\"Home\",\"item\":\"https:\/\/beuhparadis.com\/\"},{\"@type\":\"ListItem\",\"position\":2,\"name\":\"Shop\",\"item\":\"https:\/\/beuhparadis.com\/shop\/\"},{\"@type\":\"ListItem\",\"position\":3,\"name\":\"Apple Fritter\"}]},{\"@type\":\"WebSite\",\"@id\":\"https:\/\/beuhparadis.com\/#website\",\"url\":\"https:\/\/beuhparadis.com\/\",\"name\":\"Beuh Paradis\",\"description\":\"\",\"potentialAction\":[{\"@type\":\"SearchAction\",\"target\":{\"@type\":\"EntryPoint\",\"urlTemplate\":\"https:\/\/beuhparadis.com\/?s={search_term_string}\"},\"query-input\":{\"@type\":\"PropertyValueSpecification\",\"valueRequired\":true,\"valueName\":\"search_term_string\"}}],\"inLanguage\":\"sk-SK\"}]}<\/script>\n<!-- \/ Yoast SEO Premium plugin. -->","yoast_head_json":{"title":"K\u00fapi\u0165 Apple Fritter Weed online | Pr\u00e9miov\u00e1 kvalita","description":"Objavte Apple Fritter Weed, siln\u00fa a chutn\u00fa odrodu. R\u00fdchle a diskr\u00e9tne dodanie. U\u017eite si najlep\u0161ie ceny a spo\u013eahliv\u00e9 slu\u017eby.","robots":{"index":"index","follow":"follow","max-snippet":"max-snippet:-1","max-image-preview":"max-image-preview:large","max-video-preview":"max-video-preview:-1"},"canonical":"https:\/\/beuhparadis.com\/sk\/product\/apple-fritter\/","og_locale":"sk_SK","og_type":"article","og_title":"Apple Fritter","og_description":"D\u00e9couvrez l'Apple Fritter Weed, une vari\u00e9t\u00e9 puissante et savoureuse. Livraison rapide et discr\u00e8te. Profitez des meilleurs prix et d'un service fiable.","og_url":"https:\/\/beuhparadis.com\/sk\/product\/apple-fritter\/","og_site_name":"Beuh Paradis","article_modified_time":"2025-01-27T04:06:51+00:00","og_image":[{"width":1800,"height":1000,"url":"https:\/\/beuhparadis.com\/wp-content\/uploads\/2024\/12\/Apple-Fritter.webp","type":"image\/webp"}],"twitter_card":"summary_large_image","twitter_misc":{"Predpokladan\u00fd \u010das \u010d\u00edtania":"2 minutes"},"schema":{"@context":"https:\/\/schema.org","@graph":[{"@type":"WebPage","@id":"https:\/\/beuhparadis.com\/product\/apple-fritter\/","url":"https:\/\/beuhparadis.com\/product\/apple-fritter\/","name":"K\u00fapi\u0165 Apple Fritter Weed online | Pr\u00e9miov\u00e1 kvalita","isPartOf":{"@id":"https:\/\/beuhparadis.com\/#website"},"primaryImageOfPage":{"@id":"https:\/\/beuhparadis.com\/product\/apple-fritter\/#primaryimage"},"image":{"@id":"https:\/\/beuhparadis.com\/product\/apple-fritter\/#primaryimage"},"thumbnailUrl":"https:\/\/beuhparadis.com\/wp-content\/uploads\/2024\/12\/Apple-Fritter.webp","datePublished":"2024-12-10T23:39:00+00:00","dateModified":"2025-01-27T04:06:51+00:00","description":"Objavte Apple Fritter Weed, siln\u00fa a chutn\u00fa odrodu. R\u00fdchle a diskr\u00e9tne dodanie. U\u017eite si najlep\u0161ie ceny a spo\u013eahliv\u00e9 slu\u017eby.","breadcrumb":{"@id":"https:\/\/beuhparadis.com\/product\/apple-fritter\/#breadcrumb"},"inLanguage":"sk-SK","potentialAction":[{"@type":"ReadAction","target":["https:\/\/beuhparadis.com\/product\/apple-fritter\/"]}]},{"@type":"ImageObject","inLanguage":"sk-SK","@id":"https:\/\/beuhparadis.com\/product\/apple-fritter\/#primaryimage","url":"https:\/\/beuhparadis.com\/wp-content\/uploads\/2024\/12\/Apple-Fritter.webp","contentUrl":"https:\/\/beuhparadis.com\/wp-content\/uploads\/2024\/12\/Apple-Fritter.webp","width":1800,"height":1000},{"@type":"BreadcrumbList","@id":"https:\/\/beuhparadis.com\/product\/apple-fritter\/#breadcrumb","itemListElement":[{"@type":"ListItem","position":1,"name":"Home","item":"https:\/\/beuhparadis.com\/"},{"@type":"ListItem","position":2,"name":"Shop","item":"https:\/\/beuhparadis.com\/shop\/"},{"@type":"ListItem","position":3,"name":"Apple Fritter"}]},{"@type":"WebSite","@id":"https:\/\/beuhparadis.com\/#website","url":"https:\/\/beuhparadis.com\/","name":"Beuh Paradis","description":"","potentialAction":[{"@type":"SearchAction","target":{"@type":"EntryPoint","urlTemplate":"https:\/\/beuhparadis.com\/?s={search_term_string}"},"query-input":{"@type":"PropertyValueSpecification","valueRequired":true,"valueName":"search_term_string"}}],"inLanguage":"sk-SK"}]}},"_links":{"self":[{"href":"https:\/\/beuhparadis.com\/sk\/wp-json\/wp\/v2\/product\/1225","targetHints":{"allow":["GET"]}}],"collection":[{"href":"https:\/\/beuhparadis.com\/sk\/wp-json\/wp\/v2\/product"}],"about":[{"href":"https:\/\/beuhparadis.com\/sk\/wp-json\/wp\/v2\/types\/product"}],"replies":[{"embeddable":true,"href":"https:\/\/beuhparadis.com\/sk\/wp-json\/wp\/v2\/comments?post=1225"}],"wp:featuredmedia":[{"embeddable":true,"href":"https:\/\/beuhparadis.com\/sk\/wp-json\/wp\/v2\/media\/1247"}],"wp:attachment":[{"href":"https:\/\/beuhparadis.com\/sk\/wp-json\/wp\/v2\/media?parent=1225"}],"wp:term":[{"taxonomy":"product_brand","embeddable":true,"href":"https:\/\/beuhparadis.com\/sk\/wp-json\/wp\/v2\/product_brand?post=1225"},{"taxonomy":"product_cat","embeddable":true,"href":"https:\/\/beuhparadis.com\/sk\/wp-json\/wp\/v2\/product_cat?post=1225"},{"taxonomy":"product_tag","embeddable":true,"href":"https:\/\/beuhparadis.com\/sk\/wp-json\/wp\/v2\/product_tag?post=1225"}],"curies":[{"name":"wp","href":"https:\/\/api.w.org\/{rel}","templated":true}]}}