{"id":1220,"date":"2024-12-10T23:39:00","date_gmt":"2024-12-10T23:39:00","guid":{"rendered":"https:\/\/beuhparadis.com\/?post_type=product&#038;p=1220"},"modified":"2025-01-27T04:30:46","modified_gmt":"2025-01-27T04:30:46","slug":"bio-jesus-hybrid-weed","status":"publish","type":"product","link":"https:\/\/beuhparadis.com\/sk\/product\/bio-jesus-hybrid-weed\/","title":{"rendered":"Hybridn\u00e1 burina Bio-Jesus"},"content":{"rendered":"<h1 class=\"wp-block-heading\">K\u00fapi\u0165 Organic Jesus Weed: Discovery of a Powerful Nighttime Variety<\/h1>\n<p>Inform\u00e1cie o La Souche<\/p>\n<p>Bio Jesus je hybridn\u00fd kme\u0148 konope, ktor\u00fd je zn\u00e1my svojou anestetickou silou a v\u00fdnimo\u010dn\u00fdm vyu\u017eit\u00edm pri zmier\u0148ovan\u00ed bolesti. T\u00e1to odroda je v\u00fdsledkom kr\u00ed\u017eenia odr\u00f4d Gumbo a Bio-Diesel. Bio Jesus je cenen\u00fd najm\u00e4 pre svoje intenz\u00edvne \u00fa\u010dinky na telo a euforick\u00fd opar, ide\u00e1lny na no\u010dn\u00e9 u\u017e\u00edvanie. Pacienti vyu\u017e\u00edvaj\u00faci konope na lek\u00e1rske \u00fa\u010dely si tento kme\u0148 vyberaj\u00fa na zmiernenie pr\u00edznakov spojen\u00fdch s nespavos\u0165ou.<\/p>\n<h2 class=\"wp-block-heading\">THC a CBD<\/h2>\n<p>Bio Jesus m\u00e1 vysok\u00fd obsah THC, zatia\u013e \u010do podiel CBD zost\u00e1va v\u0161eobecne n\u00edzky, \u010do zv\u00fdraz\u0148uje jeho potenci\u00e1l pre hlbok\u00fa relax\u00e1ciu bez v\u00fdrazn\u00fdch psychotropn\u00fdch \u00fa\u010dinkov.<\/p>\n<h2 class=\"wp-block-heading\">Kde si m\u00f4\u017eem k\u00fapi\u0165 Bio Jesus Weed online?<\/h2>\n<p>Kme\u0148 Bio Jesus si m\u00f4\u017eete k\u00fapi\u0165 online od spolo\u010dnosti Acheterducannabis, v\u00e1\u0161ho d\u00f4veryhodn\u00e9ho dod\u00e1vate\u013ea vysokokvalitn\u00fdch kme\u0148ov priamo k va\u0161im dver\u00e1m v s\u00falade s eur\u00f3pskymi z\u00e1konmi o predaji konope.<\/p>\n<h2 class=\"wp-block-heading\">\u00da\u010dinky, v\u00f4\u0148a a chu\u0165<\/h2>\n<h4 class=\"wp-block-heading\">\u00da\u010dinok<\/h4>\n<ul class=\"wp-block-list\">\n<li>Ospalos\u0165<\/li>\n<li>Relax\u00e1cia<\/li>\n<li>Pocit hladu<\/li>\n<\/ul>\n<h4 class=\"wp-block-heading\">Ar\u00f3ma<\/h4>\n<ul class=\"wp-block-list\">\n<li>Diesel<\/li>\n<li>Chemick\u00e9<\/li>\n<li>Zemit\u00fd<\/li>\n<\/ul>\n<h4 class=\"wp-block-heading\">Chu\u0165<\/h4>\n<p>V chuti Bio Jesus sa objavuj\u00fa naftov\u00e9, chemick\u00e9 a zemit\u00e9 t\u00f3ny, ktor\u00e9 vytv\u00e1raj\u00fa jedine\u010dn\u00fd chu\u0165ov\u00fd z\u00e1\u017eitok pre znalcov.<\/p>\n<h2 class=\"wp-block-heading\">Zdravotn\u00e9 \u00fa\u010dinky<\/h2>\n<p>Bio Je\u017ei\u0161 sa odpor\u00fa\u010da pre :<\/p>\n<ul class=\"wp-block-list\">\n<li>\u00da\u013eava od bolesti<\/li>\n<li>Zn\u00ed\u017eenie stresu<\/li>\n<li>Boj proti nespavosti<\/li>\n<\/ul>\n<h2 class=\"wp-block-heading\">Pre\u010do si k\u00fapi\u0165 Bio Jesus weed v Acheter Beuhparadis?<\/h2>\n<p><a href=\"https:\/\/beuhparadis.com\/sk\/product\/birthday-cake-kush\/\" data-type=\"link\" data-id=\"https:\/\/acheterducannabis.fr\/\">Beuhparadis<\/a> je va\u0161ou cie\u013eovou destin\u00e1ciou pre pr\u00e9miov\u00e9 odrody konope, ako je Bio Jesus. Zaru\u010dujeme kvalitu, vysledovate\u013enos\u0165 a s\u00falad na\u0161ich produktov s pr\u00e1vnymi predpismi, \u010d\u00edm v\u00e1m zabezpe\u010d\u00edme bezpe\u010dn\u00fd a uspokojiv\u00fd z\u00e1\u017eitok.<\/p>\n<h2 class=\"wp-block-heading\">Vl\u00e1dny z\u00e1kon o predaji tohto kme\u0148a v Eur\u00f3pe<\/h2>\n<p>V s\u00falade s eur\u00f3pskou legislat\u00edvou sa kme\u0148 Bio Jesus pred\u00e1va v plnom s\u00falade s platn\u00fdmi normami, \u010do na\u0161im z\u00e1kazn\u00edkom v celej Eur\u00f3pe zaru\u010duje bezpe\u010dn\u00fd a leg\u00e1lny pr\u00edstup.<\/p>\n<p>Tr\u00e1va Bio Jesus je typickou no\u010dnou relax\u00e1ciou, ktor\u00e1 pon\u00faka v\u00edtan\u00fd \u00fanik od ka\u017edodennej bolesti a stresu. V\u010faka svojim hlbok\u00fdm \u00fa\u010dinkom na telo a bohat\u00e9mu terp\u00e9nov\u00e9mu profilu je to kme\u0148 par excellence pre t\u00fdch, ktor\u00ed h\u013eadaj\u00fa \u00fa\u013eavu v lie\u010debnom konope. Nav\u0161t\u00edvte Acheterducannabis a objavte <a href=\"https:\/\/www.hytiva.com\/strains\/hybrid\/bio-jesus\" data-type=\"link\" data-id=\"https:\/\/www.hytiva.com\/strains\/hybrid\/bio-jesus\">Bio Je\u017ei\u0161<\/a> a mnoho \u010fal\u0161\u00edch odr\u00f4d vybran\u00fdch \u0161peci\u00e1lne pre v\u00e1s.<\/p>","protected":false},"excerpt":{"rendered":"<div class=\"col-xs-12 col-sm-12 wider\">\n<div class=\"flipblock-wrapper\">\n<section id=\"positive-effects\" class=\"panel panel-default\" data-label=\"positive_effects\">\n<div class=\"face front\">\n<div class=\"panel-heading\"><strong>THC: <\/strong>25%<strong> \u00da\u010dinky<\/strong> Kreat\u00edvny, Euf\u00f3ria, \u0160\u0165astn\u00fd <strong>M\u00f4\u017ee zmierni\u0165<\/strong> \u00dazkos\u0165, bipol\u00e1rna porucha, chronick\u00e1 boles\u0165, \u00fanava, fibromyalgia, bolesti hlavy, nespavos\u0165, migr\u00e9ny, svalov\u00e9 k\u0155\u010de, nevo\u013enos\u0165, posttraumatick\u00e1 stresov\u00e1 porucha, stres<\/div>\n<\/div>\n<\/section>\n<\/div>\n<\/div>","protected":false},"featured_media":1246,"comment_status":"closed","ping_status":"closed","template":"","meta":{"site-sidebar-layout":"default","site-content-layout":"","ast-site-content-layout":"default","site-content-style":"default","site-sidebar-style":"default","ast-global-header-display":"","ast-banner-title-visibility":"","ast-main-header-display":"","ast-hfb-above-header-display":"","ast-hfb-below-header-display":"","ast-hfb-mobile-header-display":"","site-post-title":"","ast-breadcrumbs-content":"","ast-featured-img":"","footer-sml-layout":"","theme-transparent-header-meta":"default","adv-header-id-meta":"","stick-header-meta":"","header-above-stick-meta":"","header-main-stick-meta":"","header-below-stick-meta":"","astra-migrate-meta-layouts":"set","ast-page-background-enabled":"default","ast-page-background-meta":{"desktop":{"background-color":"","background-image":"","background-repeat":"repeat","background-position":"center center","background-size":"auto","background-attachment":"scroll","background-type":"","background-media":"","overlay-type":"","overlay-color":"","overlay-opacity":"","overlay-gradient":""},"tablet":{"background-color":"","background-image":"","background-repeat":"repeat","background-position":"center center","background-size":"auto","background-attachment":"scroll","background-type":"","background-media":"","overlay-type":"","overlay-color":"","overlay-opacity":"","overlay-gradient":""},"mobile":{"background-color":"","background-image":"","background-repeat":"repeat","background-position":"center center","background-size":"auto","background-attachment":"scroll","background-type":"","background-media":"","overlay-type":"","overlay-color":"","overlay-opacity":"","overlay-gradient":""}},"ast-content-background-meta":{"desktop":{"background-color":"var(--ast-global-color-5)","background-image":"","background-repeat":"repeat","background-position":"center center","background-size":"auto","background-attachment":"scroll","background-type":"","background-media":"","overlay-type":"","overlay-color":"","overlay-opacity":"","overlay-gradient":""},"tablet":{"background-color":"var(--ast-global-color-5)","background-image":"","background-repeat":"repeat","background-position":"center center","background-size":"auto","background-attachment":"scroll","background-type":"","background-media":"","overlay-type":"","overlay-color":"","overlay-opacity":"","overlay-gradient":""},"mobile":{"background-color":"var(--ast-global-color-5)","background-image":"","background-repeat":"repeat","background-position":"center center","background-size":"auto","background-attachment":"scroll","background-type":"","background-media":"","overlay-type":"","overlay-color":"","overlay-opacity":"","overlay-gradient":""}},"_joinchat":[]},"product_brand":[],"product_cat":[32,33],"product_tag":[],"class_list":{"0":"post-1220","1":"product","2":"type-product","3":"status-publish","4":"has-post-thumbnail","6":"product_cat-fleur-de-chanvre","7":"product_cat-thc-beuh","8":"desktop-align-left","9":"tablet-align-left","10":"mobile-align-left","12":"first","13":"instock","14":"shipping-taxable","15":"purchasable","16":"product-type-variable"},"yoast_head":"<!-- This site is optimized with the Yoast SEO Premium plugin v24.1 (Yoast SEO v26.8) - https:\/\/yoast.com\/product\/yoast-seo-premium-wordpress\/ -->\n<title>Acheter Bio Jesus Weed \u2013 Cannabis Relaxant\/Qualit\u00e9 Sup\u00e9rieure<\/title>\n<meta name=\"description\" content=\"Commandez Bio Jesus Weed, une vari\u00e9t\u00e9 de cannabis r\u00e9put\u00e9e pour ses effets apaisants et ses ar\u00f4mes terreux. Livraison rapide et discr\u00e8te en France.\" \/>\n<meta name=\"robots\" content=\"index, follow, max-snippet:-1, max-image-preview:large, max-video-preview:-1\" \/>\n<link rel=\"canonical\" href=\"https:\/\/beuhparadis.com\/sk\/product\/bio-jesus-hybrid-weed\/\" \/>\n<meta property=\"og:locale\" content=\"sk_SK\" \/>\n<meta property=\"og:type\" content=\"article\" \/>\n<meta property=\"og:title\" content=\"Bio-Jesus Hybrid Weed\" \/>\n<meta property=\"og:description\" content=\"Commandez Bio Jesus Weed, une vari\u00e9t\u00e9 de cannabis r\u00e9put\u00e9e pour ses effets apaisants et ses ar\u00f4mes terreux. Livraison rapide et discr\u00e8te en France.\" \/>\n<meta property=\"og:url\" content=\"https:\/\/beuhparadis.com\/sk\/product\/bio-jesus-hybrid-weed\/\" \/>\n<meta property=\"og:site_name\" content=\"Beuh Paradis\" \/>\n<meta property=\"article:modified_time\" content=\"2025-01-27T04:30:46+00:00\" \/>\n<meta property=\"og:image\" content=\"https:\/\/beuhparadis.com\/wp-content\/uploads\/2024\/12\/Bio-Jesus-Hybrid-Weed.webp\" \/>\n\t<meta property=\"og:image:width\" content=\"966\" \/>\n\t<meta property=\"og:image:height\" content=\"1175\" \/>\n\t<meta property=\"og:image:type\" content=\"image\/webp\" \/>\n<meta name=\"twitter:card\" content=\"summary_large_image\" \/>\n<meta name=\"twitter:label1\" content=\"Predpokladan\u00fd \u010das \u010d\u00edtania\" \/>\n\t<meta name=\"twitter:data1\" content=\"2 minutes\" \/>\n<script type=\"application\/ld+json\" class=\"yoast-schema-graph\">{\"@context\":\"https:\/\/schema.org\",\"@graph\":[{\"@type\":\"WebPage\",\"@id\":\"https:\/\/beuhparadis.com\/product\/bio-jesus-hybrid-weed\/\",\"url\":\"https:\/\/beuhparadis.com\/product\/bio-jesus-hybrid-weed\/\",\"name\":\"Acheter Bio Jesus Weed \u2013 Cannabis Relaxant\/Qualit\u00e9 Sup\u00e9rieure\",\"isPartOf\":{\"@id\":\"https:\/\/beuhparadis.com\/#website\"},\"primaryImageOfPage\":{\"@id\":\"https:\/\/beuhparadis.com\/product\/bio-jesus-hybrid-weed\/#primaryimage\"},\"image\":{\"@id\":\"https:\/\/beuhparadis.com\/product\/bio-jesus-hybrid-weed\/#primaryimage\"},\"thumbnailUrl\":\"https:\/\/beuhparadis.com\/wp-content\/uploads\/2024\/12\/Bio-Jesus-Hybrid-Weed.webp\",\"datePublished\":\"2024-12-10T23:39:00+00:00\",\"dateModified\":\"2025-01-27T04:30:46+00:00\",\"description\":\"Commandez Bio Jesus Weed, une vari\u00e9t\u00e9 de cannabis r\u00e9put\u00e9e pour ses effets apaisants et ses ar\u00f4mes terreux. Livraison rapide et discr\u00e8te en France.\",\"breadcrumb\":{\"@id\":\"https:\/\/beuhparadis.com\/product\/bio-jesus-hybrid-weed\/#breadcrumb\"},\"inLanguage\":\"sk-SK\",\"potentialAction\":[{\"@type\":\"ReadAction\",\"target\":[\"https:\/\/beuhparadis.com\/product\/bio-jesus-hybrid-weed\/\"]}]},{\"@type\":\"ImageObject\",\"inLanguage\":\"sk-SK\",\"@id\":\"https:\/\/beuhparadis.com\/product\/bio-jesus-hybrid-weed\/#primaryimage\",\"url\":\"https:\/\/beuhparadis.com\/wp-content\/uploads\/2024\/12\/Bio-Jesus-Hybrid-Weed.webp\",\"contentUrl\":\"https:\/\/beuhparadis.com\/wp-content\/uploads\/2024\/12\/Bio-Jesus-Hybrid-Weed.webp\",\"width\":966,\"height\":1175},{\"@type\":\"BreadcrumbList\",\"@id\":\"https:\/\/beuhparadis.com\/product\/bio-jesus-hybrid-weed\/#breadcrumb\",\"itemListElement\":[{\"@type\":\"ListItem\",\"position\":1,\"name\":\"Home\",\"item\":\"https:\/\/beuhparadis.com\/\"},{\"@type\":\"ListItem\",\"position\":2,\"name\":\"Shop\",\"item\":\"https:\/\/beuhparadis.com\/shop\/\"},{\"@type\":\"ListItem\",\"position\":3,\"name\":\"Bio-Jesus Hybrid Weed\"}]},{\"@type\":\"WebSite\",\"@id\":\"https:\/\/beuhparadis.com\/#website\",\"url\":\"https:\/\/beuhparadis.com\/\",\"name\":\"Beuh Paradis\",\"description\":\"\",\"potentialAction\":[{\"@type\":\"SearchAction\",\"target\":{\"@type\":\"EntryPoint\",\"urlTemplate\":\"https:\/\/beuhparadis.com\/?s={search_term_string}\"},\"query-input\":{\"@type\":\"PropertyValueSpecification\",\"valueRequired\":true,\"valueName\":\"search_term_string\"}}],\"inLanguage\":\"sk-SK\"}]}<\/script>\n<!-- \/ Yoast SEO Premium plugin. -->","yoast_head_json":{"title":"K\u00fapi\u0165 Bio Jesus Weed - Cannabis Relaxant\/Qualit\u00e9 Sup\u00e9rieure","description":"Objednajte si odrodu konope Bio Jesus Weed, ktor\u00e1 je zn\u00e1ma svojimi upokojuj\u00facimi \u00fa\u010dinkami a zemitou v\u00f4\u0148ou. R\u00fdchle a diskr\u00e9tne dodanie vo Franc\u00fazsku.","robots":{"index":"index","follow":"follow","max-snippet":"max-snippet:-1","max-image-preview":"max-image-preview:large","max-video-preview":"max-video-preview:-1"},"canonical":"https:\/\/beuhparadis.com\/sk\/product\/bio-jesus-hybrid-weed\/","og_locale":"sk_SK","og_type":"article","og_title":"Bio-Jesus Hybrid Weed","og_description":"Commandez Bio Jesus Weed, une vari\u00e9t\u00e9 de cannabis r\u00e9put\u00e9e pour ses effets apaisants et ses ar\u00f4mes terreux. Livraison rapide et discr\u00e8te en France.","og_url":"https:\/\/beuhparadis.com\/sk\/product\/bio-jesus-hybrid-weed\/","og_site_name":"Beuh Paradis","article_modified_time":"2025-01-27T04:30:46+00:00","og_image":[{"width":966,"height":1175,"url":"https:\/\/beuhparadis.com\/wp-content\/uploads\/2024\/12\/Bio-Jesus-Hybrid-Weed.webp","type":"image\/webp"}],"twitter_card":"summary_large_image","twitter_misc":{"Predpokladan\u00fd \u010das \u010d\u00edtania":"2 minutes"},"schema":{"@context":"https:\/\/schema.org","@graph":[{"@type":"WebPage","@id":"https:\/\/beuhparadis.com\/product\/bio-jesus-hybrid-weed\/","url":"https:\/\/beuhparadis.com\/product\/bio-jesus-hybrid-weed\/","name":"K\u00fapi\u0165 Bio Jesus Weed - Cannabis Relaxant\/Qualit\u00e9 Sup\u00e9rieure","isPartOf":{"@id":"https:\/\/beuhparadis.com\/#website"},"primaryImageOfPage":{"@id":"https:\/\/beuhparadis.com\/product\/bio-jesus-hybrid-weed\/#primaryimage"},"image":{"@id":"https:\/\/beuhparadis.com\/product\/bio-jesus-hybrid-weed\/#primaryimage"},"thumbnailUrl":"https:\/\/beuhparadis.com\/wp-content\/uploads\/2024\/12\/Bio-Jesus-Hybrid-Weed.webp","datePublished":"2024-12-10T23:39:00+00:00","dateModified":"2025-01-27T04:30:46+00:00","description":"Objednajte si odrodu konope Bio Jesus Weed, ktor\u00e1 je zn\u00e1ma svojimi upokojuj\u00facimi \u00fa\u010dinkami a zemitou v\u00f4\u0148ou. R\u00fdchle a diskr\u00e9tne dodanie vo Franc\u00fazsku.","breadcrumb":{"@id":"https:\/\/beuhparadis.com\/product\/bio-jesus-hybrid-weed\/#breadcrumb"},"inLanguage":"sk-SK","potentialAction":[{"@type":"ReadAction","target":["https:\/\/beuhparadis.com\/product\/bio-jesus-hybrid-weed\/"]}]},{"@type":"ImageObject","inLanguage":"sk-SK","@id":"https:\/\/beuhparadis.com\/product\/bio-jesus-hybrid-weed\/#primaryimage","url":"https:\/\/beuhparadis.com\/wp-content\/uploads\/2024\/12\/Bio-Jesus-Hybrid-Weed.webp","contentUrl":"https:\/\/beuhparadis.com\/wp-content\/uploads\/2024\/12\/Bio-Jesus-Hybrid-Weed.webp","width":966,"height":1175},{"@type":"BreadcrumbList","@id":"https:\/\/beuhparadis.com\/product\/bio-jesus-hybrid-weed\/#breadcrumb","itemListElement":[{"@type":"ListItem","position":1,"name":"Home","item":"https:\/\/beuhparadis.com\/"},{"@type":"ListItem","position":2,"name":"Shop","item":"https:\/\/beuhparadis.com\/shop\/"},{"@type":"ListItem","position":3,"name":"Bio-Jesus Hybrid Weed"}]},{"@type":"WebSite","@id":"https:\/\/beuhparadis.com\/#website","url":"https:\/\/beuhparadis.com\/","name":"Beuh Paradis","description":"","potentialAction":[{"@type":"SearchAction","target":{"@type":"EntryPoint","urlTemplate":"https:\/\/beuhparadis.com\/?s={search_term_string}"},"query-input":{"@type":"PropertyValueSpecification","valueRequired":true,"valueName":"search_term_string"}}],"inLanguage":"sk-SK"}]}},"_links":{"self":[{"href":"https:\/\/beuhparadis.com\/sk\/wp-json\/wp\/v2\/product\/1220","targetHints":{"allow":["GET"]}}],"collection":[{"href":"https:\/\/beuhparadis.com\/sk\/wp-json\/wp\/v2\/product"}],"about":[{"href":"https:\/\/beuhparadis.com\/sk\/wp-json\/wp\/v2\/types\/product"}],"replies":[{"embeddable":true,"href":"https:\/\/beuhparadis.com\/sk\/wp-json\/wp\/v2\/comments?post=1220"}],"wp:featuredmedia":[{"embeddable":true,"href":"https:\/\/beuhparadis.com\/sk\/wp-json\/wp\/v2\/media\/1246"}],"wp:attachment":[{"href":"https:\/\/beuhparadis.com\/sk\/wp-json\/wp\/v2\/media?parent=1220"}],"wp:term":[{"taxonomy":"product_brand","embeddable":true,"href":"https:\/\/beuhparadis.com\/sk\/wp-json\/wp\/v2\/product_brand?post=1220"},{"taxonomy":"product_cat","embeddable":true,"href":"https:\/\/beuhparadis.com\/sk\/wp-json\/wp\/v2\/product_cat?post=1220"},{"taxonomy":"product_tag","embeddable":true,"href":"https:\/\/beuhparadis.com\/sk\/wp-json\/wp\/v2\/product_tag?post=1220"}],"curies":[{"name":"wp","href":"https:\/\/api.w.org\/{rel}","templated":true}]}}