{"id":1215,"date":"2024-12-10T23:38:59","date_gmt":"2024-12-10T23:38:59","guid":{"rendered":"https:\/\/beuhparadis.com\/?post_type=product&#038;p=1215"},"modified":"2025-01-27T04:03:56","modified_gmt":"2025-01-27T04:03:56","slug":"apple-jack","status":"publish","type":"product","link":"https:\/\/beuhparadis.com\/sk\/product\/apple-jack\/","title":{"rendered":"Apple Jack"},"content":{"rendered":"<h1 class=\"wp-block-heading\">K\u00fapi\u0165 Apple Jack Weed: Hybrid s bohatou ar\u00f3mou<\/h1>\n<p><strong>Apple Jack<\/strong> je hybridn\u00fd kme\u0148, ktor\u00fd vznikol kr\u00ed\u017een\u00edm odr\u00f4d Jack Herer a White Widow. Tento siln\u00fd kme\u0148 je zn\u00e1my svojimi stimula\u010dn\u00fdmi aj upokojuj\u00facimi \u00fa\u010dinkami, v\u010faka \u010domu je ide\u00e1lnou vo\u013ebou pre pacientov s lie\u010debn\u00fdm konope a spotrebite\u013eov, ktor\u00ed h\u013eadaj\u00fa \u00fa\u013eavu od chronickej bolesti alebo nevo\u013enosti.<\/p>\n<h2 class=\"wp-block-heading\">Inform\u00e1cie o odrode Apple Jack<\/h2>\n<ul class=\"wp-block-list\">\n<li><strong>Typ :<\/strong> Hybrid<\/li>\n<li><strong>Genetika :<\/strong> Kr\u00ed\u017eenie Jacka Herera a Bielej vdovy<\/li>\n<li><strong>V\u00fdroba :<\/strong> Poskytuje povzn\u00e1\u0161aj\u00face a upokojuj\u00face \u00fa\u010dinky<\/li>\n<\/ul>\n<h2 class=\"wp-block-heading\">THC a CBD<\/h2>\n<ul class=\"wp-block-list\">\n<li><strong>THC :<\/strong> Vysok\u00e1 r\u00fdchlos\u0165 pre siln\u00fd a obohacuj\u00faci z\u00e1\u017eitok<\/li>\n<li><strong>CBD :<\/strong> N\u00edzka, zameran\u00e1 na \u00fa\u010dinky THC<\/li>\n<\/ul>\n<h2 class=\"wp-block-heading\">Kde si m\u00f4\u017eem k\u00fapi\u0165 Apple Jack online?<\/h2>\n<p>Apple Jack je k dispoz\u00edcii na <a href=\"https:\/\/beuhparadis.com\/sk\/product\/lions-cake\/\" data-type=\"link\" data-id=\"https:\/\/acheterducannabis.fr\/\">Beuhparadis<\/a>Tu sa pon\u00faka \u0161irok\u00fd sortiment konope najvy\u0161\u0161ej kvality, ktor\u00e9 sp\u013a\u0148a o\u010dak\u00e1vania najn\u00e1ro\u010dnej\u0161\u00edch spotrebite\u013eov.<\/p>\n<h2 class=\"wp-block-heading\">\u00da\u010dinky, v\u00f4\u0148a a chu\u0165<\/h2>\n<h3 class=\"wp-block-heading\">\u00da\u010dinok<\/h3>\n<ul class=\"wp-block-list\">\n<li><strong>Pocit :<\/strong> Koncentr\u00e1cia, energia, nadmorsk\u00e1 v\u00fd\u0161ka<\/li>\n<li><strong>Ide\u00e1lne pre :<\/strong> Zvl\u00e1danie depresie, stresu a \u00fazkosti<\/li>\n<\/ul>\n<h3 class=\"wp-block-heading\">Ar\u00f3ma<\/h3>\n<p>Skunky, zemit\u00e1 v\u00f4\u0148a s n\u00e1znakmi nakr\u00e1jan\u00e9ho jablka, ktor\u00e1 pon\u00faka jedine\u010dn\u00fd \u010duchov\u00fd z\u00e1\u017eitok.<\/p>\n<h3 class=\"wp-block-heading\">Chu\u0165<\/h3>\n<p>Pr\u00edchu\u0165 jablka a sladkosti s n\u00e1dychom skunku pre chu\u0165ov\u00fd z\u00e1\u017eitok, ktor\u00fd evokuje ovocn\u00fa svie\u017eos\u0165.<\/p>\n<h2 class=\"wp-block-heading\">Zdravotn\u00e9 \u00fa\u010dinky<\/h2>\n<p>Pacienti si vyberaj\u00fa tr\u00e1vu Apple Jack pre jej potenci\u00e1lne terapeutick\u00e9 \u00fa\u010dinky vr\u00e1tane :<\/p>\n<ul class=\"wp-block-list\">\n<li>Depresia<\/li>\n<li>Stres<\/li>\n<li>\u00dazkos\u0165<\/li>\n<\/ul>\n<h2 class=\"wp-block-heading\">Pre\u010do si k\u00fapi\u0165 tr\u00e1vu Apple Jack na Acheterducannabis?<\/h2>\n<p><strong>Buyducannabis<\/strong> je ide\u00e1lnou destin\u00e1ciou na z\u00edskanie <strong>Apple Jack<\/strong>Je to v\u010faka jej z\u00e1v\u00e4zku ku kvalite, vysledovate\u013enosti v\u00fdrobkov a dodr\u017eiavaniu eur\u00f3pskych z\u00e1konov o predaji konope.<\/p>\n<h2 class=\"wp-block-heading\">Eur\u00f3pske pr\u00e1vne predpisy o predaji tr\u00e1vy Apple Jack<\/h2>\n<p>Predaj Apple Jack, rovnako ako v\u0161etk\u00fdch kme\u0148ov konope, je v Eur\u00f3pe pr\u00edsne regulovan\u00fd. Produkty pon\u00fakan\u00e9 na Acheterducannabis sp\u013a\u0148aj\u00fa v\u0161etky platn\u00e9 pr\u00e1vne normy, \u010d\u00edm sa zabezpe\u010duje bezpe\u010dn\u00fd a leg\u00e1lny z\u00e1\u017eitok pre dospel\u00fdch spotrebite\u013eov.<\/p>\n<p>Tr\u00e1va Apple Jack vynik\u00e1 jedine\u010dnou kombin\u00e1ciou povzbudzuj\u00facich a upokojuj\u00facich \u00fa\u010dinkov, ktor\u00e9 sprev\u00e1dza v\u00fdrazn\u00e1 v\u00f4\u0148a a chu\u0165ov\u00fd profil. \u010ci u\u017e h\u013ead\u00e1te \u00fa\u013eavu od \u0161pecifick\u00fdch pr\u00edznakov, alebo si chcete vychutna\u0165 obohacuj\u00faci z\u00e1\u017eitok z konzum\u00e1cie, <a href=\"https:\/\/www.leafly.com\/strains\/apple-jack\" data-type=\"link\" data-id=\"https:\/\/www.leafly.com\/strains\/apple-jack\">Apple Jack<\/a> predstavuje kvalitn\u00fa vo\u013ebu. Presk\u00famajte tento kme\u0148 a \u010fal\u0161ie na Acheterducannabis, va\u0161om referen\u010dnom mieste pre n\u00e1kup kvalitn\u00e9ho konope v Eur\u00f3pe.<\/p>","protected":false},"excerpt":{"rendered":"<p><strong>THC :<\/strong> 20\u00a0% <strong>\u00da\u010dinky<\/strong> Euf\u00f3ria, Koncentr\u00e1cia, \u0160\u0165astn\u00fd, Relaxa\u010dn\u00fd, Spolo\u010densk\u00fd <strong>M\u00f4\u017ee zmierni\u0165<\/strong> \u00dazkos\u0165, chronick\u00e1 boles\u0165, k\u0155\u010de, depresia, svalov\u00e9 k\u0155\u010de, stres<\/p>","protected":false},"featured_media":1245,"comment_status":"closed","ping_status":"closed","template":"","meta":{"site-sidebar-layout":"default","site-content-layout":"","ast-site-content-layout":"default","site-content-style":"default","site-sidebar-style":"default","ast-global-header-display":"","ast-banner-title-visibility":"","ast-main-header-display":"","ast-hfb-above-header-display":"","ast-hfb-below-header-display":"","ast-hfb-mobile-header-display":"","site-post-title":"","ast-breadcrumbs-content":"","ast-featured-img":"","footer-sml-layout":"","theme-transparent-header-meta":"default","adv-header-id-meta":"","stick-header-meta":"","header-above-stick-meta":"","header-main-stick-meta":"","header-below-stick-meta":"","astra-migrate-meta-layouts":"set","ast-page-background-enabled":"default","ast-page-background-meta":{"desktop":{"background-color":"","background-image":"","background-repeat":"repeat","background-position":"center center","background-size":"auto","background-attachment":"scroll","background-type":"","background-media":"","overlay-type":"","overlay-color":"","overlay-opacity":"","overlay-gradient":""},"tablet":{"background-color":"","background-image":"","background-repeat":"repeat","background-position":"center center","background-size":"auto","background-attachment":"scroll","background-type":"","background-media":"","overlay-type":"","overlay-color":"","overlay-opacity":"","overlay-gradient":""},"mobile":{"background-color":"","background-image":"","background-repeat":"repeat","background-position":"center center","background-size":"auto","background-attachment":"scroll","background-type":"","background-media":"","overlay-type":"","overlay-color":"","overlay-opacity":"","overlay-gradient":""}},"ast-content-background-meta":{"desktop":{"background-color":"var(--ast-global-color-5)","background-image":"","background-repeat":"repeat","background-position":"center center","background-size":"auto","background-attachment":"scroll","background-type":"","background-media":"","overlay-type":"","overlay-color":"","overlay-opacity":"","overlay-gradient":""},"tablet":{"background-color":"var(--ast-global-color-5)","background-image":"","background-repeat":"repeat","background-position":"center center","background-size":"auto","background-attachment":"scroll","background-type":"","background-media":"","overlay-type":"","overlay-color":"","overlay-opacity":"","overlay-gradient":""},"mobile":{"background-color":"var(--ast-global-color-5)","background-image":"","background-repeat":"repeat","background-position":"center center","background-size":"auto","background-attachment":"scroll","background-type":"","background-media":"","overlay-type":"","overlay-color":"","overlay-opacity":"","overlay-gradient":""}},"_joinchat":[]},"product_brand":[],"product_cat":[32,33],"product_tag":[],"class_list":{"0":"post-1215","1":"product","2":"type-product","3":"status-publish","4":"has-post-thumbnail","6":"product_cat-fleur-de-chanvre","7":"product_cat-thc-beuh","8":"desktop-align-left","9":"tablet-align-left","10":"mobile-align-left","12":"first","13":"instock","14":"shipping-taxable","15":"purchasable","16":"product-type-variable"},"yoast_head":"<!-- This site is optimized with the Yoast SEO Premium plugin v24.1 (Yoast SEO v26.8) - https:\/\/yoast.com\/product\/yoast-seo-premium-wordpress\/ -->\n<title>Acheter Apple Jack Weed en Ligne | Livraison Rapide &amp; Discr\u00e8te<\/title>\n<meta name=\"description\" content=\"Acheter Apple Jack Weed de qualit\u00e9 sup\u00e9rieure. Livraison rapide et discr\u00e8te. Profitez des meilleurs prix et d&#039;un service client exceptionnel.\" \/>\n<meta name=\"robots\" content=\"index, follow, max-snippet:-1, max-image-preview:large, max-video-preview:-1\" \/>\n<link rel=\"canonical\" href=\"https:\/\/beuhparadis.com\/sk\/product\/apple-jack\/\" \/>\n<meta property=\"og:locale\" content=\"sk_SK\" \/>\n<meta property=\"og:type\" content=\"article\" \/>\n<meta property=\"og:title\" content=\"Apple Jack\" \/>\n<meta property=\"og:description\" content=\"Acheter Apple Jack Weed de qualit\u00e9 sup\u00e9rieure. Livraison rapide et discr\u00e8te. Profitez des meilleurs prix et d&#039;un service client exceptionnel.\" \/>\n<meta property=\"og:url\" content=\"https:\/\/beuhparadis.com\/sk\/product\/apple-jack\/\" \/>\n<meta property=\"og:site_name\" content=\"Beuh Paradis\" \/>\n<meta property=\"article:modified_time\" content=\"2025-01-27T04:03:56+00:00\" \/>\n<meta property=\"og:image\" content=\"https:\/\/beuhparadis.com\/wp-content\/uploads\/2024\/12\/Apple-Jack.webp\" \/>\n\t<meta property=\"og:image:width\" content=\"1657\" \/>\n\t<meta property=\"og:image:height\" content=\"1105\" \/>\n\t<meta property=\"og:image:type\" content=\"image\/webp\" \/>\n<meta name=\"twitter:card\" content=\"summary_large_image\" \/>\n<meta name=\"twitter:label1\" content=\"Predpokladan\u00fd \u010das \u010d\u00edtania\" \/>\n\t<meta name=\"twitter:data1\" content=\"2 minutes\" \/>\n<script type=\"application\/ld+json\" class=\"yoast-schema-graph\">{\"@context\":\"https:\/\/schema.org\",\"@graph\":[{\"@type\":\"WebPage\",\"@id\":\"https:\/\/beuhparadis.com\/product\/apple-jack\/\",\"url\":\"https:\/\/beuhparadis.com\/product\/apple-jack\/\",\"name\":\"Acheter Apple Jack Weed en Ligne | Livraison Rapide & Discr\u00e8te\",\"isPartOf\":{\"@id\":\"https:\/\/beuhparadis.com\/#website\"},\"primaryImageOfPage\":{\"@id\":\"https:\/\/beuhparadis.com\/product\/apple-jack\/#primaryimage\"},\"image\":{\"@id\":\"https:\/\/beuhparadis.com\/product\/apple-jack\/#primaryimage\"},\"thumbnailUrl\":\"https:\/\/beuhparadis.com\/wp-content\/uploads\/2024\/12\/Apple-Jack.webp\",\"datePublished\":\"2024-12-10T23:38:59+00:00\",\"dateModified\":\"2025-01-27T04:03:56+00:00\",\"description\":\"Acheter Apple Jack Weed de qualit\u00e9 sup\u00e9rieure. Livraison rapide et discr\u00e8te. Profitez des meilleurs prix et d'un service client exceptionnel.\",\"breadcrumb\":{\"@id\":\"https:\/\/beuhparadis.com\/product\/apple-jack\/#breadcrumb\"},\"inLanguage\":\"sk-SK\",\"potentialAction\":[{\"@type\":\"ReadAction\",\"target\":[\"https:\/\/beuhparadis.com\/product\/apple-jack\/\"]}]},{\"@type\":\"ImageObject\",\"inLanguage\":\"sk-SK\",\"@id\":\"https:\/\/beuhparadis.com\/product\/apple-jack\/#primaryimage\",\"url\":\"https:\/\/beuhparadis.com\/wp-content\/uploads\/2024\/12\/Apple-Jack.webp\",\"contentUrl\":\"https:\/\/beuhparadis.com\/wp-content\/uploads\/2024\/12\/Apple-Jack.webp\",\"width\":1657,\"height\":1105},{\"@type\":\"BreadcrumbList\",\"@id\":\"https:\/\/beuhparadis.com\/product\/apple-jack\/#breadcrumb\",\"itemListElement\":[{\"@type\":\"ListItem\",\"position\":1,\"name\":\"Home\",\"item\":\"https:\/\/beuhparadis.com\/\"},{\"@type\":\"ListItem\",\"position\":2,\"name\":\"Shop\",\"item\":\"https:\/\/beuhparadis.com\/shop\/\"},{\"@type\":\"ListItem\",\"position\":3,\"name\":\"Apple Jack\"}]},{\"@type\":\"WebSite\",\"@id\":\"https:\/\/beuhparadis.com\/#website\",\"url\":\"https:\/\/beuhparadis.com\/\",\"name\":\"Beuh Paradis\",\"description\":\"\",\"potentialAction\":[{\"@type\":\"SearchAction\",\"target\":{\"@type\":\"EntryPoint\",\"urlTemplate\":\"https:\/\/beuhparadis.com\/?s={search_term_string}\"},\"query-input\":{\"@type\":\"PropertyValueSpecification\",\"valueRequired\":true,\"valueName\":\"search_term_string\"}}],\"inLanguage\":\"sk-SK\"}]}<\/script>\n<!-- \/ Yoast SEO Premium plugin. -->","yoast_head_json":{"title":"K\u00fapi\u0165 Apple Jack Weed online | R\u00fdchle a diskr\u00e9tne doru\u010denie","description":"K\u00fapte si vysokokvalitn\u00fa tr\u00e1vu Apple Jack Weed. R\u00fdchle a diskr\u00e9tne dodanie. U\u017eite si najlep\u0161ie ceny a v\u00fdnimo\u010dn\u00fd z\u00e1kazn\u00edcky servis.","robots":{"index":"index","follow":"follow","max-snippet":"max-snippet:-1","max-image-preview":"max-image-preview:large","max-video-preview":"max-video-preview:-1"},"canonical":"https:\/\/beuhparadis.com\/sk\/product\/apple-jack\/","og_locale":"sk_SK","og_type":"article","og_title":"Apple Jack","og_description":"Acheter Apple Jack Weed de qualit\u00e9 sup\u00e9rieure. Livraison rapide et discr\u00e8te. Profitez des meilleurs prix et d'un service client exceptionnel.","og_url":"https:\/\/beuhparadis.com\/sk\/product\/apple-jack\/","og_site_name":"Beuh Paradis","article_modified_time":"2025-01-27T04:03:56+00:00","og_image":[{"width":1657,"height":1105,"url":"https:\/\/beuhparadis.com\/wp-content\/uploads\/2024\/12\/Apple-Jack.webp","type":"image\/webp"}],"twitter_card":"summary_large_image","twitter_misc":{"Predpokladan\u00fd \u010das \u010d\u00edtania":"2 minutes"},"schema":{"@context":"https:\/\/schema.org","@graph":[{"@type":"WebPage","@id":"https:\/\/beuhparadis.com\/product\/apple-jack\/","url":"https:\/\/beuhparadis.com\/product\/apple-jack\/","name":"K\u00fapi\u0165 Apple Jack Weed online | R\u00fdchle a diskr\u00e9tne doru\u010denie","isPartOf":{"@id":"https:\/\/beuhparadis.com\/#website"},"primaryImageOfPage":{"@id":"https:\/\/beuhparadis.com\/product\/apple-jack\/#primaryimage"},"image":{"@id":"https:\/\/beuhparadis.com\/product\/apple-jack\/#primaryimage"},"thumbnailUrl":"https:\/\/beuhparadis.com\/wp-content\/uploads\/2024\/12\/Apple-Jack.webp","datePublished":"2024-12-10T23:38:59+00:00","dateModified":"2025-01-27T04:03:56+00:00","description":"K\u00fapte si vysokokvalitn\u00fa tr\u00e1vu Apple Jack Weed. R\u00fdchle a diskr\u00e9tne dodanie. U\u017eite si najlep\u0161ie ceny a v\u00fdnimo\u010dn\u00fd z\u00e1kazn\u00edcky servis.","breadcrumb":{"@id":"https:\/\/beuhparadis.com\/product\/apple-jack\/#breadcrumb"},"inLanguage":"sk-SK","potentialAction":[{"@type":"ReadAction","target":["https:\/\/beuhparadis.com\/product\/apple-jack\/"]}]},{"@type":"ImageObject","inLanguage":"sk-SK","@id":"https:\/\/beuhparadis.com\/product\/apple-jack\/#primaryimage","url":"https:\/\/beuhparadis.com\/wp-content\/uploads\/2024\/12\/Apple-Jack.webp","contentUrl":"https:\/\/beuhparadis.com\/wp-content\/uploads\/2024\/12\/Apple-Jack.webp","width":1657,"height":1105},{"@type":"BreadcrumbList","@id":"https:\/\/beuhparadis.com\/product\/apple-jack\/#breadcrumb","itemListElement":[{"@type":"ListItem","position":1,"name":"Home","item":"https:\/\/beuhparadis.com\/"},{"@type":"ListItem","position":2,"name":"Shop","item":"https:\/\/beuhparadis.com\/shop\/"},{"@type":"ListItem","position":3,"name":"Apple Jack"}]},{"@type":"WebSite","@id":"https:\/\/beuhparadis.com\/#website","url":"https:\/\/beuhparadis.com\/","name":"Beuh Paradis","description":"","potentialAction":[{"@type":"SearchAction","target":{"@type":"EntryPoint","urlTemplate":"https:\/\/beuhparadis.com\/?s={search_term_string}"},"query-input":{"@type":"PropertyValueSpecification","valueRequired":true,"valueName":"search_term_string"}}],"inLanguage":"sk-SK"}]}},"_links":{"self":[{"href":"https:\/\/beuhparadis.com\/sk\/wp-json\/wp\/v2\/product\/1215","targetHints":{"allow":["GET"]}}],"collection":[{"href":"https:\/\/beuhparadis.com\/sk\/wp-json\/wp\/v2\/product"}],"about":[{"href":"https:\/\/beuhparadis.com\/sk\/wp-json\/wp\/v2\/types\/product"}],"replies":[{"embeddable":true,"href":"https:\/\/beuhparadis.com\/sk\/wp-json\/wp\/v2\/comments?post=1215"}],"wp:featuredmedia":[{"embeddable":true,"href":"https:\/\/beuhparadis.com\/sk\/wp-json\/wp\/v2\/media\/1245"}],"wp:attachment":[{"href":"https:\/\/beuhparadis.com\/sk\/wp-json\/wp\/v2\/media?parent=1215"}],"wp:term":[{"taxonomy":"product_brand","embeddable":true,"href":"https:\/\/beuhparadis.com\/sk\/wp-json\/wp\/v2\/product_brand?post=1215"},{"taxonomy":"product_cat","embeddable":true,"href":"https:\/\/beuhparadis.com\/sk\/wp-json\/wp\/v2\/product_cat?post=1215"},{"taxonomy":"product_tag","embeddable":true,"href":"https:\/\/beuhparadis.com\/sk\/wp-json\/wp\/v2\/product_tag?post=1215"}],"curies":[{"name":"wp","href":"https:\/\/api.w.org\/{rel}","templated":true}]}}