{"id":1204,"date":"2024-12-10T23:38:48","date_gmt":"2024-12-10T23:38:48","guid":{"rendered":"https:\/\/beuhparadis.com\/?post_type=product&#038;p=1204"},"modified":"2025-01-26T16:30:14","modified_gmt":"2025-01-26T16:30:14","slug":"birthday-cake-kush","status":"publish","type":"product","link":"https:\/\/beuhparadis.com\/sk\/product\/birthday-cake-kush\/","title":{"rendered":"Narodeninov\u00e1 torta Kush"},"content":{"rendered":"<h1 class=\"wp-block-heading\">Tr\u00e1va Birthday Cake: p\u00f4\u017eitok s dominanciou Indica<\/h1>\n<p>Birthday Cake Kush, zn\u00e1my aj ako narodeninov\u00e1 torta, je hybridn\u00fd kme\u0148 s dominanciou indiky, ktor\u00fd je zn\u00e1my svojimi siln\u00fdmi \u00fa\u010dinkami na telo a sladkou, kol\u00e1\u010dovou chu\u0165ou. V\u00fdsledkom kr\u00ed\u017eenia kme\u0148ov Girl Scout Cookies a Cherry Pie je Birthday Cake Kush, ktor\u00fd sa vyzna\u010duje kvetmi pokryt\u00fdmi \u017eivicou bohatou na THC, podobnou kry\u0161t\u00e1lovej poleve.<\/p>\n<p><strong>Inform\u00e1cie o La Souche<\/strong><\/p>\n<ul class=\"wp-block-list\">\n<li><strong>Typ :<\/strong> Hybrid s dominanciou indiky<\/li>\n<li><strong>Genetika :<\/strong> Kr\u00ed\u017eenie skautsk\u00fdch cookies a \u010dere\u0161\u0148ov\u00e9ho kol\u00e1\u010da<\/li>\n<li><strong>V\u00fdroba :<\/strong> Kvitne s glaz\u00farou bohatou na THC<\/li>\n<\/ul>\n<h2 class=\"wp-block-heading\">THC a CBD<\/h2>\n<ul class=\"wp-block-list\">\n<li><strong>THC :<\/strong> Vysok\u00fd, pon\u00fakaj\u00faci hlbok\u00e9 relaxa\u010dn\u00e9 \u00fa\u010dinky<\/li>\n<li><strong>CBD :<\/strong> N\u00edzky, zameran\u00fd na v\u00fdhody THC<\/li>\n<\/ul>\n<h2 class=\"wp-block-heading\">Kde si m\u00f4\u017eem k\u00fapi\u0165 Birthday Cake Kush online?<\/h2>\n<p>Birthday Cake Kush je k dispoz\u00edcii na \u0161pecializovan\u00fdch webov\u00fdch str\u00e1nkach, ako je Acheterducannabis, ktor\u00e1 pon\u00faka \u0161irok\u00fd v\u00fdber vysokokvalitn\u00fdch konopn\u00fdch kme\u0148ov, ktor\u00e9 sp\u013a\u0148aj\u00fa potreby najn\u00e1ro\u010dnej\u0161\u00edch spotrebite\u013eov.<\/p>\n<h2 class=\"wp-block-heading\">\u00da\u010dinky, v\u00f4\u0148a a chu\u0165 tr\u00e1vy Birthday Cake<\/h2>\n<h3 class=\"wp-block-heading\">\u00da\u010dinok<\/h3>\n<ul class=\"wp-block-list\">\n<li><strong>Pocit :<\/strong> Hlbok\u00e1 relax\u00e1cia, hlad, ospalos\u0165<\/li>\n<li><strong>Ide\u00e1lne pre :<\/strong> zmier\u0148uje boles\u0165, \u00fazkos\u0165, nechutenstvo, z\u00e1paly a bolesti hlavy<\/li>\n<\/ul>\n<h3 class=\"wp-block-heading\">Ar\u00f3ma<\/h3>\n<p>Gurm\u00e1nska v\u00f4\u0148a vanilky a sladkosti s n\u00e1dychom masla, ktor\u00e1 pripom\u00edna jemnos\u0165 narodeninovej torty.<\/p>\n<h3 class=\"wp-block-heading\">Chu\u0165<\/h3>\n<p>T\u00f3ny vanilky a sladkosti zaha\u013euj\u00fa chu\u0165ov\u00e9 poh\u00e1riky a s\u00fa doplnen\u00e9 jemnou maslovou pr\u00edchu\u0165ou, v\u010faka ktorej je ka\u017ed\u00fd k\u00fasok neodolate\u013en\u00fd.<\/p>\n<h2 class=\"wp-block-heading\">Zdravotn\u00e9 \u00fa\u010dinky<\/h2>\n<p>Pacienti si vyberaj\u00fa Birthday Cake Kush pre jeho potenci\u00e1lne terapeutick\u00e9 \u00fa\u010dinky vr\u00e1tane :<\/p>\n<ul class=\"wp-block-list\">\n<li>\u00dazkos\u0165<\/li>\n<li>Stres<\/li>\n<li>Depresia<\/li>\n<\/ul>\n<h2 class=\"wp-block-heading\">Pre\u010do k\u00fapi\u0165 Birthday Cake Kush na beuhparadis?<\/h2>\n<p><a href=\"https:\/\/beuhparadis.com\/sk\/product\/lions-cake\/\">Beuhparadis<\/a> je miestom v\u00fdberu pre Birthday Cake Kush v\u010faka svojmu z\u00e1v\u00e4zku ku kvalite, vysledovate\u013enosti produktov a dodr\u017eiavaniu eur\u00f3pskych z\u00e1konov o predaji konope.<\/p>\n<h2 class=\"wp-block-heading\">Eur\u00f3pske pr\u00e1vne predpisy o predaji narodeninovej torty<\/h2>\n<p>Predaj tr\u00e1vy Birthday Cake, rovnako ako v\u0161etk\u00fdch kme\u0148ov konope, je v Eur\u00f3pe pr\u00edsne regulovan\u00fd. Produkty pon\u00fakan\u00e9 na Acheterducannabis sp\u013a\u0148aj\u00fa v\u0161etky platn\u00e9 pr\u00e1vne normy, \u010d\u00edm sa zabezpe\u010duje bezpe\u010dn\u00fd a leg\u00e1lny z\u00e1\u017eitok pre dospel\u00fdch spotrebite\u013eov.<\/p>\n<p>Tr\u00e1va Birthday Cake pon\u00faka v\u00fdnimo\u010dn\u00fd z\u00e1\u017eitok z konzum\u00e1cie, ktor\u00fd dokonale sp\u00e1ja hlbok\u00fa relax\u00e1ciu a chu\u0165ov\u00fd p\u00f4\u017eitok. \u010ci u\u017e chcete zmierni\u0165 bolesti alebo si jednoducho vychutna\u0165 relaxa\u010dn\u00fd z\u00e1ver d\u0148a, <a href=\"https:\/\/www.hytiva.com\/strains\/hybrid\/birthday-cake-kush\">Narodeninov\u00e1 torta<\/a> Kush je ide\u00e1lnou vo\u013ebou. Objavte tento kme\u0148 a mnoho \u010fal\u0161\u00edch na Acheterducannabis, va\u0161om referen\u010dnom mieste pre n\u00e1kup kvalitn\u00e9ho konope v Eur\u00f3pe.<\/p>","protected":false},"excerpt":{"rendered":"<p><strong>THC :<\/strong>\u00a024\u00a0% <strong>\u00da\u010dinky<\/strong> Euf\u00f3ria, \u0161\u0165astn\u00fd, hladn\u00fd, relaxa\u010dn\u00fd <strong>M\u00f4\u017ee zmierni\u0165<\/strong> Artrit\u00edda, chronick\u00e1 boles\u0165, depresia, fibromyalgia, gastrointestin\u00e1lne poruchy, bolesti hlavy, nespavos\u0165, stres<\/p>","protected":false},"featured_media":1214,"comment_status":"closed","ping_status":"closed","template":"","meta":{"site-sidebar-layout":"default","site-content-layout":"","ast-site-content-layout":"default","site-content-style":"default","site-sidebar-style":"default","ast-global-header-display":"","ast-banner-title-visibility":"","ast-main-header-display":"","ast-hfb-above-header-display":"","ast-hfb-below-header-display":"","ast-hfb-mobile-header-display":"","site-post-title":"","ast-breadcrumbs-content":"","ast-featured-img":"","footer-sml-layout":"","theme-transparent-header-meta":"default","adv-header-id-meta":"","stick-header-meta":"","header-above-stick-meta":"","header-main-stick-meta":"","header-below-stick-meta":"","astra-migrate-meta-layouts":"set","ast-page-background-enabled":"default","ast-page-background-meta":{"desktop":{"background-color":"","background-image":"","background-repeat":"repeat","background-position":"center center","background-size":"auto","background-attachment":"scroll","background-type":"","background-media":"","overlay-type":"","overlay-color":"","overlay-opacity":"","overlay-gradient":""},"tablet":{"background-color":"","background-image":"","background-repeat":"repeat","background-position":"center center","background-size":"auto","background-attachment":"scroll","background-type":"","background-media":"","overlay-type":"","overlay-color":"","overlay-opacity":"","overlay-gradient":""},"mobile":{"background-color":"","background-image":"","background-repeat":"repeat","background-position":"center center","background-size":"auto","background-attachment":"scroll","background-type":"","background-media":"","overlay-type":"","overlay-color":"","overlay-opacity":"","overlay-gradient":""}},"ast-content-background-meta":{"desktop":{"background-color":"var(--ast-global-color-5)","background-image":"","background-repeat":"repeat","background-position":"center center","background-size":"auto","background-attachment":"scroll","background-type":"","background-media":"","overlay-type":"","overlay-color":"","overlay-opacity":"","overlay-gradient":""},"tablet":{"background-color":"var(--ast-global-color-5)","background-image":"","background-repeat":"repeat","background-position":"center center","background-size":"auto","background-attachment":"scroll","background-type":"","background-media":"","overlay-type":"","overlay-color":"","overlay-opacity":"","overlay-gradient":""},"mobile":{"background-color":"var(--ast-global-color-5)","background-image":"","background-repeat":"repeat","background-position":"center center","background-size":"auto","background-attachment":"scroll","background-type":"","background-media":"","overlay-type":"","overlay-color":"","overlay-opacity":"","overlay-gradient":""}},"_joinchat":[]},"product_brand":[],"product_cat":[32,33],"product_tag":[],"class_list":{"0":"post-1204","1":"product","2":"type-product","3":"status-publish","4":"has-post-thumbnail","6":"product_cat-fleur-de-chanvre","7":"product_cat-thc-beuh","8":"desktop-align-left","9":"tablet-align-left","10":"mobile-align-left","12":"first","13":"instock","14":"shipping-taxable","15":"purchasable","16":"product-type-variable"},"yoast_head":"<!-- This site is optimized with the Yoast SEO Premium plugin v24.1 (Yoast SEO v26.8) - https:\/\/yoast.com\/product\/yoast-seo-premium-wordpress\/ -->\n<title>Acheter Birthday Cake Weed | Vari\u00e9t\u00e9 de Cannabis Premium<\/title>\n<meta name=\"description\" content=\"Birthday Cake Weed, un vari\u00e9t\u00e9 de cannabis savoureuse et puissante aux ar\u00f4mes sucr\u00e9s. Parfaite pour se d\u00e9tendre, commandez avec livraison discr\u00e8te et rapide\" \/>\n<meta name=\"robots\" content=\"index, follow, max-snippet:-1, max-image-preview:large, max-video-preview:-1\" \/>\n<link rel=\"canonical\" href=\"https:\/\/beuhparadis.com\/sk\/product\/birthday-cake-kush\/\" \/>\n<meta property=\"og:locale\" content=\"sk_SK\" \/>\n<meta property=\"og:type\" content=\"article\" \/>\n<meta property=\"og:title\" content=\"Birthday Cake Kush\" \/>\n<meta property=\"og:description\" content=\"Birthday Cake Weed, un vari\u00e9t\u00e9 de cannabis savoureuse et puissante aux ar\u00f4mes sucr\u00e9s. Parfaite pour se d\u00e9tendre, commandez avec livraison discr\u00e8te et rapide\" \/>\n<meta property=\"og:url\" content=\"https:\/\/beuhparadis.com\/sk\/product\/birthday-cake-kush\/\" \/>\n<meta property=\"og:site_name\" content=\"Beuh Paradis\" \/>\n<meta property=\"article:modified_time\" content=\"2025-01-26T16:30:14+00:00\" \/>\n<meta property=\"og:image\" content=\"https:\/\/beuhparadis.com\/wp-content\/uploads\/2024\/12\/Birthday-Cake-Kush.webp\" \/>\n\t<meta property=\"og:image:width\" content=\"500\" \/>\n\t<meta property=\"og:image:height\" content=\"500\" \/>\n\t<meta property=\"og:image:type\" content=\"image\/webp\" \/>\n<meta name=\"twitter:card\" content=\"summary_large_image\" \/>\n<meta name=\"twitter:label1\" content=\"Predpokladan\u00fd \u010das \u010d\u00edtania\" \/>\n\t<meta name=\"twitter:data1\" content=\"2 minutes\" \/>\n<script type=\"application\/ld+json\" class=\"yoast-schema-graph\">{\"@context\":\"https:\/\/schema.org\",\"@graph\":[{\"@type\":\"WebPage\",\"@id\":\"https:\/\/beuhparadis.com\/product\/birthday-cake-kush\/\",\"url\":\"https:\/\/beuhparadis.com\/product\/birthday-cake-kush\/\",\"name\":\"Acheter Birthday Cake Weed | Vari\u00e9t\u00e9 de Cannabis Premium\",\"isPartOf\":{\"@id\":\"https:\/\/beuhparadis.com\/#website\"},\"primaryImageOfPage\":{\"@id\":\"https:\/\/beuhparadis.com\/product\/birthday-cake-kush\/#primaryimage\"},\"image\":{\"@id\":\"https:\/\/beuhparadis.com\/product\/birthday-cake-kush\/#primaryimage\"},\"thumbnailUrl\":\"https:\/\/beuhparadis.com\/wp-content\/uploads\/2024\/12\/Birthday-Cake-Kush.webp\",\"datePublished\":\"2024-12-10T23:38:48+00:00\",\"dateModified\":\"2025-01-26T16:30:14+00:00\",\"description\":\"Birthday Cake Weed, un vari\u00e9t\u00e9 de cannabis savoureuse et puissante aux ar\u00f4mes sucr\u00e9s. Parfaite pour se d\u00e9tendre, commandez avec livraison discr\u00e8te et rapide\",\"breadcrumb\":{\"@id\":\"https:\/\/beuhparadis.com\/product\/birthday-cake-kush\/#breadcrumb\"},\"inLanguage\":\"sk-SK\",\"potentialAction\":[{\"@type\":\"ReadAction\",\"target\":[\"https:\/\/beuhparadis.com\/product\/birthday-cake-kush\/\"]}]},{\"@type\":\"ImageObject\",\"inLanguage\":\"sk-SK\",\"@id\":\"https:\/\/beuhparadis.com\/product\/birthday-cake-kush\/#primaryimage\",\"url\":\"https:\/\/beuhparadis.com\/wp-content\/uploads\/2024\/12\/Birthday-Cake-Kush.webp\",\"contentUrl\":\"https:\/\/beuhparadis.com\/wp-content\/uploads\/2024\/12\/Birthday-Cake-Kush.webp\",\"width\":500,\"height\":500},{\"@type\":\"BreadcrumbList\",\"@id\":\"https:\/\/beuhparadis.com\/product\/birthday-cake-kush\/#breadcrumb\",\"itemListElement\":[{\"@type\":\"ListItem\",\"position\":1,\"name\":\"Home\",\"item\":\"https:\/\/beuhparadis.com\/\"},{\"@type\":\"ListItem\",\"position\":2,\"name\":\"Shop\",\"item\":\"https:\/\/beuhparadis.com\/shop\/\"},{\"@type\":\"ListItem\",\"position\":3,\"name\":\"Birthday Cake Kush\"}]},{\"@type\":\"WebSite\",\"@id\":\"https:\/\/beuhparadis.com\/#website\",\"url\":\"https:\/\/beuhparadis.com\/\",\"name\":\"Beuh Paradis\",\"description\":\"\",\"potentialAction\":[{\"@type\":\"SearchAction\",\"target\":{\"@type\":\"EntryPoint\",\"urlTemplate\":\"https:\/\/beuhparadis.com\/?s={search_term_string}\"},\"query-input\":{\"@type\":\"PropertyValueSpecification\",\"valueRequired\":true,\"valueName\":\"search_term_string\"}}],\"inLanguage\":\"sk-SK\"}]}<\/script>\n<!-- \/ Yoast SEO Premium plugin. -->","yoast_head_json":{"title":"K\u00fapi\u0165 Birthday Cake Weed | Premium Cannabis Variety","description":"Birthday Cake Weed, chutn\u00fd, siln\u00fd kme\u0148 konope so sladkou v\u00f4\u0148ou. Ide\u00e1lna na relax\u00e1ciu, objedn\u00e1vka s r\u00fdchlym a diskr\u00e9tnym doru\u010den\u00edm.","robots":{"index":"index","follow":"follow","max-snippet":"max-snippet:-1","max-image-preview":"max-image-preview:large","max-video-preview":"max-video-preview:-1"},"canonical":"https:\/\/beuhparadis.com\/sk\/product\/birthday-cake-kush\/","og_locale":"sk_SK","og_type":"article","og_title":"Birthday Cake Kush","og_description":"Birthday Cake Weed, un vari\u00e9t\u00e9 de cannabis savoureuse et puissante aux ar\u00f4mes sucr\u00e9s. Parfaite pour se d\u00e9tendre, commandez avec livraison discr\u00e8te et rapide","og_url":"https:\/\/beuhparadis.com\/sk\/product\/birthday-cake-kush\/","og_site_name":"Beuh Paradis","article_modified_time":"2025-01-26T16:30:14+00:00","og_image":[{"width":500,"height":500,"url":"https:\/\/beuhparadis.com\/wp-content\/uploads\/2024\/12\/Birthday-Cake-Kush.webp","type":"image\/webp"}],"twitter_card":"summary_large_image","twitter_misc":{"Predpokladan\u00fd \u010das \u010d\u00edtania":"2 minutes"},"schema":{"@context":"https:\/\/schema.org","@graph":[{"@type":"WebPage","@id":"https:\/\/beuhparadis.com\/product\/birthday-cake-kush\/","url":"https:\/\/beuhparadis.com\/product\/birthday-cake-kush\/","name":"K\u00fapi\u0165 Birthday Cake Weed | Premium Cannabis Variety","isPartOf":{"@id":"https:\/\/beuhparadis.com\/#website"},"primaryImageOfPage":{"@id":"https:\/\/beuhparadis.com\/product\/birthday-cake-kush\/#primaryimage"},"image":{"@id":"https:\/\/beuhparadis.com\/product\/birthday-cake-kush\/#primaryimage"},"thumbnailUrl":"https:\/\/beuhparadis.com\/wp-content\/uploads\/2024\/12\/Birthday-Cake-Kush.webp","datePublished":"2024-12-10T23:38:48+00:00","dateModified":"2025-01-26T16:30:14+00:00","description":"Birthday Cake Weed, chutn\u00fd, siln\u00fd kme\u0148 konope so sladkou v\u00f4\u0148ou. Ide\u00e1lna na relax\u00e1ciu, objedn\u00e1vka s r\u00fdchlym a diskr\u00e9tnym doru\u010den\u00edm.","breadcrumb":{"@id":"https:\/\/beuhparadis.com\/product\/birthday-cake-kush\/#breadcrumb"},"inLanguage":"sk-SK","potentialAction":[{"@type":"ReadAction","target":["https:\/\/beuhparadis.com\/product\/birthday-cake-kush\/"]}]},{"@type":"ImageObject","inLanguage":"sk-SK","@id":"https:\/\/beuhparadis.com\/product\/birthday-cake-kush\/#primaryimage","url":"https:\/\/beuhparadis.com\/wp-content\/uploads\/2024\/12\/Birthday-Cake-Kush.webp","contentUrl":"https:\/\/beuhparadis.com\/wp-content\/uploads\/2024\/12\/Birthday-Cake-Kush.webp","width":500,"height":500},{"@type":"BreadcrumbList","@id":"https:\/\/beuhparadis.com\/product\/birthday-cake-kush\/#breadcrumb","itemListElement":[{"@type":"ListItem","position":1,"name":"Home","item":"https:\/\/beuhparadis.com\/"},{"@type":"ListItem","position":2,"name":"Shop","item":"https:\/\/beuhparadis.com\/shop\/"},{"@type":"ListItem","position":3,"name":"Birthday Cake Kush"}]},{"@type":"WebSite","@id":"https:\/\/beuhparadis.com\/#website","url":"https:\/\/beuhparadis.com\/","name":"Beuh Paradis","description":"","potentialAction":[{"@type":"SearchAction","target":{"@type":"EntryPoint","urlTemplate":"https:\/\/beuhparadis.com\/?s={search_term_string}"},"query-input":{"@type":"PropertyValueSpecification","valueRequired":true,"valueName":"search_term_string"}}],"inLanguage":"sk-SK"}]}},"_links":{"self":[{"href":"https:\/\/beuhparadis.com\/sk\/wp-json\/wp\/v2\/product\/1204","targetHints":{"allow":["GET"]}}],"collection":[{"href":"https:\/\/beuhparadis.com\/sk\/wp-json\/wp\/v2\/product"}],"about":[{"href":"https:\/\/beuhparadis.com\/sk\/wp-json\/wp\/v2\/types\/product"}],"replies":[{"embeddable":true,"href":"https:\/\/beuhparadis.com\/sk\/wp-json\/wp\/v2\/comments?post=1204"}],"wp:featuredmedia":[{"embeddable":true,"href":"https:\/\/beuhparadis.com\/sk\/wp-json\/wp\/v2\/media\/1214"}],"wp:attachment":[{"href":"https:\/\/beuhparadis.com\/sk\/wp-json\/wp\/v2\/media?parent=1204"}],"wp:term":[{"taxonomy":"product_brand","embeddable":true,"href":"https:\/\/beuhparadis.com\/sk\/wp-json\/wp\/v2\/product_brand?post=1204"},{"taxonomy":"product_cat","embeddable":true,"href":"https:\/\/beuhparadis.com\/sk\/wp-json\/wp\/v2\/product_cat?post=1204"},{"taxonomy":"product_tag","embeddable":true,"href":"https:\/\/beuhparadis.com\/sk\/wp-json\/wp\/v2\/product_tag?post=1204"}],"curies":[{"name":"wp","href":"https:\/\/api.w.org\/{rel}","templated":true}]}}