{"id":1199,"date":"2024-12-10T23:38:48","date_gmt":"2024-12-10T23:38:48","guid":{"rendered":"https:\/\/beuhparadis.com\/?post_type=product&#038;p=1199"},"modified":"2025-01-26T16:35:46","modified_gmt":"2025-01-26T16:35:46","slug":"cannatonic-weed","status":"publish","type":"product","link":"https:\/\/beuhparadis.com\/sk\/product\/cannatonic-weed\/","title":{"rendered":"Cannatonic Weed"},"content":{"rendered":"<h1 class=\"wp-block-heading\">K\u00fapi\u0165 Cannatonic Weed: The Ultimate Medicinal Strain<\/h1>\n<p>Cannatonic Weed je kme\u0148 konope bohat\u00fd najm\u00e4 na CBD, ktor\u00fd vznikol skr\u00ed\u017een\u00edm MK Ultra a G13 Haze. Tento kme\u0148, zn\u00e1my svojimi relaxa\u010dn\u00fdmi \u00fa\u010dinkami, vynik\u00e1 schopnos\u0165ou poskytn\u00fa\u0165 hlbok\u00fa relax\u00e1ciu a z\u00e1rove\u0148 stimulova\u0165 pocit bdelosti a koncentr\u00e1cie.<\/p>\n<p><strong>K\u013e\u00fa\u010dov\u00e9 inform\u00e1cie<\/strong><\/p>\n<ul class=\"wp-block-list\">\n<li><strong>Typ :<\/strong> Hlavne CBD<\/li>\n<li><strong>Genetika :<\/strong> Kr\u00ed\u017eenie MK Ultra a G13 Haze<\/li>\n<li><strong>V\u00fdroba :<\/strong> Starostlivo pestovan\u00e9 na zabezpe\u010denie vysok\u00e9ho obsahu CBD<\/li>\n<\/ul>\n<h2 class=\"wp-block-heading\">THC a CBD<\/h2>\n<ul class=\"wp-block-list\">\n<li><strong>THC :<\/strong> N\u00edzka<\/li>\n<li><strong>CBD :<\/strong> V\u010faka tomu je Cannatonic Weed ide\u00e1lny pre pacientov, ktor\u00ed h\u013eadaj\u00fa terapeutick\u00e9 v\u00fdhody bez intenz\u00edvnych psychoakt\u00edvnych \u00fa\u010dinkov.<\/li>\n<\/ul>\n<h2 class=\"wp-block-heading\">Kde si m\u00f4\u017eem k\u00fapi\u0165 Cannatonic Weed online?<\/h2>\n<p>Cannatonic Weed je k dispoz\u00edcii na \u0161pecializovan\u00fdch platform\u00e1ch, ako je Acheterducannabis, ktor\u00e9 pon\u00fakaj\u00fa dokonal\u00fa kvalitu a \u00fapln\u00fd s\u00falad s eur\u00f3pskymi z\u00e1konmi o konope.<\/p>\n<h2 class=\"wp-block-heading\">\u00da\u010dinky, v\u00f4\u0148a a chu\u0165 lieku Cannatonic<\/h2>\n<h3 class=\"wp-block-heading\">\u00da\u010dinok<\/h3>\n<ul class=\"wp-block-list\">\n<li><strong>Pocit :<\/strong> Uvo\u013enenie, koncentr\u00e1cia a povznesenie ducha<\/li>\n<li><strong>Ide\u00e1lne pre :<\/strong> lek\u00e1rske pou\u017eitie, napr\u00edklad na lie\u010dbu bolesti, svalov\u00fdch k\u0155\u010dov, \u00fazkosti a migr\u00e9ny<\/li>\n<\/ul>\n<h3 class=\"wp-block-heading\">Ar\u00f3ma<\/h3>\n<p>Mierne zemit\u00e1 v\u00f4\u0148a so sladk\u00fdmi citrusov\u00fdmi t\u00f3nmi, charakteristick\u00e1 pre kme\u0148 Cannatonic.<\/p>\n<h3 class=\"wp-block-heading\">Chu\u0165<\/h3>\n<p>Drevit\u00e1, korenist\u00e1\/bylinn\u00e1 a borovicov\u00e1 chu\u0165 obohacuje z\u00e1\u017eitok z pitia tohto jedine\u010dn\u00e9ho kme\u0148a.<\/p>\n<h2 class=\"wp-block-heading\">Zdravotn\u00e9 \u00fa\u010dinky lieku Cannatonic<\/h2>\n<p>Lek\u00e1rski pacienti si vyberaj\u00fa Cannatonic Weed pre jeho potenci\u00e1l zmierni\u0165 :<\/p>\n<ul class=\"wp-block-list\">\n<li>Boles\u0165<\/li>\n<li>Stres<\/li>\n<li>\u00dazkos\u0165<\/li>\n<\/ul>\n<h2 class=\"wp-block-heading\">Pre\u010do k\u00fapi\u0165 Cannatonic Weed na beuhparadis?<\/h2>\n<p>Rozhodnite sa pre <a href=\"https:\/\/beuhparadis.com\/sk\" data-type=\"link\" data-id=\"https:\/\/acheterducannabis.fr\/\">beuhparadis<\/a> k\u00fapi\u0165 Cannatonic Weed a vyu\u017ei\u0165 odborn\u00e9 poradenstvo, zaru\u010den\u00fa kvalitu a dodanie v s\u00falade s eur\u00f3pskymi predpismi.<\/p>\n<h2 class=\"wp-block-heading\">Eur\u00f3pske pr\u00e1vne predpisy o predaji lieku Cannatonic<\/h2>\n<p>Predaj kme\u0148a Cannatonic, rovnako ako v\u0161etk\u00fdch kme\u0148ov konope, sa pr\u00edsne riadi normami stanoven\u00fdmi v Eur\u00f3pe, \u010do zaru\u010duje spr\u00e1vnu koncentr\u00e1ciu THC a leg\u00e1lny pr\u00edstup pre dospel\u00fdch spotrebite\u013eov.<\/p>\n<p>Cannatonic Weed je z\u00e1kladn\u00fdm rie\u0161en\u00edm pre pou\u017e\u00edvate\u013eov, ktor\u00ed h\u013eadaj\u00fa \u00fa\u013eavu bez omamn\u00fdch \u00fa\u010dinkov \u010dasto spojen\u00fdch s THC. \u010ci u\u017e na lek\u00e1rske pou\u017eitie, alebo len na relax\u00e1ciu, <a href=\"https:\/\/www.cannaconnection.com\/strains\/cannatonic\" data-type=\"link\" data-id=\"https:\/\/www.cannaconnection.com\/strains\/cannatonic\">Cannatonic kme\u0148<\/a> pon\u00faka obohacuj\u00faci z\u00e1\u017eitok, ktor\u00fd poukazuje na v\u00fdhody CBD. Objavte tento v\u00fdnimo\u010dn\u00fd kme\u0148 a mnoh\u00e9 \u010fal\u0161ie na Acheterducannabis, va\u0161ej ob\u013e\u00fabenej destin\u00e1cii pre vysokokvalitn\u00e9 konopn\u00e9 produkty v Eur\u00f3pe.<\/p>","protected":false},"excerpt":{"rendered":"<p><strong>THC :<\/strong> 7 % - 8 %, CBD : 14 %, CBN : 1 % <strong>\u00da\u010dinky<\/strong> Upokojuj\u00face, \u0161\u0165astn\u00e9, jemn\u00e9, relaxa\u010dn\u00e9, povzbudzuj\u00face <strong>M\u00f4\u017ee zmierni\u0165<\/strong> \u00dazkos\u0165, chronick\u00e1 boles\u0165, k\u0155\u010de, bolesti hlavy, migr\u00e9ny, svalov\u00e9 k\u0155\u010de, stres<\/p>","protected":false},"featured_media":1213,"comment_status":"closed","ping_status":"closed","template":"","meta":{"site-sidebar-layout":"default","site-content-layout":"","ast-site-content-layout":"default","site-content-style":"default","site-sidebar-style":"default","ast-global-header-display":"","ast-banner-title-visibility":"","ast-main-header-display":"","ast-hfb-above-header-display":"","ast-hfb-below-header-display":"","ast-hfb-mobile-header-display":"","site-post-title":"","ast-breadcrumbs-content":"","ast-featured-img":"","footer-sml-layout":"","theme-transparent-header-meta":"default","adv-header-id-meta":"","stick-header-meta":"","header-above-stick-meta":"","header-main-stick-meta":"","header-below-stick-meta":"","astra-migrate-meta-layouts":"set","ast-page-background-enabled":"default","ast-page-background-meta":{"desktop":{"background-color":"","background-image":"","background-repeat":"repeat","background-position":"center center","background-size":"auto","background-attachment":"scroll","background-type":"","background-media":"","overlay-type":"","overlay-color":"","overlay-opacity":"","overlay-gradient":""},"tablet":{"background-color":"","background-image":"","background-repeat":"repeat","background-position":"center center","background-size":"auto","background-attachment":"scroll","background-type":"","background-media":"","overlay-type":"","overlay-color":"","overlay-opacity":"","overlay-gradient":""},"mobile":{"background-color":"","background-image":"","background-repeat":"repeat","background-position":"center center","background-size":"auto","background-attachment":"scroll","background-type":"","background-media":"","overlay-type":"","overlay-color":"","overlay-opacity":"","overlay-gradient":""}},"ast-content-background-meta":{"desktop":{"background-color":"var(--ast-global-color-5)","background-image":"","background-repeat":"repeat","background-position":"center center","background-size":"auto","background-attachment":"scroll","background-type":"","background-media":"","overlay-type":"","overlay-color":"","overlay-opacity":"","overlay-gradient":""},"tablet":{"background-color":"var(--ast-global-color-5)","background-image":"","background-repeat":"repeat","background-position":"center center","background-size":"auto","background-attachment":"scroll","background-type":"","background-media":"","overlay-type":"","overlay-color":"","overlay-opacity":"","overlay-gradient":""},"mobile":{"background-color":"var(--ast-global-color-5)","background-image":"","background-repeat":"repeat","background-position":"center center","background-size":"auto","background-attachment":"scroll","background-type":"","background-media":"","overlay-type":"","overlay-color":"","overlay-opacity":"","overlay-gradient":""}},"_joinchat":[]},"product_brand":[],"product_cat":[32,33],"product_tag":[],"class_list":{"0":"post-1199","1":"product","2":"type-product","3":"status-publish","4":"has-post-thumbnail","6":"product_cat-fleur-de-chanvre","7":"product_cat-thc-beuh","8":"desktop-align-left","9":"tablet-align-left","10":"mobile-align-left","12":"first","13":"instock","14":"shipping-taxable","15":"purchasable","16":"product-type-variable"},"yoast_head":"<!-- This site is optimized with the Yoast SEO Premium plugin v24.1 (Yoast SEO v26.8) - https:\/\/yoast.com\/product\/yoast-seo-premium-wordpress\/ -->\n<title>Acheter Cannatonic Weed | Cannabis \u00e0 Haute Teneur en CBD<\/title>\n<meta name=\"description\" content=\"Acheter Cannatonic Weed ? D\u00e9couvrez cette vari\u00e9t\u00e9 \u00e9quilibr\u00e9e, riche en CBD et faible en THC, id\u00e9ale pour la relaxation sans effets psychoactifs intenses. C\" \/>\n<meta name=\"robots\" content=\"index, follow, max-snippet:-1, max-image-preview:large, max-video-preview:-1\" \/>\n<link rel=\"canonical\" href=\"https:\/\/beuhparadis.com\/sk\/product\/cannatonic-weed\/\" \/>\n<meta property=\"og:locale\" content=\"sk_SK\" \/>\n<meta property=\"og:type\" content=\"article\" \/>\n<meta property=\"og:title\" content=\"Cannatonic Weed\" \/>\n<meta property=\"og:description\" content=\"Acheter Cannatonic Weed ? D\u00e9couvrez cette vari\u00e9t\u00e9 \u00e9quilibr\u00e9e, riche en CBD et faible en THC, id\u00e9ale pour la relaxation sans effets psychoactifs intenses. C\" \/>\n<meta property=\"og:url\" content=\"https:\/\/beuhparadis.com\/sk\/product\/cannatonic-weed\/\" \/>\n<meta property=\"og:site_name\" content=\"Beuh Paradis\" \/>\n<meta property=\"article:modified_time\" content=\"2025-01-26T16:35:46+00:00\" \/>\n<meta property=\"og:image\" content=\"https:\/\/beuhparadis.com\/wp-content\/uploads\/2024\/12\/Cannatonic-Weed.webp\" \/>\n\t<meta property=\"og:image:width\" content=\"500\" \/>\n\t<meta property=\"og:image:height\" content=\"500\" \/>\n\t<meta property=\"og:image:type\" content=\"image\/webp\" \/>\n<meta name=\"twitter:card\" content=\"summary_large_image\" \/>\n<meta name=\"twitter:label1\" content=\"Predpokladan\u00fd \u010das \u010d\u00edtania\" \/>\n\t<meta name=\"twitter:data1\" content=\"2 minutes\" \/>\n<script type=\"application\/ld+json\" class=\"yoast-schema-graph\">{\"@context\":\"https:\/\/schema.org\",\"@graph\":[{\"@type\":\"WebPage\",\"@id\":\"https:\/\/beuhparadis.com\/product\/cannatonic-weed\/\",\"url\":\"https:\/\/beuhparadis.com\/product\/cannatonic-weed\/\",\"name\":\"Acheter Cannatonic Weed | Cannabis \u00e0 Haute Teneur en CBD\",\"isPartOf\":{\"@id\":\"https:\/\/beuhparadis.com\/#website\"},\"primaryImageOfPage\":{\"@id\":\"https:\/\/beuhparadis.com\/product\/cannatonic-weed\/#primaryimage\"},\"image\":{\"@id\":\"https:\/\/beuhparadis.com\/product\/cannatonic-weed\/#primaryimage\"},\"thumbnailUrl\":\"https:\/\/beuhparadis.com\/wp-content\/uploads\/2024\/12\/Cannatonic-Weed.webp\",\"datePublished\":\"2024-12-10T23:38:48+00:00\",\"dateModified\":\"2025-01-26T16:35:46+00:00\",\"description\":\"Acheter Cannatonic Weed ? D\u00e9couvrez cette vari\u00e9t\u00e9 \u00e9quilibr\u00e9e, riche en CBD et faible en THC, id\u00e9ale pour la relaxation sans effets psychoactifs intenses. C\",\"breadcrumb\":{\"@id\":\"https:\/\/beuhparadis.com\/product\/cannatonic-weed\/#breadcrumb\"},\"inLanguage\":\"sk-SK\",\"potentialAction\":[{\"@type\":\"ReadAction\",\"target\":[\"https:\/\/beuhparadis.com\/product\/cannatonic-weed\/\"]}]},{\"@type\":\"ImageObject\",\"inLanguage\":\"sk-SK\",\"@id\":\"https:\/\/beuhparadis.com\/product\/cannatonic-weed\/#primaryimage\",\"url\":\"https:\/\/beuhparadis.com\/wp-content\/uploads\/2024\/12\/Cannatonic-Weed.webp\",\"contentUrl\":\"https:\/\/beuhparadis.com\/wp-content\/uploads\/2024\/12\/Cannatonic-Weed.webp\",\"width\":500,\"height\":500},{\"@type\":\"BreadcrumbList\",\"@id\":\"https:\/\/beuhparadis.com\/product\/cannatonic-weed\/#breadcrumb\",\"itemListElement\":[{\"@type\":\"ListItem\",\"position\":1,\"name\":\"Home\",\"item\":\"https:\/\/beuhparadis.com\/\"},{\"@type\":\"ListItem\",\"position\":2,\"name\":\"Shop\",\"item\":\"https:\/\/beuhparadis.com\/shop\/\"},{\"@type\":\"ListItem\",\"position\":3,\"name\":\"Cannatonic Weed\"}]},{\"@type\":\"WebSite\",\"@id\":\"https:\/\/beuhparadis.com\/#website\",\"url\":\"https:\/\/beuhparadis.com\/\",\"name\":\"Beuh Paradis\",\"description\":\"\",\"potentialAction\":[{\"@type\":\"SearchAction\",\"target\":{\"@type\":\"EntryPoint\",\"urlTemplate\":\"https:\/\/beuhparadis.com\/?s={search_term_string}\"},\"query-input\":{\"@type\":\"PropertyValueSpecification\",\"valueRequired\":true,\"valueName\":\"search_term_string\"}}],\"inLanguage\":\"sk-SK\"}]}<\/script>\n<!-- \/ Yoast SEO Premium plugin. -->","yoast_head_json":{"title":"K\u00fapi\u0165 Cannatonic Weed | Konope s vysok\u00fdm obsahom CBD","description":"K\u00fapi\u0165 Cannatonic Weed? Objavte t\u00fato vyv\u00e1\u017een\u00fa odrodu s vysok\u00fdm obsahom CBD a n\u00edzkym obsahom THC, ktor\u00e1 je ide\u00e1lna na relax\u00e1ciu bez intenz\u00edvnych psychoakt\u00edvnych \u00fa\u010dinkov. C","robots":{"index":"index","follow":"follow","max-snippet":"max-snippet:-1","max-image-preview":"max-image-preview:large","max-video-preview":"max-video-preview:-1"},"canonical":"https:\/\/beuhparadis.com\/sk\/product\/cannatonic-weed\/","og_locale":"sk_SK","og_type":"article","og_title":"Cannatonic Weed","og_description":"Acheter Cannatonic Weed ? D\u00e9couvrez cette vari\u00e9t\u00e9 \u00e9quilibr\u00e9e, riche en CBD et faible en THC, id\u00e9ale pour la relaxation sans effets psychoactifs intenses. C","og_url":"https:\/\/beuhparadis.com\/sk\/product\/cannatonic-weed\/","og_site_name":"Beuh Paradis","article_modified_time":"2025-01-26T16:35:46+00:00","og_image":[{"width":500,"height":500,"url":"https:\/\/beuhparadis.com\/wp-content\/uploads\/2024\/12\/Cannatonic-Weed.webp","type":"image\/webp"}],"twitter_card":"summary_large_image","twitter_misc":{"Predpokladan\u00fd \u010das \u010d\u00edtania":"2 minutes"},"schema":{"@context":"https:\/\/schema.org","@graph":[{"@type":"WebPage","@id":"https:\/\/beuhparadis.com\/product\/cannatonic-weed\/","url":"https:\/\/beuhparadis.com\/product\/cannatonic-weed\/","name":"K\u00fapi\u0165 Cannatonic Weed | Konope s vysok\u00fdm obsahom CBD","isPartOf":{"@id":"https:\/\/beuhparadis.com\/#website"},"primaryImageOfPage":{"@id":"https:\/\/beuhparadis.com\/product\/cannatonic-weed\/#primaryimage"},"image":{"@id":"https:\/\/beuhparadis.com\/product\/cannatonic-weed\/#primaryimage"},"thumbnailUrl":"https:\/\/beuhparadis.com\/wp-content\/uploads\/2024\/12\/Cannatonic-Weed.webp","datePublished":"2024-12-10T23:38:48+00:00","dateModified":"2025-01-26T16:35:46+00:00","description":"K\u00fapi\u0165 Cannatonic Weed? Objavte t\u00fato vyv\u00e1\u017een\u00fa odrodu s vysok\u00fdm obsahom CBD a n\u00edzkym obsahom THC, ktor\u00e1 je ide\u00e1lna na relax\u00e1ciu bez intenz\u00edvnych psychoakt\u00edvnych \u00fa\u010dinkov. C","breadcrumb":{"@id":"https:\/\/beuhparadis.com\/product\/cannatonic-weed\/#breadcrumb"},"inLanguage":"sk-SK","potentialAction":[{"@type":"ReadAction","target":["https:\/\/beuhparadis.com\/product\/cannatonic-weed\/"]}]},{"@type":"ImageObject","inLanguage":"sk-SK","@id":"https:\/\/beuhparadis.com\/product\/cannatonic-weed\/#primaryimage","url":"https:\/\/beuhparadis.com\/wp-content\/uploads\/2024\/12\/Cannatonic-Weed.webp","contentUrl":"https:\/\/beuhparadis.com\/wp-content\/uploads\/2024\/12\/Cannatonic-Weed.webp","width":500,"height":500},{"@type":"BreadcrumbList","@id":"https:\/\/beuhparadis.com\/product\/cannatonic-weed\/#breadcrumb","itemListElement":[{"@type":"ListItem","position":1,"name":"Home","item":"https:\/\/beuhparadis.com\/"},{"@type":"ListItem","position":2,"name":"Shop","item":"https:\/\/beuhparadis.com\/shop\/"},{"@type":"ListItem","position":3,"name":"Cannatonic Weed"}]},{"@type":"WebSite","@id":"https:\/\/beuhparadis.com\/#website","url":"https:\/\/beuhparadis.com\/","name":"Beuh Paradis","description":"","potentialAction":[{"@type":"SearchAction","target":{"@type":"EntryPoint","urlTemplate":"https:\/\/beuhparadis.com\/?s={search_term_string}"},"query-input":{"@type":"PropertyValueSpecification","valueRequired":true,"valueName":"search_term_string"}}],"inLanguage":"sk-SK"}]}},"_links":{"self":[{"href":"https:\/\/beuhparadis.com\/sk\/wp-json\/wp\/v2\/product\/1199","targetHints":{"allow":["GET"]}}],"collection":[{"href":"https:\/\/beuhparadis.com\/sk\/wp-json\/wp\/v2\/product"}],"about":[{"href":"https:\/\/beuhparadis.com\/sk\/wp-json\/wp\/v2\/types\/product"}],"replies":[{"embeddable":true,"href":"https:\/\/beuhparadis.com\/sk\/wp-json\/wp\/v2\/comments?post=1199"}],"wp:featuredmedia":[{"embeddable":true,"href":"https:\/\/beuhparadis.com\/sk\/wp-json\/wp\/v2\/media\/1213"}],"wp:attachment":[{"href":"https:\/\/beuhparadis.com\/sk\/wp-json\/wp\/v2\/media?parent=1199"}],"wp:term":[{"taxonomy":"product_brand","embeddable":true,"href":"https:\/\/beuhparadis.com\/sk\/wp-json\/wp\/v2\/product_brand?post=1199"},{"taxonomy":"product_cat","embeddable":true,"href":"https:\/\/beuhparadis.com\/sk\/wp-json\/wp\/v2\/product_cat?post=1199"},{"taxonomy":"product_tag","embeddable":true,"href":"https:\/\/beuhparadis.com\/sk\/wp-json\/wp\/v2\/product_tag?post=1199"}],"curies":[{"name":"wp","href":"https:\/\/api.w.org\/{rel}","templated":true}]}}