{"id":1194,"date":"2024-12-10T23:38:48","date_gmt":"2024-12-10T23:38:48","guid":{"rendered":"https:\/\/beuhparadis.com\/?post_type=product&#038;p=1194"},"modified":"2025-01-26T16:26:26","modified_gmt":"2025-01-26T16:26:26","slug":"lions-cake","status":"publish","type":"product","link":"https:\/\/beuhparadis.com\/sk\/product\/lions-cake\/","title":{"rendered":"Lev\u00ed kol\u00e1\u010d"},"content":{"rendered":"<h1 class=\"wp-block-heading\">K\u00fapi\u0165 Lion's Cake Weed: Hybrid s euforick\u00fdmi \u00fa\u010dinkami<\/h1>\n<p>Lion's Cake Weed, jedine\u010dn\u00fd hybridn\u00fd kme\u0148, je kr\u00ed\u017eencom The Original Z a Lava Cake. Je cenen\u00fd pre svoje povzbudzuj\u00face \u00fa\u010dinky a pon\u00faka euforick\u00fd a uspokojuj\u00faci z\u00e1\u017eitok, ide\u00e1lny pre znalcov, ktor\u00ed h\u013eadaj\u00fa nov\u00e9 pocity.<\/p>\n<h2 class=\"wp-block-heading\">Inform\u00e1cie o kmeni Lion's Cake<\/h2>\n<ul class=\"wp-block-list\">\n<li><strong>Typ :<\/strong> Hybrid<\/li>\n<li><strong>Genetika :<\/strong> Kr\u00ed\u017eenie origin\u00e1lu Z a l\u00e1vov\u00e9ho kol\u00e1\u010da<\/li>\n<li><strong>V\u00fdrobca :<\/strong> Odborn\u00ed pestovatelia konope<\/li>\n<\/ul>\n<h2 class=\"wp-block-heading\">THC a CBD<\/h2>\n<ul class=\"wp-block-list\">\n<li><strong>THC :<\/strong> 26%, ktor\u00fd zaru\u010duje vysok\u00fd v\u00fdkon<\/li>\n<li><strong>CBG :<\/strong> 1%, \u010d\u00edm sa obohacuje jeho kanabinoidn\u00fd profil<\/li>\n<\/ul>\n<h2 class=\"wp-block-heading\">Kde si m\u00f4\u017eem k\u00fapi\u0165 Lion's Cake Weed online?<\/h2>\n<p>Objavte Lion's Cake Weed na renomovan\u00fdch online platform\u00e1ch, ako je Acheterducannabis, ktor\u00e9 pon\u00fakaj\u00fa pr\u00edsny v\u00fdber najlep\u0161\u00edch kme\u0148ov pre maxim\u00e1lnu spokojnos\u0165.<\/p>\n<h2 class=\"wp-block-heading\">\u00da\u010dinky, ar\u00f3ma a chu\u0165 Lion's Cake<\/h2>\n<h3 class=\"wp-block-heading\">\u00da\u010dinok<\/h3>\n<ul class=\"wp-block-list\">\n<li><strong>Pocit :<\/strong> Euf\u00f3ria, hlad, vzru\u0161enie<\/li>\n<li><strong>Ide\u00e1lne pre :<\/strong> Hlbok\u00e1 relax\u00e1cia alebo povzbudenie tvorivej energie<\/li>\n<\/ul>\n<h3 class=\"wp-block-heading\">Ar\u00f3ma<\/h3>\n<p>Podmaniv\u00e1 zmes \u010dpavku a dreva sved\u010d\u00ed o jej jedine\u010dnosti a aromatickej komplexnosti.<\/p>\n<h3 class=\"wp-block-heading\">Chu\u0165<\/h3>\n<p>Chu\u0165 Lion's Cake Weed evokuje harm\u00f3niu dreva a jemn\u00fdch nu\u00e1ns a pon\u00faka bohat\u00fd a uspokojiv\u00fd chu\u0165ov\u00fd z\u00e1\u017eitok.<\/p>\n<h2 class=\"wp-block-heading\">Zdravotn\u00e9 \u00fa\u010dinky<\/h2>\n<p>Lev\u00ed kol\u00e1\u010d je vyh\u013ead\u00e1van\u00fd pre svoje potenci\u00e1lne \u00fa\u010dinky na :<\/p>\n<ul class=\"wp-block-list\">\n<li>K\u0155\u010de<\/li>\n<li>Boles\u0165<\/li>\n<li>Stres<\/li>\n<\/ul>\n<h2 class=\"wp-block-heading\">Pre\u010do k\u00fapi\u0165 Lion's Cake Weed od beuhparadis?<\/h2>\n<p><a href=\"https:\/\/beuhparadis.com\/sk\/product\/trideri-weed\/\">Beuhparadis<\/a> je preferovanou vo\u013ebou pre Lion's Cake Weed v\u010faka svojmu z\u00e1v\u00e4zku ku kvalite, vysledovate\u013enosti a dodr\u017eiavaniu pr\u00e1vnych predpisov, \u010d\u00edm zabezpe\u010duje optim\u00e1lny a bezpe\u010dn\u00fd pou\u017e\u00edvate\u013esk\u00fd z\u00e1\u017eitok.<\/p>\n<h2 class=\"wp-block-heading\">Eur\u00f3pske pr\u00e1vne predpisy o predaji Lion's Cake<\/h2>\n<p>Predaj Lion's Cake Weed, rovnako ako v\u0161etk\u00fdch kme\u0148ov konope, je v Eur\u00f3pe pr\u00edsne regulovan\u00fd, pri\u010dom koncentr\u00e1cia THC je v s\u00falade so z\u00e1konn\u00fdmi normami, v\u010faka \u010domu je tento kme\u0148 dostupn\u00fd a leg\u00e1lny pre dospel\u00fdch spotrebite\u013eov.<\/p>\n<p>Lion's Cake Weed sa m\u00f4\u017ee pochv\u00e1li\u0165 bohat\u00fdm terp\u00e9nov\u00fdm profilom, ktor\u00e9mu dominuje limon\u00e9n, s pr\u00edjemn\u00fdmi citr\u00f3nov\u00fdmi a korenist\u00fdmi t\u00f3nmi v\u010faka pin\u00e9nu a karyofyl\u00e9nu. \u010ci u\u017e chcete zmierni\u0165 bolesti, zn\u00ed\u017ei\u0165 stres alebo si jednoducho vychutna\u0165 euforick\u00fd z\u00e1\u017eitok, <a href=\"https:\/\/www.allbud.com\/marijuana-strains\/hybrid\/lions-cake\" data-type=\"link\" data-id=\"https:\/\/www.allbud.com\/marijuana-strains\/hybrid\/lions-cake\">Lev\u00ed kol\u00e1\u010d<\/a> kme\u0148 je vynikaj\u00facou vo\u013ebou. Tento kme\u0148, ktor\u00fd je k dispoz\u00edcii v Acheterducannabis, s\u013eubuje nielen siln\u00e9 \u00fa\u010dinky, ale aj nezabudnute\u013en\u00e9 chu\u0165ov\u00e9 dobrodru\u017estvo pre v\u0161etk\u00fdch milovn\u00edkov konope v Eur\u00f3pe.<\/p>","protected":false},"excerpt":{"rendered":"<ul>\n<li>Stres<\/li>\n<\/ul>\n<p><strong>THC:<\/strong> 26%<\/p>\n<p><strong>Zdravotn\u00e9 \u00fa\u010dinky<\/strong><br \/>\nLev\u00ed kol\u00e1\u010d je vyh\u013ead\u00e1van\u00fd pre svoje potenci\u00e1lne \u00fa\u010dinky na:<\/p>\n<ul class=\"wp-block-list\">\n<li>K\u0155\u010de<\/li>\n<li>Boles\u0165<\/li>\n<li>Stres<\/li>\n<\/ul>","protected":false},"featured_media":1212,"comment_status":"closed","ping_status":"closed","template":"","meta":{"site-sidebar-layout":"default","site-content-layout":"","ast-site-content-layout":"default","site-content-style":"default","site-sidebar-style":"default","ast-global-header-display":"","ast-banner-title-visibility":"","ast-main-header-display":"","ast-hfb-above-header-display":"","ast-hfb-below-header-display":"","ast-hfb-mobile-header-display":"","site-post-title":"","ast-breadcrumbs-content":"","ast-featured-img":"","footer-sml-layout":"","theme-transparent-header-meta":"default","adv-header-id-meta":"","stick-header-meta":"","header-above-stick-meta":"","header-main-stick-meta":"","header-below-stick-meta":"","astra-migrate-meta-layouts":"set","ast-page-background-enabled":"default","ast-page-background-meta":{"desktop":{"background-color":"","background-image":"","background-repeat":"repeat","background-position":"center center","background-size":"auto","background-attachment":"scroll","background-type":"","background-media":"","overlay-type":"","overlay-color":"","overlay-opacity":"","overlay-gradient":""},"tablet":{"background-color":"","background-image":"","background-repeat":"repeat","background-position":"center center","background-size":"auto","background-attachment":"scroll","background-type":"","background-media":"","overlay-type":"","overlay-color":"","overlay-opacity":"","overlay-gradient":""},"mobile":{"background-color":"","background-image":"","background-repeat":"repeat","background-position":"center center","background-size":"auto","background-attachment":"scroll","background-type":"","background-media":"","overlay-type":"","overlay-color":"","overlay-opacity":"","overlay-gradient":""}},"ast-content-background-meta":{"desktop":{"background-color":"var(--ast-global-color-5)","background-image":"","background-repeat":"repeat","background-position":"center center","background-size":"auto","background-attachment":"scroll","background-type":"","background-media":"","overlay-type":"","overlay-color":"","overlay-opacity":"","overlay-gradient":""},"tablet":{"background-color":"var(--ast-global-color-5)","background-image":"","background-repeat":"repeat","background-position":"center center","background-size":"auto","background-attachment":"scroll","background-type":"","background-media":"","overlay-type":"","overlay-color":"","overlay-opacity":"","overlay-gradient":""},"mobile":{"background-color":"var(--ast-global-color-5)","background-image":"","background-repeat":"repeat","background-position":"center center","background-size":"auto","background-attachment":"scroll","background-type":"","background-media":"","overlay-type":"","overlay-color":"","overlay-opacity":"","overlay-gradient":""}},"_joinchat":[]},"product_brand":[],"product_cat":[32,33],"product_tag":[],"class_list":{"0":"post-1194","1":"product","2":"type-product","3":"status-publish","4":"has-post-thumbnail","6":"product_cat-fleur-de-chanvre","7":"product_cat-thc-beuh","8":"desktop-align-left","9":"tablet-align-left","10":"mobile-align-left","12":"first","13":"instock","14":"shipping-taxable","15":"purchasable","16":"product-type-variable"},"yoast_head":"<!-- This site is optimized with the Yoast SEO Premium plugin v24.1 (Yoast SEO v26.8) - https:\/\/yoast.com\/product\/yoast-seo-premium-wordpress\/ -->\n<title>Acheter Lion\u2019s Cake Weed | Cannabis de Qualit\u00e9 Sup\u00e9rieure<\/title>\n<meta name=\"description\" content=\"Acheter Lion\u2019s Cake Weed, une vari\u00e9t\u00e9 de cannabis puissante et savoureuse. Profitez d\u2019une livraison discr\u00e8te et de produits de qualit\u00e9 sup\u00e9rieure.\" \/>\n<meta name=\"robots\" content=\"index, follow, max-snippet:-1, max-image-preview:large, max-video-preview:-1\" \/>\n<link rel=\"canonical\" href=\"https:\/\/beuhparadis.com\/sk\/product\/lions-cake\/\" \/>\n<meta property=\"og:locale\" content=\"sk_SK\" \/>\n<meta property=\"og:type\" content=\"article\" \/>\n<meta property=\"og:title\" content=\"Lion\u2019s Cake\" \/>\n<meta property=\"og:description\" content=\"Acheter Lion\u2019s Cake Weed, une vari\u00e9t\u00e9 de cannabis puissante et savoureuse. Profitez d\u2019une livraison discr\u00e8te et de produits de qualit\u00e9 sup\u00e9rieure.\" \/>\n<meta property=\"og:url\" content=\"https:\/\/beuhparadis.com\/sk\/product\/lions-cake\/\" \/>\n<meta property=\"og:site_name\" content=\"Beuh Paradis\" \/>\n<meta property=\"article:modified_time\" content=\"2025-01-26T16:26:26+00:00\" \/>\n<meta property=\"og:image\" content=\"https:\/\/beuhparadis.com\/wp-content\/uploads\/2024\/12\/Lions-Cake.webp\" \/>\n\t<meta property=\"og:image:width\" content=\"500\" \/>\n\t<meta property=\"og:image:height\" content=\"500\" \/>\n\t<meta property=\"og:image:type\" content=\"image\/webp\" \/>\n<meta name=\"twitter:card\" content=\"summary_large_image\" \/>\n<meta name=\"twitter:label1\" content=\"Predpokladan\u00fd \u010das \u010d\u00edtania\" \/>\n\t<meta name=\"twitter:data1\" content=\"2 minutes\" \/>\n<script type=\"application\/ld+json\" class=\"yoast-schema-graph\">{\"@context\":\"https:\/\/schema.org\",\"@graph\":[{\"@type\":\"WebPage\",\"@id\":\"https:\/\/beuhparadis.com\/product\/lions-cake\/\",\"url\":\"https:\/\/beuhparadis.com\/product\/lions-cake\/\",\"name\":\"Acheter Lion\u2019s Cake Weed | Cannabis de Qualit\u00e9 Sup\u00e9rieure\",\"isPartOf\":{\"@id\":\"https:\/\/beuhparadis.com\/#website\"},\"primaryImageOfPage\":{\"@id\":\"https:\/\/beuhparadis.com\/product\/lions-cake\/#primaryimage\"},\"image\":{\"@id\":\"https:\/\/beuhparadis.com\/product\/lions-cake\/#primaryimage\"},\"thumbnailUrl\":\"https:\/\/beuhparadis.com\/wp-content\/uploads\/2024\/12\/Lions-Cake.webp\",\"datePublished\":\"2024-12-10T23:38:48+00:00\",\"dateModified\":\"2025-01-26T16:26:26+00:00\",\"description\":\"Acheter Lion\u2019s Cake Weed, une vari\u00e9t\u00e9 de cannabis puissante et savoureuse. Profitez d\u2019une livraison discr\u00e8te et de produits de qualit\u00e9 sup\u00e9rieure.\",\"breadcrumb\":{\"@id\":\"https:\/\/beuhparadis.com\/product\/lions-cake\/#breadcrumb\"},\"inLanguage\":\"sk-SK\",\"potentialAction\":[{\"@type\":\"ReadAction\",\"target\":[\"https:\/\/beuhparadis.com\/product\/lions-cake\/\"]}]},{\"@type\":\"ImageObject\",\"inLanguage\":\"sk-SK\",\"@id\":\"https:\/\/beuhparadis.com\/product\/lions-cake\/#primaryimage\",\"url\":\"https:\/\/beuhparadis.com\/wp-content\/uploads\/2024\/12\/Lions-Cake.webp\",\"contentUrl\":\"https:\/\/beuhparadis.com\/wp-content\/uploads\/2024\/12\/Lions-Cake.webp\",\"width\":500,\"height\":500},{\"@type\":\"BreadcrumbList\",\"@id\":\"https:\/\/beuhparadis.com\/product\/lions-cake\/#breadcrumb\",\"itemListElement\":[{\"@type\":\"ListItem\",\"position\":1,\"name\":\"Home\",\"item\":\"https:\/\/beuhparadis.com\/\"},{\"@type\":\"ListItem\",\"position\":2,\"name\":\"Shop\",\"item\":\"https:\/\/beuhparadis.com\/shop\/\"},{\"@type\":\"ListItem\",\"position\":3,\"name\":\"Lion\u2019s Cake\"}]},{\"@type\":\"WebSite\",\"@id\":\"https:\/\/beuhparadis.com\/#website\",\"url\":\"https:\/\/beuhparadis.com\/\",\"name\":\"Beuh Paradis\",\"description\":\"\",\"potentialAction\":[{\"@type\":\"SearchAction\",\"target\":{\"@type\":\"EntryPoint\",\"urlTemplate\":\"https:\/\/beuhparadis.com\/?s={search_term_string}\"},\"query-input\":{\"@type\":\"PropertyValueSpecification\",\"valueRequired\":true,\"valueName\":\"search_term_string\"}}],\"inLanguage\":\"sk-SK\"}]}<\/script>\n<!-- \/ Yoast SEO Premium plugin. -->","yoast_head_json":{"title":"K\u00fapi\u0165 Lion's Cake Weed | Vysokokvalitn\u00e9 konope","description":"K\u00fapte si Lion's Cake Weed, siln\u00fa a chutn\u00fa odrodu konope. U\u017eite si diskr\u00e9tne doru\u010denie a vysokokvalitn\u00e9 produkty.","robots":{"index":"index","follow":"follow","max-snippet":"max-snippet:-1","max-image-preview":"max-image-preview:large","max-video-preview":"max-video-preview:-1"},"canonical":"https:\/\/beuhparadis.com\/sk\/product\/lions-cake\/","og_locale":"sk_SK","og_type":"article","og_title":"Lion\u2019s Cake","og_description":"Acheter Lion\u2019s Cake Weed, une vari\u00e9t\u00e9 de cannabis puissante et savoureuse. Profitez d\u2019une livraison discr\u00e8te et de produits de qualit\u00e9 sup\u00e9rieure.","og_url":"https:\/\/beuhparadis.com\/sk\/product\/lions-cake\/","og_site_name":"Beuh Paradis","article_modified_time":"2025-01-26T16:26:26+00:00","og_image":[{"width":500,"height":500,"url":"https:\/\/beuhparadis.com\/wp-content\/uploads\/2024\/12\/Lions-Cake.webp","type":"image\/webp"}],"twitter_card":"summary_large_image","twitter_misc":{"Predpokladan\u00fd \u010das \u010d\u00edtania":"2 minutes"},"schema":{"@context":"https:\/\/schema.org","@graph":[{"@type":"WebPage","@id":"https:\/\/beuhparadis.com\/product\/lions-cake\/","url":"https:\/\/beuhparadis.com\/product\/lions-cake\/","name":"K\u00fapi\u0165 Lion's Cake Weed | Vysokokvalitn\u00e9 konope","isPartOf":{"@id":"https:\/\/beuhparadis.com\/#website"},"primaryImageOfPage":{"@id":"https:\/\/beuhparadis.com\/product\/lions-cake\/#primaryimage"},"image":{"@id":"https:\/\/beuhparadis.com\/product\/lions-cake\/#primaryimage"},"thumbnailUrl":"https:\/\/beuhparadis.com\/wp-content\/uploads\/2024\/12\/Lions-Cake.webp","datePublished":"2024-12-10T23:38:48+00:00","dateModified":"2025-01-26T16:26:26+00:00","description":"K\u00fapte si Lion's Cake Weed, siln\u00fa a chutn\u00fa odrodu konope. U\u017eite si diskr\u00e9tne doru\u010denie a vysokokvalitn\u00e9 produkty.","breadcrumb":{"@id":"https:\/\/beuhparadis.com\/product\/lions-cake\/#breadcrumb"},"inLanguage":"sk-SK","potentialAction":[{"@type":"ReadAction","target":["https:\/\/beuhparadis.com\/product\/lions-cake\/"]}]},{"@type":"ImageObject","inLanguage":"sk-SK","@id":"https:\/\/beuhparadis.com\/product\/lions-cake\/#primaryimage","url":"https:\/\/beuhparadis.com\/wp-content\/uploads\/2024\/12\/Lions-Cake.webp","contentUrl":"https:\/\/beuhparadis.com\/wp-content\/uploads\/2024\/12\/Lions-Cake.webp","width":500,"height":500},{"@type":"BreadcrumbList","@id":"https:\/\/beuhparadis.com\/product\/lions-cake\/#breadcrumb","itemListElement":[{"@type":"ListItem","position":1,"name":"Home","item":"https:\/\/beuhparadis.com\/"},{"@type":"ListItem","position":2,"name":"Shop","item":"https:\/\/beuhparadis.com\/shop\/"},{"@type":"ListItem","position":3,"name":"Lion\u2019s Cake"}]},{"@type":"WebSite","@id":"https:\/\/beuhparadis.com\/#website","url":"https:\/\/beuhparadis.com\/","name":"Beuh Paradis","description":"","potentialAction":[{"@type":"SearchAction","target":{"@type":"EntryPoint","urlTemplate":"https:\/\/beuhparadis.com\/?s={search_term_string}"},"query-input":{"@type":"PropertyValueSpecification","valueRequired":true,"valueName":"search_term_string"}}],"inLanguage":"sk-SK"}]}},"_links":{"self":[{"href":"https:\/\/beuhparadis.com\/sk\/wp-json\/wp\/v2\/product\/1194","targetHints":{"allow":["GET"]}}],"collection":[{"href":"https:\/\/beuhparadis.com\/sk\/wp-json\/wp\/v2\/product"}],"about":[{"href":"https:\/\/beuhparadis.com\/sk\/wp-json\/wp\/v2\/types\/product"}],"replies":[{"embeddable":true,"href":"https:\/\/beuhparadis.com\/sk\/wp-json\/wp\/v2\/comments?post=1194"}],"wp:featuredmedia":[{"embeddable":true,"href":"https:\/\/beuhparadis.com\/sk\/wp-json\/wp\/v2\/media\/1212"}],"wp:attachment":[{"href":"https:\/\/beuhparadis.com\/sk\/wp-json\/wp\/v2\/media?parent=1194"}],"wp:term":[{"taxonomy":"product_brand","embeddable":true,"href":"https:\/\/beuhparadis.com\/sk\/wp-json\/wp\/v2\/product_brand?post=1194"},{"taxonomy":"product_cat","embeddable":true,"href":"https:\/\/beuhparadis.com\/sk\/wp-json\/wp\/v2\/product_cat?post=1194"},{"taxonomy":"product_tag","embeddable":true,"href":"https:\/\/beuhparadis.com\/sk\/wp-json\/wp\/v2\/product_tag?post=1194"}],"curies":[{"name":"wp","href":"https:\/\/api.w.org\/{rel}","templated":true}]}}