{"id":1189,"date":"2024-12-10T23:38:47","date_gmt":"2024-12-10T23:38:47","guid":{"rendered":"https:\/\/beuhparadis.com\/?post_type=product&#038;p=1189"},"modified":"2025-01-26T16:16:07","modified_gmt":"2025-01-26T16:16:07","slug":"runtz-weed","status":"publish","type":"product","link":"https:\/\/beuhparadis.com\/sk\/product\/runtz-weed\/","title":{"rendered":"Runtz Weed"},"content":{"rendered":"<h1 class=\"wp-block-heading\">K\u00fapi\u0165 Runtz Weed: V\u00fdnimo\u010dn\u00fd kanab\u00ednov\u00fd z\u00e1\u017eitok s kme\u0148om Runtz<\/h1>\n<p>K\u00fapte si Runtz Weed, vyv\u00e1\u017een\u00fd hybridn\u00fd kme\u0148, ktor\u00fd up\u00fata pozornos\u0165 milovn\u00edkov konope v\u010faka jedine\u010dnej zmesi \u00fa\u010dinkov indiky a sativa. Kr\u00ed\u017eenie medzi Zkittlez a Gelato, <strong>l<\/strong>odroda Runtz vynik\u00e1 podmaniv\u00fdm aromatick\u00fdm profilom a pozoruhodnou silou, v\u010faka \u010domu je hlavn\u00fdm predstavite\u013eom kvality Cali Runtz.<\/p>\n<p><strong>K\u013e\u00fa\u010dov\u00e9 inform\u00e1cie<\/strong><\/p>\n<ul class=\"wp-block-list\">\n<li><strong>Typ :<\/strong> Hybrid (50% indica \/ 50% sativa)<\/li>\n<li><strong>P\u00f4vod :<\/strong> Kr\u00ed\u017eenie Zkittlez a Gelato<\/li>\n<li><strong>Dizajn\u00e9ri :<\/strong> V\u00e1\u0161e\u0148 pre kult\u00faru a Cookies Fam, oslava dedi\u010dstva kme\u0148a Runtz OG<\/li>\n<\/ul>\n<h2 class=\"wp-block-heading\">THC a CBD<\/h2>\n<ul class=\"wp-block-list\">\n<li><strong>THC :<\/strong> Pribli\u017ene 24%, ktor\u00e9 pon\u00fakaj\u00fa v\u00fdznamn\u00fd v\u00fdkon pre kme\u0148 Runtz<\/li>\n<li><strong>CBD :<\/strong> N\u00edzky obsah, ktor\u00fd zvy\u0161uje psychoakt\u00edvne \u00fa\u010dinky Runtz Weed<\/li>\n<\/ul>\n<h2 class=\"wp-block-heading\">Kde k\u00fapi\u0165 <strong>Runtz Weed<\/strong> Online?<\/h2>\n<p>Runtz Weed si m\u00f4\u017eete k\u00fapi\u0165 na \u0161pecializovan\u00fdch online platform\u00e1ch, ako s\u00fa<a href=\"https:\/\/acheterducannabis.fr\/\" data-type=\"link\" data-id=\"https:\/\/acheterducannabis.fr\/\">Buyducannabis<\/a>To zaru\u010duje bezpe\u010dn\u00e9 nakupovanie a vynikaj\u00facu kvalitu pre fan\u00fa\u0161ikov tohto v\u00fdnimo\u010dn\u00e9ho kme\u0148a Runtz.<\/p>\n<h2 class=\"wp-block-heading\">\u00da\u010dinky, v\u00f4\u0148a a chu\u0165 <strong>Runtz Weed<\/strong><\/h2>\n<h3 class=\"wp-block-heading\">\u00da\u010dinok<\/h3>\n<ul class=\"wp-block-list\">\n<li><strong>Pocit :<\/strong> Uvo\u013enenie, euf\u00f3ria, kreativita - k\u013e\u00fa\u010dov\u00e9 vlastnosti <strong>Kme\u0148 Runtz OG<\/strong><\/li>\n<li><strong>Ved\u013eaj\u0161ie \u00fa\u010dinky :<\/strong> Sucho v \u00fastach, such\u00e9 o\u010di<\/li>\n<\/ul>\n<h3 class=\"wp-block-heading\">V\u00f4\u0148a a chu\u0165<\/h3>\n<p>Jedine\u010dn\u00e1 zmes citr\u00f3nu, skunku a limetky vytv\u00e1ra komplexn\u00fd a l\u00e1kav\u00fd chu\u0165ov\u00fd profil pri ka\u017edom vd\u00fdchnut\u00ed Runtz OG. Chu\u0165 kme\u0148a Runtz nasleduje jeho ar\u00f3mu a poskytuje bohat\u00fd a v\u00fdrazn\u00fd chu\u0165ov\u00fd z\u00e1\u017eitok pre komunitu Cali Runtz.<\/p>\n<h2 class=\"wp-block-heading\">Zdravotn\u00e9 \u00fa\u010dinky<\/h2>\n<p>Runtz OG je cenen\u00fd pre svoj potenci\u00e1l zmier\u0148ova\u0165 stres, \u00fazkos\u0165 a nevo\u013enos\u0165, \u010do z neho rob\u00ed z\u00e1kladn\u00fd kme\u0148 v reperto\u00e1ri lek\u00e1rskeho konope.<\/p>\n<h2 class=\"wp-block-heading\">Pre\u010do si k\u00fapi\u0165 <strong>Runtz Weed<\/strong> na beuhparadis?<\/h2>\n<p><a href=\"https:\/\/beuhparadis.com\/sk\/product\/acheter-cheetah-piss-weed\/\">Beuhparadis<\/a> je zn\u00e1ma svoj\u00edm starostliv\u00fdm v\u00fdberom konope pr\u00e9miovej kvality vr\u00e1tane <strong>Runtz Weed<\/strong>Tento kme\u0148 je siln\u00fd a z\u00e1rove\u0148 bohat\u00fd na chu\u0165, \u010do spotrebite\u013eom poskytuje jedine\u010dn\u00fd z\u00e1\u017eitok. Dostupnos\u0165 a kvalita kme\u0148a Runtz na Acheterducannabis sp\u013a\u0148a vysok\u00e9 o\u010dak\u00e1vania znalcov Cali Runtz.<\/p>\n<p>Runtz Weed je ur\u010den\u00fd pre milovn\u00edkov konope, ktor\u00ed h\u013eadaj\u00fa z\u00e1\u017eitok bohat\u00fd na chu\u0165 a \u00fa\u010dinok. Jeho jedine\u010dn\u00fd genetick\u00fd p\u00f4vod, komplexn\u00fd terp\u00e9nov\u00fd profil a postavenie v r\u00e1mci <a href=\"https:\/\/www.leafly.com\/strains\/runtz\" data-type=\"link\" data-id=\"https:\/\/www.leafly.com\/strains\/runtz\">Runtz OG<\/a> Kme\u0148 Runtz je odroda, ktor\u00fa treba vysk\u00fa\u0161a\u0165. Nav\u0161t\u00edvte Acheterducannabis a ponorte sa do jedine\u010dn\u00e9ho kanabick\u00e9ho z\u00e1\u017eitku s kme\u0148om Runtz a \u010fal\u0161\u00edmi kvalitn\u00fdmi kme\u0148mi z Eur\u00f3py.<\/p>","protected":false},"excerpt":{"rendered":"<p><strong>THC :<\/strong> 24%<br \/>\n<strong><br \/>\n\u00da\u010dinky:<\/strong><br \/>\nRuntz Weed je cenen\u00fd pre svoj potenci\u00e1l zmier\u0148ova\u0165 stres, \u00fazkos\u0165 a nevo\u013enos\u0165, \u010do z neho rob\u00ed z\u00e1kladn\u00fd kme\u0148 v reperto\u00e1ri lek\u00e1rskeho konope.<\/p>","protected":false},"featured_media":1211,"comment_status":"closed","ping_status":"closed","template":"","meta":{"site-sidebar-layout":"default","site-content-layout":"","ast-site-content-layout":"default","site-content-style":"default","site-sidebar-style":"default","ast-global-header-display":"","ast-banner-title-visibility":"","ast-main-header-display":"","ast-hfb-above-header-display":"","ast-hfb-below-header-display":"","ast-hfb-mobile-header-display":"","site-post-title":"","ast-breadcrumbs-content":"","ast-featured-img":"","footer-sml-layout":"","theme-transparent-header-meta":"default","adv-header-id-meta":"","stick-header-meta":"","header-above-stick-meta":"","header-main-stick-meta":"","header-below-stick-meta":"","astra-migrate-meta-layouts":"set","ast-page-background-enabled":"default","ast-page-background-meta":{"desktop":{"background-color":"","background-image":"","background-repeat":"repeat","background-position":"center center","background-size":"auto","background-attachment":"scroll","background-type":"","background-media":"","overlay-type":"","overlay-color":"","overlay-opacity":"","overlay-gradient":""},"tablet":{"background-color":"","background-image":"","background-repeat":"repeat","background-position":"center center","background-size":"auto","background-attachment":"scroll","background-type":"","background-media":"","overlay-type":"","overlay-color":"","overlay-opacity":"","overlay-gradient":""},"mobile":{"background-color":"","background-image":"","background-repeat":"repeat","background-position":"center center","background-size":"auto","background-attachment":"scroll","background-type":"","background-media":"","overlay-type":"","overlay-color":"","overlay-opacity":"","overlay-gradient":""}},"ast-content-background-meta":{"desktop":{"background-color":"var(--ast-global-color-5)","background-image":"","background-repeat":"repeat","background-position":"center center","background-size":"auto","background-attachment":"scroll","background-type":"","background-media":"","overlay-type":"","overlay-color":"","overlay-opacity":"","overlay-gradient":""},"tablet":{"background-color":"var(--ast-global-color-5)","background-image":"","background-repeat":"repeat","background-position":"center center","background-size":"auto","background-attachment":"scroll","background-type":"","background-media":"","overlay-type":"","overlay-color":"","overlay-opacity":"","overlay-gradient":""},"mobile":{"background-color":"var(--ast-global-color-5)","background-image":"","background-repeat":"repeat","background-position":"center center","background-size":"auto","background-attachment":"scroll","background-type":"","background-media":"","overlay-type":"","overlay-color":"","overlay-opacity":"","overlay-gradient":""}},"_joinchat":[]},"product_brand":[],"product_cat":[15],"product_tag":[],"class_list":{"0":"post-1189","1":"product","2":"type-product","3":"status-publish","4":"has-post-thumbnail","6":"product_cat-uncategorized","7":"desktop-align-left","8":"tablet-align-left","9":"mobile-align-left","11":"first","12":"instock","13":"shipping-taxable","14":"purchasable","15":"product-type-variable"},"yoast_head":"<!-- This site is optimized with the Yoast SEO Premium plugin v24.1 (Yoast SEO v26.8) - https:\/\/yoast.com\/product\/yoast-seo-premium-wordpress\/ -->\n<title>Acheter Runtz Weed \u2013 Cannabis Premium aux Saveurs Sucr\u00e9es<\/title>\n<meta name=\"description\" content=\"D\u00e9couvrez Runtz Weed, une vari\u00e9t\u00e9 de cannabis populaire pour son ar\u00f4me sucr\u00e9 et ses effets relaxants. Commandez en ligne avec livraison rapide et discr\u00e8te\" \/>\n<meta name=\"robots\" content=\"index, follow, max-snippet:-1, max-image-preview:large, max-video-preview:-1\" \/>\n<link rel=\"canonical\" href=\"https:\/\/beuhparadis.com\/sk\/product\/runtz-weed\/\" \/>\n<meta property=\"og:locale\" content=\"sk_SK\" \/>\n<meta property=\"og:type\" content=\"article\" \/>\n<meta property=\"og:title\" content=\"Runtz Weed\" \/>\n<meta property=\"og:description\" content=\"D\u00e9couvrez Runtz Weed, une vari\u00e9t\u00e9 de cannabis populaire pour son ar\u00f4me sucr\u00e9 et ses effets relaxants. Commandez en ligne avec livraison rapide et discr\u00e8te\" \/>\n<meta property=\"og:url\" content=\"https:\/\/beuhparadis.com\/sk\/product\/runtz-weed\/\" \/>\n<meta property=\"og:site_name\" content=\"Beuh Paradis\" \/>\n<meta property=\"article:modified_time\" content=\"2025-01-26T16:16:07+00:00\" \/>\n<meta property=\"og:image\" content=\"https:\/\/beuhparadis.com\/wp-content\/uploads\/2024\/12\/Runtz-Weed.webp\" \/>\n\t<meta property=\"og:image:width\" content=\"500\" \/>\n\t<meta property=\"og:image:height\" content=\"500\" \/>\n\t<meta property=\"og:image:type\" content=\"image\/webp\" \/>\n<meta name=\"twitter:card\" content=\"summary_large_image\" \/>\n<meta name=\"twitter:label1\" content=\"Predpokladan\u00fd \u010das \u010d\u00edtania\" \/>\n\t<meta name=\"twitter:data1\" content=\"2 minutes\" \/>\n<script type=\"application\/ld+json\" class=\"yoast-schema-graph\">{\"@context\":\"https:\/\/schema.org\",\"@graph\":[{\"@type\":\"WebPage\",\"@id\":\"https:\/\/beuhparadis.com\/product\/runtz-weed\/\",\"url\":\"https:\/\/beuhparadis.com\/product\/runtz-weed\/\",\"name\":\"Acheter Runtz Weed \u2013 Cannabis Premium aux Saveurs Sucr\u00e9es\",\"isPartOf\":{\"@id\":\"https:\/\/beuhparadis.com\/#website\"},\"primaryImageOfPage\":{\"@id\":\"https:\/\/beuhparadis.com\/product\/runtz-weed\/#primaryimage\"},\"image\":{\"@id\":\"https:\/\/beuhparadis.com\/product\/runtz-weed\/#primaryimage\"},\"thumbnailUrl\":\"https:\/\/beuhparadis.com\/wp-content\/uploads\/2024\/12\/Runtz-Weed.webp\",\"datePublished\":\"2024-12-10T23:38:47+00:00\",\"dateModified\":\"2025-01-26T16:16:07+00:00\",\"description\":\"D\u00e9couvrez Runtz Weed, une vari\u00e9t\u00e9 de cannabis populaire pour son ar\u00f4me sucr\u00e9 et ses effets relaxants. Commandez en ligne avec livraison rapide et discr\u00e8te\",\"breadcrumb\":{\"@id\":\"https:\/\/beuhparadis.com\/product\/runtz-weed\/#breadcrumb\"},\"inLanguage\":\"sk-SK\",\"potentialAction\":[{\"@type\":\"ReadAction\",\"target\":[\"https:\/\/beuhparadis.com\/product\/runtz-weed\/\"]}]},{\"@type\":\"ImageObject\",\"inLanguage\":\"sk-SK\",\"@id\":\"https:\/\/beuhparadis.com\/product\/runtz-weed\/#primaryimage\",\"url\":\"https:\/\/beuhparadis.com\/wp-content\/uploads\/2024\/12\/Runtz-Weed.webp\",\"contentUrl\":\"https:\/\/beuhparadis.com\/wp-content\/uploads\/2024\/12\/Runtz-Weed.webp\",\"width\":500,\"height\":500},{\"@type\":\"BreadcrumbList\",\"@id\":\"https:\/\/beuhparadis.com\/product\/runtz-weed\/#breadcrumb\",\"itemListElement\":[{\"@type\":\"ListItem\",\"position\":1,\"name\":\"Home\",\"item\":\"https:\/\/beuhparadis.com\/\"},{\"@type\":\"ListItem\",\"position\":2,\"name\":\"Shop\",\"item\":\"https:\/\/beuhparadis.com\/shop\/\"},{\"@type\":\"ListItem\",\"position\":3,\"name\":\"Runtz Weed\"}]},{\"@type\":\"WebSite\",\"@id\":\"https:\/\/beuhparadis.com\/#website\",\"url\":\"https:\/\/beuhparadis.com\/\",\"name\":\"Beuh Paradis\",\"description\":\"\",\"potentialAction\":[{\"@type\":\"SearchAction\",\"target\":{\"@type\":\"EntryPoint\",\"urlTemplate\":\"https:\/\/beuhparadis.com\/?s={search_term_string}\"},\"query-input\":{\"@type\":\"PropertyValueSpecification\",\"valueRequired\":true,\"valueName\":\"search_term_string\"}}],\"inLanguage\":\"sk-SK\"}]}<\/script>\n<!-- \/ Yoast SEO Premium plugin. -->","yoast_head_json":{"title":"K\u00fapi\u0165 Runtz Weed - pr\u00e9miov\u00e9 konope so sladkou pr\u00edchu\u0165ou","description":"Objavte odrodu konope Runtz Weed, ktor\u00e1 je ob\u013e\u00faben\u00e1 pre svoju sladk\u00fa ar\u00f3mu a relaxa\u010dn\u00e9 \u00fa\u010dinky. Objedn\u00e1vajte online s r\u00fdchlym a diskr\u00e9tnym doru\u010den\u00edm","robots":{"index":"index","follow":"follow","max-snippet":"max-snippet:-1","max-image-preview":"max-image-preview:large","max-video-preview":"max-video-preview:-1"},"canonical":"https:\/\/beuhparadis.com\/sk\/product\/runtz-weed\/","og_locale":"sk_SK","og_type":"article","og_title":"Runtz Weed","og_description":"D\u00e9couvrez Runtz Weed, une vari\u00e9t\u00e9 de cannabis populaire pour son ar\u00f4me sucr\u00e9 et ses effets relaxants. Commandez en ligne avec livraison rapide et discr\u00e8te","og_url":"https:\/\/beuhparadis.com\/sk\/product\/runtz-weed\/","og_site_name":"Beuh Paradis","article_modified_time":"2025-01-26T16:16:07+00:00","og_image":[{"width":500,"height":500,"url":"https:\/\/beuhparadis.com\/wp-content\/uploads\/2024\/12\/Runtz-Weed.webp","type":"image\/webp"}],"twitter_card":"summary_large_image","twitter_misc":{"Predpokladan\u00fd \u010das \u010d\u00edtania":"2 minutes"},"schema":{"@context":"https:\/\/schema.org","@graph":[{"@type":"WebPage","@id":"https:\/\/beuhparadis.com\/product\/runtz-weed\/","url":"https:\/\/beuhparadis.com\/product\/runtz-weed\/","name":"K\u00fapi\u0165 Runtz Weed - pr\u00e9miov\u00e9 konope so sladkou pr\u00edchu\u0165ou","isPartOf":{"@id":"https:\/\/beuhparadis.com\/#website"},"primaryImageOfPage":{"@id":"https:\/\/beuhparadis.com\/product\/runtz-weed\/#primaryimage"},"image":{"@id":"https:\/\/beuhparadis.com\/product\/runtz-weed\/#primaryimage"},"thumbnailUrl":"https:\/\/beuhparadis.com\/wp-content\/uploads\/2024\/12\/Runtz-Weed.webp","datePublished":"2024-12-10T23:38:47+00:00","dateModified":"2025-01-26T16:16:07+00:00","description":"Objavte odrodu konope Runtz Weed, ktor\u00e1 je ob\u013e\u00faben\u00e1 pre svoju sladk\u00fa ar\u00f3mu a relaxa\u010dn\u00e9 \u00fa\u010dinky. Objedn\u00e1vajte online s r\u00fdchlym a diskr\u00e9tnym doru\u010den\u00edm","breadcrumb":{"@id":"https:\/\/beuhparadis.com\/product\/runtz-weed\/#breadcrumb"},"inLanguage":"sk-SK","potentialAction":[{"@type":"ReadAction","target":["https:\/\/beuhparadis.com\/product\/runtz-weed\/"]}]},{"@type":"ImageObject","inLanguage":"sk-SK","@id":"https:\/\/beuhparadis.com\/product\/runtz-weed\/#primaryimage","url":"https:\/\/beuhparadis.com\/wp-content\/uploads\/2024\/12\/Runtz-Weed.webp","contentUrl":"https:\/\/beuhparadis.com\/wp-content\/uploads\/2024\/12\/Runtz-Weed.webp","width":500,"height":500},{"@type":"BreadcrumbList","@id":"https:\/\/beuhparadis.com\/product\/runtz-weed\/#breadcrumb","itemListElement":[{"@type":"ListItem","position":1,"name":"Home","item":"https:\/\/beuhparadis.com\/"},{"@type":"ListItem","position":2,"name":"Shop","item":"https:\/\/beuhparadis.com\/shop\/"},{"@type":"ListItem","position":3,"name":"Runtz Weed"}]},{"@type":"WebSite","@id":"https:\/\/beuhparadis.com\/#website","url":"https:\/\/beuhparadis.com\/","name":"Beuh Paradis","description":"","potentialAction":[{"@type":"SearchAction","target":{"@type":"EntryPoint","urlTemplate":"https:\/\/beuhparadis.com\/?s={search_term_string}"},"query-input":{"@type":"PropertyValueSpecification","valueRequired":true,"valueName":"search_term_string"}}],"inLanguage":"sk-SK"}]}},"_links":{"self":[{"href":"https:\/\/beuhparadis.com\/sk\/wp-json\/wp\/v2\/product\/1189","targetHints":{"allow":["GET"]}}],"collection":[{"href":"https:\/\/beuhparadis.com\/sk\/wp-json\/wp\/v2\/product"}],"about":[{"href":"https:\/\/beuhparadis.com\/sk\/wp-json\/wp\/v2\/types\/product"}],"replies":[{"embeddable":true,"href":"https:\/\/beuhparadis.com\/sk\/wp-json\/wp\/v2\/comments?post=1189"}],"wp:featuredmedia":[{"embeddable":true,"href":"https:\/\/beuhparadis.com\/sk\/wp-json\/wp\/v2\/media\/1211"}],"wp:attachment":[{"href":"https:\/\/beuhparadis.com\/sk\/wp-json\/wp\/v2\/media?parent=1189"}],"wp:term":[{"taxonomy":"product_brand","embeddable":true,"href":"https:\/\/beuhparadis.com\/sk\/wp-json\/wp\/v2\/product_brand?post=1189"},{"taxonomy":"product_cat","embeddable":true,"href":"https:\/\/beuhparadis.com\/sk\/wp-json\/wp\/v2\/product_cat?post=1189"},{"taxonomy":"product_tag","embeddable":true,"href":"https:\/\/beuhparadis.com\/sk\/wp-json\/wp\/v2\/product_tag?post=1189"}],"curies":[{"name":"wp","href":"https:\/\/api.w.org\/{rel}","templated":true}]}}