{"id":1179,"date":"2024-12-10T23:38:47","date_gmt":"2024-12-10T23:38:47","guid":{"rendered":"https:\/\/beuhparadis.com\/?post_type=product&#038;p=1179"},"modified":"2025-01-26T16:12:34","modified_gmt":"2025-01-26T16:12:34","slug":"acheter-cheetah-piss-weed","status":"publish","type":"product","link":"https:\/\/beuhparadis.com\/sk\/product\/acheter-cheetah-piss-weed\/","title":{"rendered":"Cheetah Piss Weed"},"content":{"rendered":"<h1 class=\"wp-block-heading\">K\u00fapi\u0165 Cheetah Piss Weed: jedine\u010dn\u00fd kme\u0148 s energizuj\u00facimi \u00fa\u010dinkami<\/h1>\n<p>Objavte Cheetah Piss Weed, v\u00fdnimo\u010dn\u00fd v\u00fdtvor, ktor\u00fd vznikol skr\u00ed\u017een\u00edm troch kvalitn\u00fdch kme\u0148ov od Growing Passion a Cookies Fam: Lemonnade, Gelato 42 a London Poundcake 97. Hoci jej n\u00e1zov vzd\u00e1va hold sl\u00e1vnemu kme\u0148u Cat Piss z minul\u00fdch rokov, \u00fa\u010dinky Cheetah Piss s\u00fa v\u00fdrazne odli\u0161n\u00e9 a pon\u00fakaj\u00fa spotrebite\u013eom jedine\u010dn\u00fd z\u00e1\u017eitok.<\/p>\n<h2 class=\"wp-block-heading\">Inform\u00e1cie o kmeni Cheetah Piss<\/h2>\n<ul class=\"wp-block-list\">\n<li><strong>Typ :<\/strong> Hybrid<\/li>\n<li><strong>Genetika :<\/strong> Kr\u00ed\u017eenie limon\u00e1dy, zmrzliny 42 a lond\u00fdnskeho kol\u00e1\u010da 97<\/li>\n<li><strong>V\u00fdrobca :<\/strong> Pestovanie v\u00e1\u0161ne a cookies Fam<\/li>\n<\/ul>\n<h2 class=\"wp-block-heading\">THC a CBD<\/h2>\n<ul class=\"wp-block-list\">\n<li><strong>THC :<\/strong> Vysok\u00e9 percento, ktor\u00e9 zd\u00f4raz\u0148uje silu tohto kme\u0148a<\/li>\n<li><strong>CBD :<\/strong> N\u00edzka, zameran\u00e1 na psychoakt\u00edvne \u00fa\u010dinky THC<\/li>\n<\/ul>\n<h2 class=\"wp-block-heading\">Kde si m\u00f4\u017eem k\u00fapi\u0165 Cheetah Piss Weed online?<\/h2>\n<p>Cheetah Piss Weed si m\u00f4\u017eete k\u00fapi\u0165 online na \u0161pecializovan\u00fdch str\u00e1nkach vr\u00e1tane Acheterducannabis, ktor\u00e1 pon\u00faka tento jedine\u010dn\u00fd kme\u0148 spotrebite\u013eom, ktor\u00ed h\u013eadaj\u00fa povzbudzuj\u00face \u00fa\u010dinky a v\u00fdrazn\u00fd terp\u00e9nov\u00fd profil.<\/p>\n<h2 class=\"wp-block-heading\">\u00da\u010dinky, v\u00f4\u0148a a chu\u0165 Cheetah Piss<\/h2>\n<h3 class=\"wp-block-heading\">\u00da\u010dinok<\/h3>\n<ul class=\"wp-block-list\">\n<li><strong>Pocity :<\/strong> Vzru\u0161enie, euf\u00f3ria, energia<\/li>\n<li><strong>Negat\u00edva :<\/strong> \u00dazkos\u0165, paranoja, z\u00e1vraty<\/li>\n<\/ul>\n<h3 class=\"wp-block-heading\">Ar\u00f3ma<\/h3>\n<p>Cheetah Piss m\u00e1 funkov\u00fa ar\u00f3mu pripom\u00ednaj\u00facu Cat Piss so zvl\u00e1\u0161tnymi a nezvy\u010dajn\u00fdmi vlastnos\u0165ami.<\/p>\n<h3 class=\"wp-block-heading\">Chu\u0165<\/h3>\n<p>V chuti tohto kme\u0148a sa sp\u00e1jaj\u00fa t\u00f3ny amoniaku, sily a skunku, ktor\u00e9 pon\u00fakaj\u00fa odv\u00e1\u017eny chu\u0165ov\u00fd z\u00e1\u017eitok.<\/p>\n<h2 class=\"wp-block-heading\">Zdravotn\u00e9 \u00fa\u010dinky Cheetah Piss<\/h2>\n<p>Zdravotn\u00ed pacienti si vyberaj\u00fa Cheetah Piss na zmiernenie :<\/p>\n<ul class=\"wp-block-list\">\n<li>\u00dazkos\u0165 (20% pou\u017e\u00edvate\u013eov)<\/li>\n<li>Depresia (17% pou\u017e\u00edvate\u013eov)<\/li>\n<li>Stres (16% pou\u017e\u00edvate\u013eov)<\/li>\n<\/ul>\n<h2 class=\"wp-block-heading\">Pre\u010do si k\u00fapi\u0165 Cheetah Piss Weed od beuhparadis?<\/h2>\n<p><a href=\"https:\/\/beuhparadis.com\/sk\" data-type=\"link\" data-id=\"https:\/\/acheterducannabis.fr\/\">Beuhparadis<\/a> je zn\u00e1ma svoj\u00edm pr\u00edsnym v\u00fdberom najkvalitnej\u0161\u00edch konopn\u00fdch odr\u00f4d vr\u00e1tane Cheetah Piss Weed. V\u00fdberom Acheterducannabis m\u00e1te zaru\u010den\u00fd pr\u00edstup ku kme\u0148u s v\u00fdrazn\u00fdmi energizuj\u00facimi \u00fa\u010dinkami a jedine\u010dn\u00fdm terp\u00e9nov\u00fdm profilom.<\/p>\n<h2 class=\"wp-block-heading\">Pr\u00e1vne predpisy upravuj\u00face predaj Cheetah Piss v Eur\u00f3pe<\/h2>\n<p>Predaj Cheetah Piss, rovnako ako v\u0161etk\u00fdch kme\u0148ov konope, je regulovan\u00fd eur\u00f3pskymi z\u00e1konmi, ktor\u00e9 obmedzuj\u00fa obsah THC. V\u010faka dodr\u017eiavaniu pr\u00e1vnych noriem zost\u00e1va Cheetah Piss dostupn\u00fd pre t\u00fdch, ktor\u00ed h\u013eadaj\u00fa jeho v\u00fdrazn\u00e9 terapeutick\u00e9 a rekrea\u010dn\u00e9 \u00fa\u010dinky v Eur\u00f3pe.<\/p>\n<p>Cheetah Piss je skvelou vo\u013ebou pre milovn\u00edkov konope, ktor\u00ed h\u013eadaj\u00fa stimuluj\u00faci z\u00e1\u017eitok a okam\u017eit\u00fa euf\u00f3riu. V\u010faka svojej jedine\u010dnej genetike a pocte kme\u0148u Cat Piss, <a href=\"https:\/\/wehikei.com\/blog\/cheetah-piss-strain-guide\" data-type=\"link\" data-id=\"https:\/\/wehikei.com\/blog\/cheetah-piss-strain-guide\">Cheetah Piss Weed<\/a> sa etablovala ako povinn\u00fd kme\u0148 pre sk\u00fasen\u00fdch spotrebite\u013eov. Presk\u00famajte tento v\u00fdnimo\u010dn\u00fd kme\u0148 a mnoh\u00e9 \u010fal\u0161ie na Acheterducannabis, va\u0161om spo\u013eahlivom zdroji kvalitn\u00e9ho konope v Eur\u00f3pe.<\/p>","protected":false},"excerpt":{"rendered":"<p class=\"percentage\"><strong>THC :<\/strong>\u00a020\u00a0%<\/p>\n<p class=\"percentage\"><strong>\u00da\u010dinky<\/strong> Vzru\u0161en\u00fd, Kreat\u00edvny, Euf\u00f3ria, Koncentrovan\u00fd, \u0160\u0165astn\u00fd, Relaxa\u010dn\u00fd, Spolo\u010densk\u00fd <strong>M\u00f4\u017ee zmierni\u0165<\/strong> Chronick\u00e1 boles\u0165, depresia, \u00fanava, stres<\/p>","protected":false},"featured_media":1209,"comment_status":"closed","ping_status":"closed","template":"","meta":{"site-sidebar-layout":"default","site-content-layout":"","ast-site-content-layout":"default","site-content-style":"default","site-sidebar-style":"default","ast-global-header-display":"","ast-banner-title-visibility":"","ast-main-header-display":"","ast-hfb-above-header-display":"","ast-hfb-below-header-display":"","ast-hfb-mobile-header-display":"","site-post-title":"","ast-breadcrumbs-content":"","ast-featured-img":"","footer-sml-layout":"","theme-transparent-header-meta":"default","adv-header-id-meta":"","stick-header-meta":"","header-above-stick-meta":"","header-main-stick-meta":"","header-below-stick-meta":"","astra-migrate-meta-layouts":"set","ast-page-background-enabled":"default","ast-page-background-meta":{"desktop":{"background-color":"","background-image":"","background-repeat":"repeat","background-position":"center center","background-size":"auto","background-attachment":"scroll","background-type":"","background-media":"","overlay-type":"","overlay-color":"","overlay-opacity":"","overlay-gradient":""},"tablet":{"background-color":"","background-image":"","background-repeat":"repeat","background-position":"center center","background-size":"auto","background-attachment":"scroll","background-type":"","background-media":"","overlay-type":"","overlay-color":"","overlay-opacity":"","overlay-gradient":""},"mobile":{"background-color":"","background-image":"","background-repeat":"repeat","background-position":"center center","background-size":"auto","background-attachment":"scroll","background-type":"","background-media":"","overlay-type":"","overlay-color":"","overlay-opacity":"","overlay-gradient":""}},"ast-content-background-meta":{"desktop":{"background-color":"var(--ast-global-color-5)","background-image":"","background-repeat":"repeat","background-position":"center center","background-size":"auto","background-attachment":"scroll","background-type":"","background-media":"","overlay-type":"","overlay-color":"","overlay-opacity":"","overlay-gradient":""},"tablet":{"background-color":"var(--ast-global-color-5)","background-image":"","background-repeat":"repeat","background-position":"center center","background-size":"auto","background-attachment":"scroll","background-type":"","background-media":"","overlay-type":"","overlay-color":"","overlay-opacity":"","overlay-gradient":""},"mobile":{"background-color":"var(--ast-global-color-5)","background-image":"","background-repeat":"repeat","background-position":"center center","background-size":"auto","background-attachment":"scroll","background-type":"","background-media":"","overlay-type":"","overlay-color":"","overlay-opacity":"","overlay-gradient":""}},"_joinchat":[]},"product_brand":[],"product_cat":[32,33],"product_tag":[],"class_list":{"0":"post-1179","1":"product","2":"type-product","3":"status-publish","4":"has-post-thumbnail","6":"product_cat-fleur-de-chanvre","7":"product_cat-thc-beuh","8":"desktop-align-left","9":"tablet-align-left","10":"mobile-align-left","12":"first","13":"instock","14":"shipping-taxable","15":"purchasable","16":"product-type-variable"},"yoast_head":"<!-- This site is optimized with the Yoast SEO Premium plugin v24.1 (Yoast SEO v26.8) - https:\/\/yoast.com\/product\/yoast-seo-premium-wordpress\/ -->\n<title>Acheter Cheetah Piss Weed \u2013 Cannabis aux Saveurs Exotiques<\/title>\n<meta name=\"description\" content=\"Acheter Cheetah Piss Weed, une vari\u00e9t\u00e9 de cannabis unique avec un ar\u00f4me exotique et des effets puissants. Livraison rapide et discr\u00e8te\" \/>\n<meta name=\"robots\" content=\"index, follow, max-snippet:-1, max-image-preview:large, max-video-preview:-1\" \/>\n<link rel=\"canonical\" href=\"https:\/\/beuhparadis.com\/sk\/product\/acheter-cheetah-piss-weed\/\" \/>\n<meta property=\"og:locale\" content=\"sk_SK\" \/>\n<meta property=\"og:type\" content=\"article\" \/>\n<meta property=\"og:title\" content=\"Cheetah Piss Weed\" \/>\n<meta property=\"og:description\" content=\"Acheter Cheetah Piss Weed, une vari\u00e9t\u00e9 de cannabis unique avec un ar\u00f4me exotique et des effets puissants. Livraison rapide et discr\u00e8te\" \/>\n<meta property=\"og:url\" content=\"https:\/\/beuhparadis.com\/sk\/product\/acheter-cheetah-piss-weed\/\" \/>\n<meta property=\"og:site_name\" content=\"Beuh Paradis\" \/>\n<meta property=\"article:modified_time\" content=\"2025-01-26T16:12:34+00:00\" \/>\n<meta property=\"og:image\" content=\"https:\/\/beuhparadis.com\/wp-content\/uploads\/2024\/12\/Cheetah-Piss-Weed.webp\" \/>\n\t<meta property=\"og:image:width\" content=\"800\" \/>\n\t<meta property=\"og:image:height\" content=\"800\" \/>\n\t<meta property=\"og:image:type\" content=\"image\/webp\" \/>\n<meta name=\"twitter:card\" content=\"summary_large_image\" \/>\n<meta name=\"twitter:label1\" content=\"Predpokladan\u00fd \u010das \u010d\u00edtania\" \/>\n\t<meta name=\"twitter:data1\" content=\"2 minutes\" \/>\n<script type=\"application\/ld+json\" class=\"yoast-schema-graph\">{\"@context\":\"https:\/\/schema.org\",\"@graph\":[{\"@type\":\"WebPage\",\"@id\":\"https:\/\/beuhparadis.com\/product\/acheter-cheetah-piss-weed\/\",\"url\":\"https:\/\/beuhparadis.com\/product\/acheter-cheetah-piss-weed\/\",\"name\":\"Acheter Cheetah Piss Weed \u2013 Cannabis aux Saveurs Exotiques\",\"isPartOf\":{\"@id\":\"https:\/\/beuhparadis.com\/#website\"},\"primaryImageOfPage\":{\"@id\":\"https:\/\/beuhparadis.com\/product\/acheter-cheetah-piss-weed\/#primaryimage\"},\"image\":{\"@id\":\"https:\/\/beuhparadis.com\/product\/acheter-cheetah-piss-weed\/#primaryimage\"},\"thumbnailUrl\":\"https:\/\/beuhparadis.com\/wp-content\/uploads\/2024\/12\/Cheetah-Piss-Weed.webp\",\"datePublished\":\"2024-12-10T23:38:47+00:00\",\"dateModified\":\"2025-01-26T16:12:34+00:00\",\"description\":\"Acheter Cheetah Piss Weed, une vari\u00e9t\u00e9 de cannabis unique avec un ar\u00f4me exotique et des effets puissants. Livraison rapide et discr\u00e8te\",\"breadcrumb\":{\"@id\":\"https:\/\/beuhparadis.com\/product\/acheter-cheetah-piss-weed\/#breadcrumb\"},\"inLanguage\":\"sk-SK\",\"potentialAction\":[{\"@type\":\"ReadAction\",\"target\":[\"https:\/\/beuhparadis.com\/product\/acheter-cheetah-piss-weed\/\"]}]},{\"@type\":\"ImageObject\",\"inLanguage\":\"sk-SK\",\"@id\":\"https:\/\/beuhparadis.com\/product\/acheter-cheetah-piss-weed\/#primaryimage\",\"url\":\"https:\/\/beuhparadis.com\/wp-content\/uploads\/2024\/12\/Cheetah-Piss-Weed.webp\",\"contentUrl\":\"https:\/\/beuhparadis.com\/wp-content\/uploads\/2024\/12\/Cheetah-Piss-Weed.webp\",\"width\":800,\"height\":800},{\"@type\":\"BreadcrumbList\",\"@id\":\"https:\/\/beuhparadis.com\/product\/acheter-cheetah-piss-weed\/#breadcrumb\",\"itemListElement\":[{\"@type\":\"ListItem\",\"position\":1,\"name\":\"Home\",\"item\":\"https:\/\/beuhparadis.com\/\"},{\"@type\":\"ListItem\",\"position\":2,\"name\":\"Shop\",\"item\":\"https:\/\/beuhparadis.com\/shop\/\"},{\"@type\":\"ListItem\",\"position\":3,\"name\":\"Cheetah Piss Weed\"}]},{\"@type\":\"WebSite\",\"@id\":\"https:\/\/beuhparadis.com\/#website\",\"url\":\"https:\/\/beuhparadis.com\/\",\"name\":\"Beuh Paradis\",\"description\":\"\",\"potentialAction\":[{\"@type\":\"SearchAction\",\"target\":{\"@type\":\"EntryPoint\",\"urlTemplate\":\"https:\/\/beuhparadis.com\/?s={search_term_string}\"},\"query-input\":{\"@type\":\"PropertyValueSpecification\",\"valueRequired\":true,\"valueName\":\"search_term_string\"}}],\"inLanguage\":\"sk-SK\"}]}<\/script>\n<!-- \/ Yoast SEO Premium plugin. -->","yoast_head_json":{"title":"K\u00fapi\u0165 Cheetah Piss Weed - konope s exotickou pr\u00edchu\u0165ou","description":"K\u00fapte si Cheetah Piss Weed, jedine\u010dn\u00fa odrodu konope s exotickou ar\u00f3mou a siln\u00fdmi \u00fa\u010dinkami. R\u00fdchle a diskr\u00e9tne dodanie","robots":{"index":"index","follow":"follow","max-snippet":"max-snippet:-1","max-image-preview":"max-image-preview:large","max-video-preview":"max-video-preview:-1"},"canonical":"https:\/\/beuhparadis.com\/sk\/product\/acheter-cheetah-piss-weed\/","og_locale":"sk_SK","og_type":"article","og_title":"Cheetah Piss Weed","og_description":"Acheter Cheetah Piss Weed, une vari\u00e9t\u00e9 de cannabis unique avec un ar\u00f4me exotique et des effets puissants. Livraison rapide et discr\u00e8te","og_url":"https:\/\/beuhparadis.com\/sk\/product\/acheter-cheetah-piss-weed\/","og_site_name":"Beuh Paradis","article_modified_time":"2025-01-26T16:12:34+00:00","og_image":[{"width":800,"height":800,"url":"https:\/\/beuhparadis.com\/wp-content\/uploads\/2024\/12\/Cheetah-Piss-Weed.webp","type":"image\/webp"}],"twitter_card":"summary_large_image","twitter_misc":{"Predpokladan\u00fd \u010das \u010d\u00edtania":"2 minutes"},"schema":{"@context":"https:\/\/schema.org","@graph":[{"@type":"WebPage","@id":"https:\/\/beuhparadis.com\/product\/acheter-cheetah-piss-weed\/","url":"https:\/\/beuhparadis.com\/product\/acheter-cheetah-piss-weed\/","name":"K\u00fapi\u0165 Cheetah Piss Weed - konope s exotickou pr\u00edchu\u0165ou","isPartOf":{"@id":"https:\/\/beuhparadis.com\/#website"},"primaryImageOfPage":{"@id":"https:\/\/beuhparadis.com\/product\/acheter-cheetah-piss-weed\/#primaryimage"},"image":{"@id":"https:\/\/beuhparadis.com\/product\/acheter-cheetah-piss-weed\/#primaryimage"},"thumbnailUrl":"https:\/\/beuhparadis.com\/wp-content\/uploads\/2024\/12\/Cheetah-Piss-Weed.webp","datePublished":"2024-12-10T23:38:47+00:00","dateModified":"2025-01-26T16:12:34+00:00","description":"K\u00fapte si Cheetah Piss Weed, jedine\u010dn\u00fa odrodu konope s exotickou ar\u00f3mou a siln\u00fdmi \u00fa\u010dinkami. R\u00fdchle a diskr\u00e9tne dodanie","breadcrumb":{"@id":"https:\/\/beuhparadis.com\/product\/acheter-cheetah-piss-weed\/#breadcrumb"},"inLanguage":"sk-SK","potentialAction":[{"@type":"ReadAction","target":["https:\/\/beuhparadis.com\/product\/acheter-cheetah-piss-weed\/"]}]},{"@type":"ImageObject","inLanguage":"sk-SK","@id":"https:\/\/beuhparadis.com\/product\/acheter-cheetah-piss-weed\/#primaryimage","url":"https:\/\/beuhparadis.com\/wp-content\/uploads\/2024\/12\/Cheetah-Piss-Weed.webp","contentUrl":"https:\/\/beuhparadis.com\/wp-content\/uploads\/2024\/12\/Cheetah-Piss-Weed.webp","width":800,"height":800},{"@type":"BreadcrumbList","@id":"https:\/\/beuhparadis.com\/product\/acheter-cheetah-piss-weed\/#breadcrumb","itemListElement":[{"@type":"ListItem","position":1,"name":"Home","item":"https:\/\/beuhparadis.com\/"},{"@type":"ListItem","position":2,"name":"Shop","item":"https:\/\/beuhparadis.com\/shop\/"},{"@type":"ListItem","position":3,"name":"Cheetah Piss Weed"}]},{"@type":"WebSite","@id":"https:\/\/beuhparadis.com\/#website","url":"https:\/\/beuhparadis.com\/","name":"Beuh Paradis","description":"","potentialAction":[{"@type":"SearchAction","target":{"@type":"EntryPoint","urlTemplate":"https:\/\/beuhparadis.com\/?s={search_term_string}"},"query-input":{"@type":"PropertyValueSpecification","valueRequired":true,"valueName":"search_term_string"}}],"inLanguage":"sk-SK"}]}},"_links":{"self":[{"href":"https:\/\/beuhparadis.com\/sk\/wp-json\/wp\/v2\/product\/1179","targetHints":{"allow":["GET"]}}],"collection":[{"href":"https:\/\/beuhparadis.com\/sk\/wp-json\/wp\/v2\/product"}],"about":[{"href":"https:\/\/beuhparadis.com\/sk\/wp-json\/wp\/v2\/types\/product"}],"replies":[{"embeddable":true,"href":"https:\/\/beuhparadis.com\/sk\/wp-json\/wp\/v2\/comments?post=1179"}],"wp:featuredmedia":[{"embeddable":true,"href":"https:\/\/beuhparadis.com\/sk\/wp-json\/wp\/v2\/media\/1209"}],"wp:attachment":[{"href":"https:\/\/beuhparadis.com\/sk\/wp-json\/wp\/v2\/media?parent=1179"}],"wp:term":[{"taxonomy":"product_brand","embeddable":true,"href":"https:\/\/beuhparadis.com\/sk\/wp-json\/wp\/v2\/product_brand?post=1179"},{"taxonomy":"product_cat","embeddable":true,"href":"https:\/\/beuhparadis.com\/sk\/wp-json\/wp\/v2\/product_cat?post=1179"},{"taxonomy":"product_tag","embeddable":true,"href":"https:\/\/beuhparadis.com\/sk\/wp-json\/wp\/v2\/product_tag?post=1179"}],"curies":[{"name":"wp","href":"https:\/\/api.w.org\/{rel}","templated":true}]}}