{"id":1168,"date":"2024-12-10T23:38:32","date_gmt":"2024-12-10T23:38:32","guid":{"rendered":"https:\/\/beuhparadis.com\/?post_type=product&#038;p=1168"},"modified":"2025-01-26T16:08:28","modified_gmt":"2025-01-26T16:08:28","slug":"cherry-gorilla","status":"publish","type":"product","link":"https:\/\/beuhparadis.com\/sk\/product\/cherry-gorilla\/","title":{"rendered":"Cherry Gorilla"},"content":{"rendered":"<h1 class=\"wp-block-heading\">K\u00fapi\u0165 Cherry Gorilla Weed: Hybrid s upokojuj\u00facimi \u00fa\u010dinkami<\/h1>\n<p>Pred\u00e1m tr\u00e1vu Cherry Gorilla, zn\u00e1mu aj ako \"Cherry Gorilla Glue\", hybridn\u00fd kme\u0148, ktor\u00fd vznikol skr\u00ed\u017een\u00edm dvoch zn\u00e1mych odr\u00f4d: GG4 (zn\u00e1ma aj ako Gorilla Glue #4) a Black Cherry Pie. Tento kme\u0148 vynik\u00e1 sk\u00f4r upokojuj\u00facimi ne\u017e energizuj\u00facimi \u00fa\u010dinkami.<\/p>\n<h2 class=\"wp-block-heading\">Inform\u00e1cie o odrode Cherry Gorilla<\/h2>\n<ul class=\"wp-block-list\">\n<li><strong>Typ :<\/strong> Hybrid<\/li>\n<li><strong>Genetika :<\/strong> Kr\u00ed\u017eenie GG4 a Black Cherry Pie<\/li>\n<li><strong>V\u00fdrobca :<\/strong> Dom\u00e1ca genetika<\/li>\n<\/ul>\n<h2 class=\"wp-block-heading\">THC a CBD<\/h2>\n<ul class=\"wp-block-list\">\n<li><strong>THC :<\/strong> 22%, pri\u010dom niektor\u00e9 odrody boli testovan\u00e9 a\u017e do 22% alebo viac<\/li>\n<li><strong>CBD :<\/strong> N\u00edzke percento so zameran\u00edm na \u00fa\u010dinky THC<\/li>\n<\/ul>\n<h2 class=\"wp-block-heading\">Kde si m\u00f4\u017eem k\u00fapi\u0165 Cherry Gorilla online?<\/h2>\n<p>Kme\u0148 tr\u00e1vy Cherry Gorilla je mo\u017en\u00e9 k\u00fapi\u0165 online na \u0161pecializovan\u00fdch platform\u00e1ch, ako je Acheterducannabis, a pon\u00faka sk\u00fasen\u00fdm spotrebite\u013eom vysokokvalitn\u00fd kme\u0148 s vysokou toleranciou THC.<\/p>\n<h2 class=\"wp-block-heading\">\u00da\u010dinky, v\u00f4\u0148a a chu\u0165 Cherry Gorilla Weed<\/h2>\n<h3 class=\"wp-block-heading\">\u00da\u010dinok<\/h3>\n<ul class=\"wp-block-list\">\n<li><strong>Pocity :<\/strong> \u0160\u0165astie, relax\u00e1cia, koncentr\u00e1cia<\/li>\n<li><strong>Negat\u00edva :<\/strong> Sucho v \u00fastach, such\u00e9 o\u010di<\/li>\n<\/ul>\n<h3 class=\"wp-block-heading\">Ar\u00f3ma<\/h3>\n<p>Cherry Gorilla m\u00e1 zemit\u00fd aromatick\u00fd profil, ktor\u00fd dop\u013a\u0148aj\u00fa t\u00f3ny lesn\u00fdch plodov a nafty.<\/p>\n<h3 class=\"wp-block-heading\">Chu\u0165<\/h3>\n<p>Chu\u0165 tohto kme\u0148a nadv\u00e4zuje na jeho ar\u00f3mu a pon\u00faka zmes lesn\u00fdch plodov, nafty a zeme.<\/p>\n<h2 class=\"wp-block-heading\">Zdravotn\u00e9 \u00fa\u010dinky Cherry Gorilla<\/h2>\n<p>Lek\u00e1ri si vyberaj\u00fa Cherry Gorilla Weed na zmiernenie pr\u00edznakov spojen\u00fdch s :<\/p>\n<ul class=\"wp-block-list\">\n<li>Depresia<\/li>\n<li>Stres<\/li>\n<li>Boles\u0165<\/li>\n<\/ul>\n<h3 class=\"wp-block-heading\">M\u00f4\u017ee zmierni\u0165<\/h3>\n<ul class=\"wp-block-list\">\n<li>Depresia (17% pou\u017e\u00edvate\u013eov)<\/li>\n<li>Boles\u0165 (17% pou\u017e\u00edvate\u013eov)<\/li>\n<li>\u00dazkos\u0165 (17% pou\u017e\u00edvate\u013eov)<\/li>\n<\/ul>\n<h2 class=\"wp-block-heading\">Pre\u010do k\u00fapi\u0165 Cherry Gorilla Strain od Acheterducannabis?<\/h2>\n<p><a href=\"https:\/\/beuhparadis.com\/sk\">Beuhparadis<\/a> pr\u00edsne vyber\u00e1 najkvalitnej\u0161ie kmene, ako je Cherry Gorilla, \u010d\u00edm zaru\u010duje sk\u00fasen\u00fdm spotrebite\u013eom pr\u00edstup k produktom s vysok\u00fdm obsahom THC a hlbok\u00fdmi upokojuj\u00facimi \u00fa\u010dinkami.<\/p>\n<h2 class=\"wp-block-heading\">Pr\u00e1vne predpisy upravuj\u00face predaj Cherry Gorilla v Eur\u00f3pe<\/h2>\n<p>Predaj Cherry Gorilla, rovnako ako v\u0161etk\u00fdch kme\u0148ov konope, podlieha eur\u00f3pskej legislat\u00edve reguluj\u00facej obsah THC. Vzh\u013eadom na to, \u017ee v mnoh\u00fdch eur\u00f3pskych krajin\u00e1ch je obsah THC pod z\u00e1konom stanovenou hranicou, zost\u00e1va tento kme\u0148 dostupn\u00fd pre t\u00fdch, ktor\u00ed h\u013eadaj\u00fa jeho \u0161pecifick\u00e9 terapeutick\u00e9 a rekrea\u010dn\u00e9 \u00fa\u010dinky.<\/p>\n<p><a href=\"https:\/\/www.leafly.com\/strains\/cheetah-piss\" data-type=\"link\" data-id=\"https:\/\/www.leafly.com\/strains\/cheetah-piss\">Cherry Gorilla<\/a> je nevyhnutnos\u0165ou pre milovn\u00edkov konope, ktor\u00ed h\u013eadaj\u00fa upokojuj\u00faci z\u00e1\u017eitok charakterizovan\u00fd okam\u017eitou euf\u00f3riou, po ktorej nasleduje ospalos\u0165. Tento kme\u0148, ktor\u00fd je ide\u00e1lny pre sk\u00fasen\u00fdch u\u017e\u00edvate\u013eov, dokonale ilustruje odborn\u00e9 znalosti svojich tvorcov, spolo\u010dnosti In House Genetics, v oblasti genetick\u00e9ho kr\u00ed\u017eenia.<\/p>","protected":false},"excerpt":{"rendered":"<p><strong>THC :<\/strong> 17 % - 18 <strong>\u00da\u010dinky<\/strong> Povznesen\u00e9 telo, \u0161\u0165astn\u00e9, relaxa\u010dn\u00e9, povzn\u00e1\u0161aj\u00face <strong>M\u00f4\u017ee zmierni\u0165<\/strong> Chronick\u00e1 boles\u0165, depresia, \u00fanava, nespavos\u0165, nevo\u013enos\u0165, stres<\/p>","protected":false},"featured_media":1178,"comment_status":"closed","ping_status":"closed","template":"","meta":{"site-sidebar-layout":"default","site-content-layout":"","ast-site-content-layout":"default","site-content-style":"default","site-sidebar-style":"default","ast-global-header-display":"","ast-banner-title-visibility":"","ast-main-header-display":"","ast-hfb-above-header-display":"","ast-hfb-below-header-display":"","ast-hfb-mobile-header-display":"","site-post-title":"","ast-breadcrumbs-content":"","ast-featured-img":"","footer-sml-layout":"","theme-transparent-header-meta":"default","adv-header-id-meta":"","stick-header-meta":"","header-above-stick-meta":"","header-main-stick-meta":"","header-below-stick-meta":"","astra-migrate-meta-layouts":"set","ast-page-background-enabled":"default","ast-page-background-meta":{"desktop":{"background-color":"","background-image":"","background-repeat":"repeat","background-position":"center center","background-size":"auto","background-attachment":"scroll","background-type":"","background-media":"","overlay-type":"","overlay-color":"","overlay-opacity":"","overlay-gradient":""},"tablet":{"background-color":"","background-image":"","background-repeat":"repeat","background-position":"center center","background-size":"auto","background-attachment":"scroll","background-type":"","background-media":"","overlay-type":"","overlay-color":"","overlay-opacity":"","overlay-gradient":""},"mobile":{"background-color":"","background-image":"","background-repeat":"repeat","background-position":"center center","background-size":"auto","background-attachment":"scroll","background-type":"","background-media":"","overlay-type":"","overlay-color":"","overlay-opacity":"","overlay-gradient":""}},"ast-content-background-meta":{"desktop":{"background-color":"var(--ast-global-color-5)","background-image":"","background-repeat":"repeat","background-position":"center center","background-size":"auto","background-attachment":"scroll","background-type":"","background-media":"","overlay-type":"","overlay-color":"","overlay-opacity":"","overlay-gradient":""},"tablet":{"background-color":"var(--ast-global-color-5)","background-image":"","background-repeat":"repeat","background-position":"center center","background-size":"auto","background-attachment":"scroll","background-type":"","background-media":"","overlay-type":"","overlay-color":"","overlay-opacity":"","overlay-gradient":""},"mobile":{"background-color":"var(--ast-global-color-5)","background-image":"","background-repeat":"repeat","background-position":"center center","background-size":"auto","background-attachment":"scroll","background-type":"","background-media":"","overlay-type":"","overlay-color":"","overlay-opacity":"","overlay-gradient":""}},"_joinchat":[]},"product_brand":[],"product_cat":[32,33],"product_tag":[],"class_list":{"0":"post-1168","1":"product","2":"type-product","3":"status-publish","4":"has-post-thumbnail","6":"product_cat-fleur-de-chanvre","7":"product_cat-thc-beuh","8":"desktop-align-left","9":"tablet-align-left","10":"mobile-align-left","12":"first","13":"instock","14":"shipping-taxable","15":"purchasable","16":"product-type-variable"},"yoast_head":"<!-- This site is optimized with the Yoast SEO Premium plugin v24.1 (Yoast SEO v26.8) - https:\/\/yoast.com\/product\/yoast-seo-premium-wordpress\/ -->\n<title>Acheter Cherry Gorilla Weed \u2013 Cannabis Puissant et Savoureux<\/title>\n<meta name=\"description\" content=\"Acheter Cherry Gorilla Weed, une vari\u00e9t\u00e9 de cannabis premium offrant un m\u00e9lange unique de saveurs sucr\u00e9es et terreuses. Livraison rapide et discr\u00e8te\" \/>\n<meta name=\"robots\" content=\"index, follow, max-snippet:-1, max-image-preview:large, max-video-preview:-1\" \/>\n<link rel=\"canonical\" href=\"https:\/\/beuhparadis.com\/sk\/product\/cherry-gorilla\/\" \/>\n<meta property=\"og:locale\" content=\"sk_SK\" \/>\n<meta property=\"og:type\" content=\"article\" \/>\n<meta property=\"og:title\" content=\"Cherry Gorilla\" \/>\n<meta property=\"og:description\" content=\"Acheter Cherry Gorilla Weed, une vari\u00e9t\u00e9 de cannabis premium offrant un m\u00e9lange unique de saveurs sucr\u00e9es et terreuses. Livraison rapide et discr\u00e8te\" \/>\n<meta property=\"og:url\" content=\"https:\/\/beuhparadis.com\/sk\/product\/cherry-gorilla\/\" \/>\n<meta property=\"og:site_name\" content=\"Beuh Paradis\" \/>\n<meta property=\"article:modified_time\" content=\"2025-01-26T16:08:28+00:00\" \/>\n<meta property=\"og:image\" content=\"https:\/\/beuhparadis.com\/wp-content\/uploads\/2024\/12\/Cherry-Gorilla.webp\" \/>\n\t<meta property=\"og:image:width\" content=\"500\" \/>\n\t<meta property=\"og:image:height\" content=\"500\" \/>\n\t<meta property=\"og:image:type\" content=\"image\/webp\" \/>\n<meta name=\"twitter:card\" content=\"summary_large_image\" \/>\n<meta name=\"twitter:label1\" content=\"Predpokladan\u00fd \u010das \u010d\u00edtania\" \/>\n\t<meta name=\"twitter:data1\" content=\"2 minutes\" \/>\n<script type=\"application\/ld+json\" class=\"yoast-schema-graph\">{\"@context\":\"https:\/\/schema.org\",\"@graph\":[{\"@type\":\"WebPage\",\"@id\":\"https:\/\/beuhparadis.com\/product\/cherry-gorilla\/\",\"url\":\"https:\/\/beuhparadis.com\/product\/cherry-gorilla\/\",\"name\":\"Acheter Cherry Gorilla Weed \u2013 Cannabis Puissant et Savoureux\",\"isPartOf\":{\"@id\":\"https:\/\/beuhparadis.com\/#website\"},\"primaryImageOfPage\":{\"@id\":\"https:\/\/beuhparadis.com\/product\/cherry-gorilla\/#primaryimage\"},\"image\":{\"@id\":\"https:\/\/beuhparadis.com\/product\/cherry-gorilla\/#primaryimage\"},\"thumbnailUrl\":\"https:\/\/beuhparadis.com\/wp-content\/uploads\/2024\/12\/Cherry-Gorilla.webp\",\"datePublished\":\"2024-12-10T23:38:32+00:00\",\"dateModified\":\"2025-01-26T16:08:28+00:00\",\"description\":\"Acheter Cherry Gorilla Weed, une vari\u00e9t\u00e9 de cannabis premium offrant un m\u00e9lange unique de saveurs sucr\u00e9es et terreuses. Livraison rapide et discr\u00e8te\",\"breadcrumb\":{\"@id\":\"https:\/\/beuhparadis.com\/product\/cherry-gorilla\/#breadcrumb\"},\"inLanguage\":\"sk-SK\",\"potentialAction\":[{\"@type\":\"ReadAction\",\"target\":[\"https:\/\/beuhparadis.com\/product\/cherry-gorilla\/\"]}]},{\"@type\":\"ImageObject\",\"inLanguage\":\"sk-SK\",\"@id\":\"https:\/\/beuhparadis.com\/product\/cherry-gorilla\/#primaryimage\",\"url\":\"https:\/\/beuhparadis.com\/wp-content\/uploads\/2024\/12\/Cherry-Gorilla.webp\",\"contentUrl\":\"https:\/\/beuhparadis.com\/wp-content\/uploads\/2024\/12\/Cherry-Gorilla.webp\",\"width\":500,\"height\":500},{\"@type\":\"BreadcrumbList\",\"@id\":\"https:\/\/beuhparadis.com\/product\/cherry-gorilla\/#breadcrumb\",\"itemListElement\":[{\"@type\":\"ListItem\",\"position\":1,\"name\":\"Home\",\"item\":\"https:\/\/beuhparadis.com\/\"},{\"@type\":\"ListItem\",\"position\":2,\"name\":\"Shop\",\"item\":\"https:\/\/beuhparadis.com\/shop\/\"},{\"@type\":\"ListItem\",\"position\":3,\"name\":\"Cherry Gorilla\"}]},{\"@type\":\"WebSite\",\"@id\":\"https:\/\/beuhparadis.com\/#website\",\"url\":\"https:\/\/beuhparadis.com\/\",\"name\":\"Beuh Paradis\",\"description\":\"\",\"potentialAction\":[{\"@type\":\"SearchAction\",\"target\":{\"@type\":\"EntryPoint\",\"urlTemplate\":\"https:\/\/beuhparadis.com\/?s={search_term_string}\"},\"query-input\":{\"@type\":\"PropertyValueSpecification\",\"valueRequired\":true,\"valueName\":\"search_term_string\"}}],\"inLanguage\":\"sk-SK\"}]}<\/script>\n<!-- \/ Yoast SEO Premium plugin. -->","yoast_head_json":{"title":"K\u00fapi\u0165 Cherry Gorilla Weed - siln\u00e9 a chutn\u00e9 konope","description":"K\u00fapte si Cherry Gorilla Weed, pr\u00e9miov\u00fd kme\u0148 konope, ktor\u00fd pon\u00faka jedine\u010dn\u00fa zmes sladkej a zemitej chuti. R\u00fdchle a diskr\u00e9tne dodanie","robots":{"index":"index","follow":"follow","max-snippet":"max-snippet:-1","max-image-preview":"max-image-preview:large","max-video-preview":"max-video-preview:-1"},"canonical":"https:\/\/beuhparadis.com\/sk\/product\/cherry-gorilla\/","og_locale":"sk_SK","og_type":"article","og_title":"Cherry Gorilla","og_description":"Acheter Cherry Gorilla Weed, une vari\u00e9t\u00e9 de cannabis premium offrant un m\u00e9lange unique de saveurs sucr\u00e9es et terreuses. Livraison rapide et discr\u00e8te","og_url":"https:\/\/beuhparadis.com\/sk\/product\/cherry-gorilla\/","og_site_name":"Beuh Paradis","article_modified_time":"2025-01-26T16:08:28+00:00","og_image":[{"width":500,"height":500,"url":"https:\/\/beuhparadis.com\/wp-content\/uploads\/2024\/12\/Cherry-Gorilla.webp","type":"image\/webp"}],"twitter_card":"summary_large_image","twitter_misc":{"Predpokladan\u00fd \u010das \u010d\u00edtania":"2 minutes"},"schema":{"@context":"https:\/\/schema.org","@graph":[{"@type":"WebPage","@id":"https:\/\/beuhparadis.com\/product\/cherry-gorilla\/","url":"https:\/\/beuhparadis.com\/product\/cherry-gorilla\/","name":"K\u00fapi\u0165 Cherry Gorilla Weed - siln\u00e9 a chutn\u00e9 konope","isPartOf":{"@id":"https:\/\/beuhparadis.com\/#website"},"primaryImageOfPage":{"@id":"https:\/\/beuhparadis.com\/product\/cherry-gorilla\/#primaryimage"},"image":{"@id":"https:\/\/beuhparadis.com\/product\/cherry-gorilla\/#primaryimage"},"thumbnailUrl":"https:\/\/beuhparadis.com\/wp-content\/uploads\/2024\/12\/Cherry-Gorilla.webp","datePublished":"2024-12-10T23:38:32+00:00","dateModified":"2025-01-26T16:08:28+00:00","description":"K\u00fapte si Cherry Gorilla Weed, pr\u00e9miov\u00fd kme\u0148 konope, ktor\u00fd pon\u00faka jedine\u010dn\u00fa zmes sladkej a zemitej chuti. R\u00fdchle a diskr\u00e9tne dodanie","breadcrumb":{"@id":"https:\/\/beuhparadis.com\/product\/cherry-gorilla\/#breadcrumb"},"inLanguage":"sk-SK","potentialAction":[{"@type":"ReadAction","target":["https:\/\/beuhparadis.com\/product\/cherry-gorilla\/"]}]},{"@type":"ImageObject","inLanguage":"sk-SK","@id":"https:\/\/beuhparadis.com\/product\/cherry-gorilla\/#primaryimage","url":"https:\/\/beuhparadis.com\/wp-content\/uploads\/2024\/12\/Cherry-Gorilla.webp","contentUrl":"https:\/\/beuhparadis.com\/wp-content\/uploads\/2024\/12\/Cherry-Gorilla.webp","width":500,"height":500},{"@type":"BreadcrumbList","@id":"https:\/\/beuhparadis.com\/product\/cherry-gorilla\/#breadcrumb","itemListElement":[{"@type":"ListItem","position":1,"name":"Home","item":"https:\/\/beuhparadis.com\/"},{"@type":"ListItem","position":2,"name":"Shop","item":"https:\/\/beuhparadis.com\/shop\/"},{"@type":"ListItem","position":3,"name":"Cherry Gorilla"}]},{"@type":"WebSite","@id":"https:\/\/beuhparadis.com\/#website","url":"https:\/\/beuhparadis.com\/","name":"Beuh Paradis","description":"","potentialAction":[{"@type":"SearchAction","target":{"@type":"EntryPoint","urlTemplate":"https:\/\/beuhparadis.com\/?s={search_term_string}"},"query-input":{"@type":"PropertyValueSpecification","valueRequired":true,"valueName":"search_term_string"}}],"inLanguage":"sk-SK"}]}},"_links":{"self":[{"href":"https:\/\/beuhparadis.com\/sk\/wp-json\/wp\/v2\/product\/1168","targetHints":{"allow":["GET"]}}],"collection":[{"href":"https:\/\/beuhparadis.com\/sk\/wp-json\/wp\/v2\/product"}],"about":[{"href":"https:\/\/beuhparadis.com\/sk\/wp-json\/wp\/v2\/types\/product"}],"replies":[{"embeddable":true,"href":"https:\/\/beuhparadis.com\/sk\/wp-json\/wp\/v2\/comments?post=1168"}],"wp:featuredmedia":[{"embeddable":true,"href":"https:\/\/beuhparadis.com\/sk\/wp-json\/wp\/v2\/media\/1178"}],"wp:attachment":[{"href":"https:\/\/beuhparadis.com\/sk\/wp-json\/wp\/v2\/media?parent=1168"}],"wp:term":[{"taxonomy":"product_brand","embeddable":true,"href":"https:\/\/beuhparadis.com\/sk\/wp-json\/wp\/v2\/product_brand?post=1168"},{"taxonomy":"product_cat","embeddable":true,"href":"https:\/\/beuhparadis.com\/sk\/wp-json\/wp\/v2\/product_cat?post=1168"},{"taxonomy":"product_tag","embeddable":true,"href":"https:\/\/beuhparadis.com\/sk\/wp-json\/wp\/v2\/product_tag?post=1168"}],"curies":[{"name":"wp","href":"https:\/\/api.w.org\/{rel}","templated":true}]}}