{"id":1158,"date":"2024-12-10T23:38:32","date_gmt":"2024-12-10T23:38:32","guid":{"rendered":"https:\/\/beuhparadis.com\/?post_type=product&#038;p=1158"},"modified":"2025-01-25T23:21:18","modified_gmt":"2025-01-25T23:21:18","slug":"cookie-glue","status":"publish","type":"product","link":"https:\/\/beuhparadis.com\/sk\/product\/cookie-glue\/","title":{"rendered":"Lepidlo na su\u0161ienky"},"content":{"rendered":"<h1 class=\"wp-block-heading\">K\u00fapi\u0165 Cookie Glue Weed: dokonal\u00fd hybrid pre euforick\u00e9 opojenie<\/h1>\n<p>Cookie Glue je vyv\u00e1\u017een\u00fd hybridn\u00fd kme\u0148 konope vytvoren\u00fd kr\u00ed\u017een\u00edm Cookies a Glue Bx2. Tento jedine\u010dn\u00fd kme\u0148 je zn\u00e1my svoj\u00edm euforick\u00fdm \u00fa\u010dinkom a v\u00fdraznou chu\u0165ou, v\u010faka \u010domu je ob\u013e\u00fabenou vo\u013ebou medzi znalcami konope.<\/p>\n<h2 class=\"wp-block-heading\">Inform\u00e1cie o kmeni Cookie Glue<\/h2>\n<ul class=\"wp-block-list\">\n<li><strong>Typ:<\/strong> Vyv\u00e1\u017een\u00fd hybrid<\/li>\n<li><strong>Genetika:<\/strong> Kr\u00ed\u017eenie cookies a lepidla Bx2<\/li>\n<li><strong>Chovate\u013e:<\/strong> Spolo\u010dnos\u0165 Equillibrium Genetics so s\u00eddlom v Mendocine v Kalifornii<\/li>\n<li><strong>\u00da\u010dinok:<\/strong> Euf\u00f3ria, uvo\u013enenie, pocit mrav\u010denia<\/li>\n<li><strong>Chu\u0165:<\/strong> Ovocn\u00fd, kysl\u00fd, korenist\u00fd s n\u00e1dychom skunku<\/li>\n<\/ul>\n<h2 class=\"wp-block-heading\">THC a CBD<\/h2>\n<ul class=\"wp-block-list\">\n<li><strong>THC:<\/strong> Obzvl\u00e1\u0161\u0165 vysok\u00e1 r\u00fdchlos\u0165, ktor\u00e1 poskytuje uvo\u013e\u0148uj\u00faci, brniaci pocit<\/li>\n<li><strong>CBD:<\/strong> N\u00edzke, zv\u00fdraz\u0148uj\u00face psychoakt\u00edvne a relaxa\u010dn\u00e9 \u00fa\u010dinky kme\u0148a<\/li>\n<\/ul>\n<h2 class=\"wp-block-heading\">Kde k\u00fapi\u0165 Cookie Glue Weed online?<\/h2>\n<p>Cookie Glue je mo\u017en\u00e9 k\u00fapi\u0165 online na \u0161pecializovan\u00fdch platform\u00e1ch, ako je Acheterducannabis, kde je v\u017edy zaru\u010den\u00e1 kvalita a dodr\u017eiavanie pr\u00e1vnych predpisov.<\/p>\n<h2 class=\"wp-block-heading\">\u00da\u010dinky, v\u00f4\u0148a a chu\u0165 lepidla Cookie Glue<\/h2>\n<h3 class=\"wp-block-heading\">\u00da\u010dinok<\/h3>\n<ul class=\"wp-block-list\">\n<li>Pou\u017e\u00edvatelia uv\u00e1dzaj\u00fa pocit uvo\u013enenia, hladu a mrav\u010denia, ide\u00e1lny na zlep\u0161enie n\u00e1lady a hlbok\u00fa relax\u00e1ciu.<\/li>\n<\/ul>\n<h3 class=\"wp-block-heading\">Ar\u00f3ma<\/h3>\n<ul class=\"wp-block-list\">\n<li>Aromatick\u00fd profil Cookie Glue sa vyzna\u010duje t\u00f3nmi korenia, skunku a zeme.<\/li>\n<\/ul>\n<h3 class=\"wp-block-heading\">Chu\u0165<\/h3>\n<ul class=\"wp-block-list\">\n<li>Tento kme\u0148 m\u00e1 komplexn\u00fa chu\u0165, ktor\u00e1 kombinuje ovocnos\u0165, kyslos\u0165 a pikantnos\u0165, so spr\u00e1vnym mno\u017estvom skunkovej chuti, ktor\u00e1 zaujme chu\u0165ov\u00e9 poh\u00e1riky.<\/li>\n<\/ul>\n<h2 class=\"wp-block-heading\">Zdravotn\u00e9 \u00fa\u010dinky lepidla Cookie Glue<\/h2>\n<p>Lepidlo Cookie Glue si pacienti vyberaj\u00fa pre jeho schopnos\u0165 :<\/p>\n<ul class=\"wp-block-list\">\n<li>Upokojenie bolest\u00ed tela<\/li>\n<li>Vyvola\u0165 pocit uvo\u013enenia a mrav\u010denia<\/li>\n<\/ul>\n<h3 class=\"wp-block-heading\">M\u00f4\u017ee zmierni\u0165<\/h3>\n<ul class=\"wp-block-list\">\n<li>\u00dazkos\u0165<\/li>\n<li>Depresia<\/li>\n<li>Nespavos\u0165<\/li>\n<\/ul>\n<h2 class=\"wp-block-heading\">Pre\u010do k\u00fapi\u0165 Cookie Glue Weed od beuhparadis?<\/h2>\n<p>K\u00fapi\u0165 od <a href=\"https:\/\/beuhparadis.com\/sk\" data-type=\"link\" data-id=\"https:\/\/acheterducannabis.fr\/\">Buyducannabis<\/a> zaru\u010duje bezpe\u010dn\u00fd a vyhovuj\u00faci n\u00e1kup produktov najvy\u0161\u0161ej kvality od uzn\u00e1van\u00fdch chovate\u013eov, ako je Equillibrium Genetics.<\/p>\n<h2 class=\"wp-block-heading\">Pr\u00e1vne predpisy o predaji kmene Cookie Glue v Eur\u00f3pe<\/h2>\n<p>Predaj konope vr\u00e1tane kme\u0148a Cookie Glue podlieha z\u00e1konom jednotliv\u00fdch eur\u00f3pskych kraj\u00edn. Spolo\u010dnos\u0165 Acheterducannabis tieto predpisy pr\u00edsne dodr\u017eiava, aby v\u0161etk\u00fdm na\u0161im z\u00e1kazn\u00edkom poskytla bezpe\u010dn\u00fd a leg\u00e1lny z\u00e1\u017eitok.<\/p>\n<p>La <a href=\"https:\/\/www.leafly.com\/strains\/cookie-glue\" data-type=\"link\" data-id=\"https:\/\/www.leafly.com\/strains\/cookie-glue\">Lepidlo na su\u0161ienky Weed<\/a> vynik\u00e1 postupne narastaj\u00facim euforick\u00fdm \u00fa\u010dinkom, jedine\u010dnou v\u00f4\u0148ou a chu\u0165ou a zdravotn\u00fdmi v\u00fdhodami, v\u010faka \u010domu je ob\u013e\u00fabenou odrodou medzi u\u017e\u00edvate\u013emi, ktor\u00ed h\u013eadaj\u00fa relaxa\u010dn\u00fd a z\u00e1rove\u0148 stimuluj\u00faci z\u00e1\u017eitok z konope. S terp\u00e9nov\u00fdm profilom, v ktorom dominuje karyofyl\u00e9n, myrcen a humul\u00e9n, pon\u00faka protiz\u00e1palov\u00e9 \u00fa\u010dinky a z\u00e1rove\u0148 pote\u0161\u00ed zmysly. Objavte tento v\u00fdnimo\u010dn\u00fd kme\u0148 a mnoh\u00e9 \u010fal\u0161ie v Acheterducannabis, va\u0161ej destin\u00e1cii pre kvalitn\u00e9 konopn\u00e9 produkty v Eur\u00f3pe.<\/p>","protected":false},"excerpt":{"rendered":"<p>Acheter Cookie Glue Weed: L\u2019Hybride Parfait pour un High Euphorique La Cookie Glue est une vari\u00e9t\u00e9 de cannabis hybride \u00e9quilibr\u00e9e, n\u00e9e du croisement entre Cookies et Glue Bx2. Cette souche unique est r\u00e9put\u00e9e pour son effet euphorique et son go\u00fbt distinctif, faisant d\u2019elle un choix populaire parmi les connaisseurs de cannabis. Informations sur la Souche [&hellip;]<\/p>\n","protected":false},"featured_media":1176,"comment_status":"closed","ping_status":"closed","template":"","meta":{"site-sidebar-layout":"default","site-content-layout":"","ast-site-content-layout":"default","site-content-style":"default","site-sidebar-style":"default","ast-global-header-display":"","ast-banner-title-visibility":"","ast-main-header-display":"","ast-hfb-above-header-display":"","ast-hfb-below-header-display":"","ast-hfb-mobile-header-display":"","site-post-title":"","ast-breadcrumbs-content":"","ast-featured-img":"","footer-sml-layout":"","theme-transparent-header-meta":"default","adv-header-id-meta":"","stick-header-meta":"","header-above-stick-meta":"","header-main-stick-meta":"","header-below-stick-meta":"","astra-migrate-meta-layouts":"set","ast-page-background-enabled":"default","ast-page-background-meta":{"desktop":{"background-color":"","background-image":"","background-repeat":"repeat","background-position":"center center","background-size":"auto","background-attachment":"scroll","background-type":"","background-media":"","overlay-type":"","overlay-color":"","overlay-opacity":"","overlay-gradient":""},"tablet":{"background-color":"","background-image":"","background-repeat":"repeat","background-position":"center center","background-size":"auto","background-attachment":"scroll","background-type":"","background-media":"","overlay-type":"","overlay-color":"","overlay-opacity":"","overlay-gradient":""},"mobile":{"background-color":"","background-image":"","background-repeat":"repeat","background-position":"center center","background-size":"auto","background-attachment":"scroll","background-type":"","background-media":"","overlay-type":"","overlay-color":"","overlay-opacity":"","overlay-gradient":""}},"ast-content-background-meta":{"desktop":{"background-color":"var(--ast-global-color-5)","background-image":"","background-repeat":"repeat","background-position":"center center","background-size":"auto","background-attachment":"scroll","background-type":"","background-media":"","overlay-type":"","overlay-color":"","overlay-opacity":"","overlay-gradient":""},"tablet":{"background-color":"var(--ast-global-color-5)","background-image":"","background-repeat":"repeat","background-position":"center center","background-size":"auto","background-attachment":"scroll","background-type":"","background-media":"","overlay-type":"","overlay-color":"","overlay-opacity":"","overlay-gradient":""},"mobile":{"background-color":"var(--ast-global-color-5)","background-image":"","background-repeat":"repeat","background-position":"center center","background-size":"auto","background-attachment":"scroll","background-type":"","background-media":"","overlay-type":"","overlay-color":"","overlay-opacity":"","overlay-gradient":""}},"_joinchat":[]},"product_brand":[],"product_cat":[32,33],"product_tag":[],"class_list":{"0":"post-1158","1":"product","2":"type-product","3":"status-publish","4":"has-post-thumbnail","6":"product_cat-fleur-de-chanvre","7":"product_cat-thc-beuh","8":"desktop-align-left","9":"tablet-align-left","10":"mobile-align-left","12":"first","13":"instock","14":"shipping-taxable","15":"purchasable","16":"product-type-variable"},"yoast_head":"<!-- This site is optimized with the Yoast SEO Premium plugin v24.1 (Yoast SEO v26.8) - https:\/\/yoast.com\/product\/yoast-seo-premium-wordpress\/ -->\n<title>Acheter Cookie Glue Weed \u2013 Cannabis Puissant et Premium<\/title>\n<meta name=\"description\" content=\"D\u00e9couvrez Cookie Glue Weed, une vari\u00e9t\u00e9 de cannabis puissante alliant saveur sucr\u00e9e et effet relaxant. Achetez en ligne avec livraison rapide et discr\u00e8te\" \/>\n<meta name=\"robots\" content=\"index, follow, max-snippet:-1, max-image-preview:large, max-video-preview:-1\" \/>\n<link rel=\"canonical\" href=\"https:\/\/beuhparadis.com\/sk\/product\/cookie-glue\/\" \/>\n<meta property=\"og:locale\" content=\"sk_SK\" \/>\n<meta property=\"og:type\" content=\"article\" \/>\n<meta property=\"og:title\" content=\"Cookie Glue\" \/>\n<meta property=\"og:description\" content=\"D\u00e9couvrez Cookie Glue Weed, une vari\u00e9t\u00e9 de cannabis puissante alliant saveur sucr\u00e9e et effet relaxant. Achetez en ligne avec livraison rapide et discr\u00e8te\" \/>\n<meta property=\"og:url\" content=\"https:\/\/beuhparadis.com\/sk\/product\/cookie-glue\/\" \/>\n<meta property=\"og:site_name\" content=\"Beuh Paradis\" \/>\n<meta property=\"article:modified_time\" content=\"2025-01-25T23:21:18+00:00\" \/>\n<meta property=\"og:image\" content=\"https:\/\/beuhparadis.com\/wp-content\/uploads\/2024\/12\/Cookie-Glue.webp\" \/>\n\t<meta property=\"og:image:width\" content=\"768\" \/>\n\t<meta property=\"og:image:height\" content=\"768\" \/>\n\t<meta property=\"og:image:type\" content=\"image\/webp\" \/>\n<meta name=\"twitter:card\" content=\"summary_large_image\" \/>\n<meta name=\"twitter:label1\" content=\"Predpokladan\u00fd \u010das \u010d\u00edtania\" \/>\n\t<meta name=\"twitter:data1\" content=\"3 minutes\" \/>\n<script type=\"application\/ld+json\" class=\"yoast-schema-graph\">{\"@context\":\"https:\/\/schema.org\",\"@graph\":[{\"@type\":\"WebPage\",\"@id\":\"https:\/\/beuhparadis.com\/product\/cookie-glue\/\",\"url\":\"https:\/\/beuhparadis.com\/product\/cookie-glue\/\",\"name\":\"Acheter Cookie Glue Weed \u2013 Cannabis Puissant et Premium\",\"isPartOf\":{\"@id\":\"https:\/\/beuhparadis.com\/#website\"},\"primaryImageOfPage\":{\"@id\":\"https:\/\/beuhparadis.com\/product\/cookie-glue\/#primaryimage\"},\"image\":{\"@id\":\"https:\/\/beuhparadis.com\/product\/cookie-glue\/#primaryimage\"},\"thumbnailUrl\":\"https:\/\/beuhparadis.com\/wp-content\/uploads\/2024\/12\/Cookie-Glue.webp\",\"datePublished\":\"2024-12-10T23:38:32+00:00\",\"dateModified\":\"2025-01-25T23:21:18+00:00\",\"description\":\"D\u00e9couvrez Cookie Glue Weed, une vari\u00e9t\u00e9 de cannabis puissante alliant saveur sucr\u00e9e et effet relaxant. Achetez en ligne avec livraison rapide et discr\u00e8te\",\"breadcrumb\":{\"@id\":\"https:\/\/beuhparadis.com\/product\/cookie-glue\/#breadcrumb\"},\"inLanguage\":\"sk-SK\",\"potentialAction\":[{\"@type\":\"ReadAction\",\"target\":[\"https:\/\/beuhparadis.com\/product\/cookie-glue\/\"]}]},{\"@type\":\"ImageObject\",\"inLanguage\":\"sk-SK\",\"@id\":\"https:\/\/beuhparadis.com\/product\/cookie-glue\/#primaryimage\",\"url\":\"https:\/\/beuhparadis.com\/wp-content\/uploads\/2024\/12\/Cookie-Glue.webp\",\"contentUrl\":\"https:\/\/beuhparadis.com\/wp-content\/uploads\/2024\/12\/Cookie-Glue.webp\",\"width\":768,\"height\":768},{\"@type\":\"BreadcrumbList\",\"@id\":\"https:\/\/beuhparadis.com\/product\/cookie-glue\/#breadcrumb\",\"itemListElement\":[{\"@type\":\"ListItem\",\"position\":1,\"name\":\"Home\",\"item\":\"https:\/\/beuhparadis.com\/\"},{\"@type\":\"ListItem\",\"position\":2,\"name\":\"Shop\",\"item\":\"https:\/\/beuhparadis.com\/shop\/\"},{\"@type\":\"ListItem\",\"position\":3,\"name\":\"Cookie Glue\"}]},{\"@type\":\"WebSite\",\"@id\":\"https:\/\/beuhparadis.com\/#website\",\"url\":\"https:\/\/beuhparadis.com\/\",\"name\":\"Beuh Paradis\",\"description\":\"\",\"potentialAction\":[{\"@type\":\"SearchAction\",\"target\":{\"@type\":\"EntryPoint\",\"urlTemplate\":\"https:\/\/beuhparadis.com\/?s={search_term_string}\"},\"query-input\":{\"@type\":\"PropertyValueSpecification\",\"valueRequired\":true,\"valueName\":\"search_term_string\"}}],\"inLanguage\":\"sk-SK\"}]}<\/script>\n<!-- \/ Yoast SEO Premium plugin. -->","yoast_head_json":{"title":"K\u00fapi\u0165 Cookie Glue Weed - Cannabis Puissant et Premium","description":"Objavte Cookie Glue Weed, siln\u00fd kme\u0148 konope, ktor\u00fd kombinuje sladk\u00fa chu\u0165 s relaxa\u010dn\u00fdm \u00fa\u010dinkom. K\u00fapte si online s r\u00fdchlym a diskr\u00e9tnym doru\u010den\u00edm","robots":{"index":"index","follow":"follow","max-snippet":"max-snippet:-1","max-image-preview":"max-image-preview:large","max-video-preview":"max-video-preview:-1"},"canonical":"https:\/\/beuhparadis.com\/sk\/product\/cookie-glue\/","og_locale":"sk_SK","og_type":"article","og_title":"Cookie Glue","og_description":"D\u00e9couvrez Cookie Glue Weed, une vari\u00e9t\u00e9 de cannabis puissante alliant saveur sucr\u00e9e et effet relaxant. Achetez en ligne avec livraison rapide et discr\u00e8te","og_url":"https:\/\/beuhparadis.com\/sk\/product\/cookie-glue\/","og_site_name":"Beuh Paradis","article_modified_time":"2025-01-25T23:21:18+00:00","og_image":[{"width":768,"height":768,"url":"https:\/\/beuhparadis.com\/wp-content\/uploads\/2024\/12\/Cookie-Glue.webp","type":"image\/webp"}],"twitter_card":"summary_large_image","twitter_misc":{"Predpokladan\u00fd \u010das \u010d\u00edtania":"3 minutes"},"schema":{"@context":"https:\/\/schema.org","@graph":[{"@type":"WebPage","@id":"https:\/\/beuhparadis.com\/product\/cookie-glue\/","url":"https:\/\/beuhparadis.com\/product\/cookie-glue\/","name":"K\u00fapi\u0165 Cookie Glue Weed - Cannabis Puissant et Premium","isPartOf":{"@id":"https:\/\/beuhparadis.com\/#website"},"primaryImageOfPage":{"@id":"https:\/\/beuhparadis.com\/product\/cookie-glue\/#primaryimage"},"image":{"@id":"https:\/\/beuhparadis.com\/product\/cookie-glue\/#primaryimage"},"thumbnailUrl":"https:\/\/beuhparadis.com\/wp-content\/uploads\/2024\/12\/Cookie-Glue.webp","datePublished":"2024-12-10T23:38:32+00:00","dateModified":"2025-01-25T23:21:18+00:00","description":"Objavte Cookie Glue Weed, siln\u00fd kme\u0148 konope, ktor\u00fd kombinuje sladk\u00fa chu\u0165 s relaxa\u010dn\u00fdm \u00fa\u010dinkom. K\u00fapte si online s r\u00fdchlym a diskr\u00e9tnym doru\u010den\u00edm","breadcrumb":{"@id":"https:\/\/beuhparadis.com\/product\/cookie-glue\/#breadcrumb"},"inLanguage":"sk-SK","potentialAction":[{"@type":"ReadAction","target":["https:\/\/beuhparadis.com\/product\/cookie-glue\/"]}]},{"@type":"ImageObject","inLanguage":"sk-SK","@id":"https:\/\/beuhparadis.com\/product\/cookie-glue\/#primaryimage","url":"https:\/\/beuhparadis.com\/wp-content\/uploads\/2024\/12\/Cookie-Glue.webp","contentUrl":"https:\/\/beuhparadis.com\/wp-content\/uploads\/2024\/12\/Cookie-Glue.webp","width":768,"height":768},{"@type":"BreadcrumbList","@id":"https:\/\/beuhparadis.com\/product\/cookie-glue\/#breadcrumb","itemListElement":[{"@type":"ListItem","position":1,"name":"Home","item":"https:\/\/beuhparadis.com\/"},{"@type":"ListItem","position":2,"name":"Shop","item":"https:\/\/beuhparadis.com\/shop\/"},{"@type":"ListItem","position":3,"name":"Cookie Glue"}]},{"@type":"WebSite","@id":"https:\/\/beuhparadis.com\/#website","url":"https:\/\/beuhparadis.com\/","name":"Beuh Paradis","description":"","potentialAction":[{"@type":"SearchAction","target":{"@type":"EntryPoint","urlTemplate":"https:\/\/beuhparadis.com\/?s={search_term_string}"},"query-input":{"@type":"PropertyValueSpecification","valueRequired":true,"valueName":"search_term_string"}}],"inLanguage":"sk-SK"}]}},"_links":{"self":[{"href":"https:\/\/beuhparadis.com\/sk\/wp-json\/wp\/v2\/product\/1158","targetHints":{"allow":["GET"]}}],"collection":[{"href":"https:\/\/beuhparadis.com\/sk\/wp-json\/wp\/v2\/product"}],"about":[{"href":"https:\/\/beuhparadis.com\/sk\/wp-json\/wp\/v2\/types\/product"}],"replies":[{"embeddable":true,"href":"https:\/\/beuhparadis.com\/sk\/wp-json\/wp\/v2\/comments?post=1158"}],"wp:featuredmedia":[{"embeddable":true,"href":"https:\/\/beuhparadis.com\/sk\/wp-json\/wp\/v2\/media\/1176"}],"wp:attachment":[{"href":"https:\/\/beuhparadis.com\/sk\/wp-json\/wp\/v2\/media?parent=1158"}],"wp:term":[{"taxonomy":"product_brand","embeddable":true,"href":"https:\/\/beuhparadis.com\/sk\/wp-json\/wp\/v2\/product_brand?post=1158"},{"taxonomy":"product_cat","embeddable":true,"href":"https:\/\/beuhparadis.com\/sk\/wp-json\/wp\/v2\/product_cat?post=1158"},{"taxonomy":"product_tag","embeddable":true,"href":"https:\/\/beuhparadis.com\/sk\/wp-json\/wp\/v2\/product_tag?post=1158"}],"curies":[{"name":"wp","href":"https:\/\/api.w.org\/{rel}","templated":true}]}}