{"id":1148,"date":"2024-12-10T23:38:31","date_gmt":"2024-12-10T23:38:31","guid":{"rendered":"https:\/\/beuhparadis.com\/?post_type=product&#038;p=1148"},"modified":"2025-01-25T23:12:07","modified_gmt":"2025-01-25T23:12:07","slug":"cookies-and-cream","status":"publish","type":"product","link":"https:\/\/beuhparadis.com\/sk\/product\/cookies-and-cream\/","title":{"rendered":"Cookies a kr\u00e9m"},"content":{"rendered":"<h1 class=\"wp-block-heading\">K\u00fapi\u0165 Cookie and Cream Weed: Sladk\u00e9 pote\u0161enie pre znalcov<\/h1>\n<p>Cookie and Cream Weed je povinnou v\u00fdbavou pre milovn\u00edkov konope, ktor\u00ed h\u013eadaj\u00fa sladk\u00fa chu\u0165 a silu. Tento dokonale vyv\u00e1\u017een\u00fd hybrid sa m\u00f4\u017ee pochv\u00e1li\u0165 v\u00fdnimo\u010dnou chu\u0165ou a aromatick\u00fdm profilom, ako aj vyv\u00e1\u017een\u00fdmi \u00fa\u010dinkami, ktor\u00e9 pote\u0161ia rekrea\u010dn\u00fdch aj medic\u00ednskych u\u017e\u00edvate\u013eov. Po\u010fme sa bli\u017e\u0161ie pozrie\u0165 na vlastnosti kme\u0148a Cookie and Cream Weed, jeho \u00fa\u010dinky, v\u00fdhody a na to, kde ho n\u00e1js\u0165.<\/p>\n<h2 class=\"wp-block-heading\">Inform\u00e1cie o odrode Cookie and Cream Weed<\/h2>\n<ul class=\"wp-block-list\">\n<li><strong>Genetick\u00fd p\u00f4vod:<\/strong> Tento kme\u0148, ktor\u00fd je kr\u00ed\u017eencom Girl Scout Cookies a Starfighter, je v\u00fdtvorom spolo\u010dnosti Exotic Genetix.<\/li>\n<li><strong>Ocenenia:<\/strong> Kme\u0148 Cookie and Cream Weed Strain z\u00edskal mno\u017estvo ocenen\u00ed, \u010do dokazuje jeho kvalitu a ob\u013e\u00fabenos\u0165.<\/li>\n<\/ul>\n<h2 class=\"wp-block-heading\">THC a CBD v su\u0161ienkach a smotane<\/h2>\n<ul class=\"wp-block-list\">\n<li><strong>THC:<\/strong> S obsahom od 20% do 25% pon\u00faka Cookies and Cream Weed siln\u00fd a uspokojiv\u00fd z\u00e1\u017eitok.<\/li>\n<li><strong>CBD:<\/strong> Takmer nulov\u00fd obsah CBD zv\u00fdraz\u0148uje psychoakt\u00edvne \u00fa\u010dinky tejto odrody.<\/li>\n<\/ul>\n<h2 class=\"wp-block-heading\">Kde si m\u00f4\u017eem k\u00fapi\u0165 Cookie and Cream Weed online?<\/h2>\n<p>Tr\u00e1vu Cookie and Cream si m\u00f4\u017eete k\u00fapi\u0165 online na \u0161pecializovan\u00fdch str\u00e1nkach, ako s\u00fa <a href=\"https:\/\/acheterducannabis.fr\/\" data-type=\"link\" data-id=\"https:\/\/acheterducannabis.fr\/\">Buyducannabis<\/a>kde je v\u017edy zaru\u010den\u00e1 kvalita a dodr\u017eiavanie pr\u00e1vnych predpisov.<\/p>\n<h2 class=\"wp-block-heading\">\u00da\u010dinky, v\u00f4ne a pr\u00edchute kme\u0148a Cookies and Cream Weed<\/h2>\n<h3 class=\"wp-block-heading\">\u00da\u010dinok<\/h3>\n<ul class=\"wp-block-list\">\n<li>Kme\u0148 Cookie and Cream Weed Strain je zn\u00e1my svoj\u00edm po\u010diato\u010dn\u00fdm euforick\u00fdm \u00fa\u010dinkom, ktor\u00fd prech\u00e1dza do hlbokej telesnej relax\u00e1cie, ide\u00e1lnej na pou\u017eitie na konci d\u0148a.<\/li>\n<\/ul>\n<h3 class=\"wp-block-heading\">Ar\u00f3ma<\/h3>\n<ul class=\"wp-block-list\">\n<li>Tr\u00e1va Cookies and Cream Strain zv\u00e1dza svojou citr\u00f3novou, korenistou v\u00f4\u0148ou, ktor\u00e1 je v\u00fdsledkom komplexnej zmesi terp\u00e9nov.<\/li>\n<\/ul>\n<h3 class=\"wp-block-heading\">Chu\u0165<\/h3>\n<ul class=\"wp-block-list\">\n<li>Chu\u0165 odrody Cookies and Cream je vern\u00e1 svojmu n\u00e1zvu a pon\u00faka kr\u00e9mov\u00fa sladkos\u0165 s n\u00e1dychom vanilky a zemit\u00fdch ar\u00f3m.<\/li>\n<\/ul>\n<h2 class=\"wp-block-heading\">Zdravotn\u00e9 \u00fa\u010dinky tr\u00e1vy Cookies and Cream<\/h2>\n<p>Kme\u0148 Cookies and Cream Weed Strain je vyh\u013ead\u00e1van\u00fd pre svoje viacer\u00e9 lie\u010div\u00e9 \u00fa\u010dinky vr\u00e1tane :<\/p>\n<ul class=\"wp-block-list\">\n<li>Zn\u00ed\u017eenie stresu a \u00fazkosti<\/li>\n<li>\u00da\u013eava od bolesti<\/li>\n<li>Stimul\u00e1cia chuti do jedla<\/li>\n<li>Zlep\u0161enie kvality sp\u00e1nku<\/li>\n<\/ul>\n<h3 class=\"wp-block-heading\">M\u00f4\u017ee zmierni\u0165<\/h3>\n<ul class=\"wp-block-list\">\n<li>Pr\u00edznaky depresie<\/li>\n<li>Chronick\u00fd stres<\/li>\n<\/ul>\n<h2 class=\"wp-block-heading\">Pre\u010do si k\u00fapi\u0165 Cookie and Cream Weed od Acheterducannabis?<\/h2>\n<p>V\u00fdber Acheterducannabis pre n\u00e1kup Cookies and Cream Weed zaru\u010duje kme\u0148 najvy\u0161\u0161ej kvality, odborne a leg\u00e1lne pestovan\u00fd, s dokonal\u00fdm z\u00e1kazn\u00edckym servisom.<\/p>\n<h2 class=\"wp-block-heading\">Pr\u00e1vne predpisy o predaji su\u0161ienok a kr\u00e9mov s burinou v Eur\u00f3pe<\/h2>\n<p>Predaj lieku Cookies and Cream Weed Strain, rovnako ako v\u0161etk\u00fdch produktov z konope, podlieha \u0161pecifick\u00fdm predpisom jednotliv\u00fdch eur\u00f3pskych kraj\u00edn. Spolo\u010dnos\u0165 Acheterducannabis sa zav\u00e4zuje dodr\u017eiava\u0165 tieto z\u00e1kony, \u010d\u00edm zabezpe\u010duje bezpe\u010dn\u00e9 a leg\u00e1lne nakupovanie.<\/p>\n<p>La <a href=\"https:\/\/www.cannaconnection.com\/strains\/cookies-and-cream#:~:text=Q%3A%20What%20is%20Cookies%20and,of%20euphoric%20and%20relaxing%20effects.\" data-type=\"link\" data-id=\"https:\/\/www.cannaconnection.com\/strains\/cookies-and-cream#:~:text=Q%3A%20What%20is%20Cookies%20and,of%20euphoric%20and%20relaxing%20effects.\">Su\u0161ienka a kr\u00e9mov\u00e1 tr\u00e1va<\/a> Kme\u0148 je ide\u00e1lnou odrodou pre t\u00fdch, ktor\u00ed chc\u00fa skombinova\u0165 skvel\u00fa chu\u0165 s blahodarn\u00fdmi \u00fa\u010dinkami, \u010di u\u017e na rekrea\u010dn\u00e9 alebo lie\u010debn\u00e9 pou\u017eitie. Tento kme\u0148, ktor\u00fd je k dispoz\u00edcii v spolo\u010dnosti Acheterducannabis, s\u013eubuje vynikaj\u00faci z\u00e1\u017eitok.<\/p>","protected":false},"excerpt":{"rendered":"<p><strong>THC :<\/strong> 26\u00a0% <strong>\u00da\u010dinky<\/strong> Kreat\u00edvne, euforick\u00e9, \u0161\u0165astn\u00e9, relaxa\u010dn\u00e9, pou\u010dn\u00e9 <strong>M\u00f4\u017ee zmierni\u0165<\/strong> ADD\/ADHD, chronick\u00e1 boles\u0165, depresia, fibromyalgia, gastrointestin\u00e1lne poruchy, nespavos\u0165, strata chuti do jedla, svalov\u00e9 k\u0155\u010de, nevo\u013enos\u0165, posttraumatick\u00e1 stresov\u00e1 porucha, stres<\/p>","protected":false},"featured_media":1174,"comment_status":"closed","ping_status":"closed","template":"","meta":{"site-sidebar-layout":"default","site-content-layout":"","ast-site-content-layout":"default","site-content-style":"default","site-sidebar-style":"default","ast-global-header-display":"","ast-banner-title-visibility":"","ast-main-header-display":"","ast-hfb-above-header-display":"","ast-hfb-below-header-display":"","ast-hfb-mobile-header-display":"","site-post-title":"","ast-breadcrumbs-content":"","ast-featured-img":"","footer-sml-layout":"","theme-transparent-header-meta":"default","adv-header-id-meta":"","stick-header-meta":"","header-above-stick-meta":"","header-main-stick-meta":"","header-below-stick-meta":"","astra-migrate-meta-layouts":"set","ast-page-background-enabled":"default","ast-page-background-meta":{"desktop":{"background-color":"","background-image":"","background-repeat":"repeat","background-position":"center center","background-size":"auto","background-attachment":"scroll","background-type":"","background-media":"","overlay-type":"","overlay-color":"","overlay-opacity":"","overlay-gradient":""},"tablet":{"background-color":"","background-image":"","background-repeat":"repeat","background-position":"center center","background-size":"auto","background-attachment":"scroll","background-type":"","background-media":"","overlay-type":"","overlay-color":"","overlay-opacity":"","overlay-gradient":""},"mobile":{"background-color":"","background-image":"","background-repeat":"repeat","background-position":"center center","background-size":"auto","background-attachment":"scroll","background-type":"","background-media":"","overlay-type":"","overlay-color":"","overlay-opacity":"","overlay-gradient":""}},"ast-content-background-meta":{"desktop":{"background-color":"var(--ast-global-color-5)","background-image":"","background-repeat":"repeat","background-position":"center center","background-size":"auto","background-attachment":"scroll","background-type":"","background-media":"","overlay-type":"","overlay-color":"","overlay-opacity":"","overlay-gradient":""},"tablet":{"background-color":"var(--ast-global-color-5)","background-image":"","background-repeat":"repeat","background-position":"center center","background-size":"auto","background-attachment":"scroll","background-type":"","background-media":"","overlay-type":"","overlay-color":"","overlay-opacity":"","overlay-gradient":""},"mobile":{"background-color":"var(--ast-global-color-5)","background-image":"","background-repeat":"repeat","background-position":"center center","background-size":"auto","background-attachment":"scroll","background-type":"","background-media":"","overlay-type":"","overlay-color":"","overlay-opacity":"","overlay-gradient":""}},"_joinchat":[]},"product_brand":[],"product_cat":[32,33],"product_tag":[],"class_list":{"0":"post-1148","1":"product","2":"type-product","3":"status-publish","4":"has-post-thumbnail","6":"product_cat-fleur-de-chanvre","7":"product_cat-thc-beuh","8":"desktop-align-left","9":"tablet-align-left","10":"mobile-align-left","12":"first","13":"instock","14":"shipping-taxable","15":"purchasable","16":"product-type-variable"},"yoast_head":"<!-- This site is optimized with the Yoast SEO Premium plugin v24.1 (Yoast SEO v26.8) - https:\/\/yoast.com\/product\/yoast-seo-premium-wordpress\/ -->\n<title>Cookies and Cream \u2013 Vari\u00e9t\u00e9 de Cannabis Premium \u00e0 Acheter<\/title>\n<meta name=\"description\" content=\"R\u00e9couvrez la vari\u00e9t\u00e9 Cookies and Cream, c\u00e9l\u00e8bre pour son go\u00fbt doux et cr\u00e9meux. Achetez du cannabis premium en ligne avec livraison rapide et discr\u00e8te\" \/>\n<meta name=\"robots\" content=\"index, follow, max-snippet:-1, max-image-preview:large, max-video-preview:-1\" \/>\n<link rel=\"canonical\" href=\"https:\/\/beuhparadis.com\/sk\/product\/cookies-and-cream\/\" \/>\n<meta property=\"og:locale\" content=\"sk_SK\" \/>\n<meta property=\"og:type\" content=\"article\" \/>\n<meta property=\"og:title\" content=\"Cookies and Cream\" \/>\n<meta property=\"og:description\" content=\"R\u00e9couvrez la vari\u00e9t\u00e9 Cookies and Cream, c\u00e9l\u00e8bre pour son go\u00fbt doux et cr\u00e9meux. Achetez du cannabis premium en ligne avec livraison rapide et discr\u00e8te\" \/>\n<meta property=\"og:url\" content=\"https:\/\/beuhparadis.com\/sk\/product\/cookies-and-cream\/\" \/>\n<meta property=\"og:site_name\" content=\"Beuh Paradis\" \/>\n<meta property=\"article:modified_time\" content=\"2025-01-25T23:12:07+00:00\" \/>\n<meta property=\"og:image\" content=\"https:\/\/beuhparadis.com\/wp-content\/uploads\/2024\/12\/Cookies-and-Cream.webp\" \/>\n\t<meta property=\"og:image:width\" content=\"1620\" \/>\n\t<meta property=\"og:image:height\" content=\"1080\" \/>\n\t<meta property=\"og:image:type\" content=\"image\/webp\" \/>\n<meta name=\"twitter:card\" content=\"summary_large_image\" \/>\n<meta name=\"twitter:label1\" content=\"Predpokladan\u00fd \u010das \u010d\u00edtania\" \/>\n\t<meta name=\"twitter:data1\" content=\"3 minutes\" \/>\n<script type=\"application\/ld+json\" class=\"yoast-schema-graph\">{\"@context\":\"https:\/\/schema.org\",\"@graph\":[{\"@type\":\"WebPage\",\"@id\":\"https:\/\/beuhparadis.com\/product\/cookies-and-cream\/\",\"url\":\"https:\/\/beuhparadis.com\/product\/cookies-and-cream\/\",\"name\":\"Cookies and Cream \u2013 Vari\u00e9t\u00e9 de Cannabis Premium \u00e0 Acheter\",\"isPartOf\":{\"@id\":\"https:\/\/beuhparadis.com\/#website\"},\"primaryImageOfPage\":{\"@id\":\"https:\/\/beuhparadis.com\/product\/cookies-and-cream\/#primaryimage\"},\"image\":{\"@id\":\"https:\/\/beuhparadis.com\/product\/cookies-and-cream\/#primaryimage\"},\"thumbnailUrl\":\"https:\/\/beuhparadis.com\/wp-content\/uploads\/2024\/12\/Cookies-and-Cream.webp\",\"datePublished\":\"2024-12-10T23:38:31+00:00\",\"dateModified\":\"2025-01-25T23:12:07+00:00\",\"description\":\"R\u00e9couvrez la vari\u00e9t\u00e9 Cookies and Cream, c\u00e9l\u00e8bre pour son go\u00fbt doux et cr\u00e9meux. Achetez du cannabis premium en ligne avec livraison rapide et discr\u00e8te\",\"breadcrumb\":{\"@id\":\"https:\/\/beuhparadis.com\/product\/cookies-and-cream\/#breadcrumb\"},\"inLanguage\":\"sk-SK\",\"potentialAction\":[{\"@type\":\"ReadAction\",\"target\":[\"https:\/\/beuhparadis.com\/product\/cookies-and-cream\/\"]}]},{\"@type\":\"ImageObject\",\"inLanguage\":\"sk-SK\",\"@id\":\"https:\/\/beuhparadis.com\/product\/cookies-and-cream\/#primaryimage\",\"url\":\"https:\/\/beuhparadis.com\/wp-content\/uploads\/2024\/12\/Cookies-and-Cream.webp\",\"contentUrl\":\"https:\/\/beuhparadis.com\/wp-content\/uploads\/2024\/12\/Cookies-and-Cream.webp\",\"width\":1620,\"height\":1080},{\"@type\":\"BreadcrumbList\",\"@id\":\"https:\/\/beuhparadis.com\/product\/cookies-and-cream\/#breadcrumb\",\"itemListElement\":[{\"@type\":\"ListItem\",\"position\":1,\"name\":\"Home\",\"item\":\"https:\/\/beuhparadis.com\/\"},{\"@type\":\"ListItem\",\"position\":2,\"name\":\"Shop\",\"item\":\"https:\/\/beuhparadis.com\/shop\/\"},{\"@type\":\"ListItem\",\"position\":3,\"name\":\"Cookies and Cream\"}]},{\"@type\":\"WebSite\",\"@id\":\"https:\/\/beuhparadis.com\/#website\",\"url\":\"https:\/\/beuhparadis.com\/\",\"name\":\"Beuh Paradis\",\"description\":\"\",\"potentialAction\":[{\"@type\":\"SearchAction\",\"target\":{\"@type\":\"EntryPoint\",\"urlTemplate\":\"https:\/\/beuhparadis.com\/?s={search_term_string}\"},\"query-input\":{\"@type\":\"PropertyValueSpecification\",\"valueRequired\":true,\"valueName\":\"search_term_string\"}}],\"inLanguage\":\"sk-SK\"}]}<\/script>\n<!-- \/ Yoast SEO Premium plugin. -->","yoast_head_json":{"title":"Cookies and Cream - Pr\u00e9miov\u00e9 odrody konope na n\u00e1kup","description":"Objavte odrodu Cookies and Cream, ktor\u00e1 je zn\u00e1ma svojou sladkou kr\u00e9movou chu\u0165ou. K\u00fapte si pr\u00e9miov\u00e9 konope online s r\u00fdchlym a diskr\u00e9tnym doru\u010den\u00edm","robots":{"index":"index","follow":"follow","max-snippet":"max-snippet:-1","max-image-preview":"max-image-preview:large","max-video-preview":"max-video-preview:-1"},"canonical":"https:\/\/beuhparadis.com\/sk\/product\/cookies-and-cream\/","og_locale":"sk_SK","og_type":"article","og_title":"Cookies and Cream","og_description":"R\u00e9couvrez la vari\u00e9t\u00e9 Cookies and Cream, c\u00e9l\u00e8bre pour son go\u00fbt doux et cr\u00e9meux. Achetez du cannabis premium en ligne avec livraison rapide et discr\u00e8te","og_url":"https:\/\/beuhparadis.com\/sk\/product\/cookies-and-cream\/","og_site_name":"Beuh Paradis","article_modified_time":"2025-01-25T23:12:07+00:00","og_image":[{"width":1620,"height":1080,"url":"https:\/\/beuhparadis.com\/wp-content\/uploads\/2024\/12\/Cookies-and-Cream.webp","type":"image\/webp"}],"twitter_card":"summary_large_image","twitter_misc":{"Predpokladan\u00fd \u010das \u010d\u00edtania":"3 minutes"},"schema":{"@context":"https:\/\/schema.org","@graph":[{"@type":"WebPage","@id":"https:\/\/beuhparadis.com\/product\/cookies-and-cream\/","url":"https:\/\/beuhparadis.com\/product\/cookies-and-cream\/","name":"Cookies and Cream - Pr\u00e9miov\u00e9 odrody konope na n\u00e1kup","isPartOf":{"@id":"https:\/\/beuhparadis.com\/#website"},"primaryImageOfPage":{"@id":"https:\/\/beuhparadis.com\/product\/cookies-and-cream\/#primaryimage"},"image":{"@id":"https:\/\/beuhparadis.com\/product\/cookies-and-cream\/#primaryimage"},"thumbnailUrl":"https:\/\/beuhparadis.com\/wp-content\/uploads\/2024\/12\/Cookies-and-Cream.webp","datePublished":"2024-12-10T23:38:31+00:00","dateModified":"2025-01-25T23:12:07+00:00","description":"Objavte odrodu Cookies and Cream, ktor\u00e1 je zn\u00e1ma svojou sladkou kr\u00e9movou chu\u0165ou. K\u00fapte si pr\u00e9miov\u00e9 konope online s r\u00fdchlym a diskr\u00e9tnym doru\u010den\u00edm","breadcrumb":{"@id":"https:\/\/beuhparadis.com\/product\/cookies-and-cream\/#breadcrumb"},"inLanguage":"sk-SK","potentialAction":[{"@type":"ReadAction","target":["https:\/\/beuhparadis.com\/product\/cookies-and-cream\/"]}]},{"@type":"ImageObject","inLanguage":"sk-SK","@id":"https:\/\/beuhparadis.com\/product\/cookies-and-cream\/#primaryimage","url":"https:\/\/beuhparadis.com\/wp-content\/uploads\/2024\/12\/Cookies-and-Cream.webp","contentUrl":"https:\/\/beuhparadis.com\/wp-content\/uploads\/2024\/12\/Cookies-and-Cream.webp","width":1620,"height":1080},{"@type":"BreadcrumbList","@id":"https:\/\/beuhparadis.com\/product\/cookies-and-cream\/#breadcrumb","itemListElement":[{"@type":"ListItem","position":1,"name":"Home","item":"https:\/\/beuhparadis.com\/"},{"@type":"ListItem","position":2,"name":"Shop","item":"https:\/\/beuhparadis.com\/shop\/"},{"@type":"ListItem","position":3,"name":"Cookies and Cream"}]},{"@type":"WebSite","@id":"https:\/\/beuhparadis.com\/#website","url":"https:\/\/beuhparadis.com\/","name":"Beuh Paradis","description":"","potentialAction":[{"@type":"SearchAction","target":{"@type":"EntryPoint","urlTemplate":"https:\/\/beuhparadis.com\/?s={search_term_string}"},"query-input":{"@type":"PropertyValueSpecification","valueRequired":true,"valueName":"search_term_string"}}],"inLanguage":"sk-SK"}]}},"_links":{"self":[{"href":"https:\/\/beuhparadis.com\/sk\/wp-json\/wp\/v2\/product\/1148","targetHints":{"allow":["GET"]}}],"collection":[{"href":"https:\/\/beuhparadis.com\/sk\/wp-json\/wp\/v2\/product"}],"about":[{"href":"https:\/\/beuhparadis.com\/sk\/wp-json\/wp\/v2\/types\/product"}],"replies":[{"embeddable":true,"href":"https:\/\/beuhparadis.com\/sk\/wp-json\/wp\/v2\/comments?post=1148"}],"wp:featuredmedia":[{"embeddable":true,"href":"https:\/\/beuhparadis.com\/sk\/wp-json\/wp\/v2\/media\/1174"}],"wp:attachment":[{"href":"https:\/\/beuhparadis.com\/sk\/wp-json\/wp\/v2\/media?parent=1148"}],"wp:term":[{"taxonomy":"product_brand","embeddable":true,"href":"https:\/\/beuhparadis.com\/sk\/wp-json\/wp\/v2\/product_brand?post=1148"},{"taxonomy":"product_cat","embeddable":true,"href":"https:\/\/beuhparadis.com\/sk\/wp-json\/wp\/v2\/product_cat?post=1148"},{"taxonomy":"product_tag","embeddable":true,"href":"https:\/\/beuhparadis.com\/sk\/wp-json\/wp\/v2\/product_tag?post=1148"}],"curies":[{"name":"wp","href":"https:\/\/api.w.org\/{rel}","templated":true}]}}