{"id":1143,"date":"2024-12-10T23:38:31","date_gmt":"2024-12-10T23:38:31","guid":{"rendered":"https:\/\/beuhparadis.com\/?post_type=product&#038;p=1143"},"modified":"2025-01-25T22:58:44","modified_gmt":"2025-01-25T22:58:44","slug":"cookies-gary-payton","status":"publish","type":"product","link":"https:\/\/beuhparadis.com\/sk\/product\/cookies-gary-payton\/","title":{"rendered":"Cookies Gary Payton"},"content":{"rendered":"<h1 class=\"wp-block-heading\">K\u00fapi\u0165 Gary Payton Cookie Weed: Cannabis Excellence<\/h1>\n<p>Gary Payton Cookies Weed, v\u00fdsledok jedine\u010dnej spolupr\u00e1ce medzi spolo\u010dnos\u0165ami Cookies a Kenny Dumetz zo spolo\u010dnosti Powerzzzup Genetics, nesie svoj n\u00e1zov po legende NBA Gary Paytonovi. Tento v\u00fdnimo\u010dn\u00fd hybridn\u00fd kme\u0148 vznikol kr\u00ed\u017een\u00edm kme\u0148ov Y a Snowman, v\u00fdsledkom \u010doho je kme\u0148, ktor\u00fd je siln\u00fd, chutn\u00fd a vizu\u00e1lne pr\u00ed\u0165a\u017eliv\u00fd.<\/p>\n<h2 class=\"wp-block-heading\">Inform\u00e1cie o kmeni Gary Payton Cookies<\/h2>\n<ul class=\"wp-block-list\">\n<li><strong>Genetika:<\/strong> Hybrid vytvoren\u00fd z kme\u0148ov Y a Snowman<\/li>\n<li><strong>V\u00fdrobca:<\/strong> Powerzzzup Genetics v spolupr\u00e1ci so spolo\u010dnos\u0165ou Cookies<\/li>\n<li><strong>Ocenenia:<\/strong> V\u00ed\u0165az 1. miesta na Errl Cup 2022 v Arizone v podobe ha\u0161i\u0161a, 2. miesto na Emerald Cup 2022; pozoruhodn\u00e9 v\u00ed\u0165azstv\u00e1 aj v Oklahome a Oregone v\u010faka v\u00fdnimo\u010dnej kvalite su\u0161ienok Gary Payton Weed.<\/li>\n<\/ul>\n<h2 class=\"wp-block-heading\">THC a CBD od spolo\u010dnosti Gary Payton Cookies Weed<\/h2>\n<ul class=\"wp-block-list\">\n<li><strong>THC:<\/strong> Vysok\u00e9 ceny, s\u013eubuj\u00face intenz\u00edvny z\u00e1\u017eitok<\/li>\n<li><strong>CBD:<\/strong> Prakticky ch\u00fdba, pri\u010dom sa zd\u00f4raz\u0148uj\u00fa psychoakt\u00edvne \u00fa\u010dinky Garyho Paytona <a href=\"https:\/\/beuhparadis.com\/sk\/product\/cookie-og-weed\/\">Cookie<\/a> Plevel<\/li>\n<\/ul>\n<h2 class=\"wp-block-heading\">Kde si m\u00f4\u017eem k\u00fapi\u0165 Gary Payton Cookies online?<\/h2>\n<p>N\u00e1kup Gary Payton Cookies Weed je jednoduch\u00fd v\u010faka renomovan\u00fdm online platform\u00e1m, ako s\u00fa <a href=\"https:\/\/acheterducannabis.fr\/\" data-type=\"link\" data-id=\"https:\/\/acheterducannabis.fr\/\">Buyducannabis<\/a>kde s\u00fa kvalita a dodr\u017eiavanie pr\u00e1vnych predpisov v\u017edy na prvom mieste.<\/p>\n<h2 class=\"wp-block-heading\">\u00da\u010dinky, v\u00f4\u0148a a chu\u0165 tr\u00e1vy<\/h2>\n<h3 class=\"wp-block-heading\">\u00da\u010dinok<\/h3>\n<ul class=\"wp-block-list\">\n<li><strong>Pocity:<\/strong> Je zn\u00e1me, \u017ee tr\u00e1va vyvol\u00e1va komunika\u010dn\u00fa euf\u00f3riu, zvy\u0161uje rados\u0165 a t\u00fa\u017ebu podeli\u0165 sa.<\/li>\n<li><strong>Negat\u00edvne:<\/strong> M\u00f4\u017eu sa vyskytn\u00fa\u0165 ved\u013eaj\u0161ie \u00fa\u010dinky, ako je \u00fazkos\u0165, paranoja a bolesti hlavy, najm\u00e4 pri nadmernom u\u017e\u00edvan\u00ed.<\/li>\n<\/ul>\n<h3 class=\"wp-block-heading\">Ar\u00f3ma<\/h3>\n<ul class=\"wp-block-list\">\n<li><strong>Aromatick\u00fd profil:<\/strong> Jedine\u010dn\u00e1 zmes korenia, levandule a marh\u00fa\u013e odli\u0161uje su\u0161ienky Gary Payton Weed Cookies od ostatn\u00fdch druhov.<\/li>\n<\/ul>\n<h3 class=\"wp-block-heading\">Chu\u0165<\/h3>\n<ul class=\"wp-block-list\">\n<li><strong>Paleta chut\u00ed:<\/strong> Gary Payton Cookie Weed pon\u00faka komplexn\u00fd chu\u0165ov\u00fd z\u00e1\u017eitok, od korenistej a\u017e po kvetinov\u00fa, s n\u00e1dychom citr\u00f3nu v\u010faka dominantn\u00fdm terpenom.<\/li>\n<\/ul>\n<h2 class=\"wp-block-heading\">Zdravotn\u00e9 \u00fa\u010dinky Garyho Paytona Cookie Weed<\/h2>\n<p>U\u017e\u00edvatelia lie\u010divej tr\u00e1vy vyu\u017e\u00edvaj\u00fa mno\u017estvo pozit\u00edvnych \u00fa\u010dinkov, ako napr\u00edklad<\/p>\n<ul class=\"wp-block-list\">\n<li><strong>\u00dazkos\u0165:<\/strong> V\u00fdrazn\u00e9 zn\u00ed\u017eenie po\u010dtu spotrebite\u013eov<\/li>\n<li><strong>Depresia:<\/strong> Zn\u00ed\u017eenie depres\u00edvnych sympt\u00f3mov<\/li>\n<li><strong>Stres:<\/strong> \u00da\u010dinn\u00e1 \u00fa\u013eava od ka\u017edodenn\u00e9ho stresu<\/li>\n<\/ul>\n<h2 class=\"wp-block-heading\">Pre\u010do si vybra\u0165 Acheterducannabis pre Weed?<\/h2>\n<p>Acheterducannabis je ide\u00e1lnou vo\u013ebou pre n\u00e1kup tr\u00e1vy, ktor\u00e1 zaru\u010duje najvy\u0161\u0161iu kvalitu, testovan\u00e9 a bezpe\u010dn\u00e9 produkty so spo\u013eahliv\u00fdm a diskr\u00e9tnym doru\u010den\u00edm.<\/p>\n<h2 class=\"wp-block-heading\">Pr\u00e1vne predpisy o predaji tr\u00e1vy v Eur\u00f3pe<\/h2>\n<p>Predaj konope vr\u00e1tane tr\u00e1vy podlieha v ka\u017edej eur\u00f3pskej krajine osobitn\u00fdm z\u00e1konom. Spolo\u010dnos\u0165 Acheterducannabis sa zav\u00e4zuje tieto z\u00e1kony d\u00f4sledne dodr\u017eiava\u0165, \u010d\u00edm zabezpe\u010duje bezpe\u010dn\u00fd a leg\u00e1lny n\u00e1kup pre v\u0161etk\u00fdch na\u0161ich z\u00e1kazn\u00edkov.<\/p>\n<p>Gary Payton Cookie Weed vynik\u00e1 nielen svoj\u00edm jedine\u010dn\u00fdm genetick\u00fdm dedi\u010dstvom, ale aj bohat\u00fdm terp\u00e9nov\u00fdm profilom, ktor\u00fd spotrebite\u013eom pon\u00faka bezkonkuren\u010dn\u00fd z\u00e1\u017eitok z h\u013eadiska chuti a \u00fa\u010dinku. Vychutnajte si dokonalos\u0165 <a href=\"https:\/\/www.leafly.com\/strains\/gary-payton\" data-type=\"link\" data-id=\"https:\/\/www.leafly.com\/strains\/gary-payton\">Gary Payton<\/a> Weed cookies s d\u00f4verou od Acheterducannabis, v\u00e1\u0161ho d\u00f4veryhodn\u00e9ho zdroja vysoko kvalitn\u00fdch konopn\u00fdch kme\u0148ov.<\/p>","protected":false},"excerpt":{"rendered":"<p><strong>THC :<\/strong> 20 % - 25 %, CBD: 5 % <strong>\u00da\u010dinky<\/strong> Kreativita, Euforia, Koncentr&aacute;cia, Smiech &amp;amp;;lt;strong&amp;gt;M&ocirc;\u017ee zmierni\u0165 boles\u0165&lt;\/strong&gt; ADD\/ADHD, &uacute;zkos\u0165, depresia, bolesti hlavy, migr&eacute;ny, stres<\/p>","protected":false},"featured_media":1173,"comment_status":"closed","ping_status":"closed","template":"","meta":{"site-sidebar-layout":"default","site-content-layout":"","ast-site-content-layout":"default","site-content-style":"default","site-sidebar-style":"default","ast-global-header-display":"","ast-banner-title-visibility":"","ast-main-header-display":"","ast-hfb-above-header-display":"","ast-hfb-below-header-display":"","ast-hfb-mobile-header-display":"","site-post-title":"","ast-breadcrumbs-content":"","ast-featured-img":"","footer-sml-layout":"","theme-transparent-header-meta":"default","adv-header-id-meta":"","stick-header-meta":"","header-above-stick-meta":"","header-main-stick-meta":"","header-below-stick-meta":"","astra-migrate-meta-layouts":"set","ast-page-background-enabled":"default","ast-page-background-meta":{"desktop":{"background-color":"","background-image":"","background-repeat":"repeat","background-position":"center center","background-size":"auto","background-attachment":"scroll","background-type":"","background-media":"","overlay-type":"","overlay-color":"","overlay-opacity":"","overlay-gradient":""},"tablet":{"background-color":"","background-image":"","background-repeat":"repeat","background-position":"center center","background-size":"auto","background-attachment":"scroll","background-type":"","background-media":"","overlay-type":"","overlay-color":"","overlay-opacity":"","overlay-gradient":""},"mobile":{"background-color":"","background-image":"","background-repeat":"repeat","background-position":"center center","background-size":"auto","background-attachment":"scroll","background-type":"","background-media":"","overlay-type":"","overlay-color":"","overlay-opacity":"","overlay-gradient":""}},"ast-content-background-meta":{"desktop":{"background-color":"var(--ast-global-color-5)","background-image":"","background-repeat":"repeat","background-position":"center center","background-size":"auto","background-attachment":"scroll","background-type":"","background-media":"","overlay-type":"","overlay-color":"","overlay-opacity":"","overlay-gradient":""},"tablet":{"background-color":"var(--ast-global-color-5)","background-image":"","background-repeat":"repeat","background-position":"center center","background-size":"auto","background-attachment":"scroll","background-type":"","background-media":"","overlay-type":"","overlay-color":"","overlay-opacity":"","overlay-gradient":""},"mobile":{"background-color":"var(--ast-global-color-5)","background-image":"","background-repeat":"repeat","background-position":"center center","background-size":"auto","background-attachment":"scroll","background-type":"","background-media":"","overlay-type":"","overlay-color":"","overlay-opacity":"","overlay-gradient":""}},"_joinchat":[]},"product_brand":[],"product_cat":[32,33],"product_tag":[],"class_list":{"0":"post-1143","1":"product","2":"type-product","3":"status-publish","4":"has-post-thumbnail","6":"product_cat-fleur-de-chanvre","7":"product_cat-thc-beuh","8":"desktop-align-left","9":"tablet-align-left","10":"mobile-align-left","12":"first","13":"instock","14":"shipping-taxable","15":"purchasable","16":"product-type-variable"},"yoast_head":"<!-- This site is optimized with the Yoast SEO Premium plugin v24.1 (Yoast SEO v26.8) - https:\/\/yoast.com\/product\/yoast-seo-premium-wordpress\/ -->\n<title>Cookies Gary Payton \u2013 Achetez des Fleurs de Cannabis Premium<\/title>\n<meta name=\"description\" content=\"D\u00e9couvrez les Cookies Gary Payton, une vari\u00e9t\u00e9 de cannabis premium r\u00e9put\u00e9e pour sa puissance et son ar\u00f4me unique. Commandez en ligne en toute s\u00e9curit\u00e9\" \/>\n<meta name=\"robots\" content=\"index, follow, max-snippet:-1, max-image-preview:large, max-video-preview:-1\" \/>\n<link rel=\"canonical\" href=\"https:\/\/beuhparadis.com\/sk\/product\/cookies-gary-payton\/\" \/>\n<meta property=\"og:locale\" content=\"sk_SK\" \/>\n<meta property=\"og:type\" content=\"article\" \/>\n<meta property=\"og:title\" content=\"Cookies Gary Payton\" \/>\n<meta property=\"og:description\" content=\"D\u00e9couvrez les Cookies Gary Payton, une vari\u00e9t\u00e9 de cannabis premium r\u00e9put\u00e9e pour sa puissance et son ar\u00f4me unique. Commandez en ligne en toute s\u00e9curit\u00e9\" \/>\n<meta property=\"og:url\" content=\"https:\/\/beuhparadis.com\/sk\/product\/cookies-gary-payton\/\" \/>\n<meta property=\"og:site_name\" content=\"Beuh Paradis\" \/>\n<meta property=\"article:modified_time\" content=\"2025-01-25T22:58:44+00:00\" \/>\n<meta property=\"og:image\" content=\"https:\/\/beuhparadis.com\/wp-content\/uploads\/2024\/12\/Cookies-Gary-Payton.webp\" \/>\n\t<meta property=\"og:image:width\" content=\"500\" \/>\n\t<meta property=\"og:image:height\" content=\"500\" \/>\n\t<meta property=\"og:image:type\" content=\"image\/webp\" \/>\n<meta name=\"twitter:card\" content=\"summary_large_image\" \/>\n<meta name=\"twitter:label1\" content=\"Predpokladan\u00fd \u010das \u010d\u00edtania\" \/>\n\t<meta name=\"twitter:data1\" content=\"3 minutes\" \/>\n<script type=\"application\/ld+json\" class=\"yoast-schema-graph\">{\"@context\":\"https:\/\/schema.org\",\"@graph\":[{\"@type\":\"WebPage\",\"@id\":\"https:\/\/beuhparadis.com\/product\/cookies-gary-payton\/\",\"url\":\"https:\/\/beuhparadis.com\/product\/cookies-gary-payton\/\",\"name\":\"Cookies Gary Payton \u2013 Achetez des Fleurs de Cannabis Premium\",\"isPartOf\":{\"@id\":\"https:\/\/beuhparadis.com\/#website\"},\"primaryImageOfPage\":{\"@id\":\"https:\/\/beuhparadis.com\/product\/cookies-gary-payton\/#primaryimage\"},\"image\":{\"@id\":\"https:\/\/beuhparadis.com\/product\/cookies-gary-payton\/#primaryimage\"},\"thumbnailUrl\":\"https:\/\/beuhparadis.com\/wp-content\/uploads\/2024\/12\/Cookies-Gary-Payton.webp\",\"datePublished\":\"2024-12-10T23:38:31+00:00\",\"dateModified\":\"2025-01-25T22:58:44+00:00\",\"description\":\"D\u00e9couvrez les Cookies Gary Payton, une vari\u00e9t\u00e9 de cannabis premium r\u00e9put\u00e9e pour sa puissance et son ar\u00f4me unique. Commandez en ligne en toute s\u00e9curit\u00e9\",\"breadcrumb\":{\"@id\":\"https:\/\/beuhparadis.com\/product\/cookies-gary-payton\/#breadcrumb\"},\"inLanguage\":\"sk-SK\",\"potentialAction\":[{\"@type\":\"ReadAction\",\"target\":[\"https:\/\/beuhparadis.com\/product\/cookies-gary-payton\/\"]}]},{\"@type\":\"ImageObject\",\"inLanguage\":\"sk-SK\",\"@id\":\"https:\/\/beuhparadis.com\/product\/cookies-gary-payton\/#primaryimage\",\"url\":\"https:\/\/beuhparadis.com\/wp-content\/uploads\/2024\/12\/Cookies-Gary-Payton.webp\",\"contentUrl\":\"https:\/\/beuhparadis.com\/wp-content\/uploads\/2024\/12\/Cookies-Gary-Payton.webp\",\"width\":500,\"height\":500,\"caption\":\"Cookies Gary Payton\"},{\"@type\":\"BreadcrumbList\",\"@id\":\"https:\/\/beuhparadis.com\/product\/cookies-gary-payton\/#breadcrumb\",\"itemListElement\":[{\"@type\":\"ListItem\",\"position\":1,\"name\":\"Home\",\"item\":\"https:\/\/beuhparadis.com\/\"},{\"@type\":\"ListItem\",\"position\":2,\"name\":\"Shop\",\"item\":\"https:\/\/beuhparadis.com\/shop\/\"},{\"@type\":\"ListItem\",\"position\":3,\"name\":\"Cookies Gary Payton\"}]},{\"@type\":\"WebSite\",\"@id\":\"https:\/\/beuhparadis.com\/#website\",\"url\":\"https:\/\/beuhparadis.com\/\",\"name\":\"Beuh Paradis\",\"description\":\"\",\"potentialAction\":[{\"@type\":\"SearchAction\",\"target\":{\"@type\":\"EntryPoint\",\"urlTemplate\":\"https:\/\/beuhparadis.com\/?s={search_term_string}\"},\"query-input\":{\"@type\":\"PropertyValueSpecification\",\"valueRequired\":true,\"valueName\":\"search_term_string\"}}],\"inLanguage\":\"sk-SK\"}]}<\/script>\n<!-- \/ Yoast SEO Premium plugin. -->","yoast_head_json":{"title":"Gary Payton Cookies - K\u00fapi\u0165 pr\u00e9miov\u00e9 kvety konope","description":"Objavte Gary Payton Cookies, pr\u00e9miov\u00fa odrodu konope zn\u00e1mu svojou silou a jedine\u010dnou chu\u0165ou. Bezpe\u010dn\u00e9 online objedn\u00e1vanie","robots":{"index":"index","follow":"follow","max-snippet":"max-snippet:-1","max-image-preview":"max-image-preview:large","max-video-preview":"max-video-preview:-1"},"canonical":"https:\/\/beuhparadis.com\/sk\/product\/cookies-gary-payton\/","og_locale":"sk_SK","og_type":"article","og_title":"Cookies Gary Payton","og_description":"D\u00e9couvrez les Cookies Gary Payton, une vari\u00e9t\u00e9 de cannabis premium r\u00e9put\u00e9e pour sa puissance et son ar\u00f4me unique. Commandez en ligne en toute s\u00e9curit\u00e9","og_url":"https:\/\/beuhparadis.com\/sk\/product\/cookies-gary-payton\/","og_site_name":"Beuh Paradis","article_modified_time":"2025-01-25T22:58:44+00:00","og_image":[{"width":500,"height":500,"url":"https:\/\/beuhparadis.com\/wp-content\/uploads\/2024\/12\/Cookies-Gary-Payton.webp","type":"image\/webp"}],"twitter_card":"summary_large_image","twitter_misc":{"Predpokladan\u00fd \u010das \u010d\u00edtania":"3 minutes"},"schema":{"@context":"https:\/\/schema.org","@graph":[{"@type":"WebPage","@id":"https:\/\/beuhparadis.com\/product\/cookies-gary-payton\/","url":"https:\/\/beuhparadis.com\/product\/cookies-gary-payton\/","name":"Gary Payton Cookies - K\u00fapi\u0165 pr\u00e9miov\u00e9 kvety konope","isPartOf":{"@id":"https:\/\/beuhparadis.com\/#website"},"primaryImageOfPage":{"@id":"https:\/\/beuhparadis.com\/product\/cookies-gary-payton\/#primaryimage"},"image":{"@id":"https:\/\/beuhparadis.com\/product\/cookies-gary-payton\/#primaryimage"},"thumbnailUrl":"https:\/\/beuhparadis.com\/wp-content\/uploads\/2024\/12\/Cookies-Gary-Payton.webp","datePublished":"2024-12-10T23:38:31+00:00","dateModified":"2025-01-25T22:58:44+00:00","description":"Objavte Gary Payton Cookies, pr\u00e9miov\u00fa odrodu konope zn\u00e1mu svojou silou a jedine\u010dnou chu\u0165ou. Bezpe\u010dn\u00e9 online objedn\u00e1vanie","breadcrumb":{"@id":"https:\/\/beuhparadis.com\/product\/cookies-gary-payton\/#breadcrumb"},"inLanguage":"sk-SK","potentialAction":[{"@type":"ReadAction","target":["https:\/\/beuhparadis.com\/product\/cookies-gary-payton\/"]}]},{"@type":"ImageObject","inLanguage":"sk-SK","@id":"https:\/\/beuhparadis.com\/product\/cookies-gary-payton\/#primaryimage","url":"https:\/\/beuhparadis.com\/wp-content\/uploads\/2024\/12\/Cookies-Gary-Payton.webp","contentUrl":"https:\/\/beuhparadis.com\/wp-content\/uploads\/2024\/12\/Cookies-Gary-Payton.webp","width":500,"height":500,"caption":"Cookies Gary Payton"},{"@type":"BreadcrumbList","@id":"https:\/\/beuhparadis.com\/product\/cookies-gary-payton\/#breadcrumb","itemListElement":[{"@type":"ListItem","position":1,"name":"Home","item":"https:\/\/beuhparadis.com\/"},{"@type":"ListItem","position":2,"name":"Shop","item":"https:\/\/beuhparadis.com\/shop\/"},{"@type":"ListItem","position":3,"name":"Cookies Gary Payton"}]},{"@type":"WebSite","@id":"https:\/\/beuhparadis.com\/#website","url":"https:\/\/beuhparadis.com\/","name":"Beuh Paradis","description":"","potentialAction":[{"@type":"SearchAction","target":{"@type":"EntryPoint","urlTemplate":"https:\/\/beuhparadis.com\/?s={search_term_string}"},"query-input":{"@type":"PropertyValueSpecification","valueRequired":true,"valueName":"search_term_string"}}],"inLanguage":"sk-SK"}]}},"_links":{"self":[{"href":"https:\/\/beuhparadis.com\/sk\/wp-json\/wp\/v2\/product\/1143","targetHints":{"allow":["GET"]}}],"collection":[{"href":"https:\/\/beuhparadis.com\/sk\/wp-json\/wp\/v2\/product"}],"about":[{"href":"https:\/\/beuhparadis.com\/sk\/wp-json\/wp\/v2\/types\/product"}],"replies":[{"embeddable":true,"href":"https:\/\/beuhparadis.com\/sk\/wp-json\/wp\/v2\/comments?post=1143"}],"wp:featuredmedia":[{"embeddable":true,"href":"https:\/\/beuhparadis.com\/sk\/wp-json\/wp\/v2\/media\/1173"}],"wp:attachment":[{"href":"https:\/\/beuhparadis.com\/sk\/wp-json\/wp\/v2\/media?parent=1143"}],"wp:term":[{"taxonomy":"product_brand","embeddable":true,"href":"https:\/\/beuhparadis.com\/sk\/wp-json\/wp\/v2\/product_brand?post=1143"},{"taxonomy":"product_cat","embeddable":true,"href":"https:\/\/beuhparadis.com\/sk\/wp-json\/wp\/v2\/product_cat?post=1143"},{"taxonomy":"product_tag","embeddable":true,"href":"https:\/\/beuhparadis.com\/sk\/wp-json\/wp\/v2\/product_tag?post=1143"}],"curies":[{"name":"wp","href":"https:\/\/api.w.org\/{rel}","templated":true}]}}