{"id":2100,"date":"2024-12-10T23:51:12","date_gmt":"2024-12-10T23:51:12","guid":{"rendered":"https:\/\/beuhparadis.com\/?post_type=product&#038;p=2100"},"modified":"2025-01-28T08:35:57","modified_gmt":"2025-01-28T08:35:57","slug":"moroccan-slate-hash","status":"publish","type":"product","link":"https:\/\/beuhparadis.com\/it\/product\/moroccan-slate-hash\/","title":{"rendered":"Hash di ardesia marocchino"},"content":{"rendered":"<h1 class=\"wp-block-heading\">Comprare l'ardesia marocchina Hash<\/h1>\n<p>Il Moroccan Slate Hash \u00e8 una variet\u00e0 di hashish molto pregiata proveniente dal Marocco, rinomata per la sua qualit\u00e0 superiore e i suoi effetti rilassanti. Il prodotto \u00e8 stato coltivato commercialmente in Marocco prima di essere esportato in altri Paesi. Scoprite le caratteristiche uniche che rendono il Moroccan Slate Hash una scelta popolare tra i consumatori di cannabis.<\/p>\n<h2 class=\"wp-block-heading\">Informazioni su Moroccan Slate Hash<\/h2>\n<ul class=\"wp-block-list\">\n<li><strong>Origine<\/strong> Coltivata commercialmente in Marocco.<\/li>\n<li><strong>Colore<\/strong> Verde all'esterno e marrone all'interno, rispecchia il colore della pianta di cannabis.<\/li>\n<li><strong>Aroma<\/strong> Aromatico e delicato.<\/li>\n<li><strong>Il gusto<\/strong> Pi\u00f9 saporito e caratteristico di altri tipi di hashish.<\/li>\n<li><strong>Coerenza<\/strong> Varia a seconda del tipo di erba e del processo di produzione.<\/li>\n<li><strong>Peso<\/strong> : L\u00e9ger.<\/li>\n<li><strong>Variet\u00e0<\/strong> Include polline, sputnik e zero-zero, ognuno con una consistenza e una struttura diversa.<\/li>\n<\/ul>\n<h2 class=\"wp-block-heading\">THC e CBD<\/h2>\n<ul class=\"wp-block-list\">\n<li><strong>THC :<\/strong> Concentrazioni da 10 a 11%, con una potenza moderata.<\/li>\n<li><strong>CBD :<\/strong> Non vengono menzionate informazioni specifiche sul CBD, mentre ci si concentra sugli effetti lievi del THC.<\/li>\n<\/ul>\n<h2 class=\"wp-block-heading\">Effetti, aroma e sapore<\/h2>\n<h3 class=\"wp-block-heading\">Effetto<\/h3>\n<p>Il Moroccan Slate Hash offre un potere leggero, inducendo sensazioni di sonnolenza e uno stato di profondo rilassamento senza essere troppo forte.<\/p>\n<h3 class=\"wp-block-heading\">Aroma<\/h3>\n<p>La sua fragranza \u00e8 delicata e aromatica e contribuisce a una piacevole esperienza di fumo.<\/p>\n<h3 class=\"wp-block-heading\">Il gusto<\/h3>\n<p>Il sapore dell'hashish marocchino \u00e8 decisamente saporito e supera altre variet\u00e0 di hashish in termini di gusto.<\/p>\n<h2 class=\"wp-block-heading\">Effetti medici<\/h2>\n<h3 class=\"wp-block-heading\">Effetti medici<\/h3>\n<ul class=\"wp-block-list\">\n<li>Lieve effetto sedativo.<\/li>\n<li>Una sensazione di relax.<\/li>\n<\/ul>\n<h3 class=\"wp-block-heading\">Pu\u00f2 alleviare<\/h3>\n<ul class=\"wp-block-list\">\n<li>Stress.<\/li>\n<li>Tensione muscolare.<\/li>\n<li>Insonnia.<\/li>\n<\/ul>\n<h2 class=\"wp-block-heading\">Come fumare l'hashish<\/h2>\n<p>La Moroccan Slate pu\u00f2 essere consumata in vari modi: fumata in un bong, in uno spinello, vaporizzata o ingerita per via orale a scopo terapeutico. \u00c8 fondamentale non fare mai un uso eccessivo di questo prodotto.<\/p>\n<h2 class=\"wp-block-heading\">Dove posso acquistare online l'Ardesia marocchina?<\/h2>\n<p>L'hashish marocchino \u00e8 disponibile su Acheterducannabis.fr, che offre un prodotto autentico, unico e sicuro. Scoprite una variet\u00e0 di hashish marocchino a prezzi accessibili.<\/p>\n<h2 class=\"wp-block-heading\">Perch\u00e9 acquistare Hash Moroccan Slate su Acheterducannabis.fr?<\/h2>\n<p><a href=\"https:\/\/beuhparadis.com\/it\/product\/charas-hash\/\">Beuhparadis<\/a> si impegna a fornire prodotti di hashish marocchino della massima qualit\u00e0, garantendo un'esperienza d'uso ottimale grazie a prodotti puri, freschi e unici.<\/p>\n<h2 class=\"wp-block-heading\">Leggi governative sulla vendita di Hash in Europa<\/h2>\n<p>La vendita di hashish, compreso l'hashish marocchino, \u00e8 regolamentata in Europa. L'acquisto su Acheterducannabis.fr garantisce il rispetto delle leggi locali, consentendo ai consumatori europei di acquistare hashish in modo legale e sicuro.<\/p>\n<p>Moroccan Slate Hash \u00e8 caratterizzato da una potenza lieve, un aroma piacevole ed effetti rilassanti, che lo rendono una scelta ideale per gli appassionati di cannabis alla ricerca di un'esperienza moderata ma soddisfacente. Se state cercando di rilassarvi dopo una lunga giornata o di ottenere un leggero sollievo da dolori e disturbi, Moroccan Slate Hash offre una soluzione naturale e piacevole.<\/p>","protected":false},"excerpt":{"rendered":"<p><strong>THC: <\/strong>45%<\/p>\n<p><strong>Effetti medici<\/strong><\/p>\n<ul class=\"wp-block-list\">\n<li>Lieve effetto sedativo.<\/li>\n<li>Una sensazione di relax.<\/li>\n<\/ul>","protected":false},"featured_media":2113,"comment_status":"closed","ping_status":"closed","template":"","meta":{"site-sidebar-layout":"default","site-content-layout":"","ast-site-content-layout":"default","site-content-style":"default","site-sidebar-style":"default","ast-global-header-display":"","ast-banner-title-visibility":"","ast-main-header-display":"","ast-hfb-above-header-display":"","ast-hfb-below-header-display":"","ast-hfb-mobile-header-display":"","site-post-title":"","ast-breadcrumbs-content":"","ast-featured-img":"","footer-sml-layout":"","theme-transparent-header-meta":"default","adv-header-id-meta":"","stick-header-meta":"","header-above-stick-meta":"","header-main-stick-meta":"","header-below-stick-meta":"","astra-migrate-meta-layouts":"set","ast-page-background-enabled":"default","ast-page-background-meta":{"desktop":{"background-color":"","background-image":"","background-repeat":"repeat","background-position":"center center","background-size":"auto","background-attachment":"scroll","background-type":"","background-media":"","overlay-type":"","overlay-color":"","overlay-opacity":"","overlay-gradient":""},"tablet":{"background-color":"","background-image":"","background-repeat":"repeat","background-position":"center center","background-size":"auto","background-attachment":"scroll","background-type":"","background-media":"","overlay-type":"","overlay-color":"","overlay-opacity":"","overlay-gradient":""},"mobile":{"background-color":"","background-image":"","background-repeat":"repeat","background-position":"center center","background-size":"auto","background-attachment":"scroll","background-type":"","background-media":"","overlay-type":"","overlay-color":"","overlay-opacity":"","overlay-gradient":""}},"ast-content-background-meta":{"desktop":{"background-color":"var(--ast-global-color-5)","background-image":"","background-repeat":"repeat","background-position":"center center","background-size":"auto","background-attachment":"scroll","background-type":"","background-media":"","overlay-type":"","overlay-color":"","overlay-opacity":"","overlay-gradient":""},"tablet":{"background-color":"var(--ast-global-color-5)","background-image":"","background-repeat":"repeat","background-position":"center center","background-size":"auto","background-attachment":"scroll","background-type":"","background-media":"","overlay-type":"","overlay-color":"","overlay-opacity":"","overlay-gradient":""},"mobile":{"background-color":"var(--ast-global-color-5)","background-image":"","background-repeat":"repeat","background-position":"center center","background-size":"auto","background-attachment":"scroll","background-type":"","background-media":"","overlay-type":"","overlay-color":"","overlay-opacity":"","overlay-gradient":""}},"_joinchat":[]},"product_brand":[],"product_cat":[48],"product_tag":[],"class_list":{"0":"post-2100","1":"product","2":"type-product","3":"status-publish","4":"has-post-thumbnail","6":"product_cat-shit-thc","7":"desktop-align-left","8":"tablet-align-left","9":"mobile-align-left","11":"first","12":"instock","13":"shipping-taxable","14":"purchasable","15":"product-type-variable"},"yoast_head":"<!-- This site is optimized with the Yoast SEO Premium plugin v24.1 (Yoast SEO v26.8) - https:\/\/yoast.com\/product\/yoast-seo-premium-wordpress\/ -->\n<title>Acheter Moroccan Slate Hash | Hash Marocain en Slate Premium<\/title>\n<meta name=\"description\" content=\"Acheter Moroccan Slate Hash, un hash marocain traditionnel press\u00e9 en plaques, connu pour sa texture unique et ses ar\u00f4mes riches. Achetez en ligne avec livraison discr\u00e8te et rapide.\" \/>\n<meta name=\"robots\" content=\"index, follow, max-snippet:-1, max-image-preview:large, max-video-preview:-1\" \/>\n<link rel=\"canonical\" href=\"https:\/\/beuhparadis.com\/it\/product\/moroccan-slate-hash\/\" \/>\n<meta property=\"og:locale\" content=\"it_IT\" \/>\n<meta property=\"og:type\" content=\"article\" \/>\n<meta property=\"og:title\" content=\"Moroccan Slate Hash\" \/>\n<meta property=\"og:description\" content=\"Acheter Moroccan Slate Hash, un hash marocain traditionnel press\u00e9 en plaques, connu pour sa texture unique et ses ar\u00f4mes riches. Achetez en ligne avec livraison discr\u00e8te et rapide.\" \/>\n<meta property=\"og:url\" content=\"https:\/\/beuhparadis.com\/it\/product\/moroccan-slate-hash\/\" \/>\n<meta property=\"og:site_name\" content=\"Beuh Paradis\" \/>\n<meta property=\"article:modified_time\" content=\"2025-01-28T08:35:57+00:00\" \/>\n<meta property=\"og:image\" content=\"https:\/\/beuhparadis.com\/wp-content\/uploads\/2024\/12\/Moroccan-Slate-Hash-2.jpeg\" \/>\n\t<meta property=\"og:image:width\" content=\"247\" \/>\n\t<meta property=\"og:image:height\" content=\"296\" \/>\n\t<meta property=\"og:image:type\" content=\"image\/jpeg\" \/>\n<meta name=\"twitter:card\" content=\"summary_large_image\" \/>\n<meta name=\"twitter:label1\" content=\"Tempo di lettura stimato\" \/>\n\t<meta name=\"twitter:data1\" content=\"3 minutes\" \/>\n<script type=\"application\/ld+json\" class=\"yoast-schema-graph\">{\"@context\":\"https:\/\/schema.org\",\"@graph\":[{\"@type\":\"WebPage\",\"@id\":\"https:\/\/beuhparadis.com\/product\/moroccan-slate-hash\/\",\"url\":\"https:\/\/beuhparadis.com\/product\/moroccan-slate-hash\/\",\"name\":\"Acheter Moroccan Slate Hash | Hash Marocain en Slate Premium\",\"isPartOf\":{\"@id\":\"https:\/\/beuhparadis.com\/#website\"},\"primaryImageOfPage\":{\"@id\":\"https:\/\/beuhparadis.com\/product\/moroccan-slate-hash\/#primaryimage\"},\"image\":{\"@id\":\"https:\/\/beuhparadis.com\/product\/moroccan-slate-hash\/#primaryimage\"},\"thumbnailUrl\":\"https:\/\/beuhparadis.com\/wp-content\/uploads\/2024\/12\/Moroccan-Slate-Hash-2.jpeg\",\"datePublished\":\"2024-12-10T23:51:12+00:00\",\"dateModified\":\"2025-01-28T08:35:57+00:00\",\"description\":\"Acheter Moroccan Slate Hash, un hash marocain traditionnel press\u00e9 en plaques, connu pour sa texture unique et ses ar\u00f4mes riches. Achetez en ligne avec livraison discr\u00e8te et rapide.\",\"breadcrumb\":{\"@id\":\"https:\/\/beuhparadis.com\/product\/moroccan-slate-hash\/#breadcrumb\"},\"inLanguage\":\"it-IT\",\"potentialAction\":[{\"@type\":\"ReadAction\",\"target\":[\"https:\/\/beuhparadis.com\/product\/moroccan-slate-hash\/\"]}]},{\"@type\":\"ImageObject\",\"inLanguage\":\"it-IT\",\"@id\":\"https:\/\/beuhparadis.com\/product\/moroccan-slate-hash\/#primaryimage\",\"url\":\"https:\/\/beuhparadis.com\/wp-content\/uploads\/2024\/12\/Moroccan-Slate-Hash-2.jpeg\",\"contentUrl\":\"https:\/\/beuhparadis.com\/wp-content\/uploads\/2024\/12\/Moroccan-Slate-Hash-2.jpeg\",\"width\":247,\"height\":296},{\"@type\":\"BreadcrumbList\",\"@id\":\"https:\/\/beuhparadis.com\/product\/moroccan-slate-hash\/#breadcrumb\",\"itemListElement\":[{\"@type\":\"ListItem\",\"position\":1,\"name\":\"Home\",\"item\":\"https:\/\/beuhparadis.com\/\"},{\"@type\":\"ListItem\",\"position\":2,\"name\":\"Shop\",\"item\":\"https:\/\/beuhparadis.com\/shop\/\"},{\"@type\":\"ListItem\",\"position\":3,\"name\":\"Moroccan Slate Hash\"}]},{\"@type\":\"WebSite\",\"@id\":\"https:\/\/beuhparadis.com\/#website\",\"url\":\"https:\/\/beuhparadis.com\/\",\"name\":\"Beuh Paradis\",\"description\":\"\",\"potentialAction\":[{\"@type\":\"SearchAction\",\"target\":{\"@type\":\"EntryPoint\",\"urlTemplate\":\"https:\/\/beuhparadis.com\/?s={search_term_string}\"},\"query-input\":{\"@type\":\"PropertyValueSpecification\",\"valueRequired\":true,\"valueName\":\"search_term_string\"}}],\"inLanguage\":\"it-IT\"}]}<\/script>\n<!-- \/ Yoast SEO Premium plugin. -->","yoast_head_json":{"title":"Acquista Moroccan Slate Hash | Moroccan Slate Hash Premium","description":"Acquistate il Moroccan Slate Hash, un hashish marocchino tradizionale pressato in lastre, noto per la sua consistenza unica e i suoi sapori ricchi. Acquistate online con consegna rapida e discreta.","robots":{"index":"index","follow":"follow","max-snippet":"max-snippet:-1","max-image-preview":"max-image-preview:large","max-video-preview":"max-video-preview:-1"},"canonical":"https:\/\/beuhparadis.com\/it\/product\/moroccan-slate-hash\/","og_locale":"it_IT","og_type":"article","og_title":"Moroccan Slate Hash","og_description":"Acheter Moroccan Slate Hash, un hash marocain traditionnel press\u00e9 en plaques, connu pour sa texture unique et ses ar\u00f4mes riches. Achetez en ligne avec livraison discr\u00e8te et rapide.","og_url":"https:\/\/beuhparadis.com\/it\/product\/moroccan-slate-hash\/","og_site_name":"Beuh Paradis","article_modified_time":"2025-01-28T08:35:57+00:00","og_image":[{"width":247,"height":296,"url":"https:\/\/beuhparadis.com\/wp-content\/uploads\/2024\/12\/Moroccan-Slate-Hash-2.jpeg","type":"image\/jpeg"}],"twitter_card":"summary_large_image","twitter_misc":{"Tempo di lettura stimato":"3 minutes"},"schema":{"@context":"https:\/\/schema.org","@graph":[{"@type":"WebPage","@id":"https:\/\/beuhparadis.com\/product\/moroccan-slate-hash\/","url":"https:\/\/beuhparadis.com\/product\/moroccan-slate-hash\/","name":"Acquista Moroccan Slate Hash | Moroccan Slate Hash Premium","isPartOf":{"@id":"https:\/\/beuhparadis.com\/#website"},"primaryImageOfPage":{"@id":"https:\/\/beuhparadis.com\/product\/moroccan-slate-hash\/#primaryimage"},"image":{"@id":"https:\/\/beuhparadis.com\/product\/moroccan-slate-hash\/#primaryimage"},"thumbnailUrl":"https:\/\/beuhparadis.com\/wp-content\/uploads\/2024\/12\/Moroccan-Slate-Hash-2.jpeg","datePublished":"2024-12-10T23:51:12+00:00","dateModified":"2025-01-28T08:35:57+00:00","description":"Acquistate il Moroccan Slate Hash, un hashish marocchino tradizionale pressato in lastre, noto per la sua consistenza unica e i suoi sapori ricchi. Acquistate online con consegna rapida e discreta.","breadcrumb":{"@id":"https:\/\/beuhparadis.com\/product\/moroccan-slate-hash\/#breadcrumb"},"inLanguage":"it-IT","potentialAction":[{"@type":"ReadAction","target":["https:\/\/beuhparadis.com\/product\/moroccan-slate-hash\/"]}]},{"@type":"ImageObject","inLanguage":"it-IT","@id":"https:\/\/beuhparadis.com\/product\/moroccan-slate-hash\/#primaryimage","url":"https:\/\/beuhparadis.com\/wp-content\/uploads\/2024\/12\/Moroccan-Slate-Hash-2.jpeg","contentUrl":"https:\/\/beuhparadis.com\/wp-content\/uploads\/2024\/12\/Moroccan-Slate-Hash-2.jpeg","width":247,"height":296},{"@type":"BreadcrumbList","@id":"https:\/\/beuhparadis.com\/product\/moroccan-slate-hash\/#breadcrumb","itemListElement":[{"@type":"ListItem","position":1,"name":"Home","item":"https:\/\/beuhparadis.com\/"},{"@type":"ListItem","position":2,"name":"Shop","item":"https:\/\/beuhparadis.com\/shop\/"},{"@type":"ListItem","position":3,"name":"Moroccan Slate Hash"}]},{"@type":"WebSite","@id":"https:\/\/beuhparadis.com\/#website","url":"https:\/\/beuhparadis.com\/","name":"Beuh Paradis","description":"","potentialAction":[{"@type":"SearchAction","target":{"@type":"EntryPoint","urlTemplate":"https:\/\/beuhparadis.com\/?s={search_term_string}"},"query-input":{"@type":"PropertyValueSpecification","valueRequired":true,"valueName":"search_term_string"}}],"inLanguage":"it-IT"}]}},"_links":{"self":[{"href":"https:\/\/beuhparadis.com\/it\/wp-json\/wp\/v2\/product\/2100","targetHints":{"allow":["GET"]}}],"collection":[{"href":"https:\/\/beuhparadis.com\/it\/wp-json\/wp\/v2\/product"}],"about":[{"href":"https:\/\/beuhparadis.com\/it\/wp-json\/wp\/v2\/types\/product"}],"replies":[{"embeddable":true,"href":"https:\/\/beuhparadis.com\/it\/wp-json\/wp\/v2\/comments?post=2100"}],"wp:featuredmedia":[{"embeddable":true,"href":"https:\/\/beuhparadis.com\/it\/wp-json\/wp\/v2\/media\/2113"}],"wp:attachment":[{"href":"https:\/\/beuhparadis.com\/it\/wp-json\/wp\/v2\/media?parent=2100"}],"wp:term":[{"taxonomy":"product_brand","embeddable":true,"href":"https:\/\/beuhparadis.com\/it\/wp-json\/wp\/v2\/product_brand?post=2100"},{"taxonomy":"product_cat","embeddable":true,"href":"https:\/\/beuhparadis.com\/it\/wp-json\/wp\/v2\/product_cat?post=2100"},{"taxonomy":"product_tag","embeddable":true,"href":"https:\/\/beuhparadis.com\/it\/wp-json\/wp\/v2\/product_tag?post=2100"}],"curies":[{"name":"wp","href":"https:\/\/api.w.org\/{rel}","templated":true}]}}