{"id":2090,"date":"2024-12-10T23:51:11","date_gmt":"2024-12-10T23:51:11","guid":{"rendered":"https:\/\/beuhparadis.com\/?post_type=product&#038;p=2090"},"modified":"2025-01-28T09:14:48","modified_gmt":"2025-01-28T09:14:48","slug":"scissor-hash-finger-hash","status":"publish","type":"product","link":"https:\/\/beuhparadis.com\/it\/product\/scissor-hash-finger-hash\/","title":{"rendered":"Hash di forbici (hashish di dita)"},"content":{"rendered":"<h1 class=\"wp-block-heading\">Acquista Scissor Hash<\/h1>\n<p>Acquistare Scissor Hash, noto anche come finger hashish, \u00e8 un prodotto resinoso unico nel suo genere, ottenuto raccogliendo la resina appiccicosa dalle forbici utilizzate per potare le piante di cannabis. Questa forma di hashish \u00e8 apprezzata per la sua facilit\u00e0 di produzione e la sua sorprendente potenza, offrendo un'esperienza ricca e concentrata agli appassionati di cannabis.<\/p>\n<h2 class=\"wp-block-heading\">Informazioni su Scissor Hash<\/h2>\n<ul class=\"wp-block-list\">\n<li><strong>Origine<\/strong> Residui recuperati dalle forbici dopo aver tagliato i fiori di cannabis, noti come finger hashish.<\/li>\n<li><strong>Produzione<\/strong> Formazione di piccole palline di resina mediante pressione manuale, che danno origine a hashish a forbice.<\/li>\n<li><strong>Colore e consistenza<\/strong> Consistenza appiccicosa, generalmente di colore scuro, tipica dell'hashish finger.<\/li>\n<\/ul>\n<h2 class=\"wp-block-heading\">THC e CBD<\/h2>\n<p>La Scissor Hash si distingue per una concentrazione di THC che pu\u00f2 variare tra <strong>15% e 50%<\/strong>La media \u00e8 di circa 20% - 30%. I livelli di CBD sono generalmente bassi, evidenziando gli effetti psicoattivi del THC. Il prezzo del finger hashish spesso riflette la sua potenza e qualit\u00e0.<\/p>\n<h2 class=\"wp-block-heading\">Effetti, aroma e sapore<\/h2>\n<h3 class=\"wp-block-heading\">Effetto<\/h3>\n<p>La Scissor Hash \u00e8 rinomata per i suoi effetti potenti e immediati, in grado di offrire un'esperienza intensa che pu\u00f2 variare da un profondo rilassamento a una leggera euforia, a seconda della quantit\u00e0 consumata.<\/p>\n<h3 class=\"wp-block-heading\">Aroma<\/h3>\n<p>L'aroma di Scissorhash \u00e8 profondamente terroso con note speziate, che riflettono l'alta concentrazione di terpeni presenti nella resina di cannabis.<\/p>\n<h3 class=\"wp-block-heading\">Il gusto<\/h3>\n<p>Il sapore \u00e8 ricco e complesso, mescolando note terrose con accenni di dolcezza e piccantezza per creare un'esperienza gustativa unica. Questo profilo \u00e8 caratteristico del finger hashish.<\/p>\n<h2 class=\"wp-block-heading\">Effetti medici<\/h2>\n<h3 class=\"wp-block-heading\">Effetti medici<\/h3>\n<p>Grazie al suo elevato contenuto di THC, Scissor Hash pu\u00f2 essere utilizzata per alleviare una serie di sintomi e condizioni, tra cui dolore, ansia e insonnia.<\/p>\n<h3 class=\"wp-block-heading\">Pu\u00f2 alleviare<\/h3>\n<ul class=\"wp-block-list\">\n<li>Dolore cronico<\/li>\n<li>Stress e ansia<\/li>\n<li>Insonnia e disturbi del sonno<\/li>\n<\/ul>\n<h2 class=\"wp-block-heading\">Come fumare lo Scissor Hash<\/h2>\n<p>Lo Scissor Hash pu\u00f2 essere consumato in vari modi: fumato da solo, mescolato con tabacco o cannabis in spinelli, vaporizzato o usato come ingrediente nella preparazione di edibles dopo la decarbossilazione.<\/p>\n<h2 class=\"wp-block-heading\">Dove posso acquistare online Scissor Hash?<\/h2>\n<p>\u00c8 possibile acquistare Scissor-hash di alta qualit\u00e0 online da siti specializzati come <strong>Acquistareducannabis.fr<\/strong>garantendo un prodotto puro e potente.<\/p>\n<h2 class=\"wp-block-heading\">Perch\u00e9 acquistare Scissor Hash su beuhparadis?<\/h2>\n<p><a href=\"https:\/\/beuhparadis.com\/it\/product\/charas-hash\/\" data-type=\"link\" data-id=\"https:\/\/acheterducannabis.fr\/\">Beuhparadis.com<\/a> si distingue per il suo impegno nella qualit\u00e0, proponendo un Hash Scissor prodotto con metodi tradizionali, garantendo un'esperienza autentica e soddisfacente. Il prezzo del finger hash su Acheterducannabis \u00e8 competitivo e riflette l'eccezionale qualit\u00e0 del prodotto.<\/p>\n<h2 class=\"wp-block-heading\">Leggi governative sulla vendita di Hash in Europa<\/h2>\n<p>In Europa, la vendita di prodotti a base di cannabis come lo Scissor-hash \u00e8 regolata da leggi severe. \u00c8 essenziale informarsi sulla legislazione in vigore nel proprio Paese prima di acquistare o consumare hashish.<\/p>\n<p>Lo Scissor Hash, o hashish da dito, offre un'esperienza unica agli appassionati di cannabis, combinando potenza, sapore e facilit\u00e0 d'uso. Se siete alla ricerca di un effetto rilassante o di un aiuto medico, lo Scissor Hash \u00e8 un'opzione da prendere in considerazione.<\/p>","protected":false},"excerpt":{"rendered":"<p><strong>THC:<\/strong> 30%<\/p>\n<p><strong>Effetti medici<\/strong><br \/>\nGrazie al suo elevato contenuto di THC, Scissor Hash pu\u00f2 essere utilizzata per alleviare una serie di sintomi e condizioni, tra cui dolore, ansia e insonnia.<\/p>","protected":false},"featured_media":2111,"comment_status":"closed","ping_status":"closed","template":"","meta":{"site-sidebar-layout":"default","site-content-layout":"","ast-site-content-layout":"default","site-content-style":"default","site-sidebar-style":"default","ast-global-header-display":"","ast-banner-title-visibility":"","ast-main-header-display":"","ast-hfb-above-header-display":"","ast-hfb-below-header-display":"","ast-hfb-mobile-header-display":"","site-post-title":"","ast-breadcrumbs-content":"","ast-featured-img":"","footer-sml-layout":"","theme-transparent-header-meta":"default","adv-header-id-meta":"","stick-header-meta":"","header-above-stick-meta":"","header-main-stick-meta":"","header-below-stick-meta":"","astra-migrate-meta-layouts":"set","ast-page-background-enabled":"default","ast-page-background-meta":{"desktop":{"background-color":"","background-image":"","background-repeat":"repeat","background-position":"center center","background-size":"auto","background-attachment":"scroll","background-type":"","background-media":"","overlay-type":"","overlay-color":"","overlay-opacity":"","overlay-gradient":""},"tablet":{"background-color":"","background-image":"","background-repeat":"repeat","background-position":"center center","background-size":"auto","background-attachment":"scroll","background-type":"","background-media":"","overlay-type":"","overlay-color":"","overlay-opacity":"","overlay-gradient":""},"mobile":{"background-color":"","background-image":"","background-repeat":"repeat","background-position":"center center","background-size":"auto","background-attachment":"scroll","background-type":"","background-media":"","overlay-type":"","overlay-color":"","overlay-opacity":"","overlay-gradient":""}},"ast-content-background-meta":{"desktop":{"background-color":"var(--ast-global-color-5)","background-image":"","background-repeat":"repeat","background-position":"center center","background-size":"auto","background-attachment":"scroll","background-type":"","background-media":"","overlay-type":"","overlay-color":"","overlay-opacity":"","overlay-gradient":""},"tablet":{"background-color":"var(--ast-global-color-5)","background-image":"","background-repeat":"repeat","background-position":"center center","background-size":"auto","background-attachment":"scroll","background-type":"","background-media":"","overlay-type":"","overlay-color":"","overlay-opacity":"","overlay-gradient":""},"mobile":{"background-color":"var(--ast-global-color-5)","background-image":"","background-repeat":"repeat","background-position":"center center","background-size":"auto","background-attachment":"scroll","background-type":"","background-media":"","overlay-type":"","overlay-color":"","overlay-opacity":"","overlay-gradient":""}},"_joinchat":[]},"product_brand":[],"product_cat":[48],"product_tag":[],"class_list":{"0":"post-2090","1":"product","2":"type-product","3":"status-publish","4":"has-post-thumbnail","6":"product_cat-shit-thc","7":"desktop-align-left","8":"tablet-align-left","9":"mobile-align-left","11":"first","12":"instock","13":"shipping-taxable","14":"purchasable","15":"product-type-variable"},"yoast_head":"<!-- This site is optimized with the Yoast SEO Premium plugin v24.1 (Yoast SEO v26.8) - https:\/\/yoast.com\/product\/yoast-seo-premium-wordpress\/ -->\n<title>Acheter Scissor Hash en Ligne | Qualit\u00e9 Sup\u00e9rieure<\/title>\n<meta name=\"description\" content=\"D\u00e9couvrez notre Scissor Hash, un hash artisanal r\u00e9colt\u00e9 \u00e0 la main, riche en saveurs et en puissance. Achetez en ligne avec livraison discr\u00e8te et rapide.\" \/>\n<meta name=\"robots\" content=\"index, follow, max-snippet:-1, max-image-preview:large, max-video-preview:-1\" \/>\n<link rel=\"canonical\" href=\"https:\/\/beuhparadis.com\/it\/product\/scissor-hash-finger-hash\/\" \/>\n<meta property=\"og:locale\" content=\"it_IT\" \/>\n<meta property=\"og:type\" content=\"article\" \/>\n<meta property=\"og:title\" content=\"Scissor Hash (finger hash)\" \/>\n<meta property=\"og:description\" content=\"D\u00e9couvrez notre Scissor Hash, un hash artisanal r\u00e9colt\u00e9 \u00e0 la main, riche en saveurs et en puissance. Achetez en ligne avec livraison discr\u00e8te et rapide.\" \/>\n<meta property=\"og:url\" content=\"https:\/\/beuhparadis.com\/it\/product\/scissor-hash-finger-hash\/\" \/>\n<meta property=\"og:site_name\" content=\"Beuh Paradis\" \/>\n<meta property=\"article:modified_time\" content=\"2025-01-28T09:14:48+00:00\" \/>\n<meta property=\"og:image\" content=\"https:\/\/beuhparadis.com\/wp-content\/uploads\/2024\/12\/scissor-hash-2.jpeg\" \/>\n\t<meta property=\"og:image:width\" content=\"247\" \/>\n\t<meta property=\"og:image:height\" content=\"296\" \/>\n\t<meta property=\"og:image:type\" content=\"image\/jpeg\" \/>\n<meta name=\"twitter:card\" content=\"summary_large_image\" \/>\n<meta name=\"twitter:label1\" content=\"Tempo di lettura stimato\" \/>\n\t<meta name=\"twitter:data1\" content=\"3 minutes\" \/>\n<script type=\"application\/ld+json\" class=\"yoast-schema-graph\">{\"@context\":\"https:\/\/schema.org\",\"@graph\":[{\"@type\":\"WebPage\",\"@id\":\"https:\/\/beuhparadis.com\/product\/scissor-hash-finger-hash\/\",\"url\":\"https:\/\/beuhparadis.com\/product\/scissor-hash-finger-hash\/\",\"name\":\"Acheter Scissor Hash en Ligne | Qualit\u00e9 Sup\u00e9rieure\",\"isPartOf\":{\"@id\":\"https:\/\/beuhparadis.com\/#website\"},\"primaryImageOfPage\":{\"@id\":\"https:\/\/beuhparadis.com\/product\/scissor-hash-finger-hash\/#primaryimage\"},\"image\":{\"@id\":\"https:\/\/beuhparadis.com\/product\/scissor-hash-finger-hash\/#primaryimage\"},\"thumbnailUrl\":\"https:\/\/beuhparadis.com\/wp-content\/uploads\/2024\/12\/scissor-hash-2.jpeg\",\"datePublished\":\"2024-12-10T23:51:11+00:00\",\"dateModified\":\"2025-01-28T09:14:48+00:00\",\"description\":\"D\u00e9couvrez notre Scissor Hash, un hash artisanal r\u00e9colt\u00e9 \u00e0 la main, riche en saveurs et en puissance. Achetez en ligne avec livraison discr\u00e8te et rapide.\",\"breadcrumb\":{\"@id\":\"https:\/\/beuhparadis.com\/product\/scissor-hash-finger-hash\/#breadcrumb\"},\"inLanguage\":\"it-IT\",\"potentialAction\":[{\"@type\":\"ReadAction\",\"target\":[\"https:\/\/beuhparadis.com\/product\/scissor-hash-finger-hash\/\"]}]},{\"@type\":\"ImageObject\",\"inLanguage\":\"it-IT\",\"@id\":\"https:\/\/beuhparadis.com\/product\/scissor-hash-finger-hash\/#primaryimage\",\"url\":\"https:\/\/beuhparadis.com\/wp-content\/uploads\/2024\/12\/scissor-hash-2.jpeg\",\"contentUrl\":\"https:\/\/beuhparadis.com\/wp-content\/uploads\/2024\/12\/scissor-hash-2.jpeg\",\"width\":247,\"height\":296},{\"@type\":\"BreadcrumbList\",\"@id\":\"https:\/\/beuhparadis.com\/product\/scissor-hash-finger-hash\/#breadcrumb\",\"itemListElement\":[{\"@type\":\"ListItem\",\"position\":1,\"name\":\"Home\",\"item\":\"https:\/\/beuhparadis.com\/\"},{\"@type\":\"ListItem\",\"position\":2,\"name\":\"Shop\",\"item\":\"https:\/\/beuhparadis.com\/shop\/\"},{\"@type\":\"ListItem\",\"position\":3,\"name\":\"Scissor Hash (finger hash)\"}]},{\"@type\":\"WebSite\",\"@id\":\"https:\/\/beuhparadis.com\/#website\",\"url\":\"https:\/\/beuhparadis.com\/\",\"name\":\"Beuh Paradis\",\"description\":\"\",\"potentialAction\":[{\"@type\":\"SearchAction\",\"target\":{\"@type\":\"EntryPoint\",\"urlTemplate\":\"https:\/\/beuhparadis.com\/?s={search_term_string}\"},\"query-input\":{\"@type\":\"PropertyValueSpecification\",\"valueRequired\":true,\"valueName\":\"search_term_string\"}}],\"inLanguage\":\"it-IT\"}]}<\/script>\n<!-- \/ Yoast SEO Premium plugin. -->","yoast_head_json":{"title":"Acquista online il colletto a forbice | Alta qualit\u00e0","description":"Scoprite il nostro Scissor Hash, un hashish artigianale raccolto a mano, ricco di sapore e potenza. Acquistate online con consegna rapida e discreta.","robots":{"index":"index","follow":"follow","max-snippet":"max-snippet:-1","max-image-preview":"max-image-preview:large","max-video-preview":"max-video-preview:-1"},"canonical":"https:\/\/beuhparadis.com\/it\/product\/scissor-hash-finger-hash\/","og_locale":"it_IT","og_type":"article","og_title":"Scissor Hash (finger hash)","og_description":"D\u00e9couvrez notre Scissor Hash, un hash artisanal r\u00e9colt\u00e9 \u00e0 la main, riche en saveurs et en puissance. Achetez en ligne avec livraison discr\u00e8te et rapide.","og_url":"https:\/\/beuhparadis.com\/it\/product\/scissor-hash-finger-hash\/","og_site_name":"Beuh Paradis","article_modified_time":"2025-01-28T09:14:48+00:00","og_image":[{"width":247,"height":296,"url":"https:\/\/beuhparadis.com\/wp-content\/uploads\/2024\/12\/scissor-hash-2.jpeg","type":"image\/jpeg"}],"twitter_card":"summary_large_image","twitter_misc":{"Tempo di lettura stimato":"3 minutes"},"schema":{"@context":"https:\/\/schema.org","@graph":[{"@type":"WebPage","@id":"https:\/\/beuhparadis.com\/product\/scissor-hash-finger-hash\/","url":"https:\/\/beuhparadis.com\/product\/scissor-hash-finger-hash\/","name":"Acquista online il colletto a forbice | Alta qualit\u00e0","isPartOf":{"@id":"https:\/\/beuhparadis.com\/#website"},"primaryImageOfPage":{"@id":"https:\/\/beuhparadis.com\/product\/scissor-hash-finger-hash\/#primaryimage"},"image":{"@id":"https:\/\/beuhparadis.com\/product\/scissor-hash-finger-hash\/#primaryimage"},"thumbnailUrl":"https:\/\/beuhparadis.com\/wp-content\/uploads\/2024\/12\/scissor-hash-2.jpeg","datePublished":"2024-12-10T23:51:11+00:00","dateModified":"2025-01-28T09:14:48+00:00","description":"Scoprite il nostro Scissor Hash, un hashish artigianale raccolto a mano, ricco di sapore e potenza. Acquistate online con consegna rapida e discreta.","breadcrumb":{"@id":"https:\/\/beuhparadis.com\/product\/scissor-hash-finger-hash\/#breadcrumb"},"inLanguage":"it-IT","potentialAction":[{"@type":"ReadAction","target":["https:\/\/beuhparadis.com\/product\/scissor-hash-finger-hash\/"]}]},{"@type":"ImageObject","inLanguage":"it-IT","@id":"https:\/\/beuhparadis.com\/product\/scissor-hash-finger-hash\/#primaryimage","url":"https:\/\/beuhparadis.com\/wp-content\/uploads\/2024\/12\/scissor-hash-2.jpeg","contentUrl":"https:\/\/beuhparadis.com\/wp-content\/uploads\/2024\/12\/scissor-hash-2.jpeg","width":247,"height":296},{"@type":"BreadcrumbList","@id":"https:\/\/beuhparadis.com\/product\/scissor-hash-finger-hash\/#breadcrumb","itemListElement":[{"@type":"ListItem","position":1,"name":"Home","item":"https:\/\/beuhparadis.com\/"},{"@type":"ListItem","position":2,"name":"Shop","item":"https:\/\/beuhparadis.com\/shop\/"},{"@type":"ListItem","position":3,"name":"Scissor Hash (finger hash)"}]},{"@type":"WebSite","@id":"https:\/\/beuhparadis.com\/#website","url":"https:\/\/beuhparadis.com\/","name":"Beuh Paradis","description":"","potentialAction":[{"@type":"SearchAction","target":{"@type":"EntryPoint","urlTemplate":"https:\/\/beuhparadis.com\/?s={search_term_string}"},"query-input":{"@type":"PropertyValueSpecification","valueRequired":true,"valueName":"search_term_string"}}],"inLanguage":"it-IT"}]}},"_links":{"self":[{"href":"https:\/\/beuhparadis.com\/it\/wp-json\/wp\/v2\/product\/2090","targetHints":{"allow":["GET"]}}],"collection":[{"href":"https:\/\/beuhparadis.com\/it\/wp-json\/wp\/v2\/product"}],"about":[{"href":"https:\/\/beuhparadis.com\/it\/wp-json\/wp\/v2\/types\/product"}],"replies":[{"embeddable":true,"href":"https:\/\/beuhparadis.com\/it\/wp-json\/wp\/v2\/comments?post=2090"}],"wp:featuredmedia":[{"embeddable":true,"href":"https:\/\/beuhparadis.com\/it\/wp-json\/wp\/v2\/media\/2111"}],"wp:attachment":[{"href":"https:\/\/beuhparadis.com\/it\/wp-json\/wp\/v2\/media?parent=2090"}],"wp:term":[{"taxonomy":"product_brand","embeddable":true,"href":"https:\/\/beuhparadis.com\/it\/wp-json\/wp\/v2\/product_brand?post=2090"},{"taxonomy":"product_cat","embeddable":true,"href":"https:\/\/beuhparadis.com\/it\/wp-json\/wp\/v2\/product_cat?post=2090"},{"taxonomy":"product_tag","embeddable":true,"href":"https:\/\/beuhparadis.com\/it\/wp-json\/wp\/v2\/product_tag?post=2090"}],"curies":[{"name":"wp","href":"https:\/\/api.w.org\/{rel}","templated":true}]}}