{"id":2032,"date":"2024-12-10T23:50:24","date_gmt":"2024-12-10T23:50:24","guid":{"rendered":"https:\/\/beuhparadis.com\/?post_type=product&#038;p=2032"},"modified":"2025-01-28T10:02:58","modified_gmt":"2025-01-28T10:02:58","slug":"doja-exclusive-karmas-headstash","status":"publish","type":"product","link":"https:\/\/beuhparadis.com\/it\/product\/doja-exclusive-karmas-headstash\/","title":{"rendered":"Esclusivo Doja | Karmas Headstash"},"content":{"rendered":"<h1 class=\"wp-block-heading\">Compra Doja Karmas Headstash: un tesoro genetico a dominanza Indica<\/h1>\n<p>Acquista Doja Karmas Headstash \u00e8 una variet\u00e0 a predominanza indica con un profilo genetico complesso e pluripremiato. Premiata al primo posto nella categoria Best Indica all'Elite Cup di Amsterdam nel 2015, questa variet\u00e0 \u00e8 il risultato di un meticoloso incrocio volto a combinare il meglio di entrambi i mondi della cannabis.<\/p>\n<h2 class=\"wp-block-heading\">Informazioni su La Souche<\/h2>\n<ul class=\"wp-block-list\">\n<li><strong>Genetica<\/strong> Risultato di un incrocio a tre tra Girl Scout Cookies, Cherry Pie di Cannarado e un maschio OG di KarmaRado, successivamente arricchito con un tocco di Biker Kush di Karma Genetics per accentuare l'influenza OG Kush.<\/li>\n<li><strong>Produzione<\/strong> Coltivata in condizioni ottimizzate per assicurare la massima espressione di cannabinoidi e terpeni, garantendo cannabinoidi e terpeni di qualit\u00e0 superiore. <strong>Doja Karmas Headstash<\/strong>.<\/li>\n<li><strong>Tipo<\/strong> Dominante Indica, offre un'esperienza profondamente rilassante, stimolando al contempo i sensi.<\/li>\n<\/ul>\n<h2 class=\"wp-block-heading\">THC e CBD<\/h2>\n<ul class=\"wp-block-list\">\n<li><strong>THC<\/strong> Alta resa, che riflette la potenza e la qualit\u00e0 superiore di questa variet\u00e0, ideale per gli intenditori alla ricerca di effetti intensi.<\/li>\n<li><strong>CBD<\/strong> Molto bassa, evidenzia gli effetti psicoattivi e rilassanti della variet\u00e0.<\/li>\n<\/ul>\n<h2 class=\"wp-block-heading\">Dove posso acquistare Doja Karmas Headstash online?<\/h2>\n<p><a href=\"https:\/\/beuhparadis.com\/it\/product\/charas-hash\/\" data-type=\"link\" data-id=\"https:\/\/acheterducannabis.fr\/\">Beuhparadis.com<\/a> \u00e8 la vostra destinazione ideale per acquisire <strong>Doja Karmas Headstash<\/strong> online, garantendo un'esperienza di acquisto sicura, discreta e di alta qualit\u00e0.<\/p>\n<h2 class=\"wp-block-heading\">Effetti, aroma e sapore<\/h2>\n<h3 class=\"wp-block-heading\">Effetto<\/h3>\n<ul class=\"wp-block-list\">\n<li>Intenso rilassamento corporeo ed euforia mentale, caratteristiche delle variet\u00e0 Indica di qualit\u00e0 superiore, perfette per rilassarsi a fine giornata.<\/li>\n<li>Stimola la creativit\u00e0 e porta serenit\u00e0 mentale, grazie al suo ricco patrimonio genetico.<\/li>\n<\/ul>\n<h3 class=\"wp-block-heading\">Aroma<\/h3>\n<ul class=\"wp-block-list\">\n<li>Profilo aromatico complesso, che mescola note terrose e dolci ereditate dai suoi antenati Girl Scout Cookies e Cherry Pie, con un tocco distintivo di OG Kush.<\/li>\n<\/ul>\n<h3 class=\"wp-block-heading\">Il gusto<\/h3>\n<ul class=\"wp-block-list\">\n<li>Sapori ricchi e avvolgenti che ricordano le sfumature aromatiche del biscotto e della ciliegia, con un finale robusto e speziato di kush.<\/li>\n<\/ul>\n<h2 class=\"wp-block-heading\">Effetti medici<\/h2>\n<h3 class=\"wp-block-heading\">Effetti medici<\/h3>\n<ul class=\"wp-block-list\">\n<li>Efficace sollievo da stress, ansia e dolore cronico, grazie alla sua base a dominanza Indica.<\/li>\n<li>Pu\u00f2 aiutare a combattere l'insonnia, favorendo un sonno riposante e tranquillo.<\/li>\n<\/ul>\n<h3 class=\"wp-block-heading\">Pu\u00f2 alleviare<\/h3>\n<ul class=\"wp-block-list\">\n<li>Disturbi del sonno e dolori persistenti, offrendo un comfort profondo e duraturo.<\/li>\n<li>Disturbi dell'umore, miglioramento dell'umore e del benessere generale.<\/li>\n<\/ul>\n<h2 class=\"wp-block-heading\">Perch\u00e9 acquistare Doja Karmas Headstash su Acheterducannabis?<\/h2>\n<p>Scegliere <strong>Acquista la cannabis<\/strong> per l'acquisto di <strong>Doja Karmas Headstash<\/strong> significa optare per prodotti di cannabis della massima qualit\u00e0, coltivati con passione e competenza. Ci impegniamo a fornire un'esperienza di acquisto eccezionale, dal processo di ordinazione alla consegna a domicilio.<\/p>\n<h2 class=\"wp-block-heading\">Legislazione governativa per la vendita di cannabis in Europa<\/h2>\n<p>La vendita di cannabis in Europa \u00e8 strettamente regolamentata per garantire la sicurezza dei consumatori e la qualit\u00e0 del prodotto. <strong>Acquista la cannabis<\/strong> \u00e8 conforme a tutti gli standard e le normative vigenti, offrendo un servizio di acquisto online totalmente legale e sicuro per <strong>Doja Karmas Headstash<\/strong>. Assicuratevi di essere a conoscenza delle leggi specifiche del vostro paese o della vostra regione prima di effettuare l'acquisto.<\/p>\n<hr class=\"wp-block-separator has-alpha-channel-opacity\" \/>\n<p><strong>Acquista la cannabis<\/strong> vi invita a scoprire <strong>Doja Karmas Headstash<\/strong>Garantiamo la totale soddisfazione grazie a una qualit\u00e0 ineguagliabile, a una consegna affidabile e al rispetto degli standard legali europei.<\/p>","protected":false},"excerpt":{"rendered":"<p><strong>Effetti medici dell'Headstash Doja Karmas<\/strong><\/p>\n<ul>\n<li>Efficace sollievo da stress, ansia e dolore cronico, grazie alla sua base a dominanza Indica.<\/li>\n<\/ul>\n<ul>\n<li>Pu\u00f2 aiutare a combattere l'insonnia, favorendo un sonno riposante e tranquillo.<\/li>\n<\/ul>","protected":false},"featured_media":2053,"comment_status":"closed","ping_status":"closed","template":"","meta":{"site-sidebar-layout":"default","site-content-layout":"","ast-site-content-layout":"default","site-content-style":"default","site-sidebar-style":"default","ast-global-header-display":"","ast-banner-title-visibility":"","ast-main-header-display":"","ast-hfb-above-header-display":"","ast-hfb-below-header-display":"","ast-hfb-mobile-header-display":"","site-post-title":"","ast-breadcrumbs-content":"","ast-featured-img":"","footer-sml-layout":"","theme-transparent-header-meta":"default","adv-header-id-meta":"","stick-header-meta":"","header-above-stick-meta":"","header-main-stick-meta":"","header-below-stick-meta":"","astra-migrate-meta-layouts":"set","ast-page-background-enabled":"default","ast-page-background-meta":{"desktop":{"background-color":"","background-image":"","background-repeat":"repeat","background-position":"center center","background-size":"auto","background-attachment":"scroll","background-type":"","background-media":"","overlay-type":"","overlay-color":"","overlay-opacity":"","overlay-gradient":""},"tablet":{"background-color":"","background-image":"","background-repeat":"repeat","background-position":"center center","background-size":"auto","background-attachment":"scroll","background-type":"","background-media":"","overlay-type":"","overlay-color":"","overlay-opacity":"","overlay-gradient":""},"mobile":{"background-color":"","background-image":"","background-repeat":"repeat","background-position":"center center","background-size":"auto","background-attachment":"scroll","background-type":"","background-media":"","overlay-type":"","overlay-color":"","overlay-opacity":"","overlay-gradient":""}},"ast-content-background-meta":{"desktop":{"background-color":"var(--ast-global-color-5)","background-image":"","background-repeat":"repeat","background-position":"center center","background-size":"auto","background-attachment":"scroll","background-type":"","background-media":"","overlay-type":"","overlay-color":"","overlay-opacity":"","overlay-gradient":""},"tablet":{"background-color":"var(--ast-global-color-5)","background-image":"","background-repeat":"repeat","background-position":"center center","background-size":"auto","background-attachment":"scroll","background-type":"","background-media":"","overlay-type":"","overlay-color":"","overlay-opacity":"","overlay-gradient":""},"mobile":{"background-color":"var(--ast-global-color-5)","background-image":"","background-repeat":"repeat","background-position":"center center","background-size":"auto","background-attachment":"scroll","background-type":"","background-media":"","overlay-type":"","overlay-color":"","overlay-opacity":"","overlay-gradient":""}},"_joinchat":[]},"product_brand":[],"product_cat":[41,47],"product_tag":[],"class_list":{"0":"post-2032","1":"product","2":"type-product","3":"status-publish","4":"has-post-thumbnail","6":"product_cat-cali-weed","7":"product_cat-doja-weed-doja-exclusive","8":"desktop-align-left","9":"tablet-align-left","10":"mobile-align-left","12":"first","13":"instock","14":"shipping-taxable","15":"purchasable","16":"product-type-variable"},"yoast_head":"<!-- This site is optimized with the Yoast SEO Premium plugin v24.1 (Yoast SEO v26.8) - https:\/\/yoast.com\/product\/yoast-seo-premium-wordpress\/ -->\n<title>Acheter Doja Karmas Headstash | Vari\u00e9t\u00e9 de Cannabis Exclusif<\/title>\n<meta name=\"description\" content=\"Acheter Doja Karmas Headstash, une vari\u00e9t\u00e9 de cannabis exclusif aux ar\u00f4mes riches et aux effets puissants. Achetez avec livraison discr\u00e8te et rapide.\" \/>\n<meta name=\"robots\" content=\"index, follow, max-snippet:-1, max-image-preview:large, max-video-preview:-1\" \/>\n<link rel=\"canonical\" href=\"https:\/\/beuhparadis.com\/it\/product\/doja-exclusive-karmas-headstash\/\" \/>\n<meta property=\"og:locale\" content=\"it_IT\" \/>\n<meta property=\"og:type\" content=\"article\" \/>\n<meta property=\"og:title\" content=\"Doja Exclusive | Karmas Headstash\" \/>\n<meta property=\"og:description\" content=\"Acheter Doja Karmas Headstash, une vari\u00e9t\u00e9 de cannabis exclusif aux ar\u00f4mes riches et aux effets puissants. Achetez avec livraison discr\u00e8te et rapide.\" \/>\n<meta property=\"og:url\" content=\"https:\/\/beuhparadis.com\/it\/product\/doja-exclusive-karmas-headstash\/\" \/>\n<meta property=\"og:site_name\" content=\"Beuh Paradis\" \/>\n<meta property=\"article:modified_time\" content=\"2025-01-28T10:02:58+00:00\" \/>\n<meta property=\"og:image\" content=\"https:\/\/beuhparadis.com\/wp-content\/uploads\/2024\/12\/Doja-Exclusive-Karmas-Headstash-3.jpg\" \/>\n\t<meta property=\"og:image:width\" content=\"1284\" \/>\n\t<meta property=\"og:image:height\" content=\"1571\" \/>\n\t<meta property=\"og:image:type\" content=\"image\/jpeg\" \/>\n<meta name=\"twitter:card\" content=\"summary_large_image\" \/>\n<meta name=\"twitter:label1\" content=\"Tempo di lettura stimato\" \/>\n\t<meta name=\"twitter:data1\" content=\"3 minutes\" \/>\n<script type=\"application\/ld+json\" class=\"yoast-schema-graph\">{\"@context\":\"https:\/\/schema.org\",\"@graph\":[{\"@type\":\"WebPage\",\"@id\":\"https:\/\/beuhparadis.com\/product\/doja-exclusive-karmas-headstash\/\",\"url\":\"https:\/\/beuhparadis.com\/product\/doja-exclusive-karmas-headstash\/\",\"name\":\"Acheter Doja Karmas Headstash | Vari\u00e9t\u00e9 de Cannabis Exclusif\",\"isPartOf\":{\"@id\":\"https:\/\/beuhparadis.com\/#website\"},\"primaryImageOfPage\":{\"@id\":\"https:\/\/beuhparadis.com\/product\/doja-exclusive-karmas-headstash\/#primaryimage\"},\"image\":{\"@id\":\"https:\/\/beuhparadis.com\/product\/doja-exclusive-karmas-headstash\/#primaryimage\"},\"thumbnailUrl\":\"https:\/\/beuhparadis.com\/wp-content\/uploads\/2024\/12\/Doja-Exclusive-Karmas-Headstash-3.jpg\",\"datePublished\":\"2024-12-10T23:50:24+00:00\",\"dateModified\":\"2025-01-28T10:02:58+00:00\",\"description\":\"Acheter Doja Karmas Headstash, une vari\u00e9t\u00e9 de cannabis exclusif aux ar\u00f4mes riches et aux effets puissants. Achetez avec livraison discr\u00e8te et rapide.\",\"breadcrumb\":{\"@id\":\"https:\/\/beuhparadis.com\/product\/doja-exclusive-karmas-headstash\/#breadcrumb\"},\"inLanguage\":\"it-IT\",\"potentialAction\":[{\"@type\":\"ReadAction\",\"target\":[\"https:\/\/beuhparadis.com\/product\/doja-exclusive-karmas-headstash\/\"]}]},{\"@type\":\"ImageObject\",\"inLanguage\":\"it-IT\",\"@id\":\"https:\/\/beuhparadis.com\/product\/doja-exclusive-karmas-headstash\/#primaryimage\",\"url\":\"https:\/\/beuhparadis.com\/wp-content\/uploads\/2024\/12\/Doja-Exclusive-Karmas-Headstash-3.jpg\",\"contentUrl\":\"https:\/\/beuhparadis.com\/wp-content\/uploads\/2024\/12\/Doja-Exclusive-Karmas-Headstash-3.jpg\",\"width\":1284,\"height\":1571},{\"@type\":\"BreadcrumbList\",\"@id\":\"https:\/\/beuhparadis.com\/product\/doja-exclusive-karmas-headstash\/#breadcrumb\",\"itemListElement\":[{\"@type\":\"ListItem\",\"position\":1,\"name\":\"Home\",\"item\":\"https:\/\/beuhparadis.com\/\"},{\"@type\":\"ListItem\",\"position\":2,\"name\":\"Shop\",\"item\":\"https:\/\/beuhparadis.com\/shop\/\"},{\"@type\":\"ListItem\",\"position\":3,\"name\":\"Doja Exclusive | Karmas Headstash\"}]},{\"@type\":\"WebSite\",\"@id\":\"https:\/\/beuhparadis.com\/#website\",\"url\":\"https:\/\/beuhparadis.com\/\",\"name\":\"Beuh Paradis\",\"description\":\"\",\"potentialAction\":[{\"@type\":\"SearchAction\",\"target\":{\"@type\":\"EntryPoint\",\"urlTemplate\":\"https:\/\/beuhparadis.com\/?s={search_term_string}\"},\"query-input\":{\"@type\":\"PropertyValueSpecification\",\"valueRequired\":true,\"valueName\":\"search_term_string\"}}],\"inLanguage\":\"it-IT\"}]}<\/script>\n<!-- \/ Yoast SEO Premium plugin. -->","yoast_head_json":{"title":"Acquista Doja Karmas Headstash | Variet\u00e0 esclusiva di cannabis","description":"Acquistate Doja Karmas Headstash, un'esclusiva variet\u00e0 di cannabis con ricchi aromi e potenti effetti. Acquistate con consegna rapida e discreta.","robots":{"index":"index","follow":"follow","max-snippet":"max-snippet:-1","max-image-preview":"max-image-preview:large","max-video-preview":"max-video-preview:-1"},"canonical":"https:\/\/beuhparadis.com\/it\/product\/doja-exclusive-karmas-headstash\/","og_locale":"it_IT","og_type":"article","og_title":"Doja Exclusive | Karmas Headstash","og_description":"Acheter Doja Karmas Headstash, une vari\u00e9t\u00e9 de cannabis exclusif aux ar\u00f4mes riches et aux effets puissants. Achetez avec livraison discr\u00e8te et rapide.","og_url":"https:\/\/beuhparadis.com\/it\/product\/doja-exclusive-karmas-headstash\/","og_site_name":"Beuh Paradis","article_modified_time":"2025-01-28T10:02:58+00:00","og_image":[{"width":1284,"height":1571,"url":"https:\/\/beuhparadis.com\/wp-content\/uploads\/2024\/12\/Doja-Exclusive-Karmas-Headstash-3.jpg","type":"image\/jpeg"}],"twitter_card":"summary_large_image","twitter_misc":{"Tempo di lettura stimato":"3 minutes"},"schema":{"@context":"https:\/\/schema.org","@graph":[{"@type":"WebPage","@id":"https:\/\/beuhparadis.com\/product\/doja-exclusive-karmas-headstash\/","url":"https:\/\/beuhparadis.com\/product\/doja-exclusive-karmas-headstash\/","name":"Acquista Doja Karmas Headstash | Variet\u00e0 esclusiva di cannabis","isPartOf":{"@id":"https:\/\/beuhparadis.com\/#website"},"primaryImageOfPage":{"@id":"https:\/\/beuhparadis.com\/product\/doja-exclusive-karmas-headstash\/#primaryimage"},"image":{"@id":"https:\/\/beuhparadis.com\/product\/doja-exclusive-karmas-headstash\/#primaryimage"},"thumbnailUrl":"https:\/\/beuhparadis.com\/wp-content\/uploads\/2024\/12\/Doja-Exclusive-Karmas-Headstash-3.jpg","datePublished":"2024-12-10T23:50:24+00:00","dateModified":"2025-01-28T10:02:58+00:00","description":"Acquistate Doja Karmas Headstash, un'esclusiva variet\u00e0 di cannabis con ricchi aromi e potenti effetti. Acquistate con consegna rapida e discreta.","breadcrumb":{"@id":"https:\/\/beuhparadis.com\/product\/doja-exclusive-karmas-headstash\/#breadcrumb"},"inLanguage":"it-IT","potentialAction":[{"@type":"ReadAction","target":["https:\/\/beuhparadis.com\/product\/doja-exclusive-karmas-headstash\/"]}]},{"@type":"ImageObject","inLanguage":"it-IT","@id":"https:\/\/beuhparadis.com\/product\/doja-exclusive-karmas-headstash\/#primaryimage","url":"https:\/\/beuhparadis.com\/wp-content\/uploads\/2024\/12\/Doja-Exclusive-Karmas-Headstash-3.jpg","contentUrl":"https:\/\/beuhparadis.com\/wp-content\/uploads\/2024\/12\/Doja-Exclusive-Karmas-Headstash-3.jpg","width":1284,"height":1571},{"@type":"BreadcrumbList","@id":"https:\/\/beuhparadis.com\/product\/doja-exclusive-karmas-headstash\/#breadcrumb","itemListElement":[{"@type":"ListItem","position":1,"name":"Home","item":"https:\/\/beuhparadis.com\/"},{"@type":"ListItem","position":2,"name":"Shop","item":"https:\/\/beuhparadis.com\/shop\/"},{"@type":"ListItem","position":3,"name":"Doja Exclusive | Karmas Headstash"}]},{"@type":"WebSite","@id":"https:\/\/beuhparadis.com\/#website","url":"https:\/\/beuhparadis.com\/","name":"Beuh Paradis","description":"","potentialAction":[{"@type":"SearchAction","target":{"@type":"EntryPoint","urlTemplate":"https:\/\/beuhparadis.com\/?s={search_term_string}"},"query-input":{"@type":"PropertyValueSpecification","valueRequired":true,"valueName":"search_term_string"}}],"inLanguage":"it-IT"}]}},"_links":{"self":[{"href":"https:\/\/beuhparadis.com\/it\/wp-json\/wp\/v2\/product\/2032","targetHints":{"allow":["GET"]}}],"collection":[{"href":"https:\/\/beuhparadis.com\/it\/wp-json\/wp\/v2\/product"}],"about":[{"href":"https:\/\/beuhparadis.com\/it\/wp-json\/wp\/v2\/types\/product"}],"replies":[{"embeddable":true,"href":"https:\/\/beuhparadis.com\/it\/wp-json\/wp\/v2\/comments?post=2032"}],"wp:featuredmedia":[{"embeddable":true,"href":"https:\/\/beuhparadis.com\/it\/wp-json\/wp\/v2\/media\/2053"}],"wp:attachment":[{"href":"https:\/\/beuhparadis.com\/it\/wp-json\/wp\/v2\/media?parent=2032"}],"wp:term":[{"taxonomy":"product_brand","embeddable":true,"href":"https:\/\/beuhparadis.com\/it\/wp-json\/wp\/v2\/product_brand?post=2032"},{"taxonomy":"product_cat","embeddable":true,"href":"https:\/\/beuhparadis.com\/it\/wp-json\/wp\/v2\/product_cat?post=2032"},{"taxonomy":"product_tag","embeddable":true,"href":"https:\/\/beuhparadis.com\/it\/wp-json\/wp\/v2\/product_tag?post=2032"}],"curies":[{"name":"wp","href":"https:\/\/api.w.org\/{rel}","templated":true}]}}