{"id":2027,"date":"2024-12-10T23:50:01","date_gmt":"2024-12-10T23:50:01","guid":{"rendered":"https:\/\/beuhparadis.com\/?post_type=product&#038;p=2027"},"modified":"2025-01-28T10:10:56","modified_gmt":"2025-01-28T10:10:56","slug":"doja-rs11","status":"publish","type":"product","link":"https:\/\/beuhparadis.com\/it\/product\/doja-rs11\/","title":{"rendered":"Doja Rs11"},"content":{"rendered":"<h1 class=\"wp-block-heading\">Acquista Doja RS11: un'esperienza unica e di alta qualit\u00e0<\/h1>\n<p>Doja RS11 \u00e8 un'esclusiva variet\u00e0 di cannabis rinomata per il suo impressionante patrimonio genetico e la sua duratura popolarit\u00e0. Frutto della collaborazione tra Doja Pak, Wizard Trees e Deep East, RS11 vanta effetti dinamici, un aroma complesso e un sapore ricco. Questa <strong>doja esclusiva RS11<\/strong> continua ad affascinare gli amanti della cannabis anche dopo il suo lancio iniziale.<\/p>\n<h2 class=\"wp-block-heading\">Informazioni su La Souche<\/h2>\n<ul class=\"wp-block-list\">\n<li><strong>Genetica<\/strong> La Doja exclusive RS11, o RS11 Doja Pak, \u00e8 il risultato di un preciso incrocio tra Black Sherbert, OZ Kush e Pink Guava, che offre un profilo genetico notevole e che la rende la prima Doja prodotta al mondo. <strong>ceppo RS11<\/strong> un vero e proprio blockbuster.<\/li>\n<li><strong>Produzione<\/strong> Doja RS11: coltivata con cura per garantire una qualit\u00e0 superiore, Doja RS11 massimizza la concentrazione di THC preservando gli aromi delicati, grazie all'esperienza di Doja Pak, Wizard Trees e Deep East.<\/li>\n<li><strong>Tipo<\/strong> Ibrida, a predominanza Indica, la variet\u00e0 RS11 Doja offre un profondo rilassamento con una spinta di euforia mentale.<\/li>\n<\/ul>\n<h2 class=\"wp-block-heading\">THC e CBD<\/h2>\n<ul class=\"wp-block-list\">\n<li><strong>THC<\/strong> Tasso elevato, circa 24-29%, per effetti Doja pack RS11 intensi e duraturi.<\/li>\n<li><strong>CBD<\/strong> Molto bassa, inferiore all'1%, accentua l'esperienza psicoattiva offrendo al contempo i benefici terapeutici mirati dell'RS11 Doja.<\/li>\n<\/ul>\n<h2 class=\"wp-block-heading\">Dove posso acquistare Doja RS11 online?<\/h2>\n<p><a href=\"https:\/\/beuhparadis.com\/it\/product\/bentley-hash\/\">Beuhparadis.com<\/a> \u00e8 la vostra destinazione preferita per l'acquisto online di Doja exclusive RS11, garantendo una qualit\u00e0 eccezionale, una consegna discreta e un servizio clienti impeccabile per questo Doja exclusive RS11.<\/p>\n<h2 class=\"wp-block-heading\">Effetti, aroma e sapore<\/h2>\n<h3 class=\"wp-block-heading\">Effetto<\/h3>\n<ul class=\"wp-block-list\">\n<li>Doja Pack RS11 offre un intenso relax corporeo, perfetto per rilassarsi a fine giornata. Questa variet\u00e0 Doja RS11 stimola la mente, favorendo un umore gioioso e una maggiore creativit\u00e0.<\/li>\n<li>La variet\u00e0 RS11 Doja migliora l'umore e fornisce una sensazione di benessere generale.<\/li>\n<\/ul>\n<h3 class=\"wp-block-heading\">Aroma<\/h3>\n<ul class=\"wp-block-list\">\n<li>Doja Exclusive RS11 ha una fragranza ricca e complessa, con note di caff\u00e8 e cioccolato, che evocano la miscela dolce e cremosa del tiramis\u00f9.<\/li>\n<\/ul>\n<h3 class=\"wp-block-heading\">Il gusto<\/h3>\n<ul class=\"wp-block-list\">\n<li>Il sapore di RS11 Doja Pak \u00e8 gourmet e autentico e combina la dolcezza della crema al mascarpone con le note di caff\u00e8 e cacao, per una squisita esperienza di gusto. <strong>Doja RS11<\/strong>.<\/li>\n<\/ul>\n<h2 class=\"wp-block-heading\">Effetti medici<\/h2>\n<h3 class=\"wp-block-heading\">Effetti medici<\/h3>\n<ul class=\"wp-block-list\">\n<li>RS11 Doja Pack offre un efficace sollievo da stress e ansia, oltre a propriet\u00e0 analgesiche per la gestione del dolore.<\/li>\n<\/ul>\n<h3 class=\"wp-block-heading\">Pu\u00f2 alleviare<\/h3>\n<ul class=\"wp-block-list\">\n<li><strong>RS11 Doja<\/strong> \u00e8 ideale per combattere l'insonnia, il dolore cronico e i disturbi dell'umore, migliorando lo stato d'animo generale.<\/li>\n<\/ul>\n<h2 class=\"wp-block-heading\">Perch\u00e9 acquistare Doja RS11 su Acheterducannabis?<\/h2>\n<p>Scegliendo Acheterducannabis per il vostro acquisto di Doja RS11, optate per una garanzia di qualit\u00e0 e di soddisfazione. Ci impegniamo a fornire un'esperienza di acquisto eccezionale per questa <strong>doja esclusiva RS11<\/strong>.<\/p>\n<h2 class=\"wp-block-heading\">Legislazione governativa per la vendita di cannabis in Europa<\/h2>\n<p>La vendita di cannabis in Europa \u00e8 strettamente regolamentata. Acheterducannabis rispetta tutte le normative vigenti, offrendo un servizio di acquisto online totalmente legale e sicuro per la vostra Doja RS11.<\/p>\n<hr class=\"wp-block-separator has-alpha-channel-opacity\" \/>\n<p><strong>Acquista la cannabis<\/strong> vi invita ad esplorare il mondo unico di <a href=\"https:\/\/hightimes.com\/product-review\/review-doja-paks-rs-11\/\" data-type=\"link\" data-id=\"https:\/\/hightimes.com\/product-review\/review-doja-paks-rs-11\/\">Doja RS11<\/a>RS11 Doja Pak garantisce una qualit\u00e0 superiore, un'esperienza di consumo gratificante e la conformit\u00e0 alle direttive legali europee.<\/p>","protected":false},"excerpt":{"rendered":"<p><strong>Effetti medici di Doja Rs11<\/strong><\/p>\n<ul class=\"wp-block-list\">\n<li>Doja Pack RS11 offre un intenso relax corporeo, perfetto per rilassarsi a fine giornata. Questa variet\u00e0 Doja RS11 stimola la mente, favorendo un umore gioioso e una maggiore creativit\u00e0.<\/li>\n<li>La variet\u00e0 RS11 Doja migliora l'umore e fornisce una sensazione di benessere generale.<\/li>\n<\/ul>","protected":false},"featured_media":2052,"comment_status":"closed","ping_status":"closed","template":"","meta":{"site-sidebar-layout":"default","site-content-layout":"","ast-site-content-layout":"default","site-content-style":"default","site-sidebar-style":"default","ast-global-header-display":"","ast-banner-title-visibility":"","ast-main-header-display":"","ast-hfb-above-header-display":"","ast-hfb-below-header-display":"","ast-hfb-mobile-header-display":"","site-post-title":"","ast-breadcrumbs-content":"","ast-featured-img":"","footer-sml-layout":"","theme-transparent-header-meta":"default","adv-header-id-meta":"","stick-header-meta":"","header-above-stick-meta":"","header-main-stick-meta":"","header-below-stick-meta":"","astra-migrate-meta-layouts":"set","ast-page-background-enabled":"default","ast-page-background-meta":{"desktop":{"background-color":"","background-image":"","background-repeat":"repeat","background-position":"center center","background-size":"auto","background-attachment":"scroll","background-type":"","background-media":"","overlay-type":"","overlay-color":"","overlay-opacity":"","overlay-gradient":""},"tablet":{"background-color":"","background-image":"","background-repeat":"repeat","background-position":"center center","background-size":"auto","background-attachment":"scroll","background-type":"","background-media":"","overlay-type":"","overlay-color":"","overlay-opacity":"","overlay-gradient":""},"mobile":{"background-color":"","background-image":"","background-repeat":"repeat","background-position":"center center","background-size":"auto","background-attachment":"scroll","background-type":"","background-media":"","overlay-type":"","overlay-color":"","overlay-opacity":"","overlay-gradient":""}},"ast-content-background-meta":{"desktop":{"background-color":"var(--ast-global-color-5)","background-image":"","background-repeat":"repeat","background-position":"center center","background-size":"auto","background-attachment":"scroll","background-type":"","background-media":"","overlay-type":"","overlay-color":"","overlay-opacity":"","overlay-gradient":""},"tablet":{"background-color":"var(--ast-global-color-5)","background-image":"","background-repeat":"repeat","background-position":"center center","background-size":"auto","background-attachment":"scroll","background-type":"","background-media":"","overlay-type":"","overlay-color":"","overlay-opacity":"","overlay-gradient":""},"mobile":{"background-color":"var(--ast-global-color-5)","background-image":"","background-repeat":"repeat","background-position":"center center","background-size":"auto","background-attachment":"scroll","background-type":"","background-media":"","overlay-type":"","overlay-color":"","overlay-opacity":"","overlay-gradient":""}},"_joinchat":[]},"product_brand":[],"product_cat":[41,47],"product_tag":[],"class_list":{"0":"post-2027","1":"product","2":"type-product","3":"status-publish","4":"has-post-thumbnail","6":"product_cat-cali-weed","7":"product_cat-doja-weed-doja-exclusive","8":"desktop-align-left","9":"tablet-align-left","10":"mobile-align-left","12":"first","13":"instock","14":"shipping-taxable","15":"purchasable","16":"product-type-variable"},"yoast_head":"<!-- This site is optimized with the Yoast SEO Premium plugin v24.1 (Yoast SEO v26.8) - https:\/\/yoast.com\/product\/yoast-seo-premium-wordpress\/ -->\n<title>Acheter Doja RS11 en Ligne | Vari\u00e9t\u00e9 de Cannabis Premium<\/title>\n<meta name=\"description\" content=\"Acheter Doja RS11, une vari\u00e9t\u00e9 de cannabis premium aux ar\u00f4mes fruit\u00e9s et aux effets \u00e9quilibr\u00e9s. Achetez en ligne avec livraison discr\u00e8te et rapide.\" \/>\n<meta name=\"robots\" content=\"index, follow, max-snippet:-1, max-image-preview:large, max-video-preview:-1\" \/>\n<link rel=\"canonical\" href=\"https:\/\/beuhparadis.com\/it\/product\/doja-rs11\/\" \/>\n<meta property=\"og:locale\" content=\"it_IT\" \/>\n<meta property=\"og:type\" content=\"article\" \/>\n<meta property=\"og:title\" content=\"Doja Rs11\" \/>\n<meta property=\"og:description\" content=\"Acheter Doja RS11, une vari\u00e9t\u00e9 de cannabis premium aux ar\u00f4mes fruit\u00e9s et aux effets \u00e9quilibr\u00e9s. Achetez en ligne avec livraison discr\u00e8te et rapide.\" \/>\n<meta property=\"og:url\" content=\"https:\/\/beuhparadis.com\/it\/product\/doja-rs11\/\" \/>\n<meta property=\"og:site_name\" content=\"Beuh Paradis\" \/>\n<meta property=\"article:modified_time\" content=\"2025-01-28T10:10:56+00:00\" \/>\n<meta property=\"og:image\" content=\"https:\/\/beuhparadis.com\/wp-content\/uploads\/2024\/12\/Doja-Rs11-3.jpg\" \/>\n\t<meta property=\"og:image:width\" content=\"1242\" \/>\n\t<meta property=\"og:image:height\" content=\"1295\" \/>\n\t<meta property=\"og:image:type\" content=\"image\/jpeg\" \/>\n<meta name=\"twitter:card\" content=\"summary_large_image\" \/>\n<meta name=\"twitter:label1\" content=\"Tempo di lettura stimato\" \/>\n\t<meta name=\"twitter:data1\" content=\"3 minutes\" \/>\n<script type=\"application\/ld+json\" class=\"yoast-schema-graph\">{\"@context\":\"https:\/\/schema.org\",\"@graph\":[{\"@type\":\"WebPage\",\"@id\":\"https:\/\/beuhparadis.com\/product\/doja-rs11\/\",\"url\":\"https:\/\/beuhparadis.com\/product\/doja-rs11\/\",\"name\":\"Acheter Doja RS11 en Ligne | Vari\u00e9t\u00e9 de Cannabis Premium\",\"isPartOf\":{\"@id\":\"https:\/\/beuhparadis.com\/#website\"},\"primaryImageOfPage\":{\"@id\":\"https:\/\/beuhparadis.com\/product\/doja-rs11\/#primaryimage\"},\"image\":{\"@id\":\"https:\/\/beuhparadis.com\/product\/doja-rs11\/#primaryimage\"},\"thumbnailUrl\":\"https:\/\/beuhparadis.com\/wp-content\/uploads\/2024\/12\/Doja-Rs11-3.jpg\",\"datePublished\":\"2024-12-10T23:50:01+00:00\",\"dateModified\":\"2025-01-28T10:10:56+00:00\",\"description\":\"Acheter Doja RS11, une vari\u00e9t\u00e9 de cannabis premium aux ar\u00f4mes fruit\u00e9s et aux effets \u00e9quilibr\u00e9s. Achetez en ligne avec livraison discr\u00e8te et rapide.\",\"breadcrumb\":{\"@id\":\"https:\/\/beuhparadis.com\/product\/doja-rs11\/#breadcrumb\"},\"inLanguage\":\"it-IT\",\"potentialAction\":[{\"@type\":\"ReadAction\",\"target\":[\"https:\/\/beuhparadis.com\/product\/doja-rs11\/\"]}]},{\"@type\":\"ImageObject\",\"inLanguage\":\"it-IT\",\"@id\":\"https:\/\/beuhparadis.com\/product\/doja-rs11\/#primaryimage\",\"url\":\"https:\/\/beuhparadis.com\/wp-content\/uploads\/2024\/12\/Doja-Rs11-3.jpg\",\"contentUrl\":\"https:\/\/beuhparadis.com\/wp-content\/uploads\/2024\/12\/Doja-Rs11-3.jpg\",\"width\":1242,\"height\":1295},{\"@type\":\"BreadcrumbList\",\"@id\":\"https:\/\/beuhparadis.com\/product\/doja-rs11\/#breadcrumb\",\"itemListElement\":[{\"@type\":\"ListItem\",\"position\":1,\"name\":\"Home\",\"item\":\"https:\/\/beuhparadis.com\/\"},{\"@type\":\"ListItem\",\"position\":2,\"name\":\"Shop\",\"item\":\"https:\/\/beuhparadis.com\/shop\/\"},{\"@type\":\"ListItem\",\"position\":3,\"name\":\"Doja Rs11\"}]},{\"@type\":\"WebSite\",\"@id\":\"https:\/\/beuhparadis.com\/#website\",\"url\":\"https:\/\/beuhparadis.com\/\",\"name\":\"Beuh Paradis\",\"description\":\"\",\"potentialAction\":[{\"@type\":\"SearchAction\",\"target\":{\"@type\":\"EntryPoint\",\"urlTemplate\":\"https:\/\/beuhparadis.com\/?s={search_term_string}\"},\"query-input\":{\"@type\":\"PropertyValueSpecification\",\"valueRequired\":true,\"valueName\":\"search_term_string\"}}],\"inLanguage\":\"it-IT\"}]}<\/script>\n<!-- \/ Yoast SEO Premium plugin. -->","yoast_head_json":{"title":"Acquista Doja RS11 Online | Variet\u00e0 di Cannabis Premium","description":"Acquista Doja RS11, una variet\u00e0 di cannabis di prima qualit\u00e0 con aromi fruttati ed effetti equilibrati. Acquistate online con consegna rapida e discreta.","robots":{"index":"index","follow":"follow","max-snippet":"max-snippet:-1","max-image-preview":"max-image-preview:large","max-video-preview":"max-video-preview:-1"},"canonical":"https:\/\/beuhparadis.com\/it\/product\/doja-rs11\/","og_locale":"it_IT","og_type":"article","og_title":"Doja Rs11","og_description":"Acheter Doja RS11, une vari\u00e9t\u00e9 de cannabis premium aux ar\u00f4mes fruit\u00e9s et aux effets \u00e9quilibr\u00e9s. Achetez en ligne avec livraison discr\u00e8te et rapide.","og_url":"https:\/\/beuhparadis.com\/it\/product\/doja-rs11\/","og_site_name":"Beuh Paradis","article_modified_time":"2025-01-28T10:10:56+00:00","og_image":[{"width":1242,"height":1295,"url":"https:\/\/beuhparadis.com\/wp-content\/uploads\/2024\/12\/Doja-Rs11-3.jpg","type":"image\/jpeg"}],"twitter_card":"summary_large_image","twitter_misc":{"Tempo di lettura stimato":"3 minutes"},"schema":{"@context":"https:\/\/schema.org","@graph":[{"@type":"WebPage","@id":"https:\/\/beuhparadis.com\/product\/doja-rs11\/","url":"https:\/\/beuhparadis.com\/product\/doja-rs11\/","name":"Acquista Doja RS11 Online | Variet\u00e0 di Cannabis Premium","isPartOf":{"@id":"https:\/\/beuhparadis.com\/#website"},"primaryImageOfPage":{"@id":"https:\/\/beuhparadis.com\/product\/doja-rs11\/#primaryimage"},"image":{"@id":"https:\/\/beuhparadis.com\/product\/doja-rs11\/#primaryimage"},"thumbnailUrl":"https:\/\/beuhparadis.com\/wp-content\/uploads\/2024\/12\/Doja-Rs11-3.jpg","datePublished":"2024-12-10T23:50:01+00:00","dateModified":"2025-01-28T10:10:56+00:00","description":"Acquista Doja RS11, una variet\u00e0 di cannabis di prima qualit\u00e0 con aromi fruttati ed effetti equilibrati. Acquistate online con consegna rapida e discreta.","breadcrumb":{"@id":"https:\/\/beuhparadis.com\/product\/doja-rs11\/#breadcrumb"},"inLanguage":"it-IT","potentialAction":[{"@type":"ReadAction","target":["https:\/\/beuhparadis.com\/product\/doja-rs11\/"]}]},{"@type":"ImageObject","inLanguage":"it-IT","@id":"https:\/\/beuhparadis.com\/product\/doja-rs11\/#primaryimage","url":"https:\/\/beuhparadis.com\/wp-content\/uploads\/2024\/12\/Doja-Rs11-3.jpg","contentUrl":"https:\/\/beuhparadis.com\/wp-content\/uploads\/2024\/12\/Doja-Rs11-3.jpg","width":1242,"height":1295},{"@type":"BreadcrumbList","@id":"https:\/\/beuhparadis.com\/product\/doja-rs11\/#breadcrumb","itemListElement":[{"@type":"ListItem","position":1,"name":"Home","item":"https:\/\/beuhparadis.com\/"},{"@type":"ListItem","position":2,"name":"Shop","item":"https:\/\/beuhparadis.com\/shop\/"},{"@type":"ListItem","position":3,"name":"Doja Rs11"}]},{"@type":"WebSite","@id":"https:\/\/beuhparadis.com\/#website","url":"https:\/\/beuhparadis.com\/","name":"Beuh Paradis","description":"","potentialAction":[{"@type":"SearchAction","target":{"@type":"EntryPoint","urlTemplate":"https:\/\/beuhparadis.com\/?s={search_term_string}"},"query-input":{"@type":"PropertyValueSpecification","valueRequired":true,"valueName":"search_term_string"}}],"inLanguage":"it-IT"}]}},"_links":{"self":[{"href":"https:\/\/beuhparadis.com\/it\/wp-json\/wp\/v2\/product\/2027","targetHints":{"allow":["GET"]}}],"collection":[{"href":"https:\/\/beuhparadis.com\/it\/wp-json\/wp\/v2\/product"}],"about":[{"href":"https:\/\/beuhparadis.com\/it\/wp-json\/wp\/v2\/types\/product"}],"replies":[{"embeddable":true,"href":"https:\/\/beuhparadis.com\/it\/wp-json\/wp\/v2\/comments?post=2027"}],"wp:featuredmedia":[{"embeddable":true,"href":"https:\/\/beuhparadis.com\/it\/wp-json\/wp\/v2\/media\/2052"}],"wp:attachment":[{"href":"https:\/\/beuhparadis.com\/it\/wp-json\/wp\/v2\/media?parent=2027"}],"wp:term":[{"taxonomy":"product_brand","embeddable":true,"href":"https:\/\/beuhparadis.com\/it\/wp-json\/wp\/v2\/product_brand?post=2027"},{"taxonomy":"product_cat","embeddable":true,"href":"https:\/\/beuhparadis.com\/it\/wp-json\/wp\/v2\/product_cat?post=2027"},{"taxonomy":"product_tag","embeddable":true,"href":"https:\/\/beuhparadis.com\/it\/wp-json\/wp\/v2\/product_tag?post=2027"}],"curies":[{"name":"wp","href":"https:\/\/api.w.org\/{rel}","templated":true}]}}