{"id":1971,"date":"2024-12-10T23:49:15","date_gmt":"2024-12-10T23:49:15","guid":{"rendered":"https:\/\/beuhparadis.com\/?post_type=product&#038;p=1971"},"modified":"2025-01-28T10:16:42","modified_gmt":"2025-01-28T10:16:42","slug":"italian-cherryz-backpackboyz","status":"publish","type":"product","link":"https:\/\/beuhparadis.com\/it\/product\/italian-cherryz-backpackboyz\/","title":{"rendered":"Ciliegia italiana backpackboyz"},"content":{"rendered":"<h1 class=\"wp-block-heading\">Acquistare lo zaino Cherryz Backpackboyz italiano: eleganza e gusto<\/h1>\n<p>Acquista Italian Cherryz Backpackboyz \u00e8 una variet\u00e0 di cannabis che si distingue per la sua eleganza e il suo sapore eccezionale. Questa variet\u00e0 unica combina la ricchezza della ciliegia italiana con un tocco di raffinatezza, frutto di un processo di selezione e coltivazione meticoloso.<\/p>\n<h2 class=\"wp-block-heading\">Informazioni su La Souche<\/h2>\n<ul class=\"wp-block-list\">\n<li><strong>Genetica<\/strong> Una miscela perfetta di variet\u00e0 selezionate per i loro profili di sapore di ciliegia e per la qualit\u00e0 superiore garantita da metodi di coltivazione avanzati.<\/li>\n<li><strong>Produzione<\/strong> Coltivata in condizioni indoor ottimali, che consentono un controllo preciso dell'ambiente per garantire la purezza e la massima concentrazione di cannabinoidi.<\/li>\n<li><strong>Tipo<\/strong> Ibrida, a predominanza Indica, offre sia un profondo rilassamento che una leggera euforia.<\/li>\n<\/ul>\n<h2 class=\"wp-block-heading\">THC e CBD<\/h2>\n<ul class=\"wp-block-list\">\n<li><strong>THC<\/strong> Alto contenuto, che raggiunge circa 22-26%, per un'esperienza potente e soddisfacente.<\/li>\n<li><strong>CBD<\/strong> Basso, meno dell'1%, concentrando i suoi effetti sulle propriet\u00e0 psicoattive e ricreative.<\/li>\n<\/ul>\n<h2 class=\"wp-block-heading\">Dove posso acquistare online gli zaini Cherryz italiani?<\/h2>\n<p><strong>Acquista la cannabis<\/strong> \u00e8 la vostra fonte di fiducia per le ciliegie italiane. <a href=\"https:\/\/acheterducannabis.fr\/cali-weed\/doja-weed\/\" data-type=\"link\" data-id=\"https:\/\/acheterducannabis.fr\/cali-weed\/doja-weed\/\">Backpackboyz<\/a> online, offrendo una qualit\u00e0 impeccabile e una consegna discreta e sicura.<\/p>\n<h2 class=\"wp-block-heading\">Effetti, aroma e sapore<\/h2>\n<h3 class=\"wp-block-heading\">Effetto<\/h3>\n<ul class=\"wp-block-list\">\n<li>Rilassamento completo del corpo con una dolce euforia, perfetta per i momenti di relax a fine giornata.<\/li>\n<li>Stimola la creativit\u00e0 e dona un senso di benessere.<\/li>\n<\/ul>\n<h3 class=\"wp-block-heading\">Aroma<\/h3>\n<ul class=\"wp-block-list\">\n<li>Un bouquet ricco e complesso, che ricorda le ciliegie appena colte con un sottile tocco terroso.<\/li>\n<\/ul>\n<h3 class=\"wp-block-heading\">Il gusto<\/h3>\n<ul class=\"wp-block-list\">\n<li>Gusto delicato e dolce di ciliegia, completato da note terrose e speziate, per un'esperienza di gusto impareggiabile.<\/li>\n<\/ul>\n<h2 class=\"wp-block-heading\">Effetti medici<\/h2>\n<h3 class=\"wp-block-heading\">Effetti medici<\/h3>\n<ul class=\"wp-block-list\">\n<li>Efficace per alleviare lo stress e l'ansia.<\/li>\n<li>Propriet\u00e0 analgesiche, utili per il trattamento del dolore.<\/li>\n<\/ul>\n<h3 class=\"wp-block-heading\">Pu\u00f2 alleviare<\/h3>\n<ul class=\"wp-block-list\">\n<li>Disturbi del sonno, promozione del sonno ristoratore.<\/li>\n<li>Dolore cronico, riduzione del disagio e miglioramento della qualit\u00e0 di vita.<\/li>\n<li>Depressione, migliorando l'umore e fornendo una sensazione di benessere.<\/li>\n<\/ul>\n<h2 class=\"wp-block-heading\">Perch\u00e9 acquistare gli zaini Cherryz italiani da Beuhparadis?<\/h2>\n<p>Scegliendo <a href=\"https:\/\/beuhparadis.com\/it\/product\/doja-rs11\/\"><strong>beuhparadis<\/strong><\/a>Scegliendo Italian Cherryz Backpackboyz, scegliete un servizio di alta qualit\u00e0 che garantisce l'autenticit\u00e0 del vostro Italian Cherryz Backpackboyz. Ci impegniamo a fornire solo prodotti testati e certificati, assicurando la vostra completa soddisfazione.<\/p>\n<h2 class=\"wp-block-heading\">Legislazione governativa per la vendita di cannabis in Europa<\/h2>\n<p>La commercializzazione della cannabis in Europa \u00e8 regolata da leggi severe per garantire la sicurezza dei consumatori. <strong>Acquista la cannabis<\/strong> si attiene scrupolosamente a queste normative, offrendo un servizio di acquisto online totalmente legale e sicuro. Prima di effettuare un ordine, vi consigliamo di verificare le leggi locali relative all'acquisto e al consumo di cannabis nel vostro Paese.<\/p>\n<hr class=\"wp-block-separator has-alpha-channel-opacity\" \/>\n<p><strong>Acquista la cannabis<\/strong> vi invita a scoprire l'esclusivit\u00e0 e la raffinatezza del Cherryz Backpackboyz italiano, promettendovi un'esperienza di acquisto premium dall'ordine alla consegna, nel rispetto delle norme legali europee.<\/p>","protected":false},"excerpt":{"rendered":"<p><strong>Effetti medici<\/strong><\/p>\n<ul class=\"wp-block-list\">\n<li>Efficace per alleviare lo stress e l'ansia.<\/li>\n<li>Propriet\u00e0 analgesiche, utili per il trattamento del dolore.<\/li>\n<\/ul>","protected":false},"featured_media":1985,"comment_status":"closed","ping_status":"closed","template":"","meta":{"site-sidebar-layout":"default","site-content-layout":"","ast-site-content-layout":"default","site-content-style":"default","site-sidebar-style":"default","ast-global-header-display":"","ast-banner-title-visibility":"","ast-main-header-display":"","ast-hfb-above-header-display":"","ast-hfb-below-header-display":"","ast-hfb-mobile-header-display":"","site-post-title":"","ast-breadcrumbs-content":"","ast-featured-img":"","footer-sml-layout":"","theme-transparent-header-meta":"default","adv-header-id-meta":"","stick-header-meta":"","header-above-stick-meta":"","header-main-stick-meta":"","header-below-stick-meta":"","astra-migrate-meta-layouts":"set","ast-page-background-enabled":"default","ast-page-background-meta":{"desktop":{"background-color":"","background-image":"","background-repeat":"repeat","background-position":"center center","background-size":"auto","background-attachment":"scroll","background-type":"","background-media":"","overlay-type":"","overlay-color":"","overlay-opacity":"","overlay-gradient":""},"tablet":{"background-color":"","background-image":"","background-repeat":"repeat","background-position":"center center","background-size":"auto","background-attachment":"scroll","background-type":"","background-media":"","overlay-type":"","overlay-color":"","overlay-opacity":"","overlay-gradient":""},"mobile":{"background-color":"","background-image":"","background-repeat":"repeat","background-position":"center center","background-size":"auto","background-attachment":"scroll","background-type":"","background-media":"","overlay-type":"","overlay-color":"","overlay-opacity":"","overlay-gradient":""}},"ast-content-background-meta":{"desktop":{"background-color":"var(--ast-global-color-5)","background-image":"","background-repeat":"repeat","background-position":"center center","background-size":"auto","background-attachment":"scroll","background-type":"","background-media":"","overlay-type":"","overlay-color":"","overlay-opacity":"","overlay-gradient":""},"tablet":{"background-color":"var(--ast-global-color-5)","background-image":"","background-repeat":"repeat","background-position":"center center","background-size":"auto","background-attachment":"scroll","background-type":"","background-media":"","overlay-type":"","overlay-color":"","overlay-opacity":"","overlay-gradient":""},"mobile":{"background-color":"var(--ast-global-color-5)","background-image":"","background-repeat":"repeat","background-position":"center center","background-size":"auto","background-attachment":"scroll","background-type":"","background-media":"","overlay-type":"","overlay-color":"","overlay-opacity":"","overlay-gradient":""}},"_joinchat":[]},"product_brand":[],"product_cat":[41],"product_tag":[],"class_list":{"0":"post-1971","1":"product","2":"type-product","3":"status-publish","4":"has-post-thumbnail","6":"product_cat-cali-weed","7":"desktop-align-left","8":"tablet-align-left","9":"mobile-align-left","11":"first","12":"instock","13":"shipping-taxable","14":"purchasable","15":"product-type-variable"},"yoast_head":"<!-- This site is optimized with the Yoast SEO Premium plugin v24.1 (Yoast SEO v26.8) - https:\/\/yoast.com\/product\/yoast-seo-premium-wordpress\/ -->\n<title>Acheter Italian Cherryz Backpackboyz| Vari\u00e9t\u00e9 Exclusif<\/title>\n<meta name=\"description\" content=\"Acheter Italian Cherryz de Backpackboyz, une vari\u00e9t\u00e9 de cannabis exclusif aux ar\u00f4mes fruit\u00e9s et aux effets puissants. Avec livraison discr\u00e8te et rapide\" \/>\n<meta name=\"robots\" content=\"index, follow, max-snippet:-1, max-image-preview:large, max-video-preview:-1\" \/>\n<link rel=\"canonical\" href=\"https:\/\/beuhparadis.com\/it\/product\/italian-cherryz-backpackboyz\/\" \/>\n<meta property=\"og:locale\" content=\"it_IT\" \/>\n<meta property=\"og:type\" content=\"article\" \/>\n<meta property=\"og:title\" content=\"Italian cherryz backpackboyz\" \/>\n<meta property=\"og:description\" content=\"Acheter Italian Cherryz de Backpackboyz, une vari\u00e9t\u00e9 de cannabis exclusif aux ar\u00f4mes fruit\u00e9s et aux effets puissants. Avec livraison discr\u00e8te et rapide\" \/>\n<meta property=\"og:url\" content=\"https:\/\/beuhparadis.com\/it\/product\/italian-cherryz-backpackboyz\/\" \/>\n<meta property=\"og:site_name\" content=\"Beuh Paradis\" \/>\n<meta property=\"article:modified_time\" content=\"2025-01-28T10:16:42+00:00\" \/>\n<meta property=\"og:image\" content=\"https:\/\/beuhparadis.com\/wp-content\/uploads\/2024\/12\/Italian-cherryz-backpackboyz-3.jpeg\" \/>\n\t<meta property=\"og:image:width\" content=\"828\" \/>\n\t<meta property=\"og:image:height\" content=\"814\" \/>\n\t<meta property=\"og:image:type\" content=\"image\/jpeg\" \/>\n<meta name=\"twitter:card\" content=\"summary_large_image\" \/>\n<meta name=\"twitter:label1\" content=\"Tempo di lettura stimato\" \/>\n\t<meta name=\"twitter:data1\" content=\"3 minutes\" \/>\n<script type=\"application\/ld+json\" class=\"yoast-schema-graph\">{\"@context\":\"https:\/\/schema.org\",\"@graph\":[{\"@type\":\"WebPage\",\"@id\":\"https:\/\/beuhparadis.com\/product\/italian-cherryz-backpackboyz\/\",\"url\":\"https:\/\/beuhparadis.com\/product\/italian-cherryz-backpackboyz\/\",\"name\":\"Acheter Italian Cherryz Backpackboyz| Vari\u00e9t\u00e9 Exclusif\",\"isPartOf\":{\"@id\":\"https:\/\/beuhparadis.com\/#website\"},\"primaryImageOfPage\":{\"@id\":\"https:\/\/beuhparadis.com\/product\/italian-cherryz-backpackboyz\/#primaryimage\"},\"image\":{\"@id\":\"https:\/\/beuhparadis.com\/product\/italian-cherryz-backpackboyz\/#primaryimage\"},\"thumbnailUrl\":\"https:\/\/beuhparadis.com\/wp-content\/uploads\/2024\/12\/Italian-cherryz-backpackboyz-3.jpeg\",\"datePublished\":\"2024-12-10T23:49:15+00:00\",\"dateModified\":\"2025-01-28T10:16:42+00:00\",\"description\":\"Acheter Italian Cherryz de Backpackboyz, une vari\u00e9t\u00e9 de cannabis exclusif aux ar\u00f4mes fruit\u00e9s et aux effets puissants. Avec livraison discr\u00e8te et rapide\",\"breadcrumb\":{\"@id\":\"https:\/\/beuhparadis.com\/product\/italian-cherryz-backpackboyz\/#breadcrumb\"},\"inLanguage\":\"it-IT\",\"potentialAction\":[{\"@type\":\"ReadAction\",\"target\":[\"https:\/\/beuhparadis.com\/product\/italian-cherryz-backpackboyz\/\"]}]},{\"@type\":\"ImageObject\",\"inLanguage\":\"it-IT\",\"@id\":\"https:\/\/beuhparadis.com\/product\/italian-cherryz-backpackboyz\/#primaryimage\",\"url\":\"https:\/\/beuhparadis.com\/wp-content\/uploads\/2024\/12\/Italian-cherryz-backpackboyz-3.jpeg\",\"contentUrl\":\"https:\/\/beuhparadis.com\/wp-content\/uploads\/2024\/12\/Italian-cherryz-backpackboyz-3.jpeg\",\"width\":828,\"height\":814},{\"@type\":\"BreadcrumbList\",\"@id\":\"https:\/\/beuhparadis.com\/product\/italian-cherryz-backpackboyz\/#breadcrumb\",\"itemListElement\":[{\"@type\":\"ListItem\",\"position\":1,\"name\":\"Home\",\"item\":\"https:\/\/beuhparadis.com\/\"},{\"@type\":\"ListItem\",\"position\":2,\"name\":\"Shop\",\"item\":\"https:\/\/beuhparadis.com\/shop\/\"},{\"@type\":\"ListItem\",\"position\":3,\"name\":\"Italian cherryz backpackboyz\"}]},{\"@type\":\"WebSite\",\"@id\":\"https:\/\/beuhparadis.com\/#website\",\"url\":\"https:\/\/beuhparadis.com\/\",\"name\":\"Beuh Paradis\",\"description\":\"\",\"potentialAction\":[{\"@type\":\"SearchAction\",\"target\":{\"@type\":\"EntryPoint\",\"urlTemplate\":\"https:\/\/beuhparadis.com\/?s={search_term_string}\"},\"query-input\":{\"@type\":\"PropertyValueSpecification\",\"valueRequired\":true,\"valueName\":\"search_term_string\"}}],\"inLanguage\":\"it-IT\"}]}<\/script>\n<!-- \/ Yoast SEO Premium plugin. -->","yoast_head_json":{"title":"Acquista Italian Cherryz Backpackboyz| Variet\u00e0 esclusiva","description":"Acquista Italian Cherryz da Backpackboyz, una variet\u00e0 di cannabis esclusiva con aromi fruttati ed effetti potenti. Con consegna veloce e discreta","robots":{"index":"index","follow":"follow","max-snippet":"max-snippet:-1","max-image-preview":"max-image-preview:large","max-video-preview":"max-video-preview:-1"},"canonical":"https:\/\/beuhparadis.com\/it\/product\/italian-cherryz-backpackboyz\/","og_locale":"it_IT","og_type":"article","og_title":"Italian cherryz backpackboyz","og_description":"Acheter Italian Cherryz de Backpackboyz, une vari\u00e9t\u00e9 de cannabis exclusif aux ar\u00f4mes fruit\u00e9s et aux effets puissants. Avec livraison discr\u00e8te et rapide","og_url":"https:\/\/beuhparadis.com\/it\/product\/italian-cherryz-backpackboyz\/","og_site_name":"Beuh Paradis","article_modified_time":"2025-01-28T10:16:42+00:00","og_image":[{"width":828,"height":814,"url":"https:\/\/beuhparadis.com\/wp-content\/uploads\/2024\/12\/Italian-cherryz-backpackboyz-3.jpeg","type":"image\/jpeg"}],"twitter_card":"summary_large_image","twitter_misc":{"Tempo di lettura stimato":"3 minutes"},"schema":{"@context":"https:\/\/schema.org","@graph":[{"@type":"WebPage","@id":"https:\/\/beuhparadis.com\/product\/italian-cherryz-backpackboyz\/","url":"https:\/\/beuhparadis.com\/product\/italian-cherryz-backpackboyz\/","name":"Acquista Italian Cherryz Backpackboyz| Variet\u00e0 esclusiva","isPartOf":{"@id":"https:\/\/beuhparadis.com\/#website"},"primaryImageOfPage":{"@id":"https:\/\/beuhparadis.com\/product\/italian-cherryz-backpackboyz\/#primaryimage"},"image":{"@id":"https:\/\/beuhparadis.com\/product\/italian-cherryz-backpackboyz\/#primaryimage"},"thumbnailUrl":"https:\/\/beuhparadis.com\/wp-content\/uploads\/2024\/12\/Italian-cherryz-backpackboyz-3.jpeg","datePublished":"2024-12-10T23:49:15+00:00","dateModified":"2025-01-28T10:16:42+00:00","description":"Acquista Italian Cherryz da Backpackboyz, una variet\u00e0 di cannabis esclusiva con aromi fruttati ed effetti potenti. Con consegna veloce e discreta","breadcrumb":{"@id":"https:\/\/beuhparadis.com\/product\/italian-cherryz-backpackboyz\/#breadcrumb"},"inLanguage":"it-IT","potentialAction":[{"@type":"ReadAction","target":["https:\/\/beuhparadis.com\/product\/italian-cherryz-backpackboyz\/"]}]},{"@type":"ImageObject","inLanguage":"it-IT","@id":"https:\/\/beuhparadis.com\/product\/italian-cherryz-backpackboyz\/#primaryimage","url":"https:\/\/beuhparadis.com\/wp-content\/uploads\/2024\/12\/Italian-cherryz-backpackboyz-3.jpeg","contentUrl":"https:\/\/beuhparadis.com\/wp-content\/uploads\/2024\/12\/Italian-cherryz-backpackboyz-3.jpeg","width":828,"height":814},{"@type":"BreadcrumbList","@id":"https:\/\/beuhparadis.com\/product\/italian-cherryz-backpackboyz\/#breadcrumb","itemListElement":[{"@type":"ListItem","position":1,"name":"Home","item":"https:\/\/beuhparadis.com\/"},{"@type":"ListItem","position":2,"name":"Shop","item":"https:\/\/beuhparadis.com\/shop\/"},{"@type":"ListItem","position":3,"name":"Italian cherryz backpackboyz"}]},{"@type":"WebSite","@id":"https:\/\/beuhparadis.com\/#website","url":"https:\/\/beuhparadis.com\/","name":"Beuh Paradis","description":"","potentialAction":[{"@type":"SearchAction","target":{"@type":"EntryPoint","urlTemplate":"https:\/\/beuhparadis.com\/?s={search_term_string}"},"query-input":{"@type":"PropertyValueSpecification","valueRequired":true,"valueName":"search_term_string"}}],"inLanguage":"it-IT"}]}},"_links":{"self":[{"href":"https:\/\/beuhparadis.com\/it\/wp-json\/wp\/v2\/product\/1971","targetHints":{"allow":["GET"]}}],"collection":[{"href":"https:\/\/beuhparadis.com\/it\/wp-json\/wp\/v2\/product"}],"about":[{"href":"https:\/\/beuhparadis.com\/it\/wp-json\/wp\/v2\/types\/product"}],"replies":[{"embeddable":true,"href":"https:\/\/beuhparadis.com\/it\/wp-json\/wp\/v2\/comments?post=1971"}],"wp:featuredmedia":[{"embeddable":true,"href":"https:\/\/beuhparadis.com\/it\/wp-json\/wp\/v2\/media\/1985"}],"wp:attachment":[{"href":"https:\/\/beuhparadis.com\/it\/wp-json\/wp\/v2\/media?parent=1971"}],"wp:term":[{"taxonomy":"product_brand","embeddable":true,"href":"https:\/\/beuhparadis.com\/it\/wp-json\/wp\/v2\/product_brand?post=1971"},{"taxonomy":"product_cat","embeddable":true,"href":"https:\/\/beuhparadis.com\/it\/wp-json\/wp\/v2\/product_cat?post=1971"},{"taxonomy":"product_tag","embeddable":true,"href":"https:\/\/beuhparadis.com\/it\/wp-json\/wp\/v2\/product_tag?post=1971"}],"curies":[{"name":"wp","href":"https:\/\/api.w.org\/{rel}","templated":true}]}}