{"id":1754,"date":"2024-12-10T23:45:10","date_gmt":"2024-12-10T23:45:10","guid":{"rendered":"https:\/\/beuhparadis.com\/?post_type=product&#038;p=1754"},"modified":"2025-01-28T10:18:36","modified_gmt":"2025-01-28T10:18:36","slug":"the-ten-co-blue-zushi","status":"publish","type":"product","link":"https:\/\/beuhparadis.com\/it\/product\/the-ten-co-blue-zushi\/","title":{"rendered":"Il Ten.Co | Blue Zushi"},"content":{"rendered":"<h1 class=\"wp-block-heading\">Acquistare Blue Zushi Tenco<\/h1>\n<h4 class=\"wp-block-heading\">Informazioni sulla variet\u00e0 Blue Zushi Tenco<\/h4>\n<p>Acquista Blue Zushi Tenco, una variet\u00e0 di cannabis ibrida a dominanza indica, coltivata con cura da The Ten Co. Questa variet\u00e0 Blue Zushi, risultato di un incrocio tra Zkittlez e Kush Mints #11, \u00e8 rinomata per il suo sapore indimenticabile e per i suoi effetti eccezionali, che le sono valsi numerosi premi in occasione di eventi prestigiosi.<\/p>\n<ul class=\"wp-block-list\">\n<li><strong>Genetica<\/strong>L'erba Blue Zushi \u00e8 un incrocio tra Zkittlez e Kush Mints #11.<\/li>\n<li><strong>La cultura<\/strong>Blue zushi cali \u00e8 prodotto da The Ten Co, che garantisce una qualit\u00e0 superiore e una consistenza eccezionale.<\/li>\n<li><strong>Profilo terpenico<\/strong>Anche se non specificato, il tenco blue zushi \u00e8 noto per i suoi aromi dolci e potenti.<\/li>\n<\/ul>\n<h2 class=\"wp-block-heading\">THC e CBD<\/h2>\n<ul class=\"wp-block-list\">\n<li><strong>THC<\/strong>La variet\u00e0 Blue Zushi ha un alto contenuto di THC per un'esperienza potente.<\/li>\n<li><strong>CBD<\/strong>Basso, accentuando le propriet\u00e0 psicoattive della blue zushi weed.<\/li>\n<\/ul>\n<h2 class=\"wp-block-heading\">Dove posso acquistare online Blue Zushi Tenco?<\/h2>\n<p>Lo zushi blu Tenco \u00e8 disponibile su <a href=\"https:\/\/beuhparadis.com\/it\/product\/bubble-hash\/\" data-type=\"link\" data-id=\"https:\/\/acheterducannabis.fr\/\">beuhparadis.com<\/a>che offre una piattaforma sicura per l'acquisizione di questa rinomata variet\u00e0.<\/p>\n<h2 class=\"wp-block-heading\">Effetti, aroma e sapore del Tenco Blue Zushi<\/h2>\n<h3 class=\"wp-block-heading\">Effetto<\/h3>\n<ul class=\"wp-block-list\">\n<li>Blue zushi cali offre un rilassamento profondo accompagnato da una gioiosa euforia, perfetta per alleviare lo stress.<\/li>\n<\/ul>\n<h3 class=\"wp-block-heading\">Aroma<\/h3>\n<ul class=\"wp-block-list\">\n<li>Blue zushi il dieci \u00e8 dominato da terpeni dolci, con note di arancia e gas.<\/li>\n<\/ul>\n<h3 class=\"wp-block-heading\">Il gusto<\/h3>\n<ul class=\"wp-block-list\">\n<li>Lo zushi blu Tenco si distingue per i suoi sapori simili a caramelle, con un'esperienza di gusto ricca e gourmet.<\/li>\n<\/ul>\n<h2 class=\"wp-block-heading\">Effetti medici del ten co blue zushi<\/h2>\n<ul class=\"wp-block-list\">\n<li><strong>Effetti medici<\/strong>:\n<ul class=\"wp-block-list\">\n<li>Il ten co blue zushi pu\u00f2 aiutare a ridurre l'ansia e lo stress.<\/li>\n<\/ul>\n<\/li>\n<li><strong>Pu\u00f2 alleviare<\/strong>:\n<ul class=\"wp-block-list\">\n<li>La variet\u00e0 Blue Zushi \u00e8 efficace contro il dolore e i disturbi dell'umore, offrendo relax ed euforia.<\/li>\n<\/ul>\n<\/li>\n<\/ul>\n<h2 class=\"wp-block-heading\">Perch\u00e9 acquistare Blue Zushi Tenco su Acheterducannabis?<\/h2>\n<p>Scegliere Acheterducannabis per il blue zushi tenco garantisce una variet\u00e0 di prima qualit\u00e0, rinomata per la sua eccezionale esperienza di consumo.<\/p>\n<h2 class=\"wp-block-heading\">La legislazione governativa per la vendita di Blue Zushi Tenco in Europa<\/h2>\n<p>La vendita di erba blue zushi, compreso il blue zushi tenco, \u00e8 regolamentata in Europa. Acheterducannabis si impegna a rispettare tutte le normative per una vendita legale e responsabile.<\/p>\n<p>La variet\u00e0 Blue Zushi di The Ten Co \u00e8 una celebrazione di sapori unici ed effetti equilibrati, che rendono questa variet\u00e0 un must per gli appassionati di cannabis. Con la sua perfetta combinazione di novit\u00e0 e familiarit\u00e0, blue zushi the ten \u00e8 disponibile in esclusiva su Acheterducannabis e promette un'esperienza memorabile che soddisfa tutti i sensi.<\/p>","protected":false},"excerpt":{"rendered":"<p><strong>Effetti medici<\/strong>:<\/p>\n<p>Il ten co blue zushi pu\u00f2 aiutare a ridurre l'ansia e lo stress.<\/p>","protected":false},"featured_media":1767,"comment_status":"closed","ping_status":"closed","template":"","meta":{"site-sidebar-layout":"default","site-content-layout":"","ast-site-content-layout":"default","site-content-style":"default","site-sidebar-style":"default","ast-global-header-display":"","ast-banner-title-visibility":"","ast-main-header-display":"","ast-hfb-above-header-display":"","ast-hfb-below-header-display":"","ast-hfb-mobile-header-display":"","site-post-title":"","ast-breadcrumbs-content":"","ast-featured-img":"","footer-sml-layout":"","theme-transparent-header-meta":"default","adv-header-id-meta":"","stick-header-meta":"","header-above-stick-meta":"","header-main-stick-meta":"","header-below-stick-meta":"","astra-migrate-meta-layouts":"set","ast-page-background-enabled":"default","ast-page-background-meta":{"desktop":{"background-color":"","background-image":"","background-repeat":"repeat","background-position":"center center","background-size":"auto","background-attachment":"scroll","background-type":"","background-media":"","overlay-type":"","overlay-color":"","overlay-opacity":"","overlay-gradient":""},"tablet":{"background-color":"","background-image":"","background-repeat":"repeat","background-position":"center center","background-size":"auto","background-attachment":"scroll","background-type":"","background-media":"","overlay-type":"","overlay-color":"","overlay-opacity":"","overlay-gradient":""},"mobile":{"background-color":"","background-image":"","background-repeat":"repeat","background-position":"center center","background-size":"auto","background-attachment":"scroll","background-type":"","background-media":"","overlay-type":"","overlay-color":"","overlay-opacity":"","overlay-gradient":""}},"ast-content-background-meta":{"desktop":{"background-color":"var(--ast-global-color-5)","background-image":"","background-repeat":"repeat","background-position":"center center","background-size":"auto","background-attachment":"scroll","background-type":"","background-media":"","overlay-type":"","overlay-color":"","overlay-opacity":"","overlay-gradient":""},"tablet":{"background-color":"var(--ast-global-color-5)","background-image":"","background-repeat":"repeat","background-position":"center center","background-size":"auto","background-attachment":"scroll","background-type":"","background-media":"","overlay-type":"","overlay-color":"","overlay-opacity":"","overlay-gradient":""},"mobile":{"background-color":"var(--ast-global-color-5)","background-image":"","background-repeat":"repeat","background-position":"center center","background-size":"auto","background-attachment":"scroll","background-type":"","background-media":"","overlay-type":"","overlay-color":"","overlay-opacity":"","overlay-gradient":""}},"_joinchat":[]},"product_brand":[],"product_cat":[41,42],"product_tag":[],"class_list":{"0":"post-1754","1":"product","2":"type-product","3":"status-publish","4":"has-post-thumbnail","6":"product_cat-cali-weed","7":"product_cat-the-ten-co-weed","8":"desktop-align-left","9":"tablet-align-left","10":"mobile-align-left","12":"first","13":"instock","14":"shipping-taxable","15":"product-type-variable"},"yoast_head":"<!-- This site is optimized with the Yoast SEO Premium plugin v24.1 (Yoast SEO v26.8) - https:\/\/yoast.com\/product\/yoast-seo-premium-wordpress\/ -->\n<title>Acheter Blue Zushi Tenco en Ligne | Vari\u00e9t\u00e9 de Cannabis Premium<\/title>\n<meta name=\"description\" content=\"Blue Zushi de Tenco, une vari\u00e9t\u00e9 de cannabis premium aux ar\u00f4mes uniques et aux effets puissants. Livraison discr\u00e8te et rapide. Parfait pour les amateurs de cannabis raffin\u00e9.\" \/>\n<meta name=\"robots\" content=\"index, follow, max-snippet:-1, max-image-preview:large, max-video-preview:-1\" \/>\n<link rel=\"canonical\" href=\"https:\/\/beuhparadis.com\/it\/product\/the-ten-co-blue-zushi\/\" \/>\n<meta property=\"og:locale\" content=\"it_IT\" \/>\n<meta property=\"og:type\" content=\"article\" \/>\n<meta property=\"og:title\" content=\"The Ten.Co | Blue Zushi\" \/>\n<meta property=\"og:description\" content=\"Blue Zushi de Tenco, une vari\u00e9t\u00e9 de cannabis premium aux ar\u00f4mes uniques et aux effets puissants. Livraison discr\u00e8te et rapide. Parfait pour les amateurs de cannabis raffin\u00e9.\" \/>\n<meta property=\"og:url\" content=\"https:\/\/beuhparadis.com\/it\/product\/the-ten-co-blue-zushi\/\" \/>\n<meta property=\"og:site_name\" content=\"Beuh Paradis\" \/>\n<meta property=\"article:modified_time\" content=\"2025-01-28T10:18:36+00:00\" \/>\n<meta property=\"og:image\" content=\"https:\/\/beuhparadis.com\/wp-content\/uploads\/2024\/12\/The-Ten.Co-Blue-Zushi-2.webp\" \/>\n\t<meta property=\"og:image:width\" content=\"2560\" \/>\n\t<meta property=\"og:image:height\" content=\"2560\" \/>\n\t<meta property=\"og:image:type\" content=\"image\/webp\" \/>\n<meta name=\"twitter:card\" content=\"summary_large_image\" \/>\n<meta name=\"twitter:label1\" content=\"Tempo di lettura stimato\" \/>\n\t<meta name=\"twitter:data1\" content=\"2 minutes\" \/>\n<script type=\"application\/ld+json\" class=\"yoast-schema-graph\">{\"@context\":\"https:\/\/schema.org\",\"@graph\":[{\"@type\":\"WebPage\",\"@id\":\"https:\/\/beuhparadis.com\/product\/the-ten-co-blue-zushi\/\",\"url\":\"https:\/\/beuhparadis.com\/product\/the-ten-co-blue-zushi\/\",\"name\":\"Acheter Blue Zushi Tenco en Ligne | Vari\u00e9t\u00e9 de Cannabis Premium\",\"isPartOf\":{\"@id\":\"https:\/\/beuhparadis.com\/#website\"},\"primaryImageOfPage\":{\"@id\":\"https:\/\/beuhparadis.com\/product\/the-ten-co-blue-zushi\/#primaryimage\"},\"image\":{\"@id\":\"https:\/\/beuhparadis.com\/product\/the-ten-co-blue-zushi\/#primaryimage\"},\"thumbnailUrl\":\"https:\/\/beuhparadis.com\/wp-content\/uploads\/2024\/12\/The-Ten.Co-Blue-Zushi-2.webp\",\"datePublished\":\"2024-12-10T23:45:10+00:00\",\"dateModified\":\"2025-01-28T10:18:36+00:00\",\"description\":\"Blue Zushi de Tenco, une vari\u00e9t\u00e9 de cannabis premium aux ar\u00f4mes uniques et aux effets puissants. Livraison discr\u00e8te et rapide. Parfait pour les amateurs de cannabis raffin\u00e9.\",\"breadcrumb\":{\"@id\":\"https:\/\/beuhparadis.com\/product\/the-ten-co-blue-zushi\/#breadcrumb\"},\"inLanguage\":\"it-IT\",\"potentialAction\":[{\"@type\":\"ReadAction\",\"target\":[\"https:\/\/beuhparadis.com\/product\/the-ten-co-blue-zushi\/\"]}]},{\"@type\":\"ImageObject\",\"inLanguage\":\"it-IT\",\"@id\":\"https:\/\/beuhparadis.com\/product\/the-ten-co-blue-zushi\/#primaryimage\",\"url\":\"https:\/\/beuhparadis.com\/wp-content\/uploads\/2024\/12\/The-Ten.Co-Blue-Zushi-2.webp\",\"contentUrl\":\"https:\/\/beuhparadis.com\/wp-content\/uploads\/2024\/12\/The-Ten.Co-Blue-Zushi-2.webp\",\"width\":2560,\"height\":2560},{\"@type\":\"BreadcrumbList\",\"@id\":\"https:\/\/beuhparadis.com\/product\/the-ten-co-blue-zushi\/#breadcrumb\",\"itemListElement\":[{\"@type\":\"ListItem\",\"position\":1,\"name\":\"Home\",\"item\":\"https:\/\/beuhparadis.com\/\"},{\"@type\":\"ListItem\",\"position\":2,\"name\":\"Shop\",\"item\":\"https:\/\/beuhparadis.com\/shop\/\"},{\"@type\":\"ListItem\",\"position\":3,\"name\":\"The Ten.Co | Blue Zushi\"}]},{\"@type\":\"WebSite\",\"@id\":\"https:\/\/beuhparadis.com\/#website\",\"url\":\"https:\/\/beuhparadis.com\/\",\"name\":\"Beuh Paradis\",\"description\":\"\",\"potentialAction\":[{\"@type\":\"SearchAction\",\"target\":{\"@type\":\"EntryPoint\",\"urlTemplate\":\"https:\/\/beuhparadis.com\/?s={search_term_string}\"},\"query-input\":{\"@type\":\"PropertyValueSpecification\",\"valueRequired\":true,\"valueName\":\"search_term_string\"}}],\"inLanguage\":\"it-IT\"}]}<\/script>\n<!-- \/ Yoast SEO Premium plugin. -->","yoast_head_json":{"title":"Acquista Blue Zushi Tenco Online | Variet\u00e0 Premium di Cannabis","description":"Blue Zushi di Tenco, una variet\u00e0 di cannabis premium con aromi unici ed effetti potenti. Consegna rapida e discreta. Perfetta per gli amanti della cannabis raffinata.","robots":{"index":"index","follow":"follow","max-snippet":"max-snippet:-1","max-image-preview":"max-image-preview:large","max-video-preview":"max-video-preview:-1"},"canonical":"https:\/\/beuhparadis.com\/it\/product\/the-ten-co-blue-zushi\/","og_locale":"it_IT","og_type":"article","og_title":"The Ten.Co | Blue Zushi","og_description":"Blue Zushi de Tenco, une vari\u00e9t\u00e9 de cannabis premium aux ar\u00f4mes uniques et aux effets puissants. Livraison discr\u00e8te et rapide. Parfait pour les amateurs de cannabis raffin\u00e9.","og_url":"https:\/\/beuhparadis.com\/it\/product\/the-ten-co-blue-zushi\/","og_site_name":"Beuh Paradis","article_modified_time":"2025-01-28T10:18:36+00:00","og_image":[{"width":2560,"height":2560,"url":"https:\/\/beuhparadis.com\/wp-content\/uploads\/2024\/12\/The-Ten.Co-Blue-Zushi-2.webp","type":"image\/webp"}],"twitter_card":"summary_large_image","twitter_misc":{"Tempo di lettura stimato":"2 minutes"},"schema":{"@context":"https:\/\/schema.org","@graph":[{"@type":"WebPage","@id":"https:\/\/beuhparadis.com\/product\/the-ten-co-blue-zushi\/","url":"https:\/\/beuhparadis.com\/product\/the-ten-co-blue-zushi\/","name":"Acquista Blue Zushi Tenco Online | Variet\u00e0 Premium di Cannabis","isPartOf":{"@id":"https:\/\/beuhparadis.com\/#website"},"primaryImageOfPage":{"@id":"https:\/\/beuhparadis.com\/product\/the-ten-co-blue-zushi\/#primaryimage"},"image":{"@id":"https:\/\/beuhparadis.com\/product\/the-ten-co-blue-zushi\/#primaryimage"},"thumbnailUrl":"https:\/\/beuhparadis.com\/wp-content\/uploads\/2024\/12\/The-Ten.Co-Blue-Zushi-2.webp","datePublished":"2024-12-10T23:45:10+00:00","dateModified":"2025-01-28T10:18:36+00:00","description":"Blue Zushi di Tenco, una variet\u00e0 di cannabis premium con aromi unici ed effetti potenti. Consegna rapida e discreta. Perfetta per gli amanti della cannabis raffinata.","breadcrumb":{"@id":"https:\/\/beuhparadis.com\/product\/the-ten-co-blue-zushi\/#breadcrumb"},"inLanguage":"it-IT","potentialAction":[{"@type":"ReadAction","target":["https:\/\/beuhparadis.com\/product\/the-ten-co-blue-zushi\/"]}]},{"@type":"ImageObject","inLanguage":"it-IT","@id":"https:\/\/beuhparadis.com\/product\/the-ten-co-blue-zushi\/#primaryimage","url":"https:\/\/beuhparadis.com\/wp-content\/uploads\/2024\/12\/The-Ten.Co-Blue-Zushi-2.webp","contentUrl":"https:\/\/beuhparadis.com\/wp-content\/uploads\/2024\/12\/The-Ten.Co-Blue-Zushi-2.webp","width":2560,"height":2560},{"@type":"BreadcrumbList","@id":"https:\/\/beuhparadis.com\/product\/the-ten-co-blue-zushi\/#breadcrumb","itemListElement":[{"@type":"ListItem","position":1,"name":"Home","item":"https:\/\/beuhparadis.com\/"},{"@type":"ListItem","position":2,"name":"Shop","item":"https:\/\/beuhparadis.com\/shop\/"},{"@type":"ListItem","position":3,"name":"The Ten.Co | Blue Zushi"}]},{"@type":"WebSite","@id":"https:\/\/beuhparadis.com\/#website","url":"https:\/\/beuhparadis.com\/","name":"Beuh Paradis","description":"","potentialAction":[{"@type":"SearchAction","target":{"@type":"EntryPoint","urlTemplate":"https:\/\/beuhparadis.com\/?s={search_term_string}"},"query-input":{"@type":"PropertyValueSpecification","valueRequired":true,"valueName":"search_term_string"}}],"inLanguage":"it-IT"}]}},"_links":{"self":[{"href":"https:\/\/beuhparadis.com\/it\/wp-json\/wp\/v2\/product\/1754","targetHints":{"allow":["GET"]}}],"collection":[{"href":"https:\/\/beuhparadis.com\/it\/wp-json\/wp\/v2\/product"}],"about":[{"href":"https:\/\/beuhparadis.com\/it\/wp-json\/wp\/v2\/types\/product"}],"replies":[{"embeddable":true,"href":"https:\/\/beuhparadis.com\/it\/wp-json\/wp\/v2\/comments?post=1754"}],"wp:featuredmedia":[{"embeddable":true,"href":"https:\/\/beuhparadis.com\/it\/wp-json\/wp\/v2\/media\/1767"}],"wp:attachment":[{"href":"https:\/\/beuhparadis.com\/it\/wp-json\/wp\/v2\/media?parent=1754"}],"wp:term":[{"taxonomy":"product_brand","embeddable":true,"href":"https:\/\/beuhparadis.com\/it\/wp-json\/wp\/v2\/product_brand?post=1754"},{"taxonomy":"product_cat","embeddable":true,"href":"https:\/\/beuhparadis.com\/it\/wp-json\/wp\/v2\/product_cat?post=1754"},{"taxonomy":"product_tag","embeddable":true,"href":"https:\/\/beuhparadis.com\/it\/wp-json\/wp\/v2\/product_tag?post=1754"}],"curies":[{"name":"wp","href":"https:\/\/api.w.org\/{rel}","templated":true}]}}