{"id":1543,"date":"2024-12-10T23:41:35","date_gmt":"2024-12-10T23:41:35","guid":{"rendered":"https:\/\/beuhparadis.com\/?post_type=product&#038;p=1543"},"modified":"2025-01-28T11:00:22","modified_gmt":"2025-01-28T11:00:22","slug":"delta-8-gummies-avec-hhc-et-thc-p","status":"publish","type":"product","link":"https:\/\/beuhparadis.com\/it\/product\/delta-8-gummies-avec-hhc-et-thc-p\/","title":{"rendered":"Gomme Delta 8 con HHC e THC-P"},"content":{"rendered":"<h1 class=\"wp-block-heading\">Gomme Delta 8 con HHC e THC-p<\/h1>\n<p>Le Gomme Delta 8 con HHC e THC-p offrono un'esperienza unica a chi vuole esplorare gli effetti rilassanti ed euforizzanti dei cannabinoidi in un delizioso formato commestibile. Queste innovative gommine combinano una miscela ottimale di Delta-8, HHC, THC-P e CBD per un'esperienza mente-corpo rilassante e leggermente psichedelica.<\/p>\n<h2 class=\"wp-block-heading\">Informazioni chiave<\/h2>\n<ul class=\"wp-block-list\">\n<li><strong>Combinazione di cannabinoidi<\/strong>20 mg di Delta-8, 10 mg di HHC, 2 mg di THC-P, 3 mg di CBD per gomma<\/li>\n<li><strong>Effetti<\/strong>Rilassamento, elevazione dell'umore, sensazione fisica e cerebrale, leggermente psichedelico<\/li>\n<li><strong>Uso consigliato<\/strong>Iniziare con mezza gomma e attendere 30-45 minuti per valutare gli effetti.<\/li>\n<\/ul>\n<h2 class=\"wp-block-heading\">THC e CBD<\/h2>\n<ul class=\"wp-block-list\">\n<li><strong>Delta-8<\/strong>20 mg per gomma<\/li>\n<li><strong>HHC<\/strong>10 mg per gomma<\/li>\n<li><strong>THC-P<\/strong>2 mg per gomma<\/li>\n<li><strong>CBD<\/strong>3 mg per gomma<\/li>\n<\/ul>\n<h2 class=\"wp-block-heading\">Come utilizzarli<\/h2>\n<p>La gomma \u00e8 un modo semplice ed efficace per godere degli effetti dei cannabinoidi. Si consiglia di iniziare con una piccola dose per valutare la propria tolleranza.<\/p>\n<h2 class=\"wp-block-heading\">Dove acquistare online le Gomme Delta 8 con HHC e THC-p?<\/h2>\n<p>Queste gomme sono disponibili su <a href=\"https:\/\/beuhparadis.com\/it\/product\/charas-hash\/\">beuhparadis<\/a>Siamo il vostro fornitore di fiducia di prodotti di cannabis di qualit\u00e0.<\/p>\n<h2 class=\"wp-block-heading\">Effetti, aromi e sapori<\/h2>\n<h3 class=\"wp-block-heading\">Effetto<\/h3>\n<ul class=\"wp-block-list\">\n<li>Un'esperienza equilibrata di profondo rilassamento e delicata euforia<\/li>\n<\/ul>\n<h3 class=\"wp-block-heading\">Aroma<\/h3>\n<ul class=\"wp-block-list\">\n<li>Mango tropicale per una rinfrescante sensazione esotica<\/li>\n<\/ul>\n<h3 class=\"wp-block-heading\">Il gusto<\/h3>\n<ul class=\"wp-block-list\">\n<li>Delizioso sapore di mango tropicale, che combina la dolcezza con un tocco di aspro.<\/li>\n<\/ul>\n<h2 class=\"wp-block-heading\">Effetti medici<\/h2>\n<h3 class=\"wp-block-heading\">Effetti medici<\/h3>\n<ul class=\"wp-block-list\">\n<li>Rilassamento muscolare<\/li>\n<li>Miglioramento dell'umore<\/li>\n<\/ul>\n<h3 class=\"wp-block-heading\">Pu\u00f2 alleviare<\/h3>\n<ul class=\"wp-block-list\">\n<li>Stress e ansia<\/li>\n<li>Dolore lieve<\/li>\n<\/ul>\n<h2 class=\"wp-block-heading\">Perch\u00e9 acquistare le Gomme Delta 8 con HHC e THC su Acheterducannabis?<\/h2>\n<p>Acheterducannabis garantisce prodotti altamente efficaci, testati da terzi per garantire sicurezza e conformit\u00e0. Acquistare da Acheterducannabis significa scegliere la qualit\u00e0 e l'affidabilit\u00e0.<\/p>\n<h2 class=\"wp-block-heading\">Legislazione governativa sulla vendita di gelatine in Europa<\/h2>\n<p>Le Gomme Delta 8 con HHC e THC-p sono conformi alle normative europee, consentendo un consumo sicuro e legale. Prima dell'acquisto, verificare sempre la conformit\u00e0 alle leggi locali.<\/p>\n<p>Scegliete Delta 8 Gummies con HHC e THC per un'esperienza unica di relax ed euforia, disponibile in esclusiva su Acheterducannabis. Preparatevi a esplorare una nuova dimensione del benessere e del piacere.<\/p>","protected":false},"excerpt":{"rendered":"<p><strong>Effetti medici:<br \/>\n<\/strong><\/p>\n<ul class=\"wp-block-list\">\n<li>Rilassamento muscolare<\/li>\n<li>Miglioramento dell'umore<\/li>\n<\/ul>\n<p><strong>\u00a0<\/strong><\/p>","protected":false},"featured_media":1570,"comment_status":"closed","ping_status":"closed","template":"","meta":{"site-sidebar-layout":"default","site-content-layout":"","ast-site-content-layout":"default","site-content-style":"default","site-sidebar-style":"default","ast-global-header-display":"","ast-banner-title-visibility":"","ast-main-header-display":"","ast-hfb-above-header-display":"","ast-hfb-below-header-display":"","ast-hfb-mobile-header-display":"","site-post-title":"","ast-breadcrumbs-content":"","ast-featured-img":"","footer-sml-layout":"","theme-transparent-header-meta":"default","adv-header-id-meta":"","stick-header-meta":"","header-above-stick-meta":"","header-main-stick-meta":"","header-below-stick-meta":"","astra-migrate-meta-layouts":"set","ast-page-background-enabled":"default","ast-page-background-meta":{"desktop":{"background-color":"","background-image":"","background-repeat":"repeat","background-position":"center center","background-size":"auto","background-attachment":"scroll","background-type":"","background-media":"","overlay-type":"","overlay-color":"","overlay-opacity":"","overlay-gradient":""},"tablet":{"background-color":"","background-image":"","background-repeat":"repeat","background-position":"center center","background-size":"auto","background-attachment":"scroll","background-type":"","background-media":"","overlay-type":"","overlay-color":"","overlay-opacity":"","overlay-gradient":""},"mobile":{"background-color":"","background-image":"","background-repeat":"repeat","background-position":"center center","background-size":"auto","background-attachment":"scroll","background-type":"","background-media":"","overlay-type":"","overlay-color":"","overlay-opacity":"","overlay-gradient":""}},"ast-content-background-meta":{"desktop":{"background-color":"var(--ast-global-color-5)","background-image":"","background-repeat":"repeat","background-position":"center center","background-size":"auto","background-attachment":"scroll","background-type":"","background-media":"","overlay-type":"","overlay-color":"","overlay-opacity":"","overlay-gradient":""},"tablet":{"background-color":"var(--ast-global-color-5)","background-image":"","background-repeat":"repeat","background-position":"center center","background-size":"auto","background-attachment":"scroll","background-type":"","background-media":"","overlay-type":"","overlay-color":"","overlay-opacity":"","overlay-gradient":""},"mobile":{"background-color":"var(--ast-global-color-5)","background-image":"","background-repeat":"repeat","background-position":"center center","background-size":"auto","background-attachment":"scroll","background-type":"","background-media":"","overlay-type":"","overlay-color":"","overlay-opacity":"","overlay-gradient":""}},"_joinchat":[]},"product_brand":[],"product_cat":[38],"product_tag":[],"class_list":{"0":"post-1543","1":"product","2":"type-product","3":"status-publish","4":"has-post-thumbnail","6":"product_cat-bonbons-thc","7":"desktop-align-left","8":"tablet-align-left","9":"mobile-align-left","11":"first","12":"instock","13":"shipping-taxable","14":"purchasable","15":"product-type-variable"},"yoast_head":"<!-- This site is optimized with the Yoast SEO Premium plugin v24.1 (Yoast SEO v26.8) - https:\/\/yoast.com\/product\/yoast-seo-premium-wordpress\/ -->\n<title>Acheter Delta 8 Gummies | Bonbons au Cannabis Relaxants<\/title>\n<meta name=\"description\" content=\"Delta 8 Gummies, des bonbons au cannabis offrant une relaxation douce et des effets apaisants. Achetez en ligne avec livraison discr\u00e8te et rapid.\" \/>\n<meta name=\"robots\" content=\"index, follow, max-snippet:-1, max-image-preview:large, max-video-preview:-1\" \/>\n<link rel=\"canonical\" href=\"https:\/\/beuhparadis.com\/it\/product\/delta-8-gummies-avec-hhc-et-thc-p\/\" \/>\n<meta property=\"og:locale\" content=\"it_IT\" \/>\n<meta property=\"og:type\" content=\"article\" \/>\n<meta property=\"og:title\" content=\"Delta 8 Gummies avec HHC et THC-P\" \/>\n<meta property=\"og:description\" content=\"Delta 8 Gummies, des bonbons au cannabis offrant une relaxation douce et des effets apaisants. Achetez en ligne avec livraison discr\u00e8te et rapid.\" \/>\n<meta property=\"og:url\" content=\"https:\/\/beuhparadis.com\/it\/product\/delta-8-gummies-avec-hhc-et-thc-p\/\" \/>\n<meta property=\"og:site_name\" content=\"Beuh Paradis\" \/>\n<meta property=\"article:modified_time\" content=\"2025-01-28T11:00:22+00:00\" \/>\n<meta property=\"og:image\" content=\"https:\/\/beuhparadis.com\/wp-content\/uploads\/2024\/12\/Delta-8-Gummies-avec-HHC-et-THC.jpeg\" \/>\n\t<meta property=\"og:image:width\" content=\"800\" \/>\n\t<meta property=\"og:image:height\" content=\"800\" \/>\n\t<meta property=\"og:image:type\" content=\"image\/jpeg\" \/>\n<meta name=\"twitter:card\" content=\"summary_large_image\" \/>\n<meta name=\"twitter:label1\" content=\"Tempo di lettura stimato\" \/>\n\t<meta name=\"twitter:data1\" content=\"2 minutes\" \/>\n<script type=\"application\/ld+json\" class=\"yoast-schema-graph\">{\"@context\":\"https:\/\/schema.org\",\"@graph\":[{\"@type\":\"WebPage\",\"@id\":\"https:\/\/beuhparadis.com\/product\/delta-8-gummies-avec-hhc-et-thc-p\/\",\"url\":\"https:\/\/beuhparadis.com\/product\/delta-8-gummies-avec-hhc-et-thc-p\/\",\"name\":\"Acheter Delta 8 Gummies | Bonbons au Cannabis Relaxants\",\"isPartOf\":{\"@id\":\"https:\/\/beuhparadis.com\/#website\"},\"primaryImageOfPage\":{\"@id\":\"https:\/\/beuhparadis.com\/product\/delta-8-gummies-avec-hhc-et-thc-p\/#primaryimage\"},\"image\":{\"@id\":\"https:\/\/beuhparadis.com\/product\/delta-8-gummies-avec-hhc-et-thc-p\/#primaryimage\"},\"thumbnailUrl\":\"https:\/\/beuhparadis.com\/wp-content\/uploads\/2024\/12\/Delta-8-Gummies-avec-HHC-et-THC.jpeg\",\"datePublished\":\"2024-12-10T23:41:35+00:00\",\"dateModified\":\"2025-01-28T11:00:22+00:00\",\"description\":\"Delta 8 Gummies, des bonbons au cannabis offrant une relaxation douce et des effets apaisants. Achetez en ligne avec livraison discr\u00e8te et rapid.\",\"breadcrumb\":{\"@id\":\"https:\/\/beuhparadis.com\/product\/delta-8-gummies-avec-hhc-et-thc-p\/#breadcrumb\"},\"inLanguage\":\"it-IT\",\"potentialAction\":[{\"@type\":\"ReadAction\",\"target\":[\"https:\/\/beuhparadis.com\/product\/delta-8-gummies-avec-hhc-et-thc-p\/\"]}]},{\"@type\":\"ImageObject\",\"inLanguage\":\"it-IT\",\"@id\":\"https:\/\/beuhparadis.com\/product\/delta-8-gummies-avec-hhc-et-thc-p\/#primaryimage\",\"url\":\"https:\/\/beuhparadis.com\/wp-content\/uploads\/2024\/12\/Delta-8-Gummies-avec-HHC-et-THC.jpeg\",\"contentUrl\":\"https:\/\/beuhparadis.com\/wp-content\/uploads\/2024\/12\/Delta-8-Gummies-avec-HHC-et-THC.jpeg\",\"width\":800,\"height\":800},{\"@type\":\"BreadcrumbList\",\"@id\":\"https:\/\/beuhparadis.com\/product\/delta-8-gummies-avec-hhc-et-thc-p\/#breadcrumb\",\"itemListElement\":[{\"@type\":\"ListItem\",\"position\":1,\"name\":\"Home\",\"item\":\"https:\/\/beuhparadis.com\/\"},{\"@type\":\"ListItem\",\"position\":2,\"name\":\"Shop\",\"item\":\"https:\/\/beuhparadis.com\/shop\/\"},{\"@type\":\"ListItem\",\"position\":3,\"name\":\"Delta 8 Gummies avec HHC et THC-P\"}]},{\"@type\":\"WebSite\",\"@id\":\"https:\/\/beuhparadis.com\/#website\",\"url\":\"https:\/\/beuhparadis.com\/\",\"name\":\"Beuh Paradis\",\"description\":\"\",\"potentialAction\":[{\"@type\":\"SearchAction\",\"target\":{\"@type\":\"EntryPoint\",\"urlTemplate\":\"https:\/\/beuhparadis.com\/?s={search_term_string}\"},\"query-input\":{\"@type\":\"PropertyValueSpecification\",\"valueRequired\":true,\"valueName\":\"search_term_string\"}}],\"inLanguage\":\"it-IT\"}]}<\/script>\n<!-- \/ Yoast SEO Premium plugin. -->","yoast_head_json":{"title":"Acquista Delta 8 Gummies | Bonbons di cannabis rilassanti","description":"Delta 8 Gummies, caramelle alla cannabis che offrono effetti rilassanti e calmanti. Acquistate online con consegna rapida e discreta.","robots":{"index":"index","follow":"follow","max-snippet":"max-snippet:-1","max-image-preview":"max-image-preview:large","max-video-preview":"max-video-preview:-1"},"canonical":"https:\/\/beuhparadis.com\/it\/product\/delta-8-gummies-avec-hhc-et-thc-p\/","og_locale":"it_IT","og_type":"article","og_title":"Delta 8 Gummies avec HHC et THC-P","og_description":"Delta 8 Gummies, des bonbons au cannabis offrant une relaxation douce et des effets apaisants. Achetez en ligne avec livraison discr\u00e8te et rapid.","og_url":"https:\/\/beuhparadis.com\/it\/product\/delta-8-gummies-avec-hhc-et-thc-p\/","og_site_name":"Beuh Paradis","article_modified_time":"2025-01-28T11:00:22+00:00","og_image":[{"width":800,"height":800,"url":"https:\/\/beuhparadis.com\/wp-content\/uploads\/2024\/12\/Delta-8-Gummies-avec-HHC-et-THC.jpeg","type":"image\/jpeg"}],"twitter_card":"summary_large_image","twitter_misc":{"Tempo di lettura stimato":"2 minutes"},"schema":{"@context":"https:\/\/schema.org","@graph":[{"@type":"WebPage","@id":"https:\/\/beuhparadis.com\/product\/delta-8-gummies-avec-hhc-et-thc-p\/","url":"https:\/\/beuhparadis.com\/product\/delta-8-gummies-avec-hhc-et-thc-p\/","name":"Acquista Delta 8 Gummies | Bonbons di cannabis rilassanti","isPartOf":{"@id":"https:\/\/beuhparadis.com\/#website"},"primaryImageOfPage":{"@id":"https:\/\/beuhparadis.com\/product\/delta-8-gummies-avec-hhc-et-thc-p\/#primaryimage"},"image":{"@id":"https:\/\/beuhparadis.com\/product\/delta-8-gummies-avec-hhc-et-thc-p\/#primaryimage"},"thumbnailUrl":"https:\/\/beuhparadis.com\/wp-content\/uploads\/2024\/12\/Delta-8-Gummies-avec-HHC-et-THC.jpeg","datePublished":"2024-12-10T23:41:35+00:00","dateModified":"2025-01-28T11:00:22+00:00","description":"Delta 8 Gummies, caramelle alla cannabis che offrono effetti rilassanti e calmanti. Acquistate online con consegna rapida e discreta.","breadcrumb":{"@id":"https:\/\/beuhparadis.com\/product\/delta-8-gummies-avec-hhc-et-thc-p\/#breadcrumb"},"inLanguage":"it-IT","potentialAction":[{"@type":"ReadAction","target":["https:\/\/beuhparadis.com\/product\/delta-8-gummies-avec-hhc-et-thc-p\/"]}]},{"@type":"ImageObject","inLanguage":"it-IT","@id":"https:\/\/beuhparadis.com\/product\/delta-8-gummies-avec-hhc-et-thc-p\/#primaryimage","url":"https:\/\/beuhparadis.com\/wp-content\/uploads\/2024\/12\/Delta-8-Gummies-avec-HHC-et-THC.jpeg","contentUrl":"https:\/\/beuhparadis.com\/wp-content\/uploads\/2024\/12\/Delta-8-Gummies-avec-HHC-et-THC.jpeg","width":800,"height":800},{"@type":"BreadcrumbList","@id":"https:\/\/beuhparadis.com\/product\/delta-8-gummies-avec-hhc-et-thc-p\/#breadcrumb","itemListElement":[{"@type":"ListItem","position":1,"name":"Home","item":"https:\/\/beuhparadis.com\/"},{"@type":"ListItem","position":2,"name":"Shop","item":"https:\/\/beuhparadis.com\/shop\/"},{"@type":"ListItem","position":3,"name":"Delta 8 Gummies avec HHC et THC-P"}]},{"@type":"WebSite","@id":"https:\/\/beuhparadis.com\/#website","url":"https:\/\/beuhparadis.com\/","name":"Beuh Paradis","description":"","potentialAction":[{"@type":"SearchAction","target":{"@type":"EntryPoint","urlTemplate":"https:\/\/beuhparadis.com\/?s={search_term_string}"},"query-input":{"@type":"PropertyValueSpecification","valueRequired":true,"valueName":"search_term_string"}}],"inLanguage":"it-IT"}]}},"_links":{"self":[{"href":"https:\/\/beuhparadis.com\/it\/wp-json\/wp\/v2\/product\/1543","targetHints":{"allow":["GET"]}}],"collection":[{"href":"https:\/\/beuhparadis.com\/it\/wp-json\/wp\/v2\/product"}],"about":[{"href":"https:\/\/beuhparadis.com\/it\/wp-json\/wp\/v2\/types\/product"}],"replies":[{"embeddable":true,"href":"https:\/\/beuhparadis.com\/it\/wp-json\/wp\/v2\/comments?post=1543"}],"wp:featuredmedia":[{"embeddable":true,"href":"https:\/\/beuhparadis.com\/it\/wp-json\/wp\/v2\/media\/1570"}],"wp:attachment":[{"href":"https:\/\/beuhparadis.com\/it\/wp-json\/wp\/v2\/media?parent=1543"}],"wp:term":[{"taxonomy":"product_brand","embeddable":true,"href":"https:\/\/beuhparadis.com\/it\/wp-json\/wp\/v2\/product_brand?post=1543"},{"taxonomy":"product_cat","embeddable":true,"href":"https:\/\/beuhparadis.com\/it\/wp-json\/wp\/v2\/product_cat?post=1543"},{"taxonomy":"product_tag","embeddable":true,"href":"https:\/\/beuhparadis.com\/it\/wp-json\/wp\/v2\/product_tag?post=1543"}],"curies":[{"name":"wp","href":"https:\/\/api.w.org\/{rel}","templated":true}]}}