{"id":1538,"date":"2024-12-10T23:41:35","date_gmt":"2024-12-10T23:41:35","guid":{"rendered":"https:\/\/beuhparadis.com\/?post_type=product&#038;p=1538"},"modified":"2025-01-28T11:05:21","modified_gmt":"2025-01-28T11:05:21","slug":"bonbons-gelifies-au-thc-hors-du-bureau","status":"publish","type":"product","link":"https:\/\/beuhparadis.com\/it\/product\/bonbons-gelifies-au-thc-hors-du-bureau\/","title":{"rendered":"Caramelle gelatinose al THC fuori dall'ufficio"},"content":{"rendered":"<h1><strong>Gelatine al THC.<\/strong><strong>Una dolcezza inebriante<\/strong><\/h1>\n<h3><strong>Scoprire i Bonbons G\u00e9lifi\u00e9s su Beuh Paradis<\/strong><\/h3>\n<p>Il <strong>Caramelle gelatinose al THC<\/strong>disponibile all'indirizzo <strong><a href=\"https:\/\/beuhparadis.com\/it\" target=\"_new\" rel=\"noopener\">Beuh Paradis<\/a><\/strong>Queste caramelle combinano il dolce piacere dei dolci con i potenti effetti del THC. Perfette per gli amanti della cannabis che preferiscono un'alternativa discreta e gustosa, queste caramelle offrono un'esperienza rilassante ed euforica. Prodotte con ingredienti di qualit\u00e0, sono disponibili in una gamma di gusti fruttati per soddisfare tutti i gusti.<\/p>\n<h4><strong>\u00a0Perch\u00e9 scegliere le gelatine?<\/strong><\/h4>\n<ul>\n<li><strong>Discrezione e semplicit\u00e0:<\/strong> Le caramelle di gelatina sono facili da trasportare e da mangiare, perfette per essere utilizzate in viaggio o come spuntino discreto.<\/li>\n<li><strong>Effetti progressivi :<\/strong> A differenza del vaping o del fumo, gli effetti delle caramelle al THC si avvertono gradualmente, offrendo un'esperienza prolungata e controllata.<\/li>\n<li><strong>Un'ampia scelta di sapori:<\/strong> Note dolci di fragola, limone, mango o mirtillo per una vera delizia ad ogni morso.<\/li>\n<li><strong>Dosaggio preciso :<\/strong> Ogni caramella contiene una quantit\u00e0 specifica di THC, consentendo di controllare il pi\u00f9 possibile il consumo.<\/li>\n<\/ul>\n<h4><strong>\u00a0I benefici delle caramelle gommose<\/strong><\/h4>\n<ul>\n<li><strong>Rilassamento totale:<\/strong> Ideale per rilassarsi dopo una lunga giornata o per alleviare lo stress.<\/li>\n<li><strong>Alternativa al fumo :<\/strong> Un modo gustoso per consumare THC senza esporre i polmoni al fumo.<\/li>\n<li><strong>Effetti duraturi :<\/strong> I dolci vengono assorbiti pi\u00f9 lentamente, prolungando i loro benefici.<\/li>\n<li><strong>Adatto ai principianti:<\/strong> Con una gamma di dosaggi, i principianti possono iniziare lentamente ad esplorare gli effetti del THC.<\/li>\n<\/ul>\n<h4><strong>\u00a0Ordinate le vostre gelatine su Beuh Paradis<\/strong><\/h4>\n<p>Visita <strong><a href=\"https:\/\/beuhparadis.com\/it\" target=\"_new\" rel=\"noopener\">Beuh Paradis<\/a><\/strong>scoprire un'ampia gamma di <strong>Caramelle gelatinose al THC<\/strong> che unisce indulgenza ed effetti potenti. Approfittate della nostra consegna rapida, discreta e sicura in tutta la Francia. Scegliete un'esperienza di cannabis moderna, pratica e deliziosa.<\/p>","protected":false},"excerpt":{"rendered":"<p>Bonbons G\u00e9lifi\u00e9s au THC-Une Douceur Enivrante D\u00e9couvrez les Bonbons G\u00e9lifi\u00e9s\u00a0 sur Beuh Paradis Les bonbons g\u00e9lifi\u00e9s au THC, disponibles sur Beuh Paradis, combinent le plaisir sucr\u00e9 des friandises avec les effets puissants du THC. Parfaits pour les amateurs de cannabis qui pr\u00e9f\u00e8rent une alternative discr\u00e8te et savoureuse, ces bonbons offrent une exp\u00e9rience relaxante et euphorisante. [&hellip;]<\/p>\n","protected":false},"featured_media":1569,"comment_status":"closed","ping_status":"closed","template":"","meta":{"site-sidebar-layout":"default","site-content-layout":"","ast-site-content-layout":"default","site-content-style":"default","site-sidebar-style":"default","ast-global-header-display":"","ast-banner-title-visibility":"","ast-main-header-display":"","ast-hfb-above-header-display":"","ast-hfb-below-header-display":"","ast-hfb-mobile-header-display":"","site-post-title":"","ast-breadcrumbs-content":"","ast-featured-img":"","footer-sml-layout":"","theme-transparent-header-meta":"default","adv-header-id-meta":"","stick-header-meta":"","header-above-stick-meta":"","header-main-stick-meta":"","header-below-stick-meta":"","astra-migrate-meta-layouts":"set","ast-page-background-enabled":"default","ast-page-background-meta":{"desktop":{"background-color":"","background-image":"","background-repeat":"repeat","background-position":"center center","background-size":"auto","background-attachment":"scroll","background-type":"","background-media":"","overlay-type":"","overlay-color":"","overlay-opacity":"","overlay-gradient":""},"tablet":{"background-color":"","background-image":"","background-repeat":"repeat","background-position":"center center","background-size":"auto","background-attachment":"scroll","background-type":"","background-media":"","overlay-type":"","overlay-color":"","overlay-opacity":"","overlay-gradient":""},"mobile":{"background-color":"","background-image":"","background-repeat":"repeat","background-position":"center center","background-size":"auto","background-attachment":"scroll","background-type":"","background-media":"","overlay-type":"","overlay-color":"","overlay-opacity":"","overlay-gradient":""}},"ast-content-background-meta":{"desktop":{"background-color":"var(--ast-global-color-5)","background-image":"","background-repeat":"repeat","background-position":"center center","background-size":"auto","background-attachment":"scroll","background-type":"","background-media":"","overlay-type":"","overlay-color":"","overlay-opacity":"","overlay-gradient":""},"tablet":{"background-color":"var(--ast-global-color-5)","background-image":"","background-repeat":"repeat","background-position":"center center","background-size":"auto","background-attachment":"scroll","background-type":"","background-media":"","overlay-type":"","overlay-color":"","overlay-opacity":"","overlay-gradient":""},"mobile":{"background-color":"var(--ast-global-color-5)","background-image":"","background-repeat":"repeat","background-position":"center center","background-size":"auto","background-attachment":"scroll","background-type":"","background-media":"","overlay-type":"","overlay-color":"","overlay-opacity":"","overlay-gradient":""}},"_joinchat":[]},"product_brand":[],"product_cat":[38],"product_tag":[],"class_list":{"0":"post-1538","1":"product","2":"type-product","3":"status-publish","4":"has-post-thumbnail","6":"product_cat-bonbons-thc","7":"desktop-align-left","8":"tablet-align-left","9":"mobile-align-left","11":"first","12":"instock","13":"shipping-taxable","14":"purchasable","15":"product-type-variable"},"yoast_head":"<!-- This site is optimized with the Yoast SEO Premium plugin v24.1 (Yoast SEO v26.8) - https:\/\/yoast.com\/product\/yoast-seo-premium-wordpress\/ -->\n<title>Bonbons G\u00e9lifi\u00e9s au THC \u2013 Friandises Relaxantes et Puissantes<\/title>\n<meta name=\"description\" content=\"Achetez des bonbons g\u00e9lifi\u00e9s au THC sur Beuh Paradis. Profitez d\u2019une alternative sucr\u00e9e et discr\u00e8te pour consommer du THC. Livraison rapide et discr\u00e8te\" \/>\n<meta name=\"robots\" content=\"index, follow, max-snippet:-1, max-image-preview:large, max-video-preview:-1\" \/>\n<link rel=\"canonical\" href=\"https:\/\/beuhparadis.com\/it\/product\/bonbons-gelifies-au-thc-hors-du-bureau\/\" \/>\n<meta property=\"og:locale\" content=\"it_IT\" \/>\n<meta property=\"og:type\" content=\"article\" \/>\n<meta property=\"og:title\" content=\"Bonbons g\u00e9lifi\u00e9s au THC hors du bureau\" \/>\n<meta property=\"og:description\" content=\"Achetez des bonbons g\u00e9lifi\u00e9s au THC sur Beuh Paradis. Profitez d\u2019une alternative sucr\u00e9e et discr\u00e8te pour consommer du THC. Livraison rapide et discr\u00e8te\" \/>\n<meta property=\"og:url\" content=\"https:\/\/beuhparadis.com\/it\/product\/bonbons-gelifies-au-thc-hors-du-bureau\/\" \/>\n<meta property=\"og:site_name\" content=\"Beuh Paradis\" \/>\n<meta property=\"article:modified_time\" content=\"2025-01-28T11:05:21+00:00\" \/>\n<meta property=\"og:image\" content=\"https:\/\/beuhparadis.com\/wp-content\/uploads\/2024\/12\/Bonbons-gelifies-au-THC-hors-du-bureau.webp\" \/>\n\t<meta property=\"og:image:width\" content=\"1600\" \/>\n\t<meta property=\"og:image:height\" content=\"1600\" \/>\n\t<meta property=\"og:image:type\" content=\"image\/webp\" \/>\n<meta name=\"twitter:card\" content=\"summary_large_image\" \/>\n<meta name=\"twitter:label1\" content=\"Tempo di lettura stimato\" \/>\n\t<meta name=\"twitter:data1\" content=\"2 minutes\" \/>\n<script type=\"application\/ld+json\" class=\"yoast-schema-graph\">{\"@context\":\"https:\/\/schema.org\",\"@graph\":[{\"@type\":\"WebPage\",\"@id\":\"https:\/\/beuhparadis.com\/product\/bonbons-gelifies-au-thc-hors-du-bureau\/\",\"url\":\"https:\/\/beuhparadis.com\/product\/bonbons-gelifies-au-thc-hors-du-bureau\/\",\"name\":\"Bonbons G\u00e9lifi\u00e9s au THC \u2013 Friandises Relaxantes et Puissantes\",\"isPartOf\":{\"@id\":\"https:\/\/beuhparadis.com\/#website\"},\"primaryImageOfPage\":{\"@id\":\"https:\/\/beuhparadis.com\/product\/bonbons-gelifies-au-thc-hors-du-bureau\/#primaryimage\"},\"image\":{\"@id\":\"https:\/\/beuhparadis.com\/product\/bonbons-gelifies-au-thc-hors-du-bureau\/#primaryimage\"},\"thumbnailUrl\":\"https:\/\/beuhparadis.com\/wp-content\/uploads\/2024\/12\/Bonbons-gelifies-au-THC-hors-du-bureau.webp\",\"datePublished\":\"2024-12-10T23:41:35+00:00\",\"dateModified\":\"2025-01-28T11:05:21+00:00\",\"description\":\"Achetez des bonbons g\u00e9lifi\u00e9s au THC sur Beuh Paradis. Profitez d\u2019une alternative sucr\u00e9e et discr\u00e8te pour consommer du THC. Livraison rapide et discr\u00e8te\",\"breadcrumb\":{\"@id\":\"https:\/\/beuhparadis.com\/product\/bonbons-gelifies-au-thc-hors-du-bureau\/#breadcrumb\"},\"inLanguage\":\"it-IT\",\"potentialAction\":[{\"@type\":\"ReadAction\",\"target\":[\"https:\/\/beuhparadis.com\/product\/bonbons-gelifies-au-thc-hors-du-bureau\/\"]}]},{\"@type\":\"ImageObject\",\"inLanguage\":\"it-IT\",\"@id\":\"https:\/\/beuhparadis.com\/product\/bonbons-gelifies-au-thc-hors-du-bureau\/#primaryimage\",\"url\":\"https:\/\/beuhparadis.com\/wp-content\/uploads\/2024\/12\/Bonbons-gelifies-au-THC-hors-du-bureau.webp\",\"contentUrl\":\"https:\/\/beuhparadis.com\/wp-content\/uploads\/2024\/12\/Bonbons-gelifies-au-THC-hors-du-bureau.webp\",\"width\":1600,\"height\":1600},{\"@type\":\"BreadcrumbList\",\"@id\":\"https:\/\/beuhparadis.com\/product\/bonbons-gelifies-au-thc-hors-du-bureau\/#breadcrumb\",\"itemListElement\":[{\"@type\":\"ListItem\",\"position\":1,\"name\":\"Home\",\"item\":\"https:\/\/beuhparadis.com\/\"},{\"@type\":\"ListItem\",\"position\":2,\"name\":\"Shop\",\"item\":\"https:\/\/beuhparadis.com\/shop\/\"},{\"@type\":\"ListItem\",\"position\":3,\"name\":\"Bonbons g\u00e9lifi\u00e9s au THC hors du bureau\"}]},{\"@type\":\"WebSite\",\"@id\":\"https:\/\/beuhparadis.com\/#website\",\"url\":\"https:\/\/beuhparadis.com\/\",\"name\":\"Beuh Paradis\",\"description\":\"\",\"potentialAction\":[{\"@type\":\"SearchAction\",\"target\":{\"@type\":\"EntryPoint\",\"urlTemplate\":\"https:\/\/beuhparadis.com\/?s={search_term_string}\"},\"query-input\":{\"@type\":\"PropertyValueSpecification\",\"valueRequired\":true,\"valueName\":\"search_term_string\"}}],\"inLanguage\":\"it-IT\"}]}<\/script>\n<!-- \/ Yoast SEO Premium plugin. -->","yoast_head_json":{"title":"Caramelle gelificate al THC - Dolci rilassanti e potenti","description":"Acquistate le caramelle gelatinose al THC su Beuh Paradis. Godetevi un'alternativa dolce e discreta al consumo di THC. Consegna rapida e discreta","robots":{"index":"index","follow":"follow","max-snippet":"max-snippet:-1","max-image-preview":"max-image-preview:large","max-video-preview":"max-video-preview:-1"},"canonical":"https:\/\/beuhparadis.com\/it\/product\/bonbons-gelifies-au-thc-hors-du-bureau\/","og_locale":"it_IT","og_type":"article","og_title":"Bonbons g\u00e9lifi\u00e9s au THC hors du bureau","og_description":"Achetez des bonbons g\u00e9lifi\u00e9s au THC sur Beuh Paradis. Profitez d\u2019une alternative sucr\u00e9e et discr\u00e8te pour consommer du THC. Livraison rapide et discr\u00e8te","og_url":"https:\/\/beuhparadis.com\/it\/product\/bonbons-gelifies-au-thc-hors-du-bureau\/","og_site_name":"Beuh Paradis","article_modified_time":"2025-01-28T11:05:21+00:00","og_image":[{"width":1600,"height":1600,"url":"https:\/\/beuhparadis.com\/wp-content\/uploads\/2024\/12\/Bonbons-gelifies-au-THC-hors-du-bureau.webp","type":"image\/webp"}],"twitter_card":"summary_large_image","twitter_misc":{"Tempo di lettura stimato":"2 minutes"},"schema":{"@context":"https:\/\/schema.org","@graph":[{"@type":"WebPage","@id":"https:\/\/beuhparadis.com\/product\/bonbons-gelifies-au-thc-hors-du-bureau\/","url":"https:\/\/beuhparadis.com\/product\/bonbons-gelifies-au-thc-hors-du-bureau\/","name":"Caramelle gelificate al THC - Dolci rilassanti e potenti","isPartOf":{"@id":"https:\/\/beuhparadis.com\/#website"},"primaryImageOfPage":{"@id":"https:\/\/beuhparadis.com\/product\/bonbons-gelifies-au-thc-hors-du-bureau\/#primaryimage"},"image":{"@id":"https:\/\/beuhparadis.com\/product\/bonbons-gelifies-au-thc-hors-du-bureau\/#primaryimage"},"thumbnailUrl":"https:\/\/beuhparadis.com\/wp-content\/uploads\/2024\/12\/Bonbons-gelifies-au-THC-hors-du-bureau.webp","datePublished":"2024-12-10T23:41:35+00:00","dateModified":"2025-01-28T11:05:21+00:00","description":"Acquistate le caramelle gelatinose al THC su Beuh Paradis. Godetevi un'alternativa dolce e discreta al consumo di THC. Consegna rapida e discreta","breadcrumb":{"@id":"https:\/\/beuhparadis.com\/product\/bonbons-gelifies-au-thc-hors-du-bureau\/#breadcrumb"},"inLanguage":"it-IT","potentialAction":[{"@type":"ReadAction","target":["https:\/\/beuhparadis.com\/product\/bonbons-gelifies-au-thc-hors-du-bureau\/"]}]},{"@type":"ImageObject","inLanguage":"it-IT","@id":"https:\/\/beuhparadis.com\/product\/bonbons-gelifies-au-thc-hors-du-bureau\/#primaryimage","url":"https:\/\/beuhparadis.com\/wp-content\/uploads\/2024\/12\/Bonbons-gelifies-au-THC-hors-du-bureau.webp","contentUrl":"https:\/\/beuhparadis.com\/wp-content\/uploads\/2024\/12\/Bonbons-gelifies-au-THC-hors-du-bureau.webp","width":1600,"height":1600},{"@type":"BreadcrumbList","@id":"https:\/\/beuhparadis.com\/product\/bonbons-gelifies-au-thc-hors-du-bureau\/#breadcrumb","itemListElement":[{"@type":"ListItem","position":1,"name":"Home","item":"https:\/\/beuhparadis.com\/"},{"@type":"ListItem","position":2,"name":"Shop","item":"https:\/\/beuhparadis.com\/shop\/"},{"@type":"ListItem","position":3,"name":"Bonbons g\u00e9lifi\u00e9s au THC hors du bureau"}]},{"@type":"WebSite","@id":"https:\/\/beuhparadis.com\/#website","url":"https:\/\/beuhparadis.com\/","name":"Beuh Paradis","description":"","potentialAction":[{"@type":"SearchAction","target":{"@type":"EntryPoint","urlTemplate":"https:\/\/beuhparadis.com\/?s={search_term_string}"},"query-input":{"@type":"PropertyValueSpecification","valueRequired":true,"valueName":"search_term_string"}}],"inLanguage":"it-IT"}]}},"_links":{"self":[{"href":"https:\/\/beuhparadis.com\/it\/wp-json\/wp\/v2\/product\/1538","targetHints":{"allow":["GET"]}}],"collection":[{"href":"https:\/\/beuhparadis.com\/it\/wp-json\/wp\/v2\/product"}],"about":[{"href":"https:\/\/beuhparadis.com\/it\/wp-json\/wp\/v2\/types\/product"}],"replies":[{"embeddable":true,"href":"https:\/\/beuhparadis.com\/it\/wp-json\/wp\/v2\/comments?post=1538"}],"wp:featuredmedia":[{"embeddable":true,"href":"https:\/\/beuhparadis.com\/it\/wp-json\/wp\/v2\/media\/1569"}],"wp:attachment":[{"href":"https:\/\/beuhparadis.com\/it\/wp-json\/wp\/v2\/media?parent=1538"}],"wp:term":[{"taxonomy":"product_brand","embeddable":true,"href":"https:\/\/beuhparadis.com\/it\/wp-json\/wp\/v2\/product_brand?post=1538"},{"taxonomy":"product_cat","embeddable":true,"href":"https:\/\/beuhparadis.com\/it\/wp-json\/wp\/v2\/product_cat?post=1538"},{"taxonomy":"product_tag","embeddable":true,"href":"https:\/\/beuhparadis.com\/it\/wp-json\/wp\/v2\/product_tag?post=1538"}],"curies":[{"name":"wp","href":"https:\/\/api.w.org\/{rel}","templated":true}]}}