{"id":1451,"date":"2024-12-10T23:40:47","date_gmt":"2024-12-10T23:40:47","guid":{"rendered":"https:\/\/beuhparadis.com\/?post_type=product&#038;p=1451"},"modified":"2024-12-10T23:41:00","modified_gmt":"2024-12-10T23:41:00","slug":"huile-de-miel-jack-herer-dabbers-delight","status":"publish","type":"product","link":"https:\/\/beuhparadis.com\/it\/product\/huile-de-miel-jack-herer-dabbers-delight\/","title":{"rendered":"Olio di miele Jack Herer Dabber's Delight"},"content":{"rendered":"<h1 class=\"wp-block-heading\">Olio di miele di Jack Herer<\/h1>\n<p>Scoprite il Jack Herer Honey Oil, un olio di cannabis ricco di THC ispirato alla famosa variet\u00e0 omonima a predominanza sativa, che rende omaggio all'attivista e scrittore di cannabis Jack Herer. Questo olio combina un ibrido Haze con un incrocio di Northern Lights #5 e Shiva Skunk, con l'obiettivo di offrire un'elevazione cerebrale producendo abbondante resina. Ideale per il dabbing e il vaping, questo olio viene fornito in una siringa di vetro resistente alle alte temperature.<\/p>\n<h2 class=\"wp-block-heading\">Composizione dell'olio di THC<\/h2>\n<ul class=\"wp-block-list\">\n<li><strong>Ingredienti:<\/strong> Concentrato della variet\u00e0 Jack Herer con un profilo ricco di THC.<\/li>\n<li><strong>Dosaggio:<\/strong> Ottimizzato per un uso efficiente e preciso.<\/li>\n<\/ul>\n<h2 class=\"wp-block-heading\">THC e CBD (comprese le percentuali)<\/h2>\n<ul class=\"wp-block-list\">\n<li>Concentrato principalmente in THC, l'olio di miele Jack Herer \u00e8 progettato per produrre forti effetti psicoattivi, con il perfetto equilibrio di Indica per mantenere i piedi per terra. Le percentuali specifiche di THC e CBD sono regolate per massimizzare l'efficacia.<\/li>\n<\/ul>\n<h2 class=\"wp-block-heading\">Dove posso acquistare online l'olio di miele di Jack Herer?<\/h2>\n<ul class=\"wp-block-list\">\n<li>L'olio di miele di Jack Herer \u00e8 disponibile online su <strong>Acquista la cannabis<\/strong>offrendo una qualit\u00e0 superiore e una consegna affidabile in tutta Europa.<\/li>\n<\/ul>\n<h2 class=\"wp-block-heading\">Effetti, aroma e sapore<\/h2>\n<h3 class=\"wp-block-heading\">Effetto<\/h3>\n<ul class=\"wp-block-list\">\n<li>Elevazione cerebrale con un tocco di Indica per un perfetto equilibrio tra mente e corpo.<\/li>\n<\/ul>\n<h3 class=\"wp-block-heading\">Aroma<\/h3>\n<ul class=\"wp-block-list\">\n<li>Note distintive del ceppo Jack Herer, che combinano freschezza e intensit\u00e0.<\/li>\n<\/ul>\n<h3 class=\"wp-block-heading\">Il gusto<\/h3>\n<ul class=\"wp-block-list\">\n<li>Profilo aromatico complesso con note di Haze, pino e spezie.<\/li>\n<\/ul>\n<h2 class=\"wp-block-heading\">Effetti medici<\/h2>\n<ul class=\"wp-block-list\">\n<li>Ideale per chi cerca sollievo da stress, ansia e dolore, stimolando al contempo la creativit\u00e0.<\/li>\n<\/ul>\n<h3 class=\"wp-block-heading\">Pu\u00f2 alleviare<\/h3>\n<ul class=\"wp-block-list\">\n<li>Stress, ansia, dolore, stanchezza.<\/li>\n<\/ul>\n<h2 class=\"wp-block-heading\">Scegliere l'olio di THC giusto<\/h2>\n<p>L'olio di miele di Jack Herer \u00e8 perfetto per chi cerca stimoli mentali senza perdere il contatto con il mondo reale.<\/p>\n<h2 class=\"wp-block-heading\">Usi dell'olio di miele di Jack Herer THC<\/h2>\n<p>Adatto al dabbing e al vaping grazie alla siringa in vetro per un'applicazione facile e precisa.<\/p>\n<h2 class=\"wp-block-heading\">Come deve essere conservato l'olio di THC?<\/h2>\n<p>Per preservarne la freschezza e l'efficacia, conservare l'olio in un luogo fresco e buio.<\/p>\n<h2 class=\"wp-block-heading\">Perch\u00e9 acquistare l'olio di miele di Jack Herer su Acheterducannabis?<\/h2>\n<p><a href=\"https:\/\/acheterducannabis.fr\/\" data-type=\"link\" data-id=\"https:\/\/acheterducannabis.fr\/\">Acquista la cannabis<\/a> si impegna a offrire prodotti di altissima qualit\u00e0, con consegna sicura e discreta.<\/p>\n<h2 class=\"wp-block-heading\">Legge governativa sulla vendita di olio di THC in Europa<\/h2>\n<p>La vendita e il consumo di olio di THC, inclusi <strong>Olio di miele di Jack Herer<\/strong>sono regolamentati in Europa. Assicuratevi di rispettare le leggi locali prima di procedere all'acquisto.<\/p>\n<p>L'olio di miele di Jack Herer \u00e8 la perfetta incarnazione dell'armonia tra potenza e finezza, offrendo un'esperienza inebriante e al tempo stesso rassicurante. Disponibile in esclusiva su Acheterducannabis, questo olio \u00e8 la scelta perfetta per gli intenditori e gli appassionati di cannabis che desiderano esplorare le sfumature uniche della variet\u00e0 Jack Herer.<\/p>","protected":false},"excerpt":{"rendered":"<p><strong>THC:<\/strong> 60%<\/p>\n<p><strong>Effetti medici:<\/strong><br \/> Ideale per chi cerca sollievo da stress, ansia e dolore, stimolando al contempo la creativit\u00e0.<\/p>","protected":false},"featured_media":1461,"comment_status":"closed","ping_status":"closed","template":"","meta":{"site-sidebar-layout":"default","site-content-layout":"","ast-site-content-layout":"","site-content-style":"default","site-sidebar-style":"default","ast-global-header-display":"","ast-banner-title-visibility":"","ast-main-header-display":"","ast-hfb-above-header-display":"","ast-hfb-below-header-display":"","ast-hfb-mobile-header-display":"","site-post-title":"","ast-breadcrumbs-content":"","ast-featured-img":"","footer-sml-layout":"","theme-transparent-header-meta":"","adv-header-id-meta":"","stick-header-meta":"","header-above-stick-meta":"","header-main-stick-meta":"","header-below-stick-meta":"","astra-migrate-meta-layouts":"default","ast-page-background-enabled":"default","ast-page-background-meta":{"desktop":{"background-color":"","background-image":"","background-repeat":"repeat","background-position":"center center","background-size":"auto","background-attachment":"scroll","background-type":"","background-media":"","overlay-type":"","overlay-color":"","overlay-opacity":"","overlay-gradient":""},"tablet":{"background-color":"","background-image":"","background-repeat":"repeat","background-position":"center center","background-size":"auto","background-attachment":"scroll","background-type":"","background-media":"","overlay-type":"","overlay-color":"","overlay-opacity":"","overlay-gradient":""},"mobile":{"background-color":"","background-image":"","background-repeat":"repeat","background-position":"center center","background-size":"auto","background-attachment":"scroll","background-type":"","background-media":"","overlay-type":"","overlay-color":"","overlay-opacity":"","overlay-gradient":""}},"ast-content-background-meta":{"desktop":{"background-color":"var(--ast-global-color-5)","background-image":"","background-repeat":"repeat","background-position":"center center","background-size":"auto","background-attachment":"scroll","background-type":"","background-media":"","overlay-type":"","overlay-color":"","overlay-opacity":"","overlay-gradient":""},"tablet":{"background-color":"var(--ast-global-color-5)","background-image":"","background-repeat":"repeat","background-position":"center center","background-size":"auto","background-attachment":"scroll","background-type":"","background-media":"","overlay-type":"","overlay-color":"","overlay-opacity":"","overlay-gradient":""},"mobile":{"background-color":"var(--ast-global-color-5)","background-image":"","background-repeat":"repeat","background-position":"center center","background-size":"auto","background-attachment":"scroll","background-type":"","background-media":"","overlay-type":"","overlay-color":"","overlay-opacity":"","overlay-gradient":""}},"_joinchat":[]},"product_brand":[],"product_cat":[36],"product_tag":[],"class_list":{"0":"post-1451","1":"product","2":"type-product","3":"status-publish","4":"has-post-thumbnail","6":"product_cat-huile-thc","7":"desktop-align-left","8":"tablet-align-left","9":"mobile-align-left","11":"first","12":"instock","13":"shipping-taxable","14":"purchasable","15":"product-type-variable"},"yoast_head":"<!-- This site is optimized with the Yoast SEO Premium plugin v24.1 (Yoast SEO v26.8) - https:\/\/yoast.com\/product\/yoast-seo-premium-wordpress\/ -->\n<title>Huile de miel Jack Herer Dabber&rsquo;s Delight - Beuh Paradis<\/title>\n<meta name=\"robots\" content=\"index, follow, max-snippet:-1, max-image-preview:large, max-video-preview:-1\" \/>\n<link rel=\"canonical\" href=\"https:\/\/beuhparadis.com\/it\/product\/huile-de-miel-jack-herer-dabbers-delight\/\" \/>\n<meta property=\"og:locale\" content=\"it_IT\" \/>\n<meta property=\"og:type\" content=\"article\" \/>\n<meta property=\"og:title\" content=\"Huile de miel Jack Herer Dabber&rsquo;s Delight\" \/>\n<meta property=\"og:description\" content=\"THC: 60% Effets M\u00e9dicaux: Id\u00e9ale pour ceux \u00e0 la recherche d&rsquo;un soulagement du stress, de l&rsquo;anxi\u00e9t\u00e9 et des douleurs, tout en stimulant la cr\u00e9ativit\u00e9.\" \/>\n<meta property=\"og:url\" content=\"https:\/\/beuhparadis.com\/it\/product\/huile-de-miel-jack-herer-dabbers-delight\/\" \/>\n<meta property=\"og:site_name\" content=\"Beuh Paradis\" \/>\n<meta property=\"article:modified_time\" content=\"2024-12-10T23:41:00+00:00\" \/>\n<meta name=\"twitter:card\" content=\"summary_large_image\" \/>\n<meta name=\"twitter:label1\" content=\"Tempo di lettura stimato\" \/>\n\t<meta name=\"twitter:data1\" content=\"3 minutes\" \/>\n<script type=\"application\/ld+json\" class=\"yoast-schema-graph\">{\"@context\":\"https:\/\/schema.org\",\"@graph\":[{\"@type\":\"WebPage\",\"@id\":\"https:\/\/beuhparadis.com\/product\/huile-de-miel-jack-herer-dabbers-delight\/\",\"url\":\"https:\/\/beuhparadis.com\/product\/huile-de-miel-jack-herer-dabbers-delight\/\",\"name\":\"Huile de miel Jack Herer Dabber&rsquo;s Delight - Beuh Paradis\",\"isPartOf\":{\"@id\":\"https:\/\/beuhparadis.com\/#website\"},\"primaryImageOfPage\":{\"@id\":\"https:\/\/beuhparadis.com\/product\/huile-de-miel-jack-herer-dabbers-delight\/#primaryimage\"},\"image\":{\"@id\":\"https:\/\/beuhparadis.com\/product\/huile-de-miel-jack-herer-dabbers-delight\/#primaryimage\"},\"thumbnailUrl\":\"https:\/\/beuhparadis.com\/wp-content\/uploads\/2024\/12\/Dabbers-Delight-Jack-Herer-Honey-Oi.webp\",\"datePublished\":\"2024-12-10T23:40:47+00:00\",\"dateModified\":\"2024-12-10T23:41:00+00:00\",\"breadcrumb\":{\"@id\":\"https:\/\/beuhparadis.com\/product\/huile-de-miel-jack-herer-dabbers-delight\/#breadcrumb\"},\"inLanguage\":\"it-IT\",\"potentialAction\":[{\"@type\":\"ReadAction\",\"target\":[\"https:\/\/beuhparadis.com\/product\/huile-de-miel-jack-herer-dabbers-delight\/\"]}]},{\"@type\":\"ImageObject\",\"inLanguage\":\"it-IT\",\"@id\":\"https:\/\/beuhparadis.com\/product\/huile-de-miel-jack-herer-dabbers-delight\/#primaryimage\",\"url\":\"https:\/\/beuhparadis.com\/wp-content\/uploads\/2024\/12\/Dabbers-Delight-Jack-Herer-Honey-Oi.webp\",\"contentUrl\":\"https:\/\/beuhparadis.com\/wp-content\/uploads\/2024\/12\/Dabbers-Delight-Jack-Herer-Honey-Oi.webp\",\"width\":1000,\"height\":1000},{\"@type\":\"BreadcrumbList\",\"@id\":\"https:\/\/beuhparadis.com\/product\/huile-de-miel-jack-herer-dabbers-delight\/#breadcrumb\",\"itemListElement\":[{\"@type\":\"ListItem\",\"position\":1,\"name\":\"Home\",\"item\":\"https:\/\/beuhparadis.com\/\"},{\"@type\":\"ListItem\",\"position\":2,\"name\":\"Shop\",\"item\":\"https:\/\/beuhparadis.com\/shop\/\"},{\"@type\":\"ListItem\",\"position\":3,\"name\":\"Huile de miel Jack Herer Dabber&rsquo;s Delight\"}]},{\"@type\":\"WebSite\",\"@id\":\"https:\/\/beuhparadis.com\/#website\",\"url\":\"https:\/\/beuhparadis.com\/\",\"name\":\"Beuh Paradis\",\"description\":\"\",\"potentialAction\":[{\"@type\":\"SearchAction\",\"target\":{\"@type\":\"EntryPoint\",\"urlTemplate\":\"https:\/\/beuhparadis.com\/?s={search_term_string}\"},\"query-input\":{\"@type\":\"PropertyValueSpecification\",\"valueRequired\":true,\"valueName\":\"search_term_string\"}}],\"inLanguage\":\"it-IT\"}]}<\/script>\n<!-- \/ Yoast SEO Premium plugin. -->","yoast_head_json":{"title":"Olio di miele Jack Herer Dabber's Delight - Beuh Paradis","robots":{"index":"index","follow":"follow","max-snippet":"max-snippet:-1","max-image-preview":"max-image-preview:large","max-video-preview":"max-video-preview:-1"},"canonical":"https:\/\/beuhparadis.com\/it\/product\/huile-de-miel-jack-herer-dabbers-delight\/","og_locale":"it_IT","og_type":"article","og_title":"Huile de miel Jack Herer Dabber&rsquo;s Delight","og_description":"THC: 60% Effets M\u00e9dicaux: Id\u00e9ale pour ceux \u00e0 la recherche d&rsquo;un soulagement du stress, de l&rsquo;anxi\u00e9t\u00e9 et des douleurs, tout en stimulant la cr\u00e9ativit\u00e9.","og_url":"https:\/\/beuhparadis.com\/it\/product\/huile-de-miel-jack-herer-dabbers-delight\/","og_site_name":"Beuh Paradis","article_modified_time":"2024-12-10T23:41:00+00:00","twitter_card":"summary_large_image","twitter_misc":{"Tempo di lettura stimato":"3 minutes"},"schema":{"@context":"https:\/\/schema.org","@graph":[{"@type":"WebPage","@id":"https:\/\/beuhparadis.com\/product\/huile-de-miel-jack-herer-dabbers-delight\/","url":"https:\/\/beuhparadis.com\/product\/huile-de-miel-jack-herer-dabbers-delight\/","name":"Olio di miele Jack Herer Dabber's Delight - Beuh Paradis","isPartOf":{"@id":"https:\/\/beuhparadis.com\/#website"},"primaryImageOfPage":{"@id":"https:\/\/beuhparadis.com\/product\/huile-de-miel-jack-herer-dabbers-delight\/#primaryimage"},"image":{"@id":"https:\/\/beuhparadis.com\/product\/huile-de-miel-jack-herer-dabbers-delight\/#primaryimage"},"thumbnailUrl":"https:\/\/beuhparadis.com\/wp-content\/uploads\/2024\/12\/Dabbers-Delight-Jack-Herer-Honey-Oi.webp","datePublished":"2024-12-10T23:40:47+00:00","dateModified":"2024-12-10T23:41:00+00:00","breadcrumb":{"@id":"https:\/\/beuhparadis.com\/product\/huile-de-miel-jack-herer-dabbers-delight\/#breadcrumb"},"inLanguage":"it-IT","potentialAction":[{"@type":"ReadAction","target":["https:\/\/beuhparadis.com\/product\/huile-de-miel-jack-herer-dabbers-delight\/"]}]},{"@type":"ImageObject","inLanguage":"it-IT","@id":"https:\/\/beuhparadis.com\/product\/huile-de-miel-jack-herer-dabbers-delight\/#primaryimage","url":"https:\/\/beuhparadis.com\/wp-content\/uploads\/2024\/12\/Dabbers-Delight-Jack-Herer-Honey-Oi.webp","contentUrl":"https:\/\/beuhparadis.com\/wp-content\/uploads\/2024\/12\/Dabbers-Delight-Jack-Herer-Honey-Oi.webp","width":1000,"height":1000},{"@type":"BreadcrumbList","@id":"https:\/\/beuhparadis.com\/product\/huile-de-miel-jack-herer-dabbers-delight\/#breadcrumb","itemListElement":[{"@type":"ListItem","position":1,"name":"Home","item":"https:\/\/beuhparadis.com\/"},{"@type":"ListItem","position":2,"name":"Shop","item":"https:\/\/beuhparadis.com\/shop\/"},{"@type":"ListItem","position":3,"name":"Huile de miel Jack Herer Dabber&rsquo;s Delight"}]},{"@type":"WebSite","@id":"https:\/\/beuhparadis.com\/#website","url":"https:\/\/beuhparadis.com\/","name":"Beuh Paradis","description":"","potentialAction":[{"@type":"SearchAction","target":{"@type":"EntryPoint","urlTemplate":"https:\/\/beuhparadis.com\/?s={search_term_string}"},"query-input":{"@type":"PropertyValueSpecification","valueRequired":true,"valueName":"search_term_string"}}],"inLanguage":"it-IT"}]}},"_links":{"self":[{"href":"https:\/\/beuhparadis.com\/it\/wp-json\/wp\/v2\/product\/1451","targetHints":{"allow":["GET"]}}],"collection":[{"href":"https:\/\/beuhparadis.com\/it\/wp-json\/wp\/v2\/product"}],"about":[{"href":"https:\/\/beuhparadis.com\/it\/wp-json\/wp\/v2\/types\/product"}],"replies":[{"embeddable":true,"href":"https:\/\/beuhparadis.com\/it\/wp-json\/wp\/v2\/comments?post=1451"}],"wp:featuredmedia":[{"embeddable":true,"href":"https:\/\/beuhparadis.com\/it\/wp-json\/wp\/v2\/media\/1461"}],"wp:attachment":[{"href":"https:\/\/beuhparadis.com\/it\/wp-json\/wp\/v2\/media?parent=1451"}],"wp:term":[{"taxonomy":"product_brand","embeddable":true,"href":"https:\/\/beuhparadis.com\/it\/wp-json\/wp\/v2\/product_brand?post=1451"},{"taxonomy":"product_cat","embeddable":true,"href":"https:\/\/beuhparadis.com\/it\/wp-json\/wp\/v2\/product_cat?post=1451"},{"taxonomy":"product_tag","embeddable":true,"href":"https:\/\/beuhparadis.com\/it\/wp-json\/wp\/v2\/product_tag?post=1451"}],"curies":[{"name":"wp","href":"https:\/\/api.w.org\/{rel}","templated":true}]}}