{"id":1439,"date":"2024-12-10T23:40:47","date_gmt":"2024-12-10T23:40:47","guid":{"rendered":"https:\/\/beuhparadis.com\/?post_type=product&#038;p=1439"},"modified":"2024-12-10T23:41:00","modified_gmt":"2024-12-10T23:41:00","slug":"huile-de-noix-de-coco-gaia-thc-200-mg","status":"publish","type":"product","link":"https:\/\/beuhparadis.com\/it\/product\/huile-de-noix-de-coco-gaia-thc-200-mg\/","title":{"rendered":"Olio di cocco Gaia THC 200 mg"},"content":{"rendered":"<h1 class=\"wp-block-heading\">Olio di cocco Gaia<\/h1>\n<p>Scoprite l'olio di cocco Gaia, un olio di cannabis arricchito di THC, prodotto con olio di cocco vergine spremuto a freddo e distillato di THC. Utilizzando ingredienti biologici di altissima qualit\u00e0, questo olio di cocco \u00e8 l'integratore perfetto per l'uso quotidiano e offre molteplici benefici per la salute.<\/p>\n<h2 class=\"wp-block-heading\">Composizione dell'olio di THC<\/h2>\n<ul class=\"wp-block-list\">\n<li><strong>Ingredienti:<\/strong> Olio di cocco vergine spremuto a freddo e distillato di THC.<\/li>\n<li><strong>Dosaggio:<\/strong> 200 mg di THC per una facile integrazione nella vostra routine di benessere.<\/li>\n<\/ul>\n<h2 class=\"wp-block-heading\">THC e CBD (comprese le percentuali)<\/h2>\n<ul class=\"wp-block-list\">\n<li>Questo olio contiene principalmente THC, con un dosaggio preciso di <strong>200 mg<\/strong> per ogni contenitore. La percentuale di CBD \u00e8 minima o inesistente, enfatizzando gli effetti del THC.<\/li>\n<\/ul>\n<h2 class=\"wp-block-heading\">Dove posso acquistare l'olio di cocco Gaia online?<\/h2>\n<p>L'olio di cocco Gaia \u00e8 disponibile online su <strong>Acquista la cannabis<\/strong>dove potrete godere di una qualit\u00e0 garantita e di una consegna affidabile.<\/p>\n<h2 class=\"wp-block-heading\">Effetti, aroma e sapore<\/h2>\n<h3 class=\"wp-block-heading\">Effetto<\/h3>\n<ul class=\"wp-block-list\">\n<li>Fornisce una sensazione di benessere e relax, perfetta per l'uso quotidiano.<\/li>\n<\/ul>\n<h3 class=\"wp-block-heading\">Sapore e gusto<\/h3>\n<ul class=\"wp-block-list\">\n<li>Godetevi le note naturalmente dolci e tropicali dell'olio di cocco, senza l'aggiunta di aromi artificiali.<\/li>\n<\/ul>\n<h2 class=\"wp-block-heading\">Effetti medici<\/h2>\n<ul class=\"wp-block-list\">\n<li>L'olio di cocco \u00e8 rinomato per i suoi benefici per la salute, soprattutto in termini di rilassamento e di miglioramento del benessere generale.<\/li>\n<\/ul>\n<h3 class=\"wp-block-heading\">Pu\u00f2 alleviare<\/h3>\n<ul class=\"wp-block-list\">\n<li>Stress, ansia, dolore lieve, miglioramento del sonno.<\/li>\n<\/ul>\n<h2 class=\"wp-block-heading\">Scegliere l'olio di THC giusto<\/h2>\n<p>Scegliete l'olio di cocco Gaia se cercate una soluzione naturale e biologica per incorporare il THC nella vostra routine di cura della pelle.<\/p>\n<h2 class=\"wp-block-heading\">Usi dell'olio di cocco Gaia THC<\/h2>\n<p>Perfetto per uso culinario, come integratore alimentare o per l'applicazione sulla pelle, grazie alla sua base di olio di cocco.<\/p>\n<h2 class=\"wp-block-heading\">Come deve essere conservato l'olio di THC?<\/h2>\n<p>Conservate l'olio in un luogo fresco e buio per mantenerne la freschezza e la potenza.<\/p>\n<h2 class=\"wp-block-heading\">Perch\u00e9 acquistare l'olio di cocco Gaia su Acheterducannabis?<\/h2>\n<p><a href=\"https:\/\/acheterducannabis.fr\/\" data-type=\"link\" data-id=\"https:\/\/acheterducannabis.fr\/\">Acquista la cannabis<\/a> si impegna a fornire prodotti di altissima qualit\u00e0 con consegne rapide e sicure per la massima soddisfazione del cliente.<\/p>\n<h2 class=\"wp-block-heading\">Legge governativa sulla vendita di olio di THC in Europa<\/h2>\n<p>La vendita e il consumo di olio di THC, compreso l'Olio di Cocco Gaia, sono regolamentati in Europa. Si consiglia di verificare le leggi locali prima dell'acquisto.<\/p>\n<p>L'olio di cocco Gaia \u00e8 la soluzione ideale per chi vuole godere dei benefici del THC e allo stesso tempo dei benefici naturali dell'olio di cocco. Disponibile in esclusiva su Acheterducannabis, questo olio permette di integrare facilmente la cannabis nella vita quotidiana in modo sano e naturale.<\/p>","protected":false},"excerpt":{"rendered":"<p><strong>THC:<\/strong> 60%<br \/> <strong>Effetti medici:<\/strong><br \/> L'olio di cocco \u00e8 rinomato per i suoi benefici per la salute, soprattutto in termini di rilassamento e di miglioramento del benessere generale.<\/p>","protected":false},"featured_media":1459,"comment_status":"closed","ping_status":"closed","template":"","meta":{"site-sidebar-layout":"default","site-content-layout":"","ast-site-content-layout":"","site-content-style":"default","site-sidebar-style":"default","ast-global-header-display":"","ast-banner-title-visibility":"","ast-main-header-display":"","ast-hfb-above-header-display":"","ast-hfb-below-header-display":"","ast-hfb-mobile-header-display":"","site-post-title":"","ast-breadcrumbs-content":"","ast-featured-img":"","footer-sml-layout":"","theme-transparent-header-meta":"","adv-header-id-meta":"","stick-header-meta":"","header-above-stick-meta":"","header-main-stick-meta":"","header-below-stick-meta":"","astra-migrate-meta-layouts":"default","ast-page-background-enabled":"default","ast-page-background-meta":{"desktop":{"background-color":"","background-image":"","background-repeat":"repeat","background-position":"center center","background-size":"auto","background-attachment":"scroll","background-type":"","background-media":"","overlay-type":"","overlay-color":"","overlay-opacity":"","overlay-gradient":""},"tablet":{"background-color":"","background-image":"","background-repeat":"repeat","background-position":"center center","background-size":"auto","background-attachment":"scroll","background-type":"","background-media":"","overlay-type":"","overlay-color":"","overlay-opacity":"","overlay-gradient":""},"mobile":{"background-color":"","background-image":"","background-repeat":"repeat","background-position":"center center","background-size":"auto","background-attachment":"scroll","background-type":"","background-media":"","overlay-type":"","overlay-color":"","overlay-opacity":"","overlay-gradient":""}},"ast-content-background-meta":{"desktop":{"background-color":"var(--ast-global-color-5)","background-image":"","background-repeat":"repeat","background-position":"center center","background-size":"auto","background-attachment":"scroll","background-type":"","background-media":"","overlay-type":"","overlay-color":"","overlay-opacity":"","overlay-gradient":""},"tablet":{"background-color":"var(--ast-global-color-5)","background-image":"","background-repeat":"repeat","background-position":"center center","background-size":"auto","background-attachment":"scroll","background-type":"","background-media":"","overlay-type":"","overlay-color":"","overlay-opacity":"","overlay-gradient":""},"mobile":{"background-color":"var(--ast-global-color-5)","background-image":"","background-repeat":"repeat","background-position":"center center","background-size":"auto","background-attachment":"scroll","background-type":"","background-media":"","overlay-type":"","overlay-color":"","overlay-opacity":"","overlay-gradient":""}},"_joinchat":[]},"product_brand":[],"product_cat":[36],"product_tag":[],"class_list":{"0":"post-1439","1":"product","2":"type-product","3":"status-publish","4":"has-post-thumbnail","6":"product_cat-huile-thc","7":"desktop-align-left","8":"tablet-align-left","9":"mobile-align-left","11":"first","12":"instock","13":"shipping-taxable","14":"purchasable","15":"product-type-variable"},"yoast_head":"<!-- This site is optimized with the Yoast SEO Premium plugin v24.1 (Yoast SEO v26.8) - https:\/\/yoast.com\/product\/yoast-seo-premium-wordpress\/ -->\n<title>Huile de noix de coco Gaia THC 200 mg - Beuh Paradis<\/title>\n<meta name=\"robots\" content=\"index, follow, max-snippet:-1, max-image-preview:large, max-video-preview:-1\" \/>\n<link rel=\"canonical\" href=\"https:\/\/beuhparadis.com\/it\/product\/huile-de-noix-de-coco-gaia-thc-200-mg\/\" \/>\n<meta property=\"og:locale\" content=\"it_IT\" \/>\n<meta property=\"og:type\" content=\"article\" \/>\n<meta property=\"og:title\" content=\"Huile de noix de coco Gaia THC 200 mg\" \/>\n<meta property=\"og:description\" content=\"THC: 60% Effets M\u00e9dicaux: Cette huile de noix de coco est r\u00e9put\u00e9e pour ses bienfaits sur la sant\u00e9, notamment en termes de relaxation et d&rsquo;am\u00e9lioration du bien-\u00eatre g\u00e9n\u00e9ral.\" \/>\n<meta property=\"og:url\" content=\"https:\/\/beuhparadis.com\/it\/product\/huile-de-noix-de-coco-gaia-thc-200-mg\/\" \/>\n<meta property=\"og:site_name\" content=\"Beuh Paradis\" \/>\n<meta property=\"article:modified_time\" content=\"2024-12-10T23:41:00+00:00\" \/>\n<meta name=\"twitter:card\" content=\"summary_large_image\" \/>\n<meta name=\"twitter:label1\" content=\"Tempo di lettura stimato\" \/>\n\t<meta name=\"twitter:data1\" content=\"3 minutes\" \/>\n<script type=\"application\/ld+json\" class=\"yoast-schema-graph\">{\"@context\":\"https:\/\/schema.org\",\"@graph\":[{\"@type\":\"WebPage\",\"@id\":\"https:\/\/beuhparadis.com\/product\/huile-de-noix-de-coco-gaia-thc-200-mg\/\",\"url\":\"https:\/\/beuhparadis.com\/product\/huile-de-noix-de-coco-gaia-thc-200-mg\/\",\"name\":\"Huile de noix de coco Gaia THC 200 mg - Beuh Paradis\",\"isPartOf\":{\"@id\":\"https:\/\/beuhparadis.com\/#website\"},\"primaryImageOfPage\":{\"@id\":\"https:\/\/beuhparadis.com\/product\/huile-de-noix-de-coco-gaia-thc-200-mg\/#primaryimage\"},\"image\":{\"@id\":\"https:\/\/beuhparadis.com\/product\/huile-de-noix-de-coco-gaia-thc-200-mg\/#primaryimage\"},\"thumbnailUrl\":\"https:\/\/beuhparadis.com\/wp-content\/uploads\/2024\/12\/Gaia-THC-Coconut-Oil-200mg.webp\",\"datePublished\":\"2024-12-10T23:40:47+00:00\",\"dateModified\":\"2024-12-10T23:41:00+00:00\",\"breadcrumb\":{\"@id\":\"https:\/\/beuhparadis.com\/product\/huile-de-noix-de-coco-gaia-thc-200-mg\/#breadcrumb\"},\"inLanguage\":\"it-IT\",\"potentialAction\":[{\"@type\":\"ReadAction\",\"target\":[\"https:\/\/beuhparadis.com\/product\/huile-de-noix-de-coco-gaia-thc-200-mg\/\"]}]},{\"@type\":\"ImageObject\",\"inLanguage\":\"it-IT\",\"@id\":\"https:\/\/beuhparadis.com\/product\/huile-de-noix-de-coco-gaia-thc-200-mg\/#primaryimage\",\"url\":\"https:\/\/beuhparadis.com\/wp-content\/uploads\/2024\/12\/Gaia-THC-Coconut-Oil-200mg.webp\",\"contentUrl\":\"https:\/\/beuhparadis.com\/wp-content\/uploads\/2024\/12\/Gaia-THC-Coconut-Oil-200mg.webp\",\"width\":1000,\"height\":1000},{\"@type\":\"BreadcrumbList\",\"@id\":\"https:\/\/beuhparadis.com\/product\/huile-de-noix-de-coco-gaia-thc-200-mg\/#breadcrumb\",\"itemListElement\":[{\"@type\":\"ListItem\",\"position\":1,\"name\":\"Home\",\"item\":\"https:\/\/beuhparadis.com\/\"},{\"@type\":\"ListItem\",\"position\":2,\"name\":\"Shop\",\"item\":\"https:\/\/beuhparadis.com\/shop\/\"},{\"@type\":\"ListItem\",\"position\":3,\"name\":\"Huile de noix de coco Gaia THC 200 mg\"}]},{\"@type\":\"WebSite\",\"@id\":\"https:\/\/beuhparadis.com\/#website\",\"url\":\"https:\/\/beuhparadis.com\/\",\"name\":\"Beuh Paradis\",\"description\":\"\",\"potentialAction\":[{\"@type\":\"SearchAction\",\"target\":{\"@type\":\"EntryPoint\",\"urlTemplate\":\"https:\/\/beuhparadis.com\/?s={search_term_string}\"},\"query-input\":{\"@type\":\"PropertyValueSpecification\",\"valueRequired\":true,\"valueName\":\"search_term_string\"}}],\"inLanguage\":\"it-IT\"}]}<\/script>\n<!-- \/ Yoast SEO Premium plugin. -->","yoast_head_json":{"title":"Olio di cocco Gaia THC 200 mg - Beuh Paradis","robots":{"index":"index","follow":"follow","max-snippet":"max-snippet:-1","max-image-preview":"max-image-preview:large","max-video-preview":"max-video-preview:-1"},"canonical":"https:\/\/beuhparadis.com\/it\/product\/huile-de-noix-de-coco-gaia-thc-200-mg\/","og_locale":"it_IT","og_type":"article","og_title":"Huile de noix de coco Gaia THC 200 mg","og_description":"THC: 60% Effets M\u00e9dicaux: Cette huile de noix de coco est r\u00e9put\u00e9e pour ses bienfaits sur la sant\u00e9, notamment en termes de relaxation et d&rsquo;am\u00e9lioration du bien-\u00eatre g\u00e9n\u00e9ral.","og_url":"https:\/\/beuhparadis.com\/it\/product\/huile-de-noix-de-coco-gaia-thc-200-mg\/","og_site_name":"Beuh Paradis","article_modified_time":"2024-12-10T23:41:00+00:00","twitter_card":"summary_large_image","twitter_misc":{"Tempo di lettura stimato":"3 minutes"},"schema":{"@context":"https:\/\/schema.org","@graph":[{"@type":"WebPage","@id":"https:\/\/beuhparadis.com\/product\/huile-de-noix-de-coco-gaia-thc-200-mg\/","url":"https:\/\/beuhparadis.com\/product\/huile-de-noix-de-coco-gaia-thc-200-mg\/","name":"Olio di cocco Gaia THC 200 mg - Beuh Paradis","isPartOf":{"@id":"https:\/\/beuhparadis.com\/#website"},"primaryImageOfPage":{"@id":"https:\/\/beuhparadis.com\/product\/huile-de-noix-de-coco-gaia-thc-200-mg\/#primaryimage"},"image":{"@id":"https:\/\/beuhparadis.com\/product\/huile-de-noix-de-coco-gaia-thc-200-mg\/#primaryimage"},"thumbnailUrl":"https:\/\/beuhparadis.com\/wp-content\/uploads\/2024\/12\/Gaia-THC-Coconut-Oil-200mg.webp","datePublished":"2024-12-10T23:40:47+00:00","dateModified":"2024-12-10T23:41:00+00:00","breadcrumb":{"@id":"https:\/\/beuhparadis.com\/product\/huile-de-noix-de-coco-gaia-thc-200-mg\/#breadcrumb"},"inLanguage":"it-IT","potentialAction":[{"@type":"ReadAction","target":["https:\/\/beuhparadis.com\/product\/huile-de-noix-de-coco-gaia-thc-200-mg\/"]}]},{"@type":"ImageObject","inLanguage":"it-IT","@id":"https:\/\/beuhparadis.com\/product\/huile-de-noix-de-coco-gaia-thc-200-mg\/#primaryimage","url":"https:\/\/beuhparadis.com\/wp-content\/uploads\/2024\/12\/Gaia-THC-Coconut-Oil-200mg.webp","contentUrl":"https:\/\/beuhparadis.com\/wp-content\/uploads\/2024\/12\/Gaia-THC-Coconut-Oil-200mg.webp","width":1000,"height":1000},{"@type":"BreadcrumbList","@id":"https:\/\/beuhparadis.com\/product\/huile-de-noix-de-coco-gaia-thc-200-mg\/#breadcrumb","itemListElement":[{"@type":"ListItem","position":1,"name":"Home","item":"https:\/\/beuhparadis.com\/"},{"@type":"ListItem","position":2,"name":"Shop","item":"https:\/\/beuhparadis.com\/shop\/"},{"@type":"ListItem","position":3,"name":"Huile de noix de coco Gaia THC 200 mg"}]},{"@type":"WebSite","@id":"https:\/\/beuhparadis.com\/#website","url":"https:\/\/beuhparadis.com\/","name":"Beuh Paradis","description":"","potentialAction":[{"@type":"SearchAction","target":{"@type":"EntryPoint","urlTemplate":"https:\/\/beuhparadis.com\/?s={search_term_string}"},"query-input":{"@type":"PropertyValueSpecification","valueRequired":true,"valueName":"search_term_string"}}],"inLanguage":"it-IT"}]}},"_links":{"self":[{"href":"https:\/\/beuhparadis.com\/it\/wp-json\/wp\/v2\/product\/1439","targetHints":{"allow":["GET"]}}],"collection":[{"href":"https:\/\/beuhparadis.com\/it\/wp-json\/wp\/v2\/product"}],"about":[{"href":"https:\/\/beuhparadis.com\/it\/wp-json\/wp\/v2\/types\/product"}],"replies":[{"embeddable":true,"href":"https:\/\/beuhparadis.com\/it\/wp-json\/wp\/v2\/comments?post=1439"}],"wp:featuredmedia":[{"embeddable":true,"href":"https:\/\/beuhparadis.com\/it\/wp-json\/wp\/v2\/media\/1459"}],"wp:attachment":[{"href":"https:\/\/beuhparadis.com\/it\/wp-json\/wp\/v2\/media?parent=1439"}],"wp:term":[{"taxonomy":"product_brand","embeddable":true,"href":"https:\/\/beuhparadis.com\/it\/wp-json\/wp\/v2\/product_brand?post=1439"},{"taxonomy":"product_cat","embeddable":true,"href":"https:\/\/beuhparadis.com\/it\/wp-json\/wp\/v2\/product_cat?post=1439"},{"taxonomy":"product_tag","embeddable":true,"href":"https:\/\/beuhparadis.com\/it\/wp-json\/wp\/v2\/product_tag?post=1439"}],"curies":[{"name":"wp","href":"https:\/\/api.w.org\/{rel}","templated":true}]}}