{"id":1416,"date":"2024-12-10T23:40:32","date_gmt":"2024-12-10T23:40:32","guid":{"rendered":"https:\/\/beuhparadis.com\/?post_type=product&#038;p=1416"},"modified":"2024-12-10T23:40:45","modified_gmt":"2024-12-10T23:40:45","slug":"huile-de-cannabis-tangie-og-thc","status":"publish","type":"product","link":"https:\/\/beuhparadis.com\/it\/product\/huile-de-cannabis-tangie-og-thc\/","title":{"rendered":"Olio di cannabis Tangie OG THC"},"content":{"rendered":"<h1 class=\"wp-block-heading\">Acquistare l'olio di cannabis Tangie OG<\/h1>\n<p>Scoprite l'olio di cannabis Tangie OG, un ibrido perfettamente bilanciato creato incrociando la deliziosa variet\u00e0 Tangie con la classica OG Kush. Quest'olio assume i sapori dei suoi due famosi genitori per offrire un'esperienza di gusto irresistibile che vi lascer\u00e0 desiderare di pi\u00f9.<\/p>\n<h2 class=\"wp-block-heading\">Composizione dell'olio di THC<\/h2>\n<ul class=\"wp-block-list\">\n<li><strong>Ingredienti:<\/strong> Estrazioni pure di cannabis Tangie OG.<\/li>\n<li><strong>Dosaggio:<\/strong> Altamente concentrata in THC con 62,06% e 2,66% di CBD.<\/li>\n<\/ul>\n<h2 class=\"wp-block-heading\">THC e CBD (comprese le percentuali)<\/h2>\n<ul class=\"wp-block-list\">\n<li><strong>THC:<\/strong> 62.06%<\/li>\n<li><strong>CBD:<\/strong> 2.66%<\/li>\n<\/ul>\n<h2 class=\"wp-block-heading\">Dove posso acquistare l'olio di cannabis Tangie OG online?<\/h2>\n<ul class=\"wp-block-list\">\n<li>L'olio di cannabis Tangie OG \u00e8 disponibile online su Acheterducannabis, che garantisce la massima qualit\u00e0 e una consegna affidabile.<\/li>\n<\/ul>\n<h2 class=\"wp-block-heading\">Effetti, aroma e sapore<\/h2>\n<h3 class=\"wp-block-heading\">Effetto<\/h3>\n<ul class=\"wp-block-list\">\n<li>Energia creativa, euforia pura, formicolio in tutto il corpo.<\/li>\n<\/ul>\n<h3 class=\"wp-block-heading\">Aroma<\/h3>\n<ul class=\"wp-block-list\">\n<li>Dolce e legnoso, con una nota agrumata e terrosa che diventa piccante al momento della combustione.<\/li>\n<\/ul>\n<h3 class=\"wp-block-heading\">Il gusto<\/h3>\n<ul class=\"wp-block-list\">\n<li>Agrumi piccanti e pinosi accentuati da un retrogusto erbaceo e limonoso.<\/li>\n<\/ul>\n<h2 class=\"wp-block-heading\">Effetti medici<\/h2>\n<ul class=\"wp-block-list\">\n<li>Perfetto per il trattamento di condizioni quali dolore cronico, stanchezza, insonnia, depressione, stress o ansia cronica.<\/li>\n<\/ul>\n<h3 class=\"wp-block-heading\">Pu\u00f2 alleviare<\/h3>\n<ul class=\"wp-block-list\">\n<li>Stress, depressione, stanchezza, dolore, perdita di appetito.<\/li>\n<\/ul>\n<h2 class=\"wp-block-heading\">Scegliere l'olio di THC giusto<\/h2>\n<p>L'olio di cannabis Tangie OG \u00e8 ideale per chi cerca il perfetto equilibrio tra energia e relax, offrendo effetti sia stimolanti che calmanti.<\/p>\n<h2 class=\"wp-block-heading\">Usi dell'olio di cannabis Tangie OG THC<\/h2>\n<p>Adatto per essere spruzzato, aggiunto al cibo o direttamente sotto la lingua per un rapido assorbimento.<\/p>\n<h2 class=\"wp-block-heading\">Come va conservato l'olio di THC?<\/h2>\n<p>Conservare l'olio in un luogo fresco e buio per mantenerne la forza e la freschezza.<\/p>\n<h2 class=\"wp-block-heading\">Perch\u00e9 acquistare l'olio di cannabis Tangie OG su Acheterducannabis?<\/h2>\n<p><a href=\"https:\/\/acheterducannabis.fr\/\" data-type=\"link\" data-id=\"https:\/\/acheterducannabis.fr\/\">Acquista la cannabis<\/a> offre prodotti di altissima qualit\u00e0 con consegne affidabili e discrete, garantendo la totale soddisfazione.<\/p>\n<h2 class=\"wp-block-heading\">Legge governativa sulla vendita di olio di THC in Europa<\/h2>\n<p>La vendita e il consumo di olio di THC, compreso l'olio di cannabis Tangie OG, sono soggetti a normative specifiche in Europa. Si consiglia di informarsi sulle leggi locali prima dell'acquisto.<\/p>\n<p>L'olio di cannabis Tangie OG \u00e8 una scelta eccezionale per chi desidera elevare la propria esperienza con la cannabis, offrendo una miscela perfetta di sapore, aroma ed efficacia medica. Godetevi i benefici e i piaceri offerti da questo olio premium, disponibile in esclusiva su Acheterducannabis.<\/p>","protected":false},"excerpt":{"rendered":"<p><strong>THC:<\/strong> 62.06%<br \/> <strong>CBD:<\/strong> 2.66%<\/p>\n<p><strong>Effetti medici:<\/strong><br \/> Perfetto per il trattamento di condizioni quali dolore cronico, stanchezza, insonnia, depressione, stress o ansia cronica.<\/p>","protected":false},"featured_media":1426,"comment_status":"closed","ping_status":"closed","template":"","meta":{"site-sidebar-layout":"default","site-content-layout":"","ast-site-content-layout":"","site-content-style":"default","site-sidebar-style":"default","ast-global-header-display":"","ast-banner-title-visibility":"","ast-main-header-display":"","ast-hfb-above-header-display":"","ast-hfb-below-header-display":"","ast-hfb-mobile-header-display":"","site-post-title":"","ast-breadcrumbs-content":"","ast-featured-img":"","footer-sml-layout":"","theme-transparent-header-meta":"","adv-header-id-meta":"","stick-header-meta":"","header-above-stick-meta":"","header-main-stick-meta":"","header-below-stick-meta":"","astra-migrate-meta-layouts":"default","ast-page-background-enabled":"default","ast-page-background-meta":{"desktop":{"background-color":"","background-image":"","background-repeat":"repeat","background-position":"center center","background-size":"auto","background-attachment":"scroll","background-type":"","background-media":"","overlay-type":"","overlay-color":"","overlay-opacity":"","overlay-gradient":""},"tablet":{"background-color":"","background-image":"","background-repeat":"repeat","background-position":"center center","background-size":"auto","background-attachment":"scroll","background-type":"","background-media":"","overlay-type":"","overlay-color":"","overlay-opacity":"","overlay-gradient":""},"mobile":{"background-color":"","background-image":"","background-repeat":"repeat","background-position":"center center","background-size":"auto","background-attachment":"scroll","background-type":"","background-media":"","overlay-type":"","overlay-color":"","overlay-opacity":"","overlay-gradient":""}},"ast-content-background-meta":{"desktop":{"background-color":"var(--ast-global-color-5)","background-image":"","background-repeat":"repeat","background-position":"center center","background-size":"auto","background-attachment":"scroll","background-type":"","background-media":"","overlay-type":"","overlay-color":"","overlay-opacity":"","overlay-gradient":""},"tablet":{"background-color":"var(--ast-global-color-5)","background-image":"","background-repeat":"repeat","background-position":"center center","background-size":"auto","background-attachment":"scroll","background-type":"","background-media":"","overlay-type":"","overlay-color":"","overlay-opacity":"","overlay-gradient":""},"mobile":{"background-color":"var(--ast-global-color-5)","background-image":"","background-repeat":"repeat","background-position":"center center","background-size":"auto","background-attachment":"scroll","background-type":"","background-media":"","overlay-type":"","overlay-color":"","overlay-opacity":"","overlay-gradient":""}},"_joinchat":[]},"product_brand":[],"product_cat":[36],"product_tag":[],"class_list":{"0":"post-1416","1":"product","2":"type-product","3":"status-publish","4":"has-post-thumbnail","6":"product_cat-huile-thc","7":"desktop-align-left","8":"tablet-align-left","9":"mobile-align-left","11":"first","12":"instock","13":"shipping-taxable","14":"purchasable","15":"product-type-variable"},"yoast_head":"<!-- This site is optimized with the Yoast SEO Premium plugin v24.1 (Yoast SEO v26.8) - https:\/\/yoast.com\/product\/yoast-seo-premium-wordpress\/ -->\n<title>Huile de cannabis Tangie OG THC - Beuh Paradis<\/title>\n<meta name=\"robots\" content=\"index, follow, max-snippet:-1, max-image-preview:large, max-video-preview:-1\" \/>\n<link rel=\"canonical\" href=\"https:\/\/beuhparadis.com\/it\/product\/huile-de-cannabis-tangie-og-thc\/\" \/>\n<meta property=\"og:locale\" content=\"it_IT\" \/>\n<meta property=\"og:type\" content=\"article\" \/>\n<meta property=\"og:title\" content=\"Huile de cannabis Tangie OG THC\" \/>\n<meta property=\"og:description\" content=\"THC: 62.06% CBD: 2.66% Effets M\u00e9dicaux: Parfait pour traiter des conditions telles que douleurs chroniques, fatigue, insomnie, d\u00e9pression, stress ou anxi\u00e9t\u00e9 chronique.\" \/>\n<meta property=\"og:url\" content=\"https:\/\/beuhparadis.com\/it\/product\/huile-de-cannabis-tangie-og-thc\/\" \/>\n<meta property=\"og:site_name\" content=\"Beuh Paradis\" \/>\n<meta property=\"article:modified_time\" content=\"2024-12-10T23:40:45+00:00\" \/>\n<meta name=\"twitter:card\" content=\"summary_large_image\" \/>\n<meta name=\"twitter:label1\" content=\"Tempo di lettura stimato\" \/>\n\t<meta name=\"twitter:data1\" content=\"2 minutes\" \/>\n<script type=\"application\/ld+json\" class=\"yoast-schema-graph\">{\"@context\":\"https:\/\/schema.org\",\"@graph\":[{\"@type\":\"WebPage\",\"@id\":\"https:\/\/beuhparadis.com\/product\/huile-de-cannabis-tangie-og-thc\/\",\"url\":\"https:\/\/beuhparadis.com\/product\/huile-de-cannabis-tangie-og-thc\/\",\"name\":\"Huile de cannabis Tangie OG THC - Beuh Paradis\",\"isPartOf\":{\"@id\":\"https:\/\/beuhparadis.com\/#website\"},\"primaryImageOfPage\":{\"@id\":\"https:\/\/beuhparadis.com\/product\/huile-de-cannabis-tangie-og-thc\/#primaryimage\"},\"image\":{\"@id\":\"https:\/\/beuhparadis.com\/product\/huile-de-cannabis-tangie-og-thc\/#primaryimage\"},\"thumbnailUrl\":\"https:\/\/beuhparadis.com\/wp-content\/uploads\/2024\/12\/Tangie-OG-THC-Marijuana-Oil.webp\",\"datePublished\":\"2024-12-10T23:40:32+00:00\",\"dateModified\":\"2024-12-10T23:40:45+00:00\",\"breadcrumb\":{\"@id\":\"https:\/\/beuhparadis.com\/product\/huile-de-cannabis-tangie-og-thc\/#breadcrumb\"},\"inLanguage\":\"it-IT\",\"potentialAction\":[{\"@type\":\"ReadAction\",\"target\":[\"https:\/\/beuhparadis.com\/product\/huile-de-cannabis-tangie-og-thc\/\"]}]},{\"@type\":\"ImageObject\",\"inLanguage\":\"it-IT\",\"@id\":\"https:\/\/beuhparadis.com\/product\/huile-de-cannabis-tangie-og-thc\/#primaryimage\",\"url\":\"https:\/\/beuhparadis.com\/wp-content\/uploads\/2024\/12\/Tangie-OG-THC-Marijuana-Oil.webp\",\"contentUrl\":\"https:\/\/beuhparadis.com\/wp-content\/uploads\/2024\/12\/Tangie-OG-THC-Marijuana-Oil.webp\",\"width\":450,\"height\":450},{\"@type\":\"BreadcrumbList\",\"@id\":\"https:\/\/beuhparadis.com\/product\/huile-de-cannabis-tangie-og-thc\/#breadcrumb\",\"itemListElement\":[{\"@type\":\"ListItem\",\"position\":1,\"name\":\"Home\",\"item\":\"https:\/\/beuhparadis.com\/\"},{\"@type\":\"ListItem\",\"position\":2,\"name\":\"Shop\",\"item\":\"https:\/\/beuhparadis.com\/shop\/\"},{\"@type\":\"ListItem\",\"position\":3,\"name\":\"Huile de cannabis Tangie OG THC\"}]},{\"@type\":\"WebSite\",\"@id\":\"https:\/\/beuhparadis.com\/#website\",\"url\":\"https:\/\/beuhparadis.com\/\",\"name\":\"Beuh Paradis\",\"description\":\"\",\"potentialAction\":[{\"@type\":\"SearchAction\",\"target\":{\"@type\":\"EntryPoint\",\"urlTemplate\":\"https:\/\/beuhparadis.com\/?s={search_term_string}\"},\"query-input\":{\"@type\":\"PropertyValueSpecification\",\"valueRequired\":true,\"valueName\":\"search_term_string\"}}],\"inLanguage\":\"it-IT\"}]}<\/script>\n<!-- \/ Yoast SEO Premium plugin. -->","yoast_head_json":{"title":"Olio di cannabis Tangie OG THC - Beuh Paradis","robots":{"index":"index","follow":"follow","max-snippet":"max-snippet:-1","max-image-preview":"max-image-preview:large","max-video-preview":"max-video-preview:-1"},"canonical":"https:\/\/beuhparadis.com\/it\/product\/huile-de-cannabis-tangie-og-thc\/","og_locale":"it_IT","og_type":"article","og_title":"Huile de cannabis Tangie OG THC","og_description":"THC: 62.06% CBD: 2.66% Effets M\u00e9dicaux: Parfait pour traiter des conditions telles que douleurs chroniques, fatigue, insomnie, d\u00e9pression, stress ou anxi\u00e9t\u00e9 chronique.","og_url":"https:\/\/beuhparadis.com\/it\/product\/huile-de-cannabis-tangie-og-thc\/","og_site_name":"Beuh Paradis","article_modified_time":"2024-12-10T23:40:45+00:00","twitter_card":"summary_large_image","twitter_misc":{"Tempo di lettura stimato":"2 minutes"},"schema":{"@context":"https:\/\/schema.org","@graph":[{"@type":"WebPage","@id":"https:\/\/beuhparadis.com\/product\/huile-de-cannabis-tangie-og-thc\/","url":"https:\/\/beuhparadis.com\/product\/huile-de-cannabis-tangie-og-thc\/","name":"Olio di cannabis Tangie OG THC - Beuh Paradis","isPartOf":{"@id":"https:\/\/beuhparadis.com\/#website"},"primaryImageOfPage":{"@id":"https:\/\/beuhparadis.com\/product\/huile-de-cannabis-tangie-og-thc\/#primaryimage"},"image":{"@id":"https:\/\/beuhparadis.com\/product\/huile-de-cannabis-tangie-og-thc\/#primaryimage"},"thumbnailUrl":"https:\/\/beuhparadis.com\/wp-content\/uploads\/2024\/12\/Tangie-OG-THC-Marijuana-Oil.webp","datePublished":"2024-12-10T23:40:32+00:00","dateModified":"2024-12-10T23:40:45+00:00","breadcrumb":{"@id":"https:\/\/beuhparadis.com\/product\/huile-de-cannabis-tangie-og-thc\/#breadcrumb"},"inLanguage":"it-IT","potentialAction":[{"@type":"ReadAction","target":["https:\/\/beuhparadis.com\/product\/huile-de-cannabis-tangie-og-thc\/"]}]},{"@type":"ImageObject","inLanguage":"it-IT","@id":"https:\/\/beuhparadis.com\/product\/huile-de-cannabis-tangie-og-thc\/#primaryimage","url":"https:\/\/beuhparadis.com\/wp-content\/uploads\/2024\/12\/Tangie-OG-THC-Marijuana-Oil.webp","contentUrl":"https:\/\/beuhparadis.com\/wp-content\/uploads\/2024\/12\/Tangie-OG-THC-Marijuana-Oil.webp","width":450,"height":450},{"@type":"BreadcrumbList","@id":"https:\/\/beuhparadis.com\/product\/huile-de-cannabis-tangie-og-thc\/#breadcrumb","itemListElement":[{"@type":"ListItem","position":1,"name":"Home","item":"https:\/\/beuhparadis.com\/"},{"@type":"ListItem","position":2,"name":"Shop","item":"https:\/\/beuhparadis.com\/shop\/"},{"@type":"ListItem","position":3,"name":"Huile de cannabis Tangie OG THC"}]},{"@type":"WebSite","@id":"https:\/\/beuhparadis.com\/#website","url":"https:\/\/beuhparadis.com\/","name":"Beuh Paradis","description":"","potentialAction":[{"@type":"SearchAction","target":{"@type":"EntryPoint","urlTemplate":"https:\/\/beuhparadis.com\/?s={search_term_string}"},"query-input":{"@type":"PropertyValueSpecification","valueRequired":true,"valueName":"search_term_string"}}],"inLanguage":"it-IT"}]}},"_links":{"self":[{"href":"https:\/\/beuhparadis.com\/it\/wp-json\/wp\/v2\/product\/1416","targetHints":{"allow":["GET"]}}],"collection":[{"href":"https:\/\/beuhparadis.com\/it\/wp-json\/wp\/v2\/product"}],"about":[{"href":"https:\/\/beuhparadis.com\/it\/wp-json\/wp\/v2\/types\/product"}],"replies":[{"embeddable":true,"href":"https:\/\/beuhparadis.com\/it\/wp-json\/wp\/v2\/comments?post=1416"}],"wp:featuredmedia":[{"embeddable":true,"href":"https:\/\/beuhparadis.com\/it\/wp-json\/wp\/v2\/media\/1426"}],"wp:attachment":[{"href":"https:\/\/beuhparadis.com\/it\/wp-json\/wp\/v2\/media?parent=1416"}],"wp:term":[{"taxonomy":"product_brand","embeddable":true,"href":"https:\/\/beuhparadis.com\/it\/wp-json\/wp\/v2\/product_brand?post=1416"},{"taxonomy":"product_cat","embeddable":true,"href":"https:\/\/beuhparadis.com\/it\/wp-json\/wp\/v2\/product_cat?post=1416"},{"taxonomy":"product_tag","embeddable":true,"href":"https:\/\/beuhparadis.com\/it\/wp-json\/wp\/v2\/product_tag?post=1416"}],"curies":[{"name":"wp","href":"https:\/\/api.w.org\/{rel}","templated":true}]}}