{"id":1404,"date":"2024-12-10T23:40:31","date_gmt":"2024-12-10T23:40:31","guid":{"rendered":"https:\/\/beuhparadis.com\/?post_type=product&#038;p=1404"},"modified":"2024-12-10T23:40:45","modified_gmt":"2024-12-10T23:40:45","slug":"huile-de-cannabis-au-miel-pink-kush-de-dabbers-delight","status":"publish","type":"product","link":"https:\/\/beuhparadis.com\/it\/product\/huile-de-cannabis-au-miel-pink-kush-de-dabbers-delight\/","title":{"rendered":"Olio di cannabis al miele Pink Kush da Dabber's Delight"},"content":{"rendered":"<h1 class=\"wp-block-heading\">Comprare l'olio di miele di Pink Kush<\/h1>\n<p>Dabber's Delight Pink Kush Honey Oil \u00e8 un eccezionale estratto di cannabis ibrida, rinomato per il suo profilo terpenico unico e per gli effetti equilibrati sul corpo e sulla mente. Con un alto contenuto di THC, questo olio offre un'esperienza rilassante, ideale per la seconda parte della giornata per ridurre lo stress. Perfetto per il dabbing e il vaping, viene fornito in una siringa di vetro in grado di resistere al calore elevato delle unghie dei dab rig.<\/p>\n<h2 class=\"wp-block-heading\">Composizione dell'olio di THC<\/h2>\n<ul class=\"wp-block-list\">\n<li><strong>Estrazione<\/strong>Variet\u00e0 ibrida Pink Kush<\/li>\n<li><strong>Utilizzo<\/strong>Ideale per il dabbing e il vaping<\/li>\n<\/ul>\n<h2 class=\"wp-block-heading\">THC e CBD<\/h2>\n<p>L'olio ha un'alta concentrazione di THC, con effetti misti cerebrali e corporei, mentre le percentuali precise di CBD non sono specificate.<\/p>\n<h2 class=\"wp-block-heading\">Dove acquistare online l'olio di miele di Pink Kush?<\/h2>\n<p>Questo olio di cannabis di alta gamma \u00e8 disponibile online su siti specializzati come Acheterducannabis, che offre una qualit\u00e0 garantita ai consumatori europei.<\/p>\n<h2 class=\"wp-block-heading\">Effetti, aromi e sapori<\/h2>\n<h3 class=\"wp-block-heading\">Effetto<\/h3>\n<ul class=\"wp-block-list\">\n<li>Perfetto effetto ibrido, che consente agli utenti di scegliere tra relax ed energia a seconda delle proprie esigenze.<\/li>\n<\/ul>\n<h3 class=\"wp-block-heading\">Sapore e gusto<\/h3>\n<ul class=\"wp-block-list\">\n<li>Un profilo terpenico unico che offre un'esperienza di gusto eccezionale, con le note dolci e floreali caratteristiche della variet\u00e0 Pink Kush.<\/li>\n<\/ul>\n<h2 class=\"wp-block-heading\">Effetti medici<\/h2>\n<h3 class=\"wp-block-heading\">Effetti medici<\/h3>\n<ul class=\"wp-block-list\">\n<li>Propriet\u00e0 rilassanti che aiutano ad alleviare lo stress e a favorire il sonno.<\/li>\n<\/ul>\n<h3 class=\"wp-block-heading\">Pu\u00f2 alleviare<\/h3>\n<ul class=\"wp-block-list\">\n<li>Stress, ansia, insonnia e offre un rilassamento profondo per il corpo e la mente.<\/li>\n<\/ul>\n<h2 class=\"wp-block-heading\">Scegliere l'olio di THC giusto<\/h2>\n<p>Pink Kush Honey Oil \u00e8 una scelta eccellente per chi cerca un effetto ibrido con un alto contenuto di THC e un ricco profilo terpenico.<\/p>\n<h2 class=\"wp-block-heading\">Usi dell'olio di miele di Pink Kush<\/h2>\n<p>L'olio \u00e8 particolarmente indicato per l'uso serale, per offrire relax o energia a seconda delle esigenze dell'utente.<\/p>\n<h2 class=\"wp-block-heading\">Come deve essere conservato l'olio di THC?<\/h2>\n<p>Per mantenere la qualit\u00e0 dell'olio, conservarlo in un luogo fresco e buio e scaldare leggermente la siringa prima dell'uso per facilitare il dosaggio.<\/p>\n<h2 class=\"wp-block-heading\">Perch\u00e9 acquistare l'olio di miele di Pink Kush su Acheterducannabis?<\/h2>\n<p>Acheterducannabis offre questo olio di alta qualit\u00e0, garantendo un'esperienza d'uso ottimale per coloro che desiderano godere dei benefici unici della variet\u00e0 Pink Kush.<\/p>\n<h2 class=\"wp-block-heading\">Legislazione governativa sulla vendita di olio di THC in Europa<\/h2>\n<p>La vendita di<a href=\"https:\/\/acheterducannabis.fr\/huile-thc\/\" data-type=\"link\" data-id=\"https:\/\/acheterducannabis.fr\/huile-thc\/\">Olio di THC<\/a>compreso il Pink Kush Honey Oil, \u00e8 regolamentato in Europa. \u00c8 essenziale controllare la legislazione locale prima di effettuare l'acquisto per un'esperienza completamente legale.<\/p>\n<p>L'olio di miele Pink Kush Delight di Dabber offre un'esperienza unica di cannabis ibrida, raggiungendo il perfetto equilibrio tra relax e stimolazione. Disponibile su Acheterducannabis, questo olio promette un'avventura su misura per chi \u00e8 alla ricerca di sollievo o di un impulso creativo.<\/p>","protected":false},"excerpt":{"rendered":"<p><strong>THC:<\/strong> 20%<\/p>\n<p><strong>Effetti medici:<\/strong><br \/> Propriet\u00e0 rilassanti che aiutano ad alleviare lo stress e a favorire il sonno.<\/p>","protected":false},"featured_media":1424,"comment_status":"closed","ping_status":"closed","template":"","meta":{"site-sidebar-layout":"default","site-content-layout":"","ast-site-content-layout":"","site-content-style":"default","site-sidebar-style":"default","ast-global-header-display":"","ast-banner-title-visibility":"","ast-main-header-display":"","ast-hfb-above-header-display":"","ast-hfb-below-header-display":"","ast-hfb-mobile-header-display":"","site-post-title":"","ast-breadcrumbs-content":"","ast-featured-img":"","footer-sml-layout":"","theme-transparent-header-meta":"","adv-header-id-meta":"","stick-header-meta":"","header-above-stick-meta":"","header-main-stick-meta":"","header-below-stick-meta":"","astra-migrate-meta-layouts":"default","ast-page-background-enabled":"default","ast-page-background-meta":{"desktop":{"background-color":"","background-image":"","background-repeat":"repeat","background-position":"center center","background-size":"auto","background-attachment":"scroll","background-type":"","background-media":"","overlay-type":"","overlay-color":"","overlay-opacity":"","overlay-gradient":""},"tablet":{"background-color":"","background-image":"","background-repeat":"repeat","background-position":"center center","background-size":"auto","background-attachment":"scroll","background-type":"","background-media":"","overlay-type":"","overlay-color":"","overlay-opacity":"","overlay-gradient":""},"mobile":{"background-color":"","background-image":"","background-repeat":"repeat","background-position":"center center","background-size":"auto","background-attachment":"scroll","background-type":"","background-media":"","overlay-type":"","overlay-color":"","overlay-opacity":"","overlay-gradient":""}},"ast-content-background-meta":{"desktop":{"background-color":"var(--ast-global-color-5)","background-image":"","background-repeat":"repeat","background-position":"center center","background-size":"auto","background-attachment":"scroll","background-type":"","background-media":"","overlay-type":"","overlay-color":"","overlay-opacity":"","overlay-gradient":""},"tablet":{"background-color":"var(--ast-global-color-5)","background-image":"","background-repeat":"repeat","background-position":"center center","background-size":"auto","background-attachment":"scroll","background-type":"","background-media":"","overlay-type":"","overlay-color":"","overlay-opacity":"","overlay-gradient":""},"mobile":{"background-color":"var(--ast-global-color-5)","background-image":"","background-repeat":"repeat","background-position":"center center","background-size":"auto","background-attachment":"scroll","background-type":"","background-media":"","overlay-type":"","overlay-color":"","overlay-opacity":"","overlay-gradient":""}},"_joinchat":[]},"product_brand":[],"product_cat":[36],"product_tag":[],"class_list":{"0":"post-1404","1":"product","2":"type-product","3":"status-publish","4":"has-post-thumbnail","6":"product_cat-huile-thc","7":"desktop-align-left","8":"tablet-align-left","9":"mobile-align-left","11":"first","12":"instock","13":"shipping-taxable","14":"purchasable","15":"product-type-variable"},"yoast_head":"<!-- This site is optimized with the Yoast SEO Premium plugin v24.1 (Yoast SEO v26.8) - https:\/\/yoast.com\/product\/yoast-seo-premium-wordpress\/ -->\n<title>Huile de cannabis au miel Pink Kush de Dabber\u2019s Delight - Beuh Paradis<\/title>\n<meta name=\"robots\" content=\"index, follow, max-snippet:-1, max-image-preview:large, max-video-preview:-1\" \/>\n<link rel=\"canonical\" href=\"https:\/\/beuhparadis.com\/it\/product\/huile-de-cannabis-au-miel-pink-kush-de-dabbers-delight\/\" \/>\n<meta property=\"og:locale\" content=\"it_IT\" \/>\n<meta property=\"og:type\" content=\"article\" \/>\n<meta property=\"og:title\" content=\"Huile de cannabis au miel Pink Kush de Dabber\u2019s Delight\" \/>\n<meta property=\"og:description\" content=\"THC: 20% Effets M\u00e9dicaux: Propri\u00e9t\u00e9s relaxantes aidant \u00e0 soulager le stress et \u00e0 favoriser le sommeil.\" \/>\n<meta property=\"og:url\" content=\"https:\/\/beuhparadis.com\/it\/product\/huile-de-cannabis-au-miel-pink-kush-de-dabbers-delight\/\" \/>\n<meta property=\"og:site_name\" content=\"Beuh Paradis\" \/>\n<meta property=\"article:modified_time\" content=\"2024-12-10T23:40:45+00:00\" \/>\n<meta name=\"twitter:card\" content=\"summary_large_image\" \/>\n<meta name=\"twitter:label1\" content=\"Tempo di lettura stimato\" \/>\n\t<meta name=\"twitter:data1\" content=\"3 minutes\" \/>\n<script type=\"application\/ld+json\" class=\"yoast-schema-graph\">{\"@context\":\"https:\/\/schema.org\",\"@graph\":[{\"@type\":\"WebPage\",\"@id\":\"https:\/\/beuhparadis.com\/product\/huile-de-cannabis-au-miel-pink-kush-de-dabbers-delight\/\",\"url\":\"https:\/\/beuhparadis.com\/product\/huile-de-cannabis-au-miel-pink-kush-de-dabbers-delight\/\",\"name\":\"Huile de cannabis au miel Pink Kush de Dabber\u2019s Delight - Beuh Paradis\",\"isPartOf\":{\"@id\":\"https:\/\/beuhparadis.com\/#website\"},\"primaryImageOfPage\":{\"@id\":\"https:\/\/beuhparadis.com\/product\/huile-de-cannabis-au-miel-pink-kush-de-dabbers-delight\/#primaryimage\"},\"image\":{\"@id\":\"https:\/\/beuhparadis.com\/product\/huile-de-cannabis-au-miel-pink-kush-de-dabbers-delight\/#primaryimage\"},\"thumbnailUrl\":\"https:\/\/beuhparadis.com\/wp-content\/uploads\/2024\/12\/Dabbers-Delight-Pink-Kush-Honey-Cannabis-Oil.webp\",\"datePublished\":\"2024-12-10T23:40:31+00:00\",\"dateModified\":\"2024-12-10T23:40:45+00:00\",\"breadcrumb\":{\"@id\":\"https:\/\/beuhparadis.com\/product\/huile-de-cannabis-au-miel-pink-kush-de-dabbers-delight\/#breadcrumb\"},\"inLanguage\":\"it-IT\",\"potentialAction\":[{\"@type\":\"ReadAction\",\"target\":[\"https:\/\/beuhparadis.com\/product\/huile-de-cannabis-au-miel-pink-kush-de-dabbers-delight\/\"]}]},{\"@type\":\"ImageObject\",\"inLanguage\":\"it-IT\",\"@id\":\"https:\/\/beuhparadis.com\/product\/huile-de-cannabis-au-miel-pink-kush-de-dabbers-delight\/#primaryimage\",\"url\":\"https:\/\/beuhparadis.com\/wp-content\/uploads\/2024\/12\/Dabbers-Delight-Pink-Kush-Honey-Cannabis-Oil.webp\",\"contentUrl\":\"https:\/\/beuhparadis.com\/wp-content\/uploads\/2024\/12\/Dabbers-Delight-Pink-Kush-Honey-Cannabis-Oil.webp\",\"width\":1000,\"height\":1000},{\"@type\":\"BreadcrumbList\",\"@id\":\"https:\/\/beuhparadis.com\/product\/huile-de-cannabis-au-miel-pink-kush-de-dabbers-delight\/#breadcrumb\",\"itemListElement\":[{\"@type\":\"ListItem\",\"position\":1,\"name\":\"Home\",\"item\":\"https:\/\/beuhparadis.com\/\"},{\"@type\":\"ListItem\",\"position\":2,\"name\":\"Shop\",\"item\":\"https:\/\/beuhparadis.com\/shop\/\"},{\"@type\":\"ListItem\",\"position\":3,\"name\":\"Huile de cannabis au miel Pink Kush de Dabber\u2019s Delight\"}]},{\"@type\":\"WebSite\",\"@id\":\"https:\/\/beuhparadis.com\/#website\",\"url\":\"https:\/\/beuhparadis.com\/\",\"name\":\"Beuh Paradis\",\"description\":\"\",\"potentialAction\":[{\"@type\":\"SearchAction\",\"target\":{\"@type\":\"EntryPoint\",\"urlTemplate\":\"https:\/\/beuhparadis.com\/?s={search_term_string}\"},\"query-input\":{\"@type\":\"PropertyValueSpecification\",\"valueRequired\":true,\"valueName\":\"search_term_string\"}}],\"inLanguage\":\"it-IT\"}]}<\/script>\n<!-- \/ Yoast SEO Premium plugin. -->","yoast_head_json":{"title":"Olio di cannabis al miele Pink Kush di Dabber's Delight - Beuh Paradis","robots":{"index":"index","follow":"follow","max-snippet":"max-snippet:-1","max-image-preview":"max-image-preview:large","max-video-preview":"max-video-preview:-1"},"canonical":"https:\/\/beuhparadis.com\/it\/product\/huile-de-cannabis-au-miel-pink-kush-de-dabbers-delight\/","og_locale":"it_IT","og_type":"article","og_title":"Huile de cannabis au miel Pink Kush de Dabber\u2019s Delight","og_description":"THC: 20% Effets M\u00e9dicaux: Propri\u00e9t\u00e9s relaxantes aidant \u00e0 soulager le stress et \u00e0 favoriser le sommeil.","og_url":"https:\/\/beuhparadis.com\/it\/product\/huile-de-cannabis-au-miel-pink-kush-de-dabbers-delight\/","og_site_name":"Beuh Paradis","article_modified_time":"2024-12-10T23:40:45+00:00","twitter_card":"summary_large_image","twitter_misc":{"Tempo di lettura stimato":"3 minutes"},"schema":{"@context":"https:\/\/schema.org","@graph":[{"@type":"WebPage","@id":"https:\/\/beuhparadis.com\/product\/huile-de-cannabis-au-miel-pink-kush-de-dabbers-delight\/","url":"https:\/\/beuhparadis.com\/product\/huile-de-cannabis-au-miel-pink-kush-de-dabbers-delight\/","name":"Olio di cannabis al miele Pink Kush di Dabber's Delight - Beuh Paradis","isPartOf":{"@id":"https:\/\/beuhparadis.com\/#website"},"primaryImageOfPage":{"@id":"https:\/\/beuhparadis.com\/product\/huile-de-cannabis-au-miel-pink-kush-de-dabbers-delight\/#primaryimage"},"image":{"@id":"https:\/\/beuhparadis.com\/product\/huile-de-cannabis-au-miel-pink-kush-de-dabbers-delight\/#primaryimage"},"thumbnailUrl":"https:\/\/beuhparadis.com\/wp-content\/uploads\/2024\/12\/Dabbers-Delight-Pink-Kush-Honey-Cannabis-Oil.webp","datePublished":"2024-12-10T23:40:31+00:00","dateModified":"2024-12-10T23:40:45+00:00","breadcrumb":{"@id":"https:\/\/beuhparadis.com\/product\/huile-de-cannabis-au-miel-pink-kush-de-dabbers-delight\/#breadcrumb"},"inLanguage":"it-IT","potentialAction":[{"@type":"ReadAction","target":["https:\/\/beuhparadis.com\/product\/huile-de-cannabis-au-miel-pink-kush-de-dabbers-delight\/"]}]},{"@type":"ImageObject","inLanguage":"it-IT","@id":"https:\/\/beuhparadis.com\/product\/huile-de-cannabis-au-miel-pink-kush-de-dabbers-delight\/#primaryimage","url":"https:\/\/beuhparadis.com\/wp-content\/uploads\/2024\/12\/Dabbers-Delight-Pink-Kush-Honey-Cannabis-Oil.webp","contentUrl":"https:\/\/beuhparadis.com\/wp-content\/uploads\/2024\/12\/Dabbers-Delight-Pink-Kush-Honey-Cannabis-Oil.webp","width":1000,"height":1000},{"@type":"BreadcrumbList","@id":"https:\/\/beuhparadis.com\/product\/huile-de-cannabis-au-miel-pink-kush-de-dabbers-delight\/#breadcrumb","itemListElement":[{"@type":"ListItem","position":1,"name":"Home","item":"https:\/\/beuhparadis.com\/"},{"@type":"ListItem","position":2,"name":"Shop","item":"https:\/\/beuhparadis.com\/shop\/"},{"@type":"ListItem","position":3,"name":"Huile de cannabis au miel Pink Kush de Dabber\u2019s Delight"}]},{"@type":"WebSite","@id":"https:\/\/beuhparadis.com\/#website","url":"https:\/\/beuhparadis.com\/","name":"Beuh Paradis","description":"","potentialAction":[{"@type":"SearchAction","target":{"@type":"EntryPoint","urlTemplate":"https:\/\/beuhparadis.com\/?s={search_term_string}"},"query-input":{"@type":"PropertyValueSpecification","valueRequired":true,"valueName":"search_term_string"}}],"inLanguage":"it-IT"}]}},"_links":{"self":[{"href":"https:\/\/beuhparadis.com\/it\/wp-json\/wp\/v2\/product\/1404","targetHints":{"allow":["GET"]}}],"collection":[{"href":"https:\/\/beuhparadis.com\/it\/wp-json\/wp\/v2\/product"}],"about":[{"href":"https:\/\/beuhparadis.com\/it\/wp-json\/wp\/v2\/types\/product"}],"replies":[{"embeddable":true,"href":"https:\/\/beuhparadis.com\/it\/wp-json\/wp\/v2\/comments?post=1404"}],"wp:featuredmedia":[{"embeddable":true,"href":"https:\/\/beuhparadis.com\/it\/wp-json\/wp\/v2\/media\/1424"}],"wp:attachment":[{"href":"https:\/\/beuhparadis.com\/it\/wp-json\/wp\/v2\/media?parent=1404"}],"wp:term":[{"taxonomy":"product_brand","embeddable":true,"href":"https:\/\/beuhparadis.com\/it\/wp-json\/wp\/v2\/product_brand?post=1404"},{"taxonomy":"product_cat","embeddable":true,"href":"https:\/\/beuhparadis.com\/it\/wp-json\/wp\/v2\/product_cat?post=1404"},{"taxonomy":"product_tag","embeddable":true,"href":"https:\/\/beuhparadis.com\/it\/wp-json\/wp\/v2\/product_tag?post=1404"}],"curies":[{"name":"wp","href":"https:\/\/api.w.org\/{rel}","templated":true}]}}