{"id":1386,"date":"2024-12-10T23:40:08","date_gmt":"2024-12-10T23:40:08","guid":{"rendered":"https:\/\/beuhparadis.com\/?post_type=product&#038;p=1386"},"modified":"2024-12-10T23:40:45","modified_gmt":"2024-12-10T23:40:45","slug":"huile-de-miel-sour-diesel-dabbers-delight","status":"publish","type":"product","link":"https:\/\/beuhparadis.com\/it\/product\/huile-de-miel-sour-diesel-dabbers-delight\/","title":{"rendered":"Olio di miele Sour Diesel Dabber's Delight"},"content":{"rendered":"<h1 class=\"wp-block-heading\">Comprare l'olio di miele Sour Diesel Dabber's Delight<\/h1>\n<p>L'olio di miele Sour Diesel di Dabber's Delight \u00e8 estratto dalla famosa variet\u00e0 di cannabis sativa Sour Diesel, un incrocio tra Chemdawg e Super Skunk. La Sour Diesel \u00e8 diventata popolare all'inizio degli anni '90 ed \u00e8 rinomata per il suo profilo aromatico pungente, simile al diesel, anche se questo aroma \u00e8 meno pronunciato in forma di olio di miele. Ideale per il dabbing e il vaping, questo olio viene fornito in una siringa di vetro resistente alle alte temperature, perfetta per le unghie dei dab rig.<\/p>\n<h2 class=\"wp-block-heading\">Composizione dell'olio di THC<\/h2>\n<ul class=\"wp-block-list\">\n<li><strong>Estrazione<\/strong>Sour Diesel, variet\u00e0 sativa.<\/li>\n<li><strong>Utilizzo<\/strong>Ideale per il dabbing e il vaping.<\/li>\n<\/ul>\n<h2 class=\"wp-block-heading\">THC e CBD<\/h2>\n<p>L'olio di miele Sour Diesel \u00e8 noto per la sua alta concentrazione di THC: 70%, caratteristica della variet\u00e0 Sour Diesel.<\/p>\n<h2 class=\"wp-block-heading\">Dove acquistare online l'olio di miele di Sour Diesel?<\/h2>\n<p>Questo olio di cannabis di qualit\u00e0 \u00e8 disponibile online presso siti specializzati come <a href=\"https:\/\/acheterducannabis.fr\/\" data-type=\"link\" data-id=\"https:\/\/acheterducannabis.fr\/\">Acquista la cannabis<\/a>garantendo un prodotto puro ed efficace.<\/p>\n<h2 class=\"wp-block-heading\">Effetti, aromi e sapori<\/h2>\n<h3 class=\"wp-block-heading\">Effetto<\/h3>\n<ul class=\"wp-block-list\">\n<li>Effetti rapidi, energizzanti e cerebrali che favoriscono una profonda introspezione e una maggiore creativit\u00e0.<\/li>\n<\/ul>\n<h3 class=\"wp-block-heading\">Aroma<\/h3>\n<ul class=\"wp-block-list\">\n<li>Profilo aromatico pungente e diesel, sottile sotto forma di olio di miele.<\/li>\n<\/ul>\n<h3 class=\"wp-block-heading\">Il gusto<\/h3>\n<ul class=\"wp-block-list\">\n<li>Un gusto caratteristico, meno pungente del fiore di Sour Diesel, che offre un'esperienza gustativa unica.<\/li>\n<\/ul>\n<h2 class=\"wp-block-heading\">Effetti medici<\/h2>\n<h3 class=\"wp-block-heading\">Effetti medici<\/h3>\n<ul class=\"wp-block-list\">\n<li>Potenziale sollievo da varie condizioni mediche grazie ai suoi effetti energizzanti e alla concentrazione di THC.<\/li>\n<\/ul>\n<h3 class=\"wp-block-heading\">Pu\u00f2 alleviare<\/h3>\n<ul class=\"wp-block-list\">\n<li>Stress, stanchezza, disturbi dell'umore e dolore, promuovendo una sensazione di benessere ed energia.<\/li>\n<\/ul>\n<h2 class=\"wp-block-heading\">Scegliere l'olio di THC giusto<\/h2>\n<p>Scegliete il Sour Diesel Honey Oil per le sue qualit\u00e0 specifiche, la sua efficacia nel dabbing e nel vaping e il suo profilo aromatico unico.<\/p>\n<h2 class=\"wp-block-heading\">Olio di Miele Sour Diesel usi<\/h2>\n<p>Perfetta per i consumatori che desiderano un'intensa esperienza cerebrale e introspettiva, godendo al contempo dei benefici medicinali del THC.<\/p>\n<h2 class=\"wp-block-heading\">Come deve essere conservato l'olio di THC?<\/h2>\n<p>Conservare l'olio in un luogo fresco e buio per mantenerne la potenza e la qualit\u00e0 e scaldare leggermente la siringa per facilitarne l'uso.<\/p>\n<h2 class=\"wp-block-heading\">Perch\u00e9 acquistare l'olio di miele Sour Diesel su Acheterducannabis?<\/h2>\n<p>Acheterducannabis propone questo olio di miele di alta qualit\u00e0, garantendo un'esperienza d'uso ottimale a chi cerca il meglio della cannabis sativa.<\/p>\n<h2 class=\"wp-block-heading\">Legislazione governativa sulla vendita di olio di THC in Europa<\/h2>\n<p>Le leggi sulla vendita dell'olio di THC, compreso l'olio di miele Sour Diesel, variano in tutta Europa. \u00c8 fondamentale informarsi sulle normative in vigore prima di effettuare l'acquisto, per un'esperienza sicura e legale.<\/p>\n<p>L'olio di miele acido Diesel Dabber's Delight offre una chiave per nuove dimensioni della mente, sbloccando la creativit\u00e0 e l'introspezione grazie alla sua composizione ricca di THC. Disponibile su Acheterducannabis, \u00e8 la scelta perfetta per chi ama le emozioni e le qualit\u00e0 terapeutiche della cannabis.<\/p>","protected":false},"excerpt":{"rendered":"<p><strong>THC:<\/strong> 70%<\/p>\n<p><strong>Effetti medici:<\/strong><br \/> Potenziale sollievo da varie condizioni mediche grazie ai suoi effetti energizzanti e alla concentrazione di THC.<\/p>","protected":false},"featured_media":1423,"comment_status":"closed","ping_status":"closed","template":"","meta":{"site-sidebar-layout":"default","site-content-layout":"","ast-site-content-layout":"","site-content-style":"default","site-sidebar-style":"default","ast-global-header-display":"","ast-banner-title-visibility":"","ast-main-header-display":"","ast-hfb-above-header-display":"","ast-hfb-below-header-display":"","ast-hfb-mobile-header-display":"","site-post-title":"","ast-breadcrumbs-content":"","ast-featured-img":"","footer-sml-layout":"","theme-transparent-header-meta":"","adv-header-id-meta":"","stick-header-meta":"","header-above-stick-meta":"","header-main-stick-meta":"","header-below-stick-meta":"","astra-migrate-meta-layouts":"default","ast-page-background-enabled":"default","ast-page-background-meta":{"desktop":{"background-color":"","background-image":"","background-repeat":"repeat","background-position":"center center","background-size":"auto","background-attachment":"scroll","background-type":"","background-media":"","overlay-type":"","overlay-color":"","overlay-opacity":"","overlay-gradient":""},"tablet":{"background-color":"","background-image":"","background-repeat":"repeat","background-position":"center center","background-size":"auto","background-attachment":"scroll","background-type":"","background-media":"","overlay-type":"","overlay-color":"","overlay-opacity":"","overlay-gradient":""},"mobile":{"background-color":"","background-image":"","background-repeat":"repeat","background-position":"center center","background-size":"auto","background-attachment":"scroll","background-type":"","background-media":"","overlay-type":"","overlay-color":"","overlay-opacity":"","overlay-gradient":""}},"ast-content-background-meta":{"desktop":{"background-color":"var(--ast-global-color-5)","background-image":"","background-repeat":"repeat","background-position":"center center","background-size":"auto","background-attachment":"scroll","background-type":"","background-media":"","overlay-type":"","overlay-color":"","overlay-opacity":"","overlay-gradient":""},"tablet":{"background-color":"var(--ast-global-color-5)","background-image":"","background-repeat":"repeat","background-position":"center center","background-size":"auto","background-attachment":"scroll","background-type":"","background-media":"","overlay-type":"","overlay-color":"","overlay-opacity":"","overlay-gradient":""},"mobile":{"background-color":"var(--ast-global-color-5)","background-image":"","background-repeat":"repeat","background-position":"center center","background-size":"auto","background-attachment":"scroll","background-type":"","background-media":"","overlay-type":"","overlay-color":"","overlay-opacity":"","overlay-gradient":""}},"_joinchat":[]},"product_brand":[],"product_cat":[36],"product_tag":[],"class_list":{"0":"post-1386","1":"product","2":"type-product","3":"status-publish","4":"has-post-thumbnail","6":"product_cat-huile-thc","7":"desktop-align-left","8":"tablet-align-left","9":"mobile-align-left","11":"first","12":"instock","13":"shipping-taxable","14":"purchasable","15":"product-type-variable"},"yoast_head":"<!-- This site is optimized with the Yoast SEO Premium plugin v24.1 (Yoast SEO v26.8) - https:\/\/yoast.com\/product\/yoast-seo-premium-wordpress\/ -->\n<title>Huile de miel Sour Diesel Dabber\u2019s Delight - Beuh Paradis<\/title>\n<meta name=\"robots\" content=\"index, follow, max-snippet:-1, max-image-preview:large, max-video-preview:-1\" \/>\n<link rel=\"canonical\" href=\"https:\/\/beuhparadis.com\/it\/product\/huile-de-miel-sour-diesel-dabbers-delight\/\" \/>\n<meta property=\"og:locale\" content=\"it_IT\" \/>\n<meta property=\"og:type\" content=\"article\" \/>\n<meta property=\"og:title\" content=\"Huile de miel Sour Diesel Dabber\u2019s Delight\" \/>\n<meta property=\"og:description\" content=\"THC: 70% Effets M\u00e9dicaux: Soulagement potentiel de diverses conditions m\u00e9dicales gr\u00e2ce \u00e0 ses effets \u00e9nergisants et sa concentration en THC.\" \/>\n<meta property=\"og:url\" content=\"https:\/\/beuhparadis.com\/it\/product\/huile-de-miel-sour-diesel-dabbers-delight\/\" \/>\n<meta property=\"og:site_name\" content=\"Beuh Paradis\" \/>\n<meta property=\"article:modified_time\" content=\"2024-12-10T23:40:45+00:00\" \/>\n<meta name=\"twitter:card\" content=\"summary_large_image\" \/>\n<meta name=\"twitter:label1\" content=\"Tempo di lettura stimato\" \/>\n\t<meta name=\"twitter:data1\" content=\"3 minutes\" \/>\n<script type=\"application\/ld+json\" class=\"yoast-schema-graph\">{\"@context\":\"https:\/\/schema.org\",\"@graph\":[{\"@type\":\"WebPage\",\"@id\":\"https:\/\/beuhparadis.com\/product\/huile-de-miel-sour-diesel-dabbers-delight\/\",\"url\":\"https:\/\/beuhparadis.com\/product\/huile-de-miel-sour-diesel-dabbers-delight\/\",\"name\":\"Huile de miel Sour Diesel Dabber\u2019s Delight - Beuh Paradis\",\"isPartOf\":{\"@id\":\"https:\/\/beuhparadis.com\/#website\"},\"primaryImageOfPage\":{\"@id\":\"https:\/\/beuhparadis.com\/product\/huile-de-miel-sour-diesel-dabbers-delight\/#primaryimage\"},\"image\":{\"@id\":\"https:\/\/beuhparadis.com\/product\/huile-de-miel-sour-diesel-dabbers-delight\/#primaryimage\"},\"thumbnailUrl\":\"https:\/\/beuhparadis.com\/wp-content\/uploads\/2024\/12\/Dabbers-Delight-Sour-Diesel-Honey-Oil.jpeg\",\"datePublished\":\"2024-12-10T23:40:08+00:00\",\"dateModified\":\"2024-12-10T23:40:45+00:00\",\"breadcrumb\":{\"@id\":\"https:\/\/beuhparadis.com\/product\/huile-de-miel-sour-diesel-dabbers-delight\/#breadcrumb\"},\"inLanguage\":\"it-IT\",\"potentialAction\":[{\"@type\":\"ReadAction\",\"target\":[\"https:\/\/beuhparadis.com\/product\/huile-de-miel-sour-diesel-dabbers-delight\/\"]}]},{\"@type\":\"ImageObject\",\"inLanguage\":\"it-IT\",\"@id\":\"https:\/\/beuhparadis.com\/product\/huile-de-miel-sour-diesel-dabbers-delight\/#primaryimage\",\"url\":\"https:\/\/beuhparadis.com\/wp-content\/uploads\/2024\/12\/Dabbers-Delight-Sour-Diesel-Honey-Oil.jpeg\",\"contentUrl\":\"https:\/\/beuhparadis.com\/wp-content\/uploads\/2024\/12\/Dabbers-Delight-Sour-Diesel-Honey-Oil.jpeg\",\"width\":1000,\"height\":1000},{\"@type\":\"BreadcrumbList\",\"@id\":\"https:\/\/beuhparadis.com\/product\/huile-de-miel-sour-diesel-dabbers-delight\/#breadcrumb\",\"itemListElement\":[{\"@type\":\"ListItem\",\"position\":1,\"name\":\"Home\",\"item\":\"https:\/\/beuhparadis.com\/\"},{\"@type\":\"ListItem\",\"position\":2,\"name\":\"Shop\",\"item\":\"https:\/\/beuhparadis.com\/shop\/\"},{\"@type\":\"ListItem\",\"position\":3,\"name\":\"Huile de miel Sour Diesel Dabber\u2019s Delight\"}]},{\"@type\":\"WebSite\",\"@id\":\"https:\/\/beuhparadis.com\/#website\",\"url\":\"https:\/\/beuhparadis.com\/\",\"name\":\"Beuh Paradis\",\"description\":\"\",\"potentialAction\":[{\"@type\":\"SearchAction\",\"target\":{\"@type\":\"EntryPoint\",\"urlTemplate\":\"https:\/\/beuhparadis.com\/?s={search_term_string}\"},\"query-input\":{\"@type\":\"PropertyValueSpecification\",\"valueRequired\":true,\"valueName\":\"search_term_string\"}}],\"inLanguage\":\"it-IT\"}]}<\/script>\n<!-- \/ Yoast SEO Premium plugin. -->","yoast_head_json":{"title":"Olio di miele Sour Diesel Dabber's Delight - Beuh Paradis","robots":{"index":"index","follow":"follow","max-snippet":"max-snippet:-1","max-image-preview":"max-image-preview:large","max-video-preview":"max-video-preview:-1"},"canonical":"https:\/\/beuhparadis.com\/it\/product\/huile-de-miel-sour-diesel-dabbers-delight\/","og_locale":"it_IT","og_type":"article","og_title":"Huile de miel Sour Diesel Dabber\u2019s Delight","og_description":"THC: 70% Effets M\u00e9dicaux: Soulagement potentiel de diverses conditions m\u00e9dicales gr\u00e2ce \u00e0 ses effets \u00e9nergisants et sa concentration en THC.","og_url":"https:\/\/beuhparadis.com\/it\/product\/huile-de-miel-sour-diesel-dabbers-delight\/","og_site_name":"Beuh Paradis","article_modified_time":"2024-12-10T23:40:45+00:00","twitter_card":"summary_large_image","twitter_misc":{"Tempo di lettura stimato":"3 minutes"},"schema":{"@context":"https:\/\/schema.org","@graph":[{"@type":"WebPage","@id":"https:\/\/beuhparadis.com\/product\/huile-de-miel-sour-diesel-dabbers-delight\/","url":"https:\/\/beuhparadis.com\/product\/huile-de-miel-sour-diesel-dabbers-delight\/","name":"Olio di miele Sour Diesel Dabber's Delight - Beuh Paradis","isPartOf":{"@id":"https:\/\/beuhparadis.com\/#website"},"primaryImageOfPage":{"@id":"https:\/\/beuhparadis.com\/product\/huile-de-miel-sour-diesel-dabbers-delight\/#primaryimage"},"image":{"@id":"https:\/\/beuhparadis.com\/product\/huile-de-miel-sour-diesel-dabbers-delight\/#primaryimage"},"thumbnailUrl":"https:\/\/beuhparadis.com\/wp-content\/uploads\/2024\/12\/Dabbers-Delight-Sour-Diesel-Honey-Oil.jpeg","datePublished":"2024-12-10T23:40:08+00:00","dateModified":"2024-12-10T23:40:45+00:00","breadcrumb":{"@id":"https:\/\/beuhparadis.com\/product\/huile-de-miel-sour-diesel-dabbers-delight\/#breadcrumb"},"inLanguage":"it-IT","potentialAction":[{"@type":"ReadAction","target":["https:\/\/beuhparadis.com\/product\/huile-de-miel-sour-diesel-dabbers-delight\/"]}]},{"@type":"ImageObject","inLanguage":"it-IT","@id":"https:\/\/beuhparadis.com\/product\/huile-de-miel-sour-diesel-dabbers-delight\/#primaryimage","url":"https:\/\/beuhparadis.com\/wp-content\/uploads\/2024\/12\/Dabbers-Delight-Sour-Diesel-Honey-Oil.jpeg","contentUrl":"https:\/\/beuhparadis.com\/wp-content\/uploads\/2024\/12\/Dabbers-Delight-Sour-Diesel-Honey-Oil.jpeg","width":1000,"height":1000},{"@type":"BreadcrumbList","@id":"https:\/\/beuhparadis.com\/product\/huile-de-miel-sour-diesel-dabbers-delight\/#breadcrumb","itemListElement":[{"@type":"ListItem","position":1,"name":"Home","item":"https:\/\/beuhparadis.com\/"},{"@type":"ListItem","position":2,"name":"Shop","item":"https:\/\/beuhparadis.com\/shop\/"},{"@type":"ListItem","position":3,"name":"Huile de miel Sour Diesel Dabber\u2019s Delight"}]},{"@type":"WebSite","@id":"https:\/\/beuhparadis.com\/#website","url":"https:\/\/beuhparadis.com\/","name":"Beuh Paradis","description":"","potentialAction":[{"@type":"SearchAction","target":{"@type":"EntryPoint","urlTemplate":"https:\/\/beuhparadis.com\/?s={search_term_string}"},"query-input":{"@type":"PropertyValueSpecification","valueRequired":true,"valueName":"search_term_string"}}],"inLanguage":"it-IT"}]}},"_links":{"self":[{"href":"https:\/\/beuhparadis.com\/it\/wp-json\/wp\/v2\/product\/1386","targetHints":{"allow":["GET"]}}],"collection":[{"href":"https:\/\/beuhparadis.com\/it\/wp-json\/wp\/v2\/product"}],"about":[{"href":"https:\/\/beuhparadis.com\/it\/wp-json\/wp\/v2\/types\/product"}],"replies":[{"embeddable":true,"href":"https:\/\/beuhparadis.com\/it\/wp-json\/wp\/v2\/comments?post=1386"}],"wp:featuredmedia":[{"embeddable":true,"href":"https:\/\/beuhparadis.com\/it\/wp-json\/wp\/v2\/media\/1423"}],"wp:attachment":[{"href":"https:\/\/beuhparadis.com\/it\/wp-json\/wp\/v2\/media?parent=1386"}],"wp:term":[{"taxonomy":"product_brand","embeddable":true,"href":"https:\/\/beuhparadis.com\/it\/wp-json\/wp\/v2\/product_brand?post=1386"},{"taxonomy":"product_cat","embeddable":true,"href":"https:\/\/beuhparadis.com\/it\/wp-json\/wp\/v2\/product_cat?post=1386"},{"taxonomy":"product_tag","embeddable":true,"href":"https:\/\/beuhparadis.com\/it\/wp-json\/wp\/v2\/product_tag?post=1386"}],"curies":[{"name":"wp","href":"https:\/\/api.w.org\/{rel}","templated":true}]}}