{"id":1374,"date":"2024-12-10T23:40:08","date_gmt":"2024-12-10T23:40:08","guid":{"rendered":"https:\/\/beuhparadis.com\/?post_type=product&#038;p=1374"},"modified":"2024-12-10T23:40:29","modified_gmt":"2024-12-10T23:40:29","slug":"huile-de-haschisch-a-haute-teneur-en-thc","status":"publish","type":"product","link":"https:\/\/beuhparadis.com\/it\/product\/huile-de-haschisch-a-haute-teneur-en-thc\/","title":{"rendered":"Olio di hashish con un alto contenuto di THC"},"content":{"rendered":"<h1 class=\"wp-block-heading\">Comprare l'olio di hashish THC<\/h1>\n<p>L'olio di hashish THC \u00e8 un prodotto concentrato di cannabis a spettro completo, noto anche come Phoenix Tears o Rick Simpson Oil (RSO). Prodotto con un metodo di estrazione a base di alcol isopropilico, questo olio si distingue per il suo alto contenuto di THC. Naturale e potente, l'olio di hashish THC svolge un ruolo chiave nel funzionamento del sistema endocannabinoide, offrendo sollievo per molte malattie, tra cui epilessia e cancro.<\/p>\n<h2 class=\"wp-block-heading\">Composizione dell'olio di THC<\/h2>\n<ul class=\"wp-block-list\">\n<li><strong>Contenuto di THC<\/strong>: 50%<\/li>\n<li><strong>Metodo di estrazione<\/strong>Alcool isopropilico<\/li>\n<li><strong>CBD<\/strong>Disponibile in alte concentrazioni di THC e CBD<\/li>\n<\/ul>\n<h2 class=\"wp-block-heading\">THC e CBD<\/h2>\n<ul class=\"wp-block-list\">\n<li>Alte concentrazioni di THC per la massima efficacia, in particolare nel trattamento del cancro.<\/li>\n<\/ul>\n<h2 class=\"wp-block-heading\">Dove acquistare l'olio di hashish THC online?<\/h2>\n<p>Acquistate il vostro olio di hashish THC online in Europa attraverso piattaforme affidabili come Acheterducannabis, assicurandovi un prodotto di alta qualit\u00e0.<\/p>\n<h2 class=\"wp-block-heading\">Effetti, aromi e sapori<\/h2>\n<h3 class=\"wp-block-heading\">Effetto<\/h3>\n<ul class=\"wp-block-list\">\n<li>Sollievo per molti disturbi, attivazione del sistema endocannabinoide per un funzionamento sano.<\/li>\n<\/ul>\n<h3 class=\"wp-block-heading\">Sapore e gusto<\/h3>\n<ul class=\"wp-block-list\">\n<li>Le caratteristiche naturali della cannabis, senza aromi o sapori aggiunti.<\/li>\n<\/ul>\n<h2 class=\"wp-block-heading\">Effetti medici<\/h2>\n<h3 class=\"wp-block-heading\">Effetti medici<\/h3>\n<ul class=\"wp-block-list\">\n<li>Sollievo da epilessia, cancro e altro ancora.<\/li>\n<\/ul>\n<h3 class=\"wp-block-heading\">Pu\u00f2 alleviare<\/h3>\n<ul class=\"wp-block-list\">\n<li>SLA, morbo di Alzheimer, artrite, vari tipi di cancro, diabete.<\/li>\n<\/ul>\n<h2 class=\"wp-block-heading\">Scegliere l'olio di THC giusto<\/h2>\n<p>Optate per un olio di hashish ad alta concentrazione di THC per garantire la massima efficacia, in particolare per la guarigione dal cancro.<\/p>\n<h2 class=\"wp-block-heading\">Usi dell'olio di Hash THC<\/h2>\n<p>L'olio di hashish THC viene utilizzato per il trattamento e il sollievo di una serie di gravi condizioni mediche, grazie alle sue potenti propriet\u00e0 terapeutiche.<\/p>\n<h2 class=\"wp-block-heading\">Come deve essere conservato l'olio di THC?<\/h2>\n<p>Per una conservazione ottimale, conservate l'olio di hashish THC in un luogo fresco e buio, preferibilmente in un contenitore ermetico.<\/p>\n<h2 class=\"wp-block-heading\">Perch\u00e9 acquistare l'olio di hashish THC su Acheterducannabis?<\/h2>\n<p>Acheterducannabis \u00e8 la scelta preferita per l'acquisto di olio di hashish THC, offrendo un prodotto naturale, potente e testato a un prezzo competitivo.<\/p>\n<h2 class=\"wp-block-heading\">Legislazione governativa sulla vendita di olio di THC in Europa<\/h2>\n<p>La vendita di<a href=\"https:\/\/acheterducannabis.fr\/huile-thc\/\" data-type=\"link\" data-id=\"https:\/\/acheterducannabis.fr\/huile-thc\/\">Olio di THC<\/a>compreso l'olio di hashish al THC, \u00e8 soggetto a normative specifiche in Europa. Informatevi sulle leggi locali prima di acquistare, per garantire un'esperienza sicura e conforme.<\/p>\n<p>L'olio di hashish THC \u00e8 una soluzione naturale ed efficace per il trattamento di gravi patologie, che offre speranza e sollievo a molti pazienti. Disponibile su Acheterducannabis, quest'olio garantisce un'esperienza terapeutica di qualit\u00e0 per chi cerca soluzioni naturali ai propri disturbi.<\/p>","protected":false},"excerpt":{"rendered":"<p><strong>THC: <\/strong>50%<strong><br \/> Effetti medici:<\/strong> Sollievo da epilessia, cancro e altro ancora.<\/p>","protected":false},"featured_media":1399,"comment_status":"closed","ping_status":"closed","template":"","meta":{"site-sidebar-layout":"default","site-content-layout":"","ast-site-content-layout":"","site-content-style":"default","site-sidebar-style":"default","ast-global-header-display":"","ast-banner-title-visibility":"","ast-main-header-display":"","ast-hfb-above-header-display":"","ast-hfb-below-header-display":"","ast-hfb-mobile-header-display":"","site-post-title":"","ast-breadcrumbs-content":"","ast-featured-img":"","footer-sml-layout":"","theme-transparent-header-meta":"","adv-header-id-meta":"","stick-header-meta":"","header-above-stick-meta":"","header-main-stick-meta":"","header-below-stick-meta":"","astra-migrate-meta-layouts":"default","ast-page-background-enabled":"default","ast-page-background-meta":{"desktop":{"background-color":"","background-image":"","background-repeat":"repeat","background-position":"center center","background-size":"auto","background-attachment":"scroll","background-type":"","background-media":"","overlay-type":"","overlay-color":"","overlay-opacity":"","overlay-gradient":""},"tablet":{"background-color":"","background-image":"","background-repeat":"repeat","background-position":"center center","background-size":"auto","background-attachment":"scroll","background-type":"","background-media":"","overlay-type":"","overlay-color":"","overlay-opacity":"","overlay-gradient":""},"mobile":{"background-color":"","background-image":"","background-repeat":"repeat","background-position":"center center","background-size":"auto","background-attachment":"scroll","background-type":"","background-media":"","overlay-type":"","overlay-color":"","overlay-opacity":"","overlay-gradient":""}},"ast-content-background-meta":{"desktop":{"background-color":"var(--ast-global-color-5)","background-image":"","background-repeat":"repeat","background-position":"center center","background-size":"auto","background-attachment":"scroll","background-type":"","background-media":"","overlay-type":"","overlay-color":"","overlay-opacity":"","overlay-gradient":""},"tablet":{"background-color":"var(--ast-global-color-5)","background-image":"","background-repeat":"repeat","background-position":"center center","background-size":"auto","background-attachment":"scroll","background-type":"","background-media":"","overlay-type":"","overlay-color":"","overlay-opacity":"","overlay-gradient":""},"mobile":{"background-color":"var(--ast-global-color-5)","background-image":"","background-repeat":"repeat","background-position":"center center","background-size":"auto","background-attachment":"scroll","background-type":"","background-media":"","overlay-type":"","overlay-color":"","overlay-opacity":"","overlay-gradient":""}},"_joinchat":[]},"product_brand":[],"product_cat":[36],"product_tag":[],"class_list":{"0":"post-1374","1":"product","2":"type-product","3":"status-publish","4":"has-post-thumbnail","6":"product_cat-huile-thc","7":"desktop-align-left","8":"tablet-align-left","9":"mobile-align-left","11":"first","12":"instock","13":"shipping-taxable","14":"purchasable","15":"product-type-variable"},"yoast_head":"<!-- This site is optimized with the Yoast SEO Premium plugin v24.1 (Yoast SEO v26.8) - https:\/\/yoast.com\/product\/yoast-seo-premium-wordpress\/ -->\n<title>Huile de haschisch \u00e0 haute teneur en THC - Beuh Paradis<\/title>\n<meta name=\"robots\" content=\"index, follow, max-snippet:-1, max-image-preview:large, max-video-preview:-1\" \/>\n<link rel=\"canonical\" href=\"https:\/\/beuhparadis.com\/it\/product\/huile-de-haschisch-a-haute-teneur-en-thc\/\" \/>\n<meta property=\"og:locale\" content=\"it_IT\" \/>\n<meta property=\"og:type\" content=\"article\" \/>\n<meta property=\"og:title\" content=\"Huile de haschisch \u00e0 haute teneur en THC\" \/>\n<meta property=\"og:description\" content=\"THC: 50% Effets M\u00e9dicaux: Soulagement de l&rsquo;\u00e9pilepsie, du cancer, et bien plus.\" \/>\n<meta property=\"og:url\" content=\"https:\/\/beuhparadis.com\/it\/product\/huile-de-haschisch-a-haute-teneur-en-thc\/\" \/>\n<meta property=\"og:site_name\" content=\"Beuh Paradis\" \/>\n<meta property=\"article:modified_time\" content=\"2024-12-10T23:40:29+00:00\" \/>\n<meta name=\"twitter:card\" content=\"summary_large_image\" \/>\n<meta name=\"twitter:label1\" content=\"Tempo di lettura stimato\" \/>\n\t<meta name=\"twitter:data1\" content=\"2 minutes\" \/>\n<script type=\"application\/ld+json\" class=\"yoast-schema-graph\">{\"@context\":\"https:\/\/schema.org\",\"@graph\":[{\"@type\":\"WebPage\",\"@id\":\"https:\/\/beuhparadis.com\/product\/huile-de-haschisch-a-haute-teneur-en-thc\/\",\"url\":\"https:\/\/beuhparadis.com\/product\/huile-de-haschisch-a-haute-teneur-en-thc\/\",\"name\":\"Huile de haschisch \u00e0 haute teneur en THC - Beuh Paradis\",\"isPartOf\":{\"@id\":\"https:\/\/beuhparadis.com\/#website\"},\"primaryImageOfPage\":{\"@id\":\"https:\/\/beuhparadis.com\/product\/huile-de-haschisch-a-haute-teneur-en-thc\/#primaryimage\"},\"image\":{\"@id\":\"https:\/\/beuhparadis.com\/product\/huile-de-haschisch-a-haute-teneur-en-thc\/#primaryimage\"},\"thumbnailUrl\":\"https:\/\/beuhparadis.com\/wp-content\/uploads\/2024\/12\/High-THC-Hash-Oil.webp\",\"datePublished\":\"2024-12-10T23:40:08+00:00\",\"dateModified\":\"2024-12-10T23:40:29+00:00\",\"breadcrumb\":{\"@id\":\"https:\/\/beuhparadis.com\/product\/huile-de-haschisch-a-haute-teneur-en-thc\/#breadcrumb\"},\"inLanguage\":\"it-IT\",\"potentialAction\":[{\"@type\":\"ReadAction\",\"target\":[\"https:\/\/beuhparadis.com\/product\/huile-de-haschisch-a-haute-teneur-en-thc\/\"]}]},{\"@type\":\"ImageObject\",\"inLanguage\":\"it-IT\",\"@id\":\"https:\/\/beuhparadis.com\/product\/huile-de-haschisch-a-haute-teneur-en-thc\/#primaryimage\",\"url\":\"https:\/\/beuhparadis.com\/wp-content\/uploads\/2024\/12\/High-THC-Hash-Oil.webp\",\"contentUrl\":\"https:\/\/beuhparadis.com\/wp-content\/uploads\/2024\/12\/High-THC-Hash-Oil.webp\",\"width\":550,\"height\":539},{\"@type\":\"BreadcrumbList\",\"@id\":\"https:\/\/beuhparadis.com\/product\/huile-de-haschisch-a-haute-teneur-en-thc\/#breadcrumb\",\"itemListElement\":[{\"@type\":\"ListItem\",\"position\":1,\"name\":\"Home\",\"item\":\"https:\/\/beuhparadis.com\/\"},{\"@type\":\"ListItem\",\"position\":2,\"name\":\"Shop\",\"item\":\"https:\/\/beuhparadis.com\/shop\/\"},{\"@type\":\"ListItem\",\"position\":3,\"name\":\"Huile de haschisch \u00e0 haute teneur en THC\"}]},{\"@type\":\"WebSite\",\"@id\":\"https:\/\/beuhparadis.com\/#website\",\"url\":\"https:\/\/beuhparadis.com\/\",\"name\":\"Beuh Paradis\",\"description\":\"\",\"potentialAction\":[{\"@type\":\"SearchAction\",\"target\":{\"@type\":\"EntryPoint\",\"urlTemplate\":\"https:\/\/beuhparadis.com\/?s={search_term_string}\"},\"query-input\":{\"@type\":\"PropertyValueSpecification\",\"valueRequired\":true,\"valueName\":\"search_term_string\"}}],\"inLanguage\":\"it-IT\"}]}<\/script>\n<!-- \/ Yoast SEO Premium plugin. -->","yoast_head_json":{"title":"Olio di hashish ad alto contenuto di THC - Beuh Paradis","robots":{"index":"index","follow":"follow","max-snippet":"max-snippet:-1","max-image-preview":"max-image-preview:large","max-video-preview":"max-video-preview:-1"},"canonical":"https:\/\/beuhparadis.com\/it\/product\/huile-de-haschisch-a-haute-teneur-en-thc\/","og_locale":"it_IT","og_type":"article","og_title":"Huile de haschisch \u00e0 haute teneur en THC","og_description":"THC: 50% Effets M\u00e9dicaux: Soulagement de l&rsquo;\u00e9pilepsie, du cancer, et bien plus.","og_url":"https:\/\/beuhparadis.com\/it\/product\/huile-de-haschisch-a-haute-teneur-en-thc\/","og_site_name":"Beuh Paradis","article_modified_time":"2024-12-10T23:40:29+00:00","twitter_card":"summary_large_image","twitter_misc":{"Tempo di lettura stimato":"2 minutes"},"schema":{"@context":"https:\/\/schema.org","@graph":[{"@type":"WebPage","@id":"https:\/\/beuhparadis.com\/product\/huile-de-haschisch-a-haute-teneur-en-thc\/","url":"https:\/\/beuhparadis.com\/product\/huile-de-haschisch-a-haute-teneur-en-thc\/","name":"Olio di hashish ad alto contenuto di THC - Beuh Paradis","isPartOf":{"@id":"https:\/\/beuhparadis.com\/#website"},"primaryImageOfPage":{"@id":"https:\/\/beuhparadis.com\/product\/huile-de-haschisch-a-haute-teneur-en-thc\/#primaryimage"},"image":{"@id":"https:\/\/beuhparadis.com\/product\/huile-de-haschisch-a-haute-teneur-en-thc\/#primaryimage"},"thumbnailUrl":"https:\/\/beuhparadis.com\/wp-content\/uploads\/2024\/12\/High-THC-Hash-Oil.webp","datePublished":"2024-12-10T23:40:08+00:00","dateModified":"2024-12-10T23:40:29+00:00","breadcrumb":{"@id":"https:\/\/beuhparadis.com\/product\/huile-de-haschisch-a-haute-teneur-en-thc\/#breadcrumb"},"inLanguage":"it-IT","potentialAction":[{"@type":"ReadAction","target":["https:\/\/beuhparadis.com\/product\/huile-de-haschisch-a-haute-teneur-en-thc\/"]}]},{"@type":"ImageObject","inLanguage":"it-IT","@id":"https:\/\/beuhparadis.com\/product\/huile-de-haschisch-a-haute-teneur-en-thc\/#primaryimage","url":"https:\/\/beuhparadis.com\/wp-content\/uploads\/2024\/12\/High-THC-Hash-Oil.webp","contentUrl":"https:\/\/beuhparadis.com\/wp-content\/uploads\/2024\/12\/High-THC-Hash-Oil.webp","width":550,"height":539},{"@type":"BreadcrumbList","@id":"https:\/\/beuhparadis.com\/product\/huile-de-haschisch-a-haute-teneur-en-thc\/#breadcrumb","itemListElement":[{"@type":"ListItem","position":1,"name":"Home","item":"https:\/\/beuhparadis.com\/"},{"@type":"ListItem","position":2,"name":"Shop","item":"https:\/\/beuhparadis.com\/shop\/"},{"@type":"ListItem","position":3,"name":"Huile de haschisch \u00e0 haute teneur en THC"}]},{"@type":"WebSite","@id":"https:\/\/beuhparadis.com\/#website","url":"https:\/\/beuhparadis.com\/","name":"Beuh Paradis","description":"","potentialAction":[{"@type":"SearchAction","target":{"@type":"EntryPoint","urlTemplate":"https:\/\/beuhparadis.com\/?s={search_term_string}"},"query-input":{"@type":"PropertyValueSpecification","valueRequired":true,"valueName":"search_term_string"}}],"inLanguage":"it-IT"}]}},"_links":{"self":[{"href":"https:\/\/beuhparadis.com\/it\/wp-json\/wp\/v2\/product\/1374","targetHints":{"allow":["GET"]}}],"collection":[{"href":"https:\/\/beuhparadis.com\/it\/wp-json\/wp\/v2\/product"}],"about":[{"href":"https:\/\/beuhparadis.com\/it\/wp-json\/wp\/v2\/types\/product"}],"replies":[{"embeddable":true,"href":"https:\/\/beuhparadis.com\/it\/wp-json\/wp\/v2\/comments?post=1374"}],"wp:featuredmedia":[{"embeddable":true,"href":"https:\/\/beuhparadis.com\/it\/wp-json\/wp\/v2\/media\/1399"}],"wp:attachment":[{"href":"https:\/\/beuhparadis.com\/it\/wp-json\/wp\/v2\/media?parent=1374"}],"wp:term":[{"taxonomy":"product_brand","embeddable":true,"href":"https:\/\/beuhparadis.com\/it\/wp-json\/wp\/v2\/product_brand?post=1374"},{"taxonomy":"product_cat","embeddable":true,"href":"https:\/\/beuhparadis.com\/it\/wp-json\/wp\/v2\/product_cat?post=1374"},{"taxonomy":"product_tag","embeddable":true,"href":"https:\/\/beuhparadis.com\/it\/wp-json\/wp\/v2\/product_tag?post=1374"}],"curies":[{"name":"wp","href":"https:\/\/api.w.org\/{rel}","templated":true}]}}