{"id":1368,"date":"2024-12-10T23:40:08","date_gmt":"2024-12-10T23:40:08","guid":{"rendered":"https:\/\/beuhparadis.com\/?post_type=product&#038;p=1368"},"modified":"2024-12-10T23:40:29","modified_gmt":"2024-12-10T23:40:29","slug":"huile-de-cannabis-rick-simpson","status":"publish","type":"product","link":"https:\/\/beuhparadis.com\/it\/product\/huile-de-cannabis-rick-simpson\/","title":{"rendered":"Olio di cannabis Rick Simpson"},"content":{"rendered":"<h1 class=\"wp-block-heading\">Comprare Rick Simpson Oil (RSO)<\/h1>\n<p>L'olio Rick Simpson \u00e8 un estratto concentrato di cannabis rinomato per le sue numerose propriet\u00e0 medicinali. Noto per il suo elevato contenuto di THC e CBD, questo olio, conosciuto anche con l'acronimo RSO (Rick Simpson Oil), \u00e8 spesso citato per i suoi effetti benefici nel trattamento di varie condizioni mediche. Ecco una guida completa all'olio di Rick Simpson, dalla sua composizione agli usi, fino ai consigli per l'acquisto e la conservazione.<\/p>\n<h2 class=\"wp-block-heading\">Composizione dell'olio di THC<\/h2>\n<ul class=\"wp-block-list\">\n<li><strong>Composizione<\/strong>Estratto dalle gemme e dagli oli essenziali di cannabis, l'olio francese Rick Simpson \u00e8 rinomato per la sua alta qualit\u00e0.<\/li>\n<li><strong>Nome comune<\/strong>Conosciuta come \"lacrime di Pheonix\" o \"olio di hashish\", la RSO di Rick Simpson si distingue per la sua potenza.<\/li>\n<li><strong>Dosaggio<\/strong>Controllato con precisione per garantire una consistenza medica con l'olio Rick Simpson.<\/li>\n<\/ul>\n<h2 class=\"wp-block-heading\">THC e CBD<\/h2>\n<p>L'olio Rick Simpson contiene un'alta concentrazione di 80 % THC e una percentuale di 15% CBD, che contribuiscono al suo potenziale terapeutico.<\/p>\n<h2 class=\"wp-block-heading\">Dove posso acquistare l'olio di Rick Simpson online?<\/h2>\n<p>Disponibile in Europa, \u00e8 possibile acquistare l'olio di Rick Simpson online su piattaforme specializzate come Acheterducannabis, garantendo un prodotto di altissima qualit\u00e0.<\/p>\n<h2 class=\"wp-block-heading\">Effetti, aromi e sapori<\/h2>\n<h3 class=\"wp-block-heading\">Effetto<\/h3>\n<ul class=\"wp-block-list\">\n<li>L'olio di Rick Simpson offre un trattamento naturale e sicuro per quasi tutti i disturbi medici, senza effetti collaterali negativi.<\/li>\n<\/ul>\n<h3 class=\"wp-block-heading\">Sapore e gusto<\/h3>\n<ul class=\"wp-block-list\">\n<li>Concentrato medicinale creato a partire dalla cannabis, il Rick Simpson French Oil non ha un aroma o un sapore particolare.<\/li>\n<\/ul>\n<h2 class=\"wp-block-heading\">Effetti medici<\/h2>\n<h3 class=\"wp-block-heading\">Effetti medici<\/h3>\n<ul class=\"wp-block-list\">\n<li>L'olio RSO di Rick Simpson \u00e8 un potenziale trattamento per cancro, diabete, dolore cronico, HIV\/AIDS e molte altre patologie.<\/li>\n<\/ul>\n<h3 class=\"wp-block-heading\">Pu\u00f2 alleviare<\/h3>\n<ul class=\"wp-block-list\">\n<li>Con l'olio di Rick Simpson \u00e8 possibile risolvere un'ampia gamma di patologie, tra cui disturbi neurologici, malattie cardiovascolari e squilibri ormonali.<\/li>\n<\/ul>\n<h2 class=\"wp-block-heading\">Scegliere l'olio di THC giusto<\/h2>\n<ul class=\"wp-block-list\">\n<li>\u00c8 fondamentale scegliere un olio di THC di qualit\u00e0, come l'olio Rick Simpson, che \u00e8 stato testato in modo indipendente per garantire potenza e purezza.<\/li>\n<\/ul>\n<h2 class=\"wp-block-heading\">Usi dell'olio di Rick Simpson<\/h2>\n<p>L'olio di Rick Simpson viene utilizzato come trattamento alternativo per molte condizioni mediche, offrendo il potenziale di guarigione senza gli effetti collaterali dei trattamenti convenzionali.<\/p>\n<h2 class=\"wp-block-heading\">Come conservare l'olio di THC?<\/h2>\n<p>Per una conservazione ottimale, l'olio di Rick Simpson deve essere conservato in un luogo fresco e buio, possibilmente in un contenitore ermetico per preservarne la potenza.<\/p>\n<h2 class=\"wp-block-heading\">Perch\u00e9 acquistare l'olio di Rick Simpson su Acheterducannabis?<\/h2>\n<p><a href=\"https:\/\/acheterducannabis.fr\/\" data-type=\"link\" data-id=\"https:\/\/acheterducannabis.fr\/\">Acquista la cannabis<\/a> si distingue per il suo impegno a fornire olio Rick Simpson della massima qualit\u00e0, a un prezzo accessibile, con un servizio clienti eccezionale per chi desidera acquistare olio Rick Simpson.<\/p>\n<h2 class=\"wp-block-heading\">Legislazione governativa sulla vendita di olio di THC in Europa<\/h2>\n<p>Regolamenti che disciplinano la vendita di<a href=\"https:\/\/acheterducannabis.fr\/huile-thc\/\" data-type=\"link\" data-id=\"https:\/\/acheterducannabis.fr\/huile-thc\/\">Olio di THC<\/a>L'olio Rick Simpson varia in Europa. \u00c8 essenziale informarsi sulle leggi locali prima di acquistare l'olio Rick Simpson per garantire un'esperienza sicura e conforme.<\/p>\n<p>Olio da <a href=\"https:\/\/www.kalapa-clinic.com\/fr\/rick-simpson-oil-contre-cancer\/#:~:text=Rick%20Simpson%20Oil%20(RSO)%20est,une%20concentration%20%C3%A9lev%C3%A9e%20de%20THC.\" data-type=\"link\" data-id=\"https:\/\/www.kalapa-clinic.com\/fr\/rick-simpson-oil-contre-cancer\/#:~:text=Rick%20Simpson%20Oil%20(RSO)%20est,une%20concentration%20%C3%A9lev%C3%A9e%20de%20THC.\">Rick Simpson<\/a> rappresenta un progresso significativo nel mondo della medicina alternativa, offrendo un immenso potenziale terapeutico per diverse patologie. Disponibile su Acheterducannabis, questo olio promette una soluzione naturale ed efficace per chi cerca un trattamento alternativo per i propri disturbi.<\/p>\n<p><img decoding=\"async\" class=\"wp-image-10267\" style=\"width: 1000px\" src=\"https:\/\/acheterducannabis.fr\/wp-content\/uploads\/2024\/03\/RSO-Dosage-chart.webp\" alt=\"\"><\/p>","protected":false},"excerpt":{"rendered":"<p><strong>THC:<\/strong> 80%<br \/> <strong>CBD:<\/strong> 15%<\/p>\n<p><strong>Effetti medici: <\/strong>L'olio RSO di Rick Simpson \u00e8 un potenziale trattamento per cancro, diabete, dolore cronico, HIV\/AIDS e molte altre patologie.<\/p>","protected":false},"featured_media":1398,"comment_status":"closed","ping_status":"closed","template":"","meta":{"site-sidebar-layout":"default","site-content-layout":"","ast-site-content-layout":"","site-content-style":"default","site-sidebar-style":"default","ast-global-header-display":"","ast-banner-title-visibility":"","ast-main-header-display":"","ast-hfb-above-header-display":"","ast-hfb-below-header-display":"","ast-hfb-mobile-header-display":"","site-post-title":"","ast-breadcrumbs-content":"","ast-featured-img":"","footer-sml-layout":"","theme-transparent-header-meta":"","adv-header-id-meta":"","stick-header-meta":"","header-above-stick-meta":"","header-main-stick-meta":"","header-below-stick-meta":"","astra-migrate-meta-layouts":"default","ast-page-background-enabled":"default","ast-page-background-meta":{"desktop":{"background-color":"","background-image":"","background-repeat":"repeat","background-position":"center center","background-size":"auto","background-attachment":"scroll","background-type":"","background-media":"","overlay-type":"","overlay-color":"","overlay-opacity":"","overlay-gradient":""},"tablet":{"background-color":"","background-image":"","background-repeat":"repeat","background-position":"center center","background-size":"auto","background-attachment":"scroll","background-type":"","background-media":"","overlay-type":"","overlay-color":"","overlay-opacity":"","overlay-gradient":""},"mobile":{"background-color":"","background-image":"","background-repeat":"repeat","background-position":"center center","background-size":"auto","background-attachment":"scroll","background-type":"","background-media":"","overlay-type":"","overlay-color":"","overlay-opacity":"","overlay-gradient":""}},"ast-content-background-meta":{"desktop":{"background-color":"var(--ast-global-color-5)","background-image":"","background-repeat":"repeat","background-position":"center center","background-size":"auto","background-attachment":"scroll","background-type":"","background-media":"","overlay-type":"","overlay-color":"","overlay-opacity":"","overlay-gradient":""},"tablet":{"background-color":"var(--ast-global-color-5)","background-image":"","background-repeat":"repeat","background-position":"center center","background-size":"auto","background-attachment":"scroll","background-type":"","background-media":"","overlay-type":"","overlay-color":"","overlay-opacity":"","overlay-gradient":""},"mobile":{"background-color":"var(--ast-global-color-5)","background-image":"","background-repeat":"repeat","background-position":"center center","background-size":"auto","background-attachment":"scroll","background-type":"","background-media":"","overlay-type":"","overlay-color":"","overlay-opacity":"","overlay-gradient":""}},"_joinchat":[]},"product_brand":[],"product_cat":[36],"product_tag":[],"class_list":{"0":"post-1368","1":"product","2":"type-product","3":"status-publish","4":"has-post-thumbnail","6":"product_cat-huile-thc","7":"desktop-align-left","8":"tablet-align-left","9":"mobile-align-left","11":"first","12":"instock","13":"shipping-taxable","14":"purchasable","15":"product-type-variable"},"yoast_head":"<!-- This site is optimized with the Yoast SEO Premium plugin v24.1 (Yoast SEO v26.8) - https:\/\/yoast.com\/product\/yoast-seo-premium-wordpress\/ -->\n<title>Huile de cannabis Rick Simpson - Beuh Paradis<\/title>\n<meta name=\"robots\" content=\"index, follow, max-snippet:-1, max-image-preview:large, max-video-preview:-1\" \/>\n<link rel=\"canonical\" href=\"https:\/\/beuhparadis.com\/it\/product\/huile-de-cannabis-rick-simpson\/\" \/>\n<meta property=\"og:locale\" content=\"it_IT\" \/>\n<meta property=\"og:type\" content=\"article\" \/>\n<meta property=\"og:title\" content=\"Huile de cannabis Rick Simpson\" \/>\n<meta property=\"og:description\" content=\"THC: 80% CBD: 15% Effets M\u00e9dicaux: L&rsquo;huile Rick Simpson RSO est un traitement potentiel pour le cancer, le diab\u00e8te, la douleur chronique, le VIH\/SIDA, et bien d&rsquo;autres conditions.\" \/>\n<meta property=\"og:url\" content=\"https:\/\/beuhparadis.com\/it\/product\/huile-de-cannabis-rick-simpson\/\" \/>\n<meta property=\"og:site_name\" content=\"Beuh Paradis\" \/>\n<meta property=\"article:modified_time\" content=\"2024-12-10T23:40:29+00:00\" \/>\n<meta property=\"og:image\" content=\"https:\/\/acheterducannabis.fr\/wp-content\/uploads\/2024\/03\/RSO-Dosage-chart.webp\" \/>\n<meta name=\"twitter:card\" content=\"summary_large_image\" \/>\n<meta name=\"twitter:label1\" content=\"Tempo di lettura stimato\" \/>\n\t<meta name=\"twitter:data1\" content=\"3 minutes\" \/>\n<script type=\"application\/ld+json\" class=\"yoast-schema-graph\">{\"@context\":\"https:\/\/schema.org\",\"@graph\":[{\"@type\":\"WebPage\",\"@id\":\"https:\/\/beuhparadis.com\/product\/huile-de-cannabis-rick-simpson\/\",\"url\":\"https:\/\/beuhparadis.com\/product\/huile-de-cannabis-rick-simpson\/\",\"name\":\"Huile de cannabis Rick Simpson - Beuh Paradis\",\"isPartOf\":{\"@id\":\"https:\/\/beuhparadis.com\/#website\"},\"primaryImageOfPage\":{\"@id\":\"https:\/\/beuhparadis.com\/product\/huile-de-cannabis-rick-simpson\/#primaryimage\"},\"image\":{\"@id\":\"https:\/\/beuhparadis.com\/product\/huile-de-cannabis-rick-simpson\/#primaryimage\"},\"thumbnailUrl\":\"https:\/\/beuhparadis.com\/wp-content\/uploads\/2024\/12\/Rick-Simpson-Cannabis-Oil.webp\",\"datePublished\":\"2024-12-10T23:40:08+00:00\",\"dateModified\":\"2024-12-10T23:40:29+00:00\",\"breadcrumb\":{\"@id\":\"https:\/\/beuhparadis.com\/product\/huile-de-cannabis-rick-simpson\/#breadcrumb\"},\"inLanguage\":\"it-IT\",\"potentialAction\":[{\"@type\":\"ReadAction\",\"target\":[\"https:\/\/beuhparadis.com\/product\/huile-de-cannabis-rick-simpson\/\"]}]},{\"@type\":\"ImageObject\",\"inLanguage\":\"it-IT\",\"@id\":\"https:\/\/beuhparadis.com\/product\/huile-de-cannabis-rick-simpson\/#primaryimage\",\"url\":\"https:\/\/beuhparadis.com\/wp-content\/uploads\/2024\/12\/Rick-Simpson-Cannabis-Oil.webp\",\"contentUrl\":\"https:\/\/beuhparadis.com\/wp-content\/uploads\/2024\/12\/Rick-Simpson-Cannabis-Oil.webp\",\"width\":1000,\"height\":1000},{\"@type\":\"BreadcrumbList\",\"@id\":\"https:\/\/beuhparadis.com\/product\/huile-de-cannabis-rick-simpson\/#breadcrumb\",\"itemListElement\":[{\"@type\":\"ListItem\",\"position\":1,\"name\":\"Home\",\"item\":\"https:\/\/beuhparadis.com\/\"},{\"@type\":\"ListItem\",\"position\":2,\"name\":\"Shop\",\"item\":\"https:\/\/beuhparadis.com\/shop\/\"},{\"@type\":\"ListItem\",\"position\":3,\"name\":\"Huile de cannabis Rick Simpson\"}]},{\"@type\":\"WebSite\",\"@id\":\"https:\/\/beuhparadis.com\/#website\",\"url\":\"https:\/\/beuhparadis.com\/\",\"name\":\"Beuh Paradis\",\"description\":\"\",\"potentialAction\":[{\"@type\":\"SearchAction\",\"target\":{\"@type\":\"EntryPoint\",\"urlTemplate\":\"https:\/\/beuhparadis.com\/?s={search_term_string}\"},\"query-input\":{\"@type\":\"PropertyValueSpecification\",\"valueRequired\":true,\"valueName\":\"search_term_string\"}}],\"inLanguage\":\"it-IT\"}]}<\/script>\n<!-- \/ Yoast SEO Premium plugin. -->","yoast_head_json":{"title":"Olio di cannabis Rick Simpson - Beuh Paradis","robots":{"index":"index","follow":"follow","max-snippet":"max-snippet:-1","max-image-preview":"max-image-preview:large","max-video-preview":"max-video-preview:-1"},"canonical":"https:\/\/beuhparadis.com\/it\/product\/huile-de-cannabis-rick-simpson\/","og_locale":"it_IT","og_type":"article","og_title":"Huile de cannabis Rick Simpson","og_description":"THC: 80% CBD: 15% Effets M\u00e9dicaux: L&rsquo;huile Rick Simpson RSO est un traitement potentiel pour le cancer, le diab\u00e8te, la douleur chronique, le VIH\/SIDA, et bien d&rsquo;autres conditions.","og_url":"https:\/\/beuhparadis.com\/it\/product\/huile-de-cannabis-rick-simpson\/","og_site_name":"Beuh Paradis","article_modified_time":"2024-12-10T23:40:29+00:00","og_image":[{"url":"https:\/\/acheterducannabis.fr\/wp-content\/uploads\/2024\/03\/RSO-Dosage-chart.webp","type":"","width":"","height":""}],"twitter_card":"summary_large_image","twitter_misc":{"Tempo di lettura stimato":"3 minutes"},"schema":{"@context":"https:\/\/schema.org","@graph":[{"@type":"WebPage","@id":"https:\/\/beuhparadis.com\/product\/huile-de-cannabis-rick-simpson\/","url":"https:\/\/beuhparadis.com\/product\/huile-de-cannabis-rick-simpson\/","name":"Olio di cannabis Rick Simpson - Beuh Paradis","isPartOf":{"@id":"https:\/\/beuhparadis.com\/#website"},"primaryImageOfPage":{"@id":"https:\/\/beuhparadis.com\/product\/huile-de-cannabis-rick-simpson\/#primaryimage"},"image":{"@id":"https:\/\/beuhparadis.com\/product\/huile-de-cannabis-rick-simpson\/#primaryimage"},"thumbnailUrl":"https:\/\/beuhparadis.com\/wp-content\/uploads\/2024\/12\/Rick-Simpson-Cannabis-Oil.webp","datePublished":"2024-12-10T23:40:08+00:00","dateModified":"2024-12-10T23:40:29+00:00","breadcrumb":{"@id":"https:\/\/beuhparadis.com\/product\/huile-de-cannabis-rick-simpson\/#breadcrumb"},"inLanguage":"it-IT","potentialAction":[{"@type":"ReadAction","target":["https:\/\/beuhparadis.com\/product\/huile-de-cannabis-rick-simpson\/"]}]},{"@type":"ImageObject","inLanguage":"it-IT","@id":"https:\/\/beuhparadis.com\/product\/huile-de-cannabis-rick-simpson\/#primaryimage","url":"https:\/\/beuhparadis.com\/wp-content\/uploads\/2024\/12\/Rick-Simpson-Cannabis-Oil.webp","contentUrl":"https:\/\/beuhparadis.com\/wp-content\/uploads\/2024\/12\/Rick-Simpson-Cannabis-Oil.webp","width":1000,"height":1000},{"@type":"BreadcrumbList","@id":"https:\/\/beuhparadis.com\/product\/huile-de-cannabis-rick-simpson\/#breadcrumb","itemListElement":[{"@type":"ListItem","position":1,"name":"Home","item":"https:\/\/beuhparadis.com\/"},{"@type":"ListItem","position":2,"name":"Shop","item":"https:\/\/beuhparadis.com\/shop\/"},{"@type":"ListItem","position":3,"name":"Huile de cannabis Rick Simpson"}]},{"@type":"WebSite","@id":"https:\/\/beuhparadis.com\/#website","url":"https:\/\/beuhparadis.com\/","name":"Beuh Paradis","description":"","potentialAction":[{"@type":"SearchAction","target":{"@type":"EntryPoint","urlTemplate":"https:\/\/beuhparadis.com\/?s={search_term_string}"},"query-input":{"@type":"PropertyValueSpecification","valueRequired":true,"valueName":"search_term_string"}}],"inLanguage":"it-IT"}]}},"_links":{"self":[{"href":"https:\/\/beuhparadis.com\/it\/wp-json\/wp\/v2\/product\/1368","targetHints":{"allow":["GET"]}}],"collection":[{"href":"https:\/\/beuhparadis.com\/it\/wp-json\/wp\/v2\/product"}],"about":[{"href":"https:\/\/beuhparadis.com\/it\/wp-json\/wp\/v2\/types\/product"}],"replies":[{"embeddable":true,"href":"https:\/\/beuhparadis.com\/it\/wp-json\/wp\/v2\/comments?post=1368"}],"wp:featuredmedia":[{"embeddable":true,"href":"https:\/\/beuhparadis.com\/it\/wp-json\/wp\/v2\/media\/1398"}],"wp:attachment":[{"href":"https:\/\/beuhparadis.com\/it\/wp-json\/wp\/v2\/media?parent=1368"}],"wp:term":[{"taxonomy":"product_brand","embeddable":true,"href":"https:\/\/beuhparadis.com\/it\/wp-json\/wp\/v2\/product_brand?post=1368"},{"taxonomy":"product_cat","embeddable":true,"href":"https:\/\/beuhparadis.com\/it\/wp-json\/wp\/v2\/product_cat?post=1368"},{"taxonomy":"product_tag","embeddable":true,"href":"https:\/\/beuhparadis.com\/it\/wp-json\/wp\/v2\/product_tag?post=1368"}],"curies":[{"name":"wp","href":"https:\/\/api.w.org\/{rel}","templated":true}]}}