{"id":1271,"date":"2024-12-10T23:39:23","date_gmt":"2024-12-10T23:39:23","guid":{"rendered":"https:\/\/beuhparadis.com\/?post_type=product&#038;p=1271"},"modified":"2025-01-28T11:44:17","modified_gmt":"2025-01-28T11:44:17","slug":"diamants-de-gateau-a-la-papaye","status":"publish","type":"product","link":"https:\/\/beuhparadis.com\/it\/product\/diamants-de-gateau-a-la-papaye\/","title":{"rendered":"Diamanti di torta alla papaya"},"content":{"rendered":"<h3><strong>Diamanti di torta alla papaya - Un'esperienza unica di gusto e benessere<\/strong><\/h3>\n<h4><strong>Scoprire i Diamanti di G\u00e2teau su Beuh Paradis<\/strong><\/h4>\n<p>Il <strong>torta di papaya diamanti<\/strong>disponibile all'indirizzo <strong><a href=\"https:\/\/beuhparadis.com\/it\" target=\"_new\" rel=\"noopener\">Beuh Paradis<\/a><\/strong>sono concentrati di cannabis di eccezionale purezza, che offrono sapori tropicali ed effetti potenti. Realizzati con ceppi selezionati per i loro profili terpenici unici, questi diamanti combinano una notevole intensit\u00e0 con un gusto dolce e fruttato che delizier\u00e0 gli amanti della cannabis.<\/p>\n<h4><strong>\u00a0Perch\u00e9 scegliere Papaya Diamonds?<\/strong><\/h4>\n<ul>\n<li><strong>Delicati sapori tropicali:<\/strong> Con aromi dolci di papaya e morbide note di torta, questo concentrato offre un'esperienza sensoriale impareggiabile.<\/li>\n<li><strong>Effetti potenti:<\/strong> Grazie all'elevato contenuto di THC, questi diamanti offrono un rilassamento profondo e un'euforia duratura.<\/li>\n<li><strong>Purezza e qualit\u00e0 :<\/strong> Prodotto con processi di estrazione avanzati, che garantiscono una concentrazione ottimale di cannabinoidi e un gusto naturale.<\/li>\n<li><strong>Versatilit\u00e0 :<\/strong> Ideale da spruzzare o da aggiungere alle vostre preparazioni preferite.<\/li>\n<\/ul>\n<h4><strong>\u00a0Vantaggi dei diamanti per torte\u00a0<\/strong><\/h4>\n<ul>\n<li><strong>Rilassamento intenso :<\/strong> Riduce lo stress e calma la tensione muscolare.<\/li>\n<li><strong>Miglioramento dell'umore :<\/strong> Ideale per promuovere una sensazione di felicit\u00e0 e relax.<\/li>\n<li><strong>Sollievo dal dolore :<\/strong> Efficace per lenire il dolore cronico e l'infiammazione.<\/li>\n<li><strong>Esperienza tropicale :<\/strong> Un sapore esotico che trasforma ogni seduta in un momento di piacere gastronomico.<\/li>\n<\/ul>\n<h4><strong>Ordina la tua torta Papaya Diamonds su Beuh Paradis<\/strong><\/h4>\n<p>Visita <strong><a href=\"https:\/\/beuhparadis.com\/it\" target=\"_new\" rel=\"noopener\">Beuh Paradis<\/a><\/strong>scoprire il <strong>diamanti per torte <\/strong>un concentrato di qualit\u00e0 superiore progettato per offrire sapori delicati ed effetti potenti. Approfittate del nostro servizio di consegna veloce e discreto per godervi questa esperienza eccezionale comodamente a casa vostra. Trasformate la vostra routine di cannabis con questi diamanti dal sapore unico e potente. <a href=\"https:\/\/chemsxpress.com\/\">benefici notevoli.<\/a><\/p>","protected":false},"excerpt":{"rendered":"<p>Diamants de G\u00e2teau \u00e0 la Papaye \u2013 Une Exp\u00e9rience Unique de Saveurs et de Bien-\u00eatre D\u00e9couvrez les Diamants de G\u00e2teau sur Beuh Paradis Les diamants de g\u00e2teau \u00e0 la papaye, disponibles sur Beuh Paradis, sont des concentr\u00e9s de cannabis d\u2019une puret\u00e9 exceptionnelle, offrant des saveurs tropicales et des effets puissants. Fabriqu\u00e9s \u00e0 partir de vari\u00e9t\u00e9s [&hellip;]<\/p>\n","protected":false},"featured_media":1285,"comment_status":"closed","ping_status":"closed","template":"","meta":{"site-sidebar-layout":"default","site-content-layout":"","ast-site-content-layout":"default","site-content-style":"default","site-sidebar-style":"default","ast-global-header-display":"","ast-banner-title-visibility":"","ast-main-header-display":"","ast-hfb-above-header-display":"","ast-hfb-below-header-display":"","ast-hfb-mobile-header-display":"","site-post-title":"","ast-breadcrumbs-content":"","ast-featured-img":"","footer-sml-layout":"","theme-transparent-header-meta":"default","adv-header-id-meta":"","stick-header-meta":"","header-above-stick-meta":"","header-main-stick-meta":"","header-below-stick-meta":"","astra-migrate-meta-layouts":"set","ast-page-background-enabled":"default","ast-page-background-meta":{"desktop":{"background-color":"","background-image":"","background-repeat":"repeat","background-position":"center center","background-size":"auto","background-attachment":"scroll","background-type":"","background-media":"","overlay-type":"","overlay-color":"","overlay-opacity":"","overlay-gradient":""},"tablet":{"background-color":"","background-image":"","background-repeat":"repeat","background-position":"center center","background-size":"auto","background-attachment":"scroll","background-type":"","background-media":"","overlay-type":"","overlay-color":"","overlay-opacity":"","overlay-gradient":""},"mobile":{"background-color":"","background-image":"","background-repeat":"repeat","background-position":"center center","background-size":"auto","background-attachment":"scroll","background-type":"","background-media":"","overlay-type":"","overlay-color":"","overlay-opacity":"","overlay-gradient":""}},"ast-content-background-meta":{"desktop":{"background-color":"var(--ast-global-color-5)","background-image":"","background-repeat":"repeat","background-position":"center center","background-size":"auto","background-attachment":"scroll","background-type":"","background-media":"","overlay-type":"","overlay-color":"","overlay-opacity":"","overlay-gradient":""},"tablet":{"background-color":"var(--ast-global-color-5)","background-image":"","background-repeat":"repeat","background-position":"center center","background-size":"auto","background-attachment":"scroll","background-type":"","background-media":"","overlay-type":"","overlay-color":"","overlay-opacity":"","overlay-gradient":""},"mobile":{"background-color":"var(--ast-global-color-5)","background-image":"","background-repeat":"repeat","background-position":"center center","background-size":"auto","background-attachment":"scroll","background-type":"","background-media":"","overlay-type":"","overlay-color":"","overlay-opacity":"","overlay-gradient":""}},"_joinchat":[]},"product_brand":[],"product_cat":[34],"product_tag":[],"class_list":{"0":"post-1271","1":"product","2":"type-product","3":"status-publish","4":"has-post-thumbnail","6":"product_cat-diamant-de-thc","7":"desktop-align-left","8":"tablet-align-left","9":"mobile-align-left","11":"first","12":"instock","13":"shipping-taxable","14":"purchasable","15":"product-type-variable"},"yoast_head":"<!-- This site is optimized with the Yoast SEO Premium plugin v24.1 (Yoast SEO v26.8) - https:\/\/yoast.com\/product\/yoast-seo-premium-wordpress\/ -->\n<title>Diamants de G\u00e2teau \u00e0 la Papaye \u2013 Beuh Paradis<\/title>\n<meta name=\"description\" content=\"Achetez des diamants de g\u00e2teau \u00e0 la papaye sur Beuh Paradis. Un concentr\u00e9 de cannabis tropical au go\u00fbt sucr\u00e9 et aux effets intenses\" \/>\n<meta name=\"robots\" content=\"index, follow, max-snippet:-1, max-image-preview:large, max-video-preview:-1\" \/>\n<link rel=\"canonical\" href=\"https:\/\/beuhparadis.com\/it\/product\/diamants-de-gateau-a-la-papaye\/\" \/>\n<meta property=\"og:locale\" content=\"it_IT\" \/>\n<meta property=\"og:type\" content=\"article\" \/>\n<meta property=\"og:title\" content=\"Diamants de g\u00e2teau \u00e0 la papaye\" \/>\n<meta property=\"og:description\" content=\"Achetez des diamants de g\u00e2teau \u00e0 la papaye sur Beuh Paradis. Un concentr\u00e9 de cannabis tropical au go\u00fbt sucr\u00e9 et aux effets intenses\" \/>\n<meta property=\"og:url\" content=\"https:\/\/beuhparadis.com\/it\/product\/diamants-de-gateau-a-la-papaye\/\" \/>\n<meta property=\"og:site_name\" content=\"Beuh Paradis\" \/>\n<meta property=\"article:modified_time\" content=\"2025-01-28T11:44:17+00:00\" \/>\n<meta property=\"og:image\" content=\"https:\/\/beuhparadis.com\/wp-content\/uploads\/2024\/12\/Papaya-Cake-Diamonds.webp\" \/>\n\t<meta property=\"og:image:width\" content=\"326\" \/>\n\t<meta property=\"og:image:height\" content=\"344\" \/>\n\t<meta property=\"og:image:type\" content=\"image\/webp\" \/>\n<meta name=\"twitter:card\" content=\"summary_large_image\" \/>\n<meta name=\"twitter:label1\" content=\"Tempo di lettura stimato\" \/>\n\t<meta name=\"twitter:data1\" content=\"2 minutes\" \/>\n<script type=\"application\/ld+json\" class=\"yoast-schema-graph\">{\"@context\":\"https:\/\/schema.org\",\"@graph\":[{\"@type\":\"WebPage\",\"@id\":\"https:\/\/beuhparadis.com\/product\/diamants-de-gateau-a-la-papaye\/\",\"url\":\"https:\/\/beuhparadis.com\/product\/diamants-de-gateau-a-la-papaye\/\",\"name\":\"Diamants de G\u00e2teau \u00e0 la Papaye \u2013 Beuh Paradis\",\"isPartOf\":{\"@id\":\"https:\/\/beuhparadis.com\/#website\"},\"primaryImageOfPage\":{\"@id\":\"https:\/\/beuhparadis.com\/product\/diamants-de-gateau-a-la-papaye\/#primaryimage\"},\"image\":{\"@id\":\"https:\/\/beuhparadis.com\/product\/diamants-de-gateau-a-la-papaye\/#primaryimage\"},\"thumbnailUrl\":\"https:\/\/beuhparadis.com\/wp-content\/uploads\/2024\/12\/Papaya-Cake-Diamonds.webp\",\"datePublished\":\"2024-12-10T23:39:23+00:00\",\"dateModified\":\"2025-01-28T11:44:17+00:00\",\"description\":\"Achetez des diamants de g\u00e2teau \u00e0 la papaye sur Beuh Paradis. Un concentr\u00e9 de cannabis tropical au go\u00fbt sucr\u00e9 et aux effets intenses\",\"breadcrumb\":{\"@id\":\"https:\/\/beuhparadis.com\/product\/diamants-de-gateau-a-la-papaye\/#breadcrumb\"},\"inLanguage\":\"it-IT\",\"potentialAction\":[{\"@type\":\"ReadAction\",\"target\":[\"https:\/\/beuhparadis.com\/product\/diamants-de-gateau-a-la-papaye\/\"]}]},{\"@type\":\"ImageObject\",\"inLanguage\":\"it-IT\",\"@id\":\"https:\/\/beuhparadis.com\/product\/diamants-de-gateau-a-la-papaye\/#primaryimage\",\"url\":\"https:\/\/beuhparadis.com\/wp-content\/uploads\/2024\/12\/Papaya-Cake-Diamonds.webp\",\"contentUrl\":\"https:\/\/beuhparadis.com\/wp-content\/uploads\/2024\/12\/Papaya-Cake-Diamonds.webp\",\"width\":326,\"height\":344},{\"@type\":\"BreadcrumbList\",\"@id\":\"https:\/\/beuhparadis.com\/product\/diamants-de-gateau-a-la-papaye\/#breadcrumb\",\"itemListElement\":[{\"@type\":\"ListItem\",\"position\":1,\"name\":\"Home\",\"item\":\"https:\/\/beuhparadis.com\/\"},{\"@type\":\"ListItem\",\"position\":2,\"name\":\"Shop\",\"item\":\"https:\/\/beuhparadis.com\/shop\/\"},{\"@type\":\"ListItem\",\"position\":3,\"name\":\"Diamants de g\u00e2teau \u00e0 la papaye\"}]},{\"@type\":\"WebSite\",\"@id\":\"https:\/\/beuhparadis.com\/#website\",\"url\":\"https:\/\/beuhparadis.com\/\",\"name\":\"Beuh Paradis\",\"description\":\"\",\"potentialAction\":[{\"@type\":\"SearchAction\",\"target\":{\"@type\":\"EntryPoint\",\"urlTemplate\":\"https:\/\/beuhparadis.com\/?s={search_term_string}\"},\"query-input\":{\"@type\":\"PropertyValueSpecification\",\"valueRequired\":true,\"valueName\":\"search_term_string\"}}],\"inLanguage\":\"it-IT\"}]}<\/script>\n<!-- \/ Yoast SEO Premium plugin. -->","yoast_head_json":{"title":"Diamanti di torta alla papaya - Beuh Paradis","description":"Acquista i diamanti della torta di papaya su Beuh Paradis. Un concentrato di cannabis tropicale dal gusto dolce e dagli effetti intensi.","robots":{"index":"index","follow":"follow","max-snippet":"max-snippet:-1","max-image-preview":"max-image-preview:large","max-video-preview":"max-video-preview:-1"},"canonical":"https:\/\/beuhparadis.com\/it\/product\/diamants-de-gateau-a-la-papaye\/","og_locale":"it_IT","og_type":"article","og_title":"Diamants de g\u00e2teau \u00e0 la papaye","og_description":"Achetez des diamants de g\u00e2teau \u00e0 la papaye sur Beuh Paradis. Un concentr\u00e9 de cannabis tropical au go\u00fbt sucr\u00e9 et aux effets intenses","og_url":"https:\/\/beuhparadis.com\/it\/product\/diamants-de-gateau-a-la-papaye\/","og_site_name":"Beuh Paradis","article_modified_time":"2025-01-28T11:44:17+00:00","og_image":[{"width":326,"height":344,"url":"https:\/\/beuhparadis.com\/wp-content\/uploads\/2024\/12\/Papaya-Cake-Diamonds.webp","type":"image\/webp"}],"twitter_card":"summary_large_image","twitter_misc":{"Tempo di lettura stimato":"2 minutes"},"schema":{"@context":"https:\/\/schema.org","@graph":[{"@type":"WebPage","@id":"https:\/\/beuhparadis.com\/product\/diamants-de-gateau-a-la-papaye\/","url":"https:\/\/beuhparadis.com\/product\/diamants-de-gateau-a-la-papaye\/","name":"Diamanti di torta alla papaya - Beuh Paradis","isPartOf":{"@id":"https:\/\/beuhparadis.com\/#website"},"primaryImageOfPage":{"@id":"https:\/\/beuhparadis.com\/product\/diamants-de-gateau-a-la-papaye\/#primaryimage"},"image":{"@id":"https:\/\/beuhparadis.com\/product\/diamants-de-gateau-a-la-papaye\/#primaryimage"},"thumbnailUrl":"https:\/\/beuhparadis.com\/wp-content\/uploads\/2024\/12\/Papaya-Cake-Diamonds.webp","datePublished":"2024-12-10T23:39:23+00:00","dateModified":"2025-01-28T11:44:17+00:00","description":"Acquista i diamanti della torta di papaya su Beuh Paradis. Un concentrato di cannabis tropicale dal gusto dolce e dagli effetti intensi.","breadcrumb":{"@id":"https:\/\/beuhparadis.com\/product\/diamants-de-gateau-a-la-papaye\/#breadcrumb"},"inLanguage":"it-IT","potentialAction":[{"@type":"ReadAction","target":["https:\/\/beuhparadis.com\/product\/diamants-de-gateau-a-la-papaye\/"]}]},{"@type":"ImageObject","inLanguage":"it-IT","@id":"https:\/\/beuhparadis.com\/product\/diamants-de-gateau-a-la-papaye\/#primaryimage","url":"https:\/\/beuhparadis.com\/wp-content\/uploads\/2024\/12\/Papaya-Cake-Diamonds.webp","contentUrl":"https:\/\/beuhparadis.com\/wp-content\/uploads\/2024\/12\/Papaya-Cake-Diamonds.webp","width":326,"height":344},{"@type":"BreadcrumbList","@id":"https:\/\/beuhparadis.com\/product\/diamants-de-gateau-a-la-papaye\/#breadcrumb","itemListElement":[{"@type":"ListItem","position":1,"name":"Home","item":"https:\/\/beuhparadis.com\/"},{"@type":"ListItem","position":2,"name":"Shop","item":"https:\/\/beuhparadis.com\/shop\/"},{"@type":"ListItem","position":3,"name":"Diamants de g\u00e2teau \u00e0 la papaye"}]},{"@type":"WebSite","@id":"https:\/\/beuhparadis.com\/#website","url":"https:\/\/beuhparadis.com\/","name":"Beuh Paradis","description":"","potentialAction":[{"@type":"SearchAction","target":{"@type":"EntryPoint","urlTemplate":"https:\/\/beuhparadis.com\/?s={search_term_string}"},"query-input":{"@type":"PropertyValueSpecification","valueRequired":true,"valueName":"search_term_string"}}],"inLanguage":"it-IT"}]}},"_links":{"self":[{"href":"https:\/\/beuhparadis.com\/it\/wp-json\/wp\/v2\/product\/1271","targetHints":{"allow":["GET"]}}],"collection":[{"href":"https:\/\/beuhparadis.com\/it\/wp-json\/wp\/v2\/product"}],"about":[{"href":"https:\/\/beuhparadis.com\/it\/wp-json\/wp\/v2\/types\/product"}],"replies":[{"embeddable":true,"href":"https:\/\/beuhparadis.com\/it\/wp-json\/wp\/v2\/comments?post=1271"}],"wp:featuredmedia":[{"embeddable":true,"href":"https:\/\/beuhparadis.com\/it\/wp-json\/wp\/v2\/media\/1285"}],"wp:attachment":[{"href":"https:\/\/beuhparadis.com\/it\/wp-json\/wp\/v2\/media?parent=1271"}],"wp:term":[{"taxonomy":"product_brand","embeddable":true,"href":"https:\/\/beuhparadis.com\/it\/wp-json\/wp\/v2\/product_brand?post=1271"},{"taxonomy":"product_cat","embeddable":true,"href":"https:\/\/beuhparadis.com\/it\/wp-json\/wp\/v2\/product_cat?post=1271"},{"taxonomy":"product_tag","embeddable":true,"href":"https:\/\/beuhparadis.com\/it\/wp-json\/wp\/v2\/product_tag?post=1271"}],"curies":[{"name":"wp","href":"https:\/\/api.w.org\/{rel}","templated":true}]}}