{"id":1256,"date":"2024-12-10T23:39:22","date_gmt":"2024-12-10T23:39:22","guid":{"rendered":"https:\/\/beuhparadis.com\/?post_type=product&#038;p=1256"},"modified":"2025-01-27T04:46:25","modified_gmt":"2025-01-27T04:46:25","slug":"gelato-41-diamants-cannabis","status":"publish","type":"product","link":"https:\/\/beuhparadis.com\/it\/product\/gelato-41-diamants-cannabis\/","title":{"rendered":"Gelato 41 Diamanti Cannabis"},"content":{"rendered":"<h3><strong>Gelato 41 THC Diamants - Un'esperienza premium<\/strong><\/h3>\n<h4><strong>H1: Scoprire Gelato 41 THC Diamants su Beuh Paradis<\/strong><\/h4>\n<p><strong>Gelato 41 Diamanti THC<\/strong>disponibile all'indirizzo <strong>Beuh Paradis<\/strong>\u00e8 un concentrato di cannabis di qualit\u00e0 superiore progettato per gli intenditori che cercano un'esperienza potente e raffinata. Con il suo aroma dolce e l'alto livello di purezza, questo concentrato della famosa azienda di <strong>Gelato 41<\/strong> offre effetti equilibrati, combinando relax e stimolazione mentale, con un gusto delizioso al palato.<\/p>\n<h4><strong>Caratteristiche di Gelato 41 THC Diamonds<\/strong><\/h4>\n<ul>\n<li><strong>Sapori squisiti :<\/strong> Gelato 41 THC Diamants vi sedurr\u00e0 con le sue note dolci, simili a quelle di un dessert, accompagnate da tocchi fruttati e cremosi.<\/li>\n<li><strong>Potenza ineguagliabile :<\/strong> Con il suo alto contenuto di THC, questo prodotto garantisce effetti rapidi e duraturi.<\/li>\n<li><strong>Estrazione di alta gamma :<\/strong> Prodotto senza solventi per una purezza e una qualit\u00e0 eccezionali.<\/li>\n<li><strong>Effetti versatili:<\/strong> Perfetto per rilassarsi dopo una lunga giornata o per stimolare la creativit\u00e0 e l'energia.<\/li>\n<\/ul>\n<hr \/>\n<h4><strong>Perch\u00e9 acquistare Gelato 41 THC Diamants su Beuh Paradis?<\/strong><\/h4>\n<p>A <strong>Beuh Paradis<\/strong>Ci impegniamo a offrire concentrati di cannabis di qualit\u00e0 superiore che soddisfano i pi\u00f9 alti standard di qualit\u00e0 e purezza. <strong>Gelato 41 Diamanti THC<\/strong> \u00e8 testato in laboratorio per garantire un'esperienza sicura e affidabile.<\/p>\n<ul>\n<li><strong>Prodotti di cui ci si pu\u00f2 fidare:<\/strong> I nostri prodotti sono accuratamente selezionati per soddisfare le aspettative degli intenditori pi\u00f9 esigenti.<\/li>\n<li><strong>Consegna rapida e discreta:<\/strong> Ordinate facilmente e ricevete i vostri prodotti rapidamente, ovunque vi troviate.<\/li>\n<li><strong>Soddisfazione garantita:<\/strong> Godetevi un servizio clienti attento e una qualit\u00e0 impeccabile.<\/li>\n<\/ul>\n<h4><strong>\u00a0Ordina Gelato 41 THC Diamants su Beuh Paradis<\/strong><\/h4>\n<p>Pronti per un'esperienza indimenticabile con <strong>Gelato 41 Diamanti THC<\/strong> ? Vai a <strong><a href=\"https:\/\/beuhparadis.com\/it\" target=\"_new\" rel=\"noopener\">Beuh Paradis<\/a><\/strong> per scoprire questo eccezionale concentrato. Godetevi una consegna rapida e discreta e un servizio impeccabile. Trasformate la vostra esperienza con la cannabis con un prodotto di qualit\u00e0 superiore progettato per soddisfare.<\/p>","protected":false},"excerpt":{"rendered":"<p>Gelato 41 THC Diamants \u2013 Une Exp\u00e9rience Haut de Gamme H1: D\u00e9couvrez Gelato 41 THC Diamants sur Beuh Paradis Gelato 41 THC Diamants, disponible sur Beuh Paradis, est un concentr\u00e9 de cannabis premium con\u00e7u pour les amateurs recherchant une exp\u00e9rience puissante et raffin\u00e9e. Avec son ar\u00f4me sucr\u00e9 et son haut niveau de puret\u00e9, ce concentr\u00e9 [&hellip;]<\/p>\n","protected":false},"featured_media":1282,"comment_status":"closed","ping_status":"closed","template":"","meta":{"site-sidebar-layout":"default","site-content-layout":"","ast-site-content-layout":"default","site-content-style":"default","site-sidebar-style":"default","ast-global-header-display":"","ast-banner-title-visibility":"","ast-main-header-display":"","ast-hfb-above-header-display":"","ast-hfb-below-header-display":"","ast-hfb-mobile-header-display":"","site-post-title":"","ast-breadcrumbs-content":"","ast-featured-img":"","footer-sml-layout":"","theme-transparent-header-meta":"default","adv-header-id-meta":"","stick-header-meta":"","header-above-stick-meta":"","header-main-stick-meta":"","header-below-stick-meta":"","astra-migrate-meta-layouts":"set","ast-page-background-enabled":"default","ast-page-background-meta":{"desktop":{"background-color":"","background-image":"","background-repeat":"repeat","background-position":"center center","background-size":"auto","background-attachment":"scroll","background-type":"","background-media":"","overlay-type":"","overlay-color":"","overlay-opacity":"","overlay-gradient":""},"tablet":{"background-color":"","background-image":"","background-repeat":"repeat","background-position":"center center","background-size":"auto","background-attachment":"scroll","background-type":"","background-media":"","overlay-type":"","overlay-color":"","overlay-opacity":"","overlay-gradient":""},"mobile":{"background-color":"","background-image":"","background-repeat":"repeat","background-position":"center center","background-size":"auto","background-attachment":"scroll","background-type":"","background-media":"","overlay-type":"","overlay-color":"","overlay-opacity":"","overlay-gradient":""}},"ast-content-background-meta":{"desktop":{"background-color":"var(--ast-global-color-5)","background-image":"","background-repeat":"repeat","background-position":"center center","background-size":"auto","background-attachment":"scroll","background-type":"","background-media":"","overlay-type":"","overlay-color":"","overlay-opacity":"","overlay-gradient":""},"tablet":{"background-color":"var(--ast-global-color-5)","background-image":"","background-repeat":"repeat","background-position":"center center","background-size":"auto","background-attachment":"scroll","background-type":"","background-media":"","overlay-type":"","overlay-color":"","overlay-opacity":"","overlay-gradient":""},"mobile":{"background-color":"var(--ast-global-color-5)","background-image":"","background-repeat":"repeat","background-position":"center center","background-size":"auto","background-attachment":"scroll","background-type":"","background-media":"","overlay-type":"","overlay-color":"","overlay-opacity":"","overlay-gradient":""}},"_joinchat":[]},"product_brand":[],"product_cat":[34],"product_tag":[],"class_list":{"0":"post-1256","1":"product","2":"type-product","3":"status-publish","4":"has-post-thumbnail","6":"product_cat-diamant-de-thc","7":"desktop-align-left","8":"tablet-align-left","9":"mobile-align-left","11":"first","12":"instock","13":"shipping-taxable","14":"purchasable","15":"product-type-variable"},"yoast_head":"<!-- This site is optimized with the Yoast SEO Premium plugin v24.1 (Yoast SEO v26.8) - https:\/\/yoast.com\/product\/yoast-seo-premium-wordpress\/ -->\n<title>Gelato 41 THC Diamants -Cannabis Premium | Beuh Paradis<\/title>\n<meta name=\"description\" content=\"D\u00e9couvrez Gelato 41 THC Diamants sur Beuh Paradis, un concentr\u00e9 de cannabis de qualit\u00e9 sup\u00e9rieure avec des saveurs sucr\u00e9es et une forte teneur en THC\" \/>\n<meta name=\"robots\" content=\"index, follow, max-snippet:-1, max-image-preview:large, max-video-preview:-1\" \/>\n<link rel=\"canonical\" href=\"https:\/\/beuhparadis.com\/it\/product\/gelato-41-diamants-cannabis\/\" \/>\n<meta property=\"og:locale\" content=\"it_IT\" \/>\n<meta property=\"og:type\" content=\"article\" \/>\n<meta property=\"og:title\" content=\"Gelato 41 Diamants Cannabis\" \/>\n<meta property=\"og:description\" content=\"D\u00e9couvrez Gelato 41 THC Diamants sur Beuh Paradis, un concentr\u00e9 de cannabis de qualit\u00e9 sup\u00e9rieure avec des saveurs sucr\u00e9es et une forte teneur en THC\" \/>\n<meta property=\"og:url\" content=\"https:\/\/beuhparadis.com\/it\/product\/gelato-41-diamants-cannabis\/\" \/>\n<meta property=\"og:site_name\" content=\"Beuh Paradis\" \/>\n<meta property=\"article:modified_time\" content=\"2025-01-27T04:46:25+00:00\" \/>\n<meta property=\"og:image\" content=\"https:\/\/beuhparadis.com\/wp-content\/uploads\/2024\/12\/Gelato-41-Cannabis-Diamonds.webp\" \/>\n\t<meta property=\"og:image:width\" content=\"336\" \/>\n\t<meta property=\"og:image:height\" content=\"312\" \/>\n\t<meta property=\"og:image:type\" content=\"image\/webp\" \/>\n<meta name=\"twitter:card\" content=\"summary_large_image\" \/>\n<meta name=\"twitter:label1\" content=\"Tempo di lettura stimato\" \/>\n\t<meta name=\"twitter:data1\" content=\"2 minutes\" \/>\n<script type=\"application\/ld+json\" class=\"yoast-schema-graph\">{\"@context\":\"https:\/\/schema.org\",\"@graph\":[{\"@type\":\"WebPage\",\"@id\":\"https:\/\/beuhparadis.com\/product\/gelato-41-diamants-cannabis\/\",\"url\":\"https:\/\/beuhparadis.com\/product\/gelato-41-diamants-cannabis\/\",\"name\":\"Gelato 41 THC Diamants -Cannabis Premium | Beuh Paradis\",\"isPartOf\":{\"@id\":\"https:\/\/beuhparadis.com\/#website\"},\"primaryImageOfPage\":{\"@id\":\"https:\/\/beuhparadis.com\/product\/gelato-41-diamants-cannabis\/#primaryimage\"},\"image\":{\"@id\":\"https:\/\/beuhparadis.com\/product\/gelato-41-diamants-cannabis\/#primaryimage\"},\"thumbnailUrl\":\"https:\/\/beuhparadis.com\/wp-content\/uploads\/2024\/12\/Gelato-41-Cannabis-Diamonds.webp\",\"datePublished\":\"2024-12-10T23:39:22+00:00\",\"dateModified\":\"2025-01-27T04:46:25+00:00\",\"description\":\"D\u00e9couvrez Gelato 41 THC Diamants sur Beuh Paradis, un concentr\u00e9 de cannabis de qualit\u00e9 sup\u00e9rieure avec des saveurs sucr\u00e9es et une forte teneur en THC\",\"breadcrumb\":{\"@id\":\"https:\/\/beuhparadis.com\/product\/gelato-41-diamants-cannabis\/#breadcrumb\"},\"inLanguage\":\"it-IT\",\"potentialAction\":[{\"@type\":\"ReadAction\",\"target\":[\"https:\/\/beuhparadis.com\/product\/gelato-41-diamants-cannabis\/\"]}]},{\"@type\":\"ImageObject\",\"inLanguage\":\"it-IT\",\"@id\":\"https:\/\/beuhparadis.com\/product\/gelato-41-diamants-cannabis\/#primaryimage\",\"url\":\"https:\/\/beuhparadis.com\/wp-content\/uploads\/2024\/12\/Gelato-41-Cannabis-Diamonds.webp\",\"contentUrl\":\"https:\/\/beuhparadis.com\/wp-content\/uploads\/2024\/12\/Gelato-41-Cannabis-Diamonds.webp\",\"width\":336,\"height\":312},{\"@type\":\"BreadcrumbList\",\"@id\":\"https:\/\/beuhparadis.com\/product\/gelato-41-diamants-cannabis\/#breadcrumb\",\"itemListElement\":[{\"@type\":\"ListItem\",\"position\":1,\"name\":\"Home\",\"item\":\"https:\/\/beuhparadis.com\/\"},{\"@type\":\"ListItem\",\"position\":2,\"name\":\"Shop\",\"item\":\"https:\/\/beuhparadis.com\/shop\/\"},{\"@type\":\"ListItem\",\"position\":3,\"name\":\"Gelato 41 Diamants Cannabis\"}]},{\"@type\":\"WebSite\",\"@id\":\"https:\/\/beuhparadis.com\/#website\",\"url\":\"https:\/\/beuhparadis.com\/\",\"name\":\"Beuh Paradis\",\"description\":\"\",\"potentialAction\":[{\"@type\":\"SearchAction\",\"target\":{\"@type\":\"EntryPoint\",\"urlTemplate\":\"https:\/\/beuhparadis.com\/?s={search_term_string}\"},\"query-input\":{\"@type\":\"PropertyValueSpecification\",\"valueRequired\":true,\"valueName\":\"search_term_string\"}}],\"inLanguage\":\"it-IT\"}]}<\/script>\n<!-- \/ Yoast SEO Premium plugin. -->","yoast_head_json":{"title":"Gelato 41 THC Diamonds -Cannabis Premium | Beuh Paradis","description":"Scoprite Gelato 41 THC Diamants su Beuh Paradis, un concentrato di cannabis di alta qualit\u00e0 con sapori dolci e un alto contenuto di THC.","robots":{"index":"index","follow":"follow","max-snippet":"max-snippet:-1","max-image-preview":"max-image-preview:large","max-video-preview":"max-video-preview:-1"},"canonical":"https:\/\/beuhparadis.com\/it\/product\/gelato-41-diamants-cannabis\/","og_locale":"it_IT","og_type":"article","og_title":"Gelato 41 Diamants Cannabis","og_description":"D\u00e9couvrez Gelato 41 THC Diamants sur Beuh Paradis, un concentr\u00e9 de cannabis de qualit\u00e9 sup\u00e9rieure avec des saveurs sucr\u00e9es et une forte teneur en THC","og_url":"https:\/\/beuhparadis.com\/it\/product\/gelato-41-diamants-cannabis\/","og_site_name":"Beuh Paradis","article_modified_time":"2025-01-27T04:46:25+00:00","og_image":[{"width":336,"height":312,"url":"https:\/\/beuhparadis.com\/wp-content\/uploads\/2024\/12\/Gelato-41-Cannabis-Diamonds.webp","type":"image\/webp"}],"twitter_card":"summary_large_image","twitter_misc":{"Tempo di lettura stimato":"2 minutes"},"schema":{"@context":"https:\/\/schema.org","@graph":[{"@type":"WebPage","@id":"https:\/\/beuhparadis.com\/product\/gelato-41-diamants-cannabis\/","url":"https:\/\/beuhparadis.com\/product\/gelato-41-diamants-cannabis\/","name":"Gelato 41 THC Diamonds -Cannabis Premium | Beuh Paradis","isPartOf":{"@id":"https:\/\/beuhparadis.com\/#website"},"primaryImageOfPage":{"@id":"https:\/\/beuhparadis.com\/product\/gelato-41-diamants-cannabis\/#primaryimage"},"image":{"@id":"https:\/\/beuhparadis.com\/product\/gelato-41-diamants-cannabis\/#primaryimage"},"thumbnailUrl":"https:\/\/beuhparadis.com\/wp-content\/uploads\/2024\/12\/Gelato-41-Cannabis-Diamonds.webp","datePublished":"2024-12-10T23:39:22+00:00","dateModified":"2025-01-27T04:46:25+00:00","description":"Scoprite Gelato 41 THC Diamants su Beuh Paradis, un concentrato di cannabis di alta qualit\u00e0 con sapori dolci e un alto contenuto di THC.","breadcrumb":{"@id":"https:\/\/beuhparadis.com\/product\/gelato-41-diamants-cannabis\/#breadcrumb"},"inLanguage":"it-IT","potentialAction":[{"@type":"ReadAction","target":["https:\/\/beuhparadis.com\/product\/gelato-41-diamants-cannabis\/"]}]},{"@type":"ImageObject","inLanguage":"it-IT","@id":"https:\/\/beuhparadis.com\/product\/gelato-41-diamants-cannabis\/#primaryimage","url":"https:\/\/beuhparadis.com\/wp-content\/uploads\/2024\/12\/Gelato-41-Cannabis-Diamonds.webp","contentUrl":"https:\/\/beuhparadis.com\/wp-content\/uploads\/2024\/12\/Gelato-41-Cannabis-Diamonds.webp","width":336,"height":312},{"@type":"BreadcrumbList","@id":"https:\/\/beuhparadis.com\/product\/gelato-41-diamants-cannabis\/#breadcrumb","itemListElement":[{"@type":"ListItem","position":1,"name":"Home","item":"https:\/\/beuhparadis.com\/"},{"@type":"ListItem","position":2,"name":"Shop","item":"https:\/\/beuhparadis.com\/shop\/"},{"@type":"ListItem","position":3,"name":"Gelato 41 Diamants Cannabis"}]},{"@type":"WebSite","@id":"https:\/\/beuhparadis.com\/#website","url":"https:\/\/beuhparadis.com\/","name":"Beuh Paradis","description":"","potentialAction":[{"@type":"SearchAction","target":{"@type":"EntryPoint","urlTemplate":"https:\/\/beuhparadis.com\/?s={search_term_string}"},"query-input":{"@type":"PropertyValueSpecification","valueRequired":true,"valueName":"search_term_string"}}],"inLanguage":"it-IT"}]}},"_links":{"self":[{"href":"https:\/\/beuhparadis.com\/it\/wp-json\/wp\/v2\/product\/1256","targetHints":{"allow":["GET"]}}],"collection":[{"href":"https:\/\/beuhparadis.com\/it\/wp-json\/wp\/v2\/product"}],"about":[{"href":"https:\/\/beuhparadis.com\/it\/wp-json\/wp\/v2\/types\/product"}],"replies":[{"embeddable":true,"href":"https:\/\/beuhparadis.com\/it\/wp-json\/wp\/v2\/comments?post=1256"}],"wp:featuredmedia":[{"embeddable":true,"href":"https:\/\/beuhparadis.com\/it\/wp-json\/wp\/v2\/media\/1282"}],"wp:attachment":[{"href":"https:\/\/beuhparadis.com\/it\/wp-json\/wp\/v2\/media?parent=1256"}],"wp:term":[{"taxonomy":"product_brand","embeddable":true,"href":"https:\/\/beuhparadis.com\/it\/wp-json\/wp\/v2\/product_brand?post=1256"},{"taxonomy":"product_cat","embeddable":true,"href":"https:\/\/beuhparadis.com\/it\/wp-json\/wp\/v2\/product_cat?post=1256"},{"taxonomy":"product_tag","embeddable":true,"href":"https:\/\/beuhparadis.com\/it\/wp-json\/wp\/v2\/product_tag?post=1256"}],"curies":[{"name":"wp","href":"https:\/\/api.w.org\/{rel}","templated":true}]}}