{"id":1215,"date":"2024-12-10T23:38:59","date_gmt":"2024-12-10T23:38:59","guid":{"rendered":"https:\/\/beuhparadis.com\/?post_type=product&#038;p=1215"},"modified":"2025-01-27T04:03:56","modified_gmt":"2025-01-27T04:03:56","slug":"apple-jack","status":"publish","type":"product","link":"https:\/\/beuhparadis.com\/it\/product\/apple-jack\/","title":{"rendered":"Jack di mela"},"content":{"rendered":"<h1 class=\"wp-block-heading\">Acquista l'erba Apple Jack: un ibrido riccamente aromatizzato<\/h1>\n<p><strong>Jack di mela<\/strong> \u00e8 una variet\u00e0 ibrida risultante da un incrocio tra Jack Herer e White Widow. Questa potente variet\u00e0 \u00e8 rinomata per i suoi effetti sia stimolanti che calmanti, che la rendono una scelta ideale per i pazienti di cannabis medica e per i consumatori che cercano sollievo dal dolore cronico o dalla nausea.<\/p>\n<h2 class=\"wp-block-heading\">Informazioni sulla variet\u00e0 Apple Jack<\/h2>\n<ul class=\"wp-block-list\">\n<li><strong>Tipo :<\/strong> Ibrido<\/li>\n<li><strong>Genetica :<\/strong> Incrocio tra Jack Herer e White Widow<\/li>\n<li><strong>Produzione :<\/strong> Fornisce effetti edificanti e calmanti<\/li>\n<\/ul>\n<h2 class=\"wp-block-heading\">THC e CBD<\/h2>\n<ul class=\"wp-block-list\">\n<li><strong>THC :<\/strong> Alta percentuale, per un'esperienza potente e gratificante<\/li>\n<li><strong>CBD :<\/strong> Basso, concentrandosi sugli effetti del THC<\/li>\n<\/ul>\n<h2 class=\"wp-block-heading\">Dove posso acquistare Apple Jack online?<\/h2>\n<p>Apple Jack \u00e8 disponibile su <a href=\"https:\/\/beuhparadis.com\/it\/product\/lions-cake\/\" data-type=\"link\" data-id=\"https:\/\/acheterducannabis.fr\/\">Beuhparadis<\/a>Qui viene offerta un'ampia gamma di cannabis di alta qualit\u00e0, in grado di soddisfare le aspettative dei consumatori pi\u00f9 esigenti.<\/p>\n<h2 class=\"wp-block-heading\">Effetti, aroma e sapore<\/h2>\n<h3 class=\"wp-block-heading\">Effetto<\/h3>\n<ul class=\"wp-block-list\">\n<li><strong>Sensazione :<\/strong> Concentrazione, energia, elevazione<\/li>\n<li><strong>Ideale per :<\/strong> Gestire depressione, stress e ansia<\/li>\n<\/ul>\n<h3 class=\"wp-block-heading\">Aroma<\/h3>\n<p>Aroma terroso e puzzolente con note di mela tagliata, che offre un'esperienza olfattiva unica.<\/p>\n<h3 class=\"wp-block-heading\">Il gusto<\/h3>\n<p>Aromi di mela e dolcezza con un tocco di skunk, per un'esperienza di gusto che evoca una freschezza fruttata.<\/p>\n<h2 class=\"wp-block-heading\">Effetti medici<\/h2>\n<p>I pazienti scelgono l'erba Apple Jack per i suoi potenziali benefici terapeutici, tra cui :<\/p>\n<ul class=\"wp-block-list\">\n<li>Depressione<\/li>\n<li>Lo stress<\/li>\n<li>Ansia<\/li>\n<\/ul>\n<h2 class=\"wp-block-heading\">Perch\u00e9 acquistare l'erba Apple Jack su Acheterducannabis?<\/h2>\n<p><strong>Acquista la cannabis<\/strong> \u00e8 la destinazione ideale per acquisire <strong>Jack di mela<\/strong>Questo grazie al suo impegno per la qualit\u00e0, la tracciabilit\u00e0 del prodotto e la conformit\u00e0 alle leggi europee sulla vendita della cannabis.<\/p>\n<h2 class=\"wp-block-heading\">Legislazione europea sulla vendita di erba Apple Jack<\/h2>\n<p>La vendita di Apple Jack, come quella di tutte le variet\u00e0 di cannabis, \u00e8 strettamente regolamentata in Europa. I prodotti proposti su Acheterducannabis sono conformi a tutte le norme legali vigenti, garantendo un'esperienza sicura e legale ai consumatori adulti.<\/p>\n<p>L'erba Apple Jack si distingue per la sua combinazione unica di effetti stimolanti e calmanti, accompagnati da un aroma e un profilo gustativo caratteristici. Sia che stiate cercando di alleviare sintomi specifici o di godervi un'esperienza di consumo gratificante, <a href=\"https:\/\/www.leafly.com\/strains\/apple-jack\" data-type=\"link\" data-id=\"https:\/\/www.leafly.com\/strains\/apple-jack\">Jack di mela<\/a> rappresenta una scelta di qualit\u00e0. Esplorate questa variet\u00e0 e altre su Acheterducannabis, il vostro riferimento per l'acquisto di cannabis di qualit\u00e0 in Europa.<\/p>","protected":false},"excerpt":{"rendered":"<p><strong>THC :<\/strong> 20\u00a0% <strong>Effetti<\/strong> Eccitazione corporea, Euforia, Concentrazione, Felicit\u00e0, Rilassamento, Socievolezza <strong>Pu\u00f2 alleviare<\/strong> Ansia, dolore cronico, crampi, depressione, spasmi muscolari, stress<\/p>","protected":false},"featured_media":1245,"comment_status":"closed","ping_status":"closed","template":"","meta":{"site-sidebar-layout":"default","site-content-layout":"","ast-site-content-layout":"default","site-content-style":"default","site-sidebar-style":"default","ast-global-header-display":"","ast-banner-title-visibility":"","ast-main-header-display":"","ast-hfb-above-header-display":"","ast-hfb-below-header-display":"","ast-hfb-mobile-header-display":"","site-post-title":"","ast-breadcrumbs-content":"","ast-featured-img":"","footer-sml-layout":"","theme-transparent-header-meta":"default","adv-header-id-meta":"","stick-header-meta":"","header-above-stick-meta":"","header-main-stick-meta":"","header-below-stick-meta":"","astra-migrate-meta-layouts":"set","ast-page-background-enabled":"default","ast-page-background-meta":{"desktop":{"background-color":"","background-image":"","background-repeat":"repeat","background-position":"center center","background-size":"auto","background-attachment":"scroll","background-type":"","background-media":"","overlay-type":"","overlay-color":"","overlay-opacity":"","overlay-gradient":""},"tablet":{"background-color":"","background-image":"","background-repeat":"repeat","background-position":"center center","background-size":"auto","background-attachment":"scroll","background-type":"","background-media":"","overlay-type":"","overlay-color":"","overlay-opacity":"","overlay-gradient":""},"mobile":{"background-color":"","background-image":"","background-repeat":"repeat","background-position":"center center","background-size":"auto","background-attachment":"scroll","background-type":"","background-media":"","overlay-type":"","overlay-color":"","overlay-opacity":"","overlay-gradient":""}},"ast-content-background-meta":{"desktop":{"background-color":"var(--ast-global-color-5)","background-image":"","background-repeat":"repeat","background-position":"center center","background-size":"auto","background-attachment":"scroll","background-type":"","background-media":"","overlay-type":"","overlay-color":"","overlay-opacity":"","overlay-gradient":""},"tablet":{"background-color":"var(--ast-global-color-5)","background-image":"","background-repeat":"repeat","background-position":"center center","background-size":"auto","background-attachment":"scroll","background-type":"","background-media":"","overlay-type":"","overlay-color":"","overlay-opacity":"","overlay-gradient":""},"mobile":{"background-color":"var(--ast-global-color-5)","background-image":"","background-repeat":"repeat","background-position":"center center","background-size":"auto","background-attachment":"scroll","background-type":"","background-media":"","overlay-type":"","overlay-color":"","overlay-opacity":"","overlay-gradient":""}},"_joinchat":[]},"product_brand":[],"product_cat":[32,33],"product_tag":[],"class_list":{"0":"post-1215","1":"product","2":"type-product","3":"status-publish","4":"has-post-thumbnail","6":"product_cat-fleur-de-chanvre","7":"product_cat-thc-beuh","8":"desktop-align-left","9":"tablet-align-left","10":"mobile-align-left","12":"first","13":"instock","14":"shipping-taxable","15":"purchasable","16":"product-type-variable"},"yoast_head":"<!-- This site is optimized with the Yoast SEO Premium plugin v24.1 (Yoast SEO v26.8) - https:\/\/yoast.com\/product\/yoast-seo-premium-wordpress\/ -->\n<title>Acheter Apple Jack Weed en Ligne | Livraison Rapide &amp; Discr\u00e8te<\/title>\n<meta name=\"description\" content=\"Acheter Apple Jack Weed de qualit\u00e9 sup\u00e9rieure. Livraison rapide et discr\u00e8te. Profitez des meilleurs prix et d&#039;un service client exceptionnel.\" \/>\n<meta name=\"robots\" content=\"index, follow, max-snippet:-1, max-image-preview:large, max-video-preview:-1\" \/>\n<link rel=\"canonical\" href=\"https:\/\/beuhparadis.com\/it\/product\/apple-jack\/\" \/>\n<meta property=\"og:locale\" content=\"it_IT\" \/>\n<meta property=\"og:type\" content=\"article\" \/>\n<meta property=\"og:title\" content=\"Apple Jack\" \/>\n<meta property=\"og:description\" content=\"Acheter Apple Jack Weed de qualit\u00e9 sup\u00e9rieure. Livraison rapide et discr\u00e8te. Profitez des meilleurs prix et d&#039;un service client exceptionnel.\" \/>\n<meta property=\"og:url\" content=\"https:\/\/beuhparadis.com\/it\/product\/apple-jack\/\" \/>\n<meta property=\"og:site_name\" content=\"Beuh Paradis\" \/>\n<meta property=\"article:modified_time\" content=\"2025-01-27T04:03:56+00:00\" \/>\n<meta property=\"og:image\" content=\"https:\/\/beuhparadis.com\/wp-content\/uploads\/2024\/12\/Apple-Jack.webp\" \/>\n\t<meta property=\"og:image:width\" content=\"1657\" \/>\n\t<meta property=\"og:image:height\" content=\"1105\" \/>\n\t<meta property=\"og:image:type\" content=\"image\/webp\" \/>\n<meta name=\"twitter:card\" content=\"summary_large_image\" \/>\n<meta name=\"twitter:label1\" content=\"Tempo di lettura stimato\" \/>\n\t<meta name=\"twitter:data1\" content=\"2 minutes\" \/>\n<script type=\"application\/ld+json\" class=\"yoast-schema-graph\">{\"@context\":\"https:\/\/schema.org\",\"@graph\":[{\"@type\":\"WebPage\",\"@id\":\"https:\/\/beuhparadis.com\/product\/apple-jack\/\",\"url\":\"https:\/\/beuhparadis.com\/product\/apple-jack\/\",\"name\":\"Acheter Apple Jack Weed en Ligne | Livraison Rapide & Discr\u00e8te\",\"isPartOf\":{\"@id\":\"https:\/\/beuhparadis.com\/#website\"},\"primaryImageOfPage\":{\"@id\":\"https:\/\/beuhparadis.com\/product\/apple-jack\/#primaryimage\"},\"image\":{\"@id\":\"https:\/\/beuhparadis.com\/product\/apple-jack\/#primaryimage\"},\"thumbnailUrl\":\"https:\/\/beuhparadis.com\/wp-content\/uploads\/2024\/12\/Apple-Jack.webp\",\"datePublished\":\"2024-12-10T23:38:59+00:00\",\"dateModified\":\"2025-01-27T04:03:56+00:00\",\"description\":\"Acheter Apple Jack Weed de qualit\u00e9 sup\u00e9rieure. Livraison rapide et discr\u00e8te. Profitez des meilleurs prix et d'un service client exceptionnel.\",\"breadcrumb\":{\"@id\":\"https:\/\/beuhparadis.com\/product\/apple-jack\/#breadcrumb\"},\"inLanguage\":\"it-IT\",\"potentialAction\":[{\"@type\":\"ReadAction\",\"target\":[\"https:\/\/beuhparadis.com\/product\/apple-jack\/\"]}]},{\"@type\":\"ImageObject\",\"inLanguage\":\"it-IT\",\"@id\":\"https:\/\/beuhparadis.com\/product\/apple-jack\/#primaryimage\",\"url\":\"https:\/\/beuhparadis.com\/wp-content\/uploads\/2024\/12\/Apple-Jack.webp\",\"contentUrl\":\"https:\/\/beuhparadis.com\/wp-content\/uploads\/2024\/12\/Apple-Jack.webp\",\"width\":1657,\"height\":1105},{\"@type\":\"BreadcrumbList\",\"@id\":\"https:\/\/beuhparadis.com\/product\/apple-jack\/#breadcrumb\",\"itemListElement\":[{\"@type\":\"ListItem\",\"position\":1,\"name\":\"Home\",\"item\":\"https:\/\/beuhparadis.com\/\"},{\"@type\":\"ListItem\",\"position\":2,\"name\":\"Shop\",\"item\":\"https:\/\/beuhparadis.com\/shop\/\"},{\"@type\":\"ListItem\",\"position\":3,\"name\":\"Apple Jack\"}]},{\"@type\":\"WebSite\",\"@id\":\"https:\/\/beuhparadis.com\/#website\",\"url\":\"https:\/\/beuhparadis.com\/\",\"name\":\"Beuh Paradis\",\"description\":\"\",\"potentialAction\":[{\"@type\":\"SearchAction\",\"target\":{\"@type\":\"EntryPoint\",\"urlTemplate\":\"https:\/\/beuhparadis.com\/?s={search_term_string}\"},\"query-input\":{\"@type\":\"PropertyValueSpecification\",\"valueRequired\":true,\"valueName\":\"search_term_string\"}}],\"inLanguage\":\"it-IT\"}]}<\/script>\n<!-- \/ Yoast SEO Premium plugin. -->","yoast_head_json":{"title":"Acquistare l'erba Apple Jack online | Consegna rapida e discreta","description":"Acquistare erba Apple Jack di alta qualit\u00e0. Consegna veloce e discreta. Godetevi i migliori prezzi e un servizio clienti eccezionale.","robots":{"index":"index","follow":"follow","max-snippet":"max-snippet:-1","max-image-preview":"max-image-preview:large","max-video-preview":"max-video-preview:-1"},"canonical":"https:\/\/beuhparadis.com\/it\/product\/apple-jack\/","og_locale":"it_IT","og_type":"article","og_title":"Apple Jack","og_description":"Acheter Apple Jack Weed de qualit\u00e9 sup\u00e9rieure. Livraison rapide et discr\u00e8te. Profitez des meilleurs prix et d'un service client exceptionnel.","og_url":"https:\/\/beuhparadis.com\/it\/product\/apple-jack\/","og_site_name":"Beuh Paradis","article_modified_time":"2025-01-27T04:03:56+00:00","og_image":[{"width":1657,"height":1105,"url":"https:\/\/beuhparadis.com\/wp-content\/uploads\/2024\/12\/Apple-Jack.webp","type":"image\/webp"}],"twitter_card":"summary_large_image","twitter_misc":{"Tempo di lettura stimato":"2 minutes"},"schema":{"@context":"https:\/\/schema.org","@graph":[{"@type":"WebPage","@id":"https:\/\/beuhparadis.com\/product\/apple-jack\/","url":"https:\/\/beuhparadis.com\/product\/apple-jack\/","name":"Acquistare l'erba Apple Jack online | Consegna rapida e discreta","isPartOf":{"@id":"https:\/\/beuhparadis.com\/#website"},"primaryImageOfPage":{"@id":"https:\/\/beuhparadis.com\/product\/apple-jack\/#primaryimage"},"image":{"@id":"https:\/\/beuhparadis.com\/product\/apple-jack\/#primaryimage"},"thumbnailUrl":"https:\/\/beuhparadis.com\/wp-content\/uploads\/2024\/12\/Apple-Jack.webp","datePublished":"2024-12-10T23:38:59+00:00","dateModified":"2025-01-27T04:03:56+00:00","description":"Acquistare erba Apple Jack di alta qualit\u00e0. Consegna veloce e discreta. Godetevi i migliori prezzi e un servizio clienti eccezionale.","breadcrumb":{"@id":"https:\/\/beuhparadis.com\/product\/apple-jack\/#breadcrumb"},"inLanguage":"it-IT","potentialAction":[{"@type":"ReadAction","target":["https:\/\/beuhparadis.com\/product\/apple-jack\/"]}]},{"@type":"ImageObject","inLanguage":"it-IT","@id":"https:\/\/beuhparadis.com\/product\/apple-jack\/#primaryimage","url":"https:\/\/beuhparadis.com\/wp-content\/uploads\/2024\/12\/Apple-Jack.webp","contentUrl":"https:\/\/beuhparadis.com\/wp-content\/uploads\/2024\/12\/Apple-Jack.webp","width":1657,"height":1105},{"@type":"BreadcrumbList","@id":"https:\/\/beuhparadis.com\/product\/apple-jack\/#breadcrumb","itemListElement":[{"@type":"ListItem","position":1,"name":"Home","item":"https:\/\/beuhparadis.com\/"},{"@type":"ListItem","position":2,"name":"Shop","item":"https:\/\/beuhparadis.com\/shop\/"},{"@type":"ListItem","position":3,"name":"Apple Jack"}]},{"@type":"WebSite","@id":"https:\/\/beuhparadis.com\/#website","url":"https:\/\/beuhparadis.com\/","name":"Beuh Paradis","description":"","potentialAction":[{"@type":"SearchAction","target":{"@type":"EntryPoint","urlTemplate":"https:\/\/beuhparadis.com\/?s={search_term_string}"},"query-input":{"@type":"PropertyValueSpecification","valueRequired":true,"valueName":"search_term_string"}}],"inLanguage":"it-IT"}]}},"_links":{"self":[{"href":"https:\/\/beuhparadis.com\/it\/wp-json\/wp\/v2\/product\/1215","targetHints":{"allow":["GET"]}}],"collection":[{"href":"https:\/\/beuhparadis.com\/it\/wp-json\/wp\/v2\/product"}],"about":[{"href":"https:\/\/beuhparadis.com\/it\/wp-json\/wp\/v2\/types\/product"}],"replies":[{"embeddable":true,"href":"https:\/\/beuhparadis.com\/it\/wp-json\/wp\/v2\/comments?post=1215"}],"wp:featuredmedia":[{"embeddable":true,"href":"https:\/\/beuhparadis.com\/it\/wp-json\/wp\/v2\/media\/1245"}],"wp:attachment":[{"href":"https:\/\/beuhparadis.com\/it\/wp-json\/wp\/v2\/media?parent=1215"}],"wp:term":[{"taxonomy":"product_brand","embeddable":true,"href":"https:\/\/beuhparadis.com\/it\/wp-json\/wp\/v2\/product_brand?post=1215"},{"taxonomy":"product_cat","embeddable":true,"href":"https:\/\/beuhparadis.com\/it\/wp-json\/wp\/v2\/product_cat?post=1215"},{"taxonomy":"product_tag","embeddable":true,"href":"https:\/\/beuhparadis.com\/it\/wp-json\/wp\/v2\/product_tag?post=1215"}],"curies":[{"name":"wp","href":"https:\/\/api.w.org\/{rel}","templated":true}]}}