{"id":1199,"date":"2024-12-10T23:38:48","date_gmt":"2024-12-10T23:38:48","guid":{"rendered":"https:\/\/beuhparadis.com\/?post_type=product&#038;p=1199"},"modified":"2025-01-26T16:35:46","modified_gmt":"2025-01-26T16:35:46","slug":"cannatonic-weed","status":"publish","type":"product","link":"https:\/\/beuhparadis.com\/it\/product\/cannatonic-weed\/","title":{"rendered":"Erba cannatonica"},"content":{"rendered":"<h1 class=\"wp-block-heading\">Comprare Erba Cannatonica: la variet\u00e0 medicinale per eccellenza<\/h1>\n<p>Cannatonic Weed \u00e8 una variet\u00e0 di cannabis principalmente ricca di CBD, risultante da un incrocio tra MK Ultra e G13 Haze. Nota per i suoi effetti rilassanti, questa variet\u00e0 si distingue per la sua capacit\u00e0 di fornire un profondo rilassamento, stimolando al contempo una sensazione di allerta e concentrazione.<\/p>\n<p><strong>Informazioni chiave<\/strong><\/p>\n<ul class=\"wp-block-list\">\n<li><strong>Tipo :<\/strong> Principalmente CBD<\/li>\n<li><strong>Genetica :<\/strong> Incrocio tra MK Ultra e G13 Haze<\/li>\n<li><strong>Produzione :<\/strong> Coltivato con cura per garantire un elevato contenuto di CBD<\/li>\n<\/ul>\n<h2 class=\"wp-block-heading\">THC e CBD<\/h2>\n<ul class=\"wp-block-list\">\n<li><strong>THC :<\/strong> Basso<\/li>\n<li><strong>CBD :<\/strong> High, rendendo la Cannatonic Weed ideale per i pazienti che cercano benefici terapeutici senza gli intensi effetti psicoattivi.<\/li>\n<\/ul>\n<h2 class=\"wp-block-heading\">Dove posso acquistare l'erba Cannatonic online?<\/h2>\n<p>Cannatonic Weed \u00e8 disponibile su piattaforme specializzate come Acheterducannabis, che offrono una qualit\u00e0 impeccabile e la piena conformit\u00e0 alle leggi europee sulla cannabis.<\/p>\n<h2 class=\"wp-block-heading\">Effetti, aroma e sapore di Cannatonic<\/h2>\n<h3 class=\"wp-block-heading\">Effetto<\/h3>\n<ul class=\"wp-block-list\">\n<li><strong>Sensazione :<\/strong> Rilassamento, concentrazione ed elevazione dello spirito<\/li>\n<li><strong>Ideale per :<\/strong> Uso medico, come la gestione del dolore, degli spasmi muscolari, dell'ansia e dell'emicrania.<\/li>\n<\/ul>\n<h3 class=\"wp-block-heading\">Aroma<\/h3>\n<p>Un profumo leggermente terroso con sfumature di agrumi dolci, caratteristico della variet\u00e0 Cannatonic.<\/p>\n<h3 class=\"wp-block-heading\">Il gusto<\/h3>\n<p>Un gusto legnoso, speziato\/erboristico e di pino, che arricchisce l'esperienza di consumo di questa variet\u00e0 unica.<\/p>\n<h2 class=\"wp-block-heading\">Effetti medici del Cannatonic<\/h2>\n<p>I pazienti medici scelgono l'erba cannatonica per il suo potenziale di alleviare :<\/p>\n<ul class=\"wp-block-list\">\n<li>Il dolore<\/li>\n<li>Lo stress<\/li>\n<li>Ansia<\/li>\n<\/ul>\n<h2 class=\"wp-block-heading\">Perch\u00e9 acquistare Cannatonic Weed su beuhparadis?<\/h2>\n<p>Optare per <a href=\"https:\/\/beuhparadis.com\/it\" data-type=\"link\" data-id=\"https:\/\/acheterducannabis.fr\/\">beuhparadis<\/a> per acquistare Cannatonic Weed e beneficiare della consulenza di esperti, della qualit\u00e0 garantita e della consegna conforme alle normative europee.<\/p>\n<h2 class=\"wp-block-heading\">Legislazione europea sulla vendita di Cannatonic<\/h2>\n<p>La vendita della variet\u00e0 Cannatonic, come tutte le variet\u00e0 di cannabis, segue rigorosamente gli standard stabiliti in Europa, garantendo la corretta concentrazione di THC e l'accesso legale ai consumatori adulti.<\/p>\n<p>Cannatonic Weed \u00e8 una soluzione essenziale per gli utenti che cercano sollievo senza gli effetti intossicanti spesso associati al THC. Sia per uso medico che per semplice relax, <a href=\"https:\/\/www.cannaconnection.com\/strains\/cannatonic\" data-type=\"link\" data-id=\"https:\/\/www.cannaconnection.com\/strains\/cannatonic\">Ceppo cannatonico<\/a> offre un'esperienza gratificante, mettendo in evidenza i benefici del CBD. Scoprite questa variet\u00e0 eccezionale e molte altre su Acheterducannabis, la vostra destinazione d'elezione per i prodotti di cannabis di alta qualit\u00e0 in Europa.<\/p>","protected":false},"excerpt":{"rendered":"<p><strong>THC :<\/strong> 7 % - 8 %, CBD : 14 %, CBN : 1 % <strong>Effetti<\/strong> Calmante, Felice, Delicato, Rilassante, Edificante <strong>Pu\u00f2 alleviare<\/strong> Ansia, dolore cronico, crampi, mal di testa, emicrania, spasmi muscolari, stress<\/p>","protected":false},"featured_media":1213,"comment_status":"closed","ping_status":"closed","template":"","meta":{"site-sidebar-layout":"default","site-content-layout":"","ast-site-content-layout":"default","site-content-style":"default","site-sidebar-style":"default","ast-global-header-display":"","ast-banner-title-visibility":"","ast-main-header-display":"","ast-hfb-above-header-display":"","ast-hfb-below-header-display":"","ast-hfb-mobile-header-display":"","site-post-title":"","ast-breadcrumbs-content":"","ast-featured-img":"","footer-sml-layout":"","theme-transparent-header-meta":"default","adv-header-id-meta":"","stick-header-meta":"","header-above-stick-meta":"","header-main-stick-meta":"","header-below-stick-meta":"","astra-migrate-meta-layouts":"set","ast-page-background-enabled":"default","ast-page-background-meta":{"desktop":{"background-color":"","background-image":"","background-repeat":"repeat","background-position":"center center","background-size":"auto","background-attachment":"scroll","background-type":"","background-media":"","overlay-type":"","overlay-color":"","overlay-opacity":"","overlay-gradient":""},"tablet":{"background-color":"","background-image":"","background-repeat":"repeat","background-position":"center center","background-size":"auto","background-attachment":"scroll","background-type":"","background-media":"","overlay-type":"","overlay-color":"","overlay-opacity":"","overlay-gradient":""},"mobile":{"background-color":"","background-image":"","background-repeat":"repeat","background-position":"center center","background-size":"auto","background-attachment":"scroll","background-type":"","background-media":"","overlay-type":"","overlay-color":"","overlay-opacity":"","overlay-gradient":""}},"ast-content-background-meta":{"desktop":{"background-color":"var(--ast-global-color-5)","background-image":"","background-repeat":"repeat","background-position":"center center","background-size":"auto","background-attachment":"scroll","background-type":"","background-media":"","overlay-type":"","overlay-color":"","overlay-opacity":"","overlay-gradient":""},"tablet":{"background-color":"var(--ast-global-color-5)","background-image":"","background-repeat":"repeat","background-position":"center center","background-size":"auto","background-attachment":"scroll","background-type":"","background-media":"","overlay-type":"","overlay-color":"","overlay-opacity":"","overlay-gradient":""},"mobile":{"background-color":"var(--ast-global-color-5)","background-image":"","background-repeat":"repeat","background-position":"center center","background-size":"auto","background-attachment":"scroll","background-type":"","background-media":"","overlay-type":"","overlay-color":"","overlay-opacity":"","overlay-gradient":""}},"_joinchat":[]},"product_brand":[],"product_cat":[32,33],"product_tag":[],"class_list":{"0":"post-1199","1":"product","2":"type-product","3":"status-publish","4":"has-post-thumbnail","6":"product_cat-fleur-de-chanvre","7":"product_cat-thc-beuh","8":"desktop-align-left","9":"tablet-align-left","10":"mobile-align-left","12":"first","13":"instock","14":"shipping-taxable","15":"purchasable","16":"product-type-variable"},"yoast_head":"<!-- This site is optimized with the Yoast SEO Premium plugin v24.1 (Yoast SEO v26.8) - https:\/\/yoast.com\/product\/yoast-seo-premium-wordpress\/ -->\n<title>Acheter Cannatonic Weed | Cannabis \u00e0 Haute Teneur en CBD<\/title>\n<meta name=\"description\" content=\"Acheter Cannatonic Weed ? D\u00e9couvrez cette vari\u00e9t\u00e9 \u00e9quilibr\u00e9e, riche en CBD et faible en THC, id\u00e9ale pour la relaxation sans effets psychoactifs intenses. C\" \/>\n<meta name=\"robots\" content=\"index, follow, max-snippet:-1, max-image-preview:large, max-video-preview:-1\" \/>\n<link rel=\"canonical\" href=\"https:\/\/beuhparadis.com\/it\/product\/cannatonic-weed\/\" \/>\n<meta property=\"og:locale\" content=\"it_IT\" \/>\n<meta property=\"og:type\" content=\"article\" \/>\n<meta property=\"og:title\" content=\"Cannatonic Weed\" \/>\n<meta property=\"og:description\" content=\"Acheter Cannatonic Weed ? D\u00e9couvrez cette vari\u00e9t\u00e9 \u00e9quilibr\u00e9e, riche en CBD et faible en THC, id\u00e9ale pour la relaxation sans effets psychoactifs intenses. C\" \/>\n<meta property=\"og:url\" content=\"https:\/\/beuhparadis.com\/it\/product\/cannatonic-weed\/\" \/>\n<meta property=\"og:site_name\" content=\"Beuh Paradis\" \/>\n<meta property=\"article:modified_time\" content=\"2025-01-26T16:35:46+00:00\" \/>\n<meta property=\"og:image\" content=\"https:\/\/beuhparadis.com\/wp-content\/uploads\/2024\/12\/Cannatonic-Weed.webp\" \/>\n\t<meta property=\"og:image:width\" content=\"500\" \/>\n\t<meta property=\"og:image:height\" content=\"500\" \/>\n\t<meta property=\"og:image:type\" content=\"image\/webp\" \/>\n<meta name=\"twitter:card\" content=\"summary_large_image\" \/>\n<meta name=\"twitter:label1\" content=\"Tempo di lettura stimato\" \/>\n\t<meta name=\"twitter:data1\" content=\"2 minutes\" \/>\n<script type=\"application\/ld+json\" class=\"yoast-schema-graph\">{\"@context\":\"https:\/\/schema.org\",\"@graph\":[{\"@type\":\"WebPage\",\"@id\":\"https:\/\/beuhparadis.com\/product\/cannatonic-weed\/\",\"url\":\"https:\/\/beuhparadis.com\/product\/cannatonic-weed\/\",\"name\":\"Acheter Cannatonic Weed | Cannabis \u00e0 Haute Teneur en CBD\",\"isPartOf\":{\"@id\":\"https:\/\/beuhparadis.com\/#website\"},\"primaryImageOfPage\":{\"@id\":\"https:\/\/beuhparadis.com\/product\/cannatonic-weed\/#primaryimage\"},\"image\":{\"@id\":\"https:\/\/beuhparadis.com\/product\/cannatonic-weed\/#primaryimage\"},\"thumbnailUrl\":\"https:\/\/beuhparadis.com\/wp-content\/uploads\/2024\/12\/Cannatonic-Weed.webp\",\"datePublished\":\"2024-12-10T23:38:48+00:00\",\"dateModified\":\"2025-01-26T16:35:46+00:00\",\"description\":\"Acheter Cannatonic Weed ? D\u00e9couvrez cette vari\u00e9t\u00e9 \u00e9quilibr\u00e9e, riche en CBD et faible en THC, id\u00e9ale pour la relaxation sans effets psychoactifs intenses. C\",\"breadcrumb\":{\"@id\":\"https:\/\/beuhparadis.com\/product\/cannatonic-weed\/#breadcrumb\"},\"inLanguage\":\"it-IT\",\"potentialAction\":[{\"@type\":\"ReadAction\",\"target\":[\"https:\/\/beuhparadis.com\/product\/cannatonic-weed\/\"]}]},{\"@type\":\"ImageObject\",\"inLanguage\":\"it-IT\",\"@id\":\"https:\/\/beuhparadis.com\/product\/cannatonic-weed\/#primaryimage\",\"url\":\"https:\/\/beuhparadis.com\/wp-content\/uploads\/2024\/12\/Cannatonic-Weed.webp\",\"contentUrl\":\"https:\/\/beuhparadis.com\/wp-content\/uploads\/2024\/12\/Cannatonic-Weed.webp\",\"width\":500,\"height\":500},{\"@type\":\"BreadcrumbList\",\"@id\":\"https:\/\/beuhparadis.com\/product\/cannatonic-weed\/#breadcrumb\",\"itemListElement\":[{\"@type\":\"ListItem\",\"position\":1,\"name\":\"Home\",\"item\":\"https:\/\/beuhparadis.com\/\"},{\"@type\":\"ListItem\",\"position\":2,\"name\":\"Shop\",\"item\":\"https:\/\/beuhparadis.com\/shop\/\"},{\"@type\":\"ListItem\",\"position\":3,\"name\":\"Cannatonic Weed\"}]},{\"@type\":\"WebSite\",\"@id\":\"https:\/\/beuhparadis.com\/#website\",\"url\":\"https:\/\/beuhparadis.com\/\",\"name\":\"Beuh Paradis\",\"description\":\"\",\"potentialAction\":[{\"@type\":\"SearchAction\",\"target\":{\"@type\":\"EntryPoint\",\"urlTemplate\":\"https:\/\/beuhparadis.com\/?s={search_term_string}\"},\"query-input\":{\"@type\":\"PropertyValueSpecification\",\"valueRequired\":true,\"valueName\":\"search_term_string\"}}],\"inLanguage\":\"it-IT\"}]}<\/script>\n<!-- \/ Yoast SEO Premium plugin. -->","yoast_head_json":{"title":"Comprare Cannatonic Weed | Cannabis ad alto contenuto di CBD","description":"Comprare erba Cannatonic? Scoprite questa variet\u00e0 equilibrata, ricca di CBD e a basso contenuto di THC, ideale per il relax senza intensi effetti psicoattivi. C","robots":{"index":"index","follow":"follow","max-snippet":"max-snippet:-1","max-image-preview":"max-image-preview:large","max-video-preview":"max-video-preview:-1"},"canonical":"https:\/\/beuhparadis.com\/it\/product\/cannatonic-weed\/","og_locale":"it_IT","og_type":"article","og_title":"Cannatonic Weed","og_description":"Acheter Cannatonic Weed ? D\u00e9couvrez cette vari\u00e9t\u00e9 \u00e9quilibr\u00e9e, riche en CBD et faible en THC, id\u00e9ale pour la relaxation sans effets psychoactifs intenses. C","og_url":"https:\/\/beuhparadis.com\/it\/product\/cannatonic-weed\/","og_site_name":"Beuh Paradis","article_modified_time":"2025-01-26T16:35:46+00:00","og_image":[{"width":500,"height":500,"url":"https:\/\/beuhparadis.com\/wp-content\/uploads\/2024\/12\/Cannatonic-Weed.webp","type":"image\/webp"}],"twitter_card":"summary_large_image","twitter_misc":{"Tempo di lettura stimato":"2 minutes"},"schema":{"@context":"https:\/\/schema.org","@graph":[{"@type":"WebPage","@id":"https:\/\/beuhparadis.com\/product\/cannatonic-weed\/","url":"https:\/\/beuhparadis.com\/product\/cannatonic-weed\/","name":"Comprare Cannatonic Weed | Cannabis ad alto contenuto di CBD","isPartOf":{"@id":"https:\/\/beuhparadis.com\/#website"},"primaryImageOfPage":{"@id":"https:\/\/beuhparadis.com\/product\/cannatonic-weed\/#primaryimage"},"image":{"@id":"https:\/\/beuhparadis.com\/product\/cannatonic-weed\/#primaryimage"},"thumbnailUrl":"https:\/\/beuhparadis.com\/wp-content\/uploads\/2024\/12\/Cannatonic-Weed.webp","datePublished":"2024-12-10T23:38:48+00:00","dateModified":"2025-01-26T16:35:46+00:00","description":"Comprare erba Cannatonic? Scoprite questa variet\u00e0 equilibrata, ricca di CBD e a basso contenuto di THC, ideale per il relax senza intensi effetti psicoattivi. C","breadcrumb":{"@id":"https:\/\/beuhparadis.com\/product\/cannatonic-weed\/#breadcrumb"},"inLanguage":"it-IT","potentialAction":[{"@type":"ReadAction","target":["https:\/\/beuhparadis.com\/product\/cannatonic-weed\/"]}]},{"@type":"ImageObject","inLanguage":"it-IT","@id":"https:\/\/beuhparadis.com\/product\/cannatonic-weed\/#primaryimage","url":"https:\/\/beuhparadis.com\/wp-content\/uploads\/2024\/12\/Cannatonic-Weed.webp","contentUrl":"https:\/\/beuhparadis.com\/wp-content\/uploads\/2024\/12\/Cannatonic-Weed.webp","width":500,"height":500},{"@type":"BreadcrumbList","@id":"https:\/\/beuhparadis.com\/product\/cannatonic-weed\/#breadcrumb","itemListElement":[{"@type":"ListItem","position":1,"name":"Home","item":"https:\/\/beuhparadis.com\/"},{"@type":"ListItem","position":2,"name":"Shop","item":"https:\/\/beuhparadis.com\/shop\/"},{"@type":"ListItem","position":3,"name":"Cannatonic Weed"}]},{"@type":"WebSite","@id":"https:\/\/beuhparadis.com\/#website","url":"https:\/\/beuhparadis.com\/","name":"Beuh Paradis","description":"","potentialAction":[{"@type":"SearchAction","target":{"@type":"EntryPoint","urlTemplate":"https:\/\/beuhparadis.com\/?s={search_term_string}"},"query-input":{"@type":"PropertyValueSpecification","valueRequired":true,"valueName":"search_term_string"}}],"inLanguage":"it-IT"}]}},"_links":{"self":[{"href":"https:\/\/beuhparadis.com\/it\/wp-json\/wp\/v2\/product\/1199","targetHints":{"allow":["GET"]}}],"collection":[{"href":"https:\/\/beuhparadis.com\/it\/wp-json\/wp\/v2\/product"}],"about":[{"href":"https:\/\/beuhparadis.com\/it\/wp-json\/wp\/v2\/types\/product"}],"replies":[{"embeddable":true,"href":"https:\/\/beuhparadis.com\/it\/wp-json\/wp\/v2\/comments?post=1199"}],"wp:featuredmedia":[{"embeddable":true,"href":"https:\/\/beuhparadis.com\/it\/wp-json\/wp\/v2\/media\/1213"}],"wp:attachment":[{"href":"https:\/\/beuhparadis.com\/it\/wp-json\/wp\/v2\/media?parent=1199"}],"wp:term":[{"taxonomy":"product_brand","embeddable":true,"href":"https:\/\/beuhparadis.com\/it\/wp-json\/wp\/v2\/product_brand?post=1199"},{"taxonomy":"product_cat","embeddable":true,"href":"https:\/\/beuhparadis.com\/it\/wp-json\/wp\/v2\/product_cat?post=1199"},{"taxonomy":"product_tag","embeddable":true,"href":"https:\/\/beuhparadis.com\/it\/wp-json\/wp\/v2\/product_tag?post=1199"}],"curies":[{"name":"wp","href":"https:\/\/api.w.org\/{rel}","templated":true}]}}