{"id":1189,"date":"2024-12-10T23:38:47","date_gmt":"2024-12-10T23:38:47","guid":{"rendered":"https:\/\/beuhparadis.com\/?post_type=product&#038;p=1189"},"modified":"2025-01-26T16:16:07","modified_gmt":"2025-01-26T16:16:07","slug":"runtz-weed","status":"publish","type":"product","link":"https:\/\/beuhparadis.com\/it\/product\/runtz-weed\/","title":{"rendered":"Erba Runtz"},"content":{"rendered":"<h1 class=\"wp-block-heading\">Acquista l'erba Runtz: un'esperienza cannabica eccezionale con la variet\u00e0 Runtz<\/h1>\n<p>Acquistate Runtz Weed, una variet\u00e0 ibrida bilanciata che cattura l'attenzione degli amanti della cannabis grazie alla sua miscela unica di effetti indica e sativa. Un incrocio tra Zkittlez e Gelato, <strong>l<\/strong>a variet\u00e0 Runtz si distingue per il suo accattivante profilo aromatico e per la sua notevole forza, che la rendono un'ottima rappresentante della qualit\u00e0 Cali Runtz.<\/p>\n<p><strong>Informazioni chiave<\/strong><\/p>\n<ul class=\"wp-block-list\">\n<li><strong>Tipo :<\/strong> Ibrido (50% indica \/ 50% sativa)<\/li>\n<li><strong>Origine :<\/strong> Incrocio tra Zkittlez e Gelato<\/li>\n<li><strong>Progettisti :<\/strong> Passione per la cultura e Cookies Fam, che celebra l'eredit\u00e0 del ceppo Runtz OG<\/li>\n<\/ul>\n<h2 class=\"wp-block-heading\">THC e CBD<\/h2>\n<ul class=\"wp-block-list\">\n<li><strong>THC :<\/strong> Circa 24%, che offrono una potenza significativa al ceppo Runtz<\/li>\n<li><strong>CBD :<\/strong> A basso contenuto, potenzia gli effetti psicoattivi della Runtz Weed<\/li>\n<\/ul>\n<h2 class=\"wp-block-heading\">Dove acquistare <strong>Erba Runtz<\/strong> Online?<\/h2>\n<p>Runtz Weed \u00e8 disponibile per l'acquisto presso piattaforme online specializzate come<a href=\"https:\/\/acheterducannabis.fr\/\" data-type=\"link\" data-id=\"https:\/\/acheterducannabis.fr\/\">Acquista la cannabis<\/a>Questo garantisce un'esperienza di acquisto sicura e una qualit\u00e0 superiore per gli appassionati di questa eccezionale variet\u00e0 Runtz.<\/p>\n<h2 class=\"wp-block-heading\">Effetti, aroma e gusto di <strong>Erba Runtz<\/strong><\/h2>\n<h3 class=\"wp-block-heading\">Effetto<\/h3>\n<ul class=\"wp-block-list\">\n<li><strong>Sensazione :<\/strong> Rilassamento, euforia, creativit\u00e0: sono queste le caratteristiche principali di <strong>Ceppo Runtz OG<\/strong><\/li>\n<li><strong>Effetti collaterali :<\/strong> Bocca secca, occhi secchi<\/li>\n<\/ul>\n<h3 class=\"wp-block-heading\">Sapore e gusto<\/h3>\n<p>Una miscela unica di limone, skunk e lime, che crea un profilo aromatico complesso e invitante ad ogni inalazione di Runtz OG. I sapori della variet\u00e0 Runtz seguono il suo aroma, fornendo un'esperienza di gusto ricca e distinta per la comunit\u00e0 Cali Runtz.<\/p>\n<h2 class=\"wp-block-heading\">Effetti medici<\/h2>\n<p>La Runtz OG \u00e8 apprezzata per il suo potenziale di alleviare lo stress, l'ansia e la nausea, rendendola una variet\u00e0 essenziale nel repertorio della cannabis medica.<\/p>\n<h2 class=\"wp-block-heading\">Perch\u00e9 acquistare <strong>Erba Runtz<\/strong> su beuhparadis?<\/h2>\n<p><a href=\"https:\/\/beuhparadis.com\/it\/product\/acheter-cheetah-piss-weed\/\">Beuhparadis<\/a> \u00e8 rinomata per la sua meticolosa selezione di cannabis di qualit\u00e0 superiore, tra cui <strong>Erba Runtz<\/strong>Questa variet\u00e0 \u00e8 potente e ricca di sapori e offre ai consumatori un'esperienza unica. La disponibilit\u00e0 e la qualit\u00e0 della variet\u00e0 Runtz su Acheterducannabis soddisfano le elevate aspettative degli intenditori di Cali Runtz.<\/p>\n<p>Runtz Weed \u00e8 per gli amanti della cannabis che cercano un'esperienza ricca di sapori ed effetti. La sua origine genetica unica, il suo complesso profilo terpenico e il suo status all'interno della comunit\u00e0 di <a href=\"https:\/\/www.leafly.com\/strains\/runtz\" data-type=\"link\" data-id=\"https:\/\/www.leafly.com\/strains\/runtz\">Runtz OG<\/a> La variet\u00e0 Runtz \u00e8 una variet\u00e0 da provare. Visitate Acheterducannabis per immergervi in un'esperienza cannabica senza precedenti con la variet\u00e0 Runtz e altre variet\u00e0 di qualit\u00e0 provenienti dall'Europa.<\/p>","protected":false},"excerpt":{"rendered":"<p><strong>THC :<\/strong> 24%<br \/>\n<strong><br \/>\nEffetti:<\/strong><br \/>\nLa Runtz Weed \u00e8 apprezzata per il suo potenziale di alleviare lo stress, l'ansia e la nausea, rendendola una variet\u00e0 essenziale nel repertorio della cannabis medica.<\/p>","protected":false},"featured_media":1211,"comment_status":"closed","ping_status":"closed","template":"","meta":{"site-sidebar-layout":"default","site-content-layout":"","ast-site-content-layout":"default","site-content-style":"default","site-sidebar-style":"default","ast-global-header-display":"","ast-banner-title-visibility":"","ast-main-header-display":"","ast-hfb-above-header-display":"","ast-hfb-below-header-display":"","ast-hfb-mobile-header-display":"","site-post-title":"","ast-breadcrumbs-content":"","ast-featured-img":"","footer-sml-layout":"","theme-transparent-header-meta":"default","adv-header-id-meta":"","stick-header-meta":"","header-above-stick-meta":"","header-main-stick-meta":"","header-below-stick-meta":"","astra-migrate-meta-layouts":"set","ast-page-background-enabled":"default","ast-page-background-meta":{"desktop":{"background-color":"","background-image":"","background-repeat":"repeat","background-position":"center center","background-size":"auto","background-attachment":"scroll","background-type":"","background-media":"","overlay-type":"","overlay-color":"","overlay-opacity":"","overlay-gradient":""},"tablet":{"background-color":"","background-image":"","background-repeat":"repeat","background-position":"center center","background-size":"auto","background-attachment":"scroll","background-type":"","background-media":"","overlay-type":"","overlay-color":"","overlay-opacity":"","overlay-gradient":""},"mobile":{"background-color":"","background-image":"","background-repeat":"repeat","background-position":"center center","background-size":"auto","background-attachment":"scroll","background-type":"","background-media":"","overlay-type":"","overlay-color":"","overlay-opacity":"","overlay-gradient":""}},"ast-content-background-meta":{"desktop":{"background-color":"var(--ast-global-color-5)","background-image":"","background-repeat":"repeat","background-position":"center center","background-size":"auto","background-attachment":"scroll","background-type":"","background-media":"","overlay-type":"","overlay-color":"","overlay-opacity":"","overlay-gradient":""},"tablet":{"background-color":"var(--ast-global-color-5)","background-image":"","background-repeat":"repeat","background-position":"center center","background-size":"auto","background-attachment":"scroll","background-type":"","background-media":"","overlay-type":"","overlay-color":"","overlay-opacity":"","overlay-gradient":""},"mobile":{"background-color":"var(--ast-global-color-5)","background-image":"","background-repeat":"repeat","background-position":"center center","background-size":"auto","background-attachment":"scroll","background-type":"","background-media":"","overlay-type":"","overlay-color":"","overlay-opacity":"","overlay-gradient":""}},"_joinchat":[]},"product_brand":[],"product_cat":[15],"product_tag":[],"class_list":{"0":"post-1189","1":"product","2":"type-product","3":"status-publish","4":"has-post-thumbnail","6":"product_cat-uncategorized","7":"desktop-align-left","8":"tablet-align-left","9":"mobile-align-left","11":"first","12":"instock","13":"shipping-taxable","14":"purchasable","15":"product-type-variable"},"yoast_head":"<!-- This site is optimized with the Yoast SEO Premium plugin v24.1 (Yoast SEO v26.8) - https:\/\/yoast.com\/product\/yoast-seo-premium-wordpress\/ -->\n<title>Acheter Runtz Weed \u2013 Cannabis Premium aux Saveurs Sucr\u00e9es<\/title>\n<meta name=\"description\" content=\"D\u00e9couvrez Runtz Weed, une vari\u00e9t\u00e9 de cannabis populaire pour son ar\u00f4me sucr\u00e9 et ses effets relaxants. Commandez en ligne avec livraison rapide et discr\u00e8te\" \/>\n<meta name=\"robots\" content=\"index, follow, max-snippet:-1, max-image-preview:large, max-video-preview:-1\" \/>\n<link rel=\"canonical\" href=\"https:\/\/beuhparadis.com\/it\/product\/runtz-weed\/\" \/>\n<meta property=\"og:locale\" content=\"it_IT\" \/>\n<meta property=\"og:type\" content=\"article\" \/>\n<meta property=\"og:title\" content=\"Runtz Weed\" \/>\n<meta property=\"og:description\" content=\"D\u00e9couvrez Runtz Weed, une vari\u00e9t\u00e9 de cannabis populaire pour son ar\u00f4me sucr\u00e9 et ses effets relaxants. Commandez en ligne avec livraison rapide et discr\u00e8te\" \/>\n<meta property=\"og:url\" content=\"https:\/\/beuhparadis.com\/it\/product\/runtz-weed\/\" \/>\n<meta property=\"og:site_name\" content=\"Beuh Paradis\" \/>\n<meta property=\"article:modified_time\" content=\"2025-01-26T16:16:07+00:00\" \/>\n<meta property=\"og:image\" content=\"https:\/\/beuhparadis.com\/wp-content\/uploads\/2024\/12\/Runtz-Weed.webp\" \/>\n\t<meta property=\"og:image:width\" content=\"500\" \/>\n\t<meta property=\"og:image:height\" content=\"500\" \/>\n\t<meta property=\"og:image:type\" content=\"image\/webp\" \/>\n<meta name=\"twitter:card\" content=\"summary_large_image\" \/>\n<meta name=\"twitter:label1\" content=\"Tempo di lettura stimato\" \/>\n\t<meta name=\"twitter:data1\" content=\"2 minutes\" \/>\n<script type=\"application\/ld+json\" class=\"yoast-schema-graph\">{\"@context\":\"https:\/\/schema.org\",\"@graph\":[{\"@type\":\"WebPage\",\"@id\":\"https:\/\/beuhparadis.com\/product\/runtz-weed\/\",\"url\":\"https:\/\/beuhparadis.com\/product\/runtz-weed\/\",\"name\":\"Acheter Runtz Weed \u2013 Cannabis Premium aux Saveurs Sucr\u00e9es\",\"isPartOf\":{\"@id\":\"https:\/\/beuhparadis.com\/#website\"},\"primaryImageOfPage\":{\"@id\":\"https:\/\/beuhparadis.com\/product\/runtz-weed\/#primaryimage\"},\"image\":{\"@id\":\"https:\/\/beuhparadis.com\/product\/runtz-weed\/#primaryimage\"},\"thumbnailUrl\":\"https:\/\/beuhparadis.com\/wp-content\/uploads\/2024\/12\/Runtz-Weed.webp\",\"datePublished\":\"2024-12-10T23:38:47+00:00\",\"dateModified\":\"2025-01-26T16:16:07+00:00\",\"description\":\"D\u00e9couvrez Runtz Weed, une vari\u00e9t\u00e9 de cannabis populaire pour son ar\u00f4me sucr\u00e9 et ses effets relaxants. Commandez en ligne avec livraison rapide et discr\u00e8te\",\"breadcrumb\":{\"@id\":\"https:\/\/beuhparadis.com\/product\/runtz-weed\/#breadcrumb\"},\"inLanguage\":\"it-IT\",\"potentialAction\":[{\"@type\":\"ReadAction\",\"target\":[\"https:\/\/beuhparadis.com\/product\/runtz-weed\/\"]}]},{\"@type\":\"ImageObject\",\"inLanguage\":\"it-IT\",\"@id\":\"https:\/\/beuhparadis.com\/product\/runtz-weed\/#primaryimage\",\"url\":\"https:\/\/beuhparadis.com\/wp-content\/uploads\/2024\/12\/Runtz-Weed.webp\",\"contentUrl\":\"https:\/\/beuhparadis.com\/wp-content\/uploads\/2024\/12\/Runtz-Weed.webp\",\"width\":500,\"height\":500},{\"@type\":\"BreadcrumbList\",\"@id\":\"https:\/\/beuhparadis.com\/product\/runtz-weed\/#breadcrumb\",\"itemListElement\":[{\"@type\":\"ListItem\",\"position\":1,\"name\":\"Home\",\"item\":\"https:\/\/beuhparadis.com\/\"},{\"@type\":\"ListItem\",\"position\":2,\"name\":\"Shop\",\"item\":\"https:\/\/beuhparadis.com\/shop\/\"},{\"@type\":\"ListItem\",\"position\":3,\"name\":\"Runtz Weed\"}]},{\"@type\":\"WebSite\",\"@id\":\"https:\/\/beuhparadis.com\/#website\",\"url\":\"https:\/\/beuhparadis.com\/\",\"name\":\"Beuh Paradis\",\"description\":\"\",\"potentialAction\":[{\"@type\":\"SearchAction\",\"target\":{\"@type\":\"EntryPoint\",\"urlTemplate\":\"https:\/\/beuhparadis.com\/?s={search_term_string}\"},\"query-input\":{\"@type\":\"PropertyValueSpecification\",\"valueRequired\":true,\"valueName\":\"search_term_string\"}}],\"inLanguage\":\"it-IT\"}]}<\/script>\n<!-- \/ Yoast SEO Premium plugin. -->","yoast_head_json":{"title":"Acquista Runtz Weed - Cannabis Premium dal sapore dolce","description":"Scoprite la Runtz Weed, una variet\u00e0 di cannabis popolare per il suo aroma dolce e i suoi effetti rilassanti. Ordina online con consegna rapida e discreta","robots":{"index":"index","follow":"follow","max-snippet":"max-snippet:-1","max-image-preview":"max-image-preview:large","max-video-preview":"max-video-preview:-1"},"canonical":"https:\/\/beuhparadis.com\/it\/product\/runtz-weed\/","og_locale":"it_IT","og_type":"article","og_title":"Runtz Weed","og_description":"D\u00e9couvrez Runtz Weed, une vari\u00e9t\u00e9 de cannabis populaire pour son ar\u00f4me sucr\u00e9 et ses effets relaxants. Commandez en ligne avec livraison rapide et discr\u00e8te","og_url":"https:\/\/beuhparadis.com\/it\/product\/runtz-weed\/","og_site_name":"Beuh Paradis","article_modified_time":"2025-01-26T16:16:07+00:00","og_image":[{"width":500,"height":500,"url":"https:\/\/beuhparadis.com\/wp-content\/uploads\/2024\/12\/Runtz-Weed.webp","type":"image\/webp"}],"twitter_card":"summary_large_image","twitter_misc":{"Tempo di lettura stimato":"2 minutes"},"schema":{"@context":"https:\/\/schema.org","@graph":[{"@type":"WebPage","@id":"https:\/\/beuhparadis.com\/product\/runtz-weed\/","url":"https:\/\/beuhparadis.com\/product\/runtz-weed\/","name":"Acquista Runtz Weed - Cannabis Premium dal sapore dolce","isPartOf":{"@id":"https:\/\/beuhparadis.com\/#website"},"primaryImageOfPage":{"@id":"https:\/\/beuhparadis.com\/product\/runtz-weed\/#primaryimage"},"image":{"@id":"https:\/\/beuhparadis.com\/product\/runtz-weed\/#primaryimage"},"thumbnailUrl":"https:\/\/beuhparadis.com\/wp-content\/uploads\/2024\/12\/Runtz-Weed.webp","datePublished":"2024-12-10T23:38:47+00:00","dateModified":"2025-01-26T16:16:07+00:00","description":"Scoprite la Runtz Weed, una variet\u00e0 di cannabis popolare per il suo aroma dolce e i suoi effetti rilassanti. Ordina online con consegna rapida e discreta","breadcrumb":{"@id":"https:\/\/beuhparadis.com\/product\/runtz-weed\/#breadcrumb"},"inLanguage":"it-IT","potentialAction":[{"@type":"ReadAction","target":["https:\/\/beuhparadis.com\/product\/runtz-weed\/"]}]},{"@type":"ImageObject","inLanguage":"it-IT","@id":"https:\/\/beuhparadis.com\/product\/runtz-weed\/#primaryimage","url":"https:\/\/beuhparadis.com\/wp-content\/uploads\/2024\/12\/Runtz-Weed.webp","contentUrl":"https:\/\/beuhparadis.com\/wp-content\/uploads\/2024\/12\/Runtz-Weed.webp","width":500,"height":500},{"@type":"BreadcrumbList","@id":"https:\/\/beuhparadis.com\/product\/runtz-weed\/#breadcrumb","itemListElement":[{"@type":"ListItem","position":1,"name":"Home","item":"https:\/\/beuhparadis.com\/"},{"@type":"ListItem","position":2,"name":"Shop","item":"https:\/\/beuhparadis.com\/shop\/"},{"@type":"ListItem","position":3,"name":"Runtz Weed"}]},{"@type":"WebSite","@id":"https:\/\/beuhparadis.com\/#website","url":"https:\/\/beuhparadis.com\/","name":"Beuh Paradis","description":"","potentialAction":[{"@type":"SearchAction","target":{"@type":"EntryPoint","urlTemplate":"https:\/\/beuhparadis.com\/?s={search_term_string}"},"query-input":{"@type":"PropertyValueSpecification","valueRequired":true,"valueName":"search_term_string"}}],"inLanguage":"it-IT"}]}},"_links":{"self":[{"href":"https:\/\/beuhparadis.com\/it\/wp-json\/wp\/v2\/product\/1189","targetHints":{"allow":["GET"]}}],"collection":[{"href":"https:\/\/beuhparadis.com\/it\/wp-json\/wp\/v2\/product"}],"about":[{"href":"https:\/\/beuhparadis.com\/it\/wp-json\/wp\/v2\/types\/product"}],"replies":[{"embeddable":true,"href":"https:\/\/beuhparadis.com\/it\/wp-json\/wp\/v2\/comments?post=1189"}],"wp:featuredmedia":[{"embeddable":true,"href":"https:\/\/beuhparadis.com\/it\/wp-json\/wp\/v2\/media\/1211"}],"wp:attachment":[{"href":"https:\/\/beuhparadis.com\/it\/wp-json\/wp\/v2\/media?parent=1189"}],"wp:term":[{"taxonomy":"product_brand","embeddable":true,"href":"https:\/\/beuhparadis.com\/it\/wp-json\/wp\/v2\/product_brand?post=1189"},{"taxonomy":"product_cat","embeddable":true,"href":"https:\/\/beuhparadis.com\/it\/wp-json\/wp\/v2\/product_cat?post=1189"},{"taxonomy":"product_tag","embeddable":true,"href":"https:\/\/beuhparadis.com\/it\/wp-json\/wp\/v2\/product_tag?post=1189"}],"curies":[{"name":"wp","href":"https:\/\/api.w.org\/{rel}","templated":true}]}}