{"id":1184,"date":"2024-12-10T23:38:47","date_gmt":"2024-12-10T23:38:47","guid":{"rendered":"https:\/\/beuhparadis.com\/?post_type=product&#038;p=1184"},"modified":"2025-01-26T16:19:22","modified_gmt":"2025-01-26T16:19:22","slug":"trideri-weed","status":"publish","type":"product","link":"https:\/\/beuhparadis.com\/it\/product\/trideri-weed\/","title":{"rendered":"Erba Trideri"},"content":{"rendered":"<h1 class=\"wp-block-heading\">Acquista l'erba Trideri: una variet\u00e0 Indica con effetti rilassanti<\/h1>\n<p>Acquistate la Trideri Weed, una variet\u00e0 di cannabis indica rinomata per i suoi effetti rilassanti e creativi. Perfetta per chi cerca sollievo da stress e ansia, stimolando al contempo la propria creativit\u00e0.<\/p>\n<h2 class=\"wp-block-heading\">Informazioni sul ceppo Trideri<\/h2>\n<ul class=\"wp-block-list\">\n<li><strong>Tipo :<\/strong> Indica<\/li>\n<li><strong>Effetti principali :<\/strong> Relax, felicit\u00e0, creativit\u00e0<\/li>\n<li><strong>Svantaggi:<\/strong> Bocca secca<\/li>\n<\/ul>\n<h2 class=\"wp-block-heading\">THC e CBD<\/h2>\n<ul class=\"wp-block-list\">\n<li><strong>THC :<\/strong> Alta percentuale, concentrata sugli effetti psicoattivi<\/li>\n<li><strong>CBD :<\/strong> Bassa percentuale, che accentua le propriet\u00e0 rilassanti del THC<\/li>\n<\/ul>\n<h2 class=\"wp-block-heading\">Dove posso acquistare l'erba Trideri online?<\/h2>\n<p>Trideri Weed \u00e8 disponibile per l'acquisto online presso piattaforme specializzate come <a href=\"https:\/\/acheterducannabis.fr\/\" data-type=\"link\" data-id=\"https:\/\/acheterducannabis.fr\/\">Acquista la cannabis<\/a>che offre una qualit\u00e0 superiore e un'esperienza d'uso ottimale per gli amanti della cannabis indica.<\/p>\n<h2 class=\"wp-block-heading\">Effetti, aroma e sapore di Trideri<\/h2>\n<h3 class=\"wp-block-heading\">Effetto<\/h3>\n<ul class=\"wp-block-list\">\n<li><strong>Sentimenti :<\/strong> Rilassamento, felicit\u00e0, creativit\u00e0<\/li>\n<li><strong>Negativi :<\/strong> Bocca secca<\/li>\n<\/ul>\n<h3 class=\"wp-block-heading\">Aroma<\/h3>\n<p>La Trideri Weed ha un aroma complesso che combina limone e skunk, con sottili note di lime.<\/p>\n<h3 class=\"wp-block-heading\">Il gusto<\/h3>\n<p>Il sapore segue l'aroma, offrendo una piacevole miscela di limone, skunk e lime.<\/p>\n<h2 class=\"wp-block-heading\">Effetti medici di Trideri<\/h2>\n<p>I medici preferiscono Trideri per il suo aiuto nel trattamento :<\/p>\n<ul class=\"wp-block-list\">\n<li>Stress (40% di utenti)<\/li>\n<li>Ansia (30% di utenti)<\/li>\n<li>Nausea (20% di utenti)<\/li>\n<\/ul>\n<h2 class=\"wp-block-heading\">Perch\u00e9 acquistare l'erba Trideri da beuhparadis?<\/h2>\n<p><a href=\"https:\/\/beuhparadis.com\/it\/product\/cookie-og-weed\/\">Beuhparadis<\/a> si distingue per il suo impegno a fornire le variet\u00e0 di cannabis della migliore qualit\u00e0, tra cui la Trideri Weed, per soddisfare le esigenze dei consumatori alla ricerca di effetti rilassanti e creativi. Scegliere Acheterducannabis significa optare per la sicurezza, la qualit\u00e0 e il rispetto della legge.<\/p>\n<h2 class=\"wp-block-heading\">Legislazione che regola la vendita di Trideri in Europa<\/h2>\n<p>La vendita della variet\u00e0 Trideri, come tutte le variet\u00e0 di cannabis, \u00e8 soggetta alla legislazione europea che regola il contenuto di THC. Grazie alla sua conformit\u00e0 alle norme vigenti, Trideri rimane accessibile a coloro che cercano di beneficiare delle sue propriet\u00e0 terapeutiche e ricreative uniche in Europa.<\/p>\n<p>La Trideri Weed \u00e8 un'ottima opzione per gli amanti della cannabis indica alla ricerca di un profondo relax e di una spinta creativa. La sua combinazione unica di aromi e sapori, unita ai suoi effetti benefici su stress, ansia e nausea, la rendono una variet\u00e0 imperdibile. Scoprire <a href=\"https:\/\/www.allbud.com\/marijuana-strains\/hybrid\/trideri\" data-type=\"link\" data-id=\"https:\/\/www.allbud.com\/marijuana-strains\/hybrid\/trideri\">Ceppo Trideri<\/a> e molte altre variet\u00e0 di qualit\u00e0 su Acheterducannabis, la vostra destinazione d'elezione per la cannabis di qualit\u00e0 in Europa.<\/p>","protected":false},"excerpt":{"rendered":"<p><strong>THC :<\/strong> 33 % - 34 % <strong>Effetti<\/strong> Euforia, Concentrazione, Felicit\u00e0, Fame, Rilassamento, Edificante <strong>Pu\u00f2 alleviare<\/strong> Artrite, dolore cronico, depressione, infiammazione, nausea, stress<\/p>","protected":false},"featured_media":1210,"comment_status":"closed","ping_status":"closed","template":"","meta":{"site-sidebar-layout":"default","site-content-layout":"","ast-site-content-layout":"default","site-content-style":"default","site-sidebar-style":"default","ast-global-header-display":"","ast-banner-title-visibility":"","ast-main-header-display":"","ast-hfb-above-header-display":"","ast-hfb-below-header-display":"","ast-hfb-mobile-header-display":"","site-post-title":"","ast-breadcrumbs-content":"","ast-featured-img":"","footer-sml-layout":"","theme-transparent-header-meta":"default","adv-header-id-meta":"","stick-header-meta":"","header-above-stick-meta":"","header-main-stick-meta":"","header-below-stick-meta":"","astra-migrate-meta-layouts":"set","ast-page-background-enabled":"default","ast-page-background-meta":{"desktop":{"background-color":"","background-image":"","background-repeat":"repeat","background-position":"center center","background-size":"auto","background-attachment":"scroll","background-type":"","background-media":"","overlay-type":"","overlay-color":"","overlay-opacity":"","overlay-gradient":""},"tablet":{"background-color":"","background-image":"","background-repeat":"repeat","background-position":"center center","background-size":"auto","background-attachment":"scroll","background-type":"","background-media":"","overlay-type":"","overlay-color":"","overlay-opacity":"","overlay-gradient":""},"mobile":{"background-color":"","background-image":"","background-repeat":"repeat","background-position":"center center","background-size":"auto","background-attachment":"scroll","background-type":"","background-media":"","overlay-type":"","overlay-color":"","overlay-opacity":"","overlay-gradient":""}},"ast-content-background-meta":{"desktop":{"background-color":"var(--ast-global-color-5)","background-image":"","background-repeat":"repeat","background-position":"center center","background-size":"auto","background-attachment":"scroll","background-type":"","background-media":"","overlay-type":"","overlay-color":"","overlay-opacity":"","overlay-gradient":""},"tablet":{"background-color":"var(--ast-global-color-5)","background-image":"","background-repeat":"repeat","background-position":"center center","background-size":"auto","background-attachment":"scroll","background-type":"","background-media":"","overlay-type":"","overlay-color":"","overlay-opacity":"","overlay-gradient":""},"mobile":{"background-color":"var(--ast-global-color-5)","background-image":"","background-repeat":"repeat","background-position":"center center","background-size":"auto","background-attachment":"scroll","background-type":"","background-media":"","overlay-type":"","overlay-color":"","overlay-opacity":"","overlay-gradient":""}},"_joinchat":[]},"product_brand":[],"product_cat":[32,33],"product_tag":[],"class_list":{"0":"post-1184","1":"product","2":"type-product","3":"status-publish","4":"has-post-thumbnail","6":"product_cat-fleur-de-chanvre","7":"product_cat-thc-beuh","8":"desktop-align-left","9":"tablet-align-left","10":"mobile-align-left","12":"first","13":"instock","14":"shipping-taxable","15":"purchasable","16":"product-type-variable"},"yoast_head":"<!-- This site is optimized with the Yoast SEO Premium plugin v24.1 (Yoast SEO v26.8) - https:\/\/yoast.com\/product\/yoast-seo-premium-wordpress\/ -->\n<title>Acheter Trideri Weed \u2013 Cannabis Premium de Qualit\u00e9 Sup\u00e9rieure<\/title>\n<meta name=\"description\" content=\"Commandez Trideri Weed, une vari\u00e9t\u00e9 de cannabis exceptionnelle connue pour ses ar\u00f4mes riches et ses effets relaxants. Livraison rapide et discr\u00e8te\" \/>\n<meta name=\"robots\" content=\"index, follow, max-snippet:-1, max-image-preview:large, max-video-preview:-1\" \/>\n<link rel=\"canonical\" href=\"https:\/\/beuhparadis.com\/it\/product\/trideri-weed\/\" \/>\n<meta property=\"og:locale\" content=\"it_IT\" \/>\n<meta property=\"og:type\" content=\"article\" \/>\n<meta property=\"og:title\" content=\"Trideri Weed\" \/>\n<meta property=\"og:description\" content=\"Commandez Trideri Weed, une vari\u00e9t\u00e9 de cannabis exceptionnelle connue pour ses ar\u00f4mes riches et ses effets relaxants. Livraison rapide et discr\u00e8te\" \/>\n<meta property=\"og:url\" content=\"https:\/\/beuhparadis.com\/it\/product\/trideri-weed\/\" \/>\n<meta property=\"og:site_name\" content=\"Beuh Paradis\" \/>\n<meta property=\"article:modified_time\" content=\"2025-01-26T16:19:22+00:00\" \/>\n<meta property=\"og:image\" content=\"https:\/\/beuhparadis.com\/wp-content\/uploads\/2024\/12\/Trideri-Weed.webp\" \/>\n\t<meta property=\"og:image:width\" content=\"500\" \/>\n\t<meta property=\"og:image:height\" content=\"500\" \/>\n\t<meta property=\"og:image:type\" content=\"image\/webp\" \/>\n<meta name=\"twitter:card\" content=\"summary_large_image\" \/>\n<meta name=\"twitter:label1\" content=\"Tempo di lettura stimato\" \/>\n\t<meta name=\"twitter:data1\" content=\"2 minutes\" \/>\n<script type=\"application\/ld+json\" class=\"yoast-schema-graph\">{\"@context\":\"https:\/\/schema.org\",\"@graph\":[{\"@type\":\"WebPage\",\"@id\":\"https:\/\/beuhparadis.com\/product\/trideri-weed\/\",\"url\":\"https:\/\/beuhparadis.com\/product\/trideri-weed\/\",\"name\":\"Acheter Trideri Weed \u2013 Cannabis Premium de Qualit\u00e9 Sup\u00e9rieure\",\"isPartOf\":{\"@id\":\"https:\/\/beuhparadis.com\/#website\"},\"primaryImageOfPage\":{\"@id\":\"https:\/\/beuhparadis.com\/product\/trideri-weed\/#primaryimage\"},\"image\":{\"@id\":\"https:\/\/beuhparadis.com\/product\/trideri-weed\/#primaryimage\"},\"thumbnailUrl\":\"https:\/\/beuhparadis.com\/wp-content\/uploads\/2024\/12\/Trideri-Weed.webp\",\"datePublished\":\"2024-12-10T23:38:47+00:00\",\"dateModified\":\"2025-01-26T16:19:22+00:00\",\"description\":\"Commandez Trideri Weed, une vari\u00e9t\u00e9 de cannabis exceptionnelle connue pour ses ar\u00f4mes riches et ses effets relaxants. Livraison rapide et discr\u00e8te\",\"breadcrumb\":{\"@id\":\"https:\/\/beuhparadis.com\/product\/trideri-weed\/#breadcrumb\"},\"inLanguage\":\"it-IT\",\"potentialAction\":[{\"@type\":\"ReadAction\",\"target\":[\"https:\/\/beuhparadis.com\/product\/trideri-weed\/\"]}]},{\"@type\":\"ImageObject\",\"inLanguage\":\"it-IT\",\"@id\":\"https:\/\/beuhparadis.com\/product\/trideri-weed\/#primaryimage\",\"url\":\"https:\/\/beuhparadis.com\/wp-content\/uploads\/2024\/12\/Trideri-Weed.webp\",\"contentUrl\":\"https:\/\/beuhparadis.com\/wp-content\/uploads\/2024\/12\/Trideri-Weed.webp\",\"width\":500,\"height\":500},{\"@type\":\"BreadcrumbList\",\"@id\":\"https:\/\/beuhparadis.com\/product\/trideri-weed\/#breadcrumb\",\"itemListElement\":[{\"@type\":\"ListItem\",\"position\":1,\"name\":\"Home\",\"item\":\"https:\/\/beuhparadis.com\/\"},{\"@type\":\"ListItem\",\"position\":2,\"name\":\"Shop\",\"item\":\"https:\/\/beuhparadis.com\/shop\/\"},{\"@type\":\"ListItem\",\"position\":3,\"name\":\"Trideri Weed\"}]},{\"@type\":\"WebSite\",\"@id\":\"https:\/\/beuhparadis.com\/#website\",\"url\":\"https:\/\/beuhparadis.com\/\",\"name\":\"Beuh Paradis\",\"description\":\"\",\"potentialAction\":[{\"@type\":\"SearchAction\",\"target\":{\"@type\":\"EntryPoint\",\"urlTemplate\":\"https:\/\/beuhparadis.com\/?s={search_term_string}\"},\"query-input\":{\"@type\":\"PropertyValueSpecification\",\"valueRequired\":true,\"valueName\":\"search_term_string\"}}],\"inLanguage\":\"it-IT\"}]}<\/script>\n<!-- \/ Yoast SEO Premium plugin. -->","yoast_head_json":{"title":"Comprare erba Trideri - Cannabis di qualit\u00e0 superiore","description":"Ordinate Trideri Weed, un'eccezionale variet\u00e0 di cannabis nota per i suoi ricchi aromi ed effetti rilassanti. Consegna rapida e discreta","robots":{"index":"index","follow":"follow","max-snippet":"max-snippet:-1","max-image-preview":"max-image-preview:large","max-video-preview":"max-video-preview:-1"},"canonical":"https:\/\/beuhparadis.com\/it\/product\/trideri-weed\/","og_locale":"it_IT","og_type":"article","og_title":"Trideri Weed","og_description":"Commandez Trideri Weed, une vari\u00e9t\u00e9 de cannabis exceptionnelle connue pour ses ar\u00f4mes riches et ses effets relaxants. Livraison rapide et discr\u00e8te","og_url":"https:\/\/beuhparadis.com\/it\/product\/trideri-weed\/","og_site_name":"Beuh Paradis","article_modified_time":"2025-01-26T16:19:22+00:00","og_image":[{"width":500,"height":500,"url":"https:\/\/beuhparadis.com\/wp-content\/uploads\/2024\/12\/Trideri-Weed.webp","type":"image\/webp"}],"twitter_card":"summary_large_image","twitter_misc":{"Tempo di lettura stimato":"2 minutes"},"schema":{"@context":"https:\/\/schema.org","@graph":[{"@type":"WebPage","@id":"https:\/\/beuhparadis.com\/product\/trideri-weed\/","url":"https:\/\/beuhparadis.com\/product\/trideri-weed\/","name":"Comprare erba Trideri - Cannabis di qualit\u00e0 superiore","isPartOf":{"@id":"https:\/\/beuhparadis.com\/#website"},"primaryImageOfPage":{"@id":"https:\/\/beuhparadis.com\/product\/trideri-weed\/#primaryimage"},"image":{"@id":"https:\/\/beuhparadis.com\/product\/trideri-weed\/#primaryimage"},"thumbnailUrl":"https:\/\/beuhparadis.com\/wp-content\/uploads\/2024\/12\/Trideri-Weed.webp","datePublished":"2024-12-10T23:38:47+00:00","dateModified":"2025-01-26T16:19:22+00:00","description":"Ordinate Trideri Weed, un'eccezionale variet\u00e0 di cannabis nota per i suoi ricchi aromi ed effetti rilassanti. Consegna rapida e discreta","breadcrumb":{"@id":"https:\/\/beuhparadis.com\/product\/trideri-weed\/#breadcrumb"},"inLanguage":"it-IT","potentialAction":[{"@type":"ReadAction","target":["https:\/\/beuhparadis.com\/product\/trideri-weed\/"]}]},{"@type":"ImageObject","inLanguage":"it-IT","@id":"https:\/\/beuhparadis.com\/product\/trideri-weed\/#primaryimage","url":"https:\/\/beuhparadis.com\/wp-content\/uploads\/2024\/12\/Trideri-Weed.webp","contentUrl":"https:\/\/beuhparadis.com\/wp-content\/uploads\/2024\/12\/Trideri-Weed.webp","width":500,"height":500},{"@type":"BreadcrumbList","@id":"https:\/\/beuhparadis.com\/product\/trideri-weed\/#breadcrumb","itemListElement":[{"@type":"ListItem","position":1,"name":"Home","item":"https:\/\/beuhparadis.com\/"},{"@type":"ListItem","position":2,"name":"Shop","item":"https:\/\/beuhparadis.com\/shop\/"},{"@type":"ListItem","position":3,"name":"Trideri Weed"}]},{"@type":"WebSite","@id":"https:\/\/beuhparadis.com\/#website","url":"https:\/\/beuhparadis.com\/","name":"Beuh Paradis","description":"","potentialAction":[{"@type":"SearchAction","target":{"@type":"EntryPoint","urlTemplate":"https:\/\/beuhparadis.com\/?s={search_term_string}"},"query-input":{"@type":"PropertyValueSpecification","valueRequired":true,"valueName":"search_term_string"}}],"inLanguage":"it-IT"}]}},"_links":{"self":[{"href":"https:\/\/beuhparadis.com\/it\/wp-json\/wp\/v2\/product\/1184","targetHints":{"allow":["GET"]}}],"collection":[{"href":"https:\/\/beuhparadis.com\/it\/wp-json\/wp\/v2\/product"}],"about":[{"href":"https:\/\/beuhparadis.com\/it\/wp-json\/wp\/v2\/types\/product"}],"replies":[{"embeddable":true,"href":"https:\/\/beuhparadis.com\/it\/wp-json\/wp\/v2\/comments?post=1184"}],"wp:featuredmedia":[{"embeddable":true,"href":"https:\/\/beuhparadis.com\/it\/wp-json\/wp\/v2\/media\/1210"}],"wp:attachment":[{"href":"https:\/\/beuhparadis.com\/it\/wp-json\/wp\/v2\/media?parent=1184"}],"wp:term":[{"taxonomy":"product_brand","embeddable":true,"href":"https:\/\/beuhparadis.com\/it\/wp-json\/wp\/v2\/product_brand?post=1184"},{"taxonomy":"product_cat","embeddable":true,"href":"https:\/\/beuhparadis.com\/it\/wp-json\/wp\/v2\/product_cat?post=1184"},{"taxonomy":"product_tag","embeddable":true,"href":"https:\/\/beuhparadis.com\/it\/wp-json\/wp\/v2\/product_tag?post=1184"}],"curies":[{"name":"wp","href":"https:\/\/api.w.org\/{rel}","templated":true}]}}